{"id":6076,"date":"2025-06-26T22:23:35","date_gmt":"2025-06-26T19:23:35","guid":{"rendered":"https:\/\/altal.ro\/?post_type=product&#038;p=6076"},"modified":"2025-07-23T01:20:57","modified_gmt":"2025-07-22T22:20:57","slug":"teu-ppr-75-mm","status":"publish","type":"product","link":"https:\/\/altal.ro\/uk\/teu-ppr-75-mm\/","title":{"rendered":"\u0422\u0440\u0456\u0439\u043d\u0438\u043a PPR 75 mm"},"content":{"rendered":"<p>\u0446\u0435\u0439 \u0437\u043c\u0456\u0441\u0442<\/p>\n<h2>\u0422\u0440\u0456\u0439\u043d\u0438\u043a PPR 75 mm<\/h2>\n<p><span style=\"font-family: arial, helvetica, sans-serif\"><strong>\u041d\u0430\u0434\u0456\u0439\u043d\u0435 \u0437&#039;\u0454\u0434\u043d\u0430\u043d\u043d\u044f \u0442\u0440\u0443\u0431 \u0437 \u043c\u0456\u043d\u0456\u043c\u0430\u043b\u044c\u043d\u0438\u043c\u0438 \u0432\u0442\u0440\u0430\u0442\u0430\u043c\u0438 \u0442\u0438\u0441\u043a\u0443 \u0434\u043b\u044f \u0441\u0438\u0441\u0442\u0435\u043c \u0437 <a href=\"https:\/\/altalheat.com\/ru\/product-category\/teplovye-nasosy\/\" target=\"_blank\" rel=\"noopener\">\u0442\u0435\u043f\u043b\u043e\u0432\u0438\u0439 \u043d\u0430\u0441\u043e\u0441<\/a>.<\/strong><\/span> <span style=\"font-family: arial, helvetica, sans-serif\"><strong><a href=\"https:\/\/en.wikipedia.org\/wiki\/Polypropylene\" target=\"_blank\" rel=\"noopener\">Teu PPR 75 mm5<\/a><\/strong>\u2014 \u0446\u0435 \u0441\u0443\u0447\u0430\u0441\u043d\u0435 \u0440\u0456\u0448\u0435\u043d\u043d\u044f \u0434\u043b\u044f \u0442\u0440\u0443\u0431\u043e\u043f\u0440\u043e\u0432\u0456\u0434\u043d\u0438\u0445 \u0441\u0438\u0441\u0442\u0435\u043c, \u0449\u043e \u0437\u0430\u0431\u0435\u0437\u043f\u0435\u0447\u0443\u0454 \u043d\u0430\u0434\u0456\u0439\u043d\u0435 \u0437&#039;\u0454\u0434\u043d\u0430\u043d\u043d\u044f \u0437 \u0432\u0435\u043b\u0438\u043a\u0438\u043c \u043f\u043e\u043f\u0435\u0440\u0435\u0447\u043d\u0438\u043c \u043f\u0435\u0440\u0435\u0440\u0456\u0437\u043e\u043c \u0442\u0430 \u043c\u0456\u043d\u0456\u043c\u0430\u043b\u044c\u043d\u0438\u043c\u0438 \u0432\u0442\u0440\u0430\u0442\u0430\u043c\u0438 \u0442\u0438\u0441\u043a\u0443. \u041d\u0430 \u0432\u0456\u0434\u043c\u0456\u043d\u0443 \u0432\u0456\u0434 \u0432\u0438\u0440\u043e\u0431\u0456\u0432 \u0437 \u0456\u043d\u0448\u0438\u0445 \u043c\u0430\u0442\u0435\u0440\u0456\u0430\u043b\u0456\u0432 (PE-x, \u043c\u0435\u0442\u0430\u043b\u043e\u043a\u043e\u043c\u043f\u043e\u0437\u0438\u0442, PERT), \u0442\u0440\u0438\u043a\u0443\u0442\u043d\u0438\u043a <a href=\"https:\/\/en.wikipedia.org\/wiki\/Polypropylene\" target=\"_blank\" rel=\"noopener\"><strong>\u041f\u041f-\u0420<\/strong><\/a> \u043d\u0435 \u0437\u043c\u0435\u043d\u0448\u0443\u0454 \u0432\u043d\u0443\u0442\u0440\u0456\u0448\u043d\u0456\u0439 \u0434\u0456\u0430\u043c\u0435\u0442\u0440 \u0442\u0440\u0443\u0431\u0438, \u0449\u043e \u043f\u043e\u043a\u0440\u0430\u0449\u0443\u0454 \u0433\u0456\u0434\u0440\u0430\u0432\u043b\u0456\u0447\u043d\u0456 \u0445\u0430\u0440\u0430\u043a\u0442\u0435\u0440\u0438\u0441\u0442\u0438\u043a\u0438 \u0432\u0441\u0456\u0454\u0457 \u0441\u0438\u0441\u0442\u0435\u043c\u0438. \u041a\u0440\u0456\u043c \u0442\u043e\u0433\u043e, \u043f\u043e\u043b\u0456\u043f\u0440\u043e\u043f\u0456\u043b\u0435\u043d\u043e\u0432\u0456 \u0444\u0456\u0442\u0438\u043d\u0433\u0438 \u0454 \u0431\u0456\u043b\u044c\u0448 \u0434\u043e\u0441\u0442\u0443\u043f\u043d\u0438\u043c\u0438 \u0437\u0430 \u0446\u0456\u043d\u043e\u044e \u043f\u043e\u0440\u0456\u0432\u043d\u044f\u043d\u043e \u0437 \u043c\u0456\u0434\u043d\u0438\u043c\u0438 \u0430\u0431\u043e \u043c\u0435\u0442\u0430\u043b\u043e\u043a\u043e\u043c\u043f\u043e\u0437\u0438\u0442\u043d\u0438\u043c\u0438 \u0430\u043d\u0430\u043b\u043e\u0433\u0430\u043c\u0438.<\/span> \u0422\u0440\u0456\u0439\u043d\u0438\u043a PPR 75 mm<\/p>\n<table class=\"table1_karto4ka\" style=\"width: 100%;height: 608px\" border=\"0\" width=\"738px\">\n<tbody>\n<tr style=\"height: 130px\">\n<td style=\"width: 100.443%;height: 130px\" colspan=\"2\">\n<div data-context=\"template:30835\">\n<div>\n<p align=\"justify\"><span style=\"font-family: arial, helvetica, sans-serif\"><a href=\"https:\/\/en.wikipedia.org\/wiki\/Polypropylene\" target=\"_blank\" rel=\"noopener\">\u041f\u0435\u0440\u0435\u0445\u0456\u0434\u043d\u0438\u0439 \u0442\u0440\u0456\u0439\u043d\u0438\u043a PPR \u00d875<\/a>\u00a0\u0440\u0456\u0432\u043d\u043e\u043f\u0440\u043e\u0445\u0456\u0434\u043d\u0438\u0439 \u0442\u0438\u043f <strong>DN75 PN20<\/strong>, \u0431\u0456\u043b\u0438\u0439, \u0434\u043b\u044f \u0437\u0432\u0430\u0440\u044e\u0432\u0430\u043d\u043d\u044f \u2013 \u0432\u0438\u043a\u043e\u0440\u0438\u0441\u0442\u043e\u0432\u0443\u0454\u0442\u044c\u0441\u044f \u0434\u043b\u044f \u0440\u043e\u0437\u0433\u0430\u043b\u0443\u0436\u0435\u043d\u043d\u044f \u043f\u043e\u043b\u0456\u043f\u0440\u043e\u043f\u0456\u043b\u0435\u043d\u043e\u0432\u0438\u0445 \u0442\u0440\u0443\u0431, \u043f\u0440\u0438 \u0431\u0443\u0434\u0456\u0432\u043d\u0438\u0446\u0442\u0432\u0456 \u043c\u0435\u0440\u0435\u0436 \u0443 \u0436\u0438\u0442\u043b\u043e\u0432\u0438\u0445, \u0430\u0434\u043c\u0456\u043d\u0456\u0441\u0442\u0440\u0430\u0442\u0438\u0432\u043d\u0438\u0445, \u043f\u0440\u043e\u043c\u0438\u0441\u043b\u043e\u0432\u0438\u0445 \u0431\u0443\u0434\u0456\u0432\u043b\u044f\u0445, \u0434\u043b\u044f \u043f\u043d\u0435\u0432\u043c\u0430\u0442\u0438\u0447\u043d\u0438\u0445 \u043a\u0430\u0431\u0435\u043b\u0456\u0432, \u0442\u0435\u0445\u043d\u043e\u043b\u043e\u0433\u0456\u0447\u043d\u0438\u0445 \u0442\u0440\u0443\u0431 \u0442\u043e\u0449\u043e, \u0442\u0456\u043b\u044c\u043a\u0438 \u0434\u043b\u044f \u0442\u0440\u0430\u043d\u0441\u043f\u043e\u0440\u0442\u0443\u0432\u0430\u043d\u043d\u044f \u0440\u0435\u0447\u043e\u0432\u0438\u043d (\u0445\u0456\u043c\u0456\u0447\u043d\u043e \u0441\u0442\u0456\u0439\u043a\u0438\u0445 \u0434\u043e \u043f\u043e\u043b\u0456\u043f\u0440\u043e\u043f\u0456\u043b\u0435\u043d\u0443). \u0422\u0440\u0438\u043a\u0443\u0442\u043d\u0438\u043a\u0438 MeerPlast \u0434\u043b\u044f \u0437\u0432\u0430\u0440\u044e\u0432\u0430\u043d\u043d\u044f \u0443\u0441\u043f\u0456\u0448\u043d\u043e \u043f\u0440\u0430\u0446\u044e\u044e\u0442\u044c \u043f\u0440\u0438 \u0442\u0435\u043c\u043f\u0435\u0440\u0430\u0442\u0443\u0440\u0456 \u0434\u043e 90\u00b0C \u0442\u0430 \u0442\u0438\u0441\u043a\u0443 \u0434\u043e 20 \u0431\u0430\u0440.<\/span><\/p>\n<\/div>\n<\/div>\n<\/td>\n<\/tr>\n<tr style=\"height: 478px\">\n<td style=\"width: 99.7048%;height: 478px\" width=\"369px\">\n<h3><span style=\"font-family: arial, helvetica, sans-serif\">Teu PPR 75 mm. Parametri<\/span><\/h3>\n<ul>\n<li><span style=\"font-family: arial, helvetica, sans-serif\">\u0420\u043e\u0437\u043c\u0456\u0440\u0438 \u0442\u0440\u0438\u043a\u0443\u0442\u043d\u0438\u043a\u0430 \u2013 DN75<\/span><\/li>\n<li><span style=\"font-family: arial, helvetica, sans-serif\">\u041d\u043e\u043c\u0456\u043d\u0430\u043b\u044c\u043d\u0438\u0439 \u0442\u0438\u0441\u043a PN \u2013 20 \u0431\u0430\u0440<\/span><\/li>\n<li><span style=\"font-family: arial, helvetica, sans-serif\">\u041a\u0443\u0442 \u043f\u043e\u0432\u043e\u0440\u043e\u0442\u0443 \u2013 90\u00b0<\/span><\/li>\n<li><span style=\"font-family: arial, helvetica, sans-serif\">\u0422\u0440\u0438\u043a\u0443\u0442\u043d\u0438\u0439 \u0442\u0438\u043f \u2013 \u0440\u0456\u0432\u043d\u0438\u0439 \u043f\u0440\u043e\u0445\u0456\u0434<\/span><\/li>\n<li><span style=\"font-family: arial, helvetica, sans-serif\">\u0421\u043f\u043e\u0441\u0456\u0431 \u0432\u0438\u0433\u043e\u0442\u043e\u0432\u043b\u0435\u043d\u043d\u044f \u2013 \u0431\u0435\u0437\u0448\u043e\u0432\u043d\u0438\u0439<\/span><\/li>\n<li><span style=\"font-family: arial, helvetica, sans-serif\">\u0422\u0438\u043f \u0437&#039;\u0454\u0434\u043d\u0430\u043d\u043d\u044f \u2013 \u0437\u0432\u0430\u0440\u044e\u0432\u0430\u043d\u043d\u044f<\/span><\/li>\n<li><span style=\"font-family: arial, helvetica, sans-serif\">\u041c\u0430\u0442\u0435\u0440\u0456\u0430\u043b \u043a\u043e\u0440\u043f\u0443\u0441\u0443 \u2013 \u043f\u043e\u043b\u0456\u043f\u0440\u043e\u043f\u0456\u043b\u0435\u043d PPRC<\/span><\/li>\n<li><span style=\"font-family: arial, helvetica, sans-serif\">\u041f\u043e\u0432\u0435\u0440\u0445\u043d\u044f \u2013 \u0433\u043b\u0430\u0434\u043a\u0430<\/span><\/li>\n<li><span style=\"font-family: arial, helvetica, sans-serif\">\u0420\u043e\u0431\u043e\u0447\u0430 \u0442\u0435\u043c\u043f\u0435\u0440\u0430\u0442\u0443\u0440\u0430 \u2013 \u200b\u200b90\u00b0C<\/span><\/li>\n<\/ul>\n<\/td>\n<\/tr>\n<\/tbody>\n<\/table>\n<h3><span style=\"font-family: arial, helvetica, sans-serif\">\u041f\u0435\u0440\u0435\u0432\u0430\u0433\u0438 \u0432\u0438\u043a\u043e\u0440\u0438\u0441\u0442\u0430\u043d\u043d\u044f:<\/span><\/h3>\n<ul>\n<li><span style=\"font-family: arial, helvetica, sans-serif\"><strong>\u0424\u0443\u043d\u043a\u0446\u0456\u043e\u043d\u0430\u043b\u044c\u043d\u0456\u0441\u0442\u044c<\/strong>: \u0434\u043e\u0437\u0432\u043e\u043b\u044f\u0454 \u0432\u0435\u0440\u0442\u0438\u043a\u0430\u043b\u044c\u043d\u0438\u0439 \u0432\u0438\u0445\u0456\u0434 \u0437 \u0433\u043e\u0440\u0438\u0437\u043e\u043d\u0442\u0430\u043b\u044c\u043d\u043e\u0457 \u0442\u0440\u0443\u0431\u0438, \u0449\u043e \u043f\u043e\u043b\u0435\u0433\u0448\u0443\u0454 \u043f\u0456\u0434\u043a\u043b\u044e\u0447\u0435\u043d\u043d\u044f \u0444\u0456\u0442\u0438\u043d\u0433\u0430.<\/span><\/li>\n<li><span style=\"font-family: arial, helvetica, sans-serif\">\u0422\u0440\u0438\u043a\u0443\u0442\u043d\u0438\u043a \u0456\u0434\u0435\u0430\u043b\u044c\u043d\u043e \u043f\u0456\u0434\u0445\u043e\u0434\u0438\u0442\u044c \u0434\u043b\u044f \u0441\u043a\u043b\u0430\u0434\u043d\u0438\u0445 \u043f\u0440\u043e\u0435\u043a\u0442\u0456\u0432, \u0434\u0435 \u0432\u0430\u0436\u043b\u0438\u0432\u0456 \u043d\u0430\u0434\u0456\u0439\u043d\u0456\u0441\u0442\u044c, \u043f\u0440\u043e\u0441\u0442\u043e\u0442\u0430 \u0442\u0430 \u0435\u0444\u0435\u043a\u0442\u0438\u0432\u043d\u0456\u0441\u0442\u044c \u043f\u043e\u043b\u0456\u043f\u0440\u043e\u043f\u0456\u043b\u0435\u043d\u043e\u0432\u0438\u0445 \u0442\u0440\u0443\u0431\u043e\u043f\u0440\u043e\u0432\u0456\u0434\u043d\u0438\u0445 \u0441\u0438\u0441\u0442\u0435\u043c.<\/span><\/li>\n<\/ul>\n<h3><span style=\"font-family: arial, helvetica, sans-serif\">\u041e\u0441\u043d\u043e\u0432\u043d\u0456 \u0442\u0438\u043f\u0438 \u043f\u0456\u0434\u043a\u043b\u044e\u0447\u0435\u043d\u044c \u0434\u043b\u044f \u0441\u0438\u0441\u0442\u0435\u043c \u043e\u043f\u0430\u043b\u0435\u043d\u043d\u044f, \u0432\u043e\u0434\u043e\u043f\u043e\u0441\u0442\u0430\u0447\u0430\u043d\u043d\u044f \u0442\u0430 \u043a\u0430\u043d\u0430\u043b\u0456\u0437\u0430\u0446\u0456\u0457<\/span><\/h3>\n<p><span style=\"font-family: arial, helvetica, sans-serif\">\u0414\u043b\u044f \u0437&#039;\u0454\u0434\u043d\u0430\u043d\u043d\u044f \u0442\u0440\u0443\u0431 \u0437 \u043e\u0434\u043d\u043e\u0440\u0456\u0434\u043d\u0438\u0445 \u0442\u0430 \u043e\u0434\u043d\u043e\u0440\u0456\u0434\u043d\u043e-\u043d\u0435\u043e\u0434\u043d\u043e\u0440\u0456\u0434\u043d\u0438\u0445 \u043c\u0430\u0442\u0435\u0440\u0456\u0430\u043b\u0456\u0432 \u0432\u0438\u043a\u043e\u0440\u0438\u0441\u0442\u043e\u0432\u0443\u044e\u0442\u044c\u0441\u044f \u0440\u0456\u0437\u043d\u0456 \u0442\u0435\u0445\u043d\u043e\u043b\u043e\u0433\u0456\u0457. \u0420\u043e\u0437\u0433\u043b\u044f\u043d\u0435\u043c\u043e \u043d\u0430\u0439\u043f\u043e\u0448\u0438\u0440\u0435\u043d\u0456\u0448\u0456 \u0437 \u043d\u0438\u0445:<\/span><\/p>\n<h4><span style=\"font-family: arial, helvetica, sans-serif\">1. \u0420\u0456\u0437\u044c\u0431\u043e\u0432\u0456 \u0437&#039;\u0454\u0434\u043d\u0430\u043d\u043d\u044f<\/span><\/h4>\n<p><span style=\"font-family: arial, helvetica, sans-serif\">\u041f\u0440\u043e\u0441\u0442\u0435 \u0442\u0430 \u0431\u0435\u0437\u043f\u0435\u0447\u043d\u0435 \u0440\u0456\u0448\u0435\u043d\u043d\u044f, \u0449\u043e \u0434\u043e\u0441\u044f\u0433\u0430\u0454\u0442\u044c\u0441\u044f \u0437\u0430\u0432\u0434\u044f\u043a\u0438 \u0437\u0430\u0441\u0442\u043e\u0441\u0443\u0432\u0430\u043d\u043d\u044e \u0432\u043d\u0443\u0442\u0440\u0456\u0448\u043d\u044c\u043e\u0457 \u0442\u0430\/\u0430\u0431\u043e \u0437\u043e\u0432\u043d\u0456\u0448\u043d\u044c\u043e\u0457 \u0440\u0456\u0437\u044c\u0431\u0438. \u0420\u0456\u0437\u044c\u0431\u043e\u0432\u0456 \u0437&#039;\u0454\u0434\u043d\u0430\u043d\u043d\u044f \u0437\u0431\u0435\u0440\u0456\u0433\u0430\u044e\u0442\u044c \u0432\u043d\u0443\u0442\u0440\u0456\u0448\u043d\u0456\u0439 \u0434\u0456\u0430\u043c\u0435\u0442\u0440 \u0442\u0440\u0443\u0431, \u043f\u043e\u0437\u0438\u0442\u0438\u0432\u043d\u043e \u0432\u043f\u043b\u0438\u0432\u0430\u044e\u0447\u0438 \u043d\u0430 \u0433\u0456\u0434\u0440\u0430\u0432\u043b\u0456\u043a\u0443. \u042f\u043a\u0456\u0441\u0442\u044c \u0437&#039;\u0454\u0434\u043d\u0430\u043d\u043d\u044f \u0437\u0430\u043b\u0435\u0436\u0438\u0442\u044c \u0432\u0456\u0434 \u043f\u0440\u0430\u0432\u0438\u043b\u044c\u043d\u043e\u0441\u0442\u0456 \u0441\u043a\u043b\u0430\u0434\u0430\u043d\u043d\u044f.<\/span><\/p>\n<h4><span style=\"font-family: arial, helvetica, sans-serif\">2. \u041f\u0456\u0434\u043a\u043b\u044e\u0447\u0435\u043d\u043d\u044f \u043f\u0456\u0434 \u0442\u0438\u0441\u043a\u043e\u043c<\/span><\/h4>\n<p><span style=\"font-family: arial, helvetica, sans-serif\">\u0417\u0430\u0441\u043d\u043e\u0432\u0430\u043d\u043e \u043d\u0430 \u0434\u0435\u0444\u043e\u0440\u043c\u0430\u0446\u0456\u0457 \u0437\u043e\u0432\u043d\u0456\u0448\u043d\u044c\u043e\u0433\u043e \u043a\u0430\u043c\u0431\u0443\u0437\u0430, \u044f\u043a\u0438\u0439 \u043f\u0440\u0438\u0442\u0438\u0441\u043a\u0430\u0454 \u0442\u0440\u0443\u0431\u0443 \u0434\u043e \u043b\u0430\u0442\u0443\u043d\u043d\u043e\u0433\u043e, PVDF \u0430\u0431\u043e PPSU \u043f\u0440\u043e\u0444\u0456\u043b\u044e \u0432\u0441\u0442\u0430\u0432\u043a\u0438. \u0417\u0430\u0431\u0435\u0437\u043f\u0435\u0447\u0443\u0454 \u0433\u0435\u0440\u043c\u0435\u0442\u0438\u0447\u043d\u0456\u0441\u0442\u044c \u0442\u0430 \u0434\u043e\u0432\u0433\u043e\u0432\u0456\u0447\u043d\u0456\u0441\u0442\u044c.<\/span><\/p>\n<h4><span style=\"font-family: arial, helvetica, sans-serif\">3. \u041a\u043e\u043c\u043f\u0440\u0435\u0441\u0456\u0439\u043d\u0456 \u0437&#039;\u0454\u0434\u043d\u0430\u043d\u043d\u044f<\/span><\/h4>\n<p><span style=\"font-family: arial, helvetica, sans-serif\">\u0412\u0456\u043d \u0432\u0438\u043a\u043e\u0440\u0438\u0441\u0442\u043e\u0432\u0443\u0454 \u0444\u0456\u0442\u0438\u043d\u0433, \u043d\u0430\u0440\u0456\u0437\u043d\u0435 \u043a\u0456\u043b\u044c\u0446\u0435 \u0442\u0430 \u0433\u0430\u0439\u043a\u0443, \u0449\u043e \u0432\u043a\u0440\u0443\u0447\u0443\u0454\u0442\u044c\u0441\u044f. \u041a\u043e\u043b\u0438 \u0433\u0430\u0439\u043a\u0430 \u0437\u0430\u0442\u044f\u0433\u0443\u0454\u0442\u044c\u0441\u044f, \u043a\u0456\u043b\u044c\u0446\u0435 \u0441\u0442\u0438\u0441\u043a\u0430\u0454 \u0442\u0440\u0443\u0431\u0443 \u0434\u043b\u044f \u043d\u0430\u0434\u0456\u0439\u043d\u043e\u0457 \u0444\u0456\u043a\u0441\u0430\u0446\u0456\u0457. \u041c\u0435\u0442\u043e\u0434 \u043f\u0440\u043e\u0441\u0442\u0438\u0439, \u0430\u043b\u0435 \u0432\u0441\u0435 \u0436 \u0432\u0438\u043a\u043e\u0440\u0438\u0441\u0442\u043e\u0432\u0443\u0454\u0442\u044c\u0441\u044f \u0432 \u0434\u0435\u044f\u043a\u0438\u0445 \u0441\u0438\u0442\u0443\u0430\u0446\u0456\u044f\u0445.<\/span><\/p>\n<h4><span style=\"font-family: arial, helvetica, sans-serif\">4. \u0412\u0441\u0442\u0430\u0432\u0438\u0442\u0438 (\u0441\u0442\u043e\u0440\u0456\u043d\u043a\u0443)<\/span><\/h4>\n<p><span style=\"font-family: arial, helvetica, sans-serif\">\u0417\u0430 \u0434\u043e\u043f\u043e\u043c\u043e\u0433\u043e\u044e \u0437\u0432\u0430\u0440\u044e\u0432\u0430\u043d\u043d\u044f \u043c\u043e\u0436\u043d\u0430 \u0441\u0442\u0432\u043e\u0440\u044e\u0432\u0430\u0442\u0438 \u043c\u043e\u043b\u0435\u043a\u0443\u043b\u044f\u0440\u043d\u0456 \u0437&#039;\u0454\u0434\u043d\u0430\u043d\u043d\u044f, \u044f\u043a\u0456 \u0454 \u0434\u0443\u0436\u0435 \u0449\u0456\u043b\u044c\u043d\u0438\u043c\u0438 \u0442\u0430 \u043c\u0456\u0446\u043d\u0438\u043c\u0438. \u0426\u0435 \u0432\u0438\u043c\u0430\u0433\u0430\u0454 \u0441\u043f\u0435\u0446\u0456\u0430\u043b\u044c\u043d\u0438\u0445 \u043d\u0430\u0432\u0438\u0447\u043e\u043a \u0442\u0430 \u0432\u0456\u0434\u043f\u043e\u0432\u0456\u0434\u043d\u043e\u0433\u043e \u043e\u0431\u043b\u0430\u0434\u043d\u0430\u043d\u043d\u044f.<\/span><\/p>\n<h4><span style=\"font-family: arial, helvetica, sans-serif\">5. \u0417\u0432\u0430\u0440\u044e\u0432\u0430\u043d\u043d\u044f \u0444\u043b\u0430\u043d\u0446\u0456\u0432<\/span><\/h4>\n<p><span style=\"font-family: arial, helvetica, sans-serif\">\u041c\u0435\u0442\u043e\u0434 \u0437&#039;\u0454\u0434\u043d\u0430\u043d\u043d\u044f \u043e\u0434\u043d\u043e\u0440\u0456\u0434\u043d\u0438\u0445 \u043c\u0430\u0442\u0435\u0440\u0456\u0430\u043b\u0456\u0432 \u0448\u043b\u044f\u0445\u043e\u043c \u043d\u0430\u0433\u0440\u0456\u0432\u0430\u043d\u043d\u044f. \u0417\u0430\u0431\u0435\u0437\u043f\u0435\u0447\u0443\u0454 \u043c\u0456\u0446\u043d\u0456\u0441\u0442\u044c \u0442\u0430 \u043d\u0430\u0434\u0456\u0439\u043d\u0456\u0441\u0442\u044c.<\/span><\/p>\n<h4><span style=\"font-family: arial, helvetica, sans-serif\">6. \u0413\u0456\u0431\u0440\u0438\u0434\u043d\u0456 \u0437&#039;\u0454\u0434\u043d\u0430\u043d\u043d\u044f<\/span><\/h4>\n<p><span style=\"font-family: arial, helvetica, sans-serif\">\u0412\u0456\u043d \u0432\u0438\u043a\u043e\u0440\u0438\u0441\u0442\u043e\u0432\u0443\u0454 \u0432\u043b\u0430\u0441\u0442\u0438\u0432\u043e\u0441\u0442\u0456 \u043c\u0430\u0442\u0435\u0440\u0456\u0430\u043b\u0443, \u0434\u043e\u0437\u0432\u043e\u043b\u044f\u044e\u0447\u0438 \u0439\u043e\u043c\u0443 \u043f\u043e\u0432\u0435\u0440\u0442\u0430\u0442\u0438\u0441\u044f \u0443 \u0432\u0438\u0445\u0456\u0434\u043d\u0435 \u043f\u043e\u043b\u043e\u0436\u0435\u043d\u043d\u044f \u043f\u0456\u0441\u043b\u044f \u0440\u043e\u0437\u0448\u0438\u0440\u0435\u043d\u043d\u044f, \u0437\u0430\u0431\u0435\u0437\u043f\u0435\u0447\u0443\u044e\u0447\u0438 \u043d\u0430\u0434\u0456\u0439\u043d\u0443 \u0444\u0456\u043a\u0441\u0430\u0446\u0456\u044e.<\/span><\/p>\n<h3><span style=\"font-family: arial, helvetica, sans-serif\">Teu PPR 75 mm. Avantaje fa\u021b\u0103 de concuren\u021b\u0103<\/span><\/h3>\n<ul>\n<li><span style=\"font-family: arial, helvetica, sans-serif\"><strong>\u041c\u0430\u043a\u0441\u0438\u043c\u0430\u043b\u044c\u043d\u0430 \u043f\u0440\u043e\u043f\u0443\u0441\u043a\u043d\u0430 \u0437\u0434\u0430\u0442\u043d\u0456\u0441\u0442\u044c<\/strong>: \u0432\u043d\u0443\u0442\u0440\u0456\u0448\u043d\u0456\u0439 \u0434\u0456\u0430\u043c\u0435\u0442\u0440 \u0442\u0440\u0443\u0431\u0438 \u0437\u0430\u043b\u0438\u0448\u0430\u0454\u0442\u044c\u0441\u044f \u043d\u0435\u0437\u043c\u0456\u043d\u043d\u0438\u043c, \u0449\u043e \u043f\u043e\u043a\u0440\u0430\u0449\u0443\u0454 \u0433\u0456\u0434\u0440\u0430\u0432\u043b\u0456\u0447\u043d\u0456 \u0445\u0430\u0440\u0430\u043a\u0442\u0435\u0440\u0438\u0441\u0442\u0438\u043a\u0438.<\/span><\/li>\n<li><span style=\"font-family: arial, helvetica, sans-serif\"><strong>\u0415\u043a\u043e\u043d\u043e\u043c\u0456\u0447\u043d\u043e \u0435\u0444\u0435\u043a\u0442\u0438\u0432\u043d\u0438\u0439<\/strong>\u0446\u0456\u043d\u0430 \u0442\u0440\u0438\u043a\u0443\u0442\u043d\u0438\u043a\u0430 <strong>\u041f\u041f-\u0420<\/strong> \u043d\u0438\u0436\u0447\u0430 \u043f\u043e\u0440\u0456\u0432\u043d\u044f\u043d\u043e \u0437 \u0430\u043d\u0430\u043b\u043e\u0433\u0456\u0447\u043d\u0438\u043c\u0438 \u043c\u0456\u0434\u043d\u0438\u043c\u0438 \u0430\u0431\u043e \u043c\u0435\u0442\u0430\u043b\u043e\u043a\u043e\u043c\u043f\u043e\u0437\u0438\u0442\u043d\u0438\u043c\u0438 \u0432\u0438\u0440\u043e\u0431\u0430\u043c\u0438.<\/span><\/li>\n<li><span style=\"font-family: arial, helvetica, sans-serif\"><strong>\u041f\u0440\u043e\u0441\u0442\u0430 \u0437\u0431\u0456\u0440\u043a\u0430<\/strong>\u043b\u0435\u0433\u043a\u043e \u0432\u0441\u0442\u0430\u043d\u043e\u0432\u043b\u044e\u0454\u0442\u044c\u0441\u044f, \u043d\u0435\u043c\u0430\u0454 \u0441\u043a\u043b\u0430\u0434\u043d\u043e\u0433\u043e \u043e\u0431\u043b\u0430\u0434\u043d\u0430\u043d\u043d\u044f.<\/span><\/li>\n<li><span style=\"font-family: arial, helvetica, sans-serif\"><strong>\u0414\u043e\u0432\u0433\u043e\u0432\u0456\u0447\u043d\u0456\u0441\u0442\u044c<\/strong>: \u0437&#039;\u0454\u0434\u043d\u0430\u043d\u043d\u044f \u0437\u0430\u043b\u0438\u0448\u0430\u044e\u0442\u044c\u0441\u044f \u0433\u0435\u0440\u043c\u0435\u0442\u0438\u0447\u043d\u0438\u043c\u0438 \u043f\u0440\u043e\u0442\u044f\u0433\u043e\u043c \u0442\u0440\u0438\u0432\u0430\u043b\u043e\u0433\u043e \u0447\u0430\u0441\u0443.<\/span><\/li>\n<\/ul>\n<h3><span style=\"font-family: arial, helvetica, sans-serif\">\u0413\u0456\u0434\u0440\u0430\u0432\u043b\u0456\u0447\u043d\u0456 \u043f\u0435\u0440\u0435\u0432\u0430\u0433\u0438<\/span><\/h3>\n<p><span style=\"font-family: arial, helvetica, sans-serif\">De exemplu, pentru o conduct\u0103 de 16 mm cu grosime a peretelui de 2 mm, diametrul interior poate sc\u0103dea cu 4\u20136 mm la conexiunile de compresie, ceea ce reduce sec\u021biunea de trecere cu 25\u201337,5%. \u00cen cazul Teu PPR 75 mm, astfel de pierderi nu apar, ceea ce le face eficiente pentru \u00eenc\u0103lzire \u0219i alimentare cu ap\u0103.<\/span><\/p>\n<h3><span style=\"font-family: arial, helvetica, sans-serif\">\u0412\u0438\u0441\u043d\u043e\u0432\u043e\u043a<\/span><\/h3>\n<p><span style=\"font-family: arial, helvetica, sans-serif\">\u0422\u0440\u0456\u0439\u043d\u0438\u043a PPR \u00d875 \u2014 \u0446\u0435 \u043e\u043f\u0442\u0438\u043c\u0430\u043b\u044c\u043d\u0435 \u0440\u0456\u0448\u0435\u043d\u043d\u044f \u0434\u043b\u044f \u0441\u0438\u0441\u0442\u0435\u043c \u043e\u043f\u0430\u043b\u0435\u043d\u043d\u044f, \u0432\u043e\u0434\u043e\u043f\u043e\u0441\u0442\u0430\u0447\u0430\u043d\u043d\u044f \u0442\u0430 \u043a\u0430\u043d\u0430\u043b\u0456\u0437\u0430\u0446\u0456\u0457, \u0449\u043e \u043f\u043e\u0454\u0434\u043d\u0443\u0454 \u0432 \u0441\u043e\u0431\u0456 \u043d\u0430\u0434\u0456\u0439\u043d\u0456\u0441\u0442\u044c, \u0435\u043a\u043e\u043d\u043e\u043c\u0456\u0447\u043d\u0456\u0441\u0442\u044c \u0442\u0430 \u0432\u0438\u0441\u043e\u043a\u0443 \u0433\u0456\u0434\u0440\u0430\u0432\u043b\u0456\u0447\u043d\u0443 \u043f\u0440\u043e\u0434\u0443\u043a\u0442\u0438\u0432\u043d\u0456\u0441\u0442\u044c. \u041e\u0431\u0438\u0440\u0430\u044e\u0447\u0438 \u043f\u043e\u043b\u0456\u043f\u0440\u043e\u043f\u0456\u043b\u0435\u043d\u043e\u0432\u0456 \u0444\u0456\u0442\u0438\u043d\u0433\u0438, \u0432\u0438 \u043e\u0442\u0440\u0438\u043c\u0443\u0454\u0442\u0435 \u0434\u043e\u0432\u0433\u043e\u0432\u0456\u0447\u043d\u0443 \u043c\u0435\u0440\u0435\u0436\u0443 \u0437 \u043c\u0456\u043d\u0456\u043c\u0430\u043b\u044c\u043d\u0438\u043c\u0438 \u0432\u0438\u0442\u0440\u0430\u0442\u0430\u043c\u0438 \u043d\u0430 \u043e\u0431\u0441\u043b\u0443\u0433\u043e\u0432\u0443\u0432\u0430\u043d\u043d\u044f.<\/span><\/p>","protected":false},"excerpt":{"rendered":"<ul>\n<li style=\"list-style-type: none;\" data-start=\"681\" data-end=\"717\">\n<ul>\n<li data-start=\"638\" data-end=\"682\">\n<p data-start=\"640\" data-end=\"682\"><strong data-start=\"640\" data-end=\"653\">\u041c\u0430\u0442\u0435\u0440\u0456\u0430\u043b:<\/strong> \u043f\u043e\u043b\u0456\u043f\u0440\u043e\u043f\u0456\u043b\u0435\u043d (PPR)<\/p>\n<\/li>\n<li data-start=\"683\" data-end=\"728\">\n<p data-start=\"685\" data-end=\"728\"><strong data-start=\"685\" data-end=\"693\">\u041f\u043e\u0440\u0430\u0434\u0430:<\/strong> T\u0440\u0456\u0439\u043d\u0438\u043a<\/p>\n<\/li>\n<li data-start=\"729\" data-end=\"770\">\n<p data-start=\"731\" data-end=\"770\"><strong data-start=\"731\" data-end=\"746\">\u0420\u043e\u0437\u043c\u0456\u0440\u0438:<\/strong> 75 \u043c\u043c \u00d7 75 \u043c\u043c \u00d7 75 \u043c\u043c<\/p>\n<\/li>\n<li data-start=\"771\" data-end=\"810\">\n<p data-start=\"773\" data-end=\"810\"><strong data-start=\"773\" data-end=\"793\">\u041c\u0430\u043a\u0441\u0438\u043c\u0430\u043b\u044c\u043d\u0438\u0439 \u0442\u0438\u0441\u043a:<\/strong> \u0434\u043e 25 \u0431\u0430\u0440<\/p>\n<\/li>\n<li data-start=\"811\" data-end=\"853\">\n<p data-start=\"813\" data-end=\"853\"><strong data-start=\"813\" data-end=\"838\">\u0420\u043e\u0431\u043e\u0447\u0430 \u0442\u0435\u043c\u043f\u0435\u0440\u0430\u0442\u0443\u0440\u0430:<\/strong> \u0434\u043e 95\u00b0C<\/p>\n<\/li>\n<li data-start=\"854\" data-end=\"901\">\n<p data-start=\"856\" data-end=\"901\"><strong data-start=\"856\" data-end=\"867\">\u0417\u0431\u0456\u0440\u043a\u0430:<\/strong> \u0433\u0430\u0440\u044f\u0447\u0438\u043c \u0437\u0432\u0430\u0440\u044e\u0432\u0430\u043d\u043d\u044f\u043c (\u043f\u043e\u043b\u0456\u0444\u0443\u0437\u0456\u0454\u044e)<\/p>\n<\/li>\n<\/ul>\n<\/li>\n<\/ul>","protected":false},"featured_media":6856,"comment_status":"open","ping_status":"closed","template":"","meta":{"_acf_changed":false,"_kad_post_transparent":"default","_kad_post_title":"","_kad_post_layout":"default","_kad_post_sidebar_id":"","_kad_post_content_style":"default","_kad_post_vertical_padding":"default","_kad_post_feature":"","_kad_post_feature_position":"","_kad_post_header":false,"_kad_post_footer":false},"product_brand":[],"product_cat":[283],"product_tag":[215,285,295,190,291,209],"class_list":{"0":"post-6076","1":"product","2":"type-product","3":"status-publish","4":"has-post-thumbnail","6":"product_cat-tevi-si-fitinguri-hdpe-si-ppr","7":"product_tag-aprovizionare-cu-apa","8":"product_tag-fitinguri-ppr","9":"product_tag-o63","10":"product_tag-pompa-de-caldura","11":"product_tag-ppr","12":"product_tag-racire","14":"first","15":"instock","16":"sale","17":"featured","18":"taxable","19":"shipping-taxable","20":"purchasable","21":"product-type-simple","22":"entry","23":"content-bg","24":"loop-entry"},"acf":[],"_links":{"self":[{"href":"https:\/\/altal.ro\/uk\/wp-json\/wp\/v2\/product\/6076","targetHints":{"allow":["GET"]}}],"collection":[{"href":"https:\/\/altal.ro\/uk\/wp-json\/wp\/v2\/product"}],"about":[{"href":"https:\/\/altal.ro\/uk\/wp-json\/wp\/v2\/types\/product"}],"replies":[{"embeddable":true,"href":"https:\/\/altal.ro\/uk\/wp-json\/wp\/v2\/comments?post=6076"}],"version-history":[{"count":8,"href":"https:\/\/altal.ro\/uk\/wp-json\/wp\/v2\/product\/6076\/revisions"}],"predecessor-version":[{"id":7584,"href":"https:\/\/altal.ro\/uk\/wp-json\/wp\/v2\/product\/6076\/revisions\/7584"}],"wp:featuredmedia":[{"embeddable":true,"href":"https:\/\/altal.ro\/uk\/wp-json\/wp\/v2\/media\/6856"}],"wp:attachment":[{"href":"https:\/\/altal.ro\/uk\/wp-json\/wp\/v2\/media?parent=6076"}],"wp:term":[{"taxonomy":"product_brand","embeddable":true,"href":"https:\/\/altal.ro\/uk\/wp-json\/wp\/v2\/product_brand?post=6076"},{"taxonomy":"product_cat","embeddable":true,"href":"https:\/\/altal.ro\/uk\/wp-json\/wp\/v2\/product_cat?post=6076"},{"taxonomy":"product_tag","embeddable":true,"href":"https:\/\/altal.ro\/uk\/wp-json\/wp\/v2\/product_tag?post=6076"}],"curies":[{"name":"wp","href":"https:\/\/api.w.org\/{rel}","templated":true}]}}