{"id":4774,"date":"2025-06-23T10:51:22","date_gmt":"2025-06-23T07:51:22","guid":{"rendered":"https:\/\/altal.ro\/?post_type=product&#038;p=4774"},"modified":"2025-07-23T01:52:54","modified_gmt":"2025-07-22T22:52:54","slug":"grunt-voda-gwhp18","status":"publish","type":"product","link":"https:\/\/altal.ro\/uk\/grunt-voda-gwhp18\/","title":{"rendered":"\u0422\u0435\u043f\u043b\u043e\u0432\u0438\u0439 \u043d\u0430\u0441\u043e\u0441 \u0491\u0440\u0443\u043d\u0442\u043e\u0432\u043e\u0457 \u0432\u043e\u0434\u0438 18 \u043a\u0412\u0442 GWHP18"},"content":{"rendered":"<div id=\"ez-toc-container\" class=\"ez-toc-v2_0_82_2 counter-hierarchy ez-toc-counter ez-toc-grey ez-toc-container-direction\">\n<div class=\"ez-toc-title-container\">\n<p class=\"ez-toc-title\" style=\"cursor:inherit\">\u0432\u043c\u0456\u0441\u0442<\/p>\n<span class=\"ez-toc-title-toggle\"><a href=\"#\" class=\"ez-toc-pull-right ez-toc-btn ez-toc-btn-xs ez-toc-btn-default ez-toc-toggle\" aria-label=\"Toggle Table of Content\"><span class=\"ez-toc-js-icon-con\"><span class=\"\"><span class=\"eztoc-hide\" style=\"display:none;\">\u041f\u0435\u0440\u0435\u043c\u0438\u043a\u0430\u0447<\/span><span class=\"ez-toc-icon-toggle-span\"><svg style=\"fill: #999;color:#999\" xmlns=\"http:\/\/www.w3.org\/2000\/svg\" class=\"list-377408\" width=\"20px\" height=\"20px\" viewbox=\"0 0 24 24\" fill=\"none\"><path d=\"M6 6H4v2h2V6zm14 0H8v2h12V6zM4 11h2v2H4v-2zm16 0H8v2h12v-2zM4 16h2v2H4v-2zm16 0H8v2h12v-2z\" fill=\"currentColor\"><\/path><\/svg><svg style=\"fill: #999;color:#999\" class=\"arrow-unsorted-368013\" xmlns=\"http:\/\/www.w3.org\/2000\/svg\" width=\"10px\" height=\"10px\" viewbox=\"0 0 24 24\" version=\"1.2\" baseprofile=\"tiny\"><path d=\"M18.2 9.3l-6.2-6.3-6.2 6.3c-.2.2-.3.4-.3.7s.1.5.3.7c.2.2.4.3.7.3h11c.3 0 .5-.1.7-.3.2-.2.3-.5.3-.7s-.1-.5-.3-.7zM5.8 14.7l6.2 6.3 6.2-6.3c.2-.2.3-.5.3-.7s-.1-.5-.3-.7c-.2-.2-.4-.3-.7-.3h-11c-.3 0-.5.1-.7.3-.2.2-.3.5-.3.7s.1.5.3.7z\"\/><\/svg><\/span><\/span><\/span><\/a><\/span><\/div>\n<nav><ul class='ez-toc-list ez-toc-list-level-1' ><li class='ez-toc-page-1 ez-toc-heading-level-2'><a class=\"ez-toc-link ez-toc-heading-1\" href=\"https:\/\/altal.ro\/uk\/grunt-voda-gwhp18\/#Pompa_de_caldura_sol-apa_18_kW_GWHP18\">\u0422\u0435\u043f\u043b\u043e\u0432\u0438\u0439 \u043d\u0430\u0441\u043e\u0441 \u0491\u0440\u0443\u043d\u0442\u043e\u0432\u043e\u0457 \u0432\u043e\u0434\u0438 18 \u043a\u0412\u0442 GWHP18<\/a><ul class='ez-toc-list-level-5' ><li class='ez-toc-heading-level-5'><ul class='ez-toc-list-level-5' ><li class='ez-toc-heading-level-5'><ul class='ez-toc-list-level-5' ><li class='ez-toc-heading-level-5'><a class=\"ez-toc-link ez-toc-heading-2\" href=\"https:\/\/altal.ro\/uk\/grunt-voda-gwhp18\/#%E2%80%94_solutie_universala_pentru_casa_si_afaceri\">\u2014 \u0443\u043d\u0456\u0432\u0435\u0440\u0441\u0430\u043b\u044c\u043d\u0435 \u0440\u0456\u0448\u0435\u043d\u043d\u044f \u0434\u043b\u044f \u0434\u043e\u043c\u0443 \u0442\u0430 \u0431\u0456\u0437\u043d\u0435\u0441\u0443<\/a><\/li><\/ul><\/li><li class='ez-toc-page-1 ez-toc-heading-level-4'><a class=\"ez-toc-link ez-toc-heading-3\" href=\"https:\/\/altal.ro\/uk\/grunt-voda-gwhp18\/#Eficienta_energetica_si_ecologica\">\u0415\u043d\u0435\u0440\u0433\u0435\u0442\u0438\u0447\u043d\u0430 \u0442\u0430 \u0435\u043a\u043e\u043b\u043e\u0433\u0456\u0447\u043d\u0430 \u0435\u0444\u0435\u043a\u0442\u0438\u0432\u043d\u0456\u0441\u0442\u044c<\/a><\/li><li class='ez-toc-page-1 ez-toc-heading-level-4'><a class=\"ez-toc-link ez-toc-heading-4\" href=\"https:\/\/altal.ro\/uk\/grunt-voda-gwhp18\/#Principalele_avantaje\">\u041e\u0441\u043d\u043e\u0432\u043d\u0456 \u043f\u0435\u0440\u0435\u0432\u0430\u0433\u0438<\/a><\/li><li class='ez-toc-page-1 ez-toc-heading-level-4'><a class=\"ez-toc-link ez-toc-heading-5\" href=\"https:\/\/altal.ro\/uk\/grunt-voda-gwhp18\/#Optiuni_de_carcasa\">\u0412\u0430\u0440\u0456\u0430\u043d\u0442\u0438 \u0436\u0438\u0442\u043b\u0430<\/a><\/li><li class='ez-toc-page-1 ez-toc-heading-level-4'><a class=\"ez-toc-link ez-toc-heading-6\" href=\"https:\/\/altal.ro\/uk\/grunt-voda-gwhp18\/#Caracteristici_tehnice\">\u0422\u0435\u0445\u043d\u0456\u0447\u043d\u0456 \u0445\u0430\u0440\u0430\u043a\u0442\u0435\u0440\u0438\u0441\u0442\u0438\u043a\u0438<\/a><\/li><li class='ez-toc-page-1 ez-toc-heading-level-4'><a class=\"ez-toc-link ez-toc-heading-7\" href=\"https:\/\/altal.ro\/uk\/grunt-voda-gwhp18\/#De_ce_aleg_oamenii_pompa_de_caldura_sol-apa_18_kW_GWHP18\">\u0427\u043e\u043c\u0443 \u043b\u044e\u0434\u0438 \u043e\u0431\u0438\u0440\u0430\u044e\u0442\u044c \u0442\u0435\u043f\u043b\u043e\u0432\u0438\u0439 \u043d\u0430\u0441\u043e\u0441 \u00ab\u0491\u0440\u0443\u043d\u0442-\u0432\u043e\u0434\u0430\u00bb GWHP18 \u043f\u043e\u0442\u0443\u0436\u043d\u0456\u0441\u0442\u044e 18 \u043a\u0412\u0442?<\/a><\/li><\/ul><\/li><li class='ez-toc-page-1 ez-toc-heading-level-3'><a class=\"ez-toc-link ez-toc-heading-8\" href=\"https:\/\/altal.ro\/uk\/grunt-voda-gwhp18\/#Cum_se_comanda\">\u042f\u043a \u0437\u0430\u043c\u043e\u0432\u0438\u0442\u0438?<\/a><ul class='ez-toc-list-level-4' ><li class='ez-toc-heading-level-4'><a class=\"ez-toc-link ez-toc-heading-9\" href=\"https:\/\/altal.ro\/uk\/grunt-voda-gwhp18\/#Produs_in_Moldova\">\u0417\u0440\u043e\u0431\u043b\u0435\u043d\u043e \u0432 \u041c\u043e\u043b\u0434\u043e\u0432\u0456<\/a><\/li><\/ul><\/li><\/ul><\/li><\/ul><\/nav><\/div>\n\n<h2><span class=\"ez-toc-section\" id=\"Pompa_de_caldura_sol-apa_18_kW_GWHP18\"><\/span>\u0422\u0435\u043f\u043b\u043e\u0432\u0438\u0439 \u043d\u0430\u0441\u043e\u0441 \u0491\u0440\u0443\u043d\u0442\u043e\u0432\u043e\u0457 \u0432\u043e\u0434\u0438 18 \u043a\u0412\u0442 GWHP18<span class=\"ez-toc-section-end\"><\/span><\/h2>\n<h5><span class=\"ez-toc-section\" id=\"%E2%80%94_solutie_universala_pentru_casa_si_afaceri\"><\/span>\u2014 \u0443\u043d\u0456\u0432\u0435\u0440\u0441\u0430\u043b\u044c\u043d\u0435 \u0440\u0456\u0448\u0435\u043d\u043d\u044f \u0434\u043b\u044f \u0434\u043e\u043c\u0443 \u0442\u0430 \u0431\u0456\u0437\u043d\u0435\u0441\u0443<span class=\"ez-toc-section-end\"><\/span><\/h5>\n<h4><span class=\"ez-toc-section\" id=\"Eficienta_energetica_si_ecologica\"><\/span><strong>\u0415\u043d\u0435\u0440\u0433\u0435\u0442\u0438\u0447\u043d\u0430 \u0442\u0430 \u0435\u043a\u043e\u043b\u043e\u0433\u0456\u0447\u043d\u0430 \u0435\u0444\u0435\u043a\u0442\u0438\u0432\u043d\u0456\u0441\u0442\u044c<\/strong><span class=\"ez-toc-section-end\"><\/span><\/h4>\n<p><a href=\"https:\/\/altal.ro\/uk\/grunt-voda-altal\/\" target=\"_blank\" rel=\"noopener\">\u0422\u0435\u043f\u043b\u043e\u0432\u0438\u0439 \u043d\u0430\u0441\u043e\u0441 \u0491\u0440\u0443\u043d\u0442\u043e\u0432\u043e\u0457 \u0432\u043e\u0434\u0438 18 \u043a\u0412\u0442 GWHP18<\/a> ofer\u0103 maxim\u0103 eficien\u021b\u0103 pentru \u00eenc\u0103lzire, r\u0103cire \u0219i ap\u0103 cald\u0103 menajer\u0103. Pomp\u0103 de c\u0103ldur\u0103 sol-ap\u0103 18 kW GWHP18 utiliz\u00e2nd energia din sol, permite reducerea costurilor cu energia p\u00e2n\u0103 la 75%, fiind una dintre cele mai rentabile solu\u021bii. Pomp\u0103 de c\u0103ldur\u0103 sol-ap\u0103 18 kW GWHP18 func\u021bioneaz\u0103 stabil, indiferent de temperatura mediului exterior, \u0219i este potrivit\u0103 pentru obiecte cu suprafa\u021ba de p\u00e2n\u0103 la <strong>260 \u043c\u00b2<\/strong>, \u0449\u043e \u0437\u0430\u0431\u0435\u0437\u043f\u0435\u0447\u0443\u0454 \u043a\u043e\u043c\u0444\u043e\u0440\u0442 \u0443 \u0431\u0443\u0434\u044c-\u044f\u043a\u0443 \u043f\u043e\u0440\u0443 \u0440\u043e\u043a\u0443.<\/p>\n<hr \/>\n<h4><span class=\"ez-toc-section\" id=\"Principalele_avantaje\"><\/span><strong>\u041e\u0441\u043d\u043e\u0432\u043d\u0456 \u043f\u0435\u0440\u0435\u0432\u0430\u0433\u0438<\/strong><span class=\"ez-toc-section-end\"><\/span><\/h4>\n<p><strong>1. \u041c\u0430\u043a\u0441\u0438\u043c\u0430\u043b\u044c\u043d\u0430 \u0435\u0444\u0435\u043a\u0442\u0438\u0432\u043d\u0456\u0441\u0442\u044c:<\/strong><\/p>\n<ul>\n<li>\u041a\u043e\u0435\u0444\u0456\u0446\u0456\u0454\u043d\u0442 \u043a\u043e\u0440\u0438\u0441\u043d\u043e\u0457 \u0434\u0456\u0457 (COP) \u0434\u043e <strong>4.9<\/strong>, \u0449\u043e \u0441\u043f\u0440\u0438\u044f\u0454 \u0437\u043d\u0430\u0447\u043d\u0456\u0439 \u0435\u043a\u043e\u043d\u043e\u043c\u0456\u0457.<\/li>\n<li>\u0421\u0442\u0456\u0439\u043a\u0438\u0439 \u0434\u043e \u0435\u043a\u0441\u0442\u0440\u0435\u043c\u0430\u043b\u044c\u043d\u0438\u0445 \u0442\u0435\u043c\u043f\u0435\u0440\u0430\u0442\u0443\u0440 \u0432\u0456\u0434 <strong>-50\u00b0C<\/strong><strong>\u00a0\u0434\u043e +45\u00b0C<\/strong>, \u0449\u043e \u0437\u0430\u0431\u0435\u0437\u043f\u0435\u0447\u0443\u0454 \u043d\u0430\u0434\u0456\u0439\u043d\u0456\u0441\u0442\u044c \u0443 \u0431\u0443\u0434\u044c-\u044f\u043a\u0438\u0445 \u043a\u043b\u0456\u043c\u0430\u0442\u0438\u0447\u043d\u0438\u0445 \u0443\u043c\u043e\u0432\u0430\u0445.<\/li>\n<\/ul>\n<p><strong>2. \u0413\u043d\u0443\u0447\u043a\u0456\u0441\u0442\u044c \u0442\u0430 \u0430\u0434\u0430\u043f\u0442\u0438\u0432\u043d\u0456\u0441\u0442\u044c:<\/strong><\/p>\n<ul>\n<li><strong>\u0424\u0456\u043a\u0441\u043e\u0432\u0430\u043d\u0430 \u043f\u043e\u0442\u0443\u0436\u043d\u0456\u0441\u0442\u044c:<\/strong> \u0421\u0442\u0430\u0431\u0456\u043b\u044c\u043d\u0430 \u0440\u043e\u0431\u043e\u0442\u0430 \u0437 \u043f\u043e\u0442\u0443\u0436\u043d\u0456\u0441\u0442\u044e 18 \u043a\u0412\u0442, \u0456\u0434\u0435\u0430\u043b\u044c\u043d\u043e \u043f\u0456\u0434\u0445\u043e\u0434\u0438\u0442\u044c \u0434\u043b\u044f \u0437\u0440\u0443\u0447\u043d\u043e\u0441\u0442\u0456 \u0432\u0438\u043a\u043e\u0440\u0438\u0441\u0442\u0430\u043d\u043d\u044f.<\/li>\n<\/ul>\n<p><strong>3. \u0415\u043a\u043e\u043b\u043e\u0433\u0456\u0447\u043d\u0430 \u0431\u0435\u0437\u043f\u0435\u043a\u0430:<\/strong><\/p>\n<ul>\n<li>\u0425\u043e\u043b\u043e\u0434\u043e\u0430\u0433\u0435\u043d\u0442 <strong>290 \u0440\u0430\u043d\u0434\u0456\u0432<\/strong> \u0437 \u043c\u0456\u043d\u0456\u043c\u0430\u043b\u044c\u043d\u0438\u043c \u0432\u043f\u043b\u0438\u0432\u043e\u043c \u043d\u0430 \u043d\u0430\u0432\u043a\u043e\u043b\u0438\u0448\u043d\u0454 \u0441\u0435\u0440\u0435\u0434\u043e\u0432\u0438\u0449\u0435.<\/li>\n<li><a href=\"https:\/\/www.geothermal.org\/\" target=\"_blank\" rel=\"noopener\">\u0413\u0435\u043e\u0442\u0435\u0440\u043c\u0430\u043b\u044c\u043d\u0430 \u0435\u043d\u0435\u0440\u0433\u0456\u044f<\/a> \u0437\u043c\u0435\u043d\u0448\u0443\u0454 \u0432\u0443\u0433\u043b\u0435\u0446\u0435\u0432\u0438\u0439 \u0441\u043b\u0456\u0434, \u0441\u043f\u0440\u0438\u044f\u044e\u0447\u0438 \u0435\u043a\u043e\u043b\u043e\u0433\u0456\u0447\u043d\u0456\u0439 \u0441\u0442\u0456\u0439\u043a\u043e\u0441\u0442\u0456.<\/li>\n<\/ul>\n<hr \/>\n<h4><span class=\"ez-toc-section\" id=\"Optiuni_de_carcasa\"><\/span><strong>\u0412\u0430\u0440\u0456\u0430\u043d\u0442\u0438 \u0436\u0438\u0442\u043b\u0430<\/strong><span class=\"ez-toc-section-end\"><\/span><\/h4>\n<ul>\n<li><strong>\u041a\u043e\u043c\u043f\u0430\u043a\u0442\u043d\u0430 \u0432\u0435\u0440\u0441\u0456\u044f:<\/strong> \u0456\u0434\u0435\u0430\u043b\u044c\u043d\u043e \u043f\u0456\u0434\u0445\u043e\u0434\u0438\u0442\u044c \u0434\u043b\u044f \u0432\u0441\u0442\u0430\u043d\u043e\u0432\u043b\u0435\u043d\u043d\u044f \u0432 \u043e\u0431\u043c\u0435\u0436\u0435\u043d\u0438\u0445 \u043f\u0440\u043e\u0441\u0442\u043e\u0440\u0430\u0445.<\/li>\n<li><strong>\u0421\u0442\u0430\u043d\u0434\u0430\u0440\u0442\u043d\u0435 \u0436\u0438\u0442\u043b\u043e:<\/strong> \u043f\u043e\u043b\u0435\u0433\u0448\u0443\u0454 \u0441\u043a\u043b\u0430\u0434\u0430\u043d\u043d\u044f \u0442\u0430 \u043e\u0431\u0441\u043b\u0443\u0433\u043e\u0432\u0443\u0432\u0430\u043d\u043d\u044f, \u0437\u0431\u0435\u0440\u0456\u0433\u0430\u044e\u0447\u0438 \u0432\u0438\u0441\u043e\u043a\u0443 \u043f\u0440\u043e\u0434\u0443\u043a\u0442\u0438\u0432\u043d\u0456\u0441\u0442\u044c.<\/li>\n<\/ul>\n<hr \/>\n<h4><span class=\"ez-toc-section\" id=\"Caracteristici_tehnice\"><\/span><strong>\u0422\u0435\u0445\u043d\u0456\u0447\u043d\u0456 \u0445\u0430\u0440\u0430\u043a\u0442\u0435\u0440\u0438\u0441\u0442\u0438\u043a\u0438<\/strong><span class=\"ez-toc-section-end\"><\/span><\/h4>\n<table style=\"height: 252px;width: 54.3437%\" border=\"1\">\n<thead>\n<tr style=\"height: 36px\">\n<th style=\"width: 9.52849%;height: 36px\"><strong>\u041f\u0430\u0440\u0430\u043c\u0435\u0442\u0440<\/strong><\/th>\n<th style=\"width: 8.7835%;height: 36px\"><strong>\u0424\u0456\u043a\u0441\u043e\u0432\u0430\u043d\u0430 \u043f\u043e\u0442\u0443\u0436\u043d\u0456\u0441\u0442\u044c<\/strong><\/th>\n<\/tr>\n<\/thead>\n<tbody>\n<tr style=\"height: 36px\">\n<td style=\"width: 9.52849%;height: 36px\">\u041f\u043e\u0442\u0443\u0436\u043d\u0456\u0441\u0442\u044c<\/td>\n<td style=\"width: 8.7835%;height: 36px;text-align: center\">18 \u043a\u0412\u0442<\/td>\n<\/tr>\n<tr style=\"height: 36px\">\n<td style=\"width: 9.52849%;height: 36px\">\u041a\u043e\u0435\u0444\u0456\u0446\u0456\u0454\u043d\u0442 COP<\/td>\n<td style=\"width: 8.7835%;height: 36px;text-align: center\">\u0414\u043e 4,53<\/td>\n<\/tr>\n<tr style=\"height: 36px\">\n<td style=\"width: 9.52849%;height: 36px\">\u041f\u043e\u0432\u0435\u0440\u0445\u043d\u044f \u043d\u0430\u0433\u0440\u0456\u0432\u0443<\/td>\n<td style=\"width: 8.7835%;height: 36px;text-align: center\">\u0414\u043e 260 \u043c\u00b2<\/td>\n<\/tr>\n<tr style=\"height: 36px\">\n<td style=\"width: 9.52849%;height: 36px\">\u0425\u043e\u043b\u043e\u0434\u043e\u0430\u0433\u0435\u043d\u0442<\/td>\n<td style=\"width: 8.7835%;height: 36px;text-align: center\">R290 \/ R1234yf<\/td>\n<\/tr>\n<tr style=\"height: 36px\">\n<td style=\"width: 9.52849%;height: 36px\">\u0414\u0456\u0430\u043f\u0430\u0437\u043e\u043d \u0442\u0435\u043c\u043f\u0435\u0440\u0430\u0442\u0443\u0440<\/td>\n<td style=\"width: 8.7835%;height: 36px;text-align: center\">\u0417 <strong>-50\u00b0C<\/strong> \u0434\u043e +45\u00b0C<\/td>\n<\/tr>\n<tr style=\"height: 36px\">\n<td style=\"width: 9.52849%;height: 36px\">\u0420\u0456\u0432\u0435\u043d\u044c \u0448\u0443\u043c\u0443<\/td>\n<td style=\"width: 8.7835%;height: 36px;text-align: center\">&lt;50 dB<\/td>\n<\/tr>\n<\/tbody>\n<\/table>\n<hr \/>\n<h4><span class=\"ez-toc-section\" id=\"De_ce_aleg_oamenii_pompa_de_caldura_sol-apa_18_kW_GWHP18\"><\/span><strong>\u0427\u043e\u043c\u0443 \u043b\u044e\u0434\u0438 \u043e\u0431\u0438\u0440\u0430\u044e\u0442\u044c \u0442\u0435\u043f\u043b\u043e\u0432\u0438\u0439 \u043d\u0430\u0441\u043e\u0441 \u00ab\u0491\u0440\u0443\u043d\u0442-\u0432\u043e\u0434\u0430\u00bb GWHP18 \u043f\u043e\u0442\u0443\u0436\u043d\u0456\u0441\u0442\u044e 18 \u043a\u0412\u0442?<\/strong><span class=\"ez-toc-section-end\"><\/span><\/h4>\n<ul>\n<li><strong><a href=\"https:\/\/www.irena.org\/\" target=\"_blank\" rel=\"noopener\">\u0415\u043d\u0435\u0440\u0433\u043e\u0435\u0444\u0435\u043a\u0442\u0438\u0432\u043d\u0456\u0441\u0442\u044c<\/a>:<\/strong> \u0412\u0456\u043d \u0432\u0438\u043a\u043e\u0440\u0438\u0441\u0442\u043e\u0432\u0443\u0454 \u0432\u0456\u0434\u043d\u043e\u0432\u043b\u044e\u0432\u0430\u043d\u0456 \u0440\u0435\u0441\u0443\u0440\u0441\u0438 \u0434\u043b\u044f \u0437\u043d\u0430\u0447\u043d\u043e\u0457 \u0435\u043a\u043e\u043d\u043e\u043c\u0456\u0457 \u043d\u0430 \u043e\u043f\u0430\u043b\u0435\u043d\u043d\u0456 \u0442\u0430 \u043e\u0445\u043e\u043b\u043e\u0434\u0436\u0435\u043d\u043d\u0456.<\/li>\n<li><strong>\u0415\u043a\u043e\u043b\u043e\u0433\u0456\u0447\u043d\u0438\u0439:<\/strong> \u0417\u043c\u0435\u043d\u0448\u0443\u0454 \u0432\u043f\u043b\u0438\u0432 \u043d\u0430 \u043d\u0430\u0432\u043a\u043e\u043b\u0438\u0448\u043d\u0454 \u0441\u0435\u0440\u0435\u0434\u043e\u0432\u0438\u0449\u0435 \u0437\u0430\u0432\u0434\u044f\u043a\u0438 \u0435\u043a\u043e\u043b\u043e\u0433\u0456\u0447\u043d\u043e \u0447\u0438\u0441\u0442\u0438\u043c \u0445\u043e\u043b\u043e\u0434\u043e\u0430\u0433\u0435\u043d\u0442\u0430\u043c \u0442\u0430 \u0433\u0435\u043e\u0442\u0435\u0440\u043c\u0430\u043b\u044c\u043d\u0456\u0439 \u0435\u043d\u0435\u0440\u0433\u0456\u0457.<\/li>\n<li><strong>\u0414\u043e\u0432\u0433\u043e\u0432\u0456\u0447\u043d\u0456\u0441\u0442\u044c:<\/strong> \u0414\u0432\u043e\u043a\u043e\u043c\u043f\u0440\u0435\u0441\u043e\u0440\u043d\u0438\u0439 \u0442\u0435\u043f\u043b\u043e\u0432\u0438\u0439 \u043d\u0430\u0441\u043e\u0441 \u0434\u0443\u0436\u0435 \u043d\u0430\u0434\u0456\u0439\u043d\u0438\u0439 \u0456 \u043c\u0430\u0454 \u0442\u0435\u0440\u043c\u0456\u043d \u0441\u043b\u0443\u0436\u0431\u0438 \u043f\u043e\u043d\u0430\u0434 20 \u0440\u043e\u043a\u0456\u0432.<\/li>\n<li><strong>\u0423\u043d\u0456\u0432\u0435\u0440\u0441\u0430\u043b\u044c\u043d\u0456\u0441\u0442\u044c:<\/strong> \u041f\u0456\u0434\u0445\u043e\u0434\u0438\u0442\u044c \u0434\u043b\u044f \u043f\u0440\u0438\u0432\u0430\u0442\u043d\u0438\u0445 \u0431\u0443\u0434\u0438\u043d\u043a\u0456\u0432, \u043a\u043e\u043c\u0435\u0440\u0446\u0456\u0439\u043d\u0438\u0445 \u0431\u0443\u0434\u0456\u0432\u0435\u043b\u044c \u0442\u0430 \u043e\u0444\u0456\u0441\u0456\u0432, \u0437\u0430\u0431\u0435\u0437\u043f\u0435\u0447\u0443\u044e\u0447\u0438 \u043a\u043e\u043c\u0444\u043e\u0440\u0442 \u0446\u0456\u043b\u0438\u0439 \u0440\u0456\u043a.<\/li>\n<\/ul>\n<hr \/>\n<h3><span class=\"ez-toc-section\" id=\"Cum_se_comanda\"><\/span>\u042f\u043a \u0437\u0430\u043c\u043e\u0432\u0438\u0442\u0438?<span class=\"ez-toc-section-end\"><\/span><\/h3>\n<p>\ud83d\udcde \u0417\u0432\u0435\u0440\u0442\u0430\u0439\u0442\u0435\u0441\u044f \u0434\u043e \u043d\u0430\u0441 \u0437\u0430 \u043a\u043e\u043d\u0441\u0443\u043b\u044c\u0442\u0430\u0446\u0456\u0454\u044e \u0442\u0430 \u0449\u043e\u0431 \u043e\u0431\u0440\u0430\u0442\u0438 \u043f\u0440\u0430\u0432\u0438\u043b\u044c\u043d\u0443 \u043c\u043e\u0434\u0435\u043b\u044c! \u041c\u0438 \u0434\u043e\u043f\u043e\u043c\u043e\u0436\u0435\u043c\u043e \u0432\u0430\u043c \u0456\u043d\u0432\u0435\u0441\u0442\u0443\u0432\u0430\u0442\u0438 \u0432 \u0435\u043a\u043e\u043b\u043e\u0433\u0456\u0447\u043d\u043e \u0447\u0438\u0441\u0442\u0435 \u0442\u0430 \u0435\u043d\u0435\u0440\u0433\u043e\u0435\u0444\u0435\u043a\u0442\u0438\u0432\u043d\u0435 \u0440\u0456\u0448\u0435\u043d\u043d\u044f \u0434\u043b\u044f \u0432\u0430\u0448\u043e\u0433\u043e \u0434\u043e\u043c\u0443 \u0447\u0438 \u0431\u0456\u0437\u043d\u0435\u0441\u0443.<\/p>\n<h4><span class=\"ez-toc-section\" id=\"Produs_in_Moldova\"><\/span><span style=\"color: #ff0000\">\u0417\u0440\u043e\u0431\u043b\u0435\u043d\u043e \u0432 \u041c\u043e\u043b\u0434\u043e\u0432\u0456<\/span><span class=\"ez-toc-section-end\"><\/span><\/h4>\n<hr \/>\n<p>\u00a0<\/p>","protected":false},"excerpt":{"rendered":"<ul>\n<li>\u0422\u0435\u043f\u043b\u043e\u0432\u0430 \u043f\u043e\u0442\u0443\u0436\u043d\u0456\u0441\u0442\u044c: <strong>18 \u043a\u0412\u0442<\/strong><\/li>\n<li>\u041a\u043e\u043c\u043f\u0440\u0435\u0441\u043e\u0440 \u0437 \u0444\u0456\u043a\u0441\u043e\u0432\u0430\u043d\u043e\u044e \u0448\u0432\u0438\u0434\u043a\u0456\u0441\u0442\u044e.<\/li>\n<li>\u0420\u0435\u043a\u043e\u043c\u0435\u043d\u0434\u043e\u0432\u0430\u043d\u0430 \u0442\u0435\u043c\u043f\u0435\u0440\u0430\u0442\u0443\u0440\u0430 \u0434\u0436\u0435\u0440\u0435\u043b\u0430: <strong>+6<sup>\u0442\u043e\u0439\/\u0442\u0430\/\u0442\u0435<\/sup>\u0421 \u2026 +30<sup>\u0442\u043e\u0439\/\u0442\u0430\/\u0442\u0435<\/sup>\u0421<\/strong>.<\/li>\n<li>\u0414\u0456\u0430\u043f\u0430\u0437\u043e\u043d \u0442\u0435\u043c\u043f\u0435\u0440\u0430\u0442\u0443\u0440 \u043d\u0430\u0432\u043a\u043e\u043b\u0438\u0448\u043d\u044c\u043e\u0433\u043e \u0441\u0435\u0440\u0435\u0434\u043e\u0432\u0438\u0449\u0430 \u0432\u0456\u0434 <strong>-50\u00b0C <\/strong>\u0442\u043e\u0439\/\u0442\u0430\/\u0442\u0435 <strong>+43 \u2103<\/strong>.<\/li>\n<li>\u041e\u043f\u0430\u043b\u0435\u043d\u043d\u044f, \u043e\u0445\u043e\u043b\u043e\u0434\u0436\u0435\u043d\u043d\u044f \u0442\u0430 \u0433\u0430\u0440\u044f\u0447\u0430 \u0432\u043e\u0434\u0430 \u0446\u0456\u043b\u0438\u0439 \u0440\u0456\u043a.<\/li>\n<li>\u0420\u0456\u0432\u0435\u043d\u044c \u0435\u043d\u0435\u0440\u0433\u043e\u0435\u0444\u0435\u043a\u0442\u0438\u0432\u043d\u043e\u0441\u0442\u0456 A+++, 4,65 COP.<\/li>\n<li>\u041f\u0440\u0438\u0437\u043d\u0430\u0447\u0435\u043d\u043d\u044f: \u043e\u043f\u0430\u043b\u0435\u043d\u043d\u044f, \u043e\u0445\u043e\u043b\u043e\u0434\u0436\u0435\u043d\u043d\u044f \u0431\u0443\u0434\u0438\u043d\u043a\u0456\u0432 \u0432\u0456\u0434 <strong>\u0432\u0456\u0434 90 \u0434\u043e 260 \u043c\u00b2<\/strong>.<\/li>\n<\/ul>\n<p><strong>\u0422\u0435\u043f\u043b\u043e\u0432\u0438\u0439 \u043d\u0430\u0441\u043e\u0441 \u043c\u043e\u0436\u0435 \u0431\u0443\u0442\u0438 \u0432\u0438\u0433\u043e\u0442\u043e\u0432\u043b\u0435\u043d\u0438\u0439 \u043d\u0430 \u0437\u0430\u043c\u043e\u0432\u043b\u0435\u043d\u043d\u044f \u0432 \u0442\u0430\u043a\u0438\u0445 \u043a\u043e\u043d\u0444\u0456\u0433\u0443\u0440\u0430\u0446\u0456\u044f\u0445:<\/strong><\/p>\n<ol>\n<li>\u0425\u043e\u043b\u043e\u0434\u043e\u0430\u0433\u0435\u043d\u0442 R1234yf \u0437 \u0442\u0435\u043c\u043f\u0435\u0440\u0430\u0442\u0443\u0440\u043e\u044e \u043f\u043e\u0434\u0430\u0447\u0456 <strong><span style=\"color: #ff0000;\">+75 \u2103.<\/span><\/strong><\/li>\n<li>\u0425\u043e\u043b\u043e\u0434\u043e\u0430\u0433\u0435\u043d\u0442 R1234ze \u0437 \u0442\u0435\u043c\u043f\u0435\u0440\u0430\u0442\u0443\u0440\u043e\u044e \u043f\u043e\u0434\u0430\u0447\u0456 <strong><span style=\"color: #ff0000;\">+85 \u2103<\/span><\/strong>.<\/li>\n<li>\u0425\u043e\u043b\u043e\u0434\u043e\u0430\u0433\u0435\u043d\u0442 R407 \u0437 \u0442\u0435\u043c\u043f\u0435\u0440\u0430\u0442\u0443\u0440\u043e\u044e \u043f\u043e\u0434\u0430\u0447\u0456\u00a0<strong><span style=\"color: #ff0000;\">+60 \u2103<\/span><\/strong>.<\/li>\n<\/ol>\n<p><span style=\"color: #0000ff;\"><strong>\u0417\u0432&#039;\u044f\u0436\u0456\u0442\u044c\u0441\u044f \u0437 \u043d\u0430\u043c\u0438 \u043f\u0435\u0440\u0435\u0434 \u043f\u043e\u043a\u0443\u043f\u043a\u043e\u044e \u0434\u043b\u044f \u0443\u0442\u043e\u0447\u043d\u0435\u043d\u043d\u044f.<\/strong><\/span><\/p>\n<h4><span style=\"color: #993366;\">\u0417\u0440\u043e\u0431\u043b\u0435\u043d\u043e \u0432 \u041c\u043e\u043b\u0434\u043e\u0432\u0456<\/span><\/h4>","protected":false},"featured_media":2013,"comment_status":"open","ping_status":"closed","template":"","meta":{"_acf_changed":false,"_kad_post_transparent":"default","_kad_post_title":"","_kad_post_layout":"default","_kad_post_sidebar_id":"","_kad_post_content_style":"default","_kad_post_vertical_padding":"default","_kad_post_feature":"","_kad_post_feature_position":"","_kad_post_header":false,"_kad_post_footer":false},"product_brand":[198],"product_cat":[183,227],"product_tag":[232,233,229,460],"class_list":{"0":"post-4774","1":"product","2":"type-product","3":"status-publish","4":"has-post-thumbnail","6":"product_brand-altal","7":"product_cat-catalog","8":"product_cat-sol-apa-fix","9":"product_tag-15-kw","10":"product_tag-260-m2","11":"product_tag-geotermala","12":"product_tag-sol-apa","13":"pa_compresor-viteza-fixa","14":"pa_putere-termica-kw-18-kw","15":"pa_suprafata-de-incalzire--397","16":"pa_temperatura-apei--60c","17":"pa_temperatura-apei--75c","18":"pa_temperatura-apei--85c","19":"pa_tip-pompa-de-caldura-sol-apa","21":"first","22":"onbackorder","23":"sale","24":"featured","25":"taxable","26":"shipping-taxable","27":"purchasable","28":"product-type-simple","29":"entry","30":"content-bg","31":"loop-entry"},"acf":[],"_links":{"self":[{"href":"https:\/\/altal.ro\/uk\/wp-json\/wp\/v2\/product\/4774","targetHints":{"allow":["GET"]}}],"collection":[{"href":"https:\/\/altal.ro\/uk\/wp-json\/wp\/v2\/product"}],"about":[{"href":"https:\/\/altal.ro\/uk\/wp-json\/wp\/v2\/types\/product"}],"replies":[{"embeddable":true,"href":"https:\/\/altal.ro\/uk\/wp-json\/wp\/v2\/comments?post=4774"}],"version-history":[{"count":4,"href":"https:\/\/altal.ro\/uk\/wp-json\/wp\/v2\/product\/4774\/revisions"}],"predecessor-version":[{"id":7601,"href":"https:\/\/altal.ro\/uk\/wp-json\/wp\/v2\/product\/4774\/revisions\/7601"}],"wp:featuredmedia":[{"embeddable":true,"href":"https:\/\/altal.ro\/uk\/wp-json\/wp\/v2\/media\/2013"}],"wp:attachment":[{"href":"https:\/\/altal.ro\/uk\/wp-json\/wp\/v2\/media?parent=4774"}],"wp:term":[{"taxonomy":"product_brand","embeddable":true,"href":"https:\/\/altal.ro\/uk\/wp-json\/wp\/v2\/product_brand?post=4774"},{"taxonomy":"product_cat","embeddable":true,"href":"https:\/\/altal.ro\/uk\/wp-json\/wp\/v2\/product_cat?post=4774"},{"taxonomy":"product_tag","embeddable":true,"href":"https:\/\/altal.ro\/uk\/wp-json\/wp\/v2\/product_tag?post=4774"}],"curies":[{"name":"wp","href":"https:\/\/api.w.org\/{rel}","templated":true}]}}