{"id":3031,"date":"2025-06-16T00:29:12","date_gmt":"2025-06-16T00:29:12","guid":{"rendered":"https:\/\/altal.ro\/?post_type=product&#038;p=3031"},"modified":"2025-07-23T02:01:38","modified_gmt":"2025-07-22T23:01:38","slug":"vibroizolyator-dlya-kompresora-1-2","status":"publish","type":"product","link":"https:\/\/altal.ro\/uk\/vibroizolyator-dlya-kompresora-1-2\/","title":{"rendered":"\u0412\u0456\u0431\u0440\u043e\u0456\u0437\u043e\u043b\u044f\u0442\u043e\u0440 \u0434\u043b\u044f \u043a\u043e\u043c\u043f\u0440\u0435\u0441\u043e\u0440\u0430 1\/2\u2033"},"content":{"rendered":"<p><strong><div id=\"ez-toc-container\" class=\"ez-toc-v2_0_82_2 counter-hierarchy ez-toc-counter ez-toc-grey ez-toc-container-direction\">\n<div class=\"ez-toc-title-container\">\n<p class=\"ez-toc-title\" style=\"cursor:inherit\">\u0432\u043c\u0456\u0441\u0442<\/p>\n<span class=\"ez-toc-title-toggle\"><a href=\"#\" class=\"ez-toc-pull-right ez-toc-btn ez-toc-btn-xs ez-toc-btn-default ez-toc-toggle\" aria-label=\"Toggle Table of Content\"><span class=\"ez-toc-js-icon-con\"><span class=\"\"><span class=\"eztoc-hide\" style=\"display:none;\">\u041f\u0435\u0440\u0435\u043c\u0438\u043a\u0430\u0447<\/span><span class=\"ez-toc-icon-toggle-span\"><svg style=\"fill: #999;color:#999\" xmlns=\"http:\/\/www.w3.org\/2000\/svg\" class=\"list-377408\" width=\"20px\" height=\"20px\" viewbox=\"0 0 24 24\" fill=\"none\"><path d=\"M6 6H4v2h2V6zm14 0H8v2h12V6zM4 11h2v2H4v-2zm16 0H8v2h12v-2zM4 16h2v2H4v-2zm16 0H8v2h12v-2z\" fill=\"currentColor\"><\/path><\/svg><svg style=\"fill: #999;color:#999\" class=\"arrow-unsorted-368013\" xmlns=\"http:\/\/www.w3.org\/2000\/svg\" width=\"10px\" height=\"10px\" viewbox=\"0 0 24 24\" version=\"1.2\" baseprofile=\"tiny\"><path d=\"M18.2 9.3l-6.2-6.3-6.2 6.3c-.2.2-.3.4-.3.7s.1.5.3.7c.2.2.4.3.7.3h11c.3 0 .5-.1.7-.3.2-.2.3-.5.3-.7s-.1-.5-.3-.7zM5.8 14.7l6.2 6.3 6.2-6.3c.2-.2.3-.5.3-.7s-.1-.5-.3-.7c-.2-.2-.4-.3-.7-.3h-11c-.3 0-.5.1-.7.3-.2.2-.3.5-.3.7s.1.5.3.7z\"\/><\/svg><\/span><\/span><\/span><\/a><\/span><\/div>\n<nav><ul class='ez-toc-list ez-toc-list-level-1' ><li class='ez-toc-page-1 ez-toc-heading-level-2'><a class=\"ez-toc-link ez-toc-heading-1\" href=\"https:\/\/altal.ro\/uk\/vibroizolyator-dlya-kompresora-1-2\/#Vibroizolator_pentru_compresor_12%E2%80%B3\">\u0412\u0456\u0431\u0440\u043e\u0456\u0437\u043e\u043b\u044f\u0442\u043e\u0440 \u0434\u043b\u044f \u043a\u043e\u043c\u043f\u0440\u0435\u0441\u043e\u0440\u0430 1\/2\u2033<\/a><ul class='ez-toc-list-level-3' ><li class='ez-toc-heading-level-3'><a class=\"ez-toc-link ez-toc-heading-2\" href=\"https:\/\/altal.ro\/uk\/vibroizolyator-dlya-kompresora-1-2\/#Cum_functioneaza_vibroizolatorul_pentru_compresor\">\u042f\u043a \u043f\u0440\u0430\u0446\u044e\u0454 \u0432\u0456\u0431\u0440\u043e\u0456\u0437\u043e\u043b\u044f\u0442\u043e\u0440 \u043a\u043e\u043c\u043f\u0440\u0435\u0441\u043e\u0440\u0430?<\/a><\/li><li class='ez-toc-page-1 ez-toc-heading-level-3'><a class=\"ez-toc-link ez-toc-heading-3\" href=\"https:\/\/altal.ro\/uk\/vibroizolyator-dlya-kompresora-1-2\/#Beneficiile_vibroizolatorului_pentru_compresor_12%E2%80%B3\">\u041f\u0435\u0440\u0435\u0432\u0430\u0433\u0438 \u0432\u0456\u0431\u0440\u043e\u0456\u0437\u043e\u043b\u044f\u0442\u043e\u0440\u0430 \u043a\u043e\u043c\u043f\u0440\u0435\u0441\u043e\u0440\u0430 1\/2\u2033<\/a><\/li><li class='ez-toc-page-1 ez-toc-heading-level-3'><a class=\"ez-toc-link ez-toc-heading-4\" href=\"https:\/\/altal.ro\/uk\/vibroizolyator-dlya-kompresora-1-2\/#Constructia_vibroizolatorului_pentru_compresor_12%E2%80%B3\">\u041a\u043e\u043d\u0441\u0442\u0440\u0443\u043a\u0446\u0456\u044f \u0432\u0456\u0431\u0440\u043e\u0456\u0437\u043e\u043b\u044f\u0442\u043e\u0440\u0430 \u043a\u043e\u043c\u043f\u0440\u0435\u0441\u043e\u0440\u0430 1\/2\u2033<\/a><\/li><li class='ez-toc-page-1 ez-toc-heading-level-3'><a class=\"ez-toc-link ez-toc-heading-5\" href=\"https:\/\/altal.ro\/uk\/vibroizolyator-dlya-kompresora-1-2\/#Utilizarea_vibroizolatorului_pentru_compresor_12%E2%80%B3\">\u0412\u0438\u043a\u043e\u0440\u0438\u0441\u0442\u0430\u043d\u043d\u044f \u0432\u0456\u0431\u0440\u043e\u0456\u0437\u043e\u043b\u044f\u0442\u043e\u0440\u0430 \u043a\u043e\u043c\u043f\u0440\u0435\u0441\u043e\u0440\u0430 1\/2 \u0434\u044e\u0439\u043c\u0430<\/a><\/li><li class='ez-toc-page-1 ez-toc-heading-level-3'><a class=\"ez-toc-link ez-toc-heading-6\" href=\"https:\/\/altal.ro\/uk\/vibroizolyator-dlya-kompresora-1-2\/#Concluzie\">\u0412\u0438\u0441\u043d\u043e\u0432\u043e\u043a<\/a><\/li><\/ul><\/li><\/ul><\/nav><\/div>\n<\/strong><\/p>\n<h2><span class=\"ez-toc-section\" id=\"Vibroizolator_pentru_compresor_12%E2%80%B3\"><\/span><strong>\u0412\u0456\u0431\u0440\u043e\u0456\u0437\u043e\u043b\u044f\u0442\u043e\u0440 \u0434\u043b\u044f \u043a\u043e\u043c\u043f\u0440\u0435\u0441\u043e\u0440\u0430 1\/2\u2033<\/strong><span class=\"ez-toc-section-end\"><\/span><\/h2>\n<p>Tub antivibra\u021bii pentru refrigerare, furtun flexibil cu amortizor de vibra\u021bii. <a href=\"https:\/\/en.wikipedia.org\/wiki\/Vibration\" target=\"_blank\" rel=\"noopener\">\u0412\u0456\u0431\u0440\u043e\u0456\u0437\u043e\u043b\u044f\u0442\u043e\u0440 \u0434\u043b\u044f \u043a\u043e\u043c\u043f\u0440\u0435\u0441\u043e\u0440\u0430 1\/2\u2033<\/a>\u00a0\u0454 \u0432\u0430\u0436\u043b\u0438\u0432\u0438\u043c \u0435\u043b\u0435\u043c\u0435\u043d\u0442\u043e\u043c \u0443 \u0441\u0438\u0441\u0442\u0435\u043c\u0430\u0445 <a href=\"https:\/\/altalheat.com\/\" target=\"_blank\" rel=\"noopener\">\u0442\u0435\u043f\u043b\u043e\u0432\u0456 \u043d\u0430\u0441\u043e\u0441\u0438<\/a>, \u0430 \u0442\u0430\u043a\u043e\u0436 \u0443 \u0441\u0438\u0441\u0442\u0435\u043c\u0430\u0445 \u043a\u043e\u043d\u0434\u0438\u0446\u0456\u043e\u043d\u0443\u0432\u0430\u043d\u043d\u044f \u043f\u043e\u0432\u0456\u0442\u0440\u044f \u0442\u0430 \u043e\u0445\u043e\u043b\u043e\u0434\u0436\u0435\u043d\u043d\u044f. \u0426\u0435\u0439 \u0435\u0444\u0435\u043a\u0442\u0438\u0432\u043d\u0438\u0439 \u043f\u0440\u0438\u0441\u0442\u0440\u0456\u0439 \u043f\u043e\u0433\u043b\u0438\u043d\u0430\u0454 \u0432\u0456\u0431\u0440\u0430\u0446\u0456\u0457, \u0449\u043e \u043f\u0435\u0440\u0435\u0434\u0430\u044e\u0442\u044c\u0441\u044f \u0447\u0435\u0440\u0435\u0437 \u0442\u0440\u0443\u0431\u0438, \u0434\u043e\u043f\u043e\u043c\u0430\u0433\u0430\u044e\u0447\u0438 \u0437\u0430\u043f\u043e\u0431\u0456\u0433\u0442\u0438 \u043f\u043e\u0448\u043a\u043e\u0434\u0436\u0435\u043d\u043d\u044e \u0441\u0438\u0441\u0442\u0435\u043c\u0438 \u0442\u0430 \u0437\u043d\u0438\u0437\u0438\u0442\u0438 \u0440\u0456\u0432\u0435\u043d\u044c \u0448\u0443\u043c\u0443. \u0412\u0456\u043d \u0432\u0438\u043a\u043e\u0440\u0438\u0441\u0442\u043e\u0432\u0443\u0454\u0442\u044c\u0441\u044f \u0432 \u0440\u0456\u0437\u043d\u0438\u0445 \u043f\u0440\u043e\u043c\u0438\u0441\u043b\u043e\u0432\u0438\u0445 \u0442\u0430 \u043f\u043e\u0431\u0443\u0442\u043e\u0432\u0438\u0445 \u0441\u0438\u0441\u0442\u0435\u043c\u0430\u0445, \u0432\u043a\u043b\u044e\u0447\u0430\u044e\u0447\u0438 \u043a\u043e\u043d\u0434\u0438\u0446\u0456\u043e\u043d\u0443\u0432\u0430\u043d\u043d\u044f \u043f\u043e\u0432\u0456\u0442\u0440\u044f, \u0445\u043e\u043b\u043e\u0434\u0438\u043b\u044c\u043d\u0438\u043a\u0438 \u0442\u0430 \u0442\u0435\u043f\u043b\u043e\u0432\u0456 \u043d\u0430\u0441\u043e\u0441\u0438.<\/p>\n<h3><span class=\"ez-toc-section\" id=\"Cum_functioneaza_vibroizolatorul_pentru_compresor\"><\/span><strong>\u042f\u043a \u043f\u0440\u0430\u0446\u044e\u0454 \u0432\u0456\u0431\u0440\u043e\u0456\u0437\u043e\u043b\u044f\u0442\u043e\u0440 \u043a\u043e\u043c\u043f\u0440\u0435\u0441\u043e\u0440\u0430?<\/strong><span class=\"ez-toc-section-end\"><\/span><\/h3>\n<p><a href=\"https:\/\/altal.ro\/uk\/zapasni-chastyny\/\" target=\"_blank\" rel=\"noopener\">\u0412\u0456\u0431\u0440\u043e\u0456\u0437\u043e\u043b\u044f\u0442\u043e\u0440 \u0434\u043b\u044f \u043a\u043e\u043c\u043f\u0440\u0435\u0441\u043e\u0440\u0430 1\/2\u2033<\/a>\u00a0se monteaz\u0103 pe liniile de aspira\u021bie \u0219i refulare ale agentului frigorific pentru a diminua vibra\u021biile generate de compresor. Aceste vibra\u021bii pot fi transmise prin conducte, cauz\u00e2nd zgomot excesiv \u0219i poten\u021biale daune la conexiuni \u0219i alte componente ale sistemului. Vibroizolatorul absoarbe \u0219i disip\u0103 aceste vibra\u021bii, \u00eembun\u0103t\u0103\u021bind performan\u021ba \u0219i prelungind durata de via\u021b\u0103 a echipamentului. Vibroizolator pentru compresor 1\/2 este compus dintr-un furtun flexibil \u0219i corrugat, care \u00eembun\u0103t\u0103\u021be\u0219te considerabil capacitatea de absorb\u021bie a vibra\u021biilor. \u00cen plus, este \u00eent\u0103rit cu fire de o\u021bel inoxidabil pentru rezisten\u021b\u0103 crescut\u0103 la factorii externi. Fitingurile din alam\u0103 sau cupru de la capete asigur\u0103 conexiuni sigure \u0219i etan\u0219e.<\/p>\n<h3><span class=\"ez-toc-section\" id=\"Beneficiile_vibroizolatorului_pentru_compresor_12%E2%80%B3\"><\/span><strong>\u041f\u0435\u0440\u0435\u0432\u0430\u0433\u0438 \u0432\u0456\u0431\u0440\u043e\u0456\u0437\u043e\u043b\u044f\u0442\u043e\u0440\u0430 \u043a\u043e\u043c\u043f\u0440\u0435\u0441\u043e\u0440\u0430 1\/2\u2033<\/strong><span class=\"ez-toc-section-end\"><\/span><\/h3>\n<ol>\n<li><strong>\u0417\u043c\u0435\u043d\u0448\u0435\u043d\u043d\u044f \u0432\u0456\u0431\u0440\u0430\u0446\u0456\u0457<\/strong> \u2013 \u043e\u0441\u043d\u043e\u0432\u043d\u0430 \u0440\u043e\u043b\u044c \u0432\u0456\u0431\u0440\u043e\u0456\u0437\u043e\u043b\u044f\u0442\u043e\u0440\u0430 \u043f\u043e\u043b\u044f\u0433\u0430\u0454 \u0432 \u043f\u043e\u0433\u043b\u0438\u043d\u0430\u043d\u043d\u0456 \u0432\u0456\u0431\u0440\u0430\u0446\u0456\u0439, \u0449\u043e \u0432\u0438\u043d\u0438\u043a\u0430\u044e\u0442\u044c \u043f\u0456\u0434 \u0447\u0430\u0441 \u0440\u043e\u0431\u043e\u0442\u0438 \u043a\u043e\u043c\u043f\u0440\u0435\u0441\u043e\u0440\u0430, \u0437\u0430\u043f\u043e\u0431\u0456\u0433\u0430\u044e\u0447\u0438 \u043f\u043e\u0448\u043a\u043e\u0434\u0436\u0435\u043d\u043d\u044e \u0442\u0440\u0443\u0431 \u0442\u0430 \u0437\u043c\u0435\u043d\u0448\u0443\u044e\u0447\u0438 \u0448\u0443\u043c. \u0422\u0430\u043a\u0438\u043c \u0447\u0438\u043d\u043e\u043c \u0437\u0430\u0431\u0435\u0437\u043f\u0435\u0447\u0443\u0454\u0442\u044c\u0441\u044f \u0442\u0438\u0445\u0430 \u0442\u0430 \u043d\u0430\u0434\u0456\u0439\u043d\u0430 \u0440\u043e\u0431\u043e\u0442\u0430.<\/li>\n<li><strong>\u0417\u043c\u0435\u043d\u0448\u0435\u043d\u043d\u044f \u0448\u0443\u043c\u0443<\/strong> \u2013 \u0434\u043e\u043f\u043e\u043c\u0430\u0433\u0430\u0454 \u0441\u0442\u0432\u043e\u0440\u0438\u0442\u0438 \u043a\u043e\u043c\u0444\u043e\u0440\u0442\u043d\u0456\u0448\u0456 \u0443\u043c\u043e\u0432\u0438 \u043f\u0440\u0430\u0446\u0456, \u043e\u0441\u043e\u0431\u043b\u0438\u0432\u043e \u0443 \u0432\u0435\u043b\u0438\u043a\u0438\u0445 \u0441\u0438\u0441\u0442\u0435\u043c\u0430\u0445 \u043e\u0445\u043e\u043b\u043e\u0434\u0436\u0435\u043d\u043d\u044f \u0442\u0430 \u043a\u043e\u043d\u0434\u0438\u0446\u0456\u043e\u043d\u0443\u0432\u0430\u043d\u043d\u044f \u043f\u043e\u0432\u0456\u0442\u0440\u044f.<\/li>\n<li><strong>\u041f\u043e\u0434\u043e\u0432\u0436\u0435\u043d\u0438\u0439 \u0442\u0435\u0440\u043c\u0456\u043d \u0441\u043b\u0443\u0436\u0431\u0438 \u0441\u0438\u0441\u0442\u0435\u043c\u0438<\/strong> \u2013 \u0437\u0430\u0445\u0438\u0449\u0430\u0454 \u043a\u043e\u043c\u043f\u043e\u043d\u0435\u043d\u0442\u0438 \u0432\u0456\u0434 \u043c\u0435\u0445\u0430\u043d\u0456\u0447\u043d\u0438\u0445 \u043d\u0430\u0432\u0430\u043d\u0442\u0430\u0436\u0435\u043d\u044c, \u0437\u0430\u043f\u043e\u0431\u0456\u0433\u0430\u044e\u0447\u0438 \u0432\u0438\u0442\u043e\u043a\u0430\u043c \u0445\u043e\u043b\u043e\u0434\u043e\u0430\u0433\u0435\u043d\u0442\u0443 \u0442\u0430 \u043f\u043e\u0448\u043a\u043e\u0434\u0436\u0435\u043d\u043d\u044f\u043c, \u0441\u043f\u0440\u0438\u0447\u0438\u043d\u0435\u043d\u0438\u043c \u0432\u0456\u0431\u0440\u0430\u0446\u0456\u044f\u043c\u0438.<\/li>\n<li><strong>\u0412\u0438\u0441\u043e\u043a\u043e\u044f\u043a\u0456\u0441\u043d\u0456 \u043c\u0430\u0442\u0435\u0440\u0456\u0430\u043b\u0438<\/strong> \u2013 \u0432\u0438\u0433\u043e\u0442\u043e\u0432\u043b\u0435\u043d\u0456 \u0437 \u043d\u0435\u0440\u0436\u0430\u0432\u0456\u044e\u0447\u043e\u0457 \u0441\u0442\u0430\u043b\u0456 \u0442\u0430 \u043c\u0456\u0434\u0456, \u0449\u043e \u0437\u0430\u0431\u0435\u0437\u043f\u0435\u0447\u0443\u0454 \u043c\u0456\u0446\u043d\u0456\u0441\u0442\u044c \u0442\u0430 \u0433\u043d\u0443\u0447\u043a\u0456\u0441\u0442\u044c \u0443 \u0440\u0456\u0437\u043d\u0438\u0445 \u0443\u043c\u043e\u0432\u0430\u0445 \u0432\u0438\u043a\u043e\u0440\u0438\u0441\u0442\u0430\u043d\u043d\u044f.<\/li>\n<li><strong>\u041b\u0435\u0433\u043a\u0435 \u0441\u043a\u043b\u0430\u0434\u0430\u043d\u043d\u044f<\/strong> \u2013 \u0432\u0441\u0442\u0430\u043d\u043e\u0432\u043b\u0435\u043d\u043d\u044f \u043f\u0440\u043e\u0441\u0442\u0435, \u043d\u0435 \u043f\u043e\u0442\u0440\u0435\u0431\u0443\u0454 \u0441\u043f\u0435\u0446\u0456\u0430\u043b\u044c\u043d\u0438\u0445 \u0456\u043d\u0441\u0442\u0440\u0443\u043c\u0435\u043d\u0442\u0456\u0432, \u0441\u0443\u043c\u0456\u0441\u043d\u0438\u0439 \u0437 \u0431\u0456\u043b\u044c\u0448\u0456\u0441\u0442\u044e \u0441\u0438\u0441\u0442\u0435\u043c \u043e\u043f\u0430\u043b\u0435\u043d\u043d\u044f, \u0432\u0435\u043d\u0442\u0438\u043b\u044f\u0446\u0456\u0457 \u0442\u0430 \u043a\u043e\u043d\u0434\u0438\u0446\u0456\u043e\u043d\u0443\u0432\u0430\u043d\u043d\u044f \u043f\u043e\u0432\u0456\u0442\u0440\u044f.<\/li>\n<\/ol>\n<h3><span class=\"ez-toc-section\" id=\"Constructia_vibroizolatorului_pentru_compresor_12%E2%80%B3\"><\/span><strong>\u041a\u043e\u043d\u0441\u0442\u0440\u0443\u043a\u0446\u0456\u044f \u0432\u0456\u0431\u0440\u043e\u0456\u0437\u043e\u043b\u044f\u0442\u043e\u0440\u0430 \u043a\u043e\u043c\u043f\u0440\u0435\u0441\u043e\u0440\u0430 1\/2\u2033<\/strong><span class=\"ez-toc-section-end\"><\/span><\/h3>\n<p>\u0412\u0456\u0431\u0440\u043e\u0456\u0437\u043e\u043b\u044f\u0442\u043e\u0440 \u0434\u043b\u044f \u043a\u043e\u043c\u043f\u0440\u0435\u0441\u043e\u0440\u0430 1\/2\u2033<\/p>\n<ul>\n<li><strong>\u0413\u043e\u0444\u0440\u043e\u0432\u0430\u043d\u0438\u0439 \u0448\u043b\u0430\u043d\u0433 \u0437 \u043d\u0435\u0440\u0436\u0430\u0432\u0456\u044e\u0447\u043e\u0457 \u0441\u0442\u0430\u043b\u0456<\/strong> \u2013 \u0437\u0430\u0431\u0435\u0437\u043f\u0435\u0447\u0443\u0454 \u0433\u043d\u0443\u0447\u043a\u0456\u0441\u0442\u044c \u0442\u0430 \u0435\u0444\u0435\u043a\u0442\u0438\u0432\u043d\u0435 \u043f\u043e\u0433\u043b\u0438\u043d\u0430\u043d\u043d\u044f \u0432\u0456\u0431\u0440\u0430\u0446\u0456\u0439.<\/li>\n<li><strong>\u0410\u0440\u043c\u0430\u0442\u0443\u0440\u043d\u0438\u0439 \u0434\u0440\u0456\u0442 \u0437 \u043d\u0435\u0440\u0436\u0430\u0432\u0456\u044e\u0447\u043e\u0457 \u0441\u0442\u0430\u043b\u0456<\/strong> \u2013 \u0434\u043b\u044f \u043f\u0456\u0434\u0432\u0438\u0449\u0435\u043d\u043e\u0457 \u043c\u0456\u0446\u043d\u043e\u0441\u0442\u0456 \u0442\u0430 \u0434\u043e\u0432\u0433\u043e\u0432\u0456\u0447\u043d\u043e\u0441\u0442\u0456.<\/li>\n<li><strong>\u041b\u0430\u0442\u0443\u043d\u043d\u0456 \u0430\u0431\u043e \u043c\u0456\u0434\u043d\u0456 \u0444\u0456\u0442\u0438\u043d\u0433\u0438<\/strong> \u2013 \u043d\u0430 \u043a\u0456\u043d\u0446\u044f\u0445, \u0434\u043b\u044f \u043d\u0430\u0434\u0456\u0439\u043d\u0438\u0445 \u0442\u0430 \u0433\u0435\u0440\u043c\u0435\u0442\u0438\u0447\u043d\u0438\u0445 \u0437\u2019\u0454\u0434\u043d\u0430\u043d\u044c.<\/li>\n<li><strong>\u0417\u0432\u0430\u0440\u044e\u0432\u0430\u043d\u043d\u044f \u0437\u0430 \u0432\u0438\u0441\u043e\u043a\u043e\u0457 \u0442\u0435\u043c\u043f\u0435\u0440\u0430\u0442\u0443\u0440\u0438<\/strong> \u2013 \u0434\u043b\u044f \u043c\u0456\u0446\u043d\u0438\u0445 \u0442\u0430 \u0442\u0435\u0440\u043c\u043e\u0441\u0442\u0456\u0439\u043a\u0438\u0445 \u0437\u2019\u0454\u0434\u043d\u0430\u043d\u044c.<\/li>\n<\/ul>\n<p>\u041a\u043e\u0436\u0435\u043d \u0432\u0456\u0431\u0440\u043e\u0456\u0437\u043e\u043b\u044f\u0442\u043e\u0440 \u043f\u0440\u043e\u0445\u043e\u0434\u0438\u0442\u044c \u0440\u0435\u0442\u0435\u043b\u044c\u043d\u0456 \u0432\u0438\u043f\u0440\u043e\u0431\u0443\u0432\u0430\u043d\u043d\u044f \u043d\u0430 \u0433\u0435\u0440\u043c\u0435\u0442\u0438\u0447\u043d\u0456\u0441\u0442\u044c, \u0432\u043a\u043b\u044e\u0447\u0430\u044e\u0447\u0438 \u0432\u0438\u043a\u043e\u0440\u0438\u0441\u0442\u0430\u043d\u043d\u044f \u0447\u0443\u0442\u043b\u0438\u0432\u043e\u0433\u043e \u043e\u0431\u043b\u0430\u0434\u043d\u0430\u043d\u043d\u044f \u0434\u043b\u044f \u0432\u0438\u044f\u0432\u043b\u0435\u043d\u043d\u044f \u0431\u0443\u0434\u044c-\u044f\u043a\u0438\u0445 \u0432\u0438\u0442\u043e\u043a\u0456\u0432, \u0456 \u0431\u0435\u0437\u043f\u0435\u0447\u043d\u043e \u0443\u043f\u0430\u043a\u043e\u0432\u0443\u0454\u0442\u044c\u0441\u044f \u0434\u043b\u044f \u0437\u0430\u043f\u043e\u0431\u0456\u0433\u0430\u043d\u043d\u044f \u0437\u0430\u0431\u0440\u0443\u0434\u043d\u0435\u043d\u043d\u044e \u043f\u0435\u0440\u0435\u0434 \u0432\u0441\u0442\u0430\u043d\u043e\u0432\u043b\u0435\u043d\u043d\u044f\u043c.<\/p>\n<h3><span class=\"ez-toc-section\" id=\"Utilizarea_vibroizolatorului_pentru_compresor_12%E2%80%B3\"><\/span><strong>\u0412\u0438\u043a\u043e\u0440\u0438\u0441\u0442\u0430\u043d\u043d\u044f \u0432\u0456\u0431\u0440\u043e\u0456\u0437\u043e\u043b\u044f\u0442\u043e\u0440\u0430 \u043a\u043e\u043c\u043f\u0440\u0435\u0441\u043e\u0440\u0430 1\/2 \u0434\u044e\u0439\u043c\u0430<\/strong><span class=\"ez-toc-section-end\"><\/span><\/h3>\n<p>\u0412\u0456\u043d \u043b\u0435\u0433\u043a\u043e \u043c\u043e\u043d\u0442\u0443\u0454\u0442\u044c\u0441\u044f \u0432 \u0440\u0456\u0437\u043d\u0456 \u0441\u0438\u0441\u0442\u0435\u043c\u0438, \u0434\u043e\u0442\u0440\u0438\u043c\u0443\u044e\u0447\u0438\u0441\u044c \u0440\u0435\u043a\u043e\u043c\u0435\u043d\u0434\u0430\u0446\u0456\u0439:<\/p>\n<ul>\n<li>\u041c\u043e\u043d\u0442\u0430\u0436 \u043d\u0430 \u043f\u0440\u044f\u043c\u0456\u0439 \u043b\u0456\u043d\u0456\u0457 \u0442\u0440\u0443\u0431\u043e\u043f\u0440\u043e\u0432\u043e\u0434\u0443 \u0434\u043b\u044f \u0443\u043d\u0438\u043a\u043d\u0435\u043d\u043d\u044f \u0441\u0442\u0430\u0442\u0438\u0447\u043d\u0438\u0445 \u0430\u0431\u043e \u0441\u0442\u0438\u0441\u043a\u0430\u044e\u0447\u0438\u0445 \u043d\u0430\u043f\u0440\u0443\u0436\u0435\u043d\u044c.<\/li>\n<li>\u0423\u043d\u0438\u043a\u0430\u0439\u0442\u0435 \u043c\u0435\u0445\u0430\u043d\u0456\u0447\u043d\u0438\u0445 \u043f\u043e\u0448\u043a\u043e\u0434\u0436\u0435\u043d\u044c \u043f\u0456\u0434 \u0447\u0430\u0441 \u043c\u043e\u043d\u0442\u0430\u0436\u0443.<\/li>\n<li>\u041d\u0435 \u0432\u0441\u0442\u0430\u043d\u043e\u0432\u043b\u044e\u0439\u0442\u0435 \u043f\u0435\u0440\u043f\u0435\u043d\u0434\u0438\u043a\u0443\u043b\u044f\u0440\u043d\u043e \u0434\u043e \u043d\u0430\u043f\u0440\u044f\u043c\u043a\u0443 \u0440\u043e\u0431\u043e\u0442\u0438 \u043a\u043e\u043c\u043f\u0440\u0435\u0441\u043e\u0440\u0430.<\/li>\n<li>\u0414\u043e\u0442\u0440\u0438\u043c\u0443\u0439\u0442\u0435\u0441\u044c \u0442\u0435\u043c\u043f\u0435\u0440\u0430\u0442\u0443\u0440\u043d\u0438\u0445 \u0443\u043c\u043e\u0432 \u0437\u0432\u0430\u0440\u044e\u0432\u0430\u043d\u043d\u044f, \u0449\u043e\u0431 \u0437\u0430\u043f\u043e\u0431\u0456\u0433\u0442\u0438 \u0432\u0438\u0442\u043e\u043a\u0430\u043c, \u0441\u043f\u0440\u0438\u0447\u0438\u043d\u0435\u043d\u0438\u043c \u043f\u0435\u0440\u0435\u0433\u0440\u0456\u0432\u043e\u043c.<\/li>\n<\/ul>\n<h3><span class=\"ez-toc-section\" id=\"Concluzie\"><\/span><strong>\u0412\u0438\u0441\u043d\u043e\u0432\u043e\u043a<\/strong><span class=\"ez-toc-section-end\"><\/span><\/h3>\n<p>Acest vibroizolator pentru compresor 1\/2 este o component\u0103 esen\u021bial\u0103 pentru sistemele de r\u0103cire \u0219i climatizare, reduc\u00e2nd zgomotul \u0219i vibra\u021biile, protej\u00e2nd componentele \u0219i prelungind durata de via\u021b\u0103 a echipamentelor. Montajul corect \u0219i utilizarea adecvat\u0103 asigur\u0103 func\u021bionare stabil\u0103 \u0219i eficient\u0103, fiind indispensabil \u00een instala\u021biile de aer condi\u021bionat, frigidere \u0219i pompe de c\u0103ldur\u0103. Acest dispozitiv protejeaz\u0103 sistemul de deterior\u0103ri, cre\u0219te fiabilitatea \u0219i reduce costurile de \u00eentre\u021binere pe termen lung.<\/p>\n<hr \/>\n<p>\u00a0<\/p>","protected":false},"excerpt":{"rendered":"<p>Diametru: 12 mm (1\/2&#8243;)<br \/>\nTip:\u00a0 Amortizor de vibra\u021bii<br \/>\nLungime: mm 239<br \/>\nDiametru total: mm 19<br \/>\nPresiune de lucru la -40\/+50\u00b0C:\u00a0 3,4 MPa<\/p>","protected":false},"featured_media":2374,"comment_status":"open","ping_status":"closed","template":"","meta":{"_acf_changed":false,"_kad_post_transparent":"default","_kad_post_title":"","_kad_post_layout":"default","_kad_post_sidebar_id":"","_kad_post_content_style":"default","_kad_post_vertical_padding":"default","_kad_post_feature":"","_kad_post_feature_position":"","_kad_post_header":false,"_kad_post_footer":false},"product_brand":[],"product_cat":[183,280],"product_tag":[328,190],"class_list":{"0":"post-3031","1":"product","2":"type-product","3":"status-publish","4":"has-post-thumbnail","6":"product_cat-catalog","7":"product_cat-piese-de-schimb","8":"product_tag-amortizor-de-vibratii","9":"product_tag-pompa-de-caldura","10":"product_shipping_class-greutate-mica","12":"first","13":"instock","14":"sale","15":"taxable","16":"shipping-taxable","17":"purchasable","18":"product-type-simple","19":"entry","20":"content-bg","21":"loop-entry"},"acf":[],"_links":{"self":[{"href":"https:\/\/altal.ro\/uk\/wp-json\/wp\/v2\/product\/3031","targetHints":{"allow":["GET"]}}],"collection":[{"href":"https:\/\/altal.ro\/uk\/wp-json\/wp\/v2\/product"}],"about":[{"href":"https:\/\/altal.ro\/uk\/wp-json\/wp\/v2\/types\/product"}],"replies":[{"embeddable":true,"href":"https:\/\/altal.ro\/uk\/wp-json\/wp\/v2\/comments?post=3031"}],"version-history":[{"count":5,"href":"https:\/\/altal.ro\/uk\/wp-json\/wp\/v2\/product\/3031\/revisions"}],"predecessor-version":[{"id":7654,"href":"https:\/\/altal.ro\/uk\/wp-json\/wp\/v2\/product\/3031\/revisions\/7654"}],"wp:featuredmedia":[{"embeddable":true,"href":"https:\/\/altal.ro\/uk\/wp-json\/wp\/v2\/media\/2374"}],"wp:attachment":[{"href":"https:\/\/altal.ro\/uk\/wp-json\/wp\/v2\/media?parent=3031"}],"wp:term":[{"taxonomy":"product_brand","embeddable":true,"href":"https:\/\/altal.ro\/uk\/wp-json\/wp\/v2\/product_brand?post=3031"},{"taxonomy":"product_cat","embeddable":true,"href":"https:\/\/altal.ro\/uk\/wp-json\/wp\/v2\/product_cat?post=3031"},{"taxonomy":"product_tag","embeddable":true,"href":"https:\/\/altal.ro\/uk\/wp-json\/wp\/v2\/product_tag?post=3031"}],"curies":[{"name":"wp","href":"https:\/\/api.w.org\/{rel}","templated":true}]}}