{"id":2928,"date":"2025-06-16T00:28:41","date_gmt":"2025-06-16T00:28:41","guid":{"rendered":"https:\/\/altal.ro\/?post_type=product&#038;p=2928"},"modified":"2025-07-23T02:06:31","modified_gmt":"2025-07-22T23:06:31","slug":"kontaktor-cjx93p40a","status":"publish","type":"product","link":"https:\/\/altal.ro\/uk\/kontaktor-cjx93p40a\/","title":{"rendered":"\u041a\u043e\u043d\u0442\u0430\u043a\u0442\u043e\u0440 CJX93P40A \u0434\u043b\u044f \u043a\u043e\u043c\u043f\u0440\u0435\u0441\u043e\u0440\u0430 \u0442\u0435\u043f\u043b\u043e\u0432\u043e\u0433\u043e \u043d\u0430\u0441\u043e\u0441\u0430"},"content":{"rendered":"<div id=\"ez-toc-container\" class=\"ez-toc-v2_0_82_2 counter-hierarchy ez-toc-counter ez-toc-grey ez-toc-container-direction\">\n<div class=\"ez-toc-title-container\">\n<p class=\"ez-toc-title\" style=\"cursor:inherit\">\u0432\u043c\u0456\u0441\u0442<\/p>\n<span class=\"ez-toc-title-toggle\"><a href=\"#\" class=\"ez-toc-pull-right ez-toc-btn ez-toc-btn-xs ez-toc-btn-default ez-toc-toggle\" aria-label=\"Toggle Table of Content\"><span class=\"ez-toc-js-icon-con\"><span class=\"\"><span class=\"eztoc-hide\" style=\"display:none;\">\u041f\u0435\u0440\u0435\u043c\u0438\u043a\u0430\u0447<\/span><span class=\"ez-toc-icon-toggle-span\"><svg style=\"fill: #999;color:#999\" xmlns=\"http:\/\/www.w3.org\/2000\/svg\" class=\"list-377408\" width=\"20px\" height=\"20px\" viewbox=\"0 0 24 24\" fill=\"none\"><path d=\"M6 6H4v2h2V6zm14 0H8v2h12V6zM4 11h2v2H4v-2zm16 0H8v2h12v-2zM4 16h2v2H4v-2zm16 0H8v2h12v-2z\" fill=\"currentColor\"><\/path><\/svg><svg style=\"fill: #999;color:#999\" class=\"arrow-unsorted-368013\" xmlns=\"http:\/\/www.w3.org\/2000\/svg\" width=\"10px\" height=\"10px\" viewbox=\"0 0 24 24\" version=\"1.2\" baseprofile=\"tiny\"><path d=\"M18.2 9.3l-6.2-6.3-6.2 6.3c-.2.2-.3.4-.3.7s.1.5.3.7c.2.2.4.3.7.3h11c.3 0 .5-.1.7-.3.2-.2.3-.5.3-.7s-.1-.5-.3-.7zM5.8 14.7l6.2 6.3 6.2-6.3c.2-.2.3-.5.3-.7s-.1-.5-.3-.7c-.2-.2-.4-.3-.7-.3h-11c-.3 0-.5.1-.7.3-.2.2-.3.5-.3.7s.1.5.3.7z\"\/><\/svg><\/span><\/span><\/span><\/a><\/span><\/div>\n<nav><ul class='ez-toc-list ez-toc-list-level-1' ><li class='ez-toc-page-1 ez-toc-heading-level-2'><a class=\"ez-toc-link ez-toc-heading-1\" href=\"https:\/\/altal.ro\/uk\/kontaktor-cjx93p40a\/#Contactor_CJX93P40A_pentru_compresor_pompa_de_caldura\">\u041a\u043e\u043d\u0442\u0430\u043a\u0442\u043e\u0440 CJX93P40A \u0434\u043b\u044f \u043a\u043e\u043c\u043f\u0440\u0435\u0441\u043e\u0440\u0430 \u0442\u0435\u043f\u043b\u043e\u0432\u043e\u0433\u043e \u043d\u0430\u0441\u043e\u0441\u0430<\/a><ul class='ez-toc-list-level-4' ><li class='ez-toc-heading-level-4'><ul class='ez-toc-list-level-4' ><li class='ez-toc-heading-level-4'><a class=\"ez-toc-link ez-toc-heading-2\" href=\"https:\/\/altal.ro\/uk\/kontaktor-cjx93p40a\/#Tabel_de_conversie_a_caracteristicilor_nominale\">\u0422\u0430\u0431\u043b\u0438\u0446\u044f \u043f\u0435\u0440\u0435\u0442\u0432\u043e\u0440\u0435\u043d\u043d\u044f \u043d\u043e\u043c\u0456\u043d\u0430\u043b\u044c\u043d\u0438\u0445 \u0445\u0430\u0440\u0430\u043a\u0442\u0435\u0440\u0438\u0441\u0442\u0438\u043a<\/a><\/li><\/ul><\/li><\/ul><\/li><li class='ez-toc-page-1 ez-toc-heading-level-2'><a class=\"ez-toc-link ez-toc-heading-3\" href=\"https:\/\/altal.ro\/uk\/kontaktor-cjx93p40a\/#Contactor_CJX93P40A_pentru_compresor_Caracteristici_nominale_in_functie_de_sarcina\">\u041a\u043e\u043d\u0442\u0430\u043a\u0442\u043e\u0440 CJX93P40A \u0434\u043b\u044f \u043a\u043e\u043c\u043f\u0440\u0435\u0441\u043e\u0440\u0430. \u041d\u043e\u043c\u0456\u043d\u0430\u043b\u044c\u043d\u0456 \u0445\u0430\u0440\u0430\u043a\u0442\u0435\u0440\u0438\u0441\u0442\u0438\u043a\u0438 \u0437\u0430\u043b\u0435\u0436\u043d\u043e \u0432\u0456\u0434 \u043d\u0430\u0432\u0430\u043d\u0442\u0430\u0436\u0435\u043d\u043d\u044f<\/a><ul class='ez-toc-list-level-3' ><li class='ez-toc-heading-level-3'><a class=\"ez-toc-link ez-toc-heading-4\" href=\"https:\/\/altal.ro\/uk\/kontaktor-cjx93p40a\/#Categoriile_de_sarcina\">\u041a\u0430\u0442\u0435\u0433\u043e\u0440\u0456\u0457 \u0437\u0430\u0432\u0434\u0430\u043d\u044c<\/a><\/li><li class='ez-toc-page-1 ez-toc-heading-level-3'><a class=\"ez-toc-link ez-toc-heading-5\" href=\"https:\/\/altal.ro\/uk\/kontaktor-cjx93p40a\/#Constructia_contactelor_si_a_magnetului\">\u041a\u043e\u043d\u0441\u0442\u0440\u0443\u043a\u0446\u0456\u044f \u043a\u043e\u043d\u0442\u0430\u043a\u0442\u0456\u0432 \u0442\u0430 \u043c\u0430\u0433\u043d\u0456\u0442\u0456\u0432<\/a><\/li><li class='ez-toc-page-1 ez-toc-heading-level-3'><a class=\"ez-toc-link ez-toc-heading-6\" href=\"https:\/\/altal.ro\/uk\/kontaktor-cjx93p40a\/#Contacte_auxiliare_NC1\">\u0414\u043e\u043f\u043e\u043c\u0456\u0436\u043d\u0456 \u043a\u043e\u043d\u0442\u0430\u043a\u0442\u0438 NC1<\/a><\/li><li class='ez-toc-page-1 ez-toc-heading-level-3'><a class=\"ez-toc-link ez-toc-heading-7\" href=\"https:\/\/altal.ro\/uk\/kontaktor-cjx93p40a\/#Seria_de_contactori_CJX9\">\u0421\u0435\u0440\u0456\u044f \u043a\u043e\u043d\u0442\u0430\u043a\u0442\u043e\u0440\u0456\u0432 CJX9<\/a><\/li><li class='ez-toc-page-1 ez-toc-heading-level-3'><a class=\"ez-toc-link ez-toc-heading-8\" href=\"https:\/\/altal.ro\/uk\/kontaktor-cjx93p40a\/#Caracteristici_tehnice\">\u0422\u0435\u0445\u043d\u0456\u0447\u043d\u0456 \u0445\u0430\u0440\u0430\u043a\u0442\u0435\u0440\u0438\u0441\u0442\u0438\u043a\u0438<\/a><\/li><\/ul><\/li><\/ul><\/nav><\/div>\n\n<h2><span class=\"ez-toc-section\" id=\"Contactor_CJX93P40A_pentru_compresor_pompa_de_caldura\"><\/span>\u041a\u043e\u043d\u0442\u0430\u043a\u0442\u043e\u0440 CJX93P40A \u0434\u043b\u044f \u043a\u043e\u043c\u043f\u0440\u0435\u0441\u043e\u0440\u0430 \u0442\u0435\u043f\u043b\u043e\u0432\u043e\u0433\u043e \u043d\u0430\u0441\u043e\u0441\u0430<span class=\"ez-toc-section-end\"><\/span><\/h2>\n<p>\u0426\u0435\u0439 \u043a\u043e\u043c\u043f\u0440\u0435\u0441\u043e\u0440\u043d\u0438\u0439 \u043a\u043e\u043d\u0442\u0430\u043a\u0442\u043e\u0440 CJX93P40A \u0440\u043e\u0437\u0440\u0430\u0445\u043e\u0432\u0430\u043d\u0438\u0439 \u043d\u0430 \u043d\u043e\u043c\u0456\u043d\u0430\u043b\u044c\u043d\u0438\u0439 \u0441\u0442\u0440\u0443\u043c <strong>40\u0410<\/strong>\u041a\u043e\u043b\u0438 \u043d\u0430 \u043a\u043e\u0442\u0443\u0448\u043a\u0443 \u043a\u0435\u0440\u0443\u0432\u0430\u043d\u043d\u044f \u043f\u043e\u0434\u0430\u0454\u0442\u044c\u0441\u044f \u043d\u0430\u043f\u0440\u0443\u0433\u0430, \u043a\u043e\u043d\u0442\u0430\u043a\u0442\u043e\u0440 \u043f\u0435\u0440\u0435\u043c\u0438\u043a\u0430\u0454\u0442\u044c\u0441\u044f, \u0437\u0430\u043c\u0438\u043a\u0430\u044e\u0447\u0438 \u0433\u043e\u043b\u043e\u0432\u043d\u0456 \u043a\u043e\u043d\u0442\u0430\u043a\u0442\u0438. \u0412\u0430\u0436\u043b\u0438\u0432\u043e \u0437\u0430\u0437\u043d\u0430\u0447\u0438\u0442\u0438, \u0449\u043e \u043d\u0430\u043f\u0440\u0443\u0433\u0430 \u0432 \u043a\u043e\u043b\u0456 \u043a\u0435\u0440\u0443\u0432\u0430\u043d\u043d\u044f \u043f\u043e\u0432\u0438\u043d\u043d\u0430 \u0431\u0443\u0442\u0438 230 \u0412. \u0426\u0435\u0439 \u043a\u043e\u043d\u0442\u0430\u043a\u0442\u043e\u0440 \u043f\u0456\u0434\u0445\u043e\u0434\u0438\u0442\u044c \u0434\u043b\u044f \u0437\u0430\u043f\u0443\u0441\u043a\u0443 \u043a\u043e\u043c\u043f\u0440\u0435\u0441\u043e\u0440\u0456\u0432. <a href=\"https:\/\/altal.ro\/uk\/teplovye-nasosi-altal\/\" target=\"_blank\" rel=\"noopener\">\u0442\u0435\u043f\u043b\u043e\u0432\u0456 \u043d\u0430\u0441\u043e\u0441\u0438<\/a> \u0437 \u0444\u0456\u043a\u0441\u043e\u0432\u0430\u043d\u043e\u044e \u0448\u0432\u0438\u0434\u043a\u0456\u0441\u0442\u044e. \u0419\u043e\u0433\u043e \u0442\u0430\u043a\u043e\u0436 \u043c\u043e\u0436\u043d\u0430 \u0432\u0438\u043a\u043e\u0440\u0438\u0441\u0442\u043e\u0432\u0443\u0432\u0430\u0442\u0438 \u044f\u043a \u043f\u0435\u0440\u0435\u043c\u0438\u043a\u0430\u0447 \u0434\u043b\u044f \u043f\u043e\u0442\u0443\u0436\u043d\u043e\u0433\u043e \u043f\u0435\u0440\u0438\u0444\u0435\u0440\u0456\u0439\u043d\u043e\u0433\u043e \u043e\u0431\u043b\u0430\u0434\u043d\u0430\u043d\u043d\u044f, \u0442\u0430\u043a\u043e\u0433\u043e \u044f\u043a \u0446\u0438\u0440\u043a\u0443\u043b\u044f\u0446\u0456\u0439\u043d\u0456 \u043d\u0430\u0441\u043e\u0441\u0438, \u0435\u043b\u0435\u043a\u0442\u0440\u043e\u043d\u0430\u0433\u0440\u0456\u0432\u0430\u0447\u0456 \u0442\u0430 \u0456\u043d\u0448\u0435 \u043e\u0431\u043b\u0430\u0434\u043d\u0430\u043d\u043d\u044f.<\/p>\n<h4><span class=\"ez-toc-section\" id=\"Tabel_de_conversie_a_caracteristicilor_nominale\"><\/span>\u0422\u0430\u0431\u043b\u0438\u0446\u044f \u043f\u0435\u0440\u0435\u0442\u0432\u043e\u0440\u0435\u043d\u043d\u044f \u043d\u043e\u043c\u0456\u043d\u0430\u043b\u044c\u043d\u0438\u0445 \u0445\u0430\u0440\u0430\u043a\u0442\u0435\u0440\u0438\u0441\u0442\u0438\u043a<span class=\"ez-toc-section-end\"><\/span><\/h4>\n<table style=\"width: 45.5625%\" border=\"1\" width=\"37.9797%\">\n<tbody>\n<tr>\n<td style=\"width: 38.8299%\" width=\"236\"><strong>\u0420\u043e\u0431\u043e\u0447\u0430 \u043d\u0430\u043f\u0440\u0443\u0433\u0430<\/strong><\/td>\n<td style=\"width: 27.5071%;text-align: center\" colspan=\"2\" width=\"198\"><strong>\u041d\u043e\u043c\u0456\u043d\u0430\u043b\u044c\u043d\u0438\u0439 \u0441\u0442\u0440\u0443\u043c<\/strong><\/td>\n<td style=\"width: 28.234%;text-align: center\" colspan=\"2\" width=\"217\"><strong>\u041d\u043e\u043c\u0456\u043d\u0430\u043b\u044c\u043d\u0430 \u043f\u043e\u0442\u0443\u0436\u043d\u0456\u0441\u0442\u044c<\/strong><\/td>\n<\/tr>\n<tr>\n<td style=\"width: 38.8299%\" width=\"236\">\u041a\u043e\u043d\u0442\u0430\u043a\u0442\u043e\u0440 CJX93P40A \u0434\u043b\u044f \u043a\u043e\u043c\u043f\u0440\u0435\u0441\u043e\u0440\u0430<\/td>\n<td style=\"width: 12.7685%;text-align: center\" width=\"66\"><strong>AC3<\/strong><\/td>\n<td style=\"width: 14.7386%;text-align: center\" width=\"132\"><strong>AC4<\/strong><\/td>\n<td style=\"width: 14.3962%;text-align: center\" width=\"104\"><strong>AC3<\/strong><\/td>\n<td style=\"width: 13.8378%;text-align: center\" width=\"113\"><strong>AC4<\/strong><\/td>\n<\/tr>\n<tr>\n<td style=\"width: 38.8299%\" width=\"236\">50 \u0413\u0446, 220\/230 \u0412<\/td>\n<td style=\"width: 12.7685%;text-align: center\" width=\"66\">&#8211;<\/td>\n<td style=\"width: 14.7386%;text-align: center\" width=\"132\">&#8211;<\/td>\n<td style=\"width: 14.3962%;text-align: center\" width=\"104\">11 \u043a\u0412\u0442<\/td>\n<td style=\"width: 13.8378%;text-align: center\" width=\"113\">&#8211;<\/td>\n<\/tr>\n<tr>\n<td style=\"width: 38.8299%\" width=\"236\">50 \u0413\u0446, 380\/400 \u0412<\/td>\n<td style=\"width: 12.7685%;text-align: center\" width=\"66\">40\u0410<\/td>\n<td style=\"width: 14.7386%;text-align: center\" width=\"132\">18,5 \u0410<\/td>\n<td style=\"width: 14.3962%;text-align: center\" width=\"104\">18,5 \u043a\u0412\u0442<\/td>\n<td style=\"width: 13.8378%;text-align: center\" width=\"113\">7,5 \u043a\u0412\u0442<\/td>\n<\/tr>\n<tr>\n<td style=\"width: 38.8299%\" width=\"236\">50 \u0413\u0446, 660\/690 \u0412<\/td>\n<td style=\"width: 12.7685%;text-align: center\" width=\"66\">34\u0410<\/td>\n<td style=\"width: 14.7386%;text-align: center\" width=\"132\">9\u0410<\/td>\n<td style=\"width: 14.3962%;text-align: center\" width=\"104\">30 \u043a\u0412\u0442<\/td>\n<td style=\"width: 13.8378%;text-align: center\" width=\"113\">7,5 \u043a\u0412\u0442<\/td>\n<\/tr>\n<\/tbody>\n<\/table>\n<h2><span class=\"ez-toc-section\" id=\"Contactor_CJX93P40A_pentru_compresor_Caracteristici_nominale_in_functie_de_sarcina\"><\/span><strong>\u041a\u043e\u043d\u0442\u0430\u043a\u0442\u043e\u0440 CJX93P40A \u0434\u043b\u044f \u043a\u043e\u043c\u043f\u0440\u0435\u0441\u043e\u0440\u0430. \u041d\u043e\u043c\u0456\u043d\u0430\u043b\u044c\u043d\u0456 \u0445\u0430\u0440\u0430\u043a\u0442\u0435\u0440\u0438\u0441\u0442\u0438\u043a\u0438 \u0437\u0430\u043b\u0435\u0436\u043d\u043e \u0432\u0456\u0434 \u043d\u0430\u0432\u0430\u043d\u0442\u0430\u0436\u0435\u043d\u043d\u044f<\/strong><span class=\"ez-toc-section-end\"><\/span><\/h2>\n<p>\u041f\u0456\u0434\u043a\u043b\u044e\u0447\u0435\u043d\u0435 \u043d\u0430\u0432\u0430\u043d\u0442\u0430\u0436\u0435\u043d\u043d\u044f \u0442\u0430 \u043d\u0430\u043f\u0440\u0443\u0433\u0430 \u0436\u0438\u0432\u043b\u0435\u043d\u043d\u044f \u0431\u0435\u0437\u043f\u043e\u0441\u0435\u0440\u0435\u0434\u043d\u044c\u043e \u0432\u043f\u043b\u0438\u0432\u0430\u044e\u0442\u044c \u043d\u0430 \u043d\u043e\u043c\u0456\u043d\u0430\u043b\u044c\u043d\u0456 \u0445\u0430\u0440\u0430\u043a\u0442\u0435\u0440\u0438\u0441\u0442\u0438\u043a\u0438 \u043a\u043e\u043d\u0442\u0430\u043a\u0442\u043e\u0440\u0430. \u041d\u0430\u043f\u0440\u0438\u043a\u043b\u0430\u0434, \u043d\u043e\u043c\u0456\u043d\u0430\u043b\u044c\u043d\u0438\u0439 \u0441\u0442\u0440\u0443\u043c <strong>40\u0410<\/strong>, \u0437\u0430\u0437\u043d\u0430\u0447\u0435\u043d\u0438\u0439 \u043d\u0430 \u043a\u043e\u0440\u043f\u0443\u0441\u0456 \u0442\u0430 \u0432 \u043d\u0430\u0437\u0432\u0456 \u043f\u0440\u0438\u0441\u0442\u0440\u043e\u044e, \u0441\u0442\u043e\u0441\u0443\u0454\u0442\u044c\u0441\u044f \u0441\u0442\u0430\u043d\u0434\u0430\u0440\u0442\u043d\u043e\u0433\u043e \u0432\u0438\u043a\u043e\u0440\u0438\u0441\u0442\u0430\u043d\u043d\u044f \u2014 \u043a\u0435\u0440\u0443\u0432\u0430\u043d\u043d\u044f \u0435\u043b\u0435\u043a\u0442\u0440\u043e\u0434\u0432\u0438\u0433\u0443\u043d\u0430\u043c\u0438 \u0437 \u0442\u0440\u0438\u0444\u0430\u0437\u043d\u0438\u043c \u0436\u0438\u0432\u043b\u0435\u043d\u043d\u044f\u043c 380 \u0412 \u043a\u0430\u0442\u0435\u0433\u043e\u0440\u0456\u0457 <strong>AC-3<\/strong>.<\/p>\n<h3><span class=\"ez-toc-section\" id=\"Categoriile_de_sarcina\"><\/span>\u041a\u0430\u0442\u0435\u0433\u043e\u0440\u0456\u0457 \u0437\u0430\u0432\u0434\u0430\u043d\u044c<span class=\"ez-toc-section-end\"><\/span><\/h3>\n<p>\u0426\u0435\u0439 \u043a\u043e\u043d\u0442\u0430\u043a\u0442\u043e\u0440 \u043a\u043e\u043c\u043f\u0440\u0435\u0441\u043e\u0440\u0430 CJX93P40A \u0440\u043e\u0437\u0440\u0430\u0445\u043e\u0432\u0430\u043d\u0438\u0439 \u043d\u0430 \u0441\u0442\u0430\u043d\u0434\u0430\u0440\u0442\u043d\u0435 \u043d\u0430\u0432\u0430\u043d\u0442\u0430\u0436\u0435\u043d\u043d\u044f <strong>18,5 \u043a\u0412\u0442<\/strong>\u0414\u043b\u044f \u043c\u0435\u043d\u0448 \u0432\u0438\u043c\u043e\u0433\u043b\u0438\u0432\u0438\u0445 \u0437\u0430\u0441\u0442\u043e\u0441\u0443\u0432\u0430\u043d\u044c, \u0442\u0430\u043a\u0438\u0445 \u044f\u043a \u043b\u0430\u043c\u043f\u0438 \u0440\u043e\u0437\u0436\u0430\u0440\u044e\u0432\u0430\u043d\u043d\u044f \u0430\u0431\u043e \u0435\u043b\u0435\u043a\u0442\u0440\u0438\u0447\u043d\u0456 \u0440\u0435\u0437\u0438\u0441\u0442\u043e\u0440\u0438 (\u0422\u0415\u041d), \u043d\u0430\u0439\u0431\u0456\u043b\u044c\u0448 \u043f\u0456\u0434\u0445\u043e\u0434\u044f\u0449\u043e\u044e \u043a\u0430\u0442\u0435\u0433\u043e\u0440\u0456\u0454\u044e \u0454 <a href=\"https:\/\/en.wikipedia.org\/wiki\/Utilization_categories\" target=\"_blank\" rel=\"noopener\"><strong>AC-1<\/strong><\/a>\u0417 \u0456\u043d\u0448\u043e\u0433\u043e \u0431\u043e\u043a\u0443, \u044f\u043a\u0449\u043e \u043f\u0440\u0438\u0441\u0442\u0440\u0456\u0439 \u043a\u0435\u0440\u0443\u0454 \u0434\u0432\u0438\u0433\u0443\u043d\u0430\u043c\u0438 \u0437 \u0432\u0430\u0436\u043a\u0438\u043c\u0438 \u043c\u0435\u0445\u0430\u043d\u0456\u0437\u043c\u0430\u043c\u0438 \u0430\u0431\u043e \u0437\u043c\u0456\u043d\u043e\u044e \u043d\u0430\u043f\u0440\u044f\u043c\u043a\u0443 \u043e\u0431\u0435\u0440\u0442\u0430\u043d\u043d\u044f, \u0446\u044f \u043a\u0430\u0442\u0435\u0433\u043e\u0440\u0456\u044f \u0454 \u043a\u0440\u0430\u0449\u043e\u044e. <a href=\"https:\/\/en.wikipedia.org\/wiki\/Utilization_categories\" target=\"_blank\" rel=\"noopener\"><strong>AC-4<\/strong><\/a>.<\/p>\n<h3><span class=\"ez-toc-section\" id=\"Constructia_contactelor_si_a_magnetului\"><\/span>\u041a\u043e\u043d\u0441\u0442\u0440\u0443\u043a\u0446\u0456\u044f \u043a\u043e\u043d\u0442\u0430\u043a\u0442\u0456\u0432 \u0442\u0430 \u043c\u0430\u0433\u043d\u0456\u0442\u0456\u0432<span class=\"ez-toc-section-end\"><\/span><\/h3>\n<p>\u041a\u043e\u043d\u0442\u0430\u043a\u0442\u043e\u0440 CJX93P40\u0410 \u0432\u0438\u043a\u043e\u0440\u0438\u0441\u0442\u043e\u0432\u0443\u0454 \u043a\u043b\u0430\u0441\u0438\u0447\u043d\u0443 \u0441\u0445\u0435\u043c\u0443 \u043f\u043e\u0434\u0432\u0456\u0439\u043d\u043e\u0433\u043e \u0440\u043e\u0437\u0440\u0438\u0432\u0443. \u041a\u0440\u0456\u043c \u0442\u043e\u0433\u043e, \u0446\u0435\u043d\u0442\u0440\u0430\u043b\u044c\u043d\u0430 \u0440\u0443\u0445\u043e\u043c\u0430 \u0447\u0430\u0441\u0442\u0438\u043d\u0430 \u043e\u0441\u043d\u0430\u0449\u0435\u043d\u0430 \u043f\u0440\u0443\u0436\u0438\u043d\u043e\u044e \u0434\u043b\u044f \u043f\u0456\u0434\u0432\u0438\u0449\u0435\u043d\u043d\u044f \u043d\u0430\u0434\u0456\u0439\u043d\u043e\u0441\u0442\u0456. \u0412\u0438\u0440\u043e\u0431\u043d\u0438\u043a\u0438 \u043f\u0435\u0440\u0435\u0434\u0431\u0430\u0447\u0438\u043b\u0438 \u043a\u0440\u0456\u043f\u043b\u0435\u043d\u043d\u044f \u043c\u0430\u0433\u043d\u0456\u0442\u043d\u0438\u0445 \u043f\u043b\u0430\u0441\u0442\u0438\u043d \u0443 12 \u043c\u0456\u0441\u0446\u044f\u0445, \u0448\u0456\u0441\u0442\u044c \u0437 \u043d\u0438\u0445 - \u0437\u0430 \u0434\u043e\u043f\u043e\u043c\u043e\u0433\u043e\u044e \u043c\u043e\u043b\u043e\u0442\u043a\u0430, \u0434\u043b\u044f \u0437\u0431\u0456\u043b\u044c\u0448\u0435\u043d\u043d\u044f \u043c\u0456\u0446\u043d\u043e\u0441\u0442\u0456 \u043a\u043e\u043d\u0441\u0442\u0440\u0443\u043a\u0446\u0456\u0457. \u0414\u043b\u044f \u0437\u043c\u0435\u043d\u0448\u0435\u043d\u043d\u044f \u0432\u0456\u0431\u0440\u0430\u0446\u0456\u0439 \u0434\u043e \u043d\u0435\u0440\u0443\u0445\u043e\u043c\u043e\u0457 \u0447\u0430\u0441\u0442\u0438\u043d\u0438 \u0434\u043e\u0434\u0430\u043d\u0456 \u0433\u0443\u043c\u043e\u0432\u0456 \u0434\u0435\u043c\u043f\u0444\u0435\u0440\u0438, \u0430 \u043d\u0430\u0434\u043c\u0456\u0440\u043d\u043e \u0437\u0430\u0442\u044f\u0433\u043d\u0443\u0442\u0456 \u043a\u043e\u0442\u0443\u0448\u043a\u0438 \u0437\u0430\u043f\u043e\u0431\u0456\u0433\u0430\u044e\u0442\u044c \u0432\u0456\u0434\u0441\u043a\u043e\u043a\u0443 \u044f\u043a\u043e\u0440\u044f \u043f\u0440\u0438 \u043f\u0435\u0440\u0435\u0442\u0438\u043d\u0456 \u0444\u0430\u0437\u0438 \u0447\u0435\u0440\u0435\u0437 \u043d\u0443\u043b\u044c.<\/p>\n<h3><span class=\"ez-toc-section\" id=\"Contacte_auxiliare_NC1\"><\/span>\u0414\u043e\u043f\u043e\u043c\u0456\u0436\u043d\u0456 \u043a\u043e\u043d\u0442\u0430\u043a\u0442\u0438 NC1<span class=\"ez-toc-section-end\"><\/span><\/h3>\n<p>\u0423 \u0441\u0445\u0435\u043c\u0430\u0445 \u043a\u0435\u0440\u0443\u0432\u0430\u043d\u043d\u044f, \u0434\u0435 \u0441\u0442\u0440\u0443\u043c\u0438 \u0442\u0430 \u043d\u0430\u043f\u0440\u0443\u0433\u0438 \u043d\u0438\u0437\u044c\u043a\u0456, \u043f\u0435\u0440\u0435\u043c\u0438\u043a\u0430\u043d\u043d\u044f \u043c\u043e\u0436\u0435 \u0431\u0443\u0442\u0438 \u0443\u0442\u0440\u0443\u0434\u043d\u0435\u043d\u0435 \u0447\u0435\u0440\u0435\u0437 \u043e\u043a\u0441\u0438\u0434\u043d\u0443 \u043f\u043b\u0456\u0432\u043a\u0443 \u043d\u0430 \u043a\u043e\u043d\u0442\u0430\u043a\u0442\u0430\u0445. \u041f\u0456\u0434 \u0447\u0430\u0441 \u043f\u0435\u0440\u0435\u043c\u0438\u043a\u0430\u043d\u043d\u044f \u0440\u0443\u0445\u043e\u043c\u0430 \u0447\u0430\u0441\u0442\u0438\u043d\u0430 \u0437 \u043f\u0440\u0443\u0436\u0438\u043d\u043e\u044e \u0440\u0443\u0445\u0430\u0454\u0442\u044c\u0441\u044f, \u043e\u0447\u0438\u0449\u0430\u044e\u0447\u0438 \u0432\u0435\u0440\u0445\u043d\u0456\u0439 \u0448\u0430\u0440 \u043a\u043e\u043d\u0442\u0430\u043a\u0442\u0456\u0432. \u0412 \u0440\u0435\u0437\u0443\u043b\u044c\u0442\u0430\u0442\u0456 \u043f\u0435\u0440\u043f\u0435\u043d\u0434\u0438\u043a\u0443\u043b\u044f\u0440\u043d\u0430 \u0440\u043e\u0437\u043c\u0456\u0442\u043a\u0430 \u0437\u0431\u0456\u043b\u044c\u0448\u0443\u0454 \u0442\u0435\u0440\u0442\u044f \u0442\u0430 \u0437\u0430\u0431\u0435\u0437\u043f\u0435\u0447\u0443\u0454 \u0449\u0435 \u0435\u0444\u0435\u043a\u0442\u0438\u0432\u043d\u0456\u0448\u0435 \u043e\u0447\u0438\u0449\u0435\u043d\u043d\u044f.<\/p>\n<hr \/>\n<h3><span class=\"ez-toc-section\" id=\"Seria_de_contactori_CJX9\"><\/span>\u0421\u0435\u0440\u0456\u044f \u043a\u043e\u043d\u0442\u0430\u043a\u0442\u043e\u0440\u0456\u0432 CJX9<span class=\"ez-toc-section-end\"><\/span><\/h3>\n<p>Contactor CJX93P40A pentru compresor sunt foarte populari datorit\u0103 construc\u021biei fiabile, bazate pe solu\u021bii testate. \u00cen plus, aceste dispozitive sunt excelente pentru comutarea circuitelor electrice \u00een diverse echipamente industriale. Dac\u0103 combina\u021bi Contactor CJX93P40A pentru compresor cu relee termice, pute\u021bi proteja echipamentele electrice de suprasarcin\u0103. Seria acoper\u0103 o gam\u0103 larg\u0103 de curen\u021bi nominali, de la 9 la 95A, \u0219i ofer\u0103 extindere func\u021bional\u0103 prin module suplimentare:<\/p>\n<ul>\n<li>\u041a\u043e\u043d\u0442\u0430\u043a\u0442\u043e\u0440 \u0456\u0437 \u0437\u0430\u0442\u0440\u0438\u043c\u043a\u043e\u044e \u0447\u0430\u0441\u0443;<\/li>\n<li>\u0420\u0435\u0432\u0435\u0440\u0441\u0438\u0432\u043d\u0438\u0439 \u043a\u043e\u043d\u0442\u0430\u043a\u0442\u043e\u0440;<\/li>\n<li>\u0415\u043b\u0435\u043a\u0442\u0440\u043e\u043c\u0430\u0433\u043d\u0456\u0442\u043d\u0456 \u043f\u0443\u0441\u043a\u043e\u0432\u0456 \u0440\u0435\u043b\u0435;<\/li>\n<li>\u041a\u043e\u043d\u0442\u0430\u043a\u0442\u043e\u0440 \u0434\u043b\u044f \u043a\u0456\u043b KRM;<\/li>\n<li>\u0411\u0430\u0433\u0430\u0442\u043e\u0444\u0443\u043d\u043a\u0446\u0456\u043e\u043d\u0430\u043b\u044c\u043d\u0456 \u043f\u0443\u0441\u043a\u0430\u0447\u0456 \u0437\u0456\u0440\u043a\u0430-\u0442\u0440\u0438\u043a\u0443\u0442\u043d\u0438\u043a.<\/li>\n<\/ul>\n<h3><span class=\"ez-toc-section\" id=\"Caracteristici_tehnice\"><\/span>\u0422\u0435\u0445\u043d\u0456\u0447\u043d\u0456 \u0445\u0430\u0440\u0430\u043a\u0442\u0435\u0440\u0438\u0441\u0442\u0438\u043a\u0438<span class=\"ez-toc-section-end\"><\/span><\/h3>\n<ul>\n<li><strong>\u041d\u0430\u043f\u0440\u0443\u0433\u0430 \u043a\u043e\u043b\u0430:<\/strong> \u0434\u043e 690 \u0412.<\/li>\n<li><strong>\u0427\u0430\u0441\u0442\u043e\u0442\u0430 \u043c\u0435\u0440\u0435\u0436\u0456:<\/strong> \u0434\u043e 60 \u0413\u0446.<\/li>\n<li><strong>\u0421\u0445\u0435\u043c\u0438 \u043a\u0435\u0440\u0443\u0432\u0430\u043d\u043d\u044f:<\/strong> \u0437\u043c\u0456\u043d\u043d\u0438\u0439 \u0430\u0431\u043e \u043f\u043e\u0441\u0442\u0456\u0439\u043d\u0438\u0439 \u0441\u0442\u0440\u0443\u043c (\u043c\u043e\u0434\u0435\u043b\u0456 \u0437 \u043b\u0456\u0442\u0435\u0440\u043e\u044e Z \u043f\u0456\u0434\u0442\u0440\u0438\u043c\u0443\u044e\u0442\u044c \u043f\u043e\u0441\u0442\u0456\u0439\u043d\u0438\u0439 \u0441\u0442\u0440\u0443\u043c).<\/li>\n<li><strong>\u041a\u043e\u0442\u0443\u0448\u043a\u0438 \u043a\u0435\u0440\u0443\u0432\u0430\u043d\u043d\u044f:<\/strong> \u043d\u0430\u043f\u0440\u0443\u0433\u0430 220 \u0412.<\/li>\n<li><strong>\u0427\u0430\u0441 \u0440\u043e\u0431\u043e\u0442\u0438:<\/strong> \u0434\u043e 1200 \u0446\u0438\u043a\u043b\u0456\u0432 \u043d\u0430 \u0433\u043e\u0434\u0438\u043d\u0443 (\u043a\u0430\u0442\u0435\u0433\u043e\u0440\u0456\u044f <strong>AC-3<\/strong>, 380\/400 \u0412).<\/li>\n<li><strong>\u0414\u043e\u0432\u0433\u043e\u0432\u0456\u0447\u043d\u0456\u0441\u0442\u044c:<\/strong> \u0434\u043e 10 \u043c\u0456\u043b\u044c\u0439\u043e\u043d\u0456\u0432 \u0446\u0438\u043a\u043b\u0456\u0432 \u043f\u0435\u0440\u0435\u043c\u0438\u043a\u0430\u043d\u043d\u044f.<\/li>\n<\/ul>\n<p>\u0417\u0430\u0432\u0434\u044f\u043a\u0438 \u0446\u0438\u043c \u0444\u0443\u043d\u043a\u0446\u0456\u044f\u043c \u0441\u0435\u0440\u0456\u044f CJX9 \u0437\u0430\u0431\u0435\u0437\u043f\u0435\u0447\u0443\u0454 \u043d\u0430\u0434\u0456\u0439\u043d\u0443 \u0442\u0430 \u0435\u0444\u0435\u043a\u0442\u0438\u0432\u043d\u0443 \u0440\u043e\u0431\u043e\u0442\u0443 \u0432\u0456\u0434\u043f\u043e\u0432\u0456\u0434\u043d\u043e \u0434\u043e \u0441\u0443\u0447\u0430\u0441\u043d\u0438\u0445 \u0441\u0442\u0430\u043d\u0434\u0430\u0440\u0442\u0456\u0432.<\/p>\n<hr \/>\n<p>\u00a0<\/p>","protected":false},"excerpt":{"rendered":"<ul>\n<li><strong>\u041d\u0430\u043f\u0440\u0443\u0433\u0430 \u043a\u043e\u043b\u0430:<\/strong> \u0434\u043e 690 \u0412.<\/li>\n<li><strong>\u0427\u0430\u0441\u0442\u043e\u0442\u0430 \u043c\u0435\u0440\u0435\u0436\u0456:<\/strong> \u0434\u043e 60 \u0413\u0446.<\/li>\n<li><strong>\u0421\u0445\u0435\u043c\u0438 \u043a\u0435\u0440\u0443\u0432\u0430\u043d\u043d\u044f:<\/strong> \u0437\u043c\u0456\u043d\u043d\u0438\u0439 \u0430\u0431\u043e \u043f\u043e\u0441\u0442\u0456\u0439\u043d\u0438\u0439 \u0441\u0442\u0440\u0443\u043c (\u043c\u043e\u0434\u0435\u043b\u0456 \u0437 \u043b\u0456\u0442\u0435\u0440\u043e\u044e Z \u043f\u0456\u0434\u0442\u0440\u0438\u043c\u0443\u044e\u0442\u044c \u043f\u043e\u0441\u0442\u0456\u0439\u043d\u0438\u0439 \u0441\u0442\u0440\u0443\u043c).<\/li>\n<li><strong>\u041a\u043e\u0442\u0443\u0448\u043a\u0438 \u043a\u0435\u0440\u0443\u0432\u0430\u043d\u043d\u044f:<\/strong> \u043d\u0430\u043f\u0440\u0443\u0433\u0430 220 \u0412.<\/li>\n<li><strong>\u0427\u0430\u0441 \u0440\u043e\u0431\u043e\u0442\u0438:<\/strong> \u0434\u043e 1200 \u0446\u0438\u043a\u043b\u0456\u0432 \u043d\u0430 \u0433\u043e\u0434\u0438\u043d\u0443 (\u043a\u0430\u0442\u0435\u0433\u043e\u0440\u0456\u044f <strong>AC-3<\/strong>, 380\/400 \u0412).<\/li>\n<li><strong>\u0414\u043e\u0432\u0433\u043e\u0432\u0456\u0447\u043d\u0456\u0441\u0442\u044c:<\/strong> \u0434\u043e 10 \u043c\u0456\u043b\u044c\u0439\u043e\u043d\u0456\u0432 \u0446\u0438\u043a\u043b\u0456\u0432 \u043f\u0435\u0440\u0435\u043c\u0438\u043a\u0430\u043d\u043d\u044f.<\/li>\n<\/ul>","protected":false},"featured_media":2164,"comment_status":"open","ping_status":"closed","template":"","meta":{"_acf_changed":false,"_kad_post_transparent":"default","_kad_post_title":"","_kad_post_layout":"default","_kad_post_sidebar_id":"","_kad_post_content_style":"default","_kad_post_vertical_padding":"default","_kad_post_feature":"","_kad_post_feature_position":"","_kad_post_header":false,"_kad_post_footer":false},"product_brand":[],"product_cat":[276],"product_tag":[279,455],"class_list":{"0":"post-2928","1":"product","2":"type-product","3":"status-publish","4":"has-post-thumbnail","6":"product_cat-contactoare","7":"product_tag-279","8":"product_tag-contactor","10":"first","11":"instock","12":"sale","13":"featured","14":"taxable","15":"shipping-taxable","16":"purchasable","17":"product-type-simple","18":"entry","19":"content-bg","20":"loop-entry"},"acf":[],"_links":{"self":[{"href":"https:\/\/altal.ro\/uk\/wp-json\/wp\/v2\/product\/2928","targetHints":{"allow":["GET"]}}],"collection":[{"href":"https:\/\/altal.ro\/uk\/wp-json\/wp\/v2\/product"}],"about":[{"href":"https:\/\/altal.ro\/uk\/wp-json\/wp\/v2\/types\/product"}],"replies":[{"embeddable":true,"href":"https:\/\/altal.ro\/uk\/wp-json\/wp\/v2\/comments?post=2928"}],"version-history":[{"count":2,"href":"https:\/\/altal.ro\/uk\/wp-json\/wp\/v2\/product\/2928\/revisions"}],"predecessor-version":[{"id":7681,"href":"https:\/\/altal.ro\/uk\/wp-json\/wp\/v2\/product\/2928\/revisions\/7681"}],"wp:featuredmedia":[{"embeddable":true,"href":"https:\/\/altal.ro\/uk\/wp-json\/wp\/v2\/media\/2164"}],"wp:attachment":[{"href":"https:\/\/altal.ro\/uk\/wp-json\/wp\/v2\/media?parent=2928"}],"wp:term":[{"taxonomy":"product_brand","embeddable":true,"href":"https:\/\/altal.ro\/uk\/wp-json\/wp\/v2\/product_brand?post=2928"},{"taxonomy":"product_cat","embeddable":true,"href":"https:\/\/altal.ro\/uk\/wp-json\/wp\/v2\/product_cat?post=2928"},{"taxonomy":"product_tag","embeddable":true,"href":"https:\/\/altal.ro\/uk\/wp-json\/wp\/v2\/product_tag?post=2928"}],"curies":[{"name":"wp","href":"https:\/\/api.w.org\/{rel}","templated":true}]}}