{"id":2903,"date":"2025-06-16T00:28:29","date_gmt":"2025-06-16T00:28:29","guid":{"rendered":"https:\/\/altal.ro\/?post_type=product&#038;p=2903"},"modified":"2025-07-23T02:11:31","modified_gmt":"2025-07-22T23:11:31","slug":"kontroller-teplovogo-nasosa-wz6p00303a","status":"publish","type":"product","link":"https:\/\/altal.ro\/uk\/kontroller-teplovogo-nasosa-wz6p00303a\/","title":{"rendered":"\u041a\u043e\u043d\u0442\u0440\u043e\u043b\u0435\u0440 \u0442\u0435\u043f\u043b\u043e\u0432\u043e\u0433\u043e \u043d\u0430\u0441\u043e\u0441\u0430 WZ6P00303A"},"content":{"rendered":"<div id=\"ez-toc-container\" class=\"ez-toc-v2_0_82_2 counter-hierarchy ez-toc-counter ez-toc-grey ez-toc-container-direction\">\n<div class=\"ez-toc-title-container\">\n<p class=\"ez-toc-title\" style=\"cursor:inherit\">\u0432\u043c\u0456\u0441\u0442<\/p>\n<span class=\"ez-toc-title-toggle\"><a href=\"#\" class=\"ez-toc-pull-right ez-toc-btn ez-toc-btn-xs ez-toc-btn-default ez-toc-toggle\" aria-label=\"Toggle Table of Content\"><span class=\"ez-toc-js-icon-con\"><span class=\"\"><span class=\"eztoc-hide\" style=\"display:none;\">\u041f\u0435\u0440\u0435\u043c\u0438\u043a\u0430\u0447<\/span><span class=\"ez-toc-icon-toggle-span\"><svg style=\"fill: #999;color:#999\" xmlns=\"http:\/\/www.w3.org\/2000\/svg\" class=\"list-377408\" width=\"20px\" height=\"20px\" viewbox=\"0 0 24 24\" fill=\"none\"><path d=\"M6 6H4v2h2V6zm14 0H8v2h12V6zM4 11h2v2H4v-2zm16 0H8v2h12v-2zM4 16h2v2H4v-2zm16 0H8v2h12v-2z\" fill=\"currentColor\"><\/path><\/svg><svg style=\"fill: #999;color:#999\" class=\"arrow-unsorted-368013\" xmlns=\"http:\/\/www.w3.org\/2000\/svg\" width=\"10px\" height=\"10px\" viewbox=\"0 0 24 24\" version=\"1.2\" baseprofile=\"tiny\"><path d=\"M18.2 9.3l-6.2-6.3-6.2 6.3c-.2.2-.3.4-.3.7s.1.5.3.7c.2.2.4.3.7.3h11c.3 0 .5-.1.7-.3.2-.2.3-.5.3-.7s-.1-.5-.3-.7zM5.8 14.7l6.2 6.3 6.2-6.3c.2-.2.3-.5.3-.7s-.1-.5-.3-.7c-.2-.2-.4-.3-.7-.3h-11c-.3 0-.5.1-.7.3-.2.2-.3.5-.3.7s.1.5.3.7z\"\/><\/svg><\/span><\/span><\/span><\/a><\/span><\/div>\n<nav><ul class='ez-toc-list ez-toc-list-level-1' ><li class='ez-toc-page-1 ez-toc-heading-level-2'><a class=\"ez-toc-link ez-toc-heading-1\" href=\"https:\/\/altal.ro\/uk\/kontroller-teplovogo-nasosa-wz6p00303a\/#Controler_pompa_de_caldura_WZ6P00303A_aer-apa\">\u041a\u043e\u043d\u0442\u0440\u043e\u043b\u0435\u0440 \u0442\u0435\u043f\u043b\u043e\u0432\u043e\u0433\u043e \u043d\u0430\u0441\u043e\u0441\u0430 \u043f\u043e\u0432\u0456\u0442\u0440\u044f-\u0432\u043e\u0434\u0430 WZ6P00303A<\/a><ul class='ez-toc-list-level-3' ><li class='ez-toc-heading-level-3'><a class=\"ez-toc-link ez-toc-heading-2\" href=\"https:\/\/altal.ro\/uk\/kontroller-teplovogo-nasosa-wz6p00303a\/#Controler_pompa_de_caldura_WZ6P00303A_Functii_principale\">\u041a\u043e\u043d\u0442\u0440\u043e\u043b\u0435\u0440 \u0442\u0435\u043f\u043b\u043e\u0432\u043e\u0433\u043e \u043d\u0430\u0441\u043e\u0441\u0430 WZ6P00303A. \u041e\u0441\u043d\u043e\u0432\u043d\u0456 \u0444\u0443\u043d\u043a\u0446\u0456\u0457:<\/a><ul class='ez-toc-list-level-4' ><li class='ez-toc-heading-level-4'><a class=\"ez-toc-link ez-toc-heading-3\" href=\"https:\/\/altal.ro\/uk\/kontroller-teplovogo-nasosa-wz6p00303a\/#Echipamente_si_dotari\">\u041e\u0431\u043b\u0430\u0434\u043d\u0430\u043d\u043d\u044f \u0442\u0430 \u043f\u0440\u0438\u043c\u0456\u0449\u0435\u043d\u043d\u044f:<\/a><\/li><\/ul><\/li><\/ul><\/li><\/ul><\/nav><\/div>\n\n<div class=\"flex-shrink-0 flex flex-col relative items-end\">\n<div class=\"pt-0\">\n<div class=\"gizmo-bot-avatar flex h-8 w-8 items-center justify-center overflow-hidden rounded-full\">\n<h2 class=\"relative p-1 rounded-sm flex items-center justify-center bg-token-main-surface-primary text-token-text-primary h-8 w-8\"><span class=\"ez-toc-section\" id=\"Controler_pompa_de_caldura_WZ6P00303A_aer-apa\"><\/span><span style=\"font-size: 18pt\"><span style=\"font-family: Oswald, var(--global-fallback-font);font-weight: bold\">\u041a\u043e\u043d\u0442\u0440\u043e\u043b\u0435\u0440 \u0442\u0435\u043f\u043b\u043e\u0432\u043e\u0433\u043e \u043d\u0430\u0441\u043e\u0441\u0430 WZ6P00303A <\/span><span style=\"font-family: Oswald, var(--global-fallback-font);font-weight: bold\">\u043f\u043e\u0432\u0456\u0442\u0440\u044f-\u0432\u043e\u0434\u0430<\/span><\/span><span class=\"ez-toc-section-end\"><\/span><\/h2>\n<div>\u041a\u043e\u043d\u0442\u0440\u043e\u043b\u0435\u0440 \u0442\u0435\u043f\u043b\u043e\u0432\u043e\u0433\u043e \u043d\u0430\u0441\u043e\u0441\u0430 WZ6P00303A <a href=\"https:\/\/altal.ro\/uk\/teplovi-nasosy-split\/\" target=\"_blank\" rel=\"noopener\">\u043f\u043e\u0432\u0456\u0442\u0440\u044f-\u0432\u043e\u0434\u0430<\/a> asigur\u0103 o gestionare eficient\u0103 a tuturor componentelor cheie ale sistemului: compresor, pomp\u0103, ventilator, \u00eenc\u0103lzitor \u0219i surse suplimentare de c\u0103ldur\u0103. Scopul lor este de a automatiza procesul de \u00eenc\u0103lzire a apei, de a men\u021bine parametrii de temperatur\u0103 seta\u021bi \u0219i de a integra func\u021bionarea cu surse externe de c\u0103ldur\u0103, cum ar fi cazanele de \u00eenc\u0103lzire central\u0103. Pompa de c\u0103ldur\u0103 cu Controler pomp\u0103 de c\u0103ldur\u0103 WZ6P00303A extrage c\u0103ldur\u0103 din aerul \u00eenconjur\u0103tor \u0219i o transfer\u0103 \u00een rezervorul de ap\u0103 cald\u0103. Folosind energia stocat\u0103 \u00een resursele naturale, dispozitivul o transform\u0103 \u00eentr-un nivel de temperatur\u0103 potrivit pentru \u00eenc\u0103lzire. Sistemul poate fi completat cu un \u00eenc\u0103lzitor electric pentru cre\u0219terea eficien\u021bei \u00een condi\u021bii de temperaturi sc\u0103zute.<\/p>\n<hr \/>\n<h3><span class=\"ez-toc-section\" id=\"Controler_pompa_de_caldura_WZ6P00303A_Functii_principale\"><\/span><strong>\u041a\u043e\u043d\u0442\u0440\u043e\u043b\u0435\u0440 \u0442\u0435\u043f\u043b\u043e\u0432\u043e\u0433\u043e \u043d\u0430\u0441\u043e\u0441\u0430 WZ6P00303A. \u041e\u0441\u043d\u043e\u0432\u043d\u0456 \u0444\u0443\u043d\u043a\u0446\u0456\u0457<\/strong>:<span class=\"ez-toc-section-end\"><\/span><\/h3>\n<ul>\n<li>\u0443\u043f\u0440\u0430\u0432\u043b\u0456\u043d\u043d\u044f \u0430\u043f\u0430\u0440\u0430\u0442\u043e\u043c \u0448\u0442\u0443\u0447\u043d\u043e\u0457 \u0432\u0435\u043d\u0442\u0438\u043b\u044f\u0446\u0456\u0457 \u043b\u0435\u0433\u0435\u043d\u044c;<\/li>\n<li>\u043a\u0435\u0440\u0443\u0432\u0430\u043d\u043d\u044f \u0440\u043e\u0431\u043e\u0442\u043e\u044e \u043d\u0430\u0441\u043e\u0441\u0430 \u0442\u0430 <a href=\"http:\/\/altalheat.com\/shop\/komplektuyushchie\/\" target=\"_blank\" rel=\"noopener\">\u041a\u043e\u043c\u043f\u0440\u0435\u0441\u043e\u0440\u0438<\/a>;<\/li>\n<li>\u043a\u0435\u0440\u0443\u0432\u0430\u043d\u043d\u044f \u0435\u043b\u0435\u043a\u0442\u0440\u0438\u0447\u043d\u0438\u043c \u043e\u0431\u0456\u0433\u0440\u0456\u0432\u0430\u0447\u0435\u043c;<\/li>\n<li>\u043c\u043e\u043d\u0456\u0442\u043e\u0440\u0438\u043d\u0433 \u0434\u043e\u0434\u0430\u0442\u043a\u043e\u0432\u043e\u0433\u043e \u043d\u0430\u0441\u043e\u0441\u0430 \u0434\u0436\u0435\u0440\u0435\u043b\u0430 \u0442\u0435\u043f\u043b\u0430;<\/li>\n<li>\u043c\u043e\u0436\u043b\u0438\u0432\u0456\u0441\u0442\u044c \u043f\u0456\u0434\u043a\u043b\u044e\u0447\u0435\u043d\u043d\u044f \u043a\u0456\u043c\u043d\u0430\u0442\u043d\u043e\u0433\u043e \u0442\u0435\u0440\u043c\u043e\u0441\u0442\u0430\u0442\u0430.<\/li>\n<\/ul>\n<hr \/>\n<h4><span class=\"ez-toc-section\" id=\"Echipamente_si_dotari\"><\/span><strong>\u041e\u0431\u043b\u0430\u0434\u043d\u0430\u043d\u043d\u044f \u0442\u0430 \u043f\u0440\u0438\u043c\u0456\u0449\u0435\u043d\u043d\u044f<\/strong>:<span class=\"ez-toc-section-end\"><\/span><\/h4>\n<ul>\n<li><strong>\u041a\u043e\u043b\u044c\u043e\u0440\u043e\u0432\u0438\u0439 TFT-\u0434\u0438\u0441\u043f\u043b\u0435\u0439<\/strong> \u0437\u0456 \u0437\u0440\u0443\u0447\u043d\u0438\u043c \u0456\u043d\u0442\u0435\u0440\u0444\u0435\u0439\u0441\u043e\u043c;<\/li>\n<li><strong>\u041f\u0435\u0440\u0435\u0434\u043d\u044f \u043f\u0430\u043d\u0435\u043b\u044c \u0456\u0437 \u0437\u0430\u0433\u0430\u0440\u0442\u043e\u0432\u0430\u043d\u043e\u0433\u043e \u0441\u043a\u043b\u0430<\/strong> \u0442\u043e\u0432\u0449\u0438\u043d\u043e\u044e 2 \u043c\u043c;<\/li>\n<li><strong>\u0414\u0430\u0442\u0447\u0438\u043a\u0438 \u0442\u0435\u043c\u043f\u0435\u0440\u0430\u0442\u0443\u0440\u0438<\/strong>:\n<ul>\n<li>\u0434\u043b\u044f \u0431\u0430\u043a\u0430 \u0433\u0430\u0440\u044f\u0447\u043e\u0457 \u0432\u043e\u0434\u0438 \u0434\u043b\u044f \u043f\u043e\u0431\u0443\u0442\u043e\u0432\u0438\u0445 \u043f\u043e\u0442\u0440\u0435\u0431 (\u0413\u0412\u041f);<\/li>\n<li>\u0434\u043b\u044f \u043a\u043e\u043d\u0442\u0440\u043e\u043b\u044e \u043e\u0445\u043e\u043b\u043e\u0434\u0436\u0435\u043d\u043d\u044f;<\/li>\n<li>\u0434\u043b\u044f \u0434\u043e\u0434\u0430\u0442\u043a\u043e\u0432\u043e\u0433\u043e \u0434\u0436\u0435\u0440\u0435\u043b\u0430 \u0442\u0435\u043f\u043b\u0430;<\/li>\n<li>\u0434\u043b\u044f \u0437\u043e\u0432\u043d\u0456\u0448\u043d\u044c\u043e\u0433\u043e \u043f\u043e\u0432\u0456\u0442\u0440\u044f.<\/li>\n<\/ul>\n<\/li>\n<li>\u0415\u043b\u0435\u043a\u0442\u0440\u043e\u043d\u043d\u0456 \u0434\u0430\u0442\u0447\u0438\u043a\u0438 \u0442\u0438\u0441\u043a\u0443 (\u0432\u0438\u0441\u043e\u043a\u043e\u0433\u043e \u0442\u0430 \u043d\u0438\u0437\u044c\u043a\u043e\u0433\u043e);<\/li>\n<li>\u0428\u0406\u041c-\u043a\u0435\u0440\u0443\u0432\u0430\u043d\u043d\u044f \u0434\u043b\u044f \u0446\u0438\u0440\u043a\u0443\u043b\u044f\u0446\u0456\u0439\u043d\u0438\u0445 \u043d\u0430\u0441\u043e\u0441\u0456\u0432,<\/li>\n<li><strong>\u041f\u043e\u0440\u0442 RS-485<\/strong> \u0434\u043b\u044f \u043e\u043d\u043e\u0432\u043b\u0435\u043d\u043d\u044f \u043f\u0440\u043e\u0433\u0440\u0430\u043c\u043d\u043e\u0433\u043e \u0437\u0430\u0431\u0435\u0437\u043f\u0435\u0447\u0435\u043d\u043d\u044f.<\/li>\n<\/ul>\n<p>\u0426\u0435\u0439 \u043a\u043e\u043d\u0442\u0440\u043e\u043b\u0435\u0440 \u0442\u0435\u043f\u043b\u043e\u0432\u043e\u0433\u043e \u043d\u0430\u0441\u043e\u0441\u0430 WZ6P00303A (\u043f\u043e\u0432\u0456\u0442\u0440\u044f-\u0432\u043e\u0434\u0430) \u0437\u0430\u0431\u0435\u0437\u043f\u0435\u0447\u0443\u0454 \u043f\u0440\u043e\u0441\u0442\u0435 \u043a\u0435\u0440\u0443\u0432\u0430\u043d\u043d\u044f, \u0441\u0442\u0430\u0431\u0456\u043b\u044c\u043d\u0443 \u0440\u043e\u0431\u043e\u0442\u0443 \u0441\u0438\u0441\u0442\u0435\u043c\u0438 \u0442\u0430 \u043c\u043e\u0436\u043b\u0438\u0432\u0456\u0441\u0442\u044c \u0456\u043d\u0442\u0435\u0433\u0440\u0430\u0446\u0456\u0457 \u0437 \u0434\u043e\u0434\u0430\u0442\u043a\u043e\u0432\u0438\u043c\u0438 \u0434\u0436\u0435\u0440\u0435\u043b\u0430\u043c\u0438 \u0442\u0435\u043f\u043b\u0430. \u0412\u0456\u043d \u0456\u0434\u0435\u0430\u043b\u044c\u043d\u043e \u043f\u0456\u0434\u0445\u043e\u0434\u0438\u0442\u044c \u0434\u043b\u044f \u0441\u0442\u0432\u043e\u0440\u0435\u043d\u043d\u044f \u0441\u0443\u0447\u0430\u0441\u043d\u0438\u0445, \u0435\u043d\u0435\u0440\u0433\u043e\u0435\u0444\u0435\u043a\u0442\u0438\u0432\u043d\u0438\u0445 \u0440\u0456\u0448\u0435\u043d\u044c \u0443 \u0441\u0444\u0435\u0440\u0456 \u043e\u043f\u0430\u043b\u0435\u043d\u043d\u044f \u0442\u0430 \u0433\u0430\u0440\u044f\u0447\u043e\u0433\u043e \u0432\u043e\u0434\u043e\u043f\u043e\u0441\u0442\u0430\u0447\u0430\u043d\u043d\u044f.<\/p><\/div>\n<\/div>\n<\/div>\n<\/div>\n<hr \/>\n<p>\u00a0<\/p>","protected":false},"excerpt":{"rendered":"<h2><strong><span style=\"color: #993366;\">\u041c\u043e\u0434\u0435\u043b\u044c WZ6P00303A<\/span><\/strong><\/h2>\n<h4>\u0414\u043b\u044f \u0442\u0435\u043f\u043b\u043e\u0432\u0438\u0445 \u043d\u0430\u0441\u043e\u0441\u0456\u0432 <span style=\"font-family: Oswald, var(--global-fallback-font); font-size: 28px; font-weight: bold;\">\u043f\u043e\u0432\u0456\u0442\u0440\u044f-\u0432\u043e\u0434\u0430<\/span><\/h4>\n<ul>\n<li>\u041d\u043e\u043c\u0456\u043d\u0430\u043b\u044c\u043d\u0430 \u0440\u043e\u0431\u043e\u0447\u0430 \u043d\u0430\u043f\u0440\u0443\u0433\u0430 (\u043e\u0434\u043d\u043e\u0444\u0430\u0437\u043d\u0430): \u0437\u043c\u0456\u043d\u043d\u043e\u0433\u043e \u0441\u0442\u0440\u0443\u043c\u0443 220 \u0412<\/li>\n<li>\u0414\u0456\u0430\u043f\u0430\u0437\u043e\u043d \u0432\u0445\u0456\u0434\u043d\u043e\u0457 \u043d\u0430\u043f\u0440\u0443\u0433\u0438: 220 \u0412 \u00b120%<\/li>\n<li>\u0420\u043e\u0431\u043e\u0447\u0430 \u0447\u0430\u0441\u0442\u043e\u0442\u0430: 50\/60 \u0413\u0446 \u00b15%<\/li>\n<li>\u041a\u0456\u043b\u044c\u043a\u0456\u0441\u0442\u044c \u0432\u0445\u043e\u0434\u0456\u0432 (\u0441\u0443\u0445\u0438\u0439 \u043a\u043e\u043d\u0442\u0430\u043a\u0442): 5<\/li>\n<li>\u0410\u043d\u0430\u043b\u043e\u0433\u043e\u0432\u0456 \u0432\u0445\u043e\u0434\u0438 \u0434\u043b\u044f \u0434\u0430\u0442\u0447\u0438\u043a\u0456\u0432 \u0442\u0435\u043c\u043f\u0435\u0440\u0430\u0442\u0443\u0440\u0438: 12<\/li>\n<li>\u041a\u0456\u043b\u044c\u043a\u0456\u0441\u0442\u044c \u0432\u0445\u043e\u0434\u0456\u0432 \u0434\u0430\u0442\u0447\u0438\u043a\u0456\u0432 \u0442\u0438\u0441\u043a\u0443: 3 (\u043d\u0430\u043f\u0440\u0443\u0433\u0430)<\/li>\n<li>\u041a\u0456\u043b\u044c\u043a\u0456\u0441\u0442\u044c \u0440\u0435\u043b\u0435\u0439\u043d\u0438\u0445 \u0432\u0438\u0445\u043e\u0434\u0456\u0432: 12 (\u043e\u0434\u0438\u043d \u0437 \u043d\u0438\u0445 30 \u0410)<\/li>\n<li>\u041a\u0456\u043b\u044c\u043a\u0456\u0441\u0442\u044c \u0432\u0438\u0445\u043e\u0434\u0456\u0432 \u0434\u043b\u044f \u0435\u043b\u0435\u043a\u0442\u0440\u043e\u043d\u043d\u043e\u0433\u043e \u0440\u043e\u0437\u0448\u0438\u0440\u044e\u0432\u0430\u043b\u044c\u043d\u043e\u0433\u043e \u043a\u043b\u0430\u043f\u0430\u043d\u0430: 3<\/li>\n<li>\u0428\u0406\u041c-\u043f\u043e\u0440\u0442 \u0434\u043b\u044f \u043a\u0435\u0440\u0443\u0432\u0430\u043d\u043d\u044f \u0448\u0432\u0438\u0434\u043a\u0456\u0441\u0442\u044e \u0432\u043e\u0434\u044f\u043d\u043e\u0433\u043e \u043d\u0430\u0441\u043e\u0441\u0430: 1<\/li>\n<li>\u0406\u043d\u0442\u0435\u0440\u0444\u0435\u0439\u0441 \u0437\u0432&#039;\u044f\u0437\u043a\u0443: RS485 (\u043c\u043e\u0434\u0443\u043b\u044c), 3 \u043a\u0430\u043d\u0430\u043b\u0438<\/li>\n<li>DIP-\u043f\u0435\u0440\u0435\u043c\u0438\u043a\u0430\u0447: 4 \u0431\u0456\u0442\u0438 (1\u20133 \u0434\u043b\u044f \u043d\u0430\u043b\u0430\u0448\u0442\u0443\u0432\u0430\u043d\u043d\u044f \u0430\u0434\u0440\u0435\u0441\u0438, 4 \u2013 \u0437\u0430\u0440\u0435\u0437\u0435\u0440\u0432\u043e\u0432\u0430\u043d\u043e)<\/li>\n<\/ul>","protected":false},"featured_media":2077,"comment_status":"open","ping_status":"closed","template":"","meta":{"_acf_changed":false,"_kad_post_transparent":"default","_kad_post_title":"","_kad_post_layout":"default","_kad_post_sidebar_id":"","_kad_post_content_style":"default","_kad_post_vertical_padding":"default","_kad_post_feature":"","_kad_post_feature_position":"","_kad_post_header":false,"_kad_post_footer":false},"product_brand":[],"product_cat":[251],"product_tag":[255,190],"class_list":{"0":"post-2903","1":"product","2":"type-product","3":"status-publish","4":"has-post-thumbnail","6":"product_cat-control","7":"product_tag-controler","8":"product_tag-pompa-de-caldura","9":"product_shipping_class-greutate-mare","11":"first","12":"instock","13":"sale","14":"featured","15":"taxable","16":"shipping-taxable","17":"purchasable","18":"product-type-simple","19":"entry","20":"content-bg","21":"loop-entry"},"acf":[],"_links":{"self":[{"href":"https:\/\/altal.ro\/uk\/wp-json\/wp\/v2\/product\/2903","targetHints":{"allow":["GET"]}}],"collection":[{"href":"https:\/\/altal.ro\/uk\/wp-json\/wp\/v2\/product"}],"about":[{"href":"https:\/\/altal.ro\/uk\/wp-json\/wp\/v2\/types\/product"}],"replies":[{"embeddable":true,"href":"https:\/\/altal.ro\/uk\/wp-json\/wp\/v2\/comments?post=2903"}],"version-history":[{"count":3,"href":"https:\/\/altal.ro\/uk\/wp-json\/wp\/v2\/product\/2903\/revisions"}],"predecessor-version":[{"id":7700,"href":"https:\/\/altal.ro\/uk\/wp-json\/wp\/v2\/product\/2903\/revisions\/7700"}],"wp:featuredmedia":[{"embeddable":true,"href":"https:\/\/altal.ro\/uk\/wp-json\/wp\/v2\/media\/2077"}],"wp:attachment":[{"href":"https:\/\/altal.ro\/uk\/wp-json\/wp\/v2\/media?parent=2903"}],"wp:term":[{"taxonomy":"product_brand","embeddable":true,"href":"https:\/\/altal.ro\/uk\/wp-json\/wp\/v2\/product_brand?post=2903"},{"taxonomy":"product_cat","embeddable":true,"href":"https:\/\/altal.ro\/uk\/wp-json\/wp\/v2\/product_cat?post=2903"},{"taxonomy":"product_tag","embeddable":true,"href":"https:\/\/altal.ro\/uk\/wp-json\/wp\/v2\/product_tag?post=2903"}],"curies":[{"name":"wp","href":"https:\/\/api.w.org\/{rel}","templated":true}]}}