{"id":7373,"date":"2025-07-22T21:46:21","date_gmt":"2025-07-22T18:46:21","guid":{"rendered":"https:\/\/altal.ro\/?post_type=product&#038;p=7373"},"modified":"2025-07-23T01:11:49","modified_gmt":"2025-07-22T22:11:49","slug":"dozator-i-proizvodstvo-poliuretana","status":"publish","type":"product","link":"https:\/\/altal.ro\/ru\/dozator-i-proizvodstvo-poliuretana\/","title":{"rendered":"\u041c\u0430\u0448\u0438\u043d\u0430 \u0434\u043b\u044f \u0434\u043e\u0437\u0438\u0440\u043e\u0432\u0430\u043d\u0438\u044f \u0438 \u043f\u0440\u043e\u0438\u0437\u0432\u043e\u0434\u0441\u0442\u0432\u0430 \u043f\u043e\u043b\u0438\u0443\u0440\u0435\u0442\u0430\u043d\u0430"},"content":{"rendered":"<h2>\u041c\u0430\u0448\u0438\u043d\u0430 \u0434\u043b\u044f \u0434\u043e\u0437\u0438\u0440\u043e\u0432\u0430\u043d\u0438\u044f \u0438 \u043f\u0440\u043e\u0438\u0437\u0432\u043e\u0434\u0441\u0442\u0432\u0430 \u043f\u043e\u043b\u0438\u0443\u0440\u0435\u0442\u0430\u043d\u0430 Afros<\/h2>\n<h3>\u041f\u0440\u043e\u0438\u0437\u0432\u043e\u0434\u0441\u0442\u0432\u043e \u0438\u0437\u0434\u0435\u043b\u0438\u0439 \u0438\u0437 \u043f\u043e\u043b\u0438\u0443\u0440\u0435\u0442\u0430\u043d\u0430.<\/h3>\n<h4>\u041e\u0411\u041e\u0420\u0423\u0414\u041e\u0412\u0410\u041d\u0418\u0415 \u0414\u041b\u042f \u041f\u0415\u041d\u041e\u041f\u041e\u041b\u0418\u0423\u0420\u0415\u0422\u0410\u041d\u041e\u0412\u041e\u0419 \u0418\u0417\u041e\u041b\u042f\u0426\u0418\u0418<\/h4>\n<p>De v\u00e2nzare: Sistem de dozare poliuretan Canon \u201eB-System Easy 100\u201d (folosit, \u00een stare bun\u0103 de func\u021bionare). Ma\u0219in\u0103 de dozare \u0219i produc\u021bie de poliuretan, siliconi, r\u0103\u0219ini epoxidice, elastomeri, cauciuc spumant etc. Ma\u0219in\u0103 de dozare \u0219i produc\u021bie de poliuretan B-System este o ma\u0219in\u0103 modern\u0103 de joas\u0103 presiune, conceput\u0103 pentru dozarea precis\u0103 \u0219i delicat\u0103 a diferitelor materiale poliuretanice cu randament de la mic la mediu. Potrivit pentru: Materiale izolatoare, Interioare auto, Tapi\u021berie, Acoperiri de protec\u021bie, Spume flexibile \u0219i rigide, care sunt utilizate \u00een diverse aplica\u021bii industriale, oferind solu\u021bii personalizate pentru nevoi specifice. Ma\u0219in\u0103 de dozare \u0219i produc\u021bie de poliuretan este conceput pentru producerea de spum\u0103 poliuretanic\u0103 moale, siliconi, r\u0103\u0219ini epoxidice, elastomeri cu densit\u0103\u021bi etc. Este echipat cu un sistem avansat de control automat al amestec\u0103rii materialelor \u0219i o interfa\u021b\u0103 om-ma\u0219in\u0103 u\u0219or de utilizat, permi\u021b\u00e2nd utilizatorilor s\u0103 salveze p\u00e2n\u0103 la 20 de formule diferite de spumare, care pot fi u\u0219or ajustate sau modificate \u00een orice moment. Ideal pentru producerea unei game largi de materiale spumoase pentru mobil\u0103, saltele, \u00eenc\u0103l\u021b\u0103minte, sutiene, electronice, ambalaje, \u00eembr\u0103c\u0103minte \u0219i industria auto. Ma\u0219in\u0103 de joas\u0103 presiune echipat\u0103 cu: 1. grup rezervor; 2. grup dozare; 3. panou de control; 4. manet\u0103 rotativ\u0103 cu cap; 5. unitate de r\u0103cire; 6. pompe pneumatice pentru umplere. Acest produs este v\u00e2ndut \u201eca atare \u2013 unde se afl\u0103\u201d la pre\u021bul indicat. \u00a0<\/p>\n<hr \/>\n<p>\u00a0<\/p>","protected":false},"excerpt":{"rendered":"<h2><span style=\"color: #800080;\"><strong>Canon B-System Easy 100<\/strong><\/span><\/h2>\n<ul>\n<li>\u041f\u0440\u043e\u0438\u0437\u0432\u043e\u0434\u0438\u0442\u0435\u043b\u044c: Afros SPA (\u0418\u0442\u0430\u043b\u0438\u044f).<\/li>\n<li>\u0413\u043e\u0434 \u0432\u044b\u043f\u0443\u0441\u043a\u0430: 2009.<\/li>\n<li>\u0421\u0435\u0440\u0438\u0439\u043d\u044b\u0439 \u043d\u043e\u043c\u0435\u0440: 130709.<\/li>\n<li>\u0423\u043f\u0440\u0430\u0432\u043b\u0435\u043d\u0438\u0435: \u041f\u041b\u041a, \u0441\u0435\u043d\u0441\u043e\u0440\u043d\u044b\u0439 \u0416\u041a-\u044d\u043a\u0440\u0430\u043d.<\/li>\n<li>\u042d\u043b\u0435\u043a\u0442\u0440\u043e\u043f\u0438\u0442\u0430\u043d\u0438\u0435: 400 \u0412, 50 \u0413\u0446, 15 \u043a\u0412\u0442.<\/li>\n<li>\u041c\u0430\u043a\u0441\u0438\u043c\u0430\u043b\u044c\u043d\u0430\u044f \u043f\u0440\u043e\u0438\u0437\u0432\u043e\u0434\u0438\u0442\u0435\u043b\u044c\u043d\u043e\u0441\u0442\u044c: 24,8 \u2013 136,4 \u043a\u0433\/\u043c\u0438\u043d.<\/li>\n<li>\u041e\u0431\u044a\u0451\u043c \u0431\u0430\u043a\u0430: 90 \u043b\u0438\u0442\u0440\u043e\u0432.<\/li>\n<li>\u0414\u0430\u0432\u043b\u0435\u043d\u0438\u0435 \u0432\u043e\u0437\u0434\u0443\u0445\u0430: 0\u202615 \u0431\u0430\u0440.<\/li>\n<\/ul>","protected":false},"featured_media":7377,"comment_status":"open","ping_status":"closed","template":"","meta":{"_acf_changed":false,"_kad_post_transparent":"default","_kad_post_title":"","_kad_post_layout":"default","_kad_post_sidebar_id":"","_kad_post_content_style":"default","_kad_post_vertical_padding":"default","_kad_post_feature":"","_kad_post_feature_position":"","_kad_post_header":false,"_kad_post_footer":false},"product_brand":[],"product_cat":[745,183],"product_tag":[],"class_list":{"0":"post-7373","1":"product","2":"type-product","3":"status-publish","4":"has-post-thumbnail","6":"product_cat-masini-prelucrare-metal","7":"product_cat-catalog","8":"product_shipping_class-greutate-mare","10":"first","11":"instock","12":"sale","13":"taxable","14":"shipping-taxable","15":"purchasable","16":"product-type-simple","17":"entry","18":"content-bg","19":"loop-entry"},"acf":[],"_links":{"self":[{"href":"https:\/\/altal.ro\/ru\/wp-json\/wp\/v2\/product\/7373","targetHints":{"allow":["GET"]}}],"collection":[{"href":"https:\/\/altal.ro\/ru\/wp-json\/wp\/v2\/product"}],"about":[{"href":"https:\/\/altal.ro\/ru\/wp-json\/wp\/v2\/types\/product"}],"replies":[{"embeddable":true,"href":"https:\/\/altal.ro\/ru\/wp-json\/wp\/v2\/comments?post=7373"}],"version-history":[{"count":6,"href":"https:\/\/altal.ro\/ru\/wp-json\/wp\/v2\/product\/7373\/revisions"}],"predecessor-version":[{"id":7539,"href":"https:\/\/altal.ro\/ru\/wp-json\/wp\/v2\/product\/7373\/revisions\/7539"}],"wp:featuredmedia":[{"embeddable":true,"href":"https:\/\/altal.ro\/ru\/wp-json\/wp\/v2\/media\/7377"}],"wp:attachment":[{"href":"https:\/\/altal.ro\/ru\/wp-json\/wp\/v2\/media?parent=7373"}],"wp:term":[{"taxonomy":"product_brand","embeddable":true,"href":"https:\/\/altal.ro\/ru\/wp-json\/wp\/v2\/product_brand?post=7373"},{"taxonomy":"product_cat","embeddable":true,"href":"https:\/\/altal.ro\/ru\/wp-json\/wp\/v2\/product_cat?post=7373"},{"taxonomy":"product_tag","embeddable":true,"href":"https:\/\/altal.ro\/ru\/wp-json\/wp\/v2\/product_tag?post=7373"}],"curies":[{"name":"wp","href":"https:\/\/api.w.org\/{rel}","templated":true}]}}