{"id":6074,"date":"2025-06-26T22:23:34","date_gmt":"2025-06-26T19:23:34","guid":{"rendered":"https:\/\/altal.ro\/?post_type=product&#038;p=6074"},"modified":"2025-07-23T01:21:06","modified_gmt":"2025-07-22T22:21:06","slug":"teu-ppr-63-mm","status":"publish","type":"product","link":"https:\/\/altal.ro\/ru\/teu-ppr-63-mm\/","title":{"rendered":"\u0422\u0440\u043e\u0439\u043d\u0438\u043a PPR \u00d863x63x63"},"content":{"rendered":"<p>\u044d\u0442\u043e-toc<\/p>\n<h2>\u0422\u0440\u043e\u0439\u043d\u0438\u043a PPR \u00d863x63x63<\/h2>\n<p><strong>\u041d\u0430\u0434\u0435\u0436\u043d\u043e\u0435 \u0442\u0440\u0443\u0431\u043d\u043e\u0435 \u0441\u043e\u0435\u0434\u0438\u043d\u0435\u043d\u0438\u0435 \u0441 \u043c\u0438\u043d\u0438\u043c\u0430\u043b\u044c\u043d\u043e\u0439 \u043f\u043e\u0442\u0435\u0440\u0435\u0439 \u0434\u0430\u0432\u043b\u0435\u043d\u0438\u044f \u0434\u043b\u044f \u0441\u0438\u0441\u0442\u0435\u043c \u0441\u00a0<a href=\"https:\/\/altalheat.com\/ru\/product-category\/teplovye-nasosy\/\" target=\"_blank\" rel=\"noopener\">\u0442\u0435\u043f\u043b\u043e\u0432\u044b\u043c \u043d\u0430\u0441\u043e\u0441\u043e\u043c<\/a>.<\/strong> <strong><a href=\"https:\/\/en.wikipedia.org\/wiki\/Polypropylene\" target=\"_blank\" rel=\"noopener\">\u0422\u0440\u043e\u0439\u043d\u0438\u043a PPR \u00d863x63x63<\/a><\/strong>\u2014 \u0441\u043e\u0432\u0440\u0435\u043c\u0435\u043d\u043d\u043e\u0435 \u0440\u0435\u0448\u0435\u043d\u0438\u0435 \u0434\u043b\u044f \u0442\u0440\u0443\u0431\u043e\u043f\u0440\u043e\u0432\u043e\u0434\u043d\u044b\u0445 \u0441\u0438\u0441\u0442\u0435\u043c, \u043e\u0431\u0435\u0441\u043f\u0435\u0447\u0438\u0432\u0430\u044e\u0449\u0435\u0435 \u043d\u0430\u0434\u0435\u0436\u043d\u043e\u0435 \u0441\u043e\u0435\u0434\u0438\u043d\u0435\u043d\u0438\u0435 \u0441 \u0431\u043e\u043b\u044c\u0448\u0438\u043c \u0441\u0435\u0447\u0435\u043d\u0438\u0435\u043c \u0438 \u043c\u0438\u043d\u0438\u043c\u0430\u043b\u044c\u043d\u044b\u043c\u0438 \u043f\u043e\u0442\u0435\u0440\u044f\u043c\u0438 \u0434\u0430\u0432\u043b\u0435\u043d\u0438\u044f. \u0412 \u043e\u0442\u043b\u0438\u0447\u0438\u0435 \u043e\u0442 \u0438\u0437\u0434\u0435\u043b\u0438\u0439 \u0438\u0437 \u0434\u0440\u0443\u0433\u0438\u0445 \u043c\u0430\u0442\u0435\u0440\u0438\u0430\u043b\u043e\u0432 (PE-x, \u043c\u0435\u0442\u0430\u043b\u043b\u043e\u043a\u043e\u043c\u043f\u043e\u0437\u0438\u0442, PERT), \u0442\u0440\u0435\u0443\u0433\u043e\u043b\u044c\u043d\u0438\u043a\u00a0<a href=\"https:\/\/en.wikipedia.org\/wiki\/Polypropylene\" target=\"_blank\" rel=\"noopener\"><strong>\u041f\u041f-\u0420<\/strong><\/a>\u00a0\u043d\u0435 \u0443\u043c\u0435\u043d\u044c\u0448\u0430\u0435\u0442 \u0432\u043d\u0443\u0442\u0440\u0435\u043d\u043d\u0438\u0439 \u0434\u0438\u0430\u043c\u0435\u0442\u0440 \u0442\u0440\u0443\u0431\u044b, \u0447\u0442\u043e \u0443\u043b\u0443\u0447\u0448\u0430\u0435\u0442 \u0433\u0438\u0434\u0440\u0430\u0432\u043b\u0438\u0447\u0435\u0441\u043a\u0438\u0435 \u0445\u0430\u0440\u0430\u043a\u0442\u0435\u0440\u0438\u0441\u0442\u0438\u043a\u0438 \u0432\u0441\u0435\u0439 \u0441\u0438\u0441\u0442\u0435\u043c\u044b. \u041a\u0440\u043e\u043c\u0435 \u0442\u043e\u0433\u043e, \u043f\u043e\u043b\u0438\u043f\u0440\u043e\u043f\u0438\u043b\u0435\u043d\u043e\u0432\u044b\u0435 \u0444\u0438\u0442\u0438\u043d\u0433\u0438 \u0431\u043e\u043b\u0435\u0435 \u0434\u043e\u0441\u0442\u0443\u043f\u043d\u044b \u043f\u043e \u0446\u0435\u043d\u0435 \u043f\u043e \u0441\u0440\u0430\u0432\u043d\u0435\u043d\u0438\u044e \u0441 \u043c\u0435\u0434\u043d\u044b\u043c\u0438 \u0438\u043b\u0438 \u043c\u0435\u0442\u0430\u043b\u043b\u043e\u043a\u043e\u043c\u043f\u043e\u0437\u0438\u0442\u043d\u044b\u043c\u0438 \u0430\u043d\u0430\u043b\u043e\u0433\u0430\u043c\u0438.<\/p>\n<table class=\"table1_karto4ka\" border=\"0\" width=\"738px\">\n<tbody>\n<tr>\n<td colspan=\"2\">\n<div data-context=\"template:30835\">\n<div>\n<p align=\"justify\"><a href=\"https:\/\/en.wikipedia.org\/wiki\/Polypropylene\" target=\"_blank\" rel=\"noopener\">\u0422\u0440\u043e\u0439\u043d\u0438\u043a PPR \u00d863x63x63<\/a>\u00a0 \u0440\u0430\u0432\u043d\u043e\u043f\u0440\u043e\u0445\u043e\u0434\u043d\u043e\u0439 \u0442\u0438\u043f\u00a0<strong>\u0434\u0438\u0430\u043c\u0435\u0442\u0440 63 \u043c\u043c  PN20<\/strong>, \u0431\u0435\u043b\u044b\u0439, \u043f\u043e\u0434 \u0441\u0432\u0430\u0440\u043a\u0443 \u2013 \u043f\u0440\u0438\u043c\u0435\u043d\u044f\u0435\u0442\u0441\u044f \u0434\u043b\u044f \u0440\u0430\u0437\u0432\u0435\u0442\u0432\u043b\u0435\u043d\u0438\u044f \u043f\u043e\u043b\u0438\u043f\u0440\u043e\u043f\u0438\u043b\u0435\u043d\u043e\u0432\u044b\u0445 \u0442\u0440\u0443\u0431, \u043f\u0440\u0438 \u0441\u0442\u0440\u043e\u0438\u0442\u0435\u043b\u044c\u0441\u0442\u0432\u0435 \u0441\u0435\u0442\u0435\u0439 \u0432 \u0436\u0438\u043b\u044b\u0445, \u0430\u0434\u043c\u0438\u043d\u0438\u0441\u0442\u0440\u0430\u0442\u0438\u0432\u043d\u044b\u0445, \u043f\u0440\u043e\u043c\u044b\u0448\u043b\u0435\u043d\u043d\u044b\u0445 \u0437\u0434\u0430\u043d\u0438\u044f\u0445, \u0434\u043b\u044f \u043f\u043d\u0435\u0432\u043c\u0430\u0442\u0438\u0447\u0435\u0441\u043a\u0438\u0445 \u043a\u0430\u0431\u0435\u043b\u0435\u0439, \u0442\u0435\u0445\u043d\u043e\u043b\u043e\u0433\u0438\u0447\u0435\u0441\u043a\u0438\u0445 \u0442\u0440\u0443\u0431 \u0438 \u0442.\u043f., \u0442\u043e\u043b\u044c\u043a\u043e \u0434\u043b\u044f \u0442\u0440\u0430\u043d\u0441\u043f\u043e\u0440\u0442\u0438\u0440\u043e\u0432\u043a\u0438 \u0432\u0435\u0449\u0435\u0441\u0442\u0432 (\u0445\u0438\u043c\u0438\u0447\u0435\u0441\u043a\u0438 \u0441\u0442\u043e\u0439\u043a\u0438\u0445 \u043a \u043f\u043e\u043b\u0438\u043f\u0440\u043e\u043f\u0438\u043b\u0435\u043d\u0443). \u0422\u0440\u0435\u0443\u0433\u043e\u043b\u044c\u043d\u0438\u043a\u0438 MeerPlast \u043f\u043e\u0434 \u0441\u0432\u0430\u0440\u043a\u0443 \u0443\u0441\u043f\u0435\u0448\u043d\u043e \u0440\u0430\u0431\u043e\u0442\u0430\u044e\u0442 \u043f\u0440\u0438 \u0442\u0435\u043c\u043f\u0435\u0440\u0430\u0442\u0443\u0440\u0435 \u0434\u043e 90\u00b0\u0421 \u0438 \u0434\u0430\u0432\u043b\u0435\u043d\u0438\u0438 \u0434\u043e 20 \u0431\u0430\u0440.<\/p>\n<\/div>\n<\/div>\n<\/td>\n<\/tr>\n<tr>\n<td width=\"369px\">\n<h3>Teu PPR 63 mm. Parametri<\/h3>\n<ul>\n<li>\u0420\u0430\u0437\u043c\u0435\u0440\u044b \u0442\u0440\u0435\u0443\u0433\u043e\u043b\u044c\u043d\u0438\u043a\u0430 \u2013 DN63<\/li>\n<li>\u041d\u043e\u043c\u0438\u043d\u0430\u043b\u044c\u043d\u043e\u0435 \u0434\u0430\u0432\u043b\u0435\u043d\u0438\u0435 PN \u2013 20 \u0431\u0430\u0440<\/li>\n<li>\u0423\u0433\u043e\u043b \u043f\u043e\u0432\u043e\u0440\u043e\u0442\u0430 \u2013 90\u00b0<\/li>\n<li>\u0422\u0440\u0435\u0443\u0433\u043e\u043b\u044c\u043d\u044b\u0439 \u0442\u0438\u043f \u2013 \u0440\u0430\u0432\u043d\u043e\u043f\u0440\u043e\u0445\u043e\u0434\u043d\u044b\u0439<\/li>\n<li>\u0421\u043f\u043e\u0441\u043e\u0431 \u0438\u0437\u0433\u043e\u0442\u043e\u0432\u043b\u0435\u043d\u0438\u044f \u2013 \u0431\u0435\u0441\u0448\u043e\u0432\u043d\u044b\u0439<\/li>\n<li>\u0422\u0438\u043f \u0441\u043e\u0435\u0434\u0438\u043d\u0435\u043d\u0438\u044f \u2013 \u0441\u0432\u0430\u0440\u043a\u0430<\/li>\n<li>\u041c\u0430\u0442\u0435\u0440\u0438\u0430\u043b \u043a\u043e\u0440\u043f\u0443\u0441\u0430 \u2013 \u043f\u043e\u043b\u0438\u043f\u0440\u043e\u043f\u0438\u043b\u0435\u043d PPRC<\/li>\n<li>\u041f\u043e\u0432\u0435\u0440\u0445\u043d\u043e\u0441\u0442\u044c \u2013 \u0433\u043b\u0430\u0434\u043a\u0430\u044f<\/li>\n<li>\u0420\u0430\u0431\u043e\u0447\u0430\u044f \u0442\u0435\u043c\u043f\u0435\u0440\u0430\u0442\u0443\u0440\u0430 \u2013 \u200b\u200b90\u00b0\u0421<\/li>\n<\/ul>\n<\/td>\n<\/tr>\n<\/tbody>\n<\/table>\n<h3>\u041f\u0440\u0435\u0438\u043c\u0443\u0449\u0435\u0441\u0442\u0432\u0430 \u0438\u0441\u043f\u043e\u043b\u044c\u0437\u043e\u0432\u0430\u043d\u0438\u044f:<\/h3>\n<ul>\n<li><strong>\u0424\u0443\u043d\u043a\u0446\u0438\u043e\u043d\u0430\u043b\u044c\u043d\u043e\u0441\u0442\u044c<\/strong>: \u043e\u0431\u0435\u0441\u043f\u0435\u0447\u0438\u0432\u0430\u0435\u0442 \u0432\u0435\u0440\u0442\u0438\u043a\u0430\u043b\u044c\u043d\u044b\u0439 \u043e\u0442\u0432\u043e\u0434 \u043e\u0442 \u0433\u043e\u0440\u0438\u0437\u043e\u043d\u0442\u0430\u043b\u044c\u043d\u043e\u0439 \u0442\u0440\u0443\u0431\u044b, \u0447\u0442\u043e \u043e\u0431\u043b\u0435\u0433\u0447\u0430\u0435\u0442 \u043f\u043e\u0434\u0441\u043e\u0435\u0434\u0438\u043d\u0435\u043d\u0438\u0435 \u0444\u0438\u0442\u0438\u043d\u0433\u0430.<\/li>\n<li>\u0422\u0440\u0435\u0443\u0433\u043e\u043b\u044c\u043d\u0438\u043a \u0438\u0434\u0435\u0430\u043b\u044c\u043d\u043e \u043f\u043e\u0434\u0445\u043e\u0434\u0438\u0442 \u0434\u043b\u044f \u0441\u043b\u043e\u0436\u043d\u044b\u0445 \u043f\u0440\u043e\u0435\u043a\u0442\u043e\u0432, \u0433\u0434\u0435 \u0432\u0430\u0436\u043d\u044b \u043d\u0430\u0434\u0435\u0436\u043d\u043e\u0441\u0442\u044c, \u043f\u0440\u043e\u0441\u0442\u043e\u0442\u0430 \u0438 \u044d\u0444\u0444\u0435\u043a\u0442\u0438\u0432\u043d\u043e\u0441\u0442\u044c \u043f\u043e\u043b\u0438\u043f\u0440\u043e\u043f\u0438\u043b\u0435\u043d\u043e\u0432\u044b\u0445 \u0442\u0440\u0443\u0431\u043e\u043f\u0440\u043e\u0432\u043e\u0434\u043d\u044b\u0445 \u0441\u0438\u0441\u0442\u0435\u043c.<\/li>\n<\/ul>\n<h3>\u041e\u0441\u043d\u043e\u0432\u043d\u044b\u0435 \u0442\u0438\u043f\u044b \u043f\u043e\u0434\u043a\u043b\u044e\u0447\u0435\u043d\u0438\u0439 \u043a \u0441\u0438\u0441\u0442\u0435\u043c\u0430\u043c \u043e\u0442\u043e\u043f\u043b\u0435\u043d\u0438\u044f, \u0432\u043e\u0434\u043e\u0441\u043d\u0430\u0431\u0436\u0435\u043d\u0438\u044f \u0438 \u043a\u0430\u043d\u0430\u043b\u0438\u0437\u0430\u0446\u0438\u0438<\/h3>\n<p>\u0414\u043b\u044f \u0441\u043e\u0435\u0434\u0438\u043d\u0435\u043d\u0438\u044f \u0442\u0440\u0443\u0431 \u0438\u0437 \u043e\u0434\u043d\u043e\u0440\u043e\u0434\u043d\u044b\u0445 \u0438 \u043e\u0434\u043d\u043e\u0440\u043e\u0434\u043d\u043e-\u043d\u0435\u043e\u0434\u043d\u043e\u0440\u043e\u0434\u043d\u044b\u0445 \u043c\u0430\u0442\u0435\u0440\u0438\u0430\u043b\u043e\u0432 \u043f\u0440\u0438\u043c\u0435\u043d\u044f\u044e\u0442\u0441\u044f \u0440\u0430\u0437\u043b\u0438\u0447\u043d\u044b\u0435 \u0442\u0435\u0445\u043d\u043e\u043b\u043e\u0433\u0438\u0438. \u0420\u0430\u0441\u0441\u043c\u043e\u0442\u0440\u0438\u043c \u043d\u0430\u0438\u0431\u043e\u043b\u0435\u0435 \u0440\u0430\u0441\u043f\u0440\u043e\u0441\u0442\u0440\u0430\u043d\u0435\u043d\u043d\u044b\u0435 \u0438\u0437 \u043d\u0438\u0445:<\/p>\n<h4>1. \u0420\u0435\u0437\u044c\u0431\u043e\u0432\u044b\u0435 \u0441\u043e\u0435\u0434\u0438\u043d\u0435\u043d\u0438\u044f<\/h4>\n<p>\u041f\u0440\u043e\u0441\u0442\u043e\u0435 \u0438 \u0431\u0435\u0437\u043e\u043f\u0430\u0441\u043d\u043e\u0435 \u0440\u0435\u0448\u0435\u043d\u0438\u0435, \u0434\u043e\u0441\u0442\u0438\u0433\u0430\u0435\u043c\u043e\u0435 \u043f\u0440\u0438\u043c\u0435\u043d\u0435\u043d\u0438\u0435\u043c \u0432\u043d\u0443\u0442\u0440\u0435\u043d\u043d\u0435\u0439 \u0438\/\u0438\u043b\u0438 \u0432\u043d\u0435\u0448\u043d\u0435\u0439 \u0440\u0435\u0437\u044c\u0431\u044b. \u0420\u0435\u0437\u044c\u0431\u043e\u0432\u044b\u0435 \u0441\u043e\u0435\u0434\u0438\u043d\u0435\u043d\u0438\u044f \u0441\u043e\u0445\u0440\u0430\u043d\u044f\u044e\u0442 \u0432\u043d\u0443\u0442\u0440\u0435\u043d\u043d\u0438\u0439 \u0434\u0438\u0430\u043c\u0435\u0442\u0440 \u0442\u0440\u0443\u0431, \u0447\u0442\u043e \u043f\u043e\u043b\u043e\u0436\u0438\u0442\u0435\u043b\u044c\u043d\u043e \u0432\u043b\u0438\u044f\u0435\u0442 \u043d\u0430 \u0433\u0438\u0434\u0440\u0430\u0432\u043b\u0438\u043a\u0443. \u041a\u0430\u0447\u0435\u0441\u0442\u0432\u043e \u0441\u043e\u0435\u0434\u0438\u043d\u0435\u043d\u0438\u044f \u0437\u0430\u0432\u0438\u0441\u0438\u0442 \u043e\u0442 \u043f\u0440\u0430\u0432\u0438\u043b\u044c\u043d\u043e\u0441\u0442\u0438 \u0441\u0431\u043e\u0440\u043a\u0438.<\/p>\n<h4>2. \u041d\u0430\u043f\u043e\u0440\u043d\u044b\u0435 \u0441\u043e\u0435\u0434\u0438\u043d\u0435\u043d\u0438\u044f<\/h4>\n<p>\u041e\u0441\u043d\u043e\u0432\u0430\u043d \u043d\u0430 \u0434\u0435\u0444\u043e\u0440\u043c\u0430\u0446\u0438\u0438 \u0432\u043d\u0435\u0448\u043d\u0435\u0433\u043e \u0433\u0430\u043b\u0435\u0440\u0430, \u043a\u043e\u0442\u043e\u0440\u044b\u0439 \u043f\u0440\u0438\u0436\u0438\u043c\u0430\u0435\u0442 \u0442\u0440\u0443\u0431\u0443 \u043a \u043b\u0430\u0442\u0443\u043d\u043d\u043e\u043c\u0443, PVDF \u0438\u043b\u0438 PPSU \u0432\u0441\u0442\u0430\u0432\u043d\u043e\u043c\u0443 \u043f\u0440\u043e\u0444\u0438\u043b\u044e. \u041e\u0431\u0435\u0441\u043f\u0435\u0447\u0438\u0432\u0430\u0435\u0442 \u0433\u0435\u0440\u043c\u0435\u0442\u0438\u0447\u043d\u043e\u0441\u0442\u044c \u0438 \u0434\u043e\u043b\u0433\u043e\u0432\u0435\u0447\u043d\u043e\u0441\u0442\u044c.<\/p>\n<h4>3. \u041a\u043e\u043c\u043f\u0440\u0435\u0441\u0441\u0438\u043e\u043d\u043d\u044b\u0435 \u0441\u043e\u0435\u0434\u0438\u043d\u0435\u043d\u0438\u044f<\/h4>\n<p>\u041e\u043d \u0438\u0441\u043f\u043e\u043b\u044c\u0437\u0443\u0435\u0442 \u0444\u0438\u0442\u0438\u043d\u0433, \u0440\u0430\u0437\u0440\u0435\u0437\u043d\u043e\u0435 \u043a\u043e\u043b\u044c\u0446\u043e \u0438 \u0432\u0432\u0438\u043d\u0447\u0438\u0432\u0430\u044e\u0449\u0443\u044e\u0441\u044f \u0433\u0430\u0439\u043a\u0443. \u041a\u043e\u0433\u0434\u0430 \u0433\u0430\u0439\u043a\u0430 \u0437\u0430\u0442\u044f\u0433\u0438\u0432\u0430\u0435\u0442\u0441\u044f, \u043a\u043e\u043b\u044c\u0446\u043e \u0441\u0436\u0438\u043c\u0430\u0435\u0442 \u0442\u0440\u0443\u0431\u0443 \u0434\u043b\u044f \u043d\u0430\u0434\u0435\u0436\u043d\u043e\u0439 \u0444\u0438\u043a\u0441\u0430\u0446\u0438\u0438. \u041c\u0435\u0442\u043e\u0434 \u043f\u0440\u043e\u0441\u0442, \u043d\u043e \u0432\u0441\u0435 \u0435\u0449\u0435 \u0438\u0441\u043f\u043e\u043b\u044c\u0437\u0443\u0435\u0442\u0441\u044f \u0432 \u043d\u0435\u043a\u043e\u0442\u043e\u0440\u044b\u0445 \u0441\u0438\u0442\u0443\u0430\u0446\u0438\u044f\u0445.<\/p>\n<h4>4. \u0412\u0441\u0442\u0430\u0432\u0438\u0442\u044c (\u0441\u0442\u0440\u0430\u043d\u0438\u0446\u0430)<\/h4>\n<p>\u0421 \u043f\u043e\u043c\u043e\u0449\u044c\u044e \u0441\u0432\u0430\u0440\u043a\u0438 \u043c\u043e\u0436\u043d\u043e \u0441\u043e\u0437\u0434\u0430\u0432\u0430\u0442\u044c \u043c\u043e\u043b\u0435\u043a\u0443\u043b\u044f\u0440\u043d\u044b\u0435 \u0441\u043e\u0435\u0434\u0438\u043d\u0435\u043d\u0438\u044f, \u043a\u043e\u0442\u043e\u0440\u044b\u0435 \u043e\u0447\u0435\u043d\u044c \u043f\u043b\u043e\u0442\u043d\u044b\u0435 \u0438 \u043f\u0440\u043e\u0447\u043d\u044b\u0435. \u0414\u043b\u044f \u044d\u0442\u043e\u0433\u043e \u0442\u0440\u0435\u0431\u0443\u044e\u0442\u0441\u044f \u0441\u043f\u0435\u0446\u0438\u0430\u043b\u044c\u043d\u044b\u0435 \u043d\u0430\u0432\u044b\u043a\u0438 \u0438 \u0441\u043e\u043e\u0442\u0432\u0435\u0442\u0441\u0442\u0432\u0443\u044e\u0449\u0435\u0435 \u043e\u0431\u043e\u0440\u0443\u0434\u043e\u0432\u0430\u043d\u0438\u0435.<\/p>\n<h4>5. \u041f\u0440\u0438\u0432\u0430\u0440\u043a\u0430 \u0444\u043b\u0430\u043d\u0446\u0435\u0432<\/h4>\n<p>\u041c\u0435\u0442\u043e\u0434 \u0441\u043e\u0435\u0434\u0438\u043d\u0435\u043d\u0438\u044f \u043f\u0443\u0442\u0435\u043c \u043d\u0430\u0433\u0440\u0435\u0432\u0430 \u0438 \u0441\u043e\u0435\u0434\u0438\u043d\u0435\u043d\u0438\u044f \u043e\u0434\u043d\u043e\u0440\u043e\u0434\u043d\u044b\u0445 \u043c\u0430\u0442\u0435\u0440\u0438\u0430\u043b\u043e\u0432. \u041e\u0431\u0435\u0441\u043f\u0435\u0447\u0438\u0432\u0430\u0435\u0442 \u043f\u0440\u043e\u0447\u043d\u043e\u0441\u0442\u044c \u0438 \u043d\u0430\u0434\u0435\u0436\u043d\u043e\u0441\u0442\u044c.<\/p>\n<h4>6. \u0413\u0438\u0431\u0440\u0438\u0434\u043d\u044b\u0435 \u0441\u043e\u0435\u0434\u0438\u043d\u0435\u043d\u0438\u044f<\/h4>\n<p>\u041e\u043d \u0438\u0441\u043f\u043e\u043b\u044c\u0437\u0443\u0435\u0442 \u0441\u0432\u043e\u0439\u0441\u0442\u0432\u0430 \u043c\u0430\u0442\u0435\u0440\u0438\u0430\u043b\u0430, \u043f\u043e\u0437\u0432\u043e\u043b\u044f\u044e\u0449\u0438\u0435 \u0435\u043c\u0443 \u0432\u043e\u0437\u0432\u0440\u0430\u0449\u0430\u0442\u044c\u0441\u044f \u0432 \u0438\u0441\u0445\u043e\u0434\u043d\u043e\u0435 \u043f\u043e\u043b\u043e\u0436\u0435\u043d\u0438\u0435 \u043f\u043e\u0441\u043b\u0435 \u0440\u0430\u0441\u0448\u0438\u0440\u0435\u043d\u0438\u044f, \u043e\u0431\u0435\u0441\u043f\u0435\u0447\u0438\u0432\u0430\u044f \u043d\u0430\u0434\u0435\u0436\u043d\u0443\u044e \u0444\u0438\u043a\u0441\u0430\u0446\u0438\u044e.<\/p>\n<h3>Teu PPR 63 mm. Avantaje fa\u021b\u0103 de concuren\u021b\u0103<\/h3>\n<ul>\n<li><strong>\u041c\u0430\u043a\u0441\u0438\u043c\u0430\u043b\u044c\u043d\u0430\u044f \u043f\u0440\u043e\u043f\u0443\u0441\u043a\u043d\u0430\u044f \u0441\u043f\u043e\u0441\u043e\u0431\u043d\u043e\u0441\u0442\u044c<\/strong>: \u0432\u043d\u0443\u0442\u0440\u0435\u043d\u043d\u0438\u0439 \u0434\u0438\u0430\u043c\u0435\u0442\u0440 \u0442\u0440\u0443\u0431\u044b \u043e\u0441\u0442\u0430\u0435\u0442\u0441\u044f \u043d\u0435\u0438\u0437\u043c\u0435\u043d\u043d\u044b\u043c, \u0447\u0442\u043e \u0443\u043b\u0443\u0447\u0448\u0430\u0435\u0442 \u0433\u0438\u0434\u0440\u0430\u0432\u043b\u0438\u0447\u0435\u0441\u043a\u0438\u0435 \u0445\u0430\u0440\u0430\u043a\u0442\u0435\u0440\u0438\u0441\u0442\u0438\u043a\u0438.<\/li>\n<li><strong>\u042d\u043a\u043e\u043d\u043e\u043c\u0438\u0447\u0435\u0441\u043a\u0438 \u044d\u0444\u0444\u0435\u043a\u0442\u0438\u0432\u043d\u043e<\/strong>: \u0446\u0435\u043d\u0430 \u0442\u0440\u0435\u0443\u0433\u043e\u043b\u044c\u043d\u0438\u043a\u0430\u00a0<strong>\u041f\u041f-\u0420<\/strong>\u00a0\u043d\u0438\u0436\u0435 \u043f\u043e \u0441\u0440\u0430\u0432\u043d\u0435\u043d\u0438\u044e \u0441 \u0430\u043d\u0430\u043b\u043e\u0433\u0438\u0447\u043d\u044b\u043c\u0438 \u0438\u0437\u0434\u0435\u043b\u0438\u044f\u043c\u0438 \u0438\u0437 \u043c\u0435\u0434\u0438 \u0438\u043b\u0438 \u043c\u0435\u0442\u0430\u043b\u043b\u043e\u043a\u043e\u043c\u043f\u043e\u0437\u0438\u0442\u0430.<\/li>\n<li><strong>\u041f\u0440\u043e\u0441\u0442\u0430\u044f \u0441\u0431\u043e\u0440\u043a\u0430<\/strong>: \u043f\u0440\u043e\u0441\u0442\u043e\u0442\u0430 \u0443\u0441\u0442\u0430\u043d\u043e\u0432\u043a\u0438, \u043e\u0442\u0441\u0443\u0442\u0441\u0442\u0432\u0438\u0435 \u0441\u043b\u043e\u0436\u043d\u043e\u0433\u043e \u043e\u0431\u043e\u0440\u0443\u0434\u043e\u0432\u0430\u043d\u0438\u044f.<\/li>\n<li><strong>\u041f\u0440\u043e\u0447\u043d\u043e\u0441\u0442\u044c<\/strong>: \u0441\u043e\u0435\u0434\u0438\u043d\u0435\u043d\u0438\u044f \u043e\u0441\u0442\u0430\u044e\u0442\u0441\u044f \u0433\u0435\u0440\u043c\u0435\u0442\u0438\u0447\u043d\u044b\u043c\u0438 \u0432 \u0442\u0435\u0447\u0435\u043d\u0438\u0435 \u0434\u043b\u0438\u0442\u0435\u043b\u044c\u043d\u043e\u0433\u043e \u0432\u0440\u0435\u043c\u0435\u043d\u0438.<\/li>\n<\/ul>\n<h3>\u0413\u0438\u0434\u0440\u0430\u0432\u043b\u0438\u0447\u0435\u0441\u043a\u0438\u0435 \u043f\u0440\u0435\u0438\u043c\u0443\u0449\u0435\u0441\u0442\u0432\u0430<\/h3>\n<p>De exemplu, pentru o conduct\u0103 de 16 mm cu grosime a peretelui de 2 mm, diametrul interior poate sc\u0103dea cu 4\u20136 mm la conexiunile de compresie, ceea ce reduce sec\u021biunea de trecere cu 25\u201337,5%. \u00cen cazul Teu PPR 63 mm, astfel de pierderi nu apar, ceea ce le face eficiente pentru \u00eenc\u0103lzire \u0219i alimentare cu ap\u0103.<\/p>\n<h3>\u0417\u0430\u043a\u043b\u044e\u0447\u0435\u043d\u0438\u0435<\/h3>\n<p>Teu PPR 63 mm\u2014 este solu\u021bia optim\u0103 pentru sistemele de \u00eenc\u0103lzire, ap\u0103 \u0219i canalizare, combin\u00e2nd fiabilitatea, economia \u0219i performan\u021bele hidraulice ridicate. Aleg\u00e2nd fitinguri din polipropilen\u0103, ob\u021bine\u021bi o re\u021bea durabil\u0103 cu costuri minime de \u00eentre\u021binere.<\/p>\n<hr \/>\n<p>\u00a0<\/p>","protected":false},"excerpt":{"rendered":"<ul>\n<li data-start=\"638\" data-end=\"682\">\n<p data-start=\"640\" data-end=\"682\"><strong data-start=\"640\" data-end=\"653\">\u041c\u0430\u0442\u0435\u0440\u0438\u0430\u043b:<\/strong> \u043f\u043e\u043b\u0438\u043f\u0440\u043e\u043f\u0438\u043b\u0435\u043d (PPR)<\/p>\n<\/li>\n<li data-start=\"683\" data-end=\"728\">\n<p data-start=\"685\" data-end=\"728\"><strong data-start=\"685\" data-end=\"693\">\u041f\u0440\u0438\u043c\u0435\u043d\u0435\u043d\u0438\u0435:<\/strong>\u00a0\u0422\u0440\u043e\u0439\u043d\u0438\u043a<\/p>\n<\/li>\n<li data-start=\"729\" data-end=\"770\">\n<p data-start=\"731\" data-end=\"770\"><strong data-start=\"731\" data-end=\"746\">\u0420\u0430\u0437\u043c\u0435\u0440\u044b:<\/strong> 63 \u043c\u043c \u00d7 63 \u043c\u043c \u00d7 63 \u043c\u043c<\/p>\n<\/li>\n<li data-start=\"771\" data-end=\"810\">\n<p data-start=\"773\" data-end=\"810\"><strong data-start=\"773\" data-end=\"793\">\u041c\u0430\u043a\u0441\u0438\u043c\u0430\u043b\u044c\u043d\u043e\u0435 \u0434\u0430\u0432\u043b\u0435\u043d\u0438\u0435:<\/strong>\u00a0\u0434\u043e 25 \u0431\u0430\u0440<\/p>\n<\/li>\n<li data-start=\"811\" data-end=\"853\">\n<p data-start=\"813\" data-end=\"853\"><strong data-start=\"813\" data-end=\"838\">\u0420\u0430\u0431\u043e\u0447\u0430\u044f \u0442\u0435\u043c\u043f\u0435\u0440\u0430\u0442\u0443\u0440\u0430:<\/strong>\u00a0\u0434\u043e 95\u00b0\u0421<\/p>\n<\/li>\n<li data-start=\"854\" data-end=\"901\">\n<p data-start=\"856\" data-end=\"901\"><strong data-start=\"856\" data-end=\"867\">\u0421\u0431\u043e\u0440\u043a\u0430:<\/strong>\u00a0\u043c\u0435\u0442\u043e\u0434\u043e\u043c \u0433\u043e\u0440\u044f\u0447\u0435\u0439 \u0441\u0432\u0430\u0440\u043a\u0438 (\u043f\u043e\u043b\u0438\u0444\u0443\u0437\u0438\u043e\u043d\u043d\u043e\u0439 \u0441\u0432\u0430\u0440\u043a\u0438)<\/p>\n<\/li>\n<\/ul>","protected":false},"featured_media":6859,"comment_status":"open","ping_status":"closed","template":"","meta":{"_acf_changed":false,"_kad_post_transparent":"default","_kad_post_title":"","_kad_post_layout":"default","_kad_post_sidebar_id":"","_kad_post_content_style":"default","_kad_post_vertical_padding":"default","_kad_post_feature":"","_kad_post_feature_position":"","_kad_post_header":false,"_kad_post_footer":false},"product_brand":[],"product_cat":[283],"product_tag":[615,215,285,190,291,209,628],"class_list":{"0":"post-6074","1":"product","2":"type-product","3":"status-publish","4":"has-post-thumbnail","6":"product_cat-tevi-si-fitinguri-hdpe-si-ppr","7":"product_tag-63-mm","8":"product_tag-aprovizionare-cu-apa","9":"product_tag-fitinguri-ppr","10":"product_tag-pompa-de-caldura","11":"product_tag-ppr","12":"product_tag-racire","13":"product_tag-teu","15":"first","16":"outofstock","17":"sale","18":"featured","19":"taxable","20":"shipping-taxable","21":"purchasable","22":"product-type-simple","23":"entry","24":"content-bg","25":"loop-entry"},"acf":[],"_links":{"self":[{"href":"https:\/\/altal.ro\/ru\/wp-json\/wp\/v2\/product\/6074","targetHints":{"allow":["GET"]}}],"collection":[{"href":"https:\/\/altal.ro\/ru\/wp-json\/wp\/v2\/product"}],"about":[{"href":"https:\/\/altal.ro\/ru\/wp-json\/wp\/v2\/types\/product"}],"replies":[{"embeddable":true,"href":"https:\/\/altal.ro\/ru\/wp-json\/wp\/v2\/comments?post=6074"}],"version-history":[{"count":6,"href":"https:\/\/altal.ro\/ru\/wp-json\/wp\/v2\/product\/6074\/revisions"}],"predecessor-version":[{"id":7585,"href":"https:\/\/altal.ro\/ru\/wp-json\/wp\/v2\/product\/6074\/revisions\/7585"}],"wp:featuredmedia":[{"embeddable":true,"href":"https:\/\/altal.ro\/ru\/wp-json\/wp\/v2\/media\/6859"}],"wp:attachment":[{"href":"https:\/\/altal.ro\/ru\/wp-json\/wp\/v2\/media?parent=6074"}],"wp:term":[{"taxonomy":"product_brand","embeddable":true,"href":"https:\/\/altal.ro\/ru\/wp-json\/wp\/v2\/product_brand?post=6074"},{"taxonomy":"product_cat","embeddable":true,"href":"https:\/\/altal.ro\/ru\/wp-json\/wp\/v2\/product_cat?post=6074"},{"taxonomy":"product_tag","embeddable":true,"href":"https:\/\/altal.ro\/ru\/wp-json\/wp\/v2\/product_tag?post=6074"}],"curies":[{"name":"wp","href":"https:\/\/api.w.org\/{rel}","templated":true}]}}