{"id":6056,"date":"2025-06-26T17:43:36","date_gmt":"2025-06-26T14:43:36","guid":{"rendered":"https:\/\/altal.ro\/?post_type=product&#038;p=6056"},"modified":"2025-07-23T01:21:15","modified_gmt":"2025-07-22T22:21:15","slug":"cot-ppr-32-mm-90","status":"publish","type":"product","link":"https:\/\/altal.ro\/ru\/cot-ppr-32-mm-90\/","title":{"rendered":"\u0423\u0433\u043e\u043b\u043e\u043a PPR 32 \u043c\u043c 90\u00b0"},"content":{"rendered":"<p>\u044d\u0442\u043e-toc<\/p>\n<h2 class=\"product-title font-semibold\">\u0423\u0433\u043e\u043b\u043e\u043a PPR 32 \u043c\u043c 90\u00b0<\/h2>\n<h4 data-start=\"96\" data-end=\"175\">\u2013 \u041d\u0430\u0434\u0435\u0436\u043d\u0430\u044f \u043a\u0440\u0438\u0432\u0430\u044f \u0434\u043b\u044f \u0441\u0438\u0441\u0442\u0435\u043c \u0432\u043e\u0434\u043e\u0441\u043d\u0430\u0431\u0436\u0435\u043d\u0438\u044f \u0438 \u043e\u0442\u043e\u043f\u043b\u0435\u043d\u0438\u044f<\/h4>\n<p data-start=\"177\" data-end=\"482\">Cot PPR 32 mm 90\u00b0 este un fiting esen\u021bial pentru schimbarea direc\u021biei traseului conductelor \u00een sisteme de <strong data-start=\"290\" data-end=\"317\">\u043f\u0438\u0442\u044c\u0435\u0432\u0430\u044f \u0432\u043e\u0434\u0430, \u043e\u0442\u043e\u043f\u043b\u0435\u043d\u0438\u0435<\/strong> \u0438\u043b\u0438 <strong data-start=\"322\" data-end=\"332\">\u043e\u0445\u043b\u0430\u0436\u0434\u0435\u043d\u0438\u0435<\/strong>\u0421\u0434\u0435\u043b\u0430\u043d\u043e \u0438\u0437 <strong data-start=\"347\" data-end=\"370\">\u043f\u043e\u043b\u0438\u043f\u0440\u043e\u043f\u0438\u043b\u0435\u043d (PPR)<\/strong> \u0432\u044b\u0441\u043e\u043a\u043e\u0435 \u043a\u0430\u0447\u0435\u0441\u0442\u0432\u043e, \u044d\u0442\u043e\u0442 \u0441\u0432\u0430\u0440\u043d\u043e\u0439 \u043e\u0442\u0432\u043e\u0434 \u043f\u0440\u0435\u0434\u043b\u0430\u0433\u0430\u0435\u0442 <strong data-start=\"415\" data-end=\"439\">\u0438\u0434\u0435\u0430\u043b\u044c\u043d\u0430\u044f \u0433\u0435\u0440\u043c\u0435\u0442\u0438\u0447\u043d\u043e\u0441\u0442\u044c<\/strong> \u0438 <strong data-start=\"443\" data-end=\"481\">\u0443\u0441\u0442\u043e\u0439\u0447\u0438\u0432\u043e\u0441\u0442\u044c \u043a \u0432\u044b\u0441\u043e\u043a\u0438\u043c \u0442\u0435\u043c\u043f\u0435\u0440\u0430\u0442\u0443\u0440\u0430\u043c<\/strong>.<\/p>\n<p>Cot PPR 32 mm 90\u00b0 este un fiting dublu pentru conectarea elementelor conductei din polipropilen\u0103 la un unghi de 90\u00b0 unul fa\u021b\u0103 de cel\u0103lalt. Montajul se realizeaz\u0103 prin sudur\u0103 \u00een racord. <a href=\"https:\/\/en.wikipedia.org\/wiki\/Polypropylene\" target=\"_blank\" rel=\"noopener\">CoCot PPR 32 mm 90\u00b0<\/a>\u00a0\u0431\u0435\u043b\u044b\u0439 \u043f\u0440\u0435\u0434\u043d\u0430\u0437\u043d\u0430\u0447\u0435\u043d \u0434\u043b\u044f \u0441\u0438\u0441\u0442\u0435\u043c \u0445\u043e\u043b\u043e\u0434\u043d\u043e\u0433\u043e \u0438 \u0433\u043e\u0440\u044f\u0447\u0435\u0433\u043e \u043f\u0438\u0442\u044c\u0435\u0432\u043e\u0433\u043e \u0432\u043e\u0434\u043e\u0441\u043d\u0430\u0431\u0436\u0435\u043d\u0438\u044f, \u043e\u0442\u043e\u043f\u043b\u0435\u043d\u0438\u044f \u0441 <a href=\"https:\/\/altal.ro\/ru\/teplovye-nasosi-altal\/\">\u0442\u0435\u043f\u043b\u043e\u0432\u044b\u043c \u043d\u0430\u0441\u043e\u0441\u043e\u043c<\/a>. Cot PPR 32 mm 90\u00b00 de culoare alb este fabricat din copolimer de polipropilen\u0103 tip 3, un material caracterizat prin stabilitate mecanic\u0103 la temperaturi \u00eenalte. Propriet\u0103\u021bile fizice \u0219i chimice ale materialului permit utilizarea sa \u00een sistemele de ap\u0103 potabil\u0103. \u021aevile PPR sunt special dezvoltate pentru sistemele de ap\u0103 cald\u0103 \u0219i \u00eenc\u0103lzire.<\/p>\n<table style=\"height: 663px;width: 33.8862%;border-collapse: collapse\" border=\"1\">\n<tbody>\n<tr style=\"height: 35px\">\n<td style=\"width: 59.8466%;height: 35px\"><strong>\u0418\u0414\u0415\u041d\u0422\u0418\u0424\u0418\u041a\u0410\u0422\u041e\u0420<\/strong><\/td>\n<td style=\"width: 92.8745%;height: 35px;text-align: center\">\u0423\u0433\u043e\u043b\u043e\u043a PPR 32 \u043c\u043c 90\u00b0<\/td>\n<\/tr>\n<tr style=\"height: 35px\">\n<td style=\"width: 59.8466%;height: 35px\">\u0413\u043b\u0443\u0431\u0438\u043d\u0430<\/td>\n<td style=\"width: 92.8745%;height: 35px;text-align: center\">32 \u043c\u043c<\/td>\n<\/tr>\n<tr style=\"height: 35px\">\n<td style=\"width: 59.8466%;height: 35px\">\u0412\u044b\u0441\u043e\u0442\u0430<\/td>\n<td style=\"width: 92.8745%;height: 35px;text-align: center\">45 \u043c\u043c<\/td>\n<\/tr>\n<tr style=\"height: 35px\">\n<td style=\"width: 59.8466%;height: 35px\">\u0428\u0438\u0440\u0438\u043d\u0430<\/td>\n<td style=\"width: 92.8745%;height: 35px;text-align: center\">45 \u043c\u043c<\/td>\n<\/tr>\n<tr style=\"height: 35px\">\n<td style=\"width: 59.8466%;height: 35px\">\u041c\u0430\u0441\u0441\u0430<\/td>\n<td style=\"width: 92.8745%;height: 35px;text-align: center\">44 \u0433<\/td>\n<\/tr>\n<tr style=\"height: 35px\">\n<td style=\"width: 59.8466%;height: 35px\">\u0424\u0443\u043d\u043a\u0446\u0438\u044f<\/td>\n<td style=\"width: 92.8745%;height: 35px;text-align: center\">\u0423\u0433\u043e\u043b<\/td>\n<\/tr>\n<tr style=\"height: 35px\">\n<td style=\"width: 59.8466%;height: 35px\">\u041e\u0441\u043d\u043e\u0432\u043d\u043e\u0439 \u0440\u0430\u0437\u043c\u0435\u0440<\/td>\n<td style=\"width: 92.8745%;height: 35px;text-align: center\">32 \u043c\u043c<\/td>\n<\/tr>\n<tr style=\"height: 35px\">\n<td style=\"width: 59.8466%;height: 35px\">\u0423\u0433\u043e\u043b, \u0433\u0440\u0430\u0434\u0443\u0441\u044b<\/td>\n<td style=\"width: 92.8745%;height: 35px;text-align: center\">90\u00b0<\/td>\n<\/tr>\n<tr style=\"height: 35px\">\n<td style=\"width: 59.8466%;height: 35px\">\u0413\u0430\u0440\u0430\u043d\u0442\u0438\u044f<\/td>\n<td style=\"width: 92.8745%;height: 35px;text-align: center\">7 \u043b\u0435\u0442<\/td>\n<\/tr>\n<tr style=\"height: 35px\">\n<td style=\"width: 59.8466%;height: 35px\">\u0420\u0430\u0437\u043c\u0435\u0440 \u0441\u043e\u0435\u0434\u0438\u043d\u0435\u043d\u0438\u044f<\/td>\n<td style=\"width: 92.8745%;height: 35px;text-align: center\">32 \u043c\u043c<\/td>\n<\/tr>\n<tr style=\"height: 35px\">\n<td style=\"width: 59.8466%;height: 35px\">\u041c\u0430\u043a\u0441\u0438\u043c\u0430\u043b\u044c\u043d\u043e\u0435 \u0440\u0430\u0431\u043e\u0447\u0435\u0435 \u0434\u0430\u0432\u043b\u0435\u043d\u0438\u0435<\/td>\n<td style=\"width: 92.8745%;height: 35px;text-align: center\">20 \u0431\u0430\u0440<\/td>\n<\/tr>\n<tr style=\"height: 35px\">\n<td style=\"width: 59.8466%;height: 35px\">\u0422\u0438\u043f \u0441\u043e\u0435\u0434\u0438\u043d\u0435\u043d\u0438\u044f<\/td>\n<td style=\"width: 92.8745%;height: 35px;text-align: center\">\u0421\u0432\u0430\u0440\u043a\u0430<\/td>\n<\/tr>\n<tr style=\"height: 32px\">\n<td style=\"width: 59.8466%;height: 32px\">\u041c\u0430\u043a\u0441\u0438\u043c\u0430\u043b\u044c\u043d\u0430\u044f \u0440\u0430\u0431\u043e\u0447\u0430\u044f \u0442\u0435\u043c\u043f\u0435\u0440\u0430\u0442\u0443\u0440\u0430<\/td>\n<td style=\"width: 92.8745%;height: 32px;text-align: center\">+95\u00b0\u0421<\/td>\n<\/tr>\n<tr style=\"height: 35px\">\n<td style=\"width: 59.8466%;height: 35px\">\u0420\u0430\u0431\u043e\u0447\u0435\u0435 \u0434\u0430\u0432\u043b\u0435\u043d\u0438\u0435<\/td>\n<td style=\"width: 92.8745%;height: 35px;text-align: center\">20 \u0431\u0430\u0440<\/td>\n<\/tr>\n<tr style=\"height: 36px\">\n<td style=\"width: 59.8466%;height: 36px\">\u0414\u0438\u0430\u043f\u0430\u0437\u043e\u043d \u0440\u0430\u0431\u043e\u0447\u0438\u0445 \u0442\u0435\u043c\u043f\u0435\u0440\u0430\u0442\u0443\u0440<\/td>\n<td style=\"width: 92.8745%;height: 36px;text-align: center\">-20\u2026+95\u00b0\u0421<\/td>\n<\/tr>\n<tr style=\"height: 35px\">\n<td style=\"width: 59.8466%;height: 35px\">\u041c\u0430\u0442\u0435\u0440\u0438\u0430\u043b<\/td>\n<td style=\"width: 92.8745%;height: 35px;text-align: center\">\u041f\u043e\u043b\u0438\u043f\u0440\u043e\u043f\u0438\u043b\u0435\u043d<\/td>\n<\/tr>\n<tr style=\"height: 35px\">\n<td style=\"width: 59.8466%;height: 35px\">\u0422\u0438\u043f \u0444\u0438\u0442\u0438\u043d\u0433\u0430<\/td>\n<td style=\"width: 92.8745%;height: 35px;text-align: center\">\u0423\u0433\u043e\u043b<\/td>\n<\/tr>\n<tr style=\"height: 35px\">\n<td style=\"width: 59.8466%;height: 35px\">\u0420\u0430\u0437\u043c\u0435\u0440 \u0432\u0445\u043e\u0434\u043d\u043e\u0433\u043e \u0441\u0438\u0433\u043d\u0430\u043b\u0430<\/td>\n<td style=\"width: 92.8745%;height: 35px;text-align: center\">32 \u043c\u043c<\/td>\n<\/tr>\n<tr style=\"height: 35px\">\n<td style=\"width: 59.8466%;height: 35px\">\u0420\u0430\u0437\u043c\u0435\u0440 \u0432\u044b\u0445\u043e\u0434\u043d\u043e\u0433\u043e \u0444\u0430\u0439\u043b\u0430<\/td>\n<td style=\"width: 92.8745%;height: 35px;text-align: center\">32 \u043c\u043c<\/td>\n<\/tr>\n<\/tbody>\n<\/table>\n<div class=\"catalog-detail-property\">\u00a0<\/div>\n<div class=\"catalog-detail-property\">\n<div class=\"val\"><strong>\u041e\u0441\u043d\u043e\u0432\u043d\u044b\u0435 \u0432\u0438\u0434\u044b \u043f\u043e\u0434\u043a\u043b\u044e\u0447\u0435\u043d\u0438\u0439 \u0438\u043d\u0436\u0435\u043d\u0435\u0440\u043d\u044b\u0445 \u0441\u0438\u0441\u0442\u0435\u043c<\/strong><\/div>\n<\/div>\n<p>\u0414\u043b\u044f \u0441\u043e\u0435\u0434\u0438\u043d\u0435\u043d\u0438\u044f \u0442\u0440\u0443\u0431 \u0438\u0441\u043f\u043e\u043b\u044c\u0437\u0443\u044e\u0442\u0441\u044f \u0440\u0430\u0437\u043b\u0438\u0447\u043d\u044b\u0435 \u0442\u0435\u0445\u043d\u043e\u043b\u043e\u0433\u0438\u0438. \u0420\u0430\u0441\u0441\u043c\u043e\u0442\u0440\u0438\u043c \u043d\u0430\u0438\u0431\u043e\u043b\u0435\u0435 \u0440\u0430\u0441\u043f\u0440\u043e\u0441\u0442\u0440\u0430\u043d\u0451\u043d\u043d\u044b\u0435 \u0438\u0437 \u043d\u0438\u0445:<\/p>\n<h4><strong>1. \u0420\u0435\u0437\u044c\u0431\u043e\u0432\u044b\u0435 \u0441\u043e\u0435\u0434\u0438\u043d\u0435\u043d\u0438\u044f<\/strong><\/h4>\n<p>Este o metod\u0103 simpl\u0103 \u0219i sigur\u0103. Conexiunea cu Cot PPR 32 mm 90\u00b0 se face prin filetarea intern\u0103 \u0219i\/sau extern\u0103 aplicat\u0103 pe capete. Fitingurile filetate p\u0103streaz\u0103 diametrul interior al conductelor, asigur\u00e2nd o hidrostatic\u0103 bun\u0103.<\/p>\n<h4><strong>2. \u041d\u0430\u043f\u043e\u0440\u043d\u044b\u0435 \u0441\u043e\u0435\u0434\u0438\u043d\u0435\u043d\u0438\u044f<\/strong><\/h4>\n<p>\u041e\u043d\u0438 \u0438\u0441\u043f\u043e\u043b\u044c\u0437\u0443\u044e\u0442\u0441\u044f \u0434\u043b\u044f \u0441\u043e\u0437\u0434\u0430\u043d\u0438\u044f \u0432\u043e\u0434\u043e\u043d\u0435\u043f\u0440\u043e\u043d\u0438\u0446\u0430\u0435\u043c\u044b\u0445 \u0441\u043e\u0435\u0434\u0438\u043d\u0435\u043d\u0438\u0439. \u0417\u0430\u0436\u0438\u043c\u043d\u0430\u044f \u0433\u0430\u043b\u0435\u0440\u0435\u044f \u043f\u0440\u0438\u0436\u0438\u043c\u0430\u0435\u0442 \u0442\u0440\u0443\u0431\u0443 \u043a \u0432\u0441\u0442\u0430\u0432\u043d\u043e\u043c\u0443 \u043f\u0440\u043e\u0444\u0438\u043b\u044e \u0438\u0437 \u043b\u0430\u0442\u0443\u043d\u0438, PVDF \u0438\u043b\u0438 PPSU. \u042d\u0442\u043e\u0442 \u043c\u0435\u0442\u043e\u0434 \u043e\u0431\u0435\u0441\u043f\u0435\u0447\u0438\u0432\u0430\u0435\u0442 \u0434\u043e\u043b\u0433\u043e\u0432\u0435\u0447\u043d\u043e\u0441\u0442\u044c.<\/p>\n<h4><strong>3. \u041a\u043e\u043c\u043f\u0440\u0435\u0441\u0441\u0438\u043e\u043d\u043d\u044b\u0435 \u0441\u043e\u0435\u0434\u0438\u043d\u0435\u043d\u0438\u044f<\/strong><\/h4>\n<p>\u042d\u0442\u043e\u0442 \u043c\u0435\u0442\u043e\u0434 \u043f\u043e\u0434\u0440\u0430\u0437\u0443\u043c\u0435\u0432\u0430\u0435\u0442 \u0438\u0441\u043f\u043e\u043b\u044c\u0437\u043e\u0432\u0430\u043d\u0438\u0435 \u0444\u0438\u0442\u0438\u043d\u0433\u0430, \u0440\u0430\u0437\u0440\u0435\u0437\u043d\u043e\u0433\u043e \u043a\u043e\u043b\u044c\u0446\u0430 \u0438 \u043d\u0430\u0432\u0438\u043d\u0447\u0438\u0432\u0430\u044e\u0449\u0435\u0439\u0441\u044f \u0433\u0430\u0439\u043a\u0438. \u041f\u0440\u0438 \u0437\u0430\u0442\u044f\u0433\u0438\u0432\u0430\u043d\u0438\u0438 \u0433\u0430\u0439\u043a\u0438 \u043a\u043e\u043b\u044c\u0446\u043e \u043f\u0440\u0438\u0436\u0438\u043c\u0430\u0435\u0442\u0441\u044f \u043a \u0442\u0440\u0443\u0431\u0435, \u0441\u043e\u0437\u0434\u0430\u0432\u0430\u044f \u0432\u043e\u0434\u043e\u043d\u0435\u043f\u0440\u043e\u043d\u0438\u0446\u0430\u0435\u043c\u043e\u0435 \u0441\u043e\u0435\u0434\u0438\u043d\u0435\u043d\u0438\u0435.<\/p>\n<h4><strong>4. \u041f\u0430\u0439\u043a\u0430 (\u0441\u0442\u0440\u0430\u043d\u0438\u0446\u0430)<\/strong><\/h4>\n<p>\u041f\u043e\u0437\u0432\u043e\u043b\u044f\u0435\u0442 \u0441\u0432\u0430\u0440\u0438\u0432\u0430\u0442\u044c \u0442\u0440\u0443\u0431\u044b \u043d\u0430 \u043c\u043e\u043b\u0435\u043a\u0443\u043b\u044f\u0440\u043d\u043e\u043c \u0443\u0440\u043e\u0432\u043d\u0435. \u0421\u043e\u0435\u0434\u0438\u043d\u0435\u043d\u0438\u044f \u0433\u0435\u0440\u043c\u0435\u0442\u0438\u0447\u043d\u044b \u0438 \u0432\u044b\u0434\u0435\u0440\u0436\u0438\u0432\u0430\u044e\u0442 \u0432\u044b\u0441\u043e\u043a\u0438\u0435 \u043d\u0430\u0433\u0440\u0443\u0437\u043a\u0438. \u041e\u0434\u043d\u0430\u043a\u043e \u043f\u0440\u043e\u0446\u0435\u0441\u0441 \u0442\u0440\u0435\u0431\u0443\u0435\u0442 \u0441\u043f\u0435\u0446\u0438\u0430\u043b\u044c\u043d\u044b\u0445 \u043d\u0430\u0432\u044b\u043a\u043e\u0432.<\/p>\n<h4><strong>5. \u0421\u0432\u0430\u0440\u043a\u0430 \u0444\u043b\u0430\u043d\u0446\u0435\u0432\u043e\u0433\u043e \u0441\u043e\u0435\u0434\u0438\u043d\u0435\u043d\u0438\u044f<\/strong><\/h4>\n<p>\u041e\u0434\u043d\u043e\u0440\u043e\u0434\u043d\u044b\u0435 \u043c\u0430\u0442\u0435\u0440\u0438\u0430\u043b\u044b \u043d\u0430\u0433\u0440\u0435\u0432\u0430\u044e\u0442\u0441\u044f \u0434\u043e \u043d\u0435\u043e\u0431\u0445\u043e\u0434\u0438\u043c\u043e\u0439 \u0442\u0435\u043c\u043f\u0435\u0440\u0430\u0442\u0443\u0440\u044b \u0438 \u0441\u043a\u043b\u0435\u0438\u0432\u0430\u044e\u0442\u0441\u044f \u043c\u0435\u0436\u0434\u0443 \u0441\u043e\u0431\u043e\u0439. \u0422\u0430\u043a\u043e\u0439 \u043c\u0435\u0442\u043e\u0434 \u043e\u0431\u0435\u0441\u043f\u0435\u0447\u0438\u0432\u0430\u0435\u0442 \u043d\u0430\u0434\u0435\u0436\u043d\u043e\u0441\u0442\u044c \u0438 \u043f\u0440\u043e\u0447\u043d\u043e\u0441\u0442\u044c.<\/p>\n<h4><strong>6. \u0413\u0438\u0431\u0440\u0438\u0434\u043d\u044b\u0435 \u0441\u043e\u0435\u0434\u0438\u043d\u0435\u043d\u0438\u044f<\/strong><\/h4>\n<p>\u041e\u043d \u0438\u0441\u043f\u043e\u043b\u044c\u0437\u0443\u0435\u0442 \u0441\u0432\u043e\u0439\u0441\u0442\u0432\u0430 \u043c\u0430\u0442\u0435\u0440\u0438\u0430\u043b\u0430, \u043f\u043e\u0437\u0432\u043e\u043b\u044f\u044f \u0442\u0440\u0443\u0431\u0435 \u0432\u043e\u0437\u0432\u0440\u0430\u0449\u0430\u0442\u044c\u0441\u044f \u043a \u0441\u0432\u043e\u0435\u0439 \u043f\u0435\u0440\u0432\u043e\u043d\u0430\u0447\u0430\u043b\u044c\u043d\u043e\u0439 \u0444\u043e\u0440\u043c\u0435 \u043f\u043e\u0441\u043b\u0435 \u0440\u0430\u0441\u0448\u0438\u0440\u0435\u043d\u0438\u044f.<\/p>\n<hr \/>\n<h3><strong>\u0413\u0438\u0434\u0440\u0430\u0432\u043b\u0438\u0447\u0435\u0441\u043a\u0438\u0435 \u043f\u0440\u0435\u0438\u043c\u0443\u0449\u0435\u0441\u0442\u0432\u0430<\/strong><\/h3>\n<p>\u0412 \u0441\u0438\u0441\u0442\u0435\u043c\u0430\u0445 \u0441 \u043a\u043e\u043c\u043f\u0440\u0435\u0441\u0441\u0438\u043e\u043d\u043d\u044b\u043c\u0438 \u0441\u043e\u0435\u0434\u0438\u043d\u0435\u043d\u0438\u044f\u043c\u0438 \u0441\u0435\u0447\u0435\u043d\u0438\u0435 \u043c\u043e\u0436\u0435\u0442 \u0443\u043c\u0435\u043d\u044c\u0448\u0430\u0442\u044c\u0441\u044f \u043d\u0430 25\u201337%. \u041d\u0430\u043f\u0440\u0438\u043c\u0435\u0440, \u0434\u043b\u044f \u0442\u0440\u0443\u0431\u044b \u0434\u0438\u0430\u043c\u0435\u0442\u0440\u043e\u043c 16 \u043c\u043c \u0438 \u0442\u043e\u043b\u0449\u0438\u043d\u043e\u0439 \u0441\u0442\u0435\u043d\u043a\u0438 2 \u043c\u043c \u0432\u043d\u0443\u0442\u0440\u0435\u043d\u043d\u0438\u0439 \u0434\u0438\u0430\u043c\u0435\u0442\u0440 \u0443\u043c\u0435\u043d\u044c\u0448\u0430\u0435\u0442\u0441\u044f \u043d\u0430 4\u20136 \u043c\u043c. \u0412 \u0441\u0438\u0441\u0442\u0435\u043c\u0430\u0445 \u0441 \u0442\u0440\u043e\u0439\u043d\u0438\u043a\u0430\u043c\u0438 PP-R \u0442\u0430\u043a\u0438\u0445 \u043f\u043e\u0442\u0435\u0440\u044c \u043d\u0435 \u043f\u0440\u043e\u0438\u0441\u0445\u043e\u0434\u0438\u0442. \u042d\u0442\u043e \u0434\u0435\u043b\u0430\u0435\u0442 \u0438\u0445 \u0438\u0434\u0435\u0430\u043b\u044c\u043d\u044b\u043c\u0438 \u0434\u043b\u044f \u0441\u043e\u0432\u0440\u0435\u043c\u0435\u043d\u043d\u044b\u0445 \u0438\u043d\u0436\u0435\u043d\u0435\u0440\u043d\u044b\u0445 \u0440\u0435\u0448\u0435\u043d\u0438\u0439.<\/p>\n<hr \/>\n<p>Tee-urile sunt perfect adaptate pentru utilizarea \u00een sistemele de \u00eenc\u0103lzire central\u0103, unde este necesar\u0103 o conexiune fiabil\u0103 a conductelor. \u00cen condi\u021bii industriale, acestea sunt folosite pentru alimentarea cu aer comprimat, demonstr\u00e2nd versatilitatea acestui fiting. Pentru o instalare sigur\u0103 a tee-ului, trebuie preg\u0103tite marginile conductei \u0219i asigurat\u0103 cur\u0103\u021benia suprafe\u021bei. Folosi\u021bi un aparat de sudur\u0103 cu duz\u0103 de diametrul corespunz\u0103tor, \u00eenc\u0103lzi\u021bi elementele p\u00e2n\u0103 la 260\u00b0C \u0219i uni\u021bi-le pentru c\u00e2teva secunde, asigur\u00e2nd o pozi\u021bie corect\u0103. Spre deosebire de fitingurile metalice, col\u021barii din polipropilen\u0103 nu sunt expu\u0219i coroziunii \u0219i \u00ee\u0219i p\u0103streaz\u0103 propriet\u0103\u021bile chiar \u0219i dup\u0103 zeci de ani de utilizare. Sunt mult mai u\u0219ori, ceea ce faciliteaz\u0103 montajul \u0219i transportul. Fitingurile din polipropilen\u0103 sunt ecologice: nu emit substan\u021be toxice \u00een timpul func\u021bion\u0103rii, fiind sigure pentru sistemele de alimentare cu ap\u0103 potabil\u0103. Cot PPR 32 mm 90\u00b0 a fost folosi\u021bi pe scar\u0103 larg\u0103 la construc\u021bia de ansambluri reziden\u021biale moderne, demonstr\u00e2nd fiabilitatea \u0219i durabilitatea lor \u00een sistemele de \u00eenc\u0103lzire \u0219i alimentare cu ap\u0103.<\/p>\n<h3><strong>\u0417\u0430\u043a\u043b\u044e\u0447\u0435\u043d\u0438\u0435<\/strong><\/h3>\n<p><strong>Cot PPR 32 mm 90\u00b0 alb<\/strong> \u044d\u0442\u043e \u0432\u044b\u0431\u043e\u0440 \u0442\u0435\u0445, \u043a\u0442\u043e \u0446\u0435\u043d\u0438\u0442 \u043d\u0430\u0434\u0435\u0436\u043d\u043e\u0441\u0442\u044c, \u0434\u043e\u043b\u0433\u043e\u0432\u0435\u0447\u043d\u043e\u0441\u0442\u044c \u0438 \u044d\u043a\u043e\u043d\u043e\u043c\u0438\u0447\u043d\u043e\u0441\u0442\u044c. \u042d\u0442\u043e \u043a\u043e\u043b\u0435\u043d\u043e \u043e\u0431\u0435\u0441\u043f\u0435\u0447\u0438\u0432\u0430\u0435\u0442 \u043c\u0438\u043d\u0438\u043c\u0430\u043b\u044c\u043d\u044b\u0435 \u043f\u043e\u0442\u0435\u0440\u0438 \u0434\u0430\u0432\u043b\u0435\u043d\u0438\u044f, \u0432\u044b\u0441\u043e\u043a\u0443\u044e \u043f\u0440\u043e\u043f\u0443\u0441\u043a\u043d\u0443\u044e \u0441\u043f\u043e\u0441\u043e\u0431\u043d\u043e\u0441\u0442\u044c \u0438 \u043f\u0440\u043e\u0441\u0442\u043e\u0442\u0443 \u043c\u043e\u043d\u0442\u0430\u0436\u0430. \u041f\u043e\u043b\u0438\u043f\u0440\u043e\u043f\u0438\u043b\u0435\u043d\u043e\u0432\u044b\u0435 \u0444\u0438\u0442\u0438\u043d\u0433\u0438 (<a href=\"https:\/\/en.wikipedia.org\/wiki\/Polypropylene\" target=\"_blank\" rel=\"noopener\">\u041f\u041f\u0420<\/a>) \u0433\u0430\u0440\u0430\u043d\u0442\u0438\u0440\u0443\u0435\u0442 \u043d\u0430\u0434\u0435\u0436\u043d\u0443\u044e \u0440\u0430\u0431\u043e\u0442\u0443 \u0441\u0438\u0441\u0442\u0435\u043c \u043e\u0442\u043e\u043f\u043b\u0435\u043d\u0438\u044f, \u0432\u043e\u0434\u043e\u0441\u043d\u0430\u0431\u0436\u0435\u043d\u0438\u044f \u0438 \u043a\u0430\u043d\u0430\u043b\u0438\u0437\u0430\u0446\u0438\u0438, \u0441\u043d\u0438\u0436\u0430\u044f \u044d\u043a\u0441\u043f\u043b\u0443\u0430\u0442\u0430\u0446\u0438\u043e\u043d\u043d\u044b\u0435 \u0440\u0430\u0441\u0445\u043e\u0434\u044b. \u041d\u0438 \u043e\u0434\u043d\u0430 \u0441\u043e\u0432\u0440\u0435\u043c\u0435\u043d\u043d\u0430\u044f \u0441\u0438\u0441\u0442\u0435\u043c\u0430 \u043e\u0442\u043e\u043f\u043b\u0435\u043d\u0438\u044f \u0438\u043b\u0438 \u0445\u043e\u043b\u043e\u0434\u043d\u043e\u0433\u043e \u0432\u043e\u0434\u043e\u0441\u043d\u0430\u0431\u0436\u0435\u043d\u0438\u044f \u043d\u0430 \u043e\u0441\u043d\u043e\u0432\u0435 \u0442\u0435\u043f\u043b\u043e\u0432\u044b\u0445 \u043d\u0430\u0441\u043e\u0441\u043e\u0432 \u043d\u0435 \u043e\u0431\u0445\u043e\u0434\u0438\u0442\u0441\u044f \u0431\u0435\u0437 \u043f\u043e\u043b\u0438\u043f\u0440\u043e\u043f\u0438\u043b\u0435\u043d\u043e\u0432\u044b\u0445 \u0442\u0440\u0443\u0431 \u0438 \u0444\u0438\u0442\u0438\u043d\u0433\u043e\u0432. \u041e\u0442\u043c\u0435\u0447\u0435\u043d\u044b \u0442\u0430\u043a\u0438\u0435 \u043f\u0440\u0435\u0438\u043c\u0443\u0449\u0435\u0441\u0442\u0432\u0430, \u043a\u0430\u043a \u043d\u0438\u0437\u043a\u0430\u044f \u0441\u0442\u043e\u0438\u043c\u043e\u0441\u0442\u044c, \u0434\u043e\u043b\u0433\u043e\u0432\u0435\u0447\u043d\u043e\u0441\u0442\u044c, \u043f\u0440\u043e\u0441\u0442\u043e\u0442\u0430 \u043c\u043e\u043d\u0442\u0430\u0436\u0430, \u0443\u0441\u0442\u043e\u0439\u0447\u0438\u0432\u043e\u0441\u0442\u044c \u043a \u043f\u0435\u0440\u0435\u043f\u0430\u0434\u0430\u043c \u0442\u0435\u043c\u043f\u0435\u0440\u0430\u0442\u0443\u0440 \u0438 \u0432\u044b\u0441\u043e\u043a\u0438\u0435 \u0442\u0435\u043f\u043b\u043e\u0438\u0437\u043e\u043b\u044f\u0446\u0438\u043e\u043d\u043d\u044b\u0435 \u0445\u0430\u0440\u0430\u043a\u0442\u0435\u0440\u0438\u0441\u0442\u0438\u043a\u0438. <strong>Comanda acum Cot PPR 32 mm 90\u00b0 \u0219i ob\u021bine o solu\u021bie sigur\u0103 pentru sistemul t\u0103u!<\/strong> Caracteristicile tehnice \u0219i fotografiile produsului pot diferi de cele afi\u0219ate pe site; verifica\u021bi specifica\u021biile tehnice la momentul achizi\u021biei \u0219i pl\u0103\u021bii. Toate informa\u021biile despre produse de pe site sunt de natur\u0103 informativ\u0103. Oferim livrare gratuit\u0103 \u00een Chi\u0219in\u0103u \u0219i Moldova pentru comenzi de peste 2000 euro, \u00een combina\u021bie cu <a href=\"https:\/\/altal.ro\/ru\/teplovye-nasosi-altal\/\" target=\"_blank\" rel=\"noopener\">\u0442\u0435\u043f\u043b\u043e\u0432\u044b\u043c \u043d\u0430\u0441\u043e\u0441\u043e\u043c<\/a>. \u0422\u0430\u043a\u0436\u0435, \u043e\u0442\u043f\u0440\u0430\u0432\u043a\u0430 \u043e\u0441\u0443\u0449\u0435\u0441\u0442\u0432\u043b\u044f\u0435\u0442\u0441\u044f \u043f\u043e \u0432\u0441\u0435\u0439 \u041c\u043e\u043b\u0434\u043e\u0432\u0435 \u0447\u0435\u0440\u0435\u0437 \u0442\u0440\u0430\u043d\u0441\u043f\u043e\u0440\u0442\u043d\u044b\u0435 \u043a\u043e\u043c\u043f\u0430\u043d\u0438\u0438. \u0412\u044b \u043c\u043e\u0436\u0435\u0442\u0435 \u0443\u043a\u0430\u0437\u0430\u0442\u044c \u043b\u044e\u0431\u0443\u044e \u0443\u0434\u043e\u0431\u043d\u0443\u044e \u0432\u0430\u043c \u0442\u0440\u0430\u043d\u0441\u043f\u043e\u0440\u0442\u043d\u0443\u044e \u043a\u043e\u043c\u043f\u0430\u043d\u0438\u044e. \u041c\u044b \u0434\u043e\u0441\u0442\u0430\u0432\u0438\u043c \u0437\u0430\u043a\u0430\u0437 \u0434\u043e \u0442\u0435\u0440\u043c\u0438\u043d\u0430\u043b\u0430 \u043b\u044e\u0431\u043e\u0439 \u0442\u0440\u0430\u043d\u0441\u043f\u043e\u0440\u0442\u043d\u043e\u0439 \u043a\u043e\u043c\u043f\u0430\u043d\u0438\u0438 \u0432 \u041c\u043e\u043b\u0434\u043e\u0432\u0435.<\/p>\n<hr \/>\n<p>\u00a0<\/p>","protected":false},"excerpt":{"rendered":"<h3 data-start=\"489\" data-end=\"517\">\ud83d\udd39 \u0422\u0435\u0445\u043d\u0438\u0447\u0435\u0441\u043a\u0438\u0435 \u0445\u0430\u0440\u0430\u043a\u0442\u0435\u0440\u0438\u0441\u0442\u0438\u043a\u0438:<\/h3>\n<ul data-start=\"519\" data-end=\"766\">\n<li data-start=\"519\" data-end=\"563\">\n<p data-start=\"521\" data-end=\"563\"><strong data-start=\"521\" data-end=\"534\">\u041c\u0430\u0442\u0435\u0440\u0438\u0430\u043b:<\/strong> \u041f\u043e\u043b\u0438\u043f\u0440\u043e\u043f\u0438\u043b\u0435\u043d (\u041f\u041f\u0420)<\/p>\n<\/li>\n<li data-start=\"564\" data-end=\"596\">\n<p data-start=\"566\" data-end=\"596\"><strong data-start=\"566\" data-end=\"587\">\u041d\u043e\u043c\u0438\u043d\u0430\u043b\u044c\u043d\u044b\u0439 \u0434\u0438\u0430\u043c\u0435\u0442\u0440:<\/strong> \u00d832 \u043c\u043c<\/p>\n<\/li>\n<li data-start=\"597\" data-end=\"626\">\n<p data-start=\"599\" data-end=\"626\"><strong data-start=\"599\" data-end=\"620\">\u0423\u0433\u043e\u043b \u043a\u0440\u0438\u0432\u0438\u0437\u043d\u044b:<\/strong> 90\u00b0<\/p>\n<\/li>\n<li data-start=\"627\" data-end=\"676\">\n<p data-start=\"629\" data-end=\"676\"><strong data-start=\"629\" data-end=\"650\">\u041c\u0435\u0442\u043e\u0434 \u0441\u0431\u043e\u0440\u043a\u0438:<\/strong> \u043f\u043e\u043b\u0438\u0444\u0443\u0437\u0438\u043e\u043d\u043d\u0430\u044f \u0441\u0432\u0430\u0440\u043a\u0430<\/p>\n<\/li>\n<li data-start=\"677\" data-end=\"718\">\n<p data-start=\"679\" data-end=\"718\"><strong data-start=\"679\" data-end=\"701\">\u041d\u043e\u043c\u0438\u043d\u0430\u043b\u044c\u043d\u043e\u0435 \u0434\u0430\u0432\u043b\u0435\u043d\u0438\u0435:<\/strong> \u0434\u043e 25 \u0431\u0430\u0440<\/p>\n<\/li>\n<li data-start=\"719\" data-end=\"766\">\n<p data-start=\"721\" data-end=\"766\"><strong data-start=\"721\" data-end=\"753\">\u041c\u0430\u043a\u0441\u0438\u043c\u0430\u043b\u044c\u043d\u0430\u044f \u0440\u0430\u0431\u043e\u0447\u0430\u044f \u0442\u0435\u043c\u043f\u0435\u0440\u0430\u0442\u0443\u0440\u0430:<\/strong> \u0434\u043e 95\u00b0\u0421<\/p>\n<\/li>\n<\/ul>","protected":false},"featured_media":2228,"comment_status":"open","ping_status":"closed","template":"","meta":{"_acf_changed":false,"_kad_post_transparent":"default","_kad_post_title":"","_kad_post_layout":"default","_kad_post_sidebar_id":"","_kad_post_content_style":"default","_kad_post_vertical_padding":"default","_kad_post_feature":"","_kad_post_feature_position":"","_kad_post_header":false,"_kad_post_footer":false},"product_brand":[],"product_cat":[283],"product_tag":[215,300,285,190,291,209],"class_list":{"0":"post-6056","1":"product","2":"type-product","3":"status-publish","4":"has-post-thumbnail","6":"product_cat-tevi-si-fitinguri-hdpe-si-ppr","7":"product_tag-aprovizionare-cu-apa","8":"product_tag-dn32","9":"product_tag-fitinguri-ppr","10":"product_tag-pompa-de-caldura","11":"product_tag-ppr","12":"product_tag-racire","14":"first","15":"instock","16":"sale","17":"featured","18":"taxable","19":"shipping-taxable","20":"purchasable","21":"product-type-simple","22":"entry","23":"content-bg","24":"loop-entry"},"acf":[],"_links":{"self":[{"href":"https:\/\/altal.ro\/ru\/wp-json\/wp\/v2\/product\/6056","targetHints":{"allow":["GET"]}}],"collection":[{"href":"https:\/\/altal.ro\/ru\/wp-json\/wp\/v2\/product"}],"about":[{"href":"https:\/\/altal.ro\/ru\/wp-json\/wp\/v2\/types\/product"}],"replies":[{"embeddable":true,"href":"https:\/\/altal.ro\/ru\/wp-json\/wp\/v2\/comments?post=6056"}],"version-history":[{"count":7,"href":"https:\/\/altal.ro\/ru\/wp-json\/wp\/v2\/product\/6056\/revisions"}],"predecessor-version":[{"id":7586,"href":"https:\/\/altal.ro\/ru\/wp-json\/wp\/v2\/product\/6056\/revisions\/7586"}],"wp:featuredmedia":[{"embeddable":true,"href":"https:\/\/altal.ro\/ru\/wp-json\/wp\/v2\/media\/2228"}],"wp:attachment":[{"href":"https:\/\/altal.ro\/ru\/wp-json\/wp\/v2\/media?parent=6056"}],"wp:term":[{"taxonomy":"product_brand","embeddable":true,"href":"https:\/\/altal.ro\/ru\/wp-json\/wp\/v2\/product_brand?post=6056"},{"taxonomy":"product_cat","embeddable":true,"href":"https:\/\/altal.ro\/ru\/wp-json\/wp\/v2\/product_cat?post=6056"},{"taxonomy":"product_tag","embeddable":true,"href":"https:\/\/altal.ro\/ru\/wp-json\/wp\/v2\/product_tag?post=6056"}],"curies":[{"name":"wp","href":"https:\/\/api.w.org\/{rel}","templated":true}]}}