{"id":6055,"date":"2025-06-26T17:43:36","date_gmt":"2025-06-26T14:43:36","guid":{"rendered":"https:\/\/altal.ro\/?post_type=product&#038;p=6055"},"modified":"2025-07-23T01:51:01","modified_gmt":"2025-07-22T22:51:01","slug":"mufta-ppr-32-1f","status":"publish","type":"product","link":"https:\/\/altal.ro\/ru\/mufta-ppr-32-1f\/","title":{"rendered":"\u0421\u043e\u0435\u0434\u0438\u043d\u0435\u043d\u0438\u0435 \u041f\u041f\u0420 \u00d832\u00d71"},"content":{"rendered":"<p>\u044d\u0442\u043e-toc<\/p>\n<h2>\u0421\u043e\u0435\u0434\u0438\u043d\u0435\u043d\u0438\u0435 \u041f\u041f\u0420 \u00d832\u00d71<\/h2>\n<h4>(\u0421\u044a\u0435\u043c\u043d\u0430\u044f \u043f\u043e\u043b\u0438\u043f\u0440\u043e\u043f\u0438\u043b\u0435\u043d\u043e\u0432\u0430\u044f \u0437\u0430\u0433\u043b\u0443\u0448\u043a\u0430 \u00d832\u00d71 PPR)<\/h4>\n<p>\u0421\u0432\u044f\u0437\u044c <a href=\"https:\/\/ru.wikipedia.org\/wiki\/%D0%9F%D0%BE%D0%BB%D0%B8%D0%BF%D1%80%D0%BE%D0%BF%D0%B8%D0%BB%D0%B5%D0%BD\" target=\"_blank\" rel=\"noopener\">\u041f\u041f\u0420 <\/a>\u00d832\u00d71 \u043e\u0441\u043d\u0430\u0449\u0435\u043d \u0434\u0432\u0443\u043c\u044f \u043f\u0440\u0438\u0441\u043e\u0435\u0434\u0438\u043d\u0438\u0442\u0435\u043b\u044c\u043d\u044b\u043c\u0438 \u043a\u043e\u043d\u0446\u0430\u043c\u0438 \u043f\u043e\u0434 \u0441\u0432\u0430\u0440\u043a\u0443 \u0438 \u043f\u0440\u0435\u0434\u043d\u0430\u0437\u043d\u0430\u0447\u0435\u043d \u0434\u043b\u044f \u0441\u043e\u0435\u0434\u0438\u043d\u0435\u043d\u0438\u044f \u043f\u043e\u043b\u0438\u043f\u0440\u043e\u043f\u0438\u043b\u0435\u043d\u043e\u0432\u044b\u0445 \u0442\u0440\u0443\u0431 \u0438 \u0434\u0440\u0443\u0433\u0438\u0445 \u044d\u043b\u0435\u043c\u0435\u043d\u0442\u043e\u0432 \u0438\u043d\u0436\u0435\u043d\u0435\u0440\u043d\u044b\u0445 \u0441\u0438\u0441\u0442\u0435\u043c. \u0414\u043b\u044f \u0443\u0434\u043e\u0431\u0441\u0442\u0432\u0430 \u043f\u0440\u0438\u043c\u0435\u043d\u044f\u044e\u0442\u0441\u044f \u0442\u0430\u043a\u0436\u0435 \u0440\u0435\u0437\u044c\u0431\u043e\u0432\u044b\u0435 \u0441\u043e\u0435\u0434\u0438\u043d\u0435\u043d\u0438\u044f, \u0430 \u0442\u0430\u043a\u0436\u0435 \u0434\u043b\u044f \u0441\u0432\u0430\u0440\u043a\u0438 \u0442\u0440\u0443\u0431 \u0440\u0430\u0437\u043d\u043e\u0433\u043e \u0434\u0438\u0430\u043c\u0435\u0442\u0440\u0430. \u0424\u0438\u0442\u0438\u043d\u0433 \u041f\u041f\u0420 \u00d832\u00d71 \u043c\u043e\u0436\u0435\u0442 \u043f\u0440\u0438\u043c\u0435\u043d\u044f\u0442\u044c\u0441\u044f \u0432 \u0441\u0442\u0440\u043e\u0438\u0442\u0435\u043b\u044c\u0441\u0442\u0432\u0435 \u0434\u043b\u044f \u043e\u0440\u0433\u0430\u043d\u0438\u0437\u0430\u0446\u0438\u0438 \u0441\u0438\u0441\u0442\u0435\u043c \u043e\u0442\u043e\u043f\u043b\u0435\u043d\u0438\u044f, \u0432\u043e\u0434\u043e\u0441\u043d\u0430\u0431\u0436\u0435\u043d\u0438\u044f, \u043e\u0445\u043b\u0430\u0436\u0434\u0435\u043d\u0438\u044f \u043d\u0430 \u043e\u0441\u043d\u043e\u0432\u0435 <a href=\"https:\/\/altal.ro\/ru\/teplovye-nasosi-altal\/\" target=\"_blank\" rel=\"noopener\">\u0442\u0435\u043f\u043b\u043e\u0432\u044b\u043c \u043d\u0430\u0441\u043e\u0441\u043e\u043c<\/a>.<\/p>\n<h3>\u0423\u0421\u041b\u041e\u0412\u0418\u042f \u042d\u041a\u0421\u041f\u041b\u0423\u0410\u0422\u0410\u0426\u0418\u0418:<\/h3>\n<ul>\n<li>\u0422\u0435\u043c\u043f\u0435\u0440\u0430\u0442\u0443\u0440\u0430 \u2013 \u200b\u200b\u043e\u0442 +5\u00b0\u0421 \u0434\u043e +95\u00b0\u0421<\/li>\n<li>\u041c\u0430\u043a\u0441\u0438\u043c\u0430\u043b\u044c\u043d\u043e\u0435 \u0434\u0430\u0432\u043b\u0435\u043d\u0438\u0435 \u2013 20 \u0431\u0430\u0440.<\/li>\n<li>\u041c\u0430\u0440\u043a\u0438\u0440\u043e\u0432\u043a\u0430 \u2013 \u041f\u041d 20<\/li>\n<li>\u041e\u0421\u041e\u0411\u0415\u041d\u041d\u041e\u0421\u0422\u0418 \u041a\u041e\u041d\u0421\u0422\u0420\u0423\u041a\u0426\u0418\u0418:<\/li>\n<li>\u041c\u0430\u0442\u0435\u0440\u0438\u0430\u043b \u2013 \u043f\u043e\u043b\u0438\u043f\u0440\u043e\u043f\u0438\u043b\u0435\u043d.<\/li>\n<li>\u0420\u0430\u0437\u043c\u0435\u0440 \u043f\u0440\u0438\u0441\u043e\u0435\u0434\u0438\u043d\u0435\u043d\u0438\u044f \u2013 40 \u043c\u043c.<\/li>\n<li>\u0422\u0438\u043f \u0441\u043e\u0435\u0434\u0438\u043d\u0435\u043d\u0438\u044f \u2013 \u0441\u0432\u0430\u0440\u043a\u0430<\/li>\n<li>\u0426\u0432\u0435\u0442 \u2013 \u0431\u0435\u043b\u044b\u0439<\/li>\n<li>\u0410\u0440\u043c\u0438\u0440\u043e\u0432\u0430\u043d\u0438\u0435 \u2013 \u043d\u0435\u0442<\/li>\n<li>\u0412\u0435\u0441 \u2013 0,076 \u043a\u0433.<\/li>\n<\/ul>\n<h3><strong>\u041e\u0441\u043d\u043e\u0432\u043d\u044b\u0435 \u0432\u0438\u0434\u044b \u043f\u043e\u0434\u043a\u043b\u044e\u0447\u0435\u043d\u0438\u0439 \u0438\u043d\u0436\u0435\u043d\u0435\u0440\u043d\u044b\u0445 \u0441\u0438\u0441\u0442\u0435\u043c<\/strong><\/h3>\n<p>\u0424\u0438\u0442\u0438\u043d\u0433 PPR \u00d832\u00d71 \u0438\u0441\u043f\u043e\u043b\u044c\u0437\u0443\u0435\u0442\u0441\u044f \u0434\u043b\u044f \u0441\u043e\u0435\u0434\u0438\u043d\u0435\u043d\u0438\u044f \u0442\u0440\u0443\u0431, \u043f\u0440\u0438\u043c\u0435\u043d\u044f\u044e\u0442\u0441\u044f \u0440\u0430\u0437\u043d\u044b\u0435 \u0442\u0435\u0445\u043d\u043e\u043b\u043e\u0433\u0438\u0438. \u0420\u0430\u0437\u0431\u0435\u0440\u0435\u043c \u043d\u0430\u0438\u0431\u043e\u043b\u0435\u0435 \u0440\u0430\u0441\u043f\u0440\u043e\u0441\u0442\u0440\u0430\u043d\u0435\u043d\u043d\u044b\u0435 \u0438\u0437 \u043d\u0438\u0445:<\/p>\n<h4><strong>1. \u0420\u0435\u0437\u044c\u0431\u043e\u0432\u044b\u0435 \u0441\u043e\u0435\u0434\u0438\u043d\u0435\u043d\u0438\u044f<\/strong><\/h4>\n<p>\u042d\u0442\u043e \u043f\u0440\u043e\u0441\u0442\u043e\u0439 \u0438 \u0431\u0435\u0437\u043e\u043f\u0430\u0441\u043d\u044b\u0439 \u043c\u0435\u0442\u043e\u0434. \u0421\u043e\u0435\u0434\u0438\u043d\u0435\u043d\u0438\u0435 \u0441\u043e\u0435\u0434\u0438\u043d\u0438\u0442\u0435\u043b\u044f PPR \u00d832\u00d71 \u043e\u0441\u0443\u0449\u0435\u0441\u0442\u0432\u043b\u044f\u0435\u0442\u0441\u044f \u043f\u043e\u0441\u0440\u0435\u0434\u0441\u0442\u0432\u043e\u043c \u0432\u043d\u0443\u0442\u0440\u0435\u043d\u043d\u0435\u0439 \u0438\/\u0438\u043b\u0438 \u0432\u043d\u0435\u0448\u043d\u0435\u0439 \u0440\u0435\u0437\u044c\u0431\u044b, \u043d\u0430\u043d\u0435\u0441\u0435\u043d\u043d\u043e\u0439 \u043d\u0430 \u043a\u043e\u043d\u0446\u044b. \u0420\u0435\u0437\u044c\u0431\u043e\u0432\u044b\u0435 \u0444\u0438\u0442\u0438\u043d\u0433\u0438 \u0441\u043e\u0435\u0434\u0438\u043d\u0438\u0442\u0435\u043b\u044f PPR \u00d832\u00d71 \u0441\u043e\u0445\u0440\u0430\u043d\u044f\u044e\u0442 \u0432\u043d\u0443\u0442\u0440\u0435\u043d\u043d\u0438\u0439 \u0434\u0438\u0430\u043c\u0435\u0442\u0440 \u0442\u0440\u0443\u0431, \u043e\u0431\u0435\u0441\u043f\u0435\u0447\u0438\u0432\u0430\u044f \u0445\u043e\u0440\u043e\u0448\u0443\u044e \u0433\u0438\u0434\u0440\u043e\u0441\u0442\u0430\u0442\u0438\u043a\u0443.<\/p>\n<h4><strong>2. \u041d\u0430\u043f\u043e\u0440\u043d\u044b\u0435 \u0441\u043e\u0435\u0434\u0438\u043d\u0435\u043d\u0438\u044f<\/strong><\/h4>\n<p>\u041e\u043d\u0438 \u0438\u0441\u043f\u043e\u043b\u044c\u0437\u0443\u044e\u0442\u0441\u044f \u0434\u043b\u044f \u0441\u043e\u0437\u0434\u0430\u043d\u0438\u044f \u0432\u043e\u0434\u043e\u043d\u0435\u043f\u0440\u043e\u043d\u0438\u0446\u0430\u0435\u043c\u044b\u0445 \u0441\u043e\u0435\u0434\u0438\u043d\u0435\u043d\u0438\u0439. \u0413\u0430\u043b\u0435\u0440\u0435\u044f \u0437\u0430\u0436\u0438\u043c\u0430\u0435\u0442 \u0442\u0440\u0443\u0431\u044b \u043d\u0430 \u0432\u0441\u0442\u0430\u0432\u043d\u043e\u043c \u043f\u0440\u043e\u0444\u0438\u043b\u0435 \u0438\u0437 \u043b\u0430\u0442\u0443\u043d\u0438, \u041f\u0412\u0414\u0424 \u0438\u043b\u0438 \u041f\u041f\u0421\u0423. \u042d\u0442\u043e\u0442 \u043c\u0435\u0442\u043e\u0434 \u043e\u0431\u0435\u0441\u043f\u0435\u0447\u0438\u0432\u0430\u0435\u0442 \u0434\u043e\u043b\u0433\u043e\u0432\u0435\u0447\u043d\u043e\u0441\u0442\u044c.<\/p>\n<h4><strong>3. \u041a\u043e\u043c\u043f\u0440\u0435\u0441\u0441\u0438\u043e\u043d\u043d\u044b\u0435 \u0441\u043e\u0435\u0434\u0438\u043d\u0435\u043d\u0438\u044f<\/strong><\/h4>\n<p>\u042d\u0442\u043e\u0442 \u043c\u0435\u0442\u043e\u0434 \u043f\u043e\u0434\u0440\u0430\u0437\u0443\u043c\u0435\u0432\u0430\u0435\u0442 \u0438\u0441\u043f\u043e\u043b\u044c\u0437\u043e\u0432\u0430\u043d\u0438\u0435 \u0444\u0438\u0442\u0438\u043d\u0433\u0430, \u0440\u0430\u0437\u0440\u0435\u0437\u043d\u043e\u0433\u043e \u043a\u043e\u043b\u044c\u0446\u0430 \u0438 \u043d\u0430\u0432\u0438\u043d\u0447\u0438\u0432\u0430\u044e\u0449\u0435\u0439\u0441\u044f \u0433\u0430\u0439\u043a\u0438. \u041f\u0440\u0438 \u0437\u0430\u0442\u044f\u0433\u0438\u0432\u0430\u043d\u0438\u0438 \u0433\u0430\u0439\u043a\u0438 \u043a\u043e\u043b\u044c\u0446\u043e \u0441\u0436\u0438\u043c\u0430\u0435\u0442 \u0442\u0440\u0443\u0431\u0443, \u0441\u043e\u0437\u0434\u0430\u0432\u0430\u044f \u0432\u043e\u0434\u043e\u043d\u0435\u043f\u0440\u043e\u043d\u0438\u0446\u0430\u0435\u043c\u043e\u0435 \u0441\u043e\u0435\u0434\u0438\u043d\u0435\u043d\u0438\u0435.<\/p>\n<h4><strong>4. \u041f\u0430\u0439\u043a\u0430<\/strong><\/h4>\n<p>\u041f\u043e\u0437\u0432\u043e\u043b\u044f\u0435\u0442 \u0441\u0432\u0430\u0440\u0438\u0432\u0430\u0442\u044c \u0442\u0440\u0443\u0431\u044b \u043d\u0430 \u043c\u043e\u043b\u0435\u043a\u0443\u043b\u044f\u0440\u043d\u043e\u043c \u0443\u0440\u043e\u0432\u043d\u0435. \u0421\u043e\u0435\u0434\u0438\u043d\u0435\u043d\u0438\u044f \u0433\u0435\u0440\u043c\u0435\u0442\u0438\u0447\u043d\u044b \u0438 \u0443\u0441\u0442\u043e\u0439\u0447\u0438\u0432\u044b \u043a \u0432\u044b\u0441\u043e\u043a\u0438\u043c \u043d\u0430\u0433\u0440\u0443\u0437\u043a\u0430\u043c, \u043d\u043e \u0442\u0440\u0435\u0431\u0443\u044e\u0442 \u043e\u043f\u0440\u0435\u0434\u0435\u043b\u0435\u043d\u043d\u044b\u0445 \u043d\u0430\u0432\u044b\u043a\u043e\u0432.<\/p>\n<h4><strong>5. \u0421\u0432\u0430\u0440\u043a\u0430 \u0444\u043b\u0430\u043d\u0446\u0435\u0432\u043e\u0433\u043e \u0441\u043e\u0435\u0434\u0438\u043d\u0435\u043d\u0438\u044f<\/strong><\/h4>\n<p>\u041e\u0434\u043d\u043e\u0440\u043e\u0434\u043d\u044b\u0435 \u043c\u0430\u0442\u0435\u0440\u0438\u0430\u043b\u044b \u043d\u0430\u0433\u0440\u0435\u0432\u0430\u044e\u0442\u0441\u044f \u0434\u043e \u043d\u0435\u043e\u0431\u0445\u043e\u0434\u0438\u043c\u043e\u0439 \u0442\u0435\u043c\u043f\u0435\u0440\u0430\u0442\u0443\u0440\u044b \u0438 \u0441\u043a\u043b\u0435\u0438\u0432\u0430\u044e\u0442\u0441\u044f \u043c\u0435\u0436\u0434\u0443 \u0441\u043e\u0431\u043e\u0439. \u0422\u0430\u043a\u043e\u0439 \u043c\u0435\u0442\u043e\u0434 \u043e\u0431\u0435\u0441\u043f\u0435\u0447\u0438\u0432\u0430\u0435\u0442 \u043d\u0430\u0434\u0435\u0436\u043d\u043e\u0441\u0442\u044c \u0438 \u043f\u0440\u043e\u0447\u043d\u043e\u0441\u0442\u044c.<\/p>\n<h4><strong>6. \u0413\u0438\u0431\u0440\u0438\u0434\u043d\u044b\u0435 \u0441\u043e\u0435\u0434\u0438\u043d\u0435\u043d\u0438\u044f<\/strong><\/h4>\n<p>\u041e\u043d \u0438\u0441\u043f\u043e\u043b\u044c\u0437\u0443\u0435\u0442 \u0441\u0432\u043e\u0439\u0441\u0442\u0432\u0430 \u043c\u0430\u0442\u0435\u0440\u0438\u0430\u043b\u0430, \u043f\u043e\u0437\u0432\u043e\u043b\u044f\u044f \u0442\u0440\u0443\u0431\u0435 \u0432\u043e\u0437\u0432\u0440\u0430\u0449\u0430\u0442\u044c\u0441\u044f \u043a \u0441\u0432\u043e\u0435\u0439 \u043f\u0435\u0440\u0432\u043e\u043d\u0430\u0447\u0430\u043b\u044c\u043d\u043e\u0439 \u0444\u043e\u0440\u043c\u0435 \u043f\u043e\u0441\u043b\u0435 \u0440\u0430\u0441\u0448\u0438\u0440\u0435\u043d\u0438\u044f.<\/p>\n<hr \/>\n<h3><strong>\u0413\u0438\u0434\u0440\u0430\u0432\u043b\u0438\u0447\u0435\u0441\u043a\u0438\u0435 \u043f\u0440\u0435\u0438\u043c\u0443\u0449\u0435\u0441\u0442\u0432\u0430<\/strong><\/h3>\n<p>\u0412 \u0441\u0438\u0441\u0442\u0435\u043c\u0430\u0445 \u0441 \u043a\u043e\u043c\u043f\u0440\u0435\u0441\u0441\u0438\u043e\u043d\u043d\u044b\u043c\u0438 \u0441\u043e\u0435\u0434\u0438\u043d\u0435\u043d\u0438\u044f\u043c\u0438 \u0441\u0435\u0447\u0435\u043d\u0438\u0435 \u043c\u043e\u0436\u0435\u0442 \u0443\u043c\u0435\u043d\u044c\u0448\u0430\u0442\u044c\u0441\u044f \u043d\u0430 25-37%. \u041d\u0430\u043f\u0440\u0438\u043c\u0435\u0440, \u0434\u043b\u044f \u0442\u0440\u0443\u0431\u044b \u0434\u0438\u0430\u043c\u0435\u0442\u0440\u043e\u043c 16 \u043c\u043c \u0438 \u0442\u043e\u043b\u0449\u0438\u043d\u043e\u0439 \u0441\u0442\u0435\u043d\u043a\u0438 2 \u043c\u043c \u0432\u043d\u0443\u0442\u0440\u0435\u043d\u043d\u0438\u0439 \u0434\u0438\u0430\u043c\u0435\u0442\u0440 \u0443\u043c\u0435\u043d\u044c\u0448\u0430\u0435\u0442\u0441\u044f \u043d\u0430 4-6 \u043c\u043c. \u0412 \u0441\u0438\u0441\u0442\u0435\u043c\u0430\u0445 \u0441 \u0442\u0440\u043e\u0439\u043d\u0438\u043a\u0430\u043c\u0438 PP-R \u0442\u0430\u043a\u0438\u0445 \u043f\u043e\u0442\u0435\u0440\u044c \u043d\u0435 \u043f\u0440\u043e\u0438\u0441\u0445\u043e\u0434\u0438\u0442. \u042d\u0442\u043e \u0434\u0435\u043b\u0430\u0435\u0442 \u0438\u0445 \u0438\u0434\u0435\u0430\u043b\u044c\u043d\u044b\u043c\u0438 \u0434\u043b\u044f \u0441\u043e\u0432\u0440\u0435\u043c\u0435\u043d\u043d\u044b\u0445 \u0438\u043d\u0436\u0435\u043d\u0435\u0440\u043d\u044b\u0445 \u0440\u0435\u0448\u0435\u043d\u0438\u0439.<\/p>\n<hr \/>\n<p>T-uri sunt ideale pentru utilizarea \u00een sistemele de \u00eenc\u0103lzire central\u0103, unde este nevoie de conexiuni fiabile pentru conducte. \u00cen condi\u021bii industriale, sunt folosite pentru alimentarea cu aer comprimat, demonstr\u00e2nd versatilitatea acestor fitinguri. Pentru o instalare sigur\u0103 a T-urilor, trebuie preg\u0103tite marginile conductei \u0219i asigurat\u0103 cur\u0103\u021benia suprafe\u021bei. Se folose\u0219te un aparat de sudur\u0103 cu duz\u0103 de diametrul corespunz\u0103tor, se \u00eenc\u0103lze\u0219te elementele p\u00e2n\u0103 la 260\u00b0C \u0219i se unesc componentele \u00een c\u00e2teva secunde, asigur\u00e2nd o pozi\u021bie corect\u0103. Spre deosebire de fitingurile metalice, T-urile din polipropilen\u0103 nu sunt expuse coroziunii \u0219i \u00ee\u0219i p\u0103streaz\u0103 propriet\u0103\u021bile chiar \u0219i dup\u0103 zeci de ani de utilizare. Sunt mult mai u\u0219oare, ceea ce faciliteaz\u0103 montajul \u0219i transportul. Fitingurile din polipropilen\u0103 sunt ecologice: nu emit substan\u021be toxice \u00een timpul func\u021bion\u0103rii, ceea ce le face sigure pentru sistemele de alimentare cu ap\u0103 potabil\u0103. T-urile PP-R au fost utilizate pe scar\u0103 larg\u0103 \u00een construc\u021bia de ansambluri reziden\u021biale moderne, demonstr\u00e2ndu-\u0219i fiabilitatea \u0219i durabilitatea \u00een sistemele de \u00eenc\u0103lzire \u0219i alimentare cu ap\u0103.<\/p>\n<h3><strong>\u0417\u0430\u043a\u043b\u044e\u0447\u0435\u043d\u0438\u0435<\/strong><\/h3>\n<p>\u0424\u0438\u0442\u0438\u043d\u0433 PPR \u00d832\u00d71 \u2014 \u0432\u044b\u0431\u043e\u0440 \u0442\u0435\u0445, \u043a\u0442\u043e \u0446\u0435\u043d\u0438\u0442 \u043d\u0430\u0434\u0435\u0436\u043d\u043e\u0441\u0442\u044c, \u0434\u043e\u043b\u0433\u043e\u0432\u0435\u0447\u043d\u043e\u0441\u0442\u044c \u0438 \u044d\u043a\u043e\u043d\u043e\u043c\u0438\u0447\u043d\u043e\u0441\u0442\u044c. \u042d\u0442\u043e\u0442 \u0444\u0438\u0442\u0438\u043d\u0433 \u043e\u0431\u0435\u0441\u043f\u0435\u0447\u0438\u0432\u0430\u0435\u0442 \u043c\u0438\u043d\u0438\u043c\u0430\u043b\u044c\u043d\u044b\u0435 \u043f\u043e\u0442\u0435\u0440\u0438 \u0434\u0430\u0432\u043b\u0435\u043d\u0438\u044f, \u0432\u044b\u0441\u043e\u043a\u0443\u044e \u043f\u0440\u043e\u043f\u0443\u0441\u043a\u043d\u0443\u044e \u0441\u043f\u043e\u0441\u043e\u0431\u043d\u043e\u0441\u0442\u044c \u0438 \u043f\u0440\u043e\u0441\u0442\u043e\u0442\u0443 \u043c\u043e\u043d\u0442\u0430\u0436\u0430. \u041f\u043e\u043b\u0438\u043f\u0440\u043e\u043f\u0438\u043b\u0435\u043d\u043e\u0432\u044b\u0435 \u0444\u0438\u0442\u0438\u043d\u0433\u0438 (<a href=\"https:\/\/en.wikipedia.org\/wiki\/Polypropylene\" target=\"_blank\" rel=\"noopener\">\u041f\u041f\u0420<\/a>) \u0433\u0430\u0440\u0430\u043d\u0442\u0438\u0440\u0443\u0435\u0442 \u043d\u0430\u0434\u0435\u0436\u043d\u0443\u044e \u0440\u0430\u0431\u043e\u0442\u0443 \u0441\u0438\u0441\u0442\u0435\u043c \u043e\u0442\u043e\u043f\u043b\u0435\u043d\u0438\u044f, \u0432\u043e\u0434\u043e\u0441\u043d\u0430\u0431\u0436\u0435\u043d\u0438\u044f \u0438 \u043a\u0430\u043d\u0430\u043b\u0438\u0437\u0430\u0446\u0438\u0438, \u0441\u043d\u0438\u0436\u0430\u044f \u044d\u043a\u0441\u043f\u043b\u0443\u0430\u0442\u0430\u0446\u0438\u043e\u043d\u043d\u044b\u0435 \u0440\u0430\u0441\u0445\u043e\u0434\u044b. \u041d\u0438 \u043e\u0434\u043d\u0430 \u0441\u043e\u0432\u0440\u0435\u043c\u0435\u043d\u043d\u0430\u044f \u0441\u0438\u0441\u0442\u0435\u043c\u0430 \u0446\u0435\u043d\u0442\u0440\u0430\u043b\u0438\u0437\u043e\u0432\u0430\u043d\u043d\u043e\u0433\u043e \u0442\u0435\u043f\u043b\u043e\u0441\u043d\u0430\u0431\u0436\u0435\u043d\u0438\u044f \u0438\u043b\u0438 \u0445\u043e\u043b\u043e\u0434\u043d\u043e\u0433\u043e \u0432\u043e\u0434\u043e\u0441\u043d\u0430\u0431\u0436\u0435\u043d\u0438\u044f \u043d\u0435 \u043e\u0431\u0445\u043e\u0434\u0438\u0442\u0441\u044f \u0431\u0435\u0437 \u043f\u043e\u043b\u0438\u043f\u0440\u043e\u043f\u0438\u043b\u0435\u043d\u043e\u0432\u044b\u0445 \u0442\u0440\u0443\u0431. \u041e\u0442\u043c\u0435\u0447\u0435\u043d\u044b \u0442\u0430\u043a\u0438\u0435 \u043f\u0440\u0435\u0438\u043c\u0443\u0449\u0435\u0441\u0442\u0432\u0430, \u043a\u0430\u043a \u043d\u0438\u0437\u043a\u0430\u044f \u0441\u0442\u043e\u0438\u043c\u043e\u0441\u0442\u044c, \u0434\u043e\u043b\u0433\u043e\u0432\u0435\u0447\u043d\u043e\u0441\u0442\u044c, \u043f\u0440\u043e\u0441\u0442\u043e\u0442\u0430 \u043c\u043e\u043d\u0442\u0430\u0436\u0430, \u0443\u0441\u0442\u043e\u0439\u0447\u0438\u0432\u043e\u0441\u0442\u044c \u043a \u043f\u0435\u0440\u0435\u043f\u0430\u0434\u0430\u043c \u0442\u0435\u043c\u043f\u0435\u0440\u0430\u0442\u0443\u0440 \u0438 \u0432\u044b\u0441\u043e\u043a\u0438\u0435 \u0438\u0437\u043e\u043b\u044f\u0446\u0438\u043e\u043d\u043d\u044b\u0435 \u0445\u0430\u0440\u0430\u043a\u0442\u0435\u0440\u0438\u0441\u0442\u0438\u043a\u0438. <strong>\u0424\u0438\u0442\u0438\u043d\u0433 PPR \u00d832\u00d71 \u2014 \u043a\u0443\u043f\u0438\u0442\u0435 \u0441\u0435\u0439\u0447\u0430\u0441 \u0438 \u043f\u043e\u043b\u0443\u0447\u0438\u0442\u0435 \u0431\u0435\u0437\u043e\u043f\u0430\u0441\u043d\u043e\u0435 \u0440\u0435\u0448\u0435\u043d\u0438\u0435 \u0434\u043b\u044f \u0432\u0430\u0448\u0435\u0439 \u0441\u0438\u0441\u0442\u0435\u043c\u044b!<\/strong> Caracteristicile tehnice \u0219i fotografiile produsului pot diferi de cele de pe site; verifica\u021bi specifica\u021biile tehnice la momentul achizi\u021biei \u0219i pl\u0103\u021bii. Toate informa\u021biile despre produse de pe site sunt informative. Oferim livrare gratuit\u0103 \u00een Chi\u0219in\u0103u \u0219i Moldova pentru comenzi de peste 2000 euro, incluse cu pompa de c\u0103ldur\u0103. De asemenea, expedierile se fac \u00een toat\u0103 Moldova prin companii de transport. Pute\u021bi indica orice companie de transport dorit\u0103. Vom livra comanda p\u00e2n\u0103 la terminalul oric\u0103rei companii de transport din Moldova.<\/p>\n<hr \/>\n<p>\u00a0<\/p>","protected":false},"excerpt":{"rendered":"<h3 data-start=\"560\" data-end=\"588\">\ud83d\udd39 \u0422\u0435\u0445\u043d\u0438\u0447\u0435\u0441\u043a\u0438\u0435 \u0445\u0430\u0440\u0430\u043a\u0442\u0435\u0440\u0438\u0441\u0442\u0438\u043a\u0438:<\/h3>\n<ul data-start=\"590\" data-end=\"814\">\n<li data-start=\"590\" data-end=\"645\">\n<p data-start=\"592\" data-end=\"645\"><strong data-start=\"592\" data-end=\"605\">\u041c\u0430\u0442\u0435\u0440\u0438\u0430\u043b:<\/strong> \u041f\u043e\u043b\u0438\u043f\u0440\u043e\u043f\u0438\u043b\u0435\u043d \u041f\u041f\u0420<\/p>\n<\/li>\n<li data-start=\"646\" data-end=\"679\">\n<p data-start=\"648\" data-end=\"679\"><strong data-start=\"648\" data-end=\"670\">\u0412\u043d\u0435\u0448\u043d\u0438\u0439 \u0434\u0438\u0430\u043c\u0435\u0442\u0440:<\/strong> \u00d832 \u043c\u043c<\/p>\n<\/li>\n<li data-start=\"680\" data-end=\"724\">\n<p data-start=\"682\" data-end=\"724\"><strong data-start=\"682\" data-end=\"692\">\u0421\u043e\u0435\u0434\u0438\u043d\u0435\u043d\u0438\u0435:<\/strong> 1\u201d \u0432\u043d\u0443\u0442\u0440\u0435\u043d\u043d\u044f\u044f \u0447\u0430\u0441\u0442\u044c (F \u2013 \u0436\u0435\u043d\u0441\u043a\u0438\u0439)<\/p>\n<\/li>\n<li data-start=\"725\" data-end=\"773\">\n<p data-start=\"727\" data-end=\"773\"><strong data-start=\"727\" data-end=\"756\">\u041c\u0430\u043a\u0441\u0438\u043c\u0430\u043b\u044c\u043d\u043e\u0435 \u0440\u0430\u0431\u043e\u0447\u0435\u0435 \u0434\u0430\u0432\u043b\u0435\u043d\u0438\u0435:<\/strong> \u0434\u043e 25 \u0431\u0430\u0440<\/p>\n<\/li>\n<li data-start=\"774\" data-end=\"814\">\n<p data-start=\"776\" data-end=\"814\"><strong data-start=\"776\" data-end=\"799\">\u041c\u0430\u043a\u0441\u0438\u043c\u0430\u043b\u044c\u043d\u0430\u044f \u0442\u0435\u043c\u043f\u0435\u0440\u0430\u0442\u0443\u0440\u0430:<\/strong> \u0434\u043e 95\u00b0\u0421<\/p>\n<\/li>\n<\/ul>","protected":false},"featured_media":2227,"comment_status":"open","ping_status":"closed","template":"","meta":{"_acf_changed":false,"_kad_post_transparent":"default","_kad_post_title":"","_kad_post_layout":"default","_kad_post_sidebar_id":"","_kad_post_content_style":"default","_kad_post_vertical_padding":"default","_kad_post_feature":"","_kad_post_feature_position":"","_kad_post_header":false,"_kad_post_footer":false},"product_brand":[],"product_cat":[283],"product_tag":[215,300,285,190,291,209,630],"class_list":{"0":"post-6055","1":"product","2":"type-product","3":"status-publish","4":"has-post-thumbnail","6":"product_cat-tevi-si-fitinguri-hdpe-si-ppr","7":"product_tag-aprovizionare-cu-apa","8":"product_tag-dn32","9":"product_tag-fitinguri-ppr","10":"product_tag-pompa-de-caldura","11":"product_tag-ppr","12":"product_tag-racire","13":"product_tag-racord","15":"first","16":"instock","17":"sale","18":"featured","19":"taxable","20":"shipping-taxable","21":"purchasable","22":"product-type-simple","23":"entry","24":"content-bg","25":"loop-entry"},"acf":[],"_links":{"self":[{"href":"https:\/\/altal.ro\/ru\/wp-json\/wp\/v2\/product\/6055","targetHints":{"allow":["GET"]}}],"collection":[{"href":"https:\/\/altal.ro\/ru\/wp-json\/wp\/v2\/product"}],"about":[{"href":"https:\/\/altal.ro\/ru\/wp-json\/wp\/v2\/types\/product"}],"replies":[{"embeddable":true,"href":"https:\/\/altal.ro\/ru\/wp-json\/wp\/v2\/comments?post=6055"}],"version-history":[{"count":6,"href":"https:\/\/altal.ro\/ru\/wp-json\/wp\/v2\/product\/6055\/revisions"}],"predecessor-version":[{"id":7587,"href":"https:\/\/altal.ro\/ru\/wp-json\/wp\/v2\/product\/6055\/revisions\/7587"}],"wp:featuredmedia":[{"embeddable":true,"href":"https:\/\/altal.ro\/ru\/wp-json\/wp\/v2\/media\/2227"}],"wp:attachment":[{"href":"https:\/\/altal.ro\/ru\/wp-json\/wp\/v2\/media?parent=6055"}],"wp:term":[{"taxonomy":"product_brand","embeddable":true,"href":"https:\/\/altal.ro\/ru\/wp-json\/wp\/v2\/product_brand?post=6055"},{"taxonomy":"product_cat","embeddable":true,"href":"https:\/\/altal.ro\/ru\/wp-json\/wp\/v2\/product_cat?post=6055"},{"taxonomy":"product_tag","embeddable":true,"href":"https:\/\/altal.ro\/ru\/wp-json\/wp\/v2\/product_tag?post=6055"}],"curies":[{"name":"wp","href":"https:\/\/api.w.org\/{rel}","templated":true}]}}