{"id":6025,"date":"2025-06-26T16:04:08","date_gmt":"2025-06-26T13:04:08","guid":{"rendered":"https:\/\/altal.ro\/?post_type=product&#038;p=6025"},"modified":"2025-07-23T01:51:20","modified_gmt":"2025-07-22T22:51:20","slug":"mufta-90x75-hdpe","status":"publish","type":"product","link":"https:\/\/altal.ro\/ru\/mufta-90x75-hdpe\/","title":{"rendered":"\u041c\u0443\u0444\u0442\u0430 \u043f\u0435\u0440\u0435\u0445\u043e\u0434\u043d\u0430\u044f 90\u00d775 HDPE"},"content":{"rendered":"<p>\u044d\u0442\u043e-toc<\/p>\n<h2><a href=\"https:\/\/en.wikipedia.org\/wiki\/High-density_polyethylene\" target=\"_blank\" rel=\"noopener\">\u041c\u0443\u0444\u0442\u0430 \u043f\u0435\u0440\u0435\u0445\u043e\u0434\u043d\u0430\u044f 90\u00d775 HDPE<\/a><\/h2>\n<h3 data-pm-slice=\"1 1 []\">\u0413\u0435\u043e\u0442\u0435\u0440\u043c\u0430\u043b\u044c\u043d\u044b\u0435 \u0442\u0435\u0445\u043d\u043e\u043b\u043e\u0433\u0438\u0438: \u044d\u043a\u043e\u043b\u043e\u0433\u0438\u0447\u043d\u043e\u0441\u0442\u044c, \u044d\u0444\u0444\u0435\u043a\u0442\u0438\u0432\u043d\u043e\u0441\u0442\u044c \u0438 \u044d\u043a\u043e\u043d\u043e\u043c\u0438\u0447\u043d\u043e\u0441\u0442\u044c<\/h3>\n<p>\u0413\u0435\u043e\u0442\u0435\u0440\u043c\u0430\u043b\u044c\u043d\u044b\u0435 \u0442\u0435\u0445\u043d\u043e\u043b\u043e\u0433\u0438\u0438 \u0441\u0442\u0430\u043d\u043e\u0432\u044f\u0442\u0441\u044f \u043b\u0438\u0434\u0435\u0440\u043e\u043c \u0432 \u043e\u0431\u043b\u0430\u0441\u0442\u0438 \u043e\u0442\u043e\u043f\u043b\u0435\u043d\u0438\u044f \u0438 \u043e\u0445\u043b\u0430\u0436\u0434\u0435\u043d\u0438\u044f. \u041e\u043d\u0438 \u044f\u0432\u043b\u044f\u044e\u0442\u0441\u044f \u043d\u0430\u0434\u0435\u0436\u043d\u044b\u043c \u0440\u0435\u0448\u0435\u043d\u0438\u0435\u043c \u0434\u043b\u044f \u044d\u0444\u0444\u0435\u043a\u0442\u0438\u0432\u043d\u043e\u0433\u043e \u0438\u0441\u043f\u043e\u043b\u044c\u0437\u043e\u0432\u0430\u043d\u0438\u044f \u0432\u043e\u0437\u043e\u0431\u043d\u043e\u0432\u043b\u044f\u0435\u043c\u043e\u0439 \u044d\u043d\u0435\u0440\u0433\u0438\u0438. \u041e\u043d\u0438 \u043e\u0431\u0435\u0441\u043f\u0435\u0447\u0438\u0432\u0430\u044e\u0442 \u043e\u0442\u043e\u043f\u043b\u0435\u043d\u0438\u0435, \u043e\u0445\u043b\u0430\u0436\u0434\u0435\u043d\u0438\u0435 \u0437\u0434\u0430\u043d\u0438\u0439 \u0438 \u0433\u043e\u0440\u044f\u0447\u0435\u0435 \u0432\u043e\u0434\u043e\u0441\u043d\u0430\u0431\u0436\u0435\u043d\u0438\u0435, \u0438\u0441\u043f\u043e\u043b\u044c\u0437\u0443\u044f \u0442\u0435\u043f\u043b\u043e \u0437\u0435\u043c\u043b\u0438. \u0418\u0441\u043f\u043e\u043b\u044c\u0437\u043e\u0432\u0430\u043d\u0438\u0435 \u044d\u0442\u0438\u0445 \u0441\u0438\u0441\u0442\u0435\u043c \u0441\u043d\u0438\u0436\u0430\u0435\u0442 \u0440\u0430\u0441\u0445\u043e\u0434\u044b \u043d\u0430 \u044d\u043b\u0435\u043a\u0442\u0440\u043e\u044d\u043d\u0435\u0440\u0433\u0438\u044e \u0438 \u043c\u0438\u043d\u0438\u043c\u0438\u0437\u0438\u0440\u0443\u0435\u0442 \u0432\u044b\u0431\u0440\u043e\u0441\u044b \u0443\u0433\u043b\u0435\u043a\u0438\u0441\u043b\u043e\u0433\u043e \u0433\u0430\u0437\u0430. \u0414\u043b\u044f \u0441\u043e\u0435\u0434\u0438\u043d\u0435\u043d\u0438\u0439 \u0438\u0441\u043f\u043e\u043b\u044c\u0437\u0443\u0435\u0442\u0441\u044f \u043c\u0443\u0444\u0442\u0430 HDPE 90\u00d775.<\/p>\n<h4>\u041f\u0440\u0435\u0438\u043c\u0443\u0449\u0435\u0441\u0442\u0432\u0430 \u0433\u0435\u043e\u0442\u0435\u0440\u043c\u0430\u043b\u044c\u043d\u044b\u0445 \u0442\u0435\u0445\u043d\u043e\u043b\u043e\u0433\u0438\u0439<\/h4>\n<ol start=\"1\" data-spread=\"false\">\n<li><strong>\u041d\u0430\u0434\u0435\u0436\u043d\u043e\u0441\u0442\u044c \u0438 \u0434\u043e\u043b\u0433\u043e\u0432\u0435\u0447\u043d\u043e\u0441\u0442\u044c<\/strong>\u0413\u0435\u043e\u0442\u0435\u0440\u043c\u0430\u043b\u044c\u043d\u044b\u0435 \u0441\u0438\u0441\u0442\u0435\u043c\u044b \u0440\u0430\u0431\u043e\u0442\u0430\u044e\u0442 \u043a\u0440\u0443\u0433\u043b\u044b\u0439 \u0433\u043e\u0434, \u043d\u0435\u0437\u0430\u0432\u0438\u0441\u0438\u043c\u043e \u043e\u0442 \u043f\u043e\u0433\u043e\u0434\u043d\u044b\u0445 \u0443\u0441\u043b\u043e\u0432\u0438\u0439.<\/li>\n<li><strong>\u042d\u043a\u043e\u043b\u043e\u0433\u0438\u0447\u0435\u0441\u043a\u0430\u044f \u0431\u0435\u0437\u043e\u043f\u0430\u0441\u043d\u043e\u0441\u0442\u044c<\/strong>\u0422\u0435\u043f\u043b\u043e\u0432\u044b\u0435 \u043d\u0430\u0441\u043e\u0441\u044b \u0438\u0441\u043f\u043e\u043b\u044c\u0437\u0443\u044e\u0442 \u0442\u0435\u043f\u043b\u043e \u0417\u0435\u043c\u043b\u0438, \u0441\u043d\u0438\u0436\u0430\u044f \u0437\u0430\u0432\u0438\u0441\u0438\u043c\u043e\u0441\u0442\u044c \u043e\u0442 \u0438\u0441\u043a\u043e\u043f\u0430\u0435\u043c\u043e\u0433\u043e \u0442\u043e\u043f\u043b\u0438\u0432\u0430.<\/li>\n<li><strong>\u042d\u043a\u043e\u043d\u043e\u043c\u0438\u0447\u0435\u0441\u043a\u0430\u044f \u044d\u0444\u0444\u0435\u043a\u0442\u0438\u0432\u043d\u043e\u0441\u0442\u044c<\/strong>\u0417\u043d\u0430\u0447\u0438\u0442\u0435\u043b\u044c\u043d\u0430\u044f \u044d\u043a\u043e\u043d\u043e\u043c\u0438\u044f \u043d\u0430 \u043e\u0442\u043e\u043f\u043b\u0435\u043d\u0438\u0438 \u0438 \u043e\u0445\u043b\u0430\u0436\u0434\u0435\u043d\u0438\u0438 \u0434\u043e\u0441\u0442\u0438\u0433\u0430\u0435\u0442\u0441\u044f \u0437\u0430 \u0441\u0447\u0435\u0442 \u0441\u043d\u0438\u0436\u0435\u043d\u0438\u044f \u044d\u043a\u0441\u043f\u043b\u0443\u0430\u0442\u0430\u0446\u0438\u043e\u043d\u043d\u044b\u0445 \u0440\u0430\u0441\u0445\u043e\u0434\u043e\u0432.<\/li>\n<\/ol>\n<h4>\u041a\u0430\u043a \u0440\u0430\u0431\u043e\u0442\u0430\u0435\u0442 \u0433\u0435\u043e\u0442\u0435\u0440\u043c\u0430\u043b\u044c\u043d\u044b\u0439 \u0442\u0435\u043f\u043b\u043e\u0432\u043e\u0439 \u043d\u0430\u0441\u043e\u0441?<\/h4>\n<p>\u0413\u0435\u043e\u0442\u0435\u0440\u043c\u0430\u043b\u044c\u043d\u044b\u0439 \u0442\u0435\u043f\u043b\u043e\u0432\u043e\u0439 \u043d\u0430\u0441\u043e\u0441 \u0438\u0441\u043f\u043e\u043b\u044c\u0437\u0443\u0435\u0442 \u044d\u043b\u0435\u043a\u0442\u0440\u0438\u0447\u0435\u0441\u043a\u0443\u044e \u044d\u043d\u0435\u0440\u0433\u0438\u044e \u0434\u043b\u044f \u043f\u0440\u0435\u043e\u0431\u0440\u0430\u0437\u043e\u0432\u0430\u043d\u0438\u044f \u0442\u0435\u043f\u043b\u0430 \u0437\u0435\u043c\u043b\u0438 \u0432 \u043f\u043e\u043b\u0435\u0437\u043d\u0443\u044e \u044d\u043d\u0435\u0440\u0433\u0438\u044e \u0434\u043b\u044f \u043e\u0442\u043e\u043f\u043b\u0435\u043d\u0438\u044f. \u0421\u0438\u0441\u0442\u0435\u043c\u0430 \u043e\u0441\u043d\u043e\u0432\u0430\u043d\u0430 \u043d\u0430 \u0433\u0435\u043e\u0442\u0435\u0440\u043c\u0430\u043b\u044c\u043d\u043e\u043c \u043a\u043e\u043d\u0442\u0443\u0440\u0435:<\/p>\n<ul data-spread=\"false\">\n<li><strong>\u0413\u043e\u0440\u0438\u0437\u043e\u043d\u0442\u0430\u043b\u044c\u043d\u0430\u044f \u0441\u0445\u0435\u043c\u0430<\/strong>\u0422\u0440\u0443\u0431\u044b \u043f\u0440\u043e\u043a\u043b\u0430\u0434\u044b\u0432\u0430\u044e\u0442\u0441\u044f \u043f\u043e\u0434 \u0441\u043b\u043e\u0435\u043c \u043f\u043e\u0447\u0432\u044b, \u0447\u0442\u043e \u0442\u0440\u0435\u0431\u0443\u0435\u0442 \u0431\u043e\u043b\u044c\u0448\u043e\u0439 \u043f\u043b\u043e\u0449\u0430\u0434\u0438.<\/li>\n<li><strong>\u0426\u0435\u043f\u044c \u0432\u0435\u0440\u0442\u0438\u043a\u0430\u043b\u044c\u043d\u0430\u044f<\/strong>\u0422\u0440\u0443\u0431\u044b \u043e\u043f\u0443\u0441\u043a\u0430\u044e\u0442\u0441\u044f \u0432 \u0433\u043b\u0443\u0431\u043e\u043a\u0438\u0435 \u0441\u043a\u0432\u0430\u0436\u0438\u043d\u044b, \u0447\u0442\u043e \u044d\u043a\u043e\u043d\u043e\u043c\u0438\u0442 \u043c\u0435\u0441\u0442\u043e.<\/li>\n<\/ul>\n<p>\u041d\u0435\u0437\u0430\u0432\u0438\u0441\u0438\u043c\u043e \u043e\u0442 \u0442\u0438\u043f\u0430 \u043a\u043e\u043d\u0442\u0443\u0440\u0430 \u0442\u0435\u043f\u043b\u043e\u043e\u0431\u043c\u0435\u043d\u043d\u0438\u043a \u043f\u0435\u0440\u0435\u0434\u0430\u0435\u0442 \u043d\u0430\u043a\u043e\u043f\u043b\u0435\u043d\u043d\u043e\u0435 \u0442\u0435\u043f\u043b\u043e \u0446\u0438\u0440\u043a\u0443\u043b\u0438\u0440\u0443\u044e\u0449\u0435\u0439 \u0436\u0438\u0434\u043a\u043e\u0441\u0442\u0438 \u0432 \u0441\u0438\u0441\u0442\u0435\u043c\u0435. \u0413\u0435\u043e\u0442\u0435\u0440\u043c\u0430\u043b\u044c\u043d\u044b\u0439 \u043a\u043e\u043b\u043b\u0435\u043a\u0442\u043e\u0440 90x32x8 \u0438 \u043c\u0443\u0444\u0442\u0430 HDPE 90\u00d775 \u0438\u0441\u043f\u043e\u043b\u044c\u0437\u0443\u044e\u0442\u0441\u044f \u0434\u043b\u044f \u0441\u043e\u0435\u0434\u0438\u043d\u0435\u043d\u0438\u044f \u0432\u0441\u0435\u0445 \u0441\u043a\u0432\u0430\u0436\u0438\u043d \u0432 \u0435\u0434\u0438\u043d\u044b\u0439 \u043a\u043e\u043b\u043b\u0435\u043a\u0442\u043e\u0440.<\/p>\n<h4>\u042d\u043b\u0435\u043c\u0435\u043d\u0442\u044b \u0441\u0438\u0441\u0442\u0435\u043c\u044b<\/h4>\n<ol start=\"1\" data-spread=\"false\">\n<li><strong>\u0413\u0440\u0443\u043d\u0442\u043e\u0432\u043e\u0439 \u0442\u0435\u043f\u043b\u043e\u043e\u0431\u043c\u0435\u043d\u043d\u0438\u043a<\/strong>\u0418\u0437\u0433\u043e\u0442\u043e\u0432\u043b\u0435\u043d \u0438\u0437 \u0442\u0440\u0443\u0431 \u041f\u041d\u0414, \u0432\u044b\u0434\u0435\u0440\u0436\u0438\u0432\u0430\u0435\u0442 \u0434\u0430\u0432\u043b\u0435\u043d\u0438\u0435 \u0434\u043e 20 \u0430\u0442\u043c\u043e\u0441\u0444\u0435\u0440.<\/li>\n<li><strong>\u0413\u0435\u043e\u0442\u0435\u0440\u043c\u0430\u043b\u044c\u043d\u044b\u0439 \u043a\u043e\u043b\u043b\u0435\u043a\u0442\u043e\u0440 90x32x8<\/strong>. \u041e\u043d \u043f\u0440\u0438\u0441\u043e\u0435\u0434\u0438\u043d\u044f\u0435\u0442\u0441\u044f \u043a \u043a\u043e\u043d\u0442\u0443\u0440\u0430\u043c \u0441\u0438\u0441\u0442\u0435\u043c\u044b \u0438 \u043f\u043e\u0434\u043a\u043b\u044e\u0447\u0430\u0435\u0442\u0441\u044f \u043a \u0442\u0435\u043f\u043b\u043e\u0432\u043e\u043c\u0443 \u043d\u0430\u0441\u043e\u0441\u0443.<\/li>\n<li><strong>\u0426\u0438\u0440\u043a\u0443\u043b\u0438\u0440\u0443\u044e\u0449\u0430\u044f \u0436\u0438\u0434\u043a\u043e\u0441\u0442\u044c<\/strong>. \u041e\u0431\u044b\u0447\u043d\u043e \u043f\u0440\u0435\u0434\u0441\u0442\u0430\u0432\u043b\u044f\u0435\u0442 \u0441\u043e\u0431\u043e\u0439 \u0441\u043c\u0435\u0441\u044c \u044d\u0442\u0438\u043b\u0435\u043d\u0433\u043b\u0438\u043a\u043e\u043b\u044f \u0438\u043b\u0438 \u043f\u0440\u043e\u043f\u0438\u043b\u0435\u043d\u0433\u043b\u0438\u043a\u043e\u043b\u044f \u0441 \u0432\u043e\u0434\u043e\u0439.<\/li>\n<li><strong>\u041c\u0443\u0444\u0442\u0430 \u043f\u0435\u0440\u0435\u0445\u043e\u0434\u043d\u0430\u044f 90\u00d775 HDPE<\/strong>\u0418\u0441\u043f\u043e\u043b\u044c\u0437\u0443\u0435\u0442\u0441\u044f \u0434\u043b\u044f \u0441\u0432\u0430\u0440\u043d\u044b\u0445 \u0441\u043e\u0435\u0434\u0438\u043d\u0435\u043d\u0438\u0439 \u0438 \u0440\u0435\u0433\u0443\u043b\u0438\u0440\u043e\u0432\u0430\u043d\u0438\u044f \u0440\u0430\u0441\u0445\u043e\u0434\u0430.<\/li>\n<\/ol>\n<h2>\u0413\u0435\u043e\u0442\u0435\u0440\u043c\u0430\u043b\u044c\u043d\u044b\u0435 \u0441\u043a\u0432\u0430\u0436\u0438\u043d\u044b: \u043e\u0441\u043e\u0431\u0435\u043d\u043d\u043e\u0441\u0442\u0438 \u0443\u0441\u0442\u0430\u043d\u043e\u0432\u043a\u0438<\/h2>\n<p>\u0421\u043a\u0432\u0430\u0436\u0438\u043d\u044b \u0440\u0430\u0437\u043c\u0435\u0449\u0430\u044e\u0442\u0441\u044f \u0432 \u0441\u043a\u0432\u0430\u0436\u0438\u043d\u0430\u0445 \u0433\u043b\u0443\u0431\u0438\u043d\u043e\u0439 \u043e\u0442 70 \u0434\u043e 300 \u043c. \u041e\u0441\u043d\u043e\u0432\u043d\u044b\u0435 \u0442\u0438\u043f\u044b:<\/p>\n<ul data-spread=\"false\">\n<li><strong>Unicircuit<\/strong> (2\u00d732 \u043c\u043c \u0438\u043b\u0438 2\u00d740 \u043c\u043c).<\/li>\n<li><strong>\u0414\u0432\u0443\u0445\u043a\u043e\u043d\u0442\u0443\u0440\u043d\u044b\u0439<\/strong> (4\u00d732 \u043c\u043c).<\/li>\n<\/ul>\n<p>\u0422\u0435\u043c\u043f\u0435\u0440\u0430\u0442\u0443\u0440\u0430 \u043d\u0430 \u0433\u043b\u0443\u0431\u0438\u043d\u0435 150 \u043c \u0441\u0442\u0430\u0431\u0438\u043b\u044c\u043d\u0430 (~15 \u00b0C), \u0447\u0442\u043e \u0434\u043e\u0441\u0442\u0430\u0442\u043e\u0447\u043d\u043e \u0434\u043b\u044f \u044d\u0444\u0444\u0435\u043a\u0442\u0438\u0432\u043d\u043e\u0439 \u0440\u0430\u0431\u043e\u0442\u044b \u0441\u0438\u0441\u0442\u0435\u043c\u044b. \u041e\u0434\u043d\u0430\u043a\u043e \u0433\u043b\u0443\u0431\u043e\u043a\u043e\u0435 \u0431\u0443\u0440\u0435\u043d\u0438\u0435 \u0442\u0440\u0435\u0431\u0443\u0435\u0442 \u0437\u043d\u0430\u0447\u0438\u0442\u0435\u043b\u044c\u043d\u044b\u0445 \u0438\u043d\u0432\u0435\u0441\u0442\u0438\u0446\u0438\u0439.<\/p>\n<h4>\u041c\u043e\u043d\u0442\u0430\u0436 \u0438 \u043f\u0440\u043e\u0435\u043a\u0442\u0438\u0440\u043e\u0432\u0430\u043d\u0438\u0435<\/h4>\n<ol start=\"1\" data-spread=\"false\">\n<li>\u041f\u0440\u043e\u0432\u0435\u0434\u0435\u043d\u0438\u0435 \u0433\u0435\u043e\u043b\u043e\u0433\u0438\u0447\u0435\u0441\u043a\u043e\u0433\u043e \u0430\u043d\u0430\u043b\u0438\u0437\u0430 \u043c\u0435\u0441\u0442\u043d\u043e\u0441\u0442\u0438.<\/li>\n<li>\u0420\u0430\u0437\u0440\u0430\u0431\u043e\u0442\u043a\u0430 \u043f\u0440\u043e\u0435\u043a\u0442\u0430 \u0432 \u0437\u0430\u0432\u0438\u0441\u0438\u043c\u043e\u0441\u0442\u0438 \u043e\u0442 \u0442\u0438\u043f\u0430 \u043f\u043e\u0447\u0432\u044b.<\/li>\n<li>\u0421\u043e\u0431\u043b\u044e\u0434\u0435\u043d\u0438\u0435 \u043f\u0440\u0430\u0432\u0438\u043b \u0431\u0435\u0437\u043e\u043f\u0430\u0441\u043d\u043e\u0441\u0442\u0438 \u0438 \u044d\u043a\u043e\u043b\u043e\u0433\u0438\u0447\u0435\u0441\u043a\u0438\u0445 \u043d\u043e\u0440\u043c.<\/li>\n<li>\u0418\u0441\u043f\u043e\u043b\u044c\u0437\u043e\u0432\u0430\u043d\u0438\u0435 \u0432\u044b\u0441\u043e\u043a\u043e\u043a\u0430\u0447\u0435\u0441\u0442\u0432\u0435\u043d\u043d\u044b\u0445 \u043c\u0430\u0442\u0435\u0440\u0438\u0430\u043b\u043e\u0432, \u0442\u0430\u043a\u0438\u0445 \u043a\u0430\u043a \u0442\u0440\u0443\u0431\u044b \u041f\u041d\u0414.<\/li>\n<\/ol>\n<h2><strong>\u0417\u0415\u041c\u041d\u041e\u0419 \u0417\u041e\u041d\u0414<\/strong><\/h2>\n<p>Sonda de p\u0103m\u00e2nt const\u0103 \u00eentr-un tub \u00een form\u0103 de U dublu, plasat \u00een sond\u0103. Modulul este de 1 m de sond\u0103. Ad\u00e2ncimea maxim\u0103 a unei sonde este de 100 m. Cantitatea de energie necesar\u0103 pentru pompa de c\u0103ldur\u0103 depinde de puterea acesteia, ceea ce determin\u0103 num\u0103rul \u0219i ad\u00e2ncimea sondelor. Distan\u021ba minim\u0103 \u00eentre sonde este de 5 m. Obiectele de \u00eenc\u0103lzire trebuie s\u0103 fie la cel pu\u021bin 5-10 m distan\u021b\u0103. Capacitatea de \u00eenc\u0103lzire se calculeaz\u0103 \u00een func\u021bie de compozi\u021bia solului. \u00cenainte de foraj, este necesar\u0103 o analiz\u0103 geologic\u0103 a terenului. Harta sec\u021biunii va indica modelul de instalare \u0219i propriet\u0103\u021bile termice ale solului. Forajul trebuie efectuat de speciali\u0219ti, care instaleaz\u0103 \u0219i schimb\u0103torul de c\u0103ldur\u0103, apoi \u00eel betonizeaz\u0103. Mufta 90&#215;75 HDPE permite tranzi\u021bia \u00eentre sec\u021biuni de diametre diferite.<\/p>\n<h4>\u0422\u0438\u043f\u044b \u043f\u043e\u0447\u0432 \u0438 \u0442\u0435\u043f\u043b\u043e\u043f\u0435\u0440\u0435\u0434\u0430\u0447\u0430<\/h4>\n<table style=\"width: 43.6787%\" border=\"1\">\n<tbody>\n<tr>\n<th style=\"width: 44.4412%\">\u0422\u0438\u043f \u0442\u0430\u043a\u0436\u0435 \u043b\u0435\u0432\u044b\u0439<\/th>\n<th style=\"width: 55.0799%\">\u0422\u0435\u043f\u043b\u043e\u043f\u0435\u0440\u0435\u0434\u0430\u0447\u0430 (\u0412\u0442\/\u043c)<\/th>\n<\/tr>\n<tr>\n<td style=\"width: 44.4412%\">\u0421\u0443\u0445\u043e\u0439 \u043f\u0435\u0441\u043e\u043a<\/td>\n<td style=\"width: 55.0799%;text-align: center\">&lt; 25<\/td>\n<\/tr>\n<tr>\n<td style=\"width: 44.4412%\">\u041c\u043e\u043a\u0440\u044b\u0439 \u043f\u0435\u0441\u043e\u043a<\/td>\n<td style=\"width: 55.0799%;text-align: center\">65-80<\/td>\n<\/tr>\n<tr>\n<td style=\"width: 44.4412%\">\u041e\u0441\u0442\u0430\u043d\u043e\u0432\u043a\u0430 \u0441\u043b\u0435\u0432\u0430<\/td>\n<td style=\"width: 55.0799%;text-align: center\">60<\/td>\n<\/tr>\n<tr>\n<td style=\"width: 44.4412%\">\u0413\u043b\u0438\u043d\u0430<\/td>\n<td style=\"width: 55.0799%;text-align: center\">35-50<\/td>\n<\/tr>\n<tr>\n<td style=\"width: 44.4412%\">\u043c\u0435\u043b<\/td>\n<td style=\"width: 55.0799%;text-align: center\">55-70<\/td>\n<\/tr>\n<\/tbody>\n<\/table>\n<h2><a href=\"https:\/\/altalheat.com\/wp-content\/uploads\/2024\/12\/geotermalnyj-vodyanoj-kollektor-90x32h8.webp\" target=\"_blank\" rel=\"noopener\">\u0421\u0425\u0415\u041c\u0410 \u0422\u0415\u0425\u041d\u041e\u041b\u041e\u0413\u0418\u0427\u0415\u0421\u041a\u041e\u0419 \u0421\u0418\u0421\u0422\u0415\u041c\u042b<\/a><\/h2>\n<h2><a href=\"https:\/\/altalheat.com\/wp-content\/uploads\/2024\/12\/geotermalnyj-vodyanoj-kollektor-90x32h8.webp\" target=\"_blank\" rel=\"noopener\"><img loading=\"lazy\" decoding=\"async\" class=\"alignnone size-full wp-image-5077\" src=\"https:\/\/altalheat.com\/wp-content\/uploads\/2024\/12\/geotermalnyj-vodyanoj-kollektor-90x32h8.webp\" alt=\"\" width=\"713\" height=\"291\" title=\"\"><\/a><\/h2>\n<ol>\n<li>\u0433\u0438\u0431\u043a\u043e\u0435 \u0441\u043e\u0435\u0434\u0438\u043d\u0435\u043d\u0438\u0435;<\/li>\n<li>\u0442\u0435\u0440\u043c\u043e\u043c\u0435\u0442\u0440;<\/li>\n<li>\u0444\u0438\u043b\u044c\u0442\u0440;<\/li>\n<li>\u0440\u0430\u0441\u0448\u0438\u0440\u0438\u0442\u0435\u043b\u044c\u043d\u044b\u0439 \u0431\u0430\u043a \u0441 \u043c\u0430\u043d\u043e\u043c\u0435\u0442\u0440\u043e\u043c;<\/li>\n<li>Mufta 90\u00d775 HDPE;<\/li>\n<li>\u0446\u0438\u0440\u043a\u0443\u043b\u044f\u0446\u0438\u043e\u043d\u043d\u044b\u0439 \u043d\u0430\u0441\u043e\u0441;<\/li>\n<li>\u0437\u0430\u0437\u0435\u043c\u043b\u0435\u043d\u0438\u0435;<\/li>\n<li>\u0440\u0430\u0441\u0445\u043e\u0434\u043e\u043c\u0435\u0440 (\u0441\u043e \u0448\u043a\u0430\u043b\u043e\u0439);<\/li>\n<li>\u0440\u0430\u0441\u043f\u0440\u0435\u0434\u0435\u043b\u0438\u0442\u0435\u043b\u044c\u043d\u044b\u0439 \u043a\u043e\u043b\u043b\u0435\u043a\u0442\u043e\u0440;<\/li>\n<li>\u0440\u0430\u0441\u043f\u0440\u0435\u0434\u0435\u043b\u0438\u0442\u0435\u043b\u044c\u043d\u044b\u0439 \u043a\u043e\u043b\u043b\u0435\u043a\u0442\u043e\u0440.<\/li>\n<\/ol>\n<p>Umplerea cu solu\u021bie antifrig \u0219i de-aerare se face pentru fiecare circuit separat, prin transferul unei amestec de antigel dintr-un rezervor separat, cu ajutorul unei pompe submersibile. Temperatura de \u00eenghe\u021b a solu\u021biei pentru circuitul de p\u0103m\u00e2nt (bucla de p\u0103m\u00e2nt), pentru pompa de c\u0103ldur\u0103 ALTAL <a href=\"https:\/\/altal.ro\/ru\/grunt-voda-dual\/\" target=\"_blank\" rel=\"noopener\">GWHP<\/a>, este de aproximativ -5 p\u00e2n\u0103 la -12 \u00b0C. Este esen\u021bial ca toate elementele circuitului s\u0103 fie realizate din materiale anti-corozive. Dispozitivul de distribu\u021bie \u0219i colectorul pot fi fabricate din plastic sau \u021bevi din cupru, etc.<\/p>\n<h2>\u041f\u0420\u041e\u0418\u0417\u0412\u041e\u0414\u0421\u0422\u0412\u041e \u0422\u0415\u041f\u041b\u041e\u0412\u042b\u0425 \u041a\u041e\u041b\u041b\u0415\u041a\u0422\u041e\u0420\u041e\u0412<\/h2>\n<p>\u021aevile de schimb de c\u0103ldur\u0103, de 32 sau 40 mm, sunt conectate la capete din plastic prin col\u021b U \u0219i Mufta 90&#215;75 HDPE. Uneori, se folose\u0219te un sistem cu dou\u0103 \u021bevi. La cap\u0103tul din plastic, se fixeaz\u0103 o greutate de 2 metri, cum ar fi o \u021beav\u0103 betonat\u0103, pentru ghidarea schimb\u0103torului de c\u0103ldur\u0103 \u00een sond\u0103. Mufta 90&#215;75 HDPE (Cuplajul de trecere din polietilen\u0103 90&#215;75)\u00a0 este utilizat pentru conectarea componentelor prin sudur\u0103. Dup\u0103 foraj \u0219i eliminarea echipamentului \u0219i apei, dac\u0103 solul permite, perechile de \u021bevi de schimb de c\u0103ldur\u0103 se introduc f\u0103r\u0103 tubaj de protec\u021bie. Prin tubul central, \u00eentre schimb\u0103toarele de c\u0103ldur\u0103, se pompeaz\u0103 sub presiune bentonit\u0103 sau ciment pentru umplere complet\u0103. Pentru conectarea sondelor, se folose\u0219te colector geotermal 90x32x8. Lungimea \u021beavilor din sond\u0103 este egal\u0103 cu dublul ad\u00e2ncimii sondei plus distan\u021ba fa\u021b\u0103 de pompa de c\u0103ldur\u0103. Exemplul unui sistem cu dou\u0103 \u021bevi este ilustrat \u00een schem\u0103. <a href=\"https:\/\/altalheat.com\/wp-content\/uploads\/2024\/12\/geotermalnyj-vodyanoj-kollektor-90x32x8-2.webp\" target=\"_blank\" rel=\"noopener\"><img loading=\"lazy\" decoding=\"async\" class=\"alignnone size-full wp-image-5078\" src=\"https:\/\/altalheat.com\/wp-content\/uploads\/2024\/12\/geotermalnyj-vodyanoj-kollektor-90x32x8-2.webp\" alt=\"\" width=\"578\" height=\"393\" title=\"\"><\/a><\/p>\n<h4>\u0421\u043e\u0435\u0434\u0438\u043d\u0438\u0442\u0435\u043b\u044c\u043d\u044b\u0435 \u044d\u043b\u0435\u043c\u0435\u043d\u0442\u044b \u0441\u0438\u0441\u0442\u0435\u043c\u044b<\/h4>\n<p>\u041c\u0443\u0444\u0442\u0430 HDPE 90\u00d775 \u0442\u0430\u043a\u0436\u0435 \u0438\u0441\u043f\u043e\u043b\u044c\u0437\u0443\u0435\u0442\u0441\u044f \u0434\u043b\u044f \u0441\u043e\u0435\u0434\u0438\u043d\u0435\u043d\u0438\u044f \u0441 \u0433\u0435\u043e\u0442\u0435\u0440\u043c\u0430\u043b\u044c\u043d\u044b\u043c \u043a\u043e\u043b\u043b\u0435\u043a\u0442\u043e\u0440\u043e\u043c 90x32x8, \u0434\u043b\u044f \u043f\u0435\u0440\u0435\u0445\u043e\u0434\u0430 \u043c\u0435\u0436\u0434\u0443 \u0441\u0435\u043a\u0446\u0438\u044f\u043c\u0438. \u0422\u0430\u043a\u043e\u0439 \u0441\u043f\u043e\u0441\u043e\u0431 \u043e\u0431\u0435\u0441\u043f\u0435\u0447\u0438\u0432\u0430\u0435\u0442 \u0433\u0435\u0440\u043c\u0435\u0442\u0438\u0447\u043d\u043e\u0441\u0442\u044c \u0438 \u0434\u043e\u043b\u0433\u043e\u0432\u0435\u0447\u043d\u043e\u0441\u0442\u044c \u0441\u043e\u0435\u0434\u0438\u043d\u0435\u043d\u0438\u0439. \u0418\u0441\u043f\u043e\u043b\u044c\u0437\u043e\u0432\u0430\u043d\u0438\u0435 \u043f\u0440\u043e\u0444\u0435\u0441\u0441\u0438\u043e\u043d\u0430\u043b\u044c\u043d\u043e\u0433\u043e \u043e\u0431\u043e\u0440\u0443\u0434\u043e\u0432\u0430\u043d\u0438\u044f \u0438 \u043a\u0432\u0430\u043b\u0438\u0444\u0438\u0446\u0438\u0440\u043e\u0432\u0430\u043d\u043d\u044b\u0445 \u0441\u043f\u0435\u0446\u0438\u0430\u043b\u0438\u0441\u0442\u043e\u0432 \u0433\u0430\u0440\u0430\u043d\u0442\u0438\u0440\u0443\u0435\u0442 \u043d\u0430\u0434\u0435\u0436\u043d\u043e\u0441\u0442\u044c \u0441\u0438\u0441\u0442\u0435\u043c\u044b.<\/p>\n<h4>\u041a\u0440\u0430\u0442\u043a\u043e\u0435 \u0441\u043e\u0434\u0435\u0440\u0436\u0430\u043d\u0438\u0435<\/h4>\n<p>\u0413\u0435\u043e\u0442\u0435\u0440\u043c\u0430\u043b\u044c\u043d\u044b\u0435 \u0442\u0435\u0445\u043d\u043e\u043b\u043e\u0433\u0438\u0438 \u043f\u0440\u0435\u0434\u0441\u0442\u0430\u0432\u043b\u044f\u044e\u0442 \u0441\u043e\u0431\u043e\u0439 \u0438\u043d\u043d\u043e\u0432\u0430\u0446\u0438\u043e\u043d\u043d\u043e\u0435 \u0440\u0435\u0448\u0435\u043d\u0438\u0435 \u0434\u043b\u044f \u044d\u043a\u043e\u043b\u043e\u0433\u0438\u0447\u0435\u0441\u043a\u043e\u0433\u043e \u043e\u0442\u043e\u043f\u043b\u0435\u043d\u0438\u044f \u0438 \u043e\u0445\u043b\u0430\u0436\u0434\u0435\u043d\u0438\u044f. \u041e\u043d\u0438 \u043d\u0430\u0434\u0435\u0436\u043d\u044b, \u044d\u043a\u043e\u043d\u043e\u043c\u0438\u0447\u043d\u044b \u0438 \u0431\u0435\u0437\u043e\u043f\u0430\u0441\u043d\u044b \u0434\u043b\u044f \u043e\u043a\u0440\u0443\u0436\u0430\u044e\u0449\u0435\u0439 \u0441\u0440\u0435\u0434\u044b. \u041f\u0440\u0430\u0432\u0438\u043b\u044c\u043d\u044b\u0439 \u043f\u0440\u043e\u0435\u043a\u0442 \u0438 \u043a\u0430\u0447\u0435\u0441\u0442\u0432\u0435\u043d\u043d\u0430\u044f \u0443\u0441\u0442\u0430\u043d\u043e\u0432\u043a\u0430 \u043e\u0431\u0435\u0441\u043f\u0435\u0447\u0438\u0432\u0430\u044e\u0442 \u0434\u043e\u043b\u0433\u043e\u0432\u0435\u0447\u043d\u043e\u0441\u0442\u044c \u0438 \u044d\u0444\u0444\u0435\u043a\u0442\u0438\u0432\u043d\u043e\u0441\u0442\u044c \u0441\u0438\u0441\u0442\u0435\u043c\u044b. \u0418\u043d\u0432\u0435\u0441\u0442\u0438\u0440\u0443\u044f \u0432 \u0433\u0435\u043e\u0442\u0435\u0440\u043c\u0430\u043b\u044c\u043d\u043e\u0435 \u043e\u0431\u043e\u0440\u0443\u0434\u043e\u0432\u0430\u043d\u0438\u0435, \u0432\u044b \u0432\u044b\u0431\u0438\u0440\u0430\u0435\u0442\u0435 \u0431\u0443\u0434\u0443\u0449\u0435\u0435, \u043e\u0441\u043d\u043e\u0432\u0430\u043d\u043d\u043e\u0435 \u043d\u0430 \u0432\u043e\u0437\u043e\u0431\u043d\u043e\u0432\u043b\u044f\u0435\u043c\u044b\u0445 \u0438\u0441\u0442\u043e\u0447\u043d\u0438\u043a\u0430\u0445 \u044d\u043d\u0435\u0440\u0433\u0438\u0438.<\/p>\n<hr \/>\n<p>\u00a0<\/p>","protected":false},"excerpt":{"rendered":"<p>\u0418\u0441\u043f\u043e\u043b\u044c\u0437\u043e\u0432\u0430\u043d\u0438\u0435: \u041e\u0442\u043e\u043f\u043b\u0435\u043d\u0438\u0435, \u043e\u0445\u043b\u0430\u0436\u0434\u0435\u043d\u0438\u0435, \u0432\u043e\u0434\u043e\u0441\u043d\u0430\u0431\u0436\u0435\u043d\u0438\u0435<br \/>\n\u0414\u0438\u0430\u043c\u0435\u0442\u0440: \u043f\u0440\u043e\u0445\u043e\u0434\u043d\u043e\u0439 <strong>98-75 <\/strong>\u043c\u043c.<br \/>\n\u0426\u0432\u0435\u0442: <strong>\u0411\u0435\u043b\u044b\u0439<\/strong><br \/>\n\u041a\u0430\u0442\u0435\u0433\u043e\u0440\u0438\u044f: \u041c\u0443\u0444\u0442\u0430<br \/>\n\u041c\u0430\u043a\u0441. \u0440\u0430\u0431\u043e\u0447\u0435\u0435 \u0434\u0430\u0432\u043b\u0435\u043d\u0438\u0435: 20 \u0431\u0430\u0440<br \/>\n\u041c\u0430\u0442\u0435\u0440\u0438\u0430\u043b \u0438\u0437\u0433\u043e\u0442\u043e\u0432\u043b\u0435\u043d\u0438\u044f: <strong>\u041f\u042d\u0412\u041f.<\/strong><\/p>","protected":false},"featured_media":2275,"comment_status":"open","ping_status":"closed","template":"","meta":{"_acf_changed":false,"_kad_post_transparent":"default","_kad_post_title":"","_kad_post_layout":"default","_kad_post_sidebar_id":"","_kad_post_content_style":"default","_kad_post_vertical_padding":"default","_kad_post_feature":"","_kad_post_feature_position":"","_kad_post_header":false,"_kad_post_footer":false},"product_brand":[],"product_cat":[283],"product_tag":[322,215,229,318,190,209],"class_list":{"0":"post-6025","1":"product","2":"type-product","3":"status-publish","4":"has-post-thumbnail","6":"product_cat-tevi-si-fitinguri-hdpe-si-ppr","7":"product_tag-90x75","8":"product_tag-aprovizionare-cu-apa","9":"product_tag-geotermala","10":"product_tag-hdpe","11":"product_tag-pompa-de-caldura","12":"product_tag-racire","14":"first","15":"instock","16":"sale","17":"featured","18":"taxable","19":"shipping-taxable","20":"purchasable","21":"product-type-simple","22":"entry","23":"content-bg","24":"loop-entry"},"acf":[],"_links":{"self":[{"href":"https:\/\/altal.ro\/ru\/wp-json\/wp\/v2\/product\/6025","targetHints":{"allow":["GET"]}}],"collection":[{"href":"https:\/\/altal.ro\/ru\/wp-json\/wp\/v2\/product"}],"about":[{"href":"https:\/\/altal.ro\/ru\/wp-json\/wp\/v2\/types\/product"}],"replies":[{"embeddable":true,"href":"https:\/\/altal.ro\/ru\/wp-json\/wp\/v2\/comments?post=6025"}],"version-history":[{"count":8,"href":"https:\/\/altal.ro\/ru\/wp-json\/wp\/v2\/product\/6025\/revisions"}],"predecessor-version":[{"id":7589,"href":"https:\/\/altal.ro\/ru\/wp-json\/wp\/v2\/product\/6025\/revisions\/7589"}],"wp:featuredmedia":[{"embeddable":true,"href":"https:\/\/altal.ro\/ru\/wp-json\/wp\/v2\/media\/2275"}],"wp:attachment":[{"href":"https:\/\/altal.ro\/ru\/wp-json\/wp\/v2\/media?parent=6025"}],"wp:term":[{"taxonomy":"product_brand","embeddable":true,"href":"https:\/\/altal.ro\/ru\/wp-json\/wp\/v2\/product_brand?post=6025"},{"taxonomy":"product_cat","embeddable":true,"href":"https:\/\/altal.ro\/ru\/wp-json\/wp\/v2\/product_cat?post=6025"},{"taxonomy":"product_tag","embeddable":true,"href":"https:\/\/altal.ro\/ru\/wp-json\/wp\/v2\/product_tag?post=6025"}],"curies":[{"name":"wp","href":"https:\/\/api.w.org\/{rel}","templated":true}]}}