{"id":6013,"date":"2025-06-26T15:45:31","date_gmt":"2025-06-26T12:45:31","guid":{"rendered":"https:\/\/altal.ro\/?post_type=product&#038;p=6013"},"modified":"2025-07-23T01:52:00","modified_gmt":"2025-07-22T22:52:00","slug":"mufta-hdpe-33","status":"publish","type":"product","link":"https:\/\/altal.ro\/ru\/mufta-hdpe-33\/","title":{"rendered":"\u041c\u0443\u0444\u0442\u0430 HDPE 32"},"content":{"rendered":"<p>\u044d\u0442\u043e-toc<\/p>\n<h2>\u041c\u0443\u0444\u0442\u0430 HDPE 32<\/h2>\n<p><strong>\u041c\u0443\u0444\u0442\u0430 HDPE 32 \u0434\u043b\u044f \u0441\u0432\u0430\u0440\u043a\u0438 <\/strong>\u0438\u0441\u043f\u043e\u043b\u044c\u0437\u0443\u0435\u0442\u0441\u044f \u0434\u043b\u044f \u0441\u043e\u0435\u0434\u0438\u043d\u0435\u043d\u0438\u044f \u0442\u0440\u0443\u0431 \u0441 \u0440\u0435\u0433\u0443\u043b\u0438\u0440\u0443\u044e\u0449\u0438\u043c\u0438 \u043a\u043b\u0430\u043f\u0430\u043d\u0430\u043c\u0438. \u0422\u0430\u043a\u0436\u0435 \u0434\u043b\u044f \u0441\u043e\u0435\u0434\u0438\u043d\u0435\u043d\u0438\u044f \u0441 \u0444\u0438\u0442\u0438\u043d\u0433\u0430\u043c\u0438 \u0438\u043b\u0438 \u0432 \u043f\u043e\u043b\u0438\u044d\u0442\u0438\u043b\u0435\u043d\u043e\u0432\u044b\u0445 (HDPE) \u043d\u0430\u043f\u043e\u0440\u043d\u044b\u0445 \u0442\u0440\u0443\u0431\u043e\u043f\u0440\u043e\u0432\u043e\u0434\u043d\u044b\u0445 \u0441\u0438\u0441\u0442\u0435\u043c\u0430\u0445 \u0432\u043e\u0434\u043e\u0441\u043d\u0430\u0431\u0436\u0435\u043d\u0438\u044f \u0438 \u0433\u0435\u043e\u0442\u0435\u0440\u043c\u0430\u043b\u044c\u043d\u044b\u0445 \u0441\u043a\u0432\u0430\u0436\u0438\u043d. \u041c\u0443\u0444\u0442\u044b \u0438\u0437\u0433\u043e\u0442\u043e\u0432\u043b\u0435\u043d\u044b \u0438\u0437 \u043f\u043b\u0430\u0441\u0442\u0438\u043a\u0430 <a href=\"https:\/\/en.wikipedia.org\/wiki\/High-density_polyethylene\" target=\"_blank\" rel=\"noopener\">\u041f\u042d\u0412\u041f<\/a> prin turnare sub presiune, urmat\u0103 de prelucrare. Acest Cuplaj HDPE 32 \u00a0este fabricat din polietilen\u0103 de tipurile RE80 (MRS 8,0 MPa) \u0219i RE100 (MRS 10,0 MPa). Conectarea \u021bevilor cu Cuplaj HDPE 32 se realizeaz\u0103 \u00een dou\u0103 moduri: sudur\u0103 \u00een unghi (\u00een v\u00e2rf) sau sudur\u0103 termic\u0103 cu rezisten\u021b\u0103 electric\u0103. La sudura \u00een unghi, \u021beava \u0219i piesa sunt \u00eenc\u0103lzite cu un aparat special, apoi unite sub presiune. Sudura termic\u0103 cu rezisten\u021b\u0103 utilizeaz\u0103 fitinguri cu elemente de \u00eenc\u0103lzire integrate \u0219i echipament specializat. Destina\u021bie: utilizarea \u00een sisteme geotermale cu bucle verticale sau orizontale de colectare a c\u0103ldurii din sol.<\/p>\n<h4>\u041f\u0440\u0435\u0438\u043c\u0443\u0449\u0435\u0441\u0442\u0432\u0430 \u0433\u0435\u043e\u0442\u0435\u0440\u043c\u0430\u043b\u044c\u043d\u044b\u0445 \u0442\u0435\u0445\u043d\u043e\u043b\u043e\u0433\u0438\u0439<\/h4>\n<ol start=\"1\" data-spread=\"false\">\n<li><strong>\u041d\u0430\u0434\u0435\u0436\u043d\u043e\u0441\u0442\u044c \u0438 \u0434\u043e\u043b\u0433\u043e\u0432\u0435\u0447\u043d\u043e\u0441\u0442\u044c<\/strong>\u0413\u0435\u043e\u0442\u0435\u0440\u043c\u0430\u043b\u044c\u043d\u044b\u0435 \u0441\u0438\u0441\u0442\u0435\u043c\u044b \u0440\u0430\u0431\u043e\u0442\u0430\u044e\u0442 \u043a\u0440\u0443\u0433\u043b\u044b\u0439 \u0433\u043e\u0434, \u043d\u0435\u0437\u0430\u0432\u0438\u0441\u0438\u043c\u043e \u043e\u0442 \u043f\u043e\u0433\u043e\u0434\u043d\u044b\u0445 \u0443\u0441\u043b\u043e\u0432\u0438\u0439.<\/li>\n<li><strong>\u042d\u043a\u043e\u043b\u043e\u0433\u0438\u0447\u0435\u0441\u043a\u0430\u044f \u0431\u0435\u0437\u043e\u043f\u0430\u0441\u043d\u043e\u0441\u0442\u044c<\/strong>. <a href=\"https:\/\/altal.ro\/ru\/teplovye-nasosi-altal\/\" target=\"_blank\" rel=\"noopener\">\u0422\u0435\u043f\u043b\u043e\u0432\u044b\u0435 \u043d\u0430\u0441\u043e\u0441\u044b<\/a> \u0438\u0441\u043f\u043e\u043b\u044c\u0437\u0443\u0435\u0442 \u0442\u0435\u043f\u043b\u043e \u0437\u0435\u043c\u043b\u0438, \u0441\u043d\u0438\u0436\u0430\u044f \u0437\u0430\u0432\u0438\u0441\u0438\u043c\u043e\u0441\u0442\u044c \u043e\u0442 \u0438\u0441\u043a\u043e\u043f\u0430\u0435\u043c\u043e\u0433\u043e \u0442\u043e\u043f\u043b\u0438\u0432\u0430.<\/li>\n<li><strong>\u042d\u043a\u043e\u043d\u043e\u043c\u0438\u0447\u0435\u0441\u043a\u0430\u044f \u044d\u0444\u0444\u0435\u043a\u0442\u0438\u0432\u043d\u043e\u0441\u0442\u044c<\/strong>\u0417\u043d\u0430\u0447\u0438\u0442\u0435\u043b\u044c\u043d\u0430\u044f \u044d\u043a\u043e\u043d\u043e\u043c\u0438\u044f \u043d\u0430 \u043e\u0442\u043e\u043f\u043b\u0435\u043d\u0438\u0438 \u0438 \u043e\u0445\u043b\u0430\u0436\u0434\u0435\u043d\u0438\u0438 \u0434\u043e\u0441\u0442\u0438\u0433\u0430\u0435\u0442\u0441\u044f \u0437\u0430 \u0441\u0447\u0435\u0442 \u0441\u043d\u0438\u0436\u0435\u043d\u0438\u044f \u044d\u043a\u0441\u043f\u043b\u0443\u0430\u0442\u0430\u0446\u0438\u043e\u043d\u043d\u044b\u0445 \u0440\u0430\u0441\u0445\u043e\u0434\u043e\u0432.<\/li>\n<\/ol>\n<h4>\u041a\u0430\u043a \u0440\u0430\u0431\u043e\u0442\u0430\u0435\u0442 \u0433\u0435\u043e\u0442\u0435\u0440\u043c\u0430\u043b\u044c\u043d\u044b\u0439 \u0442\u0435\u043f\u043b\u043e\u0432\u043e\u0439 \u043d\u0430\u0441\u043e\u0441?<\/h4>\n<p><a href=\"https:\/\/altal.ro\/ru\/grunt-voda-altal\/\">\u0413\u0435\u043e\u0442\u0435\u0440\u043c\u0430\u043b\u044c\u043d\u044b\u0439 \u0442\u0435\u043f\u043b\u043e\u0432\u043e\u0439 \u043d\u0430\u0441\u043e\u0441<\/a> \u0438\u0441\u043f\u043e\u043b\u044c\u0437\u0443\u0435\u0442 \u044d\u043b\u0435\u043a\u0442\u0440\u0438\u0447\u0435\u0441\u043a\u0443\u044e \u044d\u043d\u0435\u0440\u0433\u0438\u044e \u0434\u043b\u044f \u043f\u0440\u0435\u043e\u0431\u0440\u0430\u0437\u043e\u0432\u0430\u043d\u0438\u044f \u0442\u0435\u043f\u043b\u0430 \u0437\u0435\u043c\u043b\u0438 \u0432 \u043f\u043e\u043b\u0435\u0437\u043d\u0443\u044e \u044d\u043d\u0435\u0440\u0433\u0438\u044e \u0434\u043b\u044f \u043e\u0442\u043e\u043f\u043b\u0435\u043d\u0438\u044f. \u0421\u0438\u0441\u0442\u0435\u043c\u0430 \u043e\u0441\u043d\u043e\u0432\u0430\u043d\u0430 \u043d\u0430 \u0433\u0435\u043e\u0442\u0435\u0440\u043c\u0430\u043b\u044c\u043d\u043e\u043c \u0446\u0438\u043a\u043b\u0435:<\/p>\n<ul data-spread=\"false\">\n<li><strong>\u0413\u043e\u0440\u0438\u0437\u043e\u043d\u0442\u0430\u043b\u044c\u043d\u0430\u044f \u043f\u0435\u0442\u043b\u044f<\/strong>\u0422\u0440\u0443\u0431\u044b \u0440\u0430\u0441\u043f\u043e\u043b\u043e\u0436\u0435\u043d\u044b \u043f\u043e\u0434 \u0441\u043b\u043e\u0435\u043c \u043f\u043e\u0447\u0432\u044b, \u0442\u0440\u0435\u0431\u0443\u044f \u0431\u043e\u043b\u044c\u0448\u043e\u0439 \u043f\u043b\u043e\u0449\u0430\u0434\u0438.<\/li>\n<li><strong>\u0412\u0435\u0440\u0442\u0438\u043a\u0430\u043b\u044c\u043d\u0430\u044f \u043f\u0435\u0442\u043b\u044f<\/strong>\u0422\u0440\u0443\u0431\u044b \u043e\u043f\u0443\u0441\u043a\u0430\u044e\u0442\u0441\u044f \u0432 \u0433\u043b\u0443\u0431\u043e\u043a\u0438\u0435 \u0441\u043a\u0432\u0430\u0436\u0438\u043d\u044b, \u0447\u0442\u043e \u044d\u043a\u043e\u043d\u043e\u043c\u0438\u0442 \u043c\u0435\u0441\u0442\u043e.<\/li>\n<\/ul>\n<p>\u041d\u0435\u0437\u0430\u0432\u0438\u0441\u0438\u043c\u043e \u043e\u0442 \u0442\u0438\u043f\u0430 \u043a\u043e\u043d\u0442\u0443\u0440\u0430 \u0442\u0435\u043f\u043b\u043e\u043e\u0431\u043c\u0435\u043d\u043d\u0438\u043a \u043f\u0435\u0440\u0435\u0434\u0430\u0435\u0442 \u043d\u0430\u043a\u043e\u043f\u043b\u0435\u043d\u043d\u043e\u0435 \u0442\u0435\u043f\u043b\u043e \u0436\u0438\u0434\u043a\u043e\u0441\u0442\u0438, \u0446\u0438\u0440\u043a\u0443\u043b\u0438\u0440\u0443\u044e\u0449\u0435\u0439 \u0432 \u0441\u0438\u0441\u0442\u0435\u043c\u0435. \u041c\u0443\u0444\u0442\u0430 HDPE 32 \u043f\u0440\u0435\u0434\u043d\u0430\u0437\u043d\u0430\u0447\u0435\u043d\u0430 \u0434\u043b\u044f \u0441\u043e\u0435\u0434\u0438\u043d\u0435\u043d\u0438\u044f \u0442\u0440\u0443\u0431 \u0438 \u0444\u0438\u0442\u0438\u043d\u0433\u043e\u0432 \u043c\u0435\u0436\u0434\u0443 \u0441\u043e\u0431\u043e\u0439.<\/p>\n<h4>\u042d\u043b\u0435\u043c\u0435\u043d\u0442\u044b \u0441\u0438\u0441\u0442\u0435\u043c\u044b<\/h4>\n<ol start=\"1\" data-spread=\"false\">\n<li><strong>\u0413\u0440\u0443\u043d\u0442\u043e\u0432\u043e\u0439 \u0442\u0435\u043f\u043b\u043e\u043e\u0431\u043c\u0435\u043d\u043d\u0438\u043a<\/strong>\u0418\u0437\u0433\u043e\u0442\u043e\u0432\u043b\u0435\u043d \u0438\u0437 \u0442\u0440\u0443\u0431 \u041f\u041d\u0414, \u0432\u044b\u0434\u0435\u0440\u0436\u0438\u0432\u0430\u0435\u0442 \u0434\u0430\u0432\u043b\u0435\u043d\u0438\u0435 \u0434\u043e 20 \u0430\u0442\u043c\u043e\u0441\u0444\u0435\u0440.<\/li>\n<li><strong>\u0413\u0435\u043e\u0442\u0435\u0440\u043c\u0430\u043b\u044c\u043d\u044b\u0439 \u043a\u043e\u043b\u043b\u0435\u043a\u0442\u043e\u0440 90x32x8<\/strong>. \u041e\u0431\u044a\u0435\u0434\u0438\u043d\u044f\u0435\u0442 \u043a\u043e\u043d\u0442\u0443\u0440\u044b \u0441\u0438\u0441\u0442\u0435\u043c\u044b \u0438 \u043f\u043e\u0434\u043a\u043b\u044e\u0447\u0430\u0435\u0442\u0441\u044f \u043a \u0442\u0435\u043f\u043b\u043e\u0432\u043e\u043c\u0443 \u043d\u0430\u0441\u043e\u0441\u0443.<\/li>\n<li><strong>\u041c\u0443\u0444\u0442\u0430 \u041f\u041d\u0414 32.<\/strong> \u041e\u0431\u0435\u0441\u043f\u0435\u0447\u0438\u0432\u0430\u0435\u0442 \u043f\u0440\u043e\u0447\u043d\u044b\u0435 \u0441\u043e\u0435\u0434\u0438\u043d\u0435\u043d\u0438\u044f \u043c\u0435\u0436\u0434\u0443 \u0443\u0437\u043b\u0430\u043c\u0438.<\/li>\n<li><strong>\u0426\u0438\u0440\u043a\u0443\u043b\u0438\u0440\u0443\u044e\u0449\u0430\u044f \u0436\u0438\u0434\u043a\u043e\u0441\u0442\u044c<\/strong>\u0427\u0430\u0449\u0435 \u0432\u0441\u0435\u0433\u043e \u044d\u0442\u043e \u0441\u043c\u0435\u0441\u044c \u044d\u0442\u0438\u043b\u0435\u043d\u0433\u043b\u0438\u043a\u043e\u043b\u044f \u0438\u043b\u0438 \u043f\u0440\u043e\u043f\u0438\u043b\u0435\u043d\u0433\u043b\u0438\u043a\u043e\u043b\u044f \u0441 \u0432\u043e\u0434\u043e\u0439.<\/li>\n<li><strong>\u0424\u0438\u0442\u0438\u043d\u0433\u0438 \u0438 \u043a\u043b\u0430\u043f\u0430\u043d\u044b<\/strong>. \u0418\u0441\u043f\u043e\u043b\u044c\u0437\u0443\u0435\u0442\u0441\u044f \u0434\u043b\u044f \u0441\u0432\u0430\u0440\u043d\u044b\u0445 \u0441\u043e\u0435\u0434\u0438\u043d\u0435\u043d\u0438\u0439, \u0440\u0435\u0433\u0443\u043b\u0438\u0440\u043e\u0432\u0430\u043d\u0438\u044f \u0440\u0430\u0441\u0445\u043e\u0434\u0430.<\/li>\n<\/ol>\n<h2>\u0413\u0435\u043e\u0442\u0435\u0440\u043c\u0430\u043b\u044c\u043d\u044b\u0435 \u0441\u043a\u0432\u0430\u0436\u0438\u043d\u044b: \u043e\u0441\u043e\u0431\u0435\u043d\u043d\u043e\u0441\u0442\u0438 \u0443\u0441\u0442\u0430\u043d\u043e\u0432\u043a\u0438<\/h2>\n<p>\u0421\u043a\u0432\u0430\u0436\u0438\u043d\u044b \u0440\u0430\u0437\u043c\u0435\u0449\u0430\u044e\u0442\u0441\u044f \u0432 \u0441\u043a\u0432\u0430\u0436\u0438\u043d\u0430\u0445 \u0433\u043b\u0443\u0431\u0438\u043d\u043e\u0439 \u043e\u0442 70 \u0434\u043e 300 \u043c. \u041e\u0441\u043d\u043e\u0432\u043d\u044b\u0435 \u0442\u0438\u043f\u044b:<\/p>\n<ul data-spread=\"false\">\n<li><strong>\u0417\u043e\u043d\u0434: <\/strong>\u00a0(2\u00d732 \u043c\u043c \u0438\u043b\u0438 2\u00d740 \u043c\u043c).<\/li>\n<li><strong>\u0414\u0432\u0430 \u0437\u043e\u043d\u0434\u0430: <\/strong>\u00a0(4\u00d732 \u043c\u043c).<\/li>\n<\/ul>\n<p>\u0422\u0435\u043c\u043f\u0435\u0440\u0430\u0442\u0443\u0440\u0430 \u043d\u0430 \u0433\u043b\u0443\u0431\u0438\u043d\u0435 150 \u043c \u0441\u0442\u0430\u0431\u0438\u043b\u044c\u043d\u0430 (~15 \u00b0C), \u0447\u0442\u043e \u043e\u0431\u0435\u0441\u043f\u0435\u0447\u0438\u0432\u0430\u0435\u0442 \u044d\u0444\u0444\u0435\u043a\u0442\u0438\u0432\u043d\u0443\u044e \u0440\u0430\u0431\u043e\u0442\u0443 \u0441\u0438\u0441\u0442\u0435\u043c\u044b. \u041e\u0434\u043d\u0430\u043a\u043e \u0433\u043b\u0443\u0431\u043e\u043a\u043e\u0435 \u0431\u0443\u0440\u0435\u043d\u0438\u0435 \u0442\u0440\u0435\u0431\u0443\u0435\u0442 \u0437\u043d\u0430\u0447\u0438\u0442\u0435\u043b\u044c\u043d\u044b\u0445 \u0438\u043d\u0432\u0435\u0441\u0442\u0438\u0446\u0438\u0439.<\/p>\n<h4>\u041c\u043e\u043d\u0442\u0430\u0436 \u0438 \u043f\u0440\u043e\u0435\u043a\u0442\u0438\u0440\u043e\u0432\u0430\u043d\u0438\u0435<\/h4>\n<ol start=\"1\" data-spread=\"false\">\n<li>\u041f\u0440\u043e\u0432\u0435\u0434\u0435\u043d\u0438\u0435 \u0433\u0435\u043e\u043b\u043e\u0433\u0438\u0447\u0435\u0441\u043a\u043e\u0433\u043e \u0430\u043d\u0430\u043b\u0438\u0437\u0430 \u043c\u0435\u0441\u0442\u043d\u043e\u0441\u0442\u0438.<\/li>\n<li>\u0420\u0430\u0437\u0440\u0430\u0431\u043e\u0442\u043a\u0430 \u043f\u0440\u043e\u0435\u043a\u0442\u0430 \u0432 \u0437\u0430\u0432\u0438\u0441\u0438\u043c\u043e\u0441\u0442\u0438 \u043e\u0442 \u0442\u0438\u043f\u0430 \u0433\u0440\u0443\u043d\u0442\u0430.<\/li>\n<li>\u0421\u043e\u0431\u043b\u044e\u0434\u0435\u043d\u0438\u0435 \u043f\u0440\u0430\u0432\u0438\u043b \u0431\u0435\u0437\u043e\u043f\u0430\u0441\u043d\u043e\u0441\u0442\u0438 \u0438 \u044d\u043a\u043e\u043b\u043e\u0433\u0438\u0447\u0435\u0441\u043a\u0438\u0445 \u043d\u043e\u0440\u043c.<\/li>\n<li>\u0418\u0441\u043f\u043e\u043b\u044c\u0437\u043e\u0432\u0430\u043d\u0438\u0435 \u0432\u044b\u0441\u043e\u043a\u043e\u043a\u0430\u0447\u0435\u0441\u0442\u0432\u0435\u043d\u043d\u044b\u0445 \u043c\u0430\u0442\u0435\u0440\u0438\u0430\u043b\u043e\u0432, \u0442\u0430\u043a\u0438\u0445 \u043a\u0430\u043a \u0442\u0440\u0443\u0431\u044b \u041f\u041d\u0414.<\/li>\n<\/ol>\n<h2><strong>\u0417\u0415\u041c\u041d\u041e\u0419 \u0417\u041e\u041d\u0414<\/strong><\/h2>\n<p>Sonda de p\u0103m\u00e2nt reprezint\u0103 o \u021beav\u0103 U dubl\u0103, plasat\u0103 \u00een sond\u0103. Modulul este de 1 m de sond\u0103. Ad\u00e2ncimea maxim\u0103 a unei sonde este de 100 m. Energia necesar\u0103 pompei depinde de puterea acesteia, care determin\u0103 num\u0103rul \u0219i ad\u00e2ncimea sondelor. Distan\u021ba minim\u0103 \u00eentre sonde este de 5 m. Obiectele de \u00eenc\u0103lzire trebuie s\u0103 fie la cel pu\u021bin 5-10 m distan\u021b\u0103. Capacitatea de \u00eenc\u0103lzire se calculeaz\u0103 \u00een func\u021bie de compozi\u021bia solului. \u00cenainte de foraj, este necesar\u0103 o analiz\u0103 geologic\u0103 a loca\u021biei. Harta sec\u021biunii va indica configura\u021bia de instalare \u0219i propriet\u0103\u021bile termice ale solului. Forajul este efectuat de speciali\u0219ti, care instaleaz\u0103 schimb\u0103torul de c\u0103ldur\u0103 \u0219i realizeaz\u0103 betonarea. Acest Cuplaj din polietilen\u0103 HDPE32 asigur\u0103 tranzi\u021bia \u00eentre diferite sec\u021biuni.<\/p>\n<h4>\u0422\u0438\u043f\u044b \u043f\u043e\u0447\u0432 \u0438 \u0442\u0435\u043f\u043b\u043e\u043f\u0435\u0440\u0435\u0434\u0430\u0447\u0430<\/h4>\n<table style=\"width: 61.2873%\" border=\"1\">\n<tbody>\n<tr>\n<th style=\"width: 60.4062%\">\u041c\u0443\u0444\u0442\u0430 HDPE 32<\/th>\n<th style=\"width: 105.407%\">\u0422\u0435\u043f\u043b\u043e\u043f\u0435\u0440\u0435\u0434\u0430\u0447\u0430 (\u0412\u0442\/\u043c)<\/th>\n<\/tr>\n<tr>\n<td style=\"width: 60.4062%\">\u0421\u0443\u0445\u043e\u0439 \u043f\u0435\u0441\u043e\u043a<\/td>\n<td style=\"width: 105.407%;text-align: center\">&lt; 25<\/td>\n<\/tr>\n<tr>\n<td style=\"width: 60.4062%\">\u041c\u043e\u043a\u0440\u044b\u0439 \u043f\u0435\u0441\u043e\u043a<\/td>\n<td style=\"width: 105.407%;text-align: center\">65-80<\/td>\n<\/tr>\n<tr>\n<td style=\"width: 60.4062%\">\u041e\u0441\u0442\u0430\u043d\u043e\u0432\u043a\u0430 \u0441\u043b\u0435\u0432\u0430<\/td>\n<td style=\"width: 105.407%;text-align: center\">60<\/td>\n<\/tr>\n<tr>\n<td style=\"width: 60.4062%\">\u0413\u043b\u0438\u043d\u0430<\/td>\n<td style=\"width: 105.407%;text-align: center\">35-50<\/td>\n<\/tr>\n<tr>\n<td style=\"width: 60.4062%\">\u043c\u0435\u043b<\/td>\n<td style=\"width: 105.407%;text-align: center\">55-70<\/td>\n<\/tr>\n<\/tbody>\n<\/table>\n<h2><a href=\"https:\/\/altalheat.com\/wp-content\/uploads\/2024\/12\/geotermalnyj-vodyanoj-kollektor-90x32h8.webp\" target=\"_blank\" rel=\"noopener\">\u0421\u0425\u0415\u041c\u0410 \u0422\u0415\u0425\u041d\u041e\u041b\u041e\u0413\u0418\u0427\u0415\u0421\u041a\u041e\u0419 \u0421\u0418\u0421\u0422\u0415\u041c\u042b<\/a><\/h2>\n<h2><a href=\"https:\/\/altalheat.com\/wp-content\/uploads\/2024\/12\/geotermalnyj-vodyanoj-kollektor-90x32h8.webp\" target=\"_blank\" rel=\"noopener\"><img loading=\"lazy\" decoding=\"async\" class=\"alignnone size-full wp-image-5077\" src=\"https:\/\/altalheat.com\/wp-content\/uploads\/2024\/12\/geotermalnyj-vodyanoj-kollektor-90x32h8.webp\" alt=\"\" width=\"713\" height=\"291\" title=\"\"><\/a><\/h2>\n<p>1. conexiune flexibil\u0103; 2. termometru; 3. filtru; 4. vas de expansiune cu manometru; 5. robinet cu bil\u0103; 6. pompa de circula\u021bie; 7. \u00eemp\u0103m\u00e2ntare; 8. debitmetru (cu cadran); 9. colector de distribu\u021bie; 10. gr\u0103din\u0103 de distribu\u021bie. Umplerea cu solu\u021bie antifrig \u0219i de-aerare se face pentru fiecare circuit separat. Acest lucru se realizeaz\u0103 prin transferul unei amestec de antigel dintr-un rezervor separat, cu ajutorul unei pompe submersibile. Temperatura de \u00eenghe\u021b a solu\u021biei pentru circuitul exemplu (bucla de p\u0103m\u00e2nt), pentru pompa de c\u0103ldur\u0103 ALTAL <a href=\"https:\/\/altal.ro\/ru\/grunt-voda-altal\/\" target=\"_blank\" rel=\"noopener\">GWHP<\/a> este de aproximativ -5 p\u00e2n\u0103 la -12 \u00b0C. Toate elementele buclei trebuie s\u0103 fie realizate din materiale anti-corozive. Dispozitivul de distribu\u021bie \u0219i colectorul pot fi fabricate din plastic sau \u021bevi din cupru, etc.<\/p>\n<h2>\u041f\u0420\u041e\u0426\u0415\u0421\u0421 \u0418\u0417\u0413\u041e\u0422\u041e\u0412\u041b\u0415\u041d\u0418\u042f \u0422\u0415\u041f\u041b\u041e\u0412\u041e\u0413\u041e \u041a\u041e\u041b\u041b\u0415\u041a\u0422\u041e\u0420\u0410<\/h2>\n<p>\u021aevile de schimb de c\u0103ldur\u0103, de 32 sau 40 mm, sunt conectate la capete din plastic prin col\u021b U \u0219i cu Cuplaj HDPE 32. Uneori, se utilizeaz\u0103 un sistem cu dou\u0103 \u021bevi. Cap\u0103tul de plastic este fixat cu o greutate de 2 metri, cum ar fi o \u021beav\u0103 betonat\u0103, pentru a ghida schimb\u0103torul de c\u0103ldur\u0103 \u00een sond\u0103. Acest Cuplaj HDPE 32 pentru sudur\u0103 este folosit pentru conectarea nodurilor prin sudur\u0103. Dup\u0103 foraj \u0219i eliminarea instrumentului de foraj \u0219i a apei, dac\u0103 solul permite, perechile de \u021bevi de schimb de c\u0103ldur\u0103 se introduc f\u0103r\u0103 tubaj de protec\u021bie. Prin intermediul tubului central, \u00eentre schimb\u0103toarele de c\u0103ldur\u0103, se pompeaz\u0103 sub presiune bentonit\u0103 sau ciment pentru umplere complet\u0103. Pentru conectarea sondelor, se folose\u0219te colector geotermal 90x32x8. Lungimea \u021bevilor din sond\u0103 este egal\u0103 cu de dou\u0103 ori ad\u00e2ncimea sondelor plus distan\u021ba fa\u021b\u0103 de pompa de c\u0103ldur\u0103. Exemplul unui sistem cu dou\u0103 \u021bevi este ilustrat \u00een schem\u0103. <a href=\"https:\/\/altalheat.com\/wp-content\/uploads\/2024\/12\/geotermalnyj-vodyanoj-kollektor-90x32x8-2.webp\" target=\"_blank\" rel=\"noopener\"><img loading=\"lazy\" decoding=\"async\" class=\"alignnone size-full wp-image-5078\" src=\"https:\/\/altalheat.com\/wp-content\/uploads\/2024\/12\/geotermalnyj-vodyanoj-kollektor-90x32x8-2.webp\" alt=\"\" width=\"578\" height=\"393\" title=\"\"><\/a><\/p>\n<h4>\u0421\u043e\u0435\u0434\u0438\u043d\u0438\u0442\u0435\u043b\u044c\u043d\u044b\u0435 \u044d\u043b\u0435\u043c\u0435\u043d\u0442\u044b \u0441\u0438\u0441\u0442\u0435\u043c\u044b<\/h4>\n<p>\u041c\u0443\u0444\u0442\u0430 HDPE 32 \u0442\u0430\u043a\u0436\u0435 \u0438\u0441\u043f\u043e\u043b\u044c\u0437\u0443\u0435\u0442\u0441\u044f \u0441 \u0433\u0435\u043e\u0442\u0435\u0440\u043c\u0430\u043b\u044c\u043d\u044b\u043c \u043a\u043e\u043b\u043b\u0435\u043a\u0442\u043e\u0440\u043e\u043c 90x32x8 \u0434\u043b\u044f \u0441\u043e\u0435\u0434\u0438\u043d\u0435\u043d\u0438\u044f \u043a\u043b\u0430\u043f\u0430\u043d\u043e\u0432. \u042d\u0442\u043e\u0442 \u043c\u0435\u0442\u043e\u0434 \u043e\u0431\u0435\u0441\u043f\u0435\u0447\u0438\u0432\u0430\u0435\u0442 \u0433\u0435\u0440\u043c\u0435\u0442\u0438\u0447\u043d\u043e\u0441\u0442\u044c \u0438 \u0434\u043e\u043b\u0433\u043e\u0432\u0435\u0447\u043d\u043e\u0441\u0442\u044c \u0441\u043e\u0435\u0434\u0438\u043d\u0435\u043d\u0438\u0439. \u0418\u0441\u043f\u043e\u043b\u044c\u0437\u043e\u0432\u0430\u043d\u0438\u0435 \u043f\u0440\u043e\u0444\u0435\u0441\u0441\u0438\u043e\u043d\u0430\u043b\u044c\u043d\u043e\u0433\u043e \u043e\u0431\u043e\u0440\u0443\u0434\u043e\u0432\u0430\u043d\u0438\u044f \u0438 \u043a\u0432\u0430\u043b\u0438\u0444\u0438\u0446\u0438\u0440\u043e\u0432\u0430\u043d\u043d\u044b\u0445 \u0441\u043f\u0435\u0446\u0438\u0430\u043b\u0438\u0441\u0442\u043e\u0432 \u0438\u043c\u0435\u0435\u0442 \u0440\u0435\u0448\u0430\u044e\u0449\u0435\u0435 \u0437\u043d\u0430\u0447\u0435\u043d\u0438\u0435 \u0434\u043b\u044f \u043d\u0430\u0434\u0435\u0436\u043d\u043e\u0441\u0442\u0438 \u0441\u0438\u0441\u0442\u0435\u043c\u044b.<\/p>\n<h4>\u041a\u0440\u0430\u0442\u043a\u043e\u0435 \u0441\u043e\u0434\u0435\u0440\u0436\u0430\u043d\u0438\u0435<\/h4>\n<p>\u0413\u0435\u043e\u0442\u0435\u0440\u043c\u0430\u043b\u044c\u043d\u044b\u0435 \u0442\u0435\u0445\u043d\u043e\u043b\u043e\u0433\u0438\u0438 \u043f\u0440\u0435\u0434\u0441\u0442\u0430\u0432\u043b\u044f\u044e\u0442 \u0441\u043e\u0431\u043e\u0439 \u0438\u043d\u043d\u043e\u0432\u0430\u0446\u0438\u043e\u043d\u043d\u043e\u0435 \u0440\u0435\u0448\u0435\u043d\u0438\u0435 \u0434\u043b\u044f \u044d\u043a\u043e\u043b\u043e\u0433\u0438\u0447\u0435\u0441\u043a\u043e\u0433\u043e \u043e\u0442\u043e\u043f\u043b\u0435\u043d\u0438\u044f \u0438 \u043e\u0445\u043b\u0430\u0436\u0434\u0435\u043d\u0438\u044f. \u041e\u043d\u0438 \u043d\u0430\u0434\u0435\u0436\u043d\u044b, \u044d\u043a\u043e\u043d\u043e\u043c\u0438\u0447\u043d\u044b \u0438 \u0431\u0435\u0437\u043e\u043f\u0430\u0441\u043d\u044b \u0434\u043b\u044f \u043e\u043a\u0440\u0443\u0436\u0430\u044e\u0449\u0435\u0439 \u0441\u0440\u0435\u0434\u044b. \u041f\u0440\u0430\u0432\u0438\u043b\u044c\u043d\u044b\u0439 \u043f\u0440\u043e\u0435\u043a\u0442 \u0438 \u043a\u0430\u0447\u0435\u0441\u0442\u0432\u0435\u043d\u043d\u0430\u044f \u0443\u0441\u0442\u0430\u043d\u043e\u0432\u043a\u0430 \u0433\u0430\u0440\u0430\u043d\u0442\u0438\u0440\u0443\u044e\u0442 \u0434\u043e\u043b\u0433\u043e\u0432\u0435\u0447\u043d\u043e\u0441\u0442\u044c \u0438 \u044d\u0444\u0444\u0435\u043a\u0442\u0438\u0432\u043d\u043e\u0441\u0442\u044c \u0441\u0438\u0441\u0442\u0435\u043c\u044b. \u0418\u043d\u0432\u0435\u0441\u0442\u0438\u0440\u0443\u044f \u0432 \u0433\u0435\u043e\u0442\u0435\u0440\u043c\u0430\u043b\u044c\u043d\u043e\u0435 \u043e\u0431\u043e\u0440\u0443\u0434\u043e\u0432\u0430\u043d\u0438\u0435, \u0432\u044b \u0432\u044b\u0431\u0438\u0440\u0430\u0435\u0442\u0435 \u0431\u0443\u0434\u0443\u0449\u0435\u0435, \u043e\u0441\u043d\u043e\u0432\u0430\u043d\u043d\u043e\u0435 \u043d\u0430 \u0432\u043e\u0437\u043e\u0431\u043d\u043e\u0432\u043b\u044f\u0435\u043c\u044b\u0445 \u0438\u0441\u0442\u043e\u0447\u043d\u0438\u043a\u0430\u0445 \u044d\u043d\u0435\u0440\u0433\u0438\u0438.<\/p>\n<hr \/>\n<p>\u00a0<\/p>","protected":false},"excerpt":{"rendered":"<p>\u041f\u043e\u043b\u0438\u044d\u0442\u0438\u043b\u0435\u043d\u043e\u0432\u0430\u044f \u043c\u0443\u0444\u0442\u0430 \u0434\u043b\u044f \u0441\u043a\u043b\u0435\u0438\u0432\u0430\u043d\u0438\u044f <strong>HDPE32<\/strong> \u0434\u043b\u044f \u0433\u0435\u043e\u0442\u0435\u0440\u043c\u0430\u043b\u044c\u043d\u044b\u0445 \u0441\u043a\u0432\u0430\u0436\u0438\u043d.<\/p>\n<p>\u0418\u0441\u043f\u043e\u043b\u044c\u0437\u0443\u0435\u0442\u0441\u044f \u0432 \u0441\u0438\u0441\u0442\u0435\u043c\u0430\u0445 \u0442\u0435\u043f\u043b\u043e\u0432\u044b\u0445 \u043d\u0430\u0441\u043e\u0441\u043e\u0432 \u0434\u043b\u044f \u0441\u043e\u0435\u0434\u0438\u043d\u0435\u043d\u0438\u044f \u043f\u043e\u043b\u0438\u044d\u0442\u0438\u043b\u0435\u043d\u043e\u0432\u044b\u0445 \u0442\u0440\u0443\u0431.<\/p>\n<p><strong> \u0414\u0438\u0430\u043c\u0435\u0442\u0440 32 \u043c\u043c.<\/strong><\/p>","protected":false},"featured_media":2276,"comment_status":"open","ping_status":"closed","template":"","meta":{"_acf_changed":false,"_kad_post_transparent":"default","_kad_post_title":"","_kad_post_layout":"default","_kad_post_sidebar_id":"","_kad_post_content_style":"default","_kad_post_vertical_padding":"default","_kad_post_feature":"","_kad_post_feature_position":"","_kad_post_header":false,"_kad_post_footer":false},"product_brand":[],"product_cat":[283],"product_tag":[323,215,229,318,324,190,209],"class_list":{"0":"post-6013","1":"product","2":"type-product","3":"status-publish","4":"has-post-thumbnail","6":"product_cat-tevi-si-fitinguri-hdpe-si-ppr","7":"product_tag-32-mm","8":"product_tag-aprovizionare-cu-apa","9":"product_tag-geotermala","10":"product_tag-hdpe","11":"product_tag-pe","12":"product_tag-pompa-de-caldura","13":"product_tag-racire","15":"first","16":"instock","17":"sale","18":"featured","19":"taxable","20":"shipping-taxable","21":"purchasable","22":"product-type-simple","23":"entry","24":"content-bg","25":"loop-entry"},"acf":[],"_links":{"self":[{"href":"https:\/\/altal.ro\/ru\/wp-json\/wp\/v2\/product\/6013","targetHints":{"allow":["GET"]}}],"collection":[{"href":"https:\/\/altal.ro\/ru\/wp-json\/wp\/v2\/product"}],"about":[{"href":"https:\/\/altal.ro\/ru\/wp-json\/wp\/v2\/types\/product"}],"replies":[{"embeddable":true,"href":"https:\/\/altal.ro\/ru\/wp-json\/wp\/v2\/comments?post=6013"}],"version-history":[{"count":9,"href":"https:\/\/altal.ro\/ru\/wp-json\/wp\/v2\/product\/6013\/revisions"}],"predecessor-version":[{"id":7594,"href":"https:\/\/altal.ro\/ru\/wp-json\/wp\/v2\/product\/6013\/revisions\/7594"}],"wp:featuredmedia":[{"embeddable":true,"href":"https:\/\/altal.ro\/ru\/wp-json\/wp\/v2\/media\/2276"}],"wp:attachment":[{"href":"https:\/\/altal.ro\/ru\/wp-json\/wp\/v2\/media?parent=6013"}],"wp:term":[{"taxonomy":"product_brand","embeddable":true,"href":"https:\/\/altal.ro\/ru\/wp-json\/wp\/v2\/product_brand?post=6013"},{"taxonomy":"product_cat","embeddable":true,"href":"https:\/\/altal.ro\/ru\/wp-json\/wp\/v2\/product_cat?post=6013"},{"taxonomy":"product_tag","embeddable":true,"href":"https:\/\/altal.ro\/ru\/wp-json\/wp\/v2\/product_tag?post=6013"}],"curies":[{"name":"wp","href":"https:\/\/api.w.org\/{rel}","templated":true}]}}