{"id":5077,"date":"2025-06-24T00:15:49","date_gmt":"2025-06-23T21:15:49","guid":{"rendered":"https:\/\/altal.ro\/?post_type=product&#038;p=5077"},"modified":"2025-07-23T01:52:18","modified_gmt":"2025-07-22T22:52:18","slug":"grunt-voda-30-kw-dc","status":"publish","type":"product","link":"https:\/\/altal.ro\/ru\/grunt-voda-30-kw-dc\/","title":{"rendered":"\u0422\u0435\u043f\u043b\u043e\u0432\u043e\u0439 \u043d\u0430\u0441\u043e\u0441 \u0433\u0440\u0443\u043d\u0442-\u0432\u043e\u0434\u0430 DUAL 30 \u043a\u0412\u0442 DC"},"content":{"rendered":"<div id=\"ez-toc-container\" class=\"ez-toc-v2_0_82_2 counter-hierarchy ez-toc-counter ez-toc-grey ez-toc-container-direction\">\n<div class=\"ez-toc-title-container\">\n<p class=\"ez-toc-title\" style=\"cursor:inherit\">Cuprins<\/p>\n<span class=\"ez-toc-title-toggle\"><a href=\"#\" class=\"ez-toc-pull-right ez-toc-btn ez-toc-btn-xs ez-toc-btn-default ez-toc-toggle\" aria-label=\"Toggle Table of Content\"><span class=\"ez-toc-js-icon-con\"><span class=\"\"><span class=\"eztoc-hide\" style=\"display:none;\">Toggle<\/span><span class=\"ez-toc-icon-toggle-span\"><svg style=\"fill: #999;color:#999\" xmlns=\"http:\/\/www.w3.org\/2000\/svg\" class=\"list-377408\" width=\"20px\" height=\"20px\" viewBox=\"0 0 24 24\" fill=\"none\"><path d=\"M6 6H4v2h2V6zm14 0H8v2h12V6zM4 11h2v2H4v-2zm16 0H8v2h12v-2zM4 16h2v2H4v-2zm16 0H8v2h12v-2z\" fill=\"currentColor\"><\/path><\/svg><svg style=\"fill: #999;color:#999\" class=\"arrow-unsorted-368013\" xmlns=\"http:\/\/www.w3.org\/2000\/svg\" width=\"10px\" height=\"10px\" viewBox=\"0 0 24 24\" version=\"1.2\" baseProfile=\"tiny\"><path d=\"M18.2 9.3l-6.2-6.3-6.2 6.3c-.2.2-.3.4-.3.7s.1.5.3.7c.2.2.4.3.7.3h11c.3 0 .5-.1.7-.3.2-.2.3-.5.3-.7s-.1-.5-.3-.7zM5.8 14.7l6.2 6.3 6.2-6.3c.2-.2.3-.5.3-.7s-.1-.5-.3-.7c-.2-.2-.4-.3-.7-.3h-11c-.3 0-.5.1-.7.3-.2.2-.3.5-.3.7s.1.5.3.7z\"\/><\/svg><\/span><\/span><\/span><\/a><\/span><\/div>\n<nav><ul class='ez-toc-list ez-toc-list-level-1 ' ><li class='ez-toc-page-1 ez-toc-heading-level-2'><a class=\"ez-toc-link ez-toc-heading-1\" href=\"https:\/\/altal.ro\/ru\/grunt-voda-30-kw-dc\/#Pompa_de_caldura_sol-apa_DUAL_30_kW_DC\">Pomp\u0103 de c\u0103ldur\u0103 sol-ap\u0103 DUAL 30 kW DC<\/a><ul class='ez-toc-list-level-4' ><li class='ez-toc-heading-level-4'><ul class='ez-toc-list-level-4' ><li class='ez-toc-heading-level-4'><a class=\"ez-toc-link ez-toc-heading-2\" href=\"https:\/\/altal.ro\/ru\/grunt-voda-30-kw-dc\/#_%E2%80%94_cea_mai_fiabila_si_ecologica_solutie\">\u00a0\u2014 cea mai fiabil\u0103 \u0219i ecologic\u0103 solu\u021bie<\/a><\/li><li class='ez-toc-page-1 ez-toc-heading-level-4'><a class=\"ez-toc-link ez-toc-heading-3\" href=\"https:\/\/altal.ro\/ru\/grunt-voda-30-kw-dc\/#Caracteristici_principale_ale_sistemului\">Caracteristici principale ale sistemului:<\/a><\/li><\/ul><\/li><li class='ez-toc-page-1 ez-toc-heading-level-3'><a class=\"ez-toc-link ez-toc-heading-4\" href=\"https:\/\/altal.ro\/ru\/grunt-voda-30-kw-dc\/#Pompa_de_caldura_sol-apa_DUAL_30_kW_DC_Avantaje\">Pomp\u0103 de c\u0103ldur\u0103 sol-ap\u0103 DUAL 30 kW DC. Avantaje:<\/a><ul class='ez-toc-list-level-4' ><li class='ez-toc-heading-level-4'><a class=\"ez-toc-link ez-toc-heading-5\" href=\"https:\/\/altal.ro\/ru\/grunt-voda-30-kw-dc\/#Caracteristici_tehnice\">Caracteristici tehnice<\/a><\/li><li class='ez-toc-page-1 ez-toc-heading-level-4'><a class=\"ez-toc-link ez-toc-heading-6\" href=\"https:\/\/altal.ro\/ru\/grunt-voda-30-kw-dc\/#De_ce_sa_alegeti_pompa_Groud-voda_DUAL_DC_30_kW\">De ce s\u0103 alege\u021bi pompa Groud-voda DUAL DC 30 kW?<\/a><\/li><li class='ez-toc-page-1 ez-toc-heading-level-4'><a class=\"ez-toc-link ez-toc-heading-7\" href=\"https:\/\/altal.ro\/ru\/grunt-voda-30-kw-dc\/#Contactati-ne_pentru_consultanta\">Contacta\u021bi-ne pentru consultan\u021b\u0103!<\/a><\/li><\/ul><\/li><li class='ez-toc-page-1 ez-toc-heading-level-3'><a class=\"ez-toc-link ez-toc-heading-8\" href=\"https:\/\/altal.ro\/ru\/grunt-voda-30-kw-dc\/#Cum_se_comanda\">Cum se comand\u0103?<\/a><\/li><\/ul><\/li><\/ul><\/nav><\/div>\n\n<h2><span class=\"ez-toc-section\" id=\"Pompa_de_caldura_sol-apa_DUAL_30_kW_DC\"><\/span>Pomp\u0103 de c\u0103ldur\u0103 sol-ap\u0103 DUAL 30 kW DC<span class=\"ez-toc-section-end\"><\/span><\/h2>\n<h4><span class=\"ez-toc-section\" id=\"_%E2%80%94_cea_mai_fiabila_si_ecologica_solutie\"><\/span>\u00a0\u2014 cea mai fiabil\u0103 \u0219i ecologic\u0103 solu\u021bie<span class=\"ez-toc-section-end\"><\/span><\/h4>\n<p><a href=\"https:\/\/altal.ro\/ro\/sol-apa-dual-dc\/\" target=\"_blank\" rel=\"noopener\">Pomp\u0103 de c\u0103ldur\u0103 sol-ap\u0103 DUAL 30 kW DC<\/a>\u00a0este creat\u0103 pentru a asigura eficien\u021b\u0103 maxim\u0103 \u0219i flexibilitate \u00een condi\u021bii de sarcin\u0103 crescut\u0103. Datorit\u0103 sistemului cu dou\u0103 module, fiecare modul poate func\u021biona independent, oferind posibilit\u0103\u021bi suplimentare pentru \u00eenc\u0103lzire, r\u0103cire \u0219i ap\u0103 cald\u0103 menajer\u0103 (ACM).<\/p>\n<h4><span class=\"ez-toc-section\" id=\"Caracteristici_principale_ale_sistemului\"><\/span>Caracteristici principale ale sistemului:<span class=\"ez-toc-section-end\"><\/span><\/h4>\n<ol>\n<li><strong>Configura\u021bie cu dou\u0103 module<\/strong>:\n<ul>\n<li>Un modul <strong>3,2 p\u00e2n\u0103 la 15,8 kW<\/strong> realizeaz\u0103 func\u021biile de \u00eenc\u0103lzire, r\u0103cire \u0219i ACM.<\/li>\n<li>Al doilea modul <strong>3,2 p\u00e2n\u0103 la 15,8 kW<\/strong> gestioneaz\u0103 \u00eenc\u0103lzirea \u0219i r\u0103cirea, extinz\u00e2nd posibilit\u0103\u021bile sistemului.<\/li>\n<li><a href=\"https:\/\/altal.ro\/\" target=\"_blank\" rel=\"noopener\">Pompa de c\u0103ldur\u0103 sol-ap\u0103 DUAL<\/a> de 30 kW cu doi compresori permite func\u021bionarea simultan\u0103 pentru \u00eenc\u0103lzire \u0219i ACM sau r\u0103cire \u0219i ACM,<\/li>\n<\/ul>\n<\/li>\n<li><strong>Eficien\u021b\u0103 energetic\u0103<\/strong>:\n<ul>\n<li><strong>Compresoare inverter<\/strong>: putere reglabil\u0103 de la <strong>3,2 p\u00e2n\u0103 la 31,6 kW<\/strong>, pentru adaptare lin\u0103 la necesit\u0103\u021bile actuale.<\/li>\n<li><strong>Coeficient de performan\u021b\u0103 energetic\u0103 (COP)<\/strong> p\u00e2n\u0103 la 4,65.<\/li>\n<\/ul>\n<\/li>\n<li><strong>Ecologic<\/strong>:\n<ul>\n<li>Agent frigorific <strong>R407<\/strong>,\u00a0 <a href=\"https:\/\/www.ashrae.org\/technical-resources\/ashrae-journal\" target=\"_blank\" rel=\"noopener\"><strong>R1234ze<\/strong><\/a> sau <strong>R290<\/strong>, sigur pentru mediu \u0219i conform standardelor ecologice actuale.<\/li>\n<li>Pomp\u0103 de c\u0103ldur\u0103 sol-ap\u0103 DUAL 30 kW DC care func\u021bioneaz\u0103 pe agent frigorific <a href=\"https:\/\/www.ashrae.org\/technical-resources\/ashrae-journal\" target=\"_blank\" rel=\"noopener\"><strong>R1234ze<\/strong><\/a> permite ob\u021binerea unei temperaturi de ap\u0103 de p\u00e2n\u0103 la <span style=\"color: #ff0000\"><strong>+85\u00b0C<\/strong><\/span>.<\/li>\n<li>Pomp\u0103 de c\u0103ldur\u0103 sol-ap\u0103 DUAL 30 kW DC care func\u021bioneaz\u0103 pe agent frigorific <strong>R290<\/strong> permite ob\u021binerea unei temperaturi de ap\u0103 de p\u00e2n\u0103 la <span style=\"color: #ff0000\"><strong>+70\u00b0C<\/strong><\/span> pentru \u00eenc\u0103lzire \u0219i p\u00e2n\u0103 la <span style=\"color: #ff0000\"><strong>+75\u00b0C<\/strong><\/span> pentru ACM,<\/li>\n<li>Pentru atingerea temperaturilor ridicate ale apei nu sunt utilizatori elemente de \u00eenc\u0103lzire electric\u0103 suplimentare.<\/li>\n<li>Utilizarea energiei geotermale minimizeaz\u0103 amprenta de carbon, permi\u021b\u00e2nd extragerea p\u00e2n\u0103 la 75% din energie din resurse regenerabile.<\/li>\n<\/ul>\n<\/li>\n<li><strong>Flexibilitate \u00een instalare<\/strong>:\n<ul>\n<li>Versiuni compacte ale carcasei pentru montaj u\u0219or \u00een diverse condi\u021bii.<\/li>\n<\/ul>\n<\/li>\n<\/ol>\n<hr \/>\n<h3><span class=\"ez-toc-section\" id=\"Pompa_de_caldura_sol-apa_DUAL_30_kW_DC_Avantaje\"><\/span>Pomp\u0103 de c\u0103ldur\u0103 sol-ap\u0103 DUAL 30 kW DC. Avantaje:<span class=\"ez-toc-section-end\"><\/span><\/h3>\n<ul>\n<li><strong>\u00cenalt\u0103 fiabilitate<\/strong>: Sistemul cu doi compresori asigur\u0103 durabilitate \u0219i func\u021bionare stabil\u0103.<\/li>\n<li><strong>Gama larg\u0103 de temperaturi<\/strong>: Func\u021bionare eficient\u0103 \u00eentre -50\u00b0C \u0219i +45\u00b0C.<\/li>\n<li><strong>Versatilitate de utilizare<\/strong>: Potrivit\u0103 pentru case private mari, birouri \u0219i obiecte comerciale cu suprafa\u021ba p\u00e2n\u0103 la 340 m\u00b2.<\/li>\n<li><strong>Func\u021bionare silen\u021bioas\u0103<\/strong>: Nivelul de zgomot mai mic de 50 dB face pompa aproape invizibil\u0103.<\/li>\n<li><strong>Versatilitate<\/strong>: Func\u021bionare simultan\u0103 \u00een diferite moduri, cu o gam\u0103 foarte lin\u0103 de ajustare a puterii.<\/li>\n<\/ul>\n<div class=\"flex max-w-full flex-col flex-grow\">\n<div class=\"min-h-8 text-message flex w-full flex-col items-end gap-2 whitespace-normal break-words [.text-message+&amp;]:mt-5\" dir=\"auto\" data-message-author-role=\"assistant\" data-message-id=\"a1c0134e-55c3-4262-8d42-4bb6422634f3\" data-message-model-slug=\"gpt-4o\">\n<div class=\"flex w-full flex-col gap-1 empty:hidden first:pt-[3px]\">\n<div class=\"markdown prose w-full break-words dark:prose-invert light\">\n<div class=\"flex max-w-full flex-col flex-grow\">\n<div class=\"min-h-8 text-message flex w-full flex-col items-end gap-2 whitespace-normal break-words [.text-message+&amp;]:mt-5\" dir=\"auto\" data-message-author-role=\"assistant\" data-message-id=\"525dea71-8c1a-4f11-a3c5-4005d98f61dc\" data-message-model-slug=\"gpt-4o\">\n<div class=\"flex w-full flex-col gap-1 empty:hidden first:pt-[3px]\">\n<div class=\"markdown prose w-full break-words dark:prose-invert light\">\n<hr \/>\n<h4><span class=\"ez-toc-section\" id=\"Caracteristici_tehnice\"><\/span><strong>Caracteristici tehnice<\/strong><span class=\"ez-toc-section-end\"><\/span><\/h4>\n<table style=\"height: 252px;width: 43.1086%\" border=\"1\">\n<thead>\n<tr style=\"height: 36px\">\n<th style=\"width: 14.1157%;height: 36px\">Pomp\u0103 de c\u0103ldur\u0103 sol-ap\u0103 DUAL 30 kW DC<\/th>\n<th style=\"width: 8.2676%;height: 36px\"><strong>Tehnologie inverter<\/strong><\/th>\n<\/tr>\n<\/thead>\n<tbody>\n<tr style=\"height: 36px\">\n<td style=\"width: 14.1157%;height: 36px\">Putere<\/td>\n<td style=\"width: 8.2676%;height: 36px;text-align: center\"><strong>3,2 p\u00e2n\u0103 la 31,6<\/strong> <strong>kW<\/strong><\/td>\n<\/tr>\n<tr style=\"height: 36px\">\n<td style=\"width: 14.1157%;height: 36px\">Coeficient COP<\/td>\n<td style=\"width: 8.2676%;height: 36px;text-align: center\">P\u00e2n\u0103 la 4.65<\/td>\n<\/tr>\n<tr style=\"height: 36px\">\n<td style=\"width: 14.1157%;height: 36px\">Suprafa\u021ba de \u00eenc\u0103lzit<\/td>\n<td style=\"width: 8.2676%;height: 36px;text-align: center\">160 p\u00e2n\u0103 la 400 m\u00b2<\/td>\n<\/tr>\n<tr style=\"height: 36px\">\n<td style=\"width: 14.1157%;height: 36px\">Agent frigorific<\/td>\n<td style=\"width: 8.2676%;height: 36px;text-align: center\">R290 \/ R1234ze<\/td>\n<\/tr>\n<tr style=\"height: 36px\">\n<td style=\"width: 14.1157%;height: 36px\">Interval de temperatur\u0103<\/td>\n<td style=\"width: 8.2676%;height: 36px;text-align: center\">De la -50\u00b0C p\u00e2n\u0103 la +45\u00b0C<\/td>\n<\/tr>\n<tr style=\"height: 36px\">\n<td style=\"width: 14.1157%;height: 36px\">Nivel de zgomot<\/td>\n<td style=\"width: 8.2676%;height: 36px;text-align: center\">&lt;50 dB<\/td>\n<\/tr>\n<\/tbody>\n<\/table>\n<hr \/>\n<h4><span class=\"ez-toc-section\" id=\"De_ce_sa_alegeti_pompa_Groud-voda_DUAL_DC_30_kW\"><\/span><strong>De ce s\u0103 alege\u021bi pompa <a href=\"http:\/\/altalheat.com\/product-category\/teplovye-nasosy\/dual-grunt-voda\/\" target=\"_blank\" rel=\"noopener\">Groud-voda<\/a> DUAL DC 30 kW?<\/strong><span class=\"ez-toc-section-end\"><\/span><\/h4>\n<ul>\n<li><strong><a href=\"https:\/\/www.irena.org\/\" target=\"_blank\" rel=\"noopener\">Eficien\u021b\u0103 energetic\u0103<\/a><\/strong>: Utilizarea resurselor regenerabile reduce semnificativ costurile.<\/li>\n<li><strong>Versatilitate:<\/strong> Potrivit\u0103 pentru case private mari, birouri \u0219i obiecte comerciale cu suprafa\u021ba p\u00e2n\u0103 la 340 m\u00b2.<\/li>\n<li><strong>Ecologic\u0103:<\/strong> Impact minim asupra mediului.<\/li>\n<li><strong>Durabilitate<\/strong>: Pompa de c\u0103ldur\u0103 geotermal\u0103 cu doi compresoare are cea mai mare fiabilitate.<\/li>\n<\/ul>\n<hr \/>\n<h4><span class=\"ez-toc-section\" id=\"Contactati-ne_pentru_consultanta\"><\/span><strong>Contacta\u021bi-ne pentru consultan\u021b\u0103!<\/strong><span class=\"ez-toc-section-end\"><\/span><\/h4>\n<p>Investi\u021bi \u00eentr-o solu\u021bie inovatoare pentru casa sau afacerea dvs. <strong>Pomp\u0103 de c\u0103ldur\u0103 sol-ap\u0103 DUAL 30 kW DC<\/strong>\u00a0 (<a href=\"https:\/\/ro.wikipedia.org\/wiki\/Pomp%C4%83_de_c%C4%83ldur%C4%83_geotermal%C4%83\" target=\"_blank\" rel=\"noopener\">Pompa de c\u0103ldur\u0103 geotermal\u0103<\/a>) reprezint\u0103 eficien\u021b\u0103 energetic\u0103, confort \u0219i fiabilitate.<\/div>\n<\/div>\n<\/div>\n<\/div>\n<div class=\"mb-2 flex gap-3 empty:hidden -ml-2\">\n<div class=\"items-center justify-start rounded-xl p-1 flex\">\n<div class=\"flex items-center\">\n<div class=\"flex items-center pb-0\">\u00a0<\/div>\n<\/div>\n<\/div>\n<\/div>\n<\/div>\n<\/div>\n<\/div>\n<\/div>\n<hr \/>\n<h3><span class=\"ez-toc-section\" id=\"Cum_se_comanda\"><\/span><strong>Cum se comand\u0103?<\/strong><span class=\"ez-toc-section-end\"><\/span><\/h3>\n<p>\ud83d\udcde Contacta\u021bi-ne pentru consultan\u021b\u0103 \u0219i pentru a alege modelul potrivit! V\u0103 vom ajuta s\u0103 investi\u021bi \u00eentr-o solu\u021bie ecologic\u0103 \u0219i eficient\u0103 energetic pentru casa sau afacerea dvs.<\/p>\n<hr \/>\n<p>\u00a0<\/p>\n","protected":false},"excerpt":{"rendered":"<h2><span style=\"color: #993366;\">\u041c\u043e\u0434\u0435\u043b\u044c GWHP30DUAL-DC<\/span><\/h2>\n<ul>\n<li>\u0422\u0435\u043f\u043b\u043e\u0432\u0430\u044f \u043c\u043e\u0449\u043d\u043e\u0441\u0442\u044c: <strong>30 \u043a\u0412\u0442<\/strong><strong>.<\/strong><\/li>\n<li>\u041a\u043e\u043c\u043f\u0440\u0435\u0441\u0441\u043e\u0440 \u0438\u043d\u0432\u0435\u0440\u0442\u043e\u0440\u043d\u043e\u0433\u043e \u0442\u0438\u043f\u0430 \u043f\u043e\u0441\u0442\u043e\u044f\u043d\u043d\u043e\u0433\u043e \u0442\u043e\u043a\u0430: \u0434\u0432\u0430 \u043c\u043e\u0434\u0443\u043b\u044f.<\/li>\n<li>\u0425\u043b\u0430\u0434\u0430\u0433\u0435\u043d\u0442 R1234ze. R407 \u0438\u043b\u0438 R290 \u0441 \u043d\u0443\u043b\u0435\u0432\u044b\u043c \u0432\u044b\u0431\u0440\u043e\u0441\u043e\u043c \u0443\u0433\u043b\u0435\u0440\u043e\u0434\u0430.<\/li>\n<li>\u0422\u0435\u043c\u043f\u0435\u0440\u0430\u0442\u0443\u0440\u0430 \u043d\u0430\u0433\u0440\u0435\u0432\u0430 \u0434\u043e +75\u2103 \u0438\u043b\u0438 +85\u2103<\/li>\n<li>\u0414\u0438\u0430\u043f\u0430\u0437\u043e\u043d \u0442\u0435\u043c\u043f\u0435\u0440\u0430\u0442\u0443\u0440 \u043e\u043a\u0440\u0443\u0436\u0430\u044e\u0449\u0435\u0439 \u0441\u0440\u0435\u0434\u044b \u043e\u0442 -50\u2103 \u0434\u043e 43\u2103.<\/li>\n<li>\u041e\u0442\u043e\u043f\u043b\u0435\u043d\u0438\u0435, \u043e\u0445\u043b\u0430\u0436\u0434\u0435\u043d\u0438\u0435 \u0438 \u0433\u043e\u0440\u044f\u0447\u0430\u044f \u0432\u043e\u0434\u0430 \u043a\u0440\u0443\u0433\u043b\u044b\u0439 \u0433\u043e\u0434.<\/li>\n<li>\u0423\u0440\u043e\u0432\u0435\u043d\u044c \u044d\u043d\u0435\u0440\u0433\u043e\u044d\u0444\u0444\u0435\u043a\u0442\u0438\u0432\u043d\u043e\u0441\u0442\u0438 A+++, COP 4,65.<\/li>\n<li>\u041d\u0430\u0437\u043d\u0430\u0447\u0435\u043d\u0438\u0435: \u043e\u0442\u043e\u043f\u043b\u0435\u043d\u0438\u0435, \u043e\u0445\u043b\u0430\u0436\u0434\u0435\u043d\u0438\u0435 \u0434\u043e\u043c\u043e\u0432 \u043e\u0442 <strong>\u041e\u0442 160 \u0434\u043e 400 \u043c\u00b2.<\/strong><\/li>\n<\/ul>\n<h4><span style=\"color: #ff0000;\"><strong>\u0421\u0434\u0435\u043b\u0430\u043d\u043e \u0432 \u041c\u043e\u043b\u0434\u043e\u0432\u0435<\/strong><\/span><\/h4>","protected":false},"featured_media":2055,"comment_status":"open","ping_status":"closed","template":"","meta":{"_acf_changed":false,"_kad_post_transparent":"default","_kad_post_title":"","_kad_post_layout":"default","_kad_post_sidebar_id":"","_kad_post_content_style":"default","_kad_post_vertical_padding":"default","_kad_post_feature":"","_kad_post_feature_position":"","_kad_post_header":false,"_kad_post_footer":false},"product_brand":[198],"product_cat":[183,239],"product_tag":[200,247,203,246,229,190,460],"class_list":{"0":"post-5077","1":"product","2":"type-product","3":"status-publish","4":"has-post-thumbnail","6":"product_brand-altal","7":"product_cat-catalog","8":"product_cat-sol-apa-dual-dc","9":"product_tag-30-kw","10":"product_tag-400-m2","11":"product_tag-dc","12":"product_tag-dual","13":"product_tag-geotermala","14":"product_tag-pompa-de-caldura","15":"product_tag-sol-apa","16":"product_shipping_class-greutate-mare","17":"pa_compresor-dc-invertor","18":"pa_putere-termica-kw-30-kw","19":"pa_suprafata-de-incalzire--500","20":"pa_temperatura-apei--60c","21":"pa_temperatura-apei--75c","22":"pa_temperatura-apei--85c","23":"pa_tip-pompa-de-caldura-sol-apa","25":"first","26":"instock","27":"featured","28":"taxable","29":"shipping-taxable","30":"purchasable","31":"product-type-simple","32":"entry","33":"content-bg","34":"loop-entry"},"acf":[],"_links":{"self":[{"href":"https:\/\/altal.ro\/ru\/wp-json\/wp\/v2\/product\/5077","targetHints":{"allow":["GET"]}}],"collection":[{"href":"https:\/\/altal.ro\/ru\/wp-json\/wp\/v2\/product"}],"about":[{"href":"https:\/\/altal.ro\/ru\/wp-json\/wp\/v2\/types\/product"}],"replies":[{"embeddable":true,"href":"https:\/\/altal.ro\/ru\/wp-json\/wp\/v2\/comments?post=5077"}],"version-history":[{"count":6,"href":"https:\/\/altal.ro\/ru\/wp-json\/wp\/v2\/product\/5077\/revisions"}],"predecessor-version":[{"id":7597,"href":"https:\/\/altal.ro\/ru\/wp-json\/wp\/v2\/product\/5077\/revisions\/7597"}],"wp:featuredmedia":[{"embeddable":true,"href":"https:\/\/altal.ro\/ru\/wp-json\/wp\/v2\/media\/2055"}],"wp:attachment":[{"href":"https:\/\/altal.ro\/ru\/wp-json\/wp\/v2\/media?parent=5077"}],"wp:term":[{"taxonomy":"product_brand","embeddable":true,"href":"https:\/\/altal.ro\/ru\/wp-json\/wp\/v2\/product_brand?post=5077"},{"taxonomy":"product_cat","embeddable":true,"href":"https:\/\/altal.ro\/ru\/wp-json\/wp\/v2\/product_cat?post=5077"},{"taxonomy":"product_tag","embeddable":true,"href":"https:\/\/altal.ro\/ru\/wp-json\/wp\/v2\/product_tag?post=5077"}],"curies":[{"name":"wp","href":"https:\/\/api.w.org\/{rel}","templated":true}]}}