{"id":4773,"date":"2025-06-23T10:51:22","date_gmt":"2025-06-23T07:51:22","guid":{"rendered":"https:\/\/altal.ro\/?post_type=product&#038;p=4773"},"modified":"2025-07-23T01:53:06","modified_gmt":"2025-07-22T22:53:06","slug":"grunt-voda-gwhp12","status":"publish","type":"product","link":"https:\/\/altal.ro\/ru\/grunt-voda-gwhp12\/","title":{"rendered":"\u0422\u0435\u043f\u043b\u043e\u0432\u043e\u0439 \u043d\u0430\u0441\u043e\u0441 \u0433\u0440\u0443\u043d\u0442-\u0432\u043e\u0434\u0430 12 \u043a\u0412\u0442 GWHP12"},"content":{"rendered":"<div id=\"ez-toc-container\" class=\"ez-toc-v2_0_82_2 counter-hierarchy ez-toc-counter ez-toc-grey ez-toc-container-direction\">\n<div class=\"ez-toc-title-container\">\n<p class=\"ez-toc-title\" style=\"cursor:inherit\">Cuprins<\/p>\n<span class=\"ez-toc-title-toggle\"><a href=\"#\" class=\"ez-toc-pull-right ez-toc-btn ez-toc-btn-xs ez-toc-btn-default ez-toc-toggle\" aria-label=\"Toggle Table of Content\"><span class=\"ez-toc-js-icon-con\"><span class=\"\"><span class=\"eztoc-hide\" style=\"display:none;\">Toggle<\/span><span class=\"ez-toc-icon-toggle-span\"><svg style=\"fill: #999;color:#999\" xmlns=\"http:\/\/www.w3.org\/2000\/svg\" class=\"list-377408\" width=\"20px\" height=\"20px\" viewBox=\"0 0 24 24\" fill=\"none\"><path d=\"M6 6H4v2h2V6zm14 0H8v2h12V6zM4 11h2v2H4v-2zm16 0H8v2h12v-2zM4 16h2v2H4v-2zm16 0H8v2h12v-2z\" fill=\"currentColor\"><\/path><\/svg><svg style=\"fill: #999;color:#999\" class=\"arrow-unsorted-368013\" xmlns=\"http:\/\/www.w3.org\/2000\/svg\" width=\"10px\" height=\"10px\" viewBox=\"0 0 24 24\" version=\"1.2\" baseProfile=\"tiny\"><path d=\"M18.2 9.3l-6.2-6.3-6.2 6.3c-.2.2-.3.4-.3.7s.1.5.3.7c.2.2.4.3.7.3h11c.3 0 .5-.1.7-.3.2-.2.3-.5.3-.7s-.1-.5-.3-.7zM5.8 14.7l6.2 6.3 6.2-6.3c.2-.2.3-.5.3-.7s-.1-.5-.3-.7c-.2-.2-.4-.3-.7-.3h-11c-.3 0-.5.1-.7.3-.2.2-.3.5-.3.7s.1.5.3.7z\"\/><\/svg><\/span><\/span><\/span><\/a><\/span><\/div>\n<nav><ul class='ez-toc-list ez-toc-list-level-1 ' ><li class='ez-toc-page-1 ez-toc-heading-level-2'><a class=\"ez-toc-link ez-toc-heading-1\" href=\"https:\/\/altal.ro\/ru\/grunt-voda-gwhp12\/#Pompa_de_caldura_sol-apa_12_kW_GWHP12\">Pomp\u0103 de c\u0103ldur\u0103 sol-ap\u0103 12 kW GWHP12<\/a><ul class='ez-toc-list-level-5' ><li class='ez-toc-heading-level-5'><ul class='ez-toc-list-level-5' ><li class='ez-toc-heading-level-5'><ul class='ez-toc-list-level-5' ><li class='ez-toc-heading-level-5'><a class=\"ez-toc-link ez-toc-heading-2\" href=\"https:\/\/altal.ro\/ru\/grunt-voda-gwhp12\/#%E2%80%94_solutie_fiabila_pentru_casa_si_birou\">\u2014 solu\u021bie fiabil\u0103 pentru cas\u0103 \u0219i birou<\/a><\/li><\/ul><\/li><li class='ez-toc-page-1 ez-toc-heading-level-4'><a class=\"ez-toc-link ez-toc-heading-3\" href=\"https:\/\/altal.ro\/ru\/grunt-voda-gwhp12\/#Eficienta_energetica_si_ecologica\">Eficien\u021b\u0103 energetic\u0103 \u0219i ecologic\u0103<\/a><\/li><li class='ez-toc-page-1 ez-toc-heading-level-4'><a class=\"ez-toc-link ez-toc-heading-4\" href=\"https:\/\/altal.ro\/ru\/grunt-voda-gwhp12\/#Principalele_avantaje\">Principalele avantaje<\/a><\/li><li class='ez-toc-page-1 ez-toc-heading-level-4'><a class=\"ez-toc-link ez-toc-heading-5\" href=\"https:\/\/altal.ro\/ru\/grunt-voda-gwhp12\/#Optiuni_de_carcasa\">Op\u021biuni de carcas\u0103<\/a><\/li><li class='ez-toc-page-1 ez-toc-heading-level-4'><a class=\"ez-toc-link ez-toc-heading-6\" href=\"https:\/\/altal.ro\/ru\/grunt-voda-gwhp12\/#Caracteristici_tehnice\">Caracteristici tehnice<\/a><\/li><li class='ez-toc-page-1 ez-toc-heading-level-4'><a class=\"ez-toc-link ez-toc-heading-7\" href=\"https:\/\/altal.ro\/ru\/grunt-voda-gwhp12\/#De_ce_aleg_oamenii_0ompa_de_caldura_sol-apa_12_kW_GWHP12\">De ce aleg oamenii 0omp\u0103 de c\u0103ldur\u0103 sol-ap\u0103 12 kW GWHP12?<\/a><\/li><li class='ez-toc-page-1 ez-toc-heading-level-4'><a class=\"ez-toc-link ez-toc-heading-8\" href=\"https:\/\/altal.ro\/ru\/grunt-voda-gwhp12\/#Contactati-ne_pentru_consultanta\">Contacta\u021bi-ne pentru consultan\u021b\u0103!<\/a><\/li><\/ul><\/li><li class='ez-toc-page-1 ez-toc-heading-level-3'><a class=\"ez-toc-link ez-toc-heading-9\" href=\"https:\/\/altal.ro\/ru\/grunt-voda-gwhp12\/#Cum_se_comanda\">Cum se comand\u0103?<\/a><ul class='ez-toc-list-level-4' ><li class='ez-toc-heading-level-4'><a class=\"ez-toc-link ez-toc-heading-10\" href=\"https:\/\/altal.ro\/ru\/grunt-voda-gwhp12\/#Produs_in_Moldova\">Produs \u00een Moldova<\/a><\/li><\/ul><\/li><\/ul><\/li><\/ul><\/nav><\/div>\n\n<h2><span class=\"ez-toc-section\" id=\"Pompa_de_caldura_sol-apa_12_kW_GWHP12\"><\/span>Pomp\u0103 de c\u0103ldur\u0103 sol-ap\u0103 12 kW GWHP12<span class=\"ez-toc-section-end\"><\/span><\/h2>\n<h5><span class=\"ez-toc-section\" id=\"%E2%80%94_solutie_fiabila_pentru_casa_si_birou\"><\/span><span style=\"font-family: Oswald, var(--global-fallback-font)\">\u2014 solu\u021bie fiabil\u0103 pentru cas\u0103 \u0219i birou<\/span><span class=\"ez-toc-section-end\"><\/span><\/h5>\n<div class=\"flex max-w-full flex-col flex-grow\">\n<div class=\"min-h-8 text-message flex w-full flex-col items-end gap-2 whitespace-normal break-words [.text-message+&amp;]:mt-5\" dir=\"auto\" data-message-author-role=\"assistant\" data-message-id=\"a1c0134e-55c3-4262-8d42-4bb6422634f3\" data-message-model-slug=\"gpt-4o\">\n<div class=\"flex w-full flex-col gap-1 empty:hidden first:pt-[3px]\">\n<div class=\"markdown prose w-full break-words dark:prose-invert light\">\n<div class=\"flex max-w-full flex-col flex-grow\">\n<div class=\"min-h-8 text-message flex w-full flex-col items-end gap-2 whitespace-normal break-words [.text-message+&amp;]:mt-5\" dir=\"auto\" data-message-author-role=\"assistant\" data-message-id=\"525dea71-8c1a-4f11-a3c5-4005d98f61dc\" data-message-model-slug=\"gpt-4o\">\n<div class=\"flex w-full flex-col gap-1 empty:hidden first:pt-[3px]\">\n<div class=\"markdown prose w-full break-words dark:prose-invert light\">\n<div class=\"flex max-w-full flex-col flex-grow\">\n<div class=\"min-h-8 text-message flex w-full flex-col items-end gap-2 whitespace-normal break-words [.text-message+&amp;]:mt-5\" dir=\"auto\" data-message-author-role=\"assistant\" data-message-id=\"525dea71-8c1a-4f11-a3c5-4005d98f61dc\" data-message-model-slug=\"gpt-4o\">\n<div class=\"flex w-full flex-col gap-1 empty:hidden first:pt-[3px]\">\n<div class=\"markdown prose w-full break-words dark:prose-invert light\">\n<h4><span class=\"ez-toc-section\" id=\"Eficienta_energetica_si_ecologica\"><\/span><strong>Eficien\u021b\u0103 energetic\u0103 \u0219i ecologic\u0103<\/strong><span class=\"ez-toc-section-end\"><\/span><\/h4>\n<p><a href=\"https:\/\/altal.ro\/ro\/sol-apa-altal\/\" target=\"_blank\" rel=\"noopener\">Pomp\u0103 de c\u0103ldur\u0103 sol-ap\u0103 12 kW GWHP12<\/a>\u00a0este una dintre cele mai eficiente pentru \u00eenc\u0103lzire, r\u0103cire \u0219i ap\u0103 cald\u0103 menajer\u0103. Pomp\u0103 de c\u0103ldur\u0103 sol-ap\u0103 12 kW GWHP12 utiliz\u00e2nd <a href=\"https:\/\/www.geothermal.org\/\" target=\"_blank\" rel=\"noopener\">energia geotermal\u0103 \u2014 resurs\u0103 regenerabil\u0103<\/a>, disponibil\u0103 \u00een orice clim\u0103, aceasta permite reducerea costurilor energetice cu p\u00e2n\u0103 la 75%. Datorit\u0103 func\u021bion\u0103rii stabile, indiferent de temperatura mediului exterior, pompa de c\u0103ldur\u0103 sol-ap\u0103 12 kW GWHP12 este ideal\u0103 pentru case \u0219i obiecte comerciale de p\u00e2n\u0103 la 180 m\u00b2.<\/p>\n<hr \/>\n<h4><span class=\"ez-toc-section\" id=\"Principalele_avantaje\"><\/span><strong>Principalele avantaje<\/strong><span class=\"ez-toc-section-end\"><\/span><\/h4>\n<ol>\n<li><strong>Eficien\u021b\u0103 maxim\u0103:<\/strong>\n<ul>\n<li>Coeficientul de performan\u021b\u0103 (COP) p\u00e2n\u0103 la <strong>4.9<\/strong>, asigur\u00e2nd recuperare rapid\u0103 a investi\u021biei.<\/li>\n<li>Rezisten\u021b\u0103 la temperaturi de la <strong>-50\u00b0C<\/strong><strong>\u00a0p\u00e2n\u0103 la +45\u00b0C<\/strong>, garant\u00e2nd fiabilitate \u00een orice condi\u021bii climatice.<\/li>\n<\/ul>\n<\/li>\n<li><strong>Flexibilitate \u0219i adaptabilitate:<\/strong>\n<ul>\n<li><strong>Putere fix\u0103<\/strong>: func\u021bionare stabil\u0103 cu performan\u021b\u0103 de 12 kW pentru simplitate \u0219i fiabilitate.<\/li>\n<\/ul>\n<\/li>\n<li><strong>Siguran\u021b\u0103 ecologic\u0103:<\/strong>\n<ul>\n<li>Agent frigorific <strong>R290<\/strong>, cu impact redus asupra mediului.<\/li>\n<li>Energia geotermal\u0103 minimizeaz\u0103 amprenta de carbon, contribuind la un viitor sustenabil.<\/li>\n<\/ul>\n<\/li>\n<\/ol>\n<hr \/>\n<h4><span class=\"ez-toc-section\" id=\"Optiuni_de_carcasa\"><\/span><strong>Op\u021biuni de carcas\u0103<\/strong><span class=\"ez-toc-section-end\"><\/span><\/h4>\n<ul>\n<li><strong>Versiune compact\u0103<\/strong>: destinat\u0103 pentru spa\u021bii limitate.<\/li>\n<li><strong>Carcas\u0103 standard<\/strong>: faciliteaz\u0103 montajul \u0219i \u00eentre\u021binerea, men\u021bin\u00e2nd performan\u021ba ridicat\u0103.<\/li>\n<\/ul>\n<hr \/>\n<h4><span class=\"ez-toc-section\" id=\"Caracteristici_tehnice\"><\/span><strong>Caracteristici tehnice<\/strong><span class=\"ez-toc-section-end\"><\/span><\/h4>\n<table style=\"width: 46.34%\" border=\"1\">\n<thead>\n<tr>\n<th style=\"width: 3.41578%\"><strong>Parametru<\/strong><\/th>\n<th style=\"width: 6.25465%\"><strong>Putere fix\u0103<\/strong><\/th>\n<\/tr>\n<\/thead>\n<tbody>\n<tr>\n<td style=\"width: 3.41578%\">Putere<\/td>\n<td style=\"width: 6.25465%;text-align: center\">12 kW<\/td>\n<\/tr>\n<tr>\n<td style=\"width: 3.41578%\">Coeficient COP<\/td>\n<td style=\"width: 6.25465%;text-align: center\">P\u00e2n\u0103 la 4.8<\/td>\n<\/tr>\n<tr>\n<td style=\"width: 3.41578%\">Suprafa\u021ba de \u00eenc\u0103lzit<\/td>\n<td style=\"width: 6.25465%;text-align: center\">P\u00e2n\u0103 la 180 m\u00b2<\/td>\n<\/tr>\n<tr>\n<td style=\"width: 3.41578%\">Agent frigorific<\/td>\n<td style=\"width: 6.25465%;text-align: center\">R290 \/ R1234yf<\/td>\n<\/tr>\n<tr>\n<td style=\"width: 3.41578%\">Interval de temperatur\u0103<\/td>\n<td style=\"width: 6.25465%;text-align: center\">De la <strong>-50\u00b0C<\/strong> p\u00e2n\u0103 la +45\u00b0C<\/td>\n<\/tr>\n<tr>\n<td style=\"width: 3.41578%\">Nivel de zgomot<\/td>\n<td style=\"width: 6.25465%;text-align: center\">P\u00e2n\u0103 la 50 dB<\/td>\n<\/tr>\n<\/tbody>\n<\/table>\n<hr \/>\n<h4><span class=\"ez-toc-section\" id=\"De_ce_aleg_oamenii_0ompa_de_caldura_sol-apa_12_kW_GWHP12\"><\/span><strong>De ce aleg oamenii 0omp\u0103 de c\u0103ldur\u0103 sol-ap\u0103 12 kW GWHP12?<\/strong><span class=\"ez-toc-section-end\"><\/span><\/h4>\n<ul>\n<li><strong><a href=\"https:\/\/www.irena.org\/\" target=\"_blank\" rel=\"noopener\">Eficien\u021b\u0103 energetic\u0103<\/a>:<\/strong> Utilizarea resurselor regenerabile reduce considerabil costurile.<\/li>\n<li><strong>Versatilitate:<\/strong> Potrivit\u0103 pentru case private \u0219i cl\u0103diri comerciale, asigur\u00e2nd confort pe tot parcursul anului.<\/li>\n<li><strong>Ecologic\u0103:<\/strong> Impact redus asupra mediului.<\/li>\n<li><strong>Durabilitate<\/strong>: Pompa de c\u0103ldur\u0103 cu doi compresori are fiabilitate ridicat\u0103 \u0219i durat\u0103 de via\u021b\u0103 de peste 20 de ani.<\/li>\n<\/ul>\n<hr \/>\n<h4><span class=\"ez-toc-section\" id=\"Contactati-ne_pentru_consultanta\"><\/span><strong>Contacta\u021bi-ne pentru consultan\u021b\u0103!<\/strong><span class=\"ez-toc-section-end\"><\/span><\/h4>\n<p>Investi\u021bi \u00een solu\u021bii inovatoare pentru casa sau afacerea dvs. Pomp\u0103 de c\u0103ldur\u0103 sol-ap\u0103 12 kW GWHP12\u00a0reprezint\u0103 eficien\u021b\u0103 energetic\u0103, confort \u0219i fiabilitate.<\/p><\/div>\n<\/div>\n<\/div>\n<\/div>\n<\/div>\n<\/div>\n<\/div>\n<\/div>\n<hr \/>\n<h3><span class=\"ez-toc-section\" id=\"Cum_se_comanda\"><\/span><strong>Cum se comand\u0103?<\/strong><span class=\"ez-toc-section-end\"><\/span><\/h3>\n<p>\ud83d\udcde Contacta\u021bi-ne pentru consultan\u021b\u0103 \u0219i pentru a alege modelul potrivit! V\u0103 vom ajuta s\u0103 investi\u021bi \u00eentr-o solu\u021bie ecologic\u0103 \u0219i eficient\u0103 energetic pentru casa sau afacerea dvs.<\/p>\n<h4><span class=\"ez-toc-section\" id=\"Produs_in_Moldova\"><\/span><span style=\"color: #ff0000\"><strong>Produs \u00een Moldova<\/strong><\/span><span class=\"ez-toc-section-end\"><\/span><\/h4>\n<hr \/>\n<p>\u00a0<\/p><\/div>\n<\/div>\n<\/div>\n<\/div>\n","protected":false},"excerpt":{"rendered":"<ul>\n<li>\u0422\u0435\u043f\u043b\u043e\u0432\u0430\u044f \u043c\u043e\u0449\u043d\u043e\u0441\u0442\u044c: <strong>12 \u043a\u0412\u0442<\/strong><\/li>\n<li>\u041a\u043e\u043c\u043f\u0440\u0435\u0441\u0441\u043e\u0440 \u0441 \u0444\u0438\u043a\u0441\u0438\u0440\u043e\u0432\u0430\u043d\u043d\u043e\u0439 \u0441\u043a\u043e\u0440\u043e\u0441\u0442\u044c\u044e.<\/li>\n<li>\u0420\u0435\u043a\u043e\u043c\u0435\u043d\u0434\u0443\u0435\u043c\u0430\u044f \u0442\u0435\u043c\u043f\u0435\u0440\u0430\u0442\u0443\u0440\u0430 \u0438\u0441\u0442\u043e\u0447\u043d\u0438\u043a\u0430: <strong>+6<sup>\u043e<\/sup>\u0421\u2026 +30<sup>\u043e<\/sup>\u0421<\/strong>.<\/li>\n<li>\u0414\u0438\u0430\u043f\u0430\u0437\u043e\u043d \u0442\u0435\u043c\u043f\u0435\u0440\u0430\u0442\u0443\u0440 \u043e\u043a\u0440\u0443\u0436\u0430\u044e\u0449\u0435\u0439 \u0441\u0440\u0435\u0434\u044b \u043e\u0442 <strong>-50\u00b0\u0421<\/strong> \u043d\u0430 <strong>+43 \u2103<\/strong>.<\/li>\n<li>\u041e\u0442\u043e\u043f\u043b\u0435\u043d\u0438\u0435, \u043e\u0445\u043b\u0430\u0436\u0434\u0435\u043d\u0438\u0435 \u0438 \u0433\u043e\u0440\u044f\u0447\u0430\u044f \u0432\u043e\u0434\u0430 \u043a\u0440\u0443\u0433\u043b\u044b\u0439 \u0433\u043e\u0434.<\/li>\n<li>\u0423\u0440\u043e\u0432\u0435\u043d\u044c \u044d\u043d\u0435\u0440\u0433\u043e\u044d\u0444\u0444\u0435\u043a\u0442\u0438\u0432\u043d\u043e\u0441\u0442\u0438 A+++, COP 4,80.<\/li>\n<li>\u041d\u0430\u0437\u043d\u0430\u0447\u0435\u043d\u0438\u0435: \u043e\u0442\u043e\u043f\u043b\u0435\u043d\u0438\u0435, \u043e\u0445\u043b\u0430\u0436\u0434\u0435\u043d\u0438\u0435 \u0434\u043e\u043c\u043e\u0432 <strong>\u043e\u0442 70 \u0434\u043e 180 \u043c\u00b2<\/strong><\/li>\n<\/ul>\n<p><strong>\u0422\u0435\u043f\u043b\u043e\u0432\u043e\u0439 \u043d\u0430\u0441\u043e\u0441 \u043c\u043e\u0436\u0435\u0442 \u0431\u044b\u0442\u044c \u0438\u0437\u0433\u043e\u0442\u043e\u0432\u043b\u0435\u043d \u043f\u043e \u0438\u043d\u0434\u0438\u0432\u0438\u0434\u0443\u0430\u043b\u044c\u043d\u043e\u043c\u0443 \u0437\u0430\u043a\u0430\u0437\u0443 \u0432 \u0441\u043b\u0435\u0434\u0443\u044e\u0449\u0438\u0445 \u043a\u043e\u043d\u0444\u0438\u0433\u0443\u0440\u0430\u0446\u0438\u044f\u0445:<\/strong><\/p>\n<ol>\n<li>\u0425\u043b\u0430\u0434\u0430\u0433\u0435\u043d\u0442 R1234yf, \u0442\u0435\u043c\u043f\u0435\u0440\u0430\u0442\u0443\u0440\u0430 \u0432\u043e\u0434\u044b \u0434\u043e <strong><span style=\"color: #ff0000;\">+75 \u2103.<\/span><\/strong><\/li>\n<li>\u0425\u043b\u0430\u0434\u0430\u0433\u0435\u043d\u0442 R1234ze, \u0442\u0435\u043c\u043f\u0435\u0440\u0430\u0442\u0443\u0440\u0430 \u0432\u043e\u0434\u044b \u0434\u043e <strong><span style=\"color: #ff0000;\">+85 \u2103<\/span><\/strong>.<\/li>\n<li>\u0425\u043b\u0430\u0434\u0430\u0433\u0435\u043d\u0442 R407,  \u0442\u0435\u043c\u043f\u0435\u0440\u0430\u0442\u0443\u0440\u0430 \u0432\u043e\u0434\u044b \u0434\u043e\u00a0<strong><span style=\"color: #ff0000;\">+60 \u2103<\/span><\/strong>.<\/li>\n<\/ol>\n<p><span style=\"color: #0000ff;\"><strong>\u0421\u0432\u044f\u0436\u0438\u0442\u0435\u0441\u044c \u0441 \u043d\u0430\u043c\u0438 \u043f\u0435\u0440\u0435\u0434 \u043f\u043e\u043a\u0443\u043f\u043a\u043e\u0439 \u0434\u043b\u044f \u0443\u0442\u043e\u0447\u043d\u0435\u043d\u0438\u044f \u0434\u0435\u0442\u0430\u043b\u0435\u0439.<\/strong><\/span><\/p>\n<h4><span style=\"color: #ff0000;\">\u0421\u0434\u0435\u043b\u0430\u043d\u043e \u0432 \u041c\u043e\u043b\u0434\u043e\u0432\u0435<\/span><\/h4>","protected":false},"featured_media":2008,"comment_status":"open","ping_status":"closed","template":"","meta":{"_acf_changed":false,"_kad_post_transparent":"default","_kad_post_title":"","_kad_post_layout":"default","_kad_post_sidebar_id":"","_kad_post_content_style":"default","_kad_post_vertical_padding":"default","_kad_post_feature":"","_kad_post_feature_position":"","_kad_post_header":false,"_kad_post_footer":false},"product_brand":[198],"product_cat":[183,227],"product_tag":[230,231,229,460],"class_list":{"0":"post-4773","1":"product","2":"type-product","3":"status-publish","4":"has-post-thumbnail","6":"product_brand-altal","7":"product_cat-catalog","8":"product_cat-sol-apa-fix","9":"product_tag-12-kw","10":"product_tag-220-m2","11":"product_tag-geotermala","12":"product_tag-sol-apa","13":"pa_compresor-viteza-fixa","14":"pa_putere-termica-kw-12-kw","15":"pa_suprafata-de-incalzire--401","16":"pa_temperatura-apei--60c","17":"pa_temperatura-apei--75c","18":"pa_temperatura-apei--85c","19":"pa_tip-pompa-de-caldura-sol-apa","21":"first","22":"instock","23":"sale","24":"featured","25":"taxable","26":"shipping-taxable","27":"purchasable","28":"product-type-simple","29":"entry","30":"content-bg","31":"loop-entry"},"acf":[],"_links":{"self":[{"href":"https:\/\/altal.ro\/ru\/wp-json\/wp\/v2\/product\/4773","targetHints":{"allow":["GET"]}}],"collection":[{"href":"https:\/\/altal.ro\/ru\/wp-json\/wp\/v2\/product"}],"about":[{"href":"https:\/\/altal.ro\/ru\/wp-json\/wp\/v2\/types\/product"}],"replies":[{"embeddable":true,"href":"https:\/\/altal.ro\/ru\/wp-json\/wp\/v2\/comments?post=4773"}],"version-history":[{"count":4,"href":"https:\/\/altal.ro\/ru\/wp-json\/wp\/v2\/product\/4773\/revisions"}],"predecessor-version":[{"id":7602,"href":"https:\/\/altal.ro\/ru\/wp-json\/wp\/v2\/product\/4773\/revisions\/7602"}],"wp:featuredmedia":[{"embeddable":true,"href":"https:\/\/altal.ro\/ru\/wp-json\/wp\/v2\/media\/2008"}],"wp:attachment":[{"href":"https:\/\/altal.ro\/ru\/wp-json\/wp\/v2\/media?parent=4773"}],"wp:term":[{"taxonomy":"product_brand","embeddable":true,"href":"https:\/\/altal.ro\/ru\/wp-json\/wp\/v2\/product_brand?post=4773"},{"taxonomy":"product_cat","embeddable":true,"href":"https:\/\/altal.ro\/ru\/wp-json\/wp\/v2\/product_cat?post=4773"},{"taxonomy":"product_tag","embeddable":true,"href":"https:\/\/altal.ro\/ru\/wp-json\/wp\/v2\/product_tag?post=4773"}],"curies":[{"name":"wp","href":"https:\/\/api.w.org\/{rel}","templated":true}]}}