{"id":4703,"date":"2025-06-22T12:38:30","date_gmt":"2025-06-22T09:38:30","guid":{"rendered":"https:\/\/altal.ro\/?post_type=product&#038;p=4703"},"modified":"2025-07-23T01:53:58","modified_gmt":"2025-07-22T22:53:58","slug":"nasos-cirkulyacionnyj-spm25-8-130a","status":"publish","type":"product","link":"https:\/\/altal.ro\/ru\/nasos-cirkulyacionnyj-spm25-8-130a\/","title":{"rendered":"\u0426\u0438\u0440\u043a\u0443\u043b\u044f\u0446\u0438\u043e\u043d\u043d\u044b\u0439 \u043d\u0430\u0441\u043e\u0441 SPM25\u20108\u2010130A"},"content":{"rendered":"<div id=\"ez-toc-container\" class=\"ez-toc-v2_0_82_2 counter-hierarchy ez-toc-counter ez-toc-grey ez-toc-container-direction\">\n<div class=\"ez-toc-title-container\">\n<p class=\"ez-toc-title\" style=\"cursor:inherit\">\u0441\u043e\u0434\u0435\u0440\u0436\u0430\u043d\u0438\u0435<\/p>\n<span class=\"ez-toc-title-toggle\"><a href=\"#\" class=\"ez-toc-pull-right ez-toc-btn ez-toc-btn-xs ez-toc-btn-default ez-toc-toggle\" aria-label=\"\u041f\u0435\u0440\u0435\u043a\u043b\u044e\u0447\u0438\u0442\u044c \u0441\u043e\u0434\u0435\u0440\u0436\u0430\u043d\u0438\u0435\"><span class=\"ez-toc-js-icon-con\"><span class=\"\"><span class=\"eztoc-hide\" style=\"display:none;\">\u041f\u0435\u0440\u0435\u043a\u043b\u044e\u0447\u0430\u0442\u044c<\/span><span class=\"ez-toc-icon-toggle-span\"><svg style=\"fill: #999;color:#999\" xmlns=\"http:\/\/www.w3.org\/2000\/svg\" class=\"list-377408\" width=\"20px\" height=\"20px\" viewbox=\"0 0 24 24\" fill=\"none\"><path d=\"M6 6H4v2h2V6zm14 0H8v2h12V6zM4 11h2v2H4v-2zm16 0H8v2h12v-2zM4 16h2v2H4v-2zm16 0H8v2h12v-2z\" fill=\"currentColor\"><\/path><\/svg><svg style=\"fill: #999;color:#999\" class=\"arrow-unsorted-368013\" xmlns=\"http:\/\/www.w3.org\/2000\/svg\" width=\"10px\" height=\"10px\" viewbox=\"0 0 24 24\" version=\"1.2\" baseprofile=\"tiny\"><path d=\"M18.2 9.3l-6.2-6.3-6.2 6.3c-.2.2-.3.4-.3.7s.1.5.3.7c.2.2.4.3.7.3h11c.3 0 .5-.1.7-.3.2-.2.3-.5.3-.7s-.1-.5-.3-.7zM5.8 14.7l6.2 6.3 6.2-6.3c.2-.2.3-.5.3-.7s-.1-.5-.3-.7c-.2-.2-.4-.3-.7-.3h-11c-.3 0-.5.1-.7.3-.2.2-.3.5-.3.7s.1.5.3.7z\"\/><\/svg><\/span><\/span><\/span><\/a><\/span><\/div>\n<nav><ul class='ez-toc-list ez-toc-list-level-1' ><li class='ez-toc-page-1 ez-toc-heading-level-2'><a class=\"ez-toc-link ez-toc-heading-1\" href=\"https:\/\/altal.ro\/ru\/nasos-cirkulyacionnyj-spm25-8-130a\/#Pompa_de_circulatie_SPM25-8-130A\">\u0426\u0438\u0440\u043a\u0443\u043b\u044f\u0446\u0438\u043e\u043d\u043d\u044b\u0439 \u043d\u0430\u0441\u043e\u0441 SPM25\u20108\u2010130A<\/a><\/li><li class='ez-toc-page-1 ez-toc-heading-level-2'><a class=\"ez-toc-link ez-toc-heading-2\" href=\"https:\/\/altal.ro\/ru\/nasos-cirkulyacionnyj-spm25-8-130a\/#Pompa_de_circulatie_SPM25-8-130A_eficienta_energetic\">Pomp\u0103 de circula\u021bie SPM25-8-130A eficient\u0103 energetic<\/a><\/li><\/ul><\/nav><\/div>\n\n<h2><span class=\"ez-toc-section\" id=\"Pompa_de_circulatie_SPM25-8-130A\"><\/span>\u0426\u0438\u0440\u043a\u0443\u043b\u044f\u0446\u0438\u043e\u043d\u043d\u044b\u0439 \u043d\u0430\u0441\u043e\u0441 SPM25\u20108\u2010130A<span class=\"ez-toc-section-end\"><\/span><\/h2>\n<p><a href=\"https:\/\/altal.ro\/wp-content\/uploads\/2025\/06\/SPM25-8.webp\"><img loading=\"lazy\" decoding=\"async\" class=\"alignright wp-image-4725 size-full\" src=\"https:\/\/altal.ro\/wp-content\/uploads\/2025\/06\/SPM25-8.webp\" alt=\"\u0418\u0437\u043e\u0431\u0440\u0430\u0436\u0435\u043d\u0438\u0435 SPM-8 \u043e\u0441\u043e\u0431\u0435\u043d\u043d\u043e\u0441\u0442\u0438\" width=\"543\" height=\"431\" title=\"\" srcset=\"https:\/\/altal.ro\/wp-content\/uploads\/2025\/06\/SPM25-8.webp 543w, https:\/\/altal.ro\/wp-content\/uploads\/2025\/06\/SPM25-8-300x238.webp 300w, https:\/\/altal.ro\/wp-content\/uploads\/2025\/06\/SPM25-8-15x12.webp 15w\" sizes=\"auto, (max-width: 543px) 100vw, 543px\" \/><\/a>\u044d\u043d\u0435\u0440\u0433\u043e\u044d\u0444\u0444\u0435\u043a\u0442\u0438\u0432\u0435\u043d \u0438 \u043e\u0441\u043d\u0430\u0449\u0435\u043d \u0441\u0438\u043d\u0445\u0440\u043e\u043d\u043d\u044b\u043c \u0434\u0432\u0438\u0433\u0430\u0442\u0435\u043b\u0435\u043c \u0441 \u0440\u043e\u0442\u043e\u0440\u043e\u043c \u043d\u0430 \u043f\u043e\u0441\u0442\u043e\u044f\u043d\u043d\u044b\u0445 \u043c\u0430\u0433\u043d\u0438\u0442\u0430\u0445. \u041f\u0440\u0435\u0434\u043d\u0430\u0437\u043d\u0430\u0447\u0435\u043d \u0434\u043b\u044f \u0446\u0438\u0440\u043a\u0443\u043b\u044f\u0446\u0438\u0438 \u0432\u043e\u0434\u044b \u0438\u043b\u0438 \u0433\u043b\u0438\u043a\u043e\u043b\u044c\u0441\u043e\u0434\u0435\u0440\u0436\u0430\u0449\u0438\u0445 \u0436\u0438\u0434\u043a\u043e\u0441\u0442\u0435\u0439 \u0432 <a href=\"https:\/\/altal.ro\/ru\/teplovye-nasosi-altal\/\" target=\"_blank\" rel=\"noopener\">\u0442\u0435\u043f\u043b\u043e\u0432\u044b\u0445 \u043d\u0430\u0441\u043e\u0441\u0430\u0445<\/a>, \u0430 \u0442\u0430\u043a\u0436\u0435 \u0432 \u0440\u0435\u0433\u0443\u043b\u0438\u0440\u0443\u0435\u043c\u044b\u0445 \u0441\u0438\u0441\u0442\u0435\u043c\u0430\u0445 \u043e\u0442\u043e\u043f\u043b\u0435\u043d\u0438\u044f, \u0432 \u0442\u043e\u043c \u0447\u0438\u0441\u043b\u0435 \u0441 \u043f\u0435\u0440\u0435\u043c\u0435\u043d\u043d\u044b\u043c \u0440\u0430\u0441\u0445\u043e\u0434\u043e\u043c. <strong>Pomp\u0103 de circula\u021bie SPM25-8-130A. Avantaje \u0219i caracteristici :<\/strong><\/p>\n<ul>\n<li><strong>\u0420\u0435\u0436\u0438\u043c\u044b \u0440\u0430\u0431\u043e\u0442\u044b:<\/strong>\n<ul>\n<li>\u0424\u0438\u043a\u0441\u0438\u0440\u043e\u0432\u0430\u043d\u043d\u0430\u044f \u0441\u043a\u043e\u0440\u043e\u0441\u0442\u044c (<em>n-\u043a\u043e\u043d\u0441\u0442<\/em>).<\/li>\n<li>\u0410\u0432\u0442\u043e\u043c\u0430\u0442\u0438\u0447\u0435\u0441\u043a\u0438\u0435 \u0440\u0435\u0436\u0438\u043c\u044b:\n<ul>\n<li><strong>\u0394p-v<\/strong> (\u043f\u0440\u043e\u043f\u043e\u0440\u0446\u0438\u043e\u043d\u0430\u043b\u044c\u043d\u043e\u0435 \u0434\u0430\u0432\u043b\u0435\u043d\u0438\u0435).<\/li>\n<li><strong>\u0394p-c<\/strong> (\u043f\u043e\u0441\u0442\u043e\u044f\u043d\u043d\u043e\u0435 \u0434\u0430\u0432\u043b\u0435\u043d\u0438\u0435).<\/li>\n<li>\u0423\u043f\u0440\u0430\u0432\u043b\u0435\u043d\u0438\u0435 \u0441\u0438\u0433\u043d\u0430\u043b\u043e\u043c <a href=\"https:\/\/ru.wikipedia.org\/wiki\/%D0%A8%D0%B8%D1%80%D0%BE%D1%82%D0%BD%D0%BE-%D0%B8%D0%BC%D0%BF%D1%83%D0%BB%D1%8C%D1%81%D0%BD%D0%B0%D1%8F_%D0%BC%D0%BE%D0%B4%D1%83%D0%BB%D1%8F%D1%86%D0%B8%D1%8F\" target=\"_blank\" rel=\"noopener\"><strong>\u0428\u0418\u041c<\/strong><\/a> \u043e\u0442 \u043a\u043e\u043d\u0442\u0440\u043e\u043b\u043b\u0435\u0440\u0430 \u0442\u0435\u043f\u043b\u043e\u0432\u043e\u0433\u043e \u043d\u0430\u0441\u043e\u0441\u0430 <strong>.ALTAL<\/strong>.<\/li>\n<li>\u0418\u0437\u043c\u0435\u0440\u0435\u043d\u0438\u0435 \u0440\u0430\u0441\u0445\u043e\u0434\u0430 \u0432\u043e\u0434\u044b \u0441 \u043e\u0442\u043e\u0431\u0440\u0430\u0436\u0435\u043d\u0438\u0435\u043c \u0438\u043d\u0444\u043e\u0440\u043c\u0430\u0446\u0438\u0438 \u043d\u0430 \u043f\u0430\u043d\u0435\u043b\u0438 \u0443\u043f\u0440\u0430\u0432\u043b\u0435\u043d\u0438\u044f.<\/li>\n<li>\u0420\u0435\u0433\u0443\u043b\u0438\u0440\u043e\u0432\u043a\u0430 \u0440\u0430\u0441\u0445\u043e\u0434\u0430 \u0432\u043e\u0434\u044b (\u0441 \u0434\u0430\u0442\u0447\u0438\u043a\u043e\u043c).<\/li>\n<\/ul>\n<\/li>\n<li>\u041f\u0435\u0440\u0435\u043a\u043b\u044e\u0447\u0435\u043d\u0438\u0435 \u0440\u0435\u0436\u0438\u043c\u043e\u0432 \u043e\u0441\u0443\u0449\u0435\u0441\u0442\u0432\u043b\u044f\u0435\u0442\u0441\u044f \u043e\u0434\u043d\u043e\u0439 \u043a\u043b\u0430\u0432\u0438\u0448\u0435\u0439 \u043d\u0430 \u043f\u0435\u0440\u0435\u0434\u043d\u0435\u0439 \u043f\u0430\u043d\u0435\u043b\u0438 \u043d\u0430\u0441\u043e\u0441\u0430.<\/li>\n<\/ul>\n<\/li>\n<li><strong>\u0421\u0442\u0440\u043e\u0438\u0442\u0435\u043b\u044c\u0441\u0442\u0432\u043e:<\/strong>\n<ul>\n<li>\u0423\u043d\u0438\u0432\u0435\u0440\u0441\u0430\u043b\u044c\u043d\u043e\u0435 \u0440\u0430\u0431\u043e\u0447\u0435\u0435 \u043a\u043e\u043b\u0435\u0441\u043e \u043f\u043e\u0437\u0432\u043e\u043b\u044f\u0435\u0442 \u043b\u0435\u0433\u043a\u043e \u0437\u0430\u043c\u0435\u043d\u044f\u0442\u044c \u0431\u043e\u043b\u044c\u0448\u0438\u043d\u0441\u0442\u0432\u043e \u043c\u043e\u0434\u0435\u043b\u0435\u0439 \u043d\u0430\u0441\u043e\u0441\u043e\u0432 Grundfos.<\/li>\n<li>\u0410\u043d\u0442\u0438\u043a\u043e\u0440\u0440\u043e\u0437\u0438\u043e\u043d\u043d\u0430\u044f \u043f\u043e\u0432\u0435\u0440\u0445\u043d\u043e\u0441\u0442\u044c \u0441 \u043a\u0430\u0442\u0430\u0444\u043e\u0440\u0435\u0437\u043d\u044b\u043c \u043f\u043e\u043a\u0440\u044b\u0442\u0438\u0435\u043c.<\/li>\n<li>\u041a\u0435\u0440\u0430\u043c\u0438\u0447\u0435\u0441\u043a\u0438\u0439 \u0432\u0430\u043b \u0438 \u043f\u043e\u0434\u0448\u0438\u043f\u043d\u0438\u043a \u0434\u043b\u044f \u0434\u043b\u0438\u0442\u0435\u043b\u044c\u043d\u043e\u0433\u043e \u0441\u0440\u043e\u043a\u0430 \u0441\u043b\u0443\u0436\u0431\u044b.<\/li>\n<li>\u0418\u043d\u0434\u0438\u043a\u0430\u0442\u043e\u0440\u044b \u0441\u043e\u0441\u0442\u043e\u044f\u043d\u0438\u044f \u0438 \u0444\u0438\u043a\u0441\u0438\u0440\u0443\u044e\u0449\u0438\u0439 \u0432\u0438\u043d\u0442 \u043d\u0430 \u043f\u0435\u0440\u0435\u0434\u043d\u0435\u0439 \u043f\u0430\u043d\u0435\u043b\u0438.<\/li>\n<li>\u041f\u0435\u0440\u0435\u0434\u043d\u0435\u0435 \u043f\u043e\u0434\u043a\u043b\u044e\u0447\u0435\u043d\u0438\u0435 \u044d\u043b\u0435\u043a\u0442\u0440\u043e\u043f\u0438\u0442\u0430\u043d\u0438\u044f \u0434\u043b\u044f \u0443\u0434\u043e\u0431\u0441\u0442\u0432\u0430 \u043c\u043e\u043d\u0442\u0430\u0436\u0430, \u0432 \u0442\u043e\u043c \u0447\u0438\u0441\u043b\u0435 \u0434\u043b\u044f \u0443\u0441\u0442\u0430\u043d\u043e\u0432\u043a\u0438 \u0432\u043d\u0443\u0442\u0440\u0438 \u043a\u043e\u0442\u043b\u043e\u0432.<\/li>\n<li>\u041b\u0435\u0433\u043a\u0438\u0439 \u0434\u043e\u0441\u0442\u0443\u043f \u043a 4 \u043a\u0440\u0435\u043f\u0435\u0436\u043d\u044b\u043c \u0432\u0438\u043d\u0442\u0430\u043c.<\/li>\n<\/ul>\n<\/li>\n<li><strong>\u0418\u043d\u0442\u0435\u0433\u0440\u0438\u0440\u043e\u0432\u0430\u0442\u044c:<\/strong>\n<ul>\n<li>\u041f\u043e\u0434\u0434\u0435\u0440\u0436\u043a\u0430 \u0432\u043d\u0435\u0448\u043d\u0435\u0433\u043e \u0443\u043f\u0440\u0430\u0432\u043b\u0435\u043d\u0438\u044f \u0441\u0438\u0433\u043d\u0430\u043b\u043e\u043c SHIM (<em>\u041c\u0438\u043d\u0438-\u0440\u0430\u0437\u044a\u0435\u043c Superseal, \u0434\u0432\u0443\u043d\u0430\u043f\u0440\u0430\u0432\u043b\u0435\u043d\u043d\u0430\u044f \u0441\u0432\u044f\u0437\u044c<\/em>), \u0447\u0442\u043e \u043f\u043e\u0437\u0432\u043e\u043b\u044f\u0435\u0442 \u0438\u043d\u0442\u0435\u0433\u0440\u0438\u0440\u043e\u0432\u0430\u0442\u044c \u043d\u0430\u0441\u043e\u0441 \u0432 \u0441\u0438\u0441\u0442\u0435\u043c\u044b, \u0443\u043f\u0440\u0430\u0432\u043b\u044f\u0435\u043c\u044b\u0435 \u043a\u043e\u043d\u0442\u0440\u043e\u043b\u043b\u0435\u0440\u0430\u043c\u0438 \u0438\u043b\u0438 \u0443\u043c\u043d\u044b\u043c\u0438 \u0434\u043e\u043c\u0430\u043c\u0438.<\/li>\n<li>\u0412\u043e\u0437\u043c\u043e\u0436\u043d\u043e\u0441\u0442\u044c \u043f\u0435\u0440\u0435\u0434\u0430\u0447\u0438 \u0434\u0430\u043d\u043d\u044b\u0445 \u043e \u0441\u043e\u0441\u0442\u043e\u044f\u043d\u0438\u0438 \u043d\u0430\u0441\u043e\u0441\u0430 (\u0440\u0430\u0431\u043e\u0447\u0435\u0435 \u0441\u043e\u0441\u0442\u043e\u044f\u043d\u0438\u0435, \u043f\u043e\u0442\u0440\u0435\u0431\u043b\u044f\u0435\u043c\u0430\u044f \u043c\u043e\u0449\u043d\u043e\u0441\u0442\u044c) \u043d\u0430 \u0432\u043d\u0435\u0448\u043d\u0438\u0439 \u043a\u043e\u043d\u0442\u0440\u043e\u043b\u043b\u0435\u0440 \u0434\u043b\u044f \u0442\u043e\u0447\u043d\u043e\u0433\u043e \u0443\u043f\u0440\u0430\u0432\u043b\u0435\u043d\u0438\u044f \u043f\u0440\u043e\u0438\u0437\u0432\u043e\u0434\u0438\u0442\u0435\u043b\u044c\u043d\u043e\u0441\u0442\u044c\u044e.<\/li>\n<\/ul>\n<\/li>\n<\/ul>\n<p><strong>\u0421\u043e\u0432\u043c\u0435\u0441\u0442\u0438\u043c\u044b\u0435 \u0430\u043a\u0441\u0435\u0441\u0441\u0443\u0430\u0440\u044b<\/strong> <em>(\u0437\u0430\u043a\u0430\u0437\u044b\u0432\u0430\u0435\u0442\u0441\u044f \u043e\u0442\u0434\u0435\u043b\u044c\u043d\u043e)<\/em>:<\/p>\n<ul>\n<li>\u041a\u043e\u043c\u043f\u043b\u0435\u043a\u0442 \u0431\u044b\u0441\u0442\u0440\u043e\u0433\u043e \u0441\u043e\u0435\u0434\u0438\u043d\u0435\u043d\u0438\u044f.<\/li>\n<li>\u0410\u0434\u0430\u043f\u0442\u0435\u0440 \u043f\u0438\u0442\u0430\u043d\u0438\u044f \u0434\u043b\u044f \u043f\u043e\u0434\u043a\u043b\u044e\u0447\u0435\u043d\u0438\u044f \u0440\u0430\u0437\u044a\u0435\u043c\u043e\u0432 Superseal Molex \u0438\u043b\u0438 Superseal Volex (150 \u043c\u043c).<\/li>\n<li>\u0421\u0438\u0433\u043d\u0430\u043b\u044c\u043d\u044b\u0439 \u043a\u0430\u0431\u0435\u043b\u044c \u0434\u043b\u044f \u0441\u0438\u0433\u043d\u0430\u043b\u0430 \u0428\u0418\u041c (1000 \u043c\u043c).<\/li>\n<\/ul>\n<h2><span class=\"ez-toc-section\" id=\"Pompa_de_circulatie_SPM25-8-130A_eficienta_energetic\"><\/span><strong>Pomp\u0103 de circula\u021bie SPM25-8-130A eficient\u0103 energetic<\/strong><span class=\"ez-toc-section-end\"><\/span><\/h2>\n<p>\u2014 reprezint\u0103 o solu\u021bie fiabil\u0103 pentru func\u021bionare eficient\u0103 \u0219i economic\u0103 a sistemelor de \u00eenc\u0103lzire, asigur\u00e2nd o durat\u0103 lung\u0103 de via\u021b\u0103 \u0219i posibilitatea de integrare \u00een sisteme inteligente moderne de control. Pomp\u0103 de circula\u021bie SPM25-8-130A cu posibilitate de control PWM este o solu\u021bue ideal\u0103 pentru pompele de c\u0103ldur\u0103.<\/p>\n<hr \/>\n<p>\u00a0<\/p>","protected":false},"excerpt":{"rendered":"<h2><span style=\"color: #800080;\">\u041c\u043e\u0434\u0435\u043b\u044c\u00a0<strong>SPM25\u20108\u2010130\u0410<\/strong>\u00a0<\/span><\/h2>\n<p>\u0422\u0438\u043f: BLDC \u0438\u043d\u0432\u0435\u0440\u0442\u043e\u0440\u043d\u044b\u0439 \u0446\u0435\u043d\u0442\u0440\u043e\u0431\u0435\u0436\u043d\u044b\u0439 \u044d\u043b\u0435\u043a\u0442\u0440\u0438\u0447\u0435\u0441\u043a\u0438\u0439 \u043d\u0430\u0441\u043e\u0441<br \/>\n\u042d\u043b\u0435\u043a\u0442\u0440\u043e\u043f\u0438\u0442\u0430\u043d\u0438\u0435: \u043f\u0435\u0440\u0435\u043c\u0435\u043d\u043d\u044b\u0439 \u0442\u043e\u043a 230 \u0412, 50 \u0413\u0446<br \/>\n\u0412\u0445\u043e\u0434\u043d\u0430\u044f \u043c\u043e\u0449\u043d\u043e\u0441\u0442\u044c: 4-63 \u0412\u0442<br \/>\n\u0422\u043e\u043a: 0,04\uff5e0,65\u0410<br \/>\n\u0414\u0438\u0430\u043f\u0430\u0437\u043e\u043d \u0441\u043a\u043e\u0440\u043e\u0441\u0442\u0435\u0439 \u0432\u0440\u0430\u0449\u0435\u043d\u0438\u044f: 1000\uff5e4500\u043e\u0431\/\u043c\u0438\u043d<br \/>\n\u0421\u043e\u0435\u0434\u0438\u043d\u0435\u043d\u0438\u0435: 130 \u043c\u043c, DN25<br \/>\n\u041c\u0430\u043a\u0441\u0438\u043c\u0430\u043b\u044c\u043d\u0430\u044f \u0432\u044b\u0441\u043e\u0442\u0430: \u043c\u0430\u043a\u0441. 8 \u043c\u0435\u0442\u0440\u043e\u0432<br \/>\n\u0420\u0430\u0441\u0445\u043e\u0434 \u0432\u043e\u0434\u044b: \u043c\u0430\u043a\u0441. 3,5 \u043c3\/\u0447<br \/>\n\u0423\u043f\u0440\u0430\u0432\u043b\u0435\u043d\u0438\u0435: NTC+\u0432\u0430\u0440\u0438\u0441\u0442\u043e\u0440+\u0440\u0435\u043b\u0435<br \/>\n\u0417\u0430\u0449\u0438\u0442\u0430: IP44<\/p>","protected":false},"featured_media":2101,"comment_status":"open","ping_status":"closed","template":"","meta":{"_acf_changed":false,"_kad_post_transparent":"default","_kad_post_title":"","_kad_post_layout":"default","_kad_post_sidebar_id":"","_kad_post_content_style":"default","_kad_post_vertical_padding":"default","_kad_post_feature":"","_kad_post_feature_position":"","_kad_post_header":false,"_kad_post_footer":false},"product_brand":[],"product_cat":[256],"product_tag":[257,258,259],"class_list":{"0":"post-4703","1":"product","2":"type-product","3":"status-publish","4":"has-post-thumbnail","6":"product_cat-pompe-de-circulatie","7":"product_tag-130-mm","8":"product_tag-incalzire","9":"product_tag-pompa-de-circulatie","11":"first","12":"instock","13":"sale","14":"featured","15":"taxable","16":"shipping-taxable","17":"purchasable","18":"product-type-simple","19":"entry","20":"content-bg","21":"loop-entry"},"acf":[],"_links":{"self":[{"href":"https:\/\/altal.ro\/ru\/wp-json\/wp\/v2\/product\/4703","targetHints":{"allow":["GET"]}}],"collection":[{"href":"https:\/\/altal.ro\/ru\/wp-json\/wp\/v2\/product"}],"about":[{"href":"https:\/\/altal.ro\/ru\/wp-json\/wp\/v2\/types\/product"}],"replies":[{"embeddable":true,"href":"https:\/\/altal.ro\/ru\/wp-json\/wp\/v2\/comments?post=4703"}],"version-history":[{"count":3,"href":"https:\/\/altal.ro\/ru\/wp-json\/wp\/v2\/product\/4703\/revisions"}],"predecessor-version":[{"id":7607,"href":"https:\/\/altal.ro\/ru\/wp-json\/wp\/v2\/product\/4703\/revisions\/7607"}],"wp:featuredmedia":[{"embeddable":true,"href":"https:\/\/altal.ro\/ru\/wp-json\/wp\/v2\/media\/2101"}],"wp:attachment":[{"href":"https:\/\/altal.ro\/ru\/wp-json\/wp\/v2\/media?parent=4703"}],"wp:term":[{"taxonomy":"product_brand","embeddable":true,"href":"https:\/\/altal.ro\/ru\/wp-json\/wp\/v2\/product_brand?post=4703"},{"taxonomy":"product_cat","embeddable":true,"href":"https:\/\/altal.ro\/ru\/wp-json\/wp\/v2\/product_cat?post=4703"},{"taxonomy":"product_tag","embeddable":true,"href":"https:\/\/altal.ro\/ru\/wp-json\/wp\/v2\/product_tag?post=4703"}],"curies":[{"name":"wp","href":"https:\/\/api.w.org\/{rel}","templated":true}]}}