{"id":2927,"date":"2025-06-16T00:28:41","date_gmt":"2025-06-16T00:28:41","guid":{"rendered":"https:\/\/altal.ro\/?post_type=product&#038;p=2927"},"modified":"2025-07-23T02:06:39","modified_gmt":"2025-07-22T23:06:39","slug":"kontaktor-cjx93p32a","status":"publish","type":"product","link":"https:\/\/altal.ro\/ru\/kontaktor-cjx93p32a\/","title":{"rendered":"\u041a\u043e\u043d\u0442\u0430\u043a\u0442\u043e\u0440 CJX93P32A \u0434\u043b\u044f \u043a\u043e\u043c\u043f\u0440\u0435\u0441\u0441\u043e\u0440\u0430 \u0442\u0435\u043f\u043b\u043e\u0432\u043e\u0433\u043e \u043d\u0430\u0441\u043e\u0441\u0430"},"content":{"rendered":"<div id=\"ez-toc-container\" class=\"ez-toc-v2_0_82_2 counter-hierarchy ez-toc-counter ez-toc-grey ez-toc-container-direction\">\n<div class=\"ez-toc-title-container\">\n<p class=\"ez-toc-title\" style=\"cursor:inherit\">\u0441\u043e\u0434\u0435\u0440\u0436\u0430\u043d\u0438\u0435<\/p>\n<span class=\"ez-toc-title-toggle\"><a href=\"#\" class=\"ez-toc-pull-right ez-toc-btn ez-toc-btn-xs ez-toc-btn-default ez-toc-toggle\" aria-label=\"\u041f\u0435\u0440\u0435\u043a\u043b\u044e\u0447\u0438\u0442\u044c \u0441\u043e\u0434\u0435\u0440\u0436\u0430\u043d\u0438\u0435\"><span class=\"ez-toc-js-icon-con\"><span class=\"\"><span class=\"eztoc-hide\" style=\"display:none;\">\u041f\u0435\u0440\u0435\u043a\u043b\u044e\u0447\u0430\u0442\u044c<\/span><span class=\"ez-toc-icon-toggle-span\"><svg style=\"fill: #999;color:#999\" xmlns=\"http:\/\/www.w3.org\/2000\/svg\" class=\"list-377408\" width=\"20px\" height=\"20px\" viewbox=\"0 0 24 24\" fill=\"none\"><path d=\"M6 6H4v2h2V6zm14 0H8v2h12V6zM4 11h2v2H4v-2zm16 0H8v2h12v-2zM4 16h2v2H4v-2zm16 0H8v2h12v-2z\" fill=\"currentColor\"><\/path><\/svg><svg style=\"fill: #999;color:#999\" class=\"arrow-unsorted-368013\" xmlns=\"http:\/\/www.w3.org\/2000\/svg\" width=\"10px\" height=\"10px\" viewbox=\"0 0 24 24\" version=\"1.2\" baseprofile=\"tiny\"><path d=\"M18.2 9.3l-6.2-6.3-6.2 6.3c-.2.2-.3.4-.3.7s.1.5.3.7c.2.2.4.3.7.3h11c.3 0 .5-.1.7-.3.2-.2.3-.5.3-.7s-.1-.5-.3-.7zM5.8 14.7l6.2 6.3 6.2-6.3c.2-.2.3-.5.3-.7s-.1-.5-.3-.7c-.2-.2-.4-.3-.7-.3h-11c-.3 0-.5.1-.7.3-.2.2-.3.5-.3.7s.1.5.3.7z\"\/><\/svg><\/span><\/span><\/span><\/a><\/span><\/div>\n<nav><ul class='ez-toc-list ez-toc-list-level-1' ><li class='ez-toc-page-1 ez-toc-heading-level-2'><a class=\"ez-toc-link ez-toc-heading-1\" href=\"https:\/\/altal.ro\/ru\/kontaktor-cjx93p32a\/#Contactor_CJX93P32A_pentru_compresor_pompa_de_caldura\">\u041a\u043e\u043d\u0442\u0430\u043a\u0442\u043e\u0440 CJX93P32A \u0434\u043b\u044f \u043a\u043e\u043c\u043f\u0440\u0435\u0441\u0441\u043e\u0440\u0430 \u0442\u0435\u043f\u043b\u043e\u0432\u043e\u0433\u043e \u043d\u0430\u0441\u043e\u0441\u0430<\/a><\/li><li class='ez-toc-page-1 ez-toc-heading-level-2'><a class=\"ez-toc-link ez-toc-heading-2\" href=\"https:\/\/altal.ro\/ru\/kontaktor-cjx93p32a\/#Contactor_CJX93P32A_pentru_compresor_%E2%80%93_Tabel_de_conversie_a_caracteristicilor\">\u041a\u043e\u043d\u0442\u0430\u043a\u0442\u043e\u0440 \u043a\u043e\u043c\u043f\u0440\u0435\u0441\u0441\u043e\u0440\u0430 CJX93P32A \u2013 \u0422\u0430\u0431\u043b\u0438\u0446\u0430 \u043f\u0440\u0435\u043e\u0431\u0440\u0430\u0437\u043e\u0432\u0430\u043d\u0438\u044f \u0445\u0430\u0440\u0430\u043a\u0442\u0435\u0440\u0438\u0441\u0442\u0438\u043a<\/a><ul class='ez-toc-list-level-3' ><li class='ez-toc-heading-level-3'><a class=\"ez-toc-link ez-toc-heading-3\" href=\"https:\/\/altal.ro\/ru\/kontaktor-cjx93p32a\/#Caracteristici_nominale_in_functie_de_sarcina\">\u041d\u043e\u043c\u0438\u043d\u0430\u043b\u044c\u043d\u044b\u0435 \u0445\u0430\u0440\u0430\u043a\u0442\u0435\u0440\u0438\u0441\u0442\u0438\u043a\u0438 \u0432 \u0437\u0430\u0432\u0438\u0441\u0438\u043c\u043e\u0441\u0442\u0438 \u043e\u0442 \u043d\u0430\u0433\u0440\u0443\u0437\u043a\u0438<\/a><\/li><li class='ez-toc-page-1 ez-toc-heading-level-3'><a class=\"ez-toc-link ez-toc-heading-4\" href=\"https:\/\/altal.ro\/ru\/kontaktor-cjx93p32a\/#Categorii_de_utilizare\">\u041a\u0430\u0442\u0435\u0433\u043e\u0440\u0438\u0438 \u0438\u0441\u043f\u043e\u043b\u044c\u0437\u043e\u0432\u0430\u043d\u0438\u044f<\/a><\/li><li class='ez-toc-page-1 ez-toc-heading-level-3'><a class=\"ez-toc-link ez-toc-heading-5\" href=\"https:\/\/altal.ro\/ru\/kontaktor-cjx93p32a\/#Constructia_contactelor_si_a_miezului_magnetic\">\u041a\u043e\u043d\u0441\u0442\u0440\u0443\u043a\u0446\u0438\u044f \u043a\u043e\u043d\u0442\u0430\u043a\u0442\u043e\u0432 \u0438 \u043c\u0430\u0433\u043d\u0438\u0442\u043e\u043f\u0440\u043e\u0432\u043e\u0434\u0430<\/a><\/li><li class='ez-toc-page-1 ez-toc-heading-level-3'><a class=\"ez-toc-link ez-toc-heading-6\" href=\"https:\/\/altal.ro\/ru\/kontaktor-cjx93p32a\/#Contacte_auxiliare_NC1\">\u0412\u0441\u043f\u043e\u043c\u043e\u0433\u0430\u0442\u0435\u043b\u044c\u043d\u044b\u0435 \u043a\u043e\u043d\u0442\u0430\u043a\u0442\u044b NC1<\/a><\/li><li class='ez-toc-page-1 ez-toc-heading-level-3'><a class=\"ez-toc-link ez-toc-heading-7\" href=\"https:\/\/altal.ro\/ru\/kontaktor-cjx93p32a\/#Seria_de_contactoare_CJX9\">\u041a\u043e\u043d\u0442\u0430\u043a\u0442\u043e\u0440\u044b \u0441\u0435\u0440\u0438\u0438 CJX9<\/a><\/li><li class='ez-toc-page-1 ez-toc-heading-level-3'><a class=\"ez-toc-link ez-toc-heading-8\" href=\"https:\/\/altal.ro\/ru\/kontaktor-cjx93p32a\/#Specificatii_tehnice\">\u0422\u0435\u0445\u043d\u0438\u0447\u0435\u0441\u043a\u0438\u0435 \u0445\u0430\u0440\u0430\u043a\u0442\u0435\u0440\u0438\u0441\u0442\u0438\u043a\u0438<\/a><\/li><\/ul><\/li><\/ul><\/nav><\/div>\n\n<h2><span class=\"ez-toc-section\" id=\"Contactor_CJX93P32A_pentru_compresor_pompa_de_caldura\"><\/span>\u041a\u043e\u043d\u0442\u0430\u043a\u0442\u043e\u0440 CJX93P32A \u0434\u043b\u044f \u043a\u043e\u043c\u043f\u0440\u0435\u0441\u0441\u043e\u0440\u0430 \u0442\u0435\u043f\u043b\u043e\u0432\u043e\u0433\u043e \u043d\u0430\u0441\u043e\u0441\u0430<span class=\"ez-toc-section-end\"><\/span><\/h2>\n<p>\u042d\u0442\u043e\u0442 \u043a\u043e\u043d\u0442\u0430\u043a\u0442\u043e\u0440 \u043a\u043e\u043c\u043f\u0440\u0435\u0441\u0441\u043e\u0440\u0430 CJX93P32A \u0440\u0430\u0441\u0441\u0447\u0438\u0442\u0430\u043d \u043d\u0430 \u043d\u043e\u043c\u0438\u043d\u0430\u043b\u044c\u043d\u044b\u0439 \u0442\u043e\u043a 32 \u0410. \u041f\u0440\u0438 \u043f\u043e\u0434\u0430\u0447\u0435 \u043d\u0430\u043f\u0440\u044f\u0436\u0435\u043d\u0438\u044f \u043d\u0430 \u043a\u0430\u0442\u0443\u0448\u043a\u0443 \u0443\u043f\u0440\u0430\u0432\u043b\u0435\u043d\u0438\u044f \u043a\u043e\u043d\u0442\u0430\u043a\u0442\u043e\u0440 \u0430\u043a\u0442\u0438\u0432\u0438\u0440\u0443\u0435\u0442\u0441\u044f, \u0437\u0430\u043c\u044b\u043a\u0430\u044f \u0433\u043b\u0430\u0432\u043d\u044b\u0435 \u043a\u043e\u043d\u0442\u0430\u043a\u0442\u044b. \u0412\u0430\u0436\u043d\u043e, \u0447\u0442\u043e\u0431\u044b \u043d\u0430\u043f\u0440\u044f\u0436\u0435\u043d\u0438\u0435 \u0446\u0435\u043f\u0438 \u0443\u043f\u0440\u0430\u0432\u043b\u0435\u043d\u0438\u044f \u0441\u043e\u0441\u0442\u0430\u0432\u043b\u044f\u043b\u043e 230 \u0412. \u042d\u0442\u043e\u0442 \u043a\u043e\u043d\u0442\u0430\u043a\u0442\u043e\u0440 \u0438\u0434\u0435\u0430\u043b\u044c\u043d\u043e \u043f\u043e\u0434\u0445\u043e\u0434\u0438\u0442 \u0434\u043b\u044f \u0437\u0430\u043f\u0443\u0441\u043a\u0430 \u043a\u043e\u043c\u043f\u0440\u0435\u0441\u0441\u043e\u0440\u043e\u0432. <a href=\"https:\/\/altal.ro\/ru\/teplovye-nasosi-altal\/\" target=\"_blank\" rel=\"noopener\">\u0442\u0435\u043f\u043b\u043e\u0432\u044b\u0435 \u043d\u0430\u0441\u043e\u0441\u044b<\/a> \u0441 \u0444\u0438\u043a\u0441\u0438\u0440\u043e\u0432\u0430\u043d\u043d\u043e\u0439 \u0441\u043a\u043e\u0440\u043e\u0441\u0442\u044c\u044e. \u0422\u0430\u043a\u0436\u0435 \u043c\u043e\u0436\u0435\u0442 \u0438\u0441\u043f\u043e\u043b\u044c\u0437\u043e\u0432\u0430\u0442\u044c\u0441\u044f \u0434\u043b\u044f \u043f\u0435\u0440\u0435\u043a\u043b\u044e\u0447\u0435\u043d\u0438\u044f \u043c\u043e\u0449\u043d\u043e\u0433\u043e \u043f\u0435\u0440\u0438\u0444\u0435\u0440\u0438\u0439\u043d\u043e\u0433\u043e \u043e\u0431\u043e\u0440\u0443\u0434\u043e\u0432\u0430\u043d\u0438\u044f, \u0442\u0430\u043a\u043e\u0433\u043e \u043a\u0430\u043a \u0446\u0438\u0440\u043a\u0443\u043b\u044f\u0446\u0438\u043e\u043d\u043d\u044b\u0435 \u043d\u0430\u0441\u043e\u0441\u044b, \u044d\u043b\u0435\u043a\u0442\u0440\u043e\u043d\u0430\u0433\u0440\u0435\u0432\u0430\u0442\u0435\u043b\u0438 \u0438 \u0434\u0440\u0443\u0433\u0438\u0435 \u0443\u0441\u0442\u0440\u043e\u0439\u0441\u0442\u0432\u0430.<\/p>\n<h2><span class=\"ez-toc-section\" id=\"Contactor_CJX93P32A_pentru_compresor_%E2%80%93_Tabel_de_conversie_a_caracteristicilor\"><\/span>\u041a\u043e\u043d\u0442\u0430\u043a\u0442\u043e\u0440 \u043a\u043e\u043c\u043f\u0440\u0435\u0441\u0441\u043e\u0440\u0430 CJX93P32A \u2013 \u0422\u0430\u0431\u043b\u0438\u0446\u0430 \u043f\u0440\u0435\u043e\u0431\u0440\u0430\u0437\u043e\u0432\u0430\u043d\u0438\u044f \u0445\u0430\u0440\u0430\u043a\u0442\u0435\u0440\u0438\u0441\u0442\u0438\u043a<span class=\"ez-toc-section-end\"><\/span><\/h2>\n<table style=\"width: 44.8987%\" border=\"1\">\n<tbody>\n<tr>\n<td style=\"width: 18.8215%\"><strong>\u0420\u0430\u0431\u043e\u0447\u0435\u0435 \u043d\u0430\u043f\u0440\u044f\u0436\u0435\u043d\u0438\u0435<\/strong><\/td>\n<td style=\"width: 18.9639%;text-align: center\" colspan=\"2\"><strong>\u041d\u043e\u043c\u0438\u043d\u0430\u043b\u044c\u043d\u044b\u0439 \u0442\u043e\u043a<\/strong><\/td>\n<td style=\"width: 19.4343%;text-align: center\" colspan=\"2\"><strong>\u041d\u043e\u043c\u0438\u043d\u0430\u043b\u044c\u043d\u0430\u044f \u043c\u043e\u0449\u043d\u043e\u0441\u0442\u044c<\/strong><\/td>\n<\/tr>\n<tr>\n<td style=\"width: 18.8215%\">\u00a0<\/td>\n<td style=\"width: 9.13422%;text-align: center\"><strong>\u0410\u04213<\/strong><\/td>\n<td style=\"width: 9.8297%;text-align: center\"><strong>\u0410\u04214<\/strong><\/td>\n<td style=\"width: 10.623%;text-align: center\"><strong>\u0410\u04213<\/strong><\/td>\n<td style=\"width: 8.81127%;text-align: center\"><strong>\u0410\u04214<\/strong><\/td>\n<\/tr>\n<tr>\n<td style=\"width: 18.8215%\">50\u0413\u0446, 220\/230\u0412<\/td>\n<td style=\"width: 9.13422%;text-align: center\">&#8211;<\/td>\n<td style=\"width: 9.8297%;text-align: center\">&#8211;<\/td>\n<td style=\"width: 10.623%;text-align: center\">7,5 \u043a\u0412\u0442<\/td>\n<td style=\"width: 8.81127%;text-align: center\">&#8211;<\/td>\n<\/tr>\n<tr>\n<td style=\"width: 18.8215%\">50\u0413\u0446, 380\/400\u0412<\/td>\n<td style=\"width: 9.13422%;text-align: center\">32 \u0410<\/td>\n<td style=\"width: 9.8297%;text-align: center\">12 \u0410<\/td>\n<td style=\"width: 10.623%;text-align: center\">15 \u043a\u0412\u0442<\/td>\n<td style=\"width: 8.81127%;text-align: center\">5,5 \u043a\u0412\u0442<\/td>\n<\/tr>\n<tr>\n<td style=\"width: 18.8215%\">50\u0413\u0446, 660\/690\u0412<\/td>\n<td style=\"width: 9.13422%;text-align: center\">21 \u0410<\/td>\n<td style=\"width: 9.8297%;text-align: center\">7,5 \u0410<\/td>\n<td style=\"width: 10.623%;text-align: center\">18,5 \u043a\u0412\u0442<\/td>\n<td style=\"width: 8.81127%;text-align: center\">5,5 \u043a\u0412\u0442<\/td>\n<\/tr>\n<\/tbody>\n<\/table>\n<h3><span class=\"ez-toc-section\" id=\"Caracteristici_nominale_in_functie_de_sarcina\"><\/span>\u041d\u043e\u043c\u0438\u043d\u0430\u043b\u044c\u043d\u044b\u0435 \u0445\u0430\u0440\u0430\u043a\u0442\u0435\u0440\u0438\u0441\u0442\u0438\u043a\u0438 \u0432 \u0437\u0430\u0432\u0438\u0441\u0438\u043c\u043e\u0441\u0442\u0438 \u043e\u0442 \u043d\u0430\u0433\u0440\u0443\u0437\u043a\u0438<span class=\"ez-toc-section-end\"><\/span><\/h3>\n<p>\u041d\u0430 \u0440\u0430\u0431\u043e\u0442\u0443 \u043a\u043e\u043d\u0442\u0430\u043a\u0442\u043e\u0440\u0430 \u043d\u0430\u043f\u0440\u044f\u043c\u0443\u044e \u0432\u043b\u0438\u044f\u044e\u0442 \u043f\u043e\u0434\u043a\u043b\u044e\u0447\u0435\u043d\u043d\u0430\u044f \u043d\u0430\u0433\u0440\u0443\u0437\u043a\u0430 \u0438 \u043d\u0430\u043f\u0440\u044f\u0436\u0435\u043d\u0438\u0435 \u043f\u0438\u0442\u0430\u043d\u0438\u044f. \u041d\u043e\u043c\u0438\u043d\u0430\u043b\u044c\u043d\u044b\u0439 \u0442\u043e\u043a 32\u0410, \u0443\u043a\u0430\u0437\u0430\u043d\u043d\u044b\u0439 \u0432 \u043d\u0430\u0437\u0432\u0430\u043d\u0438\u0438 \u041a\u043e\u043d\u0442\u0430\u043a\u0442\u043e\u0440 CJX93P32\u0410, \u043f\u0440\u0435\u0434\u043d\u0430\u0437\u043d\u0430\u0447\u0435\u043d \u0434\u043b\u044f \u0441\u0442\u0430\u043d\u0434\u0430\u0440\u0442\u043d\u043e\u0433\u043e \u0438\u0441\u043f\u043e\u043b\u044c\u0437\u043e\u0432\u0430\u043d\u0438\u044f \u2013 \u0443\u043f\u0440\u0430\u0432\u043b\u0435\u043d\u0438\u0435 \u0442\u0440\u0435\u0445\u0444\u0430\u0437\u043d\u044b\u043c\u0438 \u044d\u043b\u0435\u043a\u0442\u0440\u043e\u0434\u0432\u0438\u0433\u0430\u0442\u0435\u043b\u044f\u043c\u0438 \u043d\u0430\u043f\u0440\u044f\u0436\u0435\u043d\u0438\u0435\u043c 380\u0412, \u043a\u0430\u0442\u0435\u0433\u043e\u0440\u0438\u0438 <a href=\"https:\/\/en.wikipedia.org\/wiki\/Utilization_categories\" target=\"_blank\" rel=\"noopener\"><strong>\u0410\u0421-3<\/strong><\/a>.<\/p>\n<h3><span class=\"ez-toc-section\" id=\"Categorii_de_utilizare\"><\/span>\u041a\u0430\u0442\u0435\u0433\u043e\u0440\u0438\u0438 \u0438\u0441\u043f\u043e\u043b\u044c\u0437\u043e\u0432\u0430\u043d\u0438\u044f<span class=\"ez-toc-section-end\"><\/span><\/h3>\n<p>\u041a\u043e\u043d\u0442\u0430\u043a\u0442\u043e\u0440 CJX93P32A \u0434\u043b\u044f \u043a\u043e\u043c\u043f\u0440\u0435\u0441\u0441\u043e\u0440\u043e\u0432 \u0440\u0430\u0441\u0441\u0447\u0438\u0442\u0430\u043d \u043d\u0430 \u043d\u043e\u043c\u0438\u043d\u0430\u043b\u044c\u043d\u0443\u044e \u043d\u0430\u0433\u0440\u0443\u0437\u043a\u0443 15 \u043a\u0412\u0442. \u0414\u043b\u044f \u0431\u043e\u043b\u0435\u0435 \u043f\u0440\u043e\u0441\u0442\u044b\u0445 \u043f\u0440\u0438\u043c\u0435\u043d\u0435\u043d\u0438\u0439, \u0442\u0430\u043a\u0438\u0445 \u043a\u0430\u043a \u043b\u0430\u043c\u043f\u043e\u0447\u043a\u0438 \u0438\u043b\u0438 \u044d\u043b\u0435\u043a\u0442\u0440\u0438\u0447\u0435\u0441\u043a\u0438\u0435 \u0440\u0435\u0437\u0438\u0441\u0442\u043e\u0440\u044b, \u0440\u0435\u043a\u043e\u043c\u0435\u043d\u0434\u0443\u0435\u0442\u0441\u044f \u043a\u0430\u0442\u0435\u0433\u043e\u0440\u0438\u044f. <a href=\"https:\/\/en.wikipedia.org\/wiki\/Utilization_categories\" target=\"_blank\" rel=\"noopener\"><strong>\u0410\u0421-1<\/strong><\/a>\u0414\u043b\u044f \u0443\u043f\u0440\u0430\u0432\u043b\u0435\u043d\u0438\u044f \u0434\u0432\u0438\u0433\u0430\u0442\u0435\u043b\u044f\u043c\u0438 \u0441 \u0432\u044b\u0441\u043e\u043a\u043e\u0439 \u0438\u043d\u0435\u0440\u0446\u0438\u0435\u0439 \u0438\u043b\u0438 \u0440\u0435\u0432\u0435\u0440\u0441\u043e\u043c \u044d\u0442\u0430 \u043a\u0430\u0442\u0435\u0433\u043e\u0440\u0438\u044f \u044f\u0432\u043b\u044f\u0435\u0442\u0441\u044f \u043f\u0440\u0435\u0434\u043f\u043e\u0447\u0442\u0438\u0442\u0435\u043b\u044c\u043d\u043e\u0439. <a href=\"https:\/\/en.wikipedia.org\/wiki\/Utilization_categories\" target=\"_blank\" rel=\"noopener\"><strong>\u0410\u0421-4<\/strong><\/a>.<\/p>\n<h3><span class=\"ez-toc-section\" id=\"Constructia_contactelor_si_a_miezului_magnetic\"><\/span>\u041a\u043e\u043d\u0441\u0442\u0440\u0443\u043a\u0446\u0438\u044f \u043a\u043e\u043d\u0442\u0430\u043a\u0442\u043e\u0432 \u0438 \u043c\u0430\u0433\u043d\u0438\u0442\u043e\u043f\u0440\u043e\u0432\u043e\u0434\u0430<span class=\"ez-toc-section-end\"><\/span><\/h3>\n<p>\u0412 \u043a\u043e\u043d\u0442\u0430\u043a\u0442\u043e\u0440\u0435 \u043a\u043e\u043c\u043f\u0440\u0435\u0441\u0441\u043e\u0440\u0430 CJX93P32A \u0438\u0441\u043f\u043e\u043b\u044c\u0437\u0443\u0435\u0442\u0441\u044f \u0441\u0445\u0435\u043c\u0430 \u0434\u0432\u043e\u0439\u043d\u043e\u0433\u043e \u0440\u0430\u0437\u0440\u044b\u0432\u0430 \u0441 \u0446\u0435\u043d\u0442\u0440\u0430\u043b\u044c\u043d\u044b\u043c \u043f\u0440\u0443\u0436\u0438\u043d\u043d\u044b\u043c \u043c\u0435\u0445\u0430\u043d\u0438\u0437\u043c\u043e\u043c \u0434\u043b\u044f \u0432\u044b\u0441\u043e\u043a\u043e\u0439 \u043d\u0430\u0434\u0435\u0436\u043d\u043e\u0441\u0442\u0438. \u041c\u0430\u0433\u043d\u0438\u0442\u043d\u044b\u0435 \u043f\u043b\u0430\u0441\u0442\u0438\u043d\u044b \u0441\u0435\u0440\u0434\u0435\u0447\u043d\u0438\u043a\u0430 \u0437\u0430\u043a\u0440\u0435\u043f\u043b\u0435\u043d\u044b \u0432 12 \u0442\u043e\u0447\u043a\u0430\u0445, 6 \u0438\u0437 \u043a\u043e\u0442\u043e\u0440\u044b\u0445 \u0443\u0441\u0438\u043b\u0435\u043d\u044b \u0437\u0430\u043a\u043b\u0435\u043f\u043a\u0430\u043c\u0438 \u0434\u043b\u044f \u043f\u0440\u043e\u0447\u043d\u043e\u0441\u0442\u0438. \u0420\u0435\u0437\u0438\u043d\u043e\u0432\u044b\u0435 \u0434\u0435\u043c\u043f\u0444\u0435\u0440\u044b \u0441\u043d\u0438\u0436\u0430\u044e\u0442 \u0432\u0438\u0431\u0440\u0430\u0446\u0438\u044e, \u0430 \u043a\u043e\u0440\u043e\u0442\u043a\u043e\u0437\u0430\u043c\u044b\u043a\u0430\u044e\u0449\u0438\u0435 \u043a\u0430\u0442\u0443\u0448\u043a\u0438 \u043f\u0440\u0435\u0434\u043e\u0442\u0432\u0440\u0430\u0449\u0430\u044e\u0442 \u043e\u0442\u043a\u0430\u0442 \u044f\u043a\u043e\u0440\u044f \u043f\u0440\u0438 \u043f\u0435\u0440\u0435\u0441\u0435\u0447\u0435\u043d\u0438\u0438 \u0444\u0430\u0437\u044b \u0447\u0435\u0440\u0435\u0437 \u043d\u043e\u043b\u044c.<\/p>\n<h3><span class=\"ez-toc-section\" id=\"Contacte_auxiliare_NC1\"><\/span>\u0412\u0441\u043f\u043e\u043c\u043e\u0433\u0430\u0442\u0435\u043b\u044c\u043d\u044b\u0435 \u043a\u043e\u043d\u0442\u0430\u043a\u0442\u044b NC1<span class=\"ez-toc-section-end\"><\/span><\/h3>\n<p>\u0412 \u0446\u0435\u043f\u044f\u0445 \u0441 \u043c\u0430\u043b\u044b\u043c\u0438 \u0442\u043e\u043a\u0430\u043c\u0438 \u0438 \u043d\u0430\u043f\u0440\u044f\u0436\u0435\u043d\u0438\u044f\u043c\u0438 \u043e\u043a\u0438\u0441\u043b\u0435\u043d\u0438\u0435 \u043a\u043e\u043d\u0442\u0430\u043a\u0442\u043e\u0432 \u043c\u043e\u0436\u0435\u0442 \u0437\u0430\u0442\u0440\u0443\u0434\u043d\u0438\u0442\u044c \u043f\u0435\u0440\u0435\u043a\u043b\u044e\u0447\u0435\u043d\u0438\u0435. \u0412\u0441\u043f\u043e\u043c\u043e\u0433\u0430\u0442\u0435\u043b\u044c\u043d\u044b\u0435 \u043a\u043e\u043d\u0442\u0430\u043a\u0442\u044b <strong>NC1<\/strong> \u043e\u0441\u043d\u0430\u0449\u0435\u043d\u044b \u0441\u0438\u0441\u0442\u0435\u043c\u043e\u0439 \u0441\u0430\u043c\u043e\u043e\u0447\u0438\u0441\u0442\u043a\u0438: \u043f\u043e\u0434\u043f\u0440\u0443\u0436\u0438\u043d\u0435\u043d\u043d\u0430\u044f \u043f\u043e\u0434\u0432\u0438\u0436\u043d\u0430\u044f \u0447\u0430\u0441\u0442\u044c \u043f\u0435\u0440\u0435\u043c\u0435\u0449\u0430\u0435\u0442\u0441\u044f \u0438 \u043c\u0435\u0445\u0430\u043d\u0438\u0447\u0435\u0441\u043a\u0438 \u043e\u0447\u0438\u0449\u0430\u0435\u0442 \u043a\u043e\u043d\u0442\u0430\u043a\u0442\u043d\u0443\u044e \u043f\u043e\u0432\u0435\u0440\u0445\u043d\u043e\u0441\u0442\u044c. \u041f\u0435\u0440\u043f\u0435\u043d\u0434\u0438\u043a\u0443\u043b\u044f\u0440\u043d\u044b\u0435 \u043a\u0430\u043d\u0430\u0432\u043a\u0438 \u043f\u043e\u0432\u044b\u0448\u0430\u044e\u0442 \u044d\u0444\u0444\u0435\u043a\u0442\u0438\u0432\u043d\u043e\u0441\u0442\u044c \u044d\u0442\u043e\u0433\u043e \u043f\u0440\u043e\u0446\u0435\u0441\u0441\u0430.<\/p>\n<hr \/>\n<h3><span class=\"ez-toc-section\" id=\"Seria_de_contactoare_CJX9\"><\/span>\u041a\u043e\u043d\u0442\u0430\u043a\u0442\u043e\u0440\u044b \u0441\u0435\u0440\u0438\u0438 CJX9<span class=\"ez-toc-section-end\"><\/span><\/h3>\n<p>Seria CJX9 este recunoscut\u0103 pentru designul s\u0103u fiabil \u0219i versatilitatea \u00een utilizarea industrial\u0103. Contactoarele sunt potrivite pentru comutarea circuitelor electrice \u00een echipamente industriale variate. Contactor CJX93P32A pentru compresor poate fi combinat cu relee termice pentru protec\u021bia echipamentului electric \u00eempotriva suprasarcinilor. Seria acoper\u0103 curen\u021bi nominali de la 9A la 95A \u0219i ofer\u0103 op\u021biuni suplimentare:<\/p>\n<ul>\n<li>\u041a\u043e\u043d\u0442\u0430\u043a\u0442\u043e\u0440\u044b \u0441 \u0441\u0438\u043d\u0445\u0440\u043e\u043d\u0438\u0437\u0430\u0446\u0438\u0435\u0439;<\/li>\n<li>\u0420\u0435\u0432\u0435\u0440\u0441\u0438\u0432\u043d\u044b\u0435 \u043a\u043e\u043d\u0442\u0430\u043a\u0442\u043e\u0440\u044b;<\/li>\n<li>\u041c\u0430\u0433\u043d\u0438\u0442\u043d\u044b\u0435 \u043f\u0443\u0441\u043a\u0430\u0442\u0435\u043b\u0438;<\/li>\n<li>\u041a\u043e\u043d\u0442\u0430\u043a\u0442\u043e\u0440\u044b \u0434\u043b\u044f \u0446\u0435\u043f\u0435\u0439 \u043a\u043e\u043c\u043f\u0435\u043d\u0441\u0430\u0446\u0438\u0438 \u043a\u043e\u044d\u0444\u0444\u0438\u0446\u0438\u0435\u043d\u0442\u0430 \u043c\u043e\u0449\u043d\u043e\u0441\u0442\u0438 (\u041a\u0420\u041c);<\/li>\n<li>\u041f\u0443\u0441\u043a\u0430\u0442\u0435\u043b\u044c \u00ab\u0437\u0432\u0435\u0437\u0434\u0430-\u0442\u0440\u0435\u0443\u0433\u043e\u043b\u044c\u043d\u0438\u043a\u00bb.<\/li>\n<\/ul>\n<h3><span class=\"ez-toc-section\" id=\"Specificatii_tehnice\"><\/span>\u0422\u0435\u0445\u043d\u0438\u0447\u0435\u0441\u043a\u0438\u0435 \u0445\u0430\u0440\u0430\u043a\u0442\u0435\u0440\u0438\u0441\u0442\u0438\u043a\u0438<span class=\"ez-toc-section-end\"><\/span><\/h3>\n<ul>\n<li><strong>\u0420\u0430\u0431\u043e\u0447\u0435\u0435 \u043d\u0430\u043f\u0440\u044f\u0436\u0435\u043d\u0438\u0435:<\/strong> \u0434\u043e 690\u0412.<\/li>\n<li><strong>\u0427\u0430\u0441\u0442\u043e\u0442\u0430 \u0441\u0435\u0442\u0438:<\/strong> \u0434\u043e 60 \u0413\u0446.<\/li>\n<li><strong>\u0426\u0435\u043f\u0438 \u0443\u043f\u0440\u0430\u0432\u043b\u0435\u043d\u0438\u044f:<\/strong> AC220V<\/li>\n<li><strong>\u0423\u043f\u0440\u0430\u0432\u043b\u044f\u044e\u0449\u0430\u044f \u043a\u0430\u0442\u0443\u0448\u043a\u0430:<\/strong> 220\u0412.<\/li>\n<li><strong>\u0426\u0438\u043a\u043b\u044b \u043f\u0435\u0440\u0435\u043a\u043b\u044e\u0447\u0435\u043d\u0438\u044f:<\/strong> \u0434\u043e 1200\/\u0447 (\u043a\u0430\u0442\u0435\u0433\u043e\u0440\u0438\u044f <strong>\u0410\u0421-3<\/strong>, 380\/400\u0412).<\/li>\n<li><strong>\u041f\u0440\u043e\u0434\u043e\u043b\u0436\u0438\u0442\u0435\u043b\u044c\u043d\u043e\u0441\u0442\u044c \u0436\u0438\u0437\u043d\u0438:<\/strong> \u0434\u043e 10 \u043c\u0438\u043b\u043b\u0438\u043e\u043d\u043e\u0432 \u0446\u0438\u043a\u043b\u043e\u0432.<\/li>\n<\/ul>\n<hr \/>\n<p>\u00a0<\/p>","protected":false},"excerpt":{"rendered":"<ul>\n<li><strong>\u0420\u0430\u0431\u043e\u0447\u0435\u0435 \u043d\u0430\u043f\u0440\u044f\u0436\u0435\u043d\u0438\u0435:<\/strong> \u0434\u043e 690\u0412.<\/li>\n<li><strong>\u0427\u0430\u0441\u0442\u043e\u0442\u0430 \u0441\u0435\u0442\u0438:<\/strong> \u0434\u043e 60 \u0413\u0446.<\/li>\n<li><strong>\u0426\u0435\u043f\u0438 \u0443\u043f\u0440\u0430\u0432\u043b\u0435\u043d\u0438\u044f:<\/strong> AC220V<\/li>\n<li><strong>\u0423\u043f\u0440\u0430\u0432\u043b\u044f\u044e\u0449\u0430\u044f \u043a\u0430\u0442\u0443\u0448\u043a\u0430:<\/strong> 220\u0412.<\/li>\n<li><strong>\u0426\u0438\u043a\u043b\u044b \u043f\u0435\u0440\u0435\u043a\u043b\u044e\u0447\u0435\u043d\u0438\u044f:<\/strong> \u0434\u043e 1200\/\u0447 (\u043a\u0430\u0442\u0435\u0433\u043e\u0440\u0438\u044f <strong>\u0410\u0421-3<\/strong>, 380\/400\u0412).<\/li>\n<li><strong>\u041f\u0440\u043e\u0434\u043e\u043b\u0436\u0438\u0442\u0435\u043b\u044c\u043d\u043e\u0441\u0442\u044c \u0436\u0438\u0437\u043d\u0438:<\/strong> \u0434\u043e 10 \u043c\u0438\u043b\u043b\u0438\u043e\u043d\u043e\u0432 \u0446\u0438\u043a\u043b\u043e\u0432.<\/li>\n<\/ul>","protected":false},"featured_media":2161,"comment_status":"open","ping_status":"closed","template":"","meta":{"_acf_changed":false,"_kad_post_transparent":"default","_kad_post_title":"","_kad_post_layout":"default","_kad_post_sidebar_id":"","_kad_post_content_style":"default","_kad_post_vertical_padding":"default","_kad_post_feature":"","_kad_post_feature_position":"","_kad_post_header":false,"_kad_post_footer":false},"product_brand":[],"product_cat":[276],"product_tag":[278,455,452],"class_list":{"0":"post-2927","1":"product","2":"type-product","3":"status-publish","4":"has-post-thumbnail","6":"product_cat-contactoare","7":"product_tag-278","8":"product_tag-contactor","9":"product_tag-pompe-de-caldura","11":"first","12":"instock","13":"sale","14":"featured","15":"taxable","16":"shipping-taxable","17":"purchasable","18":"product-type-simple","19":"entry","20":"content-bg","21":"loop-entry"},"acf":[],"_links":{"self":[{"href":"https:\/\/altal.ro\/ru\/wp-json\/wp\/v2\/product\/2927","targetHints":{"allow":["GET"]}}],"collection":[{"href":"https:\/\/altal.ro\/ru\/wp-json\/wp\/v2\/product"}],"about":[{"href":"https:\/\/altal.ro\/ru\/wp-json\/wp\/v2\/types\/product"}],"replies":[{"embeddable":true,"href":"https:\/\/altal.ro\/ru\/wp-json\/wp\/v2\/comments?post=2927"}],"version-history":[{"count":2,"href":"https:\/\/altal.ro\/ru\/wp-json\/wp\/v2\/product\/2927\/revisions"}],"predecessor-version":[{"id":7682,"href":"https:\/\/altal.ro\/ru\/wp-json\/wp\/v2\/product\/2927\/revisions\/7682"}],"wp:featuredmedia":[{"embeddable":true,"href":"https:\/\/altal.ro\/ru\/wp-json\/wp\/v2\/media\/2161"}],"wp:attachment":[{"href":"https:\/\/altal.ro\/ru\/wp-json\/wp\/v2\/media?parent=2927"}],"wp:term":[{"taxonomy":"product_brand","embeddable":true,"href":"https:\/\/altal.ro\/ru\/wp-json\/wp\/v2\/product_brand?post=2927"},{"taxonomy":"product_cat","embeddable":true,"href":"https:\/\/altal.ro\/ru\/wp-json\/wp\/v2\/product_cat?post=2927"},{"taxonomy":"product_tag","embeddable":true,"href":"https:\/\/altal.ro\/ru\/wp-json\/wp\/v2\/product_tag?post=2927"}],"curies":[{"name":"wp","href":"https:\/\/api.w.org\/{rel}","templated":true}]}}