{"id":2924,"date":"2025-06-16T00:28:41","date_gmt":"2025-06-16T00:28:41","guid":{"rendered":"https:\/\/altal.ro\/?post_type=product&#038;p=2924"},"modified":"2025-07-23T02:07:00","modified_gmt":"2025-07-22T23:07:00","slug":"filtr-osushitel-reversivnyy-zrk304","status":"publish","type":"product","link":"https:\/\/altal.ro\/ru\/filtr-osushitel-reversivnyy-zrk304\/","title":{"rendered":"\u0420\u0435\u0432\u0435\u0440\u0441\u0438\u0432\u043d\u044b\u0439 \u0444\u0438\u043b\u044c\u0442\u0440-\u043e\u0441\u0443\u0448\u0438\u0442\u0435\u043b\u044c ZRK304"},"content":{"rendered":"<div id=\"ez-toc-container\" class=\"ez-toc-v2_0_82_2 counter-hierarchy ez-toc-counter ez-toc-grey ez-toc-container-direction\">\n<div class=\"ez-toc-title-container\">\n<p class=\"ez-toc-title\" style=\"cursor:inherit\">\u0441\u043e\u0434\u0435\u0440\u0436\u0430\u043d\u0438\u0435<\/p>\n<span class=\"ez-toc-title-toggle\"><a href=\"#\" class=\"ez-toc-pull-right ez-toc-btn ez-toc-btn-xs ez-toc-btn-default ez-toc-toggle\" aria-label=\"\u041f\u0435\u0440\u0435\u043a\u043b\u044e\u0447\u0438\u0442\u044c \u0441\u043e\u0434\u0435\u0440\u0436\u0430\u043d\u0438\u0435\"><span class=\"ez-toc-js-icon-con\"><span class=\"\"><span class=\"eztoc-hide\" style=\"display:none;\">\u041f\u0435\u0440\u0435\u043a\u043b\u044e\u0447\u0430\u0442\u044c<\/span><span class=\"ez-toc-icon-toggle-span\"><svg style=\"fill: #999;color:#999\" xmlns=\"http:\/\/www.w3.org\/2000\/svg\" class=\"list-377408\" width=\"20px\" height=\"20px\" viewbox=\"0 0 24 24\" fill=\"none\"><path d=\"M6 6H4v2h2V6zm14 0H8v2h12V6zM4 11h2v2H4v-2zm16 0H8v2h12v-2zM4 16h2v2H4v-2zm16 0H8v2h12v-2z\" fill=\"currentColor\"><\/path><\/svg><svg style=\"fill: #999;color:#999\" class=\"arrow-unsorted-368013\" xmlns=\"http:\/\/www.w3.org\/2000\/svg\" width=\"10px\" height=\"10px\" viewbox=\"0 0 24 24\" version=\"1.2\" baseprofile=\"tiny\"><path d=\"M18.2 9.3l-6.2-6.3-6.2 6.3c-.2.2-.3.4-.3.7s.1.5.3.7c.2.2.4.3.7.3h11c.3 0 .5-.1.7-.3.2-.2.3-.5.3-.7s-.1-.5-.3-.7zM5.8 14.7l6.2 6.3 6.2-6.3c.2-.2.3-.5.3-.7s-.1-.5-.3-.7c-.2-.2-.4-.3-.7-.3h-11c-.3 0-.5.1-.7.3-.2.2-.3.5-.3.7s.1.5.3.7z\"\/><\/svg><\/span><\/span><\/span><\/a><\/span><\/div>\n<nav><ul class='ez-toc-list ez-toc-list-level-1' ><li class='ez-toc-page-1 ez-toc-heading-level-2'><a class=\"ez-toc-link ez-toc-heading-1\" href=\"https:\/\/altal.ro\/ru\/filtr-osushitel-reversivnyy-zrk304\/#Filtru_deshidratator_reversibil_ZRK304\">\u0420\u0435\u0432\u0435\u0440\u0441\u0438\u0432\u043d\u044b\u0439 \u0444\u0438\u043b\u044c\u0442\u0440-\u043e\u0441\u0443\u0448\u0438\u0442\u0435\u043b\u044c ZRK304<\/a><\/li><li class='ez-toc-page-1 ez-toc-heading-level-2'><a class=\"ez-toc-link ez-toc-heading-2\" href=\"https:\/\/altal.ro\/ru\/filtr-osushitel-reversivnyy-zrk304\/#Caracteristici_tehnice\">\u0422\u0435\u0445\u043d\u0438\u0447\u0435\u0441\u043a\u0438\u0435 \u0445\u0430\u0440\u0430\u043a\u0442\u0435\u0440\u0438\u0441\u0442\u0438\u043a\u0438<\/a><\/li><\/ul><\/nav><\/div>\n\n<div class=\"product-essential\">\n<div class=\"product-shop\">\n<h2><span class=\"ez-toc-section\" id=\"Filtru_deshidratator_reversibil_ZRK304\"><\/span>\u0420\u0435\u0432\u0435\u0440\u0441\u0438\u0432\u043d\u044b\u0439 \u0444\u0438\u043b\u044c\u0442\u0440-\u043e\u0441\u0443\u0448\u0438\u0442\u0435\u043b\u044c ZRK304<span class=\"ez-toc-section-end\"><\/span><\/h2>\n<p>\u2014 \u044d\u0442\u043e \u0432\u044b\u0441\u043e\u043a\u043e\u043a\u0430\u0447\u0435\u0441\u0442\u0432\u0435\u043d\u043d\u043e\u0435 \u0443\u0441\u0442\u0440\u043e\u0439\u0441\u0442\u0432\u043e, \u043f\u0440\u0435\u0434\u043d\u0430\u0437\u043d\u0430\u0447\u0435\u043d\u043d\u043e\u0435 \u0434\u043b\u044f \u0438\u0441\u043f\u043e\u043b\u044c\u0437\u043e\u0432\u0430\u043d\u0438\u044f \u0432 <a href=\"https:\/\/altal.ro\/ru\/teplovye-nasosi-altal\/\" target=\"_blank\" rel=\"noopener\">\u0442\u0435\u043f\u043b\u043e\u0432\u044b\u0445 \u043d\u0430\u0441\u043e\u0441\u0430\u0445<\/a>. \u0420\u0430\u0431\u043e\u0442\u0430\u0435\u0442 \u0432 <a href=\"https:\/\/en.wikipedia.org\/wiki\/Reversing_valve\" target=\"_blank\" rel=\"noopener\">\u043e\u0431\u0440\u0430\u0442\u0438\u043c\u044b\u0439 \u0446\u0438\u043a\u043b<\/a>. Este proiectat pentru a permite fluxul \u00een linia de lichid a pompei \u00een ambele direc\u021bii. Filtru deshidratator reversibil ZRK304 se utilizeaz\u0103 pentru refrigeran\u021bi R12, R22, R32, R502, R134a, R404A, R407C, R410A, R507. De asemenea, pentru CFC, HCFC, HFC \u0219i lubrifian\u021bi specifici. Capacitatea de filtrare ajunge la 0,10 microni. Ventilul de control intern, fabricat din nailon, asigur\u0103 filtrarea \u00een ambele direc\u021bii. Eliminarea acizilor organici \u0219i neorganici se face cu ajutorul oxidului de aluminiu activat, iar umiditatea este eliminat\u0103 cu un usuc\u0103tor molecular. Ad\u0103ugarea de c\u0103rbune activat \u00een miezul de uscare ajut\u0103 la eliminarea ceara la temperaturi sc\u0103zute de func\u021bionare.<\/div>\n<\/div>\n<div class=\"product-collateral\">\n<div id=\"product_tabs_additional_contents\" class=\"product-tabs-content\">\n<h2 class=\"tab-title\"><span class=\"ez-toc-section\" id=\"Caracteristici_tehnice\"><\/span>\u0422\u0435\u0445\u043d\u0438\u0447\u0435\u0441\u043a\u0438\u0435 \u0445\u0430\u0440\u0430\u043a\u0442\u0435\u0440\u0438\u0441\u0442\u0438\u043a\u0438<span class=\"ez-toc-section-end\"><\/span><\/h2>\n<table id=\"product-attribute-specs-table\" class=\"data-table\" style=\"height: 150px;width: 27.5284%\" border=\"1\">\n<colgroup>\n<col width=\"180px\" \/>\n<col \/><\/colgroup>\n<tbody>\n<tr style=\"height: 10px\">\n<th class=\"label\" style=\"height: 10px;width: 25.5427%\">\u041e\u043d \u0431\u044b\u043b \u0431\u044b<\/th>\n<td class=\"data\" style=\"height: 10px;width: 12.9044%;text-align: center\">\u0421\u042d\u041c<\/td>\n<\/tr>\n<tr style=\"height: 68px\">\n<th class=\"label\" style=\"height: 68px;width: 25.5427%;text-align: left\">\u0420\u0430\u0431\u043e\u0447\u0435\u0435 \u0434\u0430\u0432\u043b\u0435\u043d\u0438\u0435 (PS)<\/th>\n<td class=\"data\" style=\"height: 68px;width: 12.9044%;text-align: center\">46 \u0431\u044b\u043b\u0438<\/td>\n<\/tr>\n<tr style=\"height: 36px\">\n<th class=\"label\" style=\"height: 36px;width: 25.5427%;text-align: left\">\u0414\u0430\u0432\u043b\u0435\u043d\u0438\u0435 \u0440\u0430\u0437\u0440\u044b\u0432\u0430<\/th>\n<td class=\"data\" style=\"height: 36px;width: 12.9044%;text-align: center\">175 \u0431\u044b\u043b\u0438<\/td>\n<\/tr>\n<tr style=\"height: 36px\">\n<th class=\"label\" style=\"height: 36px;width: 25.5427%;text-align: left\">\u0421\u041e\u0415\u0414\u0418\u041d\u0415\u041d\u0418\u042f<\/th>\n<td class=\"data\" style=\"height: 36px;width: 12.9044%;text-align: center\">1\/2&#8243; <strong>\u0421\u0410\u0415<\/strong><\/td>\n<\/tr>\n<\/tbody>\n<\/table>\n<p>\u00a0 Filtru deshidratator reversibil ZRK304 are un miez solid format dintr-un amestec de sita molecular\u0103 \u0219i aluminiu activat. Ace\u0219ti adsorban\u021bi sunt fixa\u021bi \u00een miez cu ajutorul unui material adeziv sintetic. Miezul este bine str\u00e2ns de ambele p\u0103r\u021bi, iar pentru protec\u021bie sunt plasate perni de vat\u0103. Venele de re\u021binere din interiorul filtrului direc\u021bioneaz\u0103 fluxul, ceea ce permite func\u021bionarea \u00een orice direc\u021bie a fluidului \u00een pompe de c\u0103ldur\u0103. Aceast\u0103 construc\u021bie asigur\u0103 o eficien\u021b\u0103 ridicat\u0103 de filtrare \u0219i absorb\u021bie a apei \u0219i acizilor. Filtru deshidratator reversibil ZRK304 este disponibil cu conexiune filetat\u0103 SAE 1\/2&#8243;. De asemenea, oferim modele cu conexiune de lipire ODF 1\/2&#8243;. Pentru detalii suplimentare, contacta\u021bi-ne.<\/p>\n<hr \/>\n<p>\u00a0<\/p><\/div>\n<\/div>","protected":false},"excerpt":{"rendered":"<h2 class=\"tab-title\">\u041e\u043f\u0438\u0441\u0430\u043d\u0438\u0435 \u0420\u0435\u0432\u0435\u0440\u0441\u0438\u0432\u043d\u044b\u0439 \u0444\u0438\u043b\u044c\u0442\u0440 <strong>ZRK304<\/strong><\/h2>\n<div class=\"description\">\u0424\u0438\u043b\u044c\u0442\u0440\u044b \u043e\u0441\u0443\u0448\u0438\u0442\u0435\u043b\u0438 \u043f\u0440\u0438\u043c\u0435\u043d\u044f\u044e\u0442\u0441\u044f \u0432 \u0445\u043e\u043b\u043e\u0434\u0438\u043b\u044c\u043d\u044b\u0445 \u043a\u043e\u043d\u0442\u0443\u0440\u0430\u0445 \u0438 \u043f\u0440\u0435\u0434\u043d\u0430\u0437\u043d\u0430\u0447\u0435\u043d\u044b \u0434\u043b\u044f \u043e\u0447\u0438\u0441\u0442\u043a\u0438 \u043c\u0430\u0433\u0438\u0441\u0442\u0440\u0430\u043b\u0435\u0439 \u043e\u0442 \u0437\u0430\u0433\u0440\u044f\u0437\u043d\u0435\u043d\u0438\u0439 :\u00a0 \u043a\u0438\u0441\u043b\u043e\u0442\u044b, \u0432\u043e\u0434\u044b \u0438 \u0442\u0432\u0435\u0440\u0434\u044b\u0445 \u0447\u0430\u0441\u0442\u0438\u0446. \u041f\u043e\u0441\u043b\u0435\u0434\u0441\u0442\u0432\u0438\u044f\u043c\u0438 \u0437\u0430\u0433\u0440\u044f\u0437\u043d\u0435\u043d\u0438\u044f \u044f\u0432\u043b\u044f\u044e\u0442\u0441\u044f \u043a\u043e\u0440\u0440\u043e\u0437\u0438\u044f, \u043e\u0431\u0440\u0430\u0437\u043e\u0432\u0430\u043d\u0438\u0435 \u043b\u044c\u0434\u0430, \u0430 \u0442\u0430\u043a\u0436\u0435 \u0432\u044b\u0445\u043e\u0434 \u0438\u0437 \u0441\u0442\u0440\u043e\u044f \u043a\u043e\u043c\u043f\u0440\u0435\u0441\u0441\u043e\u0440\u0430. \u0424\u0438\u043b\u044c\u0442\u0440 ZRK \u2013 \u0433\u0435\u0440\u043c\u0435\u0442\u0438\u0447\u043d\u044b\u0439 \u0434\u0432\u0443\u043d\u0430\u043f\u0440\u0430\u0432\u043b\u0435\u043d\u043d\u044b\u0439 \u0444\u0438\u043b\u044c\u0442\u0440 \u043e\u0441\u0443\u0448\u0438\u0442\u0435\u043b\u044c \u0434\u043b\u044f \u0438\u0441\u043f\u043e\u043b\u044c\u0437\u043e\u0432\u0430\u043d\u0438\u044f \u0432 \u0436\u0438\u0434\u043a\u043e\u0441\u0442\u043d\u044b\u0445 \u0442\u0440\u0443\u0431\u043e\u043f\u0440\u043e\u0432\u043e\u0434\u0430\u0445 \u0440\u0435\u0432\u0435\u0440\u0441\u0438\u0432\u043d\u044b\u0445 \u0441\u0438\u0441\u0442\u0435\u043c \u0432 \u0442\u0435\u043f\u043b\u043e\u0432\u044b\u0445 \u043d\u0430\u0441\u043e\u0441\u0430\u0445.<\/div>\n<div>\n<hr \/>\n<\/div>","protected":false},"featured_media":2155,"comment_status":"open","ping_status":"closed","template":"","meta":{"_acf_changed":false,"_kad_post_transparent":"default","_kad_post_title":"","_kad_post_layout":"default","_kad_post_sidebar_id":"","_kad_post_content_style":"default","_kad_post_vertical_padding":"default","_kad_post_feature":"","_kad_post_feature_position":"","_kad_post_header":false,"_kad_post_footer":false},"product_brand":[],"product_cat":[271],"product_tag":[274,190],"class_list":{"0":"post-2924","1":"product","2":"type-product","3":"status-publish","4":"has-post-thumbnail","6":"product_cat-filtre-deshidratoare","7":"product_tag-filtru-deshidrator","8":"product_tag-pompa-de-caldura","10":"first","11":"instock","12":"sale","13":"featured","14":"taxable","15":"shipping-taxable","16":"purchasable","17":"product-type-simple","18":"entry","19":"content-bg","20":"loop-entry"},"acf":[],"_links":{"self":[{"href":"https:\/\/altal.ro\/ru\/wp-json\/wp\/v2\/product\/2924","targetHints":{"allow":["GET"]}}],"collection":[{"href":"https:\/\/altal.ro\/ru\/wp-json\/wp\/v2\/product"}],"about":[{"href":"https:\/\/altal.ro\/ru\/wp-json\/wp\/v2\/types\/product"}],"replies":[{"embeddable":true,"href":"https:\/\/altal.ro\/ru\/wp-json\/wp\/v2\/comments?post=2924"}],"version-history":[{"count":3,"href":"https:\/\/altal.ro\/ru\/wp-json\/wp\/v2\/product\/2924\/revisions"}],"predecessor-version":[{"id":7685,"href":"https:\/\/altal.ro\/ru\/wp-json\/wp\/v2\/product\/2924\/revisions\/7685"}],"wp:featuredmedia":[{"embeddable":true,"href":"https:\/\/altal.ro\/ru\/wp-json\/wp\/v2\/media\/2155"}],"wp:attachment":[{"href":"https:\/\/altal.ro\/ru\/wp-json\/wp\/v2\/media?parent=2924"}],"wp:term":[{"taxonomy":"product_brand","embeddable":true,"href":"https:\/\/altal.ro\/ru\/wp-json\/wp\/v2\/product_brand?post=2924"},{"taxonomy":"product_cat","embeddable":true,"href":"https:\/\/altal.ro\/ru\/wp-json\/wp\/v2\/product_cat?post=2924"},{"taxonomy":"product_tag","embeddable":true,"href":"https:\/\/altal.ro\/ru\/wp-json\/wp\/v2\/product_tag?post=2924"}],"curies":[{"name":"wp","href":"https:\/\/api.w.org\/{rel}","templated":true}]}}