{"id":2890,"date":"2025-06-16T00:28:23","date_gmt":"2025-06-16T00:28:23","guid":{"rendered":"https:\/\/altal.ro\/?post_type=product&#038;p=2890"},"modified":"2025-07-23T02:13:34","modified_gmt":"2025-07-22T23:13:34","slug":"grunt-voda-43-kw-gwhp43","status":"publish","type":"product","link":"https:\/\/altal.ro\/ru\/grunt-voda-43-kw-gwhp43\/","title":{"rendered":"\u0422\u0435\u043f\u043b\u043e\u0432\u043e\u0439 \u043d\u0430\u0441\u043e\u0441 \u0433\u0440\u0443\u043d\u0442-\u0432\u043e\u0434\u0430 43 \u043a\u0412\u0442 GWHP43"},"content":{"rendered":"<div id=\"ez-toc-container\" class=\"ez-toc-v2_0_82_2 counter-hierarchy ez-toc-counter ez-toc-grey ez-toc-container-direction\">\n<div class=\"ez-toc-title-container\">\n<p class=\"ez-toc-title\" style=\"cursor:inherit\">\u0422\u0435\u043f\u043b\u043e\u0432\u043e\u0439 \u043d\u0430\u0441\u043e\u0441 \u0433\u0440\u0443\u043d\u0442-\u0432\u043e\u0434\u0430 43 \u043a\u0412\u0442<\/p>\n<span class=\"ez-toc-title-toggle\"><a href=\"#\" class=\"ez-toc-pull-right ez-toc-btn ez-toc-btn-xs ez-toc-btn-default ez-toc-toggle\" aria-label=\"\u041f\u0435\u0440\u0435\u043a\u043b\u044e\u0447\u0438\u0442\u044c \u0441\u043e\u0434\u0435\u0440\u0436\u0430\u043d\u0438\u0435\"><span class=\"ez-toc-js-icon-con\"><span class=\"\"><span class=\"eztoc-hide\" style=\"display:none;\">\u041f\u0435\u0440\u0435\u043a\u043b\u044e\u0447\u0430\u0442\u044c<\/span><span class=\"ez-toc-icon-toggle-span\"><svg style=\"fill: #999;color:#999\" xmlns=\"http:\/\/www.w3.org\/2000\/svg\" class=\"list-377408\" width=\"20px\" height=\"20px\" viewbox=\"0 0 24 24\" fill=\"none\"><path d=\"M6 6H4v2h2V6zm14 0H8v2h12V6zM4 11h2v2H4v-2zm16 0H8v2h12v-2zM4 16h2v2H4v-2zm16 0H8v2h12v-2z\" fill=\"currentColor\"><\/path><\/svg><svg style=\"fill: #999;color:#999\" class=\"arrow-unsorted-368013\" xmlns=\"http:\/\/www.w3.org\/2000\/svg\" width=\"10px\" height=\"10px\" viewbox=\"0 0 24 24\" version=\"1.2\" baseprofile=\"tiny\"><path d=\"M18.2 9.3l-6.2-6.3-6.2 6.3c-.2.2-.3.4-.3.7s.1.5.3.7c.2.2.4.3.7.3h11c.3 0 .5-.1.7-.3.2-.2.3-.5.3-.7s-.1-.5-.3-.7zM5.8 14.7l6.2 6.3 6.2-6.3c.2-.2.3-.5.3-.7s-.1-.5-.3-.7c-.2-.2-.4-.3-.7-.3h-11c-.3 0-.5.1-.7.3-.2.2-.3.5-.3.7s.1.5.3.7z\"\/><\/svg><\/span><\/span><\/span><\/a><\/span><\/div>\n<nav><ul class='ez-toc-list ez-toc-list-level-1' ><li class='ez-toc-page-1 ez-toc-heading-level-2'><a class=\"ez-toc-link ez-toc-heading-1\" href=\"https:\/\/altal.ro\/ru\/grunt-voda-43-kw-gwhp43\/#Pompa_de_caldura_sol-apa_43_kW_GWHP43\">\u0422\u0435\u043f\u043b\u043e\u0432\u043e\u0439 \u043d\u0430\u0441\u043e\u0441 \u0433\u0440\u0443\u043d\u0442-\u0432\u043e\u0434\u0430 43 \u043a\u0412\u0442 GWHP43<\/a><ul class='ez-toc-list-level-4' ><li class='ez-toc-heading-level-4'><ul class='ez-toc-list-level-4' ><li class='ez-toc-heading-level-4'><a class=\"ez-toc-link ez-toc-heading-2\" href=\"https:\/\/altal.ro\/ru\/grunt-voda-43-kw-gwhp43\/#Eficienta_energetica_si_ecologicitate\">\u042d\u043d\u0435\u0440\u0433\u043e\u044d\u0444\u0444\u0435\u043a\u0442\u0438\u0432\u043d\u043e\u0441\u0442\u044c \u0438 \u044d\u043a\u043e\u043b\u043e\u0433\u0438\u0447\u043d\u043e\u0441\u0442\u044c<\/a><\/li><li class='ez-toc-page-1 ez-toc-heading-level-4'><a class=\"ez-toc-link ez-toc-heading-3\" href=\"https:\/\/altal.ro\/ru\/grunt-voda-43-kw-gwhp43\/#Principalele_beneficii\">\u041e\u0441\u043d\u043e\u0432\u043d\u044b\u0435 \u043f\u0440\u0435\u0438\u043c\u0443\u0449\u0435\u0441\u0442\u0432\u0430<\/a><\/li><li class='ez-toc-page-1 ez-toc-heading-level-4'><a class=\"ez-toc-link ez-toc-heading-4\" href=\"https:\/\/altal.ro\/ru\/grunt-voda-43-kw-gwhp43\/#Optiuni_de_carcasa\">\u0412\u0430\u0440\u0438\u0430\u043d\u0442\u044b \u0440\u0430\u0437\u043c\u0435\u0449\u0435\u043d\u0438\u044f<\/a><\/li><li class='ez-toc-page-1 ez-toc-heading-level-4'><a class=\"ez-toc-link ez-toc-heading-5\" href=\"https:\/\/altal.ro\/ru\/grunt-voda-43-kw-gwhp43\/#Pompa_de_caldura_sol-apa_43_kW_GWHP43_Specificatii_tehnice\">\u0422\u0435\u043f\u043b\u043e\u0432\u043e\u0439 \u043d\u0430\u0441\u043e\u0441 \u0433\u0440\u0443\u043d\u0442-\u0432\u043e\u0434\u0430 43 \u043a\u0412\u0442 GWHP43. \u0422\u0435\u0445\u043d\u0438\u0447\u0435\u0441\u043a\u0438\u0435 \u0445\u0430\u0440\u0430\u043a\u0442\u0435\u0440\u0438\u0441\u0442\u0438\u043a\u0438<\/a><\/li><li class='ez-toc-page-1 ez-toc-heading-level-4'><a class=\"ez-toc-link ez-toc-heading-6\" href=\"https:\/\/altal.ro\/ru\/grunt-voda-43-kw-gwhp43\/#De_ce_sa_alegi_pompa_de_caldura_sol-apa_43_kW_GWHP43\">\u041f\u043e\u0447\u0435\u043c\u0443 \u0441\u0442\u043e\u0438\u0442 \u0432\u044b\u0431\u0440\u0430\u0442\u044c \u0442\u0435\u043f\u043b\u043e\u0432\u043e\u0439 \u043d\u0430\u0441\u043e\u0441 \u00ab\u0437\u0435\u043c\u043b\u044f-\u0432\u043e\u0434\u0430\u00bb GWHP43 \u043c\u043e\u0449\u043d\u043e\u0441\u0442\u044c\u044e 43 \u043a\u0412\u0442?<\/a><\/li><\/ul><\/li><li class='ez-toc-page-1 ez-toc-heading-level-3'><a class=\"ez-toc-link ez-toc-heading-7\" href=\"https:\/\/altal.ro\/ru\/grunt-voda-43-kw-gwhp43\/#Cum_comanzi\">\u041a\u0430\u043a \u0441\u0434\u0435\u043b\u0430\u0442\u044c \u0437\u0430\u043a\u0430\u0437?<\/a><ul class='ez-toc-list-level-4' ><li class='ez-toc-heading-level-4'><a class=\"ez-toc-link ez-toc-heading-8\" href=\"https:\/\/altal.ro\/ru\/grunt-voda-43-kw-gwhp43\/#Produs_in_Moldova\">\u0421\u0434\u0435\u043b\u0430\u043d\u043e \u0432 \u041c\u043e\u043b\u0434\u043e\u0432\u0435!<\/a><\/li><\/ul><\/li><\/ul><\/li><\/ul><\/nav><\/div>\n\n<h2><span class=\"ez-toc-section\" id=\"Pompa_de_caldura_sol-apa_43_kW_GWHP43\"><\/span>\u0422\u0435\u043f\u043b\u043e\u0432\u043e\u0439 \u043d\u0430\u0441\u043e\u0441 \u0433\u0440\u0443\u043d\u0442-\u0432\u043e\u0434\u0430 43 \u043a\u0412\u0442 GWHP43<span class=\"ez-toc-section-end\"><\/span><\/h2>\n<p>\u2014 \u0443\u043d\u0438\u0432\u0435\u0440\u0441\u0430\u043b\u044c\u043d\u043e\u0435 \u0440\u0435\u0448\u0435\u043d\u0438\u0435 \u0434\u043b\u044f \u0434\u043e\u043c\u0430 \u0438 \u0431\u0438\u0437\u043d\u0435\u0441\u0430.<\/p>\n<h4><span class=\"ez-toc-section\" id=\"Eficienta_energetica_si_ecologicitate\"><\/span><strong>\u042d\u043d\u0435\u0440\u0433\u043e\u044d\u0444\u0444\u0435\u043a\u0442\u0438\u0432\u043d\u043e\u0441\u0442\u044c \u0438 \u044d\u043a\u043e\u043b\u043e\u0433\u0438\u0447\u043d\u043e\u0441\u0442\u044c<\/strong><span class=\"ez-toc-section-end\"><\/span><\/h4>\n<p><a href=\"https:\/\/altal.ro\/ru\/grunt-voda-altal\/\" target=\"_blank\" rel=\"noopener\">\u0422\u0435\u043f\u043b\u043e\u0432\u043e\u0439 \u043d\u0430\u0441\u043e\u0441 \u0433\u0440\u0443\u043d\u0442-\u0432\u043e\u0434\u0430 43 \u043a\u0412\u0442 GWHP43<\/a> ofer\u0103 cea mai mare eficien\u021b\u0103 pentru \u00eenc\u0103lzire, r\u0103cire \u0219i ap\u0103 cald\u0103 menajer\u0103. Folosind energia din sol, Pomp\u0103 de c\u0103ldur\u0103 sol-ap\u0103 43 kW GWHP43 permite reducerea costurilor de energie cu p\u00e2n\u0103 la 70%, fiind una dintre cele mai rentabile solu\u021bii. Pomp\u0103 de c\u0103ldur\u0103 sol-ap\u0103 43 kW GWHP43 func\u021bioneaz\u0103 stabil, indiferent de temperatura mediului exterior, \u0219i este potrivit\u0103 pentru obiective cu suprafa\u021ba de la <strong>270\u2013520 \u043c\u00b2<\/strong>, \u043e\u0431\u0435\u0441\u043f\u0435\u0447\u0438\u0432\u0430\u044f \u043a\u043e\u043c\u0444\u043e\u0440\u0442 \u0432 \u0442\u0435\u0447\u0435\u043d\u0438\u0435 \u0432\u0441\u0435\u0433\u043e \u0433\u043e\u0434\u0430.<\/p>\n<hr \/>\n<h4><span class=\"ez-toc-section\" id=\"Principalele_beneficii\"><\/span><strong>\u041e\u0441\u043d\u043e\u0432\u043d\u044b\u0435 \u043f\u0440\u0435\u0438\u043c\u0443\u0449\u0435\u0441\u0442\u0432\u0430<\/strong><span class=\"ez-toc-section-end\"><\/span><\/h4>\n<p><strong>1. \u041c\u0430\u043a\u0441\u0438\u043c\u0430\u043b\u044c\u043d\u0430\u044f \u044d\u0444\u0444\u0435\u043a\u0442\u0438\u0432\u043d\u043e\u0441\u0442\u044c:<\/strong><\/p>\n<ul>\n<li>\u0412\u044b\u0441\u043e\u043a\u0438\u0439 \u043a\u043e\u044d\u0444\u0444\u0438\u0446\u0438\u0435\u043d\u0442 \u044d\u043d\u0435\u0440\u0433\u043e\u044d\u0444\u0444\u0435\u043a\u0442\u0438\u0432\u043d\u043e\u0441\u0442\u0438 (\u041a\u041f\u0414), \u0434\u043e <strong>4.65<\/strong>, \u0447\u0442\u043e \u0441\u043f\u043e\u0441\u043e\u0431\u0441\u0442\u0432\u0443\u0435\u0442 \u0437\u043d\u0430\u0447\u0438\u0442\u0435\u043b\u044c\u043d\u043e\u0439 \u044d\u043a\u043e\u043d\u043e\u043c\u0438\u0438.<\/li>\n<li>\u0423\u0441\u0442\u043e\u0439\u0447\u0438\u0432 \u043a \u044d\u043a\u0441\u0442\u0440\u0435\u043c\u0430\u043b\u044c\u043d\u044b\u043c \u0442\u0435\u043c\u043f\u0435\u0440\u0430\u0442\u0443\u0440\u0430\u043c, \u043e\u0442 <strong>-50\u00b0\u0421 \u0434\u043e +45\u00b0\u0421<\/strong>, \u0447\u0442\u043e \u0434\u0435\u043b\u0430\u0435\u0442 \u0441\u0438\u0441\u0442\u0435\u043c\u0443 \u043d\u0430\u0434\u0435\u0436\u043d\u043e\u0439 \u0432 \u043b\u044e\u0431\u044b\u0445 \u043a\u043b\u0438\u043c\u0430\u0442\u0438\u0447\u0435\u0441\u043a\u0438\u0445 \u0443\u0441\u043b\u043e\u0432\u0438\u044f\u0445.<\/li>\n<\/ul>\n<p><strong>2. \u0413\u0438\u0431\u043a\u043e\u0441\u0442\u044c \u0438 \u0430\u0434\u0430\u043f\u0442\u0438\u0432\u043d\u043e\u0441\u0442\u044c:<\/strong><\/p>\n<ul>\n<li><strong>\u041c\u043e\u0434\u0435\u043b\u044c \u0438\u043d\u0432\u0435\u0440\u0442\u043e\u0440\u0430:<\/strong> \u0440\u0435\u0433\u0443\u043b\u0438\u0440\u0443\u0435\u043c\u0430\u044f \u043c\u043e\u0449\u043d\u043e\u0441\u0442\u044c \u043e\u0442 43 <strong>\u043a\u0412\u0442<\/strong>, \u043e\u0431\u0435\u0441\u043f\u0435\u0447\u0438\u0432\u0430\u044f \u043e\u043f\u0442\u0438\u043c\u0430\u043b\u044c\u043d\u043e\u0435 \u043f\u043e\u0442\u0440\u0435\u0431\u043b\u0435\u043d\u0438\u0435 \u044d\u043d\u0435\u0440\u0433\u0438\u0438.<\/li>\n<li><strong>\u0424\u0438\u043a\u0441\u0438\u0440\u043e\u0432\u0430\u043d\u043d\u0430\u044f \u043c\u043e\u0449\u043d\u043e\u0441\u0442\u044c:<\/strong> \u0421\u0442\u0430\u0431\u0438\u043b\u044c\u043d\u0430\u044f \u0440\u0430\u0431\u043e\u0442\u0430 \u043f\u0440\u0438 \u043c\u043e\u0449\u043d\u043e\u0441\u0442\u0438 43 \u043a\u0412\u0442, \u0438\u0434\u0435\u0430\u043b\u044c\u043d\u0430 \u0434\u043b\u044f \u043f\u0440\u043e\u0441\u0442\u043e\u0433\u043e \u0438\u0441\u043f\u043e\u043b\u044c\u0437\u043e\u0432\u0430\u043d\u0438\u044f.<\/li>\n<\/ul>\n<p><strong>3. \u042d\u043a\u043e\u043b\u043e\u0433\u0438\u0447\u0435\u0441\u043a\u0430\u044f \u0431\u0435\u0437\u043e\u043f\u0430\u0441\u043d\u043e\u0441\u0442\u044c:<\/strong><\/p>\n<ul>\n<li>\u0425\u043b\u0430\u0434\u0430\u0433\u0435\u043d\u0442 <strong>\u04201234<\/strong> \u0441 \u043c\u0438\u043d\u0438\u043c\u0430\u043b\u044c\u043d\u044b\u043c \u0432\u043e\u0437\u0434\u0435\u0439\u0441\u0442\u0432\u0438\u0435\u043c \u043d\u0430 \u043e\u043a\u0440\u0443\u0436\u0430\u044e\u0449\u0443\u044e \u0441\u0440\u0435\u0434\u0443.<\/li>\n<li><a href=\"https:\/\/www.geothermal.org\/\" target=\"_blank\" rel=\"noopener\">\u0413\u0435\u043e\u0442\u0435\u0440\u043c\u0430\u043b\u044c\u043d\u0430\u044f \u044d\u043d\u0435\u0440\u0433\u0438\u044f<\/a> \u0441\u043e\u043a\u0440\u0430\u0449\u0430\u0435\u0442 \u0432\u044b\u0431\u0440\u043e\u0441\u044b \u0443\u0433\u043b\u0435\u043a\u0438\u0441\u043b\u043e\u0433\u043e \u0433\u0430\u0437\u0430, \u043e\u0431\u0435\u0441\u043f\u0435\u0447\u0438\u0432\u0430\u044f \u044d\u043a\u043e\u043b\u043e\u0433\u0438\u0447\u0435\u0441\u043a\u0443\u044e \u0443\u0441\u0442\u043e\u0439\u0447\u0438\u0432\u043e\u0441\u0442\u044c.<\/li>\n<\/ul>\n<hr \/>\n<h4><span class=\"ez-toc-section\" id=\"Optiuni_de_carcasa\"><\/span><strong>\u0412\u0430\u0440\u0438\u0430\u043d\u0442\u044b \u0440\u0430\u0437\u043c\u0435\u0449\u0435\u043d\u0438\u044f<\/strong><span class=\"ez-toc-section-end\"><\/span><\/h4>\n<ul>\n<li><strong>\u041a\u043e\u043c\u043f\u0430\u043a\u0442\u043d\u0430\u044f \u0432\u0435\u0440\u0441\u0438\u044f:<\/strong> \u0438\u0434\u0435\u0430\u043b\u044c\u043d\u043e \u043f\u043e\u0434\u0445\u043e\u0434\u0438\u0442 \u0434\u043b\u044f \u0443\u0441\u0442\u0430\u043d\u043e\u0432\u043a\u0438 \u0432 \u043e\u0433\u0440\u0430\u043d\u0438\u0447\u0435\u043d\u043d\u043e\u043c \u043f\u0440\u043e\u0441\u0442\u0440\u0430\u043d\u0441\u0442\u0432\u0435.<\/li>\n<li><strong>\u0421\u0442\u0430\u043d\u0434\u0430\u0440\u0442\u043d\u044b\u0439 \u043a\u043e\u0440\u043f\u0443\u0441:<\/strong> \u043e\u0431\u043b\u0435\u0433\u0447\u0430\u0435\u0442 \u0441\u0431\u043e\u0440\u043a\u0443 \u0438 \u043e\u0431\u0441\u043b\u0443\u0436\u0438\u0432\u0430\u043d\u0438\u0435, \u0441\u043e\u0445\u0440\u0430\u043d\u044f\u044f \u0432\u044b\u0441\u043e\u043a\u0443\u044e \u043f\u0440\u043e\u0438\u0437\u0432\u043e\u0434\u0438\u0442\u0435\u043b\u044c\u043d\u043e\u0441\u0442\u044c.<\/li>\n<\/ul>\n<hr \/>\n<h4><span class=\"ez-toc-section\" id=\"Pompa_de_caldura_sol-apa_43_kW_GWHP43_Specificatii_tehnice\"><\/span><strong>\u0422\u0435\u043f\u043b\u043e\u0432\u043e\u0439 \u043d\u0430\u0441\u043e\u0441 \u0433\u0440\u0443\u043d\u0442-\u0432\u043e\u0434\u0430 43 \u043a\u0412\u0442 GWHP43. \u0422\u0435\u0445\u043d\u0438\u0447\u0435\u0441\u043a\u0438\u0435 \u0445\u0430\u0440\u0430\u043a\u0442\u0435\u0440\u0438\u0441\u0442\u0438\u043a\u0438<\/strong><span class=\"ez-toc-section-end\"><\/span><\/h4>\n<table style=\"height: 252px;width: 39.3787%\" border=\"1\">\n<thead>\n<tr style=\"height: 36px\">\n<th style=\"width: 28.2761%;height: 36px\"><strong>\u041f\u0430\u0440\u0430\u043c\u0435\u0442\u0440<\/strong><\/th>\n<th style=\"width: 30.5472%;height: 36px;text-align: center\"><strong>\u0424\u0438\u043a\u0441\u0438\u0440\u043e\u0432\u0430\u043d\u043d\u0430\u044f \u043c\u043e\u0449\u043d\u043e\u0441\u0442\u044c<\/strong><\/th>\n<\/tr>\n<\/thead>\n<tbody>\n<tr style=\"height: 36px\">\n<td style=\"width: 28.2761%;height: 36px\">\u041c\u043e\u0449\u043d\u043e\u0441\u0442\u044c<\/td>\n<td style=\"width: 30.5472%;height: 36px;text-align: center\">43 \u043a\u0412\u0442<\/td>\n<\/tr>\n<tr style=\"height: 36px\">\n<td style=\"width: 28.2761%;height: 36px\">\u043a\u043e\u044d\u0444\u0444\u0438\u0446\u0438\u0435\u043d\u0442 \u041a\u041f\u0414<\/td>\n<td style=\"width: 30.5472%;height: 36px;text-align: center\">\u0414\u043e 4,53<\/td>\n<\/tr>\n<tr style=\"height: 36px\">\n<td style=\"width: 28.2761%;height: 36px\">\u041f\u043e\u0432\u0435\u0440\u0445\u043d\u043e\u0441\u0442\u044c \u043d\u0430\u0433\u0440\u0435\u0432\u0430<\/td>\n<td style=\"width: 30.5472%;height: 36px;text-align: center\"><strong>270\u2013520 \u043c\u00b2<\/strong><\/td>\n<\/tr>\n<tr style=\"height: 36px\">\n<td style=\"width: 28.2761%;height: 36px\">\u0425\u043b\u0430\u0434\u0430\u0433\u0435\u043d\u0442<\/td>\n<td style=\"width: 30.5472%;height: 36px;text-align: center\">R1234yf<\/td>\n<\/tr>\n<tr style=\"height: 36px\">\n<td style=\"width: 28.2761%;height: 36px\">\u0414\u0438\u0430\u043f\u0430\u0437\u043e\u043d \u0442\u0435\u043c\u043f\u0435\u0440\u0430\u0442\u0443\u0440<\/td>\n<td style=\"width: 30.5472%;height: 36px;text-align: center\">\u041e\u0442 -50\u00b0\u0421 \u0434\u043e +45\u00b0\u0421<\/td>\n<\/tr>\n<tr style=\"height: 36px\">\n<td style=\"width: 28.2761%;height: 36px\">\u0423\u0440\u043e\u0432\u0435\u043d\u044c \u0448\u0443\u043c\u0430<\/td>\n<td style=\"width: 30.5472%;height: 36px;text-align: center\">&lt;50 dB<\/td>\n<\/tr>\n<\/tbody>\n<\/table>\n<hr \/>\n<h4><span class=\"ez-toc-section\" id=\"De_ce_sa_alegi_pompa_de_caldura_sol-apa_43_kW_GWHP43\"><\/span><strong>\u041f\u043e\u0447\u0435\u043c\u0443 \u0441\u0442\u043e\u0438\u0442 \u0432\u044b\u0431\u0440\u0430\u0442\u044c \u0442\u0435\u043f\u043b\u043e\u0432\u043e\u0439 \u043d\u0430\u0441\u043e\u0441 \u00ab\u0437\u0435\u043c\u043b\u044f-\u0432\u043e\u0434\u0430\u00bb GWHP43 \u043c\u043e\u0449\u043d\u043e\u0441\u0442\u044c\u044e 43 \u043a\u0412\u0442?<\/strong><span class=\"ez-toc-section-end\"><\/span><\/h4>\n<ul>\n<li><strong><a href=\"https:\/\/www.irena.org\/\" target=\"_blank\" rel=\"noopener\">\u042d\u043d\u0435\u0440\u0433\u043e\u044d\u0444\u0444\u0435\u043a\u0442\u0438\u0432\u043d\u043e\u0441\u0442\u044c<\/a>:<\/strong> \u041e\u043d \u0438\u0441\u043f\u043e\u043b\u044c\u0437\u0443\u0435\u0442 \u0432\u043e\u0437\u043e\u0431\u043d\u043e\u0432\u043b\u044f\u0435\u043c\u044b\u0435 \u0440\u0435\u0441\u0443\u0440\u0441\u044b, \u0447\u0442\u043e \u043e\u0431\u0435\u0441\u043f\u0435\u0447\u0438\u0432\u0430\u0435\u0442 \u0437\u043d\u0430\u0447\u0438\u0442\u0435\u043b\u044c\u043d\u0443\u044e \u044d\u043a\u043e\u043d\u043e\u043c\u0438\u044e \u043d\u0430 \u043e\u0442\u043e\u043f\u043b\u0435\u043d\u0438\u0438 \u0438 \u043e\u0445\u043b\u0430\u0436\u0434\u0435\u043d\u0438\u0438.<\/li>\n<li><strong>\u042d\u043a\u043e\u043b\u043e\u0433\u0438\u0447\u043d\u043e\u0441\u0442\u044c:<\/strong> \u0421\u043d\u0438\u0436\u0430\u0435\u0442 \u0432\u043e\u0437\u0434\u0435\u0439\u0441\u0442\u0432\u0438\u0435 \u043d\u0430 \u043e\u043a\u0440\u0443\u0436\u0430\u044e\u0449\u0443\u044e \u0441\u0440\u0435\u0434\u0443 \u0431\u043b\u0430\u0433\u043e\u0434\u0430\u0440\u044f \u0438\u0441\u043f\u043e\u043b\u044c\u0437\u043e\u0432\u0430\u043d\u0438\u044e \u044d\u043a\u043e\u043b\u043e\u0433\u0438\u0447\u0435\u0441\u043a\u0438 \u0447\u0438\u0441\u0442\u043e\u0433\u043e \u0445\u043b\u0430\u0434\u0430\u0433\u0435\u043d\u0442\u0430 \u0438 \u0433\u0435\u043e\u0442\u0435\u0440\u043c\u0430\u043b\u044c\u043d\u043e\u0439 \u044d\u043d\u0435\u0440\u0433\u0438\u0438.<\/li>\n<li><strong>\u041f\u0440\u043e\u0447\u043d\u043e\u0441\u0442\u044c:<\/strong> \u0414\u0432\u0443\u0445\u043a\u043e\u043c\u043f\u0440\u0435\u0441\u0441\u043e\u0440\u043d\u044b\u0439 \u0442\u0435\u043f\u043b\u043e\u0432\u043e\u0439 \u043d\u0430\u0441\u043e\u0441 \u043e\u0442\u043b\u0438\u0447\u0430\u0435\u0442\u0441\u044f \u0432\u044b\u0441\u043e\u043a\u043e\u0439 \u043d\u0430\u0434\u0435\u0436\u043d\u043e\u0441\u0442\u044c\u044e \u0438 \u0441\u0440\u043e\u043a\u043e\u043c \u0441\u043b\u0443\u0436\u0431\u044b \u0431\u043e\u043b\u0435\u0435 20 \u043b\u0435\u0442.<\/li>\n<li><strong>\u0423\u043d\u0438\u0432\u0435\u0440\u0441\u0430\u043b\u044c\u043d\u043e\u0441\u0442\u044c:<\/strong> \u041f\u043e\u0434\u0445\u043e\u0434\u0438\u0442 \u0434\u043b\u044f \u0447\u0430\u0441\u0442\u043d\u044b\u0445 \u0434\u043e\u043c\u043e\u0432, \u043a\u043e\u043c\u043c\u0435\u0440\u0447\u0435\u0441\u043a\u0438\u0445 \u0437\u0434\u0430\u043d\u0438\u0439 \u0438 \u043e\u0444\u0438\u0441\u043e\u0432, \u043e\u0431\u0435\u0441\u043f\u0435\u0447\u0438\u0432\u0430\u044f \u043a\u043e\u043c\u0444\u043e\u0440\u0442 \u043a\u0440\u0443\u0433\u043b\u044b\u0439 \u0433\u043e\u0434.<\/li>\n<\/ul>\n<hr \/>\n<h3><span class=\"ez-toc-section\" id=\"Cum_comanzi\"><\/span>\u041a\u0430\u043a \u0441\u0434\u0435\u043b\u0430\u0442\u044c \u0437\u0430\u043a\u0430\u0437?<span class=\"ez-toc-section-end\"><\/span><\/h3>\n<p>\ud83d\udcde \u0421\u0432\u044f\u0436\u0438\u0442\u0435\u0441\u044c \u0441 \u043d\u0430\u043c\u0438 \u0434\u043b\u044f \u043a\u043e\u043d\u0441\u0443\u043b\u044c\u0442\u0430\u0446\u0438\u0438 \u0438 \u0432\u044b\u0431\u043e\u0440\u0430 \u043f\u043e\u0434\u0445\u043e\u0434\u044f\u0449\u0435\u0439 \u043c\u043e\u0434\u0435\u043b\u0438! \u041c\u044b \u043f\u043e\u043c\u043e\u0436\u0435\u043c \u0432\u0430\u043c \u0438\u043d\u0432\u0435\u0441\u0442\u0438\u0440\u043e\u0432\u0430\u0442\u044c \u0432 \u044d\u043a\u043e\u043b\u043e\u0433\u0438\u0447\u0435\u0441\u043a\u0438 \u0447\u0438\u0441\u0442\u043e\u0435 \u0438 \u044d\u043d\u0435\u0440\u0433\u043e\u044d\u0444\u0444\u0435\u043a\u0442\u0438\u0432\u043d\u043e\u0435 \u0440\u0435\u0448\u0435\u043d\u0438\u0435 \u0434\u043b\u044f \u0432\u0430\u0448\u0435\u0433\u043e \u0434\u043e\u043c\u0430 \u0438\u043b\u0438 \u0431\u0438\u0437\u043d\u0435\u0441\u0430.<\/p>\n<hr \/>\n<h4><span class=\"ez-toc-section\" id=\"Produs_in_Moldova\"><\/span><span style=\"color: #ff0000\"><strong>\u0421\u0434\u0435\u043b\u0430\u043d\u043e \u0432 \u041c\u043e\u043b\u0434\u043e\u0432\u0435!<\/strong><\/span><span class=\"ez-toc-section-end\"><\/span><\/h4>\n<hr \/>\n<p>\u00a0<\/p>","protected":false},"excerpt":{"rendered":"<ul style=\"list-style-type: circle;\">\n<li>\u0422\u0435\u043f\u043b\u043e\u0432\u0430\u044f \u043c\u043e\u0449\u043d\u043e\u0441\u0442\u044c: <strong>43 \u043a\u0412\u0442<\/strong><\/li>\n<li>\u041a\u043e\u043c\u043f\u0440\u0435\u0441\u0441\u043e\u0440 \u0441 \u0444\u0438\u043a\u0441\u0438\u0440\u043e\u0432\u0430\u043d\u043d\u043e\u0439 \u0441\u043a\u043e\u0440\u043e\u0441\u0442\u044c\u044e.<\/li>\n<li>\u0420\u0435\u043a\u043e\u043c\u0435\u043d\u0434\u0443\u0435\u043c\u0430\u044f \u0442\u0435\u043c\u043f\u0435\u0440\u0430\u0442\u0443\u0440\u0430 \u0438\u0441\u0442\u043e\u0447\u043d\u0438\u043a\u0430: \u043e\u0442 <strong>+5\u00b0\u0421 <\/strong>\u00a0\u043d\u0430 <strong>+30 \u2103<\/strong><\/li>\n<li>\u0414\u0438\u0430\u043f\u0430\u0437\u043e\u043d \u0442\u0435\u043c\u043f\u0435\u0440\u0430\u0442\u0443\u0440 \u043e\u043a\u0440\u0443\u0436\u0430\u044e\u0449\u0435\u0439 \u0441\u0440\u0435\u0434\u044b \u043e\u0442 <strong>-50\u00b0\u0421 <\/strong>\u00a0\u043d\u0430 <strong>+43 \u2103<\/strong>.<\/li>\n<li>\u041e\u0442\u043e\u043f\u043b\u0435\u043d\u0438\u0435, \u043e\u0445\u043b\u0430\u0436\u0434\u0435\u043d\u0438\u0435 \u0438 \u0433\u043e\u0440\u044f\u0447\u0430\u044f \u0432\u043e\u0434\u0430 \u043a\u0440\u0443\u0433\u043b\u044b\u0439 \u0433\u043e\u0434.<\/li>\n<li>\u0423\u0440\u043e\u0432\u0435\u043d\u044c \u044d\u043d\u0435\u0440\u0433\u043e\u044d\u0444\u0444\u0435\u043a\u0442\u0438\u0432\u043d\u043e\u0441\u0442\u0438 A+++, COP 4,65.<\/li>\n<li>\u041d\u0430\u0437\u043d\u0430\u0447\u0435\u043d\u0438\u0435: \u043e\u0442\u043e\u043f\u043b\u0435\u043d\u0438\u0435, \u043e\u0445\u043b\u0430\u0436\u0434\u0435\u043d\u0438\u0435 \u0434\u043e\u043c\u043e\u0432 <strong>\u043e\u0442 270 \u0434\u043e 520 \u043c\u00b2<\/strong>.<\/li>\n<\/ul>\n<p><strong>\u0422\u0435\u043f\u043b\u043e\u0432\u043e\u0439 \u043d\u0430\u0441\u043e\u0441 \u043c\u043e\u0436\u0435\u0442 \u0431\u044b\u0442\u044c \u0438\u0437\u0433\u043e\u0442\u043e\u0432\u043b\u0435\u043d \u043f\u043e \u0438\u043d\u0434\u0438\u0432\u0438\u0434\u0443\u0430\u043b\u044c\u043d\u043e\u043c\u0443 \u0437\u0430\u043a\u0430\u0437\u0443 \u0432 \u0441\u043b\u0435\u0434\u0443\u044e\u0449\u0438\u0445 \u043a\u043e\u043d\u0444\u0438\u0433\u0443\u0440\u0430\u0446\u0438\u044f\u0445:<\/strong><\/p>\n<ol>\n<li>\u0425\u043b\u0430\u0434\u0430\u0433\u0435\u043d\u0442 R1234yf, \u0442\u0435\u043c\u043f\u0435\u0440\u0430\u0442\u0443\u0440\u0430 \u0432\u043e\u0434\u044b \u0434\u043e <strong><span style=\"color: #ff0000;\">+75 \u2103.<\/span><\/strong><\/li>\n<li>\u0425\u043b\u0430\u0434\u0430\u0433\u0435\u043d\u0442 R1234ze, \u0442\u0435\u043c\u043f\u0435\u0440\u0430\u0442\u0443\u0440\u0430 \u0432\u043e\u0434\u044b \u0434\u043e <strong><span style=\"color: #ff0000;\">+85 \u2103<\/span><\/strong>.<\/li>\n<li>\u0425\u043b\u0430\u0434\u0430\u0433\u0435\u043d\u0442 R407,  \u0442\u0435\u043c\u043f\u0435\u0440\u0430\u0442\u0443\u0440\u0430 \u0432\u043e\u0434\u044b \u0434\u043e\u00a0<strong><span style=\"color: #ff0000;\">+60 \u2103<\/span><\/strong>.<\/li>\n<\/ol>\n<p><span style=\"color: #0000ff;\"><strong>\u0421\u0432\u044f\u0436\u0438\u0442\u0435\u0441\u044c \u0441 \u043d\u0430\u043c\u0438 \u043f\u0435\u0440\u0435\u0434 \u043f\u043e\u043a\u0443\u043f\u043a\u043e\u0439 \u0434\u043b\u044f \u0443\u0442\u043e\u0447\u043d\u0435\u043d\u0438\u044f \u0434\u0435\u0442\u0430\u043b\u0435\u0439.<\/strong><\/span><\/p>\n<h4><span style=\"color: #ff0000;\">\u0421\u0434\u0435\u043b\u0430\u043d\u043e \u0432 \u041c\u043e\u043b\u0434\u043e\u0432\u0435<\/span><\/h4>","protected":false},"featured_media":2023,"comment_status":"open","ping_status":"closed","template":"","meta":{"_acf_changed":false,"_kad_post_transparent":"default","_kad_post_title":"","_kad_post_layout":"default","_kad_post_sidebar_id":"","_kad_post_content_style":"default","_kad_post_vertical_padding":"default","_kad_post_feature":"","_kad_post_feature_position":"","_kad_post_header":false,"_kad_post_footer":false},"product_brand":[198],"product_cat":[227],"product_tag":[243,459,229,460],"class_list":{"0":"post-2890","1":"product","2":"type-product","3":"status-publish","4":"has-post-thumbnail","6":"product_brand-altal","7":"product_cat-sol-apa-fix","8":"product_tag-43-kw","9":"product_tag-520-m2","10":"product_tag-geotermala","11":"product_tag-sol-apa","12":"pa_compresor-viteza-fixa","13":"pa_putere-termica-kw-43-kw","14":"pa_suprafata-de-incalzire--464","15":"pa_temperatura-apei--60c","16":"pa_temperatura-apei--75c","17":"pa_temperatura-apei--85c","18":"pa_tip-pompa-de-caldura-sol-apa","20":"first","21":"instock","22":"sale","23":"featured","24":"taxable","25":"shipping-taxable","26":"purchasable","27":"product-type-simple","28":"entry","29":"content-bg","30":"loop-entry"},"acf":[],"_links":{"self":[{"href":"https:\/\/altal.ro\/ru\/wp-json\/wp\/v2\/product\/2890","targetHints":{"allow":["GET"]}}],"collection":[{"href":"https:\/\/altal.ro\/ru\/wp-json\/wp\/v2\/product"}],"about":[{"href":"https:\/\/altal.ro\/ru\/wp-json\/wp\/v2\/types\/product"}],"replies":[{"embeddable":true,"href":"https:\/\/altal.ro\/ru\/wp-json\/wp\/v2\/comments?post=2890"}],"version-history":[{"count":3,"href":"https:\/\/altal.ro\/ru\/wp-json\/wp\/v2\/product\/2890\/revisions"}],"predecessor-version":[{"id":7707,"href":"https:\/\/altal.ro\/ru\/wp-json\/wp\/v2\/product\/2890\/revisions\/7707"}],"wp:featuredmedia":[{"embeddable":true,"href":"https:\/\/altal.ro\/ru\/wp-json\/wp\/v2\/media\/2023"}],"wp:attachment":[{"href":"https:\/\/altal.ro\/ru\/wp-json\/wp\/v2\/media?parent=2890"}],"wp:term":[{"taxonomy":"product_brand","embeddable":true,"href":"https:\/\/altal.ro\/ru\/wp-json\/wp\/v2\/product_brand?post=2890"},{"taxonomy":"product_cat","embeddable":true,"href":"https:\/\/altal.ro\/ru\/wp-json\/wp\/v2\/product_cat?post=2890"},{"taxonomy":"product_tag","embeddable":true,"href":"https:\/\/altal.ro\/ru\/wp-json\/wp\/v2\/product_tag?post=2890"}],"curies":[{"name":"wp","href":"https:\/\/api.w.org\/{rel}","templated":true}]}}