{"id":5315,"date":"2025-06-26T02:18:55","date_gmt":"2025-06-25T23:18:55","guid":{"rendered":"https:\/\/altal.ro\/?page_id=5315"},"modified":"2025-06-26T02:19:50","modified_gmt":"2025-06-25T23:19:50","slug":"conditii","status":"publish","type":"page","link":"https:\/\/altal.ro\/ru\/conditii\/","title":{"rendered":"\u0443\u0441\u043b\u043e\u0432\u0438\u044f"},"content":{"rendered":"<h2 data-pm-slice=\"1 1 []\"><strong>Condi\u021bii magazinului online<\/strong><\/h2>\n<p><strong>1. TERMENI PRINCIPALI<\/strong><\/p>\n<p><strong>Cump\u0103r\u0103torul<\/strong> \u2014 persoan\u0103 fizic\u0103 sau juridic\u0103 care inten\u021bioneaz\u0103 s\u0103 achizi\u021bioneze produse de pe site-ul magazinului online.<\/p>\n<p><strong>Cump\u0103r\u0103torul \u00eenregistrat<\/strong> \u2014 Cump\u0103r\u0103torul care a furnizat V\u00e2nz\u0103torului informa\u021bii VERIDICE (nume, prenume, adres\u0103 de e-mail, num\u0103r de telefon) ce pot fi utilizate pentru plasarea repetat\u0103 a comenzilor. Aceste informa\u021bii sunt furnizate \u00een timpul procesului de comand\u0103.<\/p>\n<p><strong>V\u00e2nz\u0103torul<\/strong> \u2014 organiza\u021bia care vinde produse prin intermediul magazinului online, disponibil la adresa <a href=\"https:\/\/altal.ro\/ru\/\">https:\/altal.ro<\/a>\u00a0\u0438\u043b\u0438 <a href=\"https:\/\/altalheat.com\" target=\"_blank\" rel=\"noopener\">https:\/\/altalheat.com<\/a>.<\/p>\n<p><strong>Magazin online<\/strong> \u2014 site-ul web unde orice Cump\u0103r\u0103tor poate vizualiza produsele, descrierile \u0219i pre\u021burile acestora, selecta produsul dorit, metoda de plat\u0103 \u0219i livrare, \u0219i plasa o Comand\u0103.<\/p>\n<p><strong>Produs<\/strong> \u2014 bun oferit spre v\u00e2nzare \u00een magazinul online prin includerea \u00eentr-o sec\u021biune corespunz\u0103toare.<\/p>\n<p><strong>Comand\u0103<\/strong> \u2014 cererea plasat\u0103 de Cump\u0103r\u0103tor pentru achizi\u021bionarea \u0219i livrarea Produselor selectate la adresa indicat\u0103.<\/p>\n<p><strong>\u041a\u043e\u0434 \u0442\u043e\u0432\u0430\u0440\u0430<\/strong> \u2014 \u0443\u043d\u0438\u043a\u0430\u043b\u044c\u043d\u044b\u0439 \u0438\u0434\u0435\u043d\u0442\u0438\u0444\u0438\u043a\u0430\u0442\u043e\u0440 \u041f\u0440\u043e\u0434\u0443\u043a\u0446\u0438\u0438, \u043f\u0440\u0438\u0441\u0432\u043e\u0435\u043d\u043d\u044b\u0439 \u043f\u0440\u043e\u0438\u0437\u0432\u043e\u0434\u0438\u0442\u0435\u043b\u0435\u043c.<\/p>\n<p><strong>2. DISPOZI\u021aII GENERALE<\/strong><\/p>\n<p>Prezentele condi\u021bii de v\u00e2nzare (denumite \u00een continuare &#8222;Condi\u021bii&#8221;) stabilesc regulile pentru achizi\u021bionarea de produse prin intermediul magazinului online de c\u0103tre persoane fizice sau juridice (&#8222;Cump\u0103r\u0103tor&#8221;). Cump\u0103r\u0103torul \u0219i V\u00e2nz\u0103torul sunt denumi\u021bi \u00eempreun\u0103 &#8222;P\u0103r\u021bile&#8221;, iar separat \u2014 &#8222;P\u0103rtea&#8221;.<\/p>\n<p>Fiecare Parte garanteaz\u0103 c\u0103 are capacitatea legal\u0103 \u0219i drepturile necesare pentru \u00eencheierea \u0219i executarea unui contract de v\u00e2nzare.<\/p>\n<p>Prin plasarea unei comenzi, Cump\u0103r\u0103torul este de acord cu aceste Condi\u021bii.<\/p>\n<p>V\u00e2nz\u0103torul are dreptul de a modifica aceste condi\u021bii de v\u00e2nzare. Cump\u0103r\u0103torul se oblig\u0103 s\u0103 verifice periodic actualiz\u0103rile publicate pe site.<\/p>\n<p>Acordul Cump\u0103r\u0103torului se exprim\u0103 prin bifarea c\u00e2mpului corespunz\u0103tor \u00een formularul de comand\u0103.<\/p>\n<p><strong>3. \u00cenregistrarea \u00een magazinul online<\/strong><\/p>\n<p>V\u00e2nz\u0103torul nu este responsabil pentru acurate\u021bea datelor furnizate de Cump\u0103r\u0103tor \u00een timpul \u00eenregistr\u0103rii.<\/p>\n<p>\u0417\u0430\u0440\u0435\u0433\u0438\u0441\u0442\u0440\u0438\u0440\u043e\u0432\u0430\u043d\u043d\u044b\u0439 \u043f\u043e\u043a\u0443\u043f\u0430\u0442\u0435\u043b\u044c \u043f\u043e\u043b\u0443\u0447\u0430\u0435\u0442 \u043b\u043e\u0433\u0438\u043d \u0438 \u043f\u0430\u0440\u043e\u043b\u044c, \u0447\u0442\u043e \u043e\u0431\u0435\u0441\u043f\u0435\u0447\u0438\u0432\u0430\u0435\u0442 \u0438\u0434\u0435\u043d\u0442\u0438\u0444\u0438\u043a\u0430\u0446\u0438\u044e \u0438 \u0437\u0430\u0449\u0438\u0442\u0443 \u043e\u0442 \u043d\u0435\u0441\u0430\u043d\u043a\u0446\u0438\u043e\u043d\u0438\u0440\u043e\u0432\u0430\u043d\u043d\u043e\u0433\u043e \u0434\u043e\u0441\u0442\u0443\u043f\u0430. \u041f\u0435\u0440\u0435\u0434\u0430\u0447\u0430 \u044d\u0442\u0438\u0445 \u0434\u0430\u043d\u043d\u044b\u0445 \u0442\u0440\u0435\u0442\u044c\u0438\u043c \u043b\u0438\u0446\u0430\u043c \u0437\u0430\u043f\u0440\u0435\u0449\u0435\u043d\u0430. \u041f\u043e\u043a\u0443\u043f\u0430\u0442\u0435\u043b\u044c \u043d\u0435\u0441\u0435\u0442 \u043e\u0442\u0432\u0435\u0442\u0441\u0442\u0432\u0435\u043d\u043d\u043e\u0441\u0442\u044c \u0437\u0430 \u043d\u0435\u0433\u0430\u0442\u0438\u0432\u043d\u044b\u0435 \u043f\u043e\u0441\u043b\u0435\u0434\u0441\u0442\u0432\u0438\u044f \u0440\u0430\u0437\u0433\u043b\u0430\u0448\u0435\u043d\u0438\u044f.<\/p>\n<p>\u041f\u0435\u0440\u0441\u043e\u043d\u0430\u043b\u044c\u043d\u044b\u0435 \u0434\u0430\u043d\u043d\u044b\u0435, \u043f\u0440\u0435\u0434\u043e\u0441\u0442\u0430\u0432\u043b\u0435\u043d\u043d\u044b\u0435 \u0432 \u0438\u043d\u0442\u0435\u0440\u043d\u0435\u0442-\u043c\u0430\u0433\u0430\u0437\u0438\u043d\u0435, \u043d\u0435 \u0431\u0443\u0434\u0443\u0442 \u043f\u0435\u0440\u0435\u0434\u0430\u043d\u044b \u0442\u0440\u0435\u0442\u044c\u0438\u043c \u043b\u0438\u0446\u0430\u043c, \u0437\u0430 \u0438\u0441\u043a\u043b\u044e\u0447\u0435\u043d\u0438\u0435\u043c \u0441\u043b\u0443\u0447\u0430\u0435\u0432, \u043f\u0440\u0435\u0434\u0443\u0441\u043c\u043e\u0442\u0440\u0435\u043d\u043d\u044b\u0445 \u0437\u0430\u043a\u043e\u043d\u043e\u043c \u0438\u043b\u0438 \u0440\u0435\u0448\u0435\u043d\u0438\u0435\u043c \u0441\u0443\u0434\u0430.<\/p>\n<p><strong>4. \u0420\u0410\u0417\u041c\u0415\u0429\u0415\u041d\u0418\u0415 \u0418 \u0418\u0421\u041f\u041e\u041b\u041d\u0415\u041d\u0418\u0415 \u0417\u0410\u041a\u0410\u0417\u0410<\/strong><\/p>\n<p>\u041e\u0444\u043e\u0440\u043c\u043b\u044f\u044f \u0437\u0430\u043a\u0430\u0437, \u041f\u043e\u043a\u0443\u043f\u0430\u0442\u0435\u043b\u044c \u043f\u043e\u0434\u0442\u0432\u0435\u0440\u0436\u0434\u0430\u0435\u0442, \u0447\u0442\u043e \u043e\u043d \u043e\u0437\u043d\u0430\u043a\u043e\u043c\u0438\u043b\u0441\u044f \u0441 \u043f\u0440\u0430\u0432\u0438\u043b\u0430\u043c\u0438 \u043f\u0440\u043e\u0434\u0430\u0436\u0438 \u0438 \u043f\u0440\u0435\u0434\u043e\u0441\u0442\u0430\u0432\u0438\u043b \u043f\u0440\u0430\u0432\u0434\u0438\u0432\u0443\u044e \u0438\u043d\u0444\u043e\u0440\u043c\u0430\u0446\u0438\u044e.<\/p>\n<p>\u041f\u0440\u043e\u0434\u0430\u0432\u0435\u0446 \u043f\u043e\u0434\u0433\u043e\u0442\u0430\u0432\u043b\u0438\u0432\u0430\u0435\u0442 \u0438 \u043e\u0442\u043f\u0440\u0430\u0432\u043b\u044f\u0435\u0442 \u0442\u043e\u0432\u0430\u0440 \u0442\u043e\u043b\u044c\u043a\u043e \u043f\u043e\u0441\u043b\u0435 \u043f\u043e\u0434\u0442\u0432\u0435\u0440\u0436\u0434\u0435\u043d\u0438\u044f \u043e\u043f\u043b\u0430\u0442\u044b.<\/p>\n<p>\u0414\u043b\u044f \u043f\u043e\u043b\u0443\u0447\u0435\u043d\u0438\u044f \u0440\u0430\u0437\u044a\u044f\u0441\u043d\u0435\u043d\u0438\u0439 \u043e\u0442\u043d\u043e\u0441\u0438\u0442\u0435\u043b\u044c\u043d\u043e \u0442\u043e\u0432\u0430\u0440\u0430 \u041f\u043e\u043a\u0443\u043f\u0430\u0442\u0435\u043b\u044e \u043d\u0435\u043e\u0431\u0445\u043e\u0434\u0438\u043c\u043e \u0441\u0432\u044f\u0437\u0430\u0442\u044c\u0441\u044f \u0441 \u041f\u0440\u043e\u0434\u0430\u0432\u0446\u043e\u043c \u043f\u043e \u043a\u043e\u043d\u0442\u0430\u043a\u0442\u043d\u044b\u043c \u0434\u0430\u043d\u043d\u044b\u043c, \u0443\u043a\u0430\u0437\u0430\u043d\u043d\u044b\u043c \u043d\u0430 \u0441\u0430\u0439\u0442\u0435, \u043f\u0435\u0440\u0435\u0434 \u043e\u0444\u043e\u0440\u043c\u043b\u0435\u043d\u0438\u0435\u043c \u0437\u0430\u043a\u0430\u0437\u0430.<\/p>\n<p>\u041e\u0431 \u0438\u0437\u043c\u0435\u043d\u0435\u043d\u0438\u0438 \u0430\u0434\u0440\u0435\u0441\u0430 \u0434\u043e\u0441\u0442\u0430\u0432\u043a\u0438 \u043d\u0435\u043e\u0431\u0445\u043e\u0434\u0438\u043c\u043e \u0441\u043e\u043e\u0431\u0449\u0438\u0442\u044c \u043f\u043e \u0442\u0435\u043b\u0435\u0444\u043e\u043d\u0443 + 373 691 04 125 \u0438\u043b\u0438 \u0432 \u043a\u043e\u043c\u043c\u0435\u043d\u0442\u0430\u0440\u0438\u0438 \u043a \u0437\u0430\u043a\u0430\u0437\u0443. \u041f\u0440\u0438 \u043e\u0442\u0441\u0443\u0442\u0441\u0442\u0432\u0438\u0438 \u0443\u0432\u0435\u0434\u043e\u043c\u043b\u0435\u043d\u0438\u044f \u0436\u0430\u043b\u043e\u0431\u044b \u043d\u0435 \u043f\u0440\u0438\u043d\u0438\u043c\u0430\u044e\u0442\u0441\u044f \u0432\u043e \u0432\u043d\u0438\u043c\u0430\u043d\u0438\u0435.<\/p>\n<p><strong>5. \u041e\u041f\u041b\u0410\u0422\u0410 \u0422\u041e\u0412\u0410\u0420\u041e\u0412<\/strong><\/p>\n<p>\u0426\u0435\u043d\u044b \u0443\u043a\u0430\u0437\u0430\u043d\u044b \u0437\u0430 \u0435\u0434\u0438\u043d\u0438\u0446\u0443.<\/p>\n<p>\u0417\u0430\u043a\u0430\u0437\u0430\u0442\u044c \u043c\u043e\u0436\u043d\u043e \u0442\u043e\u043b\u044c\u043a\u043e \u043f\u0440\u043e\u0434\u0443\u043a\u0446\u0438\u044e, \u043d\u0430\u043b\u0438\u0447\u0438\u0435 \u043a\u043e\u0442\u043e\u0440\u043e\u0439 \u043d\u0430 \u0441\u043a\u043b\u0430\u0434\u0435 \u043f\u043e\u0434\u0442\u0432\u0435\u0440\u0436\u0434\u0435\u043d\u043e.<\/p>\n<p>Plata se face \u00een valuta \u00een care este afi\u0219at\u0103 pe site la momentul comenzii.<\/p>\n<p>\u041f\u043b\u0430\u0442\u0435\u043b\u044c\u0449\u0438\u043a\u043e\u043c \u0434\u043e\u043b\u0436\u0435\u043d \u0431\u044b\u0442\u044c \u041f\u043e\u043a\u0443\u043f\u0430\u0442\u0435\u043b\u044c. \u041f\u043b\u0430\u0442\u0435\u0436\u0438 \u043e\u0442 \u0442\u0440\u0435\u0442\u044c\u0438\u0445 \u043b\u0438\u0446 \u043d\u0435 \u043f\u0440\u0438\u043d\u0438\u043c\u0430\u044e\u0442\u0441\u044f.<\/p>\n<p>\u041f\u0440\u0438\u043d\u0438\u043c\u0430\u044e\u0442\u0441\u044f \u0442\u043e\u043b\u044c\u043a\u043e \u0442\u0435 \u0441\u043f\u043e\u0441\u043e\u0431\u044b \u043e\u043f\u043b\u0430\u0442\u044b, \u043a\u043e\u0442\u043e\u0440\u044b\u0435 \u0443\u043a\u0430\u0437\u0430\u043d\u044b \u043d\u0430 \u0441\u0430\u0439\u0442\u0435 \u0438 \u0432 \u043d\u0430\u0441\u0442\u043e\u044f\u0449\u0438\u0445 \u0423\u0441\u043b\u043e\u0432\u0438\u044f\u0445. \u0414\u0440\u0443\u0433\u0438\u0435 \u0441\u043f\u043e\u0441\u043e\u0431\u044b \u043d\u0435\u0434\u043e\u0441\u0442\u0443\u043f\u043d\u044b.<\/p>\n<p>\u0414\u043e\u0433\u043e\u0432\u043e\u0440 \u043a\u0443\u043f\u043b\u0438-\u043f\u0440\u043e\u0434\u0430\u0436\u0438 \u0441\u0447\u0438\u0442\u0430\u0435\u0442\u0441\u044f \u0437\u0430\u043a\u043b\u044e\u0447\u0435\u043d\u043d\u044b\u043c \u0441 \u043c\u043e\u043c\u0435\u043d\u0442\u0430 \u043e\u043f\u043b\u0430\u0442\u044b \u0442\u043e\u0432\u0430\u0440\u0430.<\/p>\n<p><strong>6. \u0414\u041e\u0421\u0422\u0410\u0412\u041a\u0410<\/strong><\/p>\n<p>V\u00e2nz\u0103torul depune eforturi pentru a respecta termenele de livrare, dar pot exista \u00eent\u00e2rzieri din cauze neprev\u0103zute.<\/p>\n<p>Riscul deterior\u0103rii trece la Cump\u0103r\u0103tor la momentul primirii comenzii \u0219i semn\u0103rii documentelor de livrare.<\/p>\n<p>Pentru prevenirea fraudei, la livrarea comenzilor prepl\u0103tite, Cump\u0103r\u0103torul trebuie s\u0103 prezinte un act de identitate.<\/p>\n<p><strong>7. RETURNAREA PRODUSELOR<\/strong><\/p>\n<p>Returnarea sau schimbul se face conform legisla\u021biei \u00een vigoare.<\/p>\n<p>Toate return\u0103rile trebuie coordonate prin num\u0103rul de telefon indicat pe site.<\/p>\n<p><strong>8. \u0413\u0410\u0420\u0410\u041d\u0422\u0418\u0418 \u0418 \u041e\u0422\u0412\u0415\u0422\u0421\u0422\u0412\u0415\u041d\u041d\u041e\u0421\u0422\u042c<\/strong><\/p>\n<p>\u041f\u0440\u043e\u0434\u0430\u0432\u0435\u0446 \u043d\u0435 \u043d\u0435\u0441\u0435\u0442 \u043e\u0442\u0432\u0435\u0442\u0441\u0442\u0432\u0435\u043d\u043d\u043e\u0441\u0442\u0438 \u0437\u0430 \u0443\u0449\u0435\u0440\u0431, \u0432\u043e\u0437\u043d\u0438\u043a\u0448\u0438\u0439 \u0432\u0441\u043b\u0435\u0434\u0441\u0442\u0432\u0438\u0435 \u043d\u0435\u043d\u0430\u0434\u043b\u0435\u0436\u0430\u0449\u0435\u0433\u043e \u0438\u0441\u043f\u043e\u043b\u044c\u0437\u043e\u0432\u0430\u043d\u0438\u044f \u0442\u043e\u0432\u0430\u0440\u0430.<\/p>\n<p>\u041d\u0435 \u043d\u0435\u0441\u0435\u0442 \u043e\u0442\u0432\u0435\u0442\u0441\u0442\u0432\u0435\u043d\u043d\u043e\u0441\u0442\u0438 \u0437\u0430 \u0443\u0431\u044b\u0442\u043a\u0438, \u0432\u044b\u0437\u0432\u0430\u043d\u043d\u044b\u0435:<\/p>\n<ul data-spread=\"false\">\n<li>date personale incorecte;<\/li>\n<li>ac\u021biuni neautorizate ale ter\u021bilor.<\/li>\n<\/ul>\n<p>Cump\u0103r\u0103torul este responsabil pentru exactitatea datelor furnizate.<\/p>\n<p>P\u0103r\u021bile sunt exonerate de r\u0103spundere \u00een caz de for\u021b\u0103 major\u0103 ap\u0103rut\u0103 dup\u0103 acceptarea Condi\u021biilor.<\/p>\n<p>\u00cen toate celelalte cazuri, r\u0103spunderea este reglementat\u0103 de legisla\u021bia \u00een vigoare.<\/p>\n<p><strong>9. CONFIDEN\u021aIALITATE \u0218I PROTEC\u021aIA DATELOR PERSONALE<\/strong><\/p>\n<p>Prin \u00eenregistrare, Cump\u0103r\u0103torul ofer\u0103 urm\u0103toarele date: nume, prenume, e-mail, telefon. V\u00e2nz\u0103torul poate modifica lista acestor date unilateral.<\/p>\n<p>Informa\u021biile sunt utilizate pentru:<\/p>\n<ul data-spread=\"false\">\n<li>\u00eenregistrarea Cump\u0103r\u0103torului;<\/li>\n<li>executarea obliga\u021biilor contractuale;<\/li>\n<li>analiz\u0103 intern\u0103 a func\u021bion\u0103rii magazinului online.<\/li>\n<\/ul>\n<p>V\u00e2nz\u0103torul se oblig\u0103 s\u0103 nu divulge aceste date, cu excep\u021bia cazurilor legale sau c\u00e2nd implic\u0103 parteneri contractuali pentru livrare.<\/p>\n<p>Se pot folosi cookie-uri pentru personalizarea experien\u021bei. Cookie-urile nu con\u021bin date confiden\u021biale \u0219i nu sunt transferate c\u0103tre ter\u021bi.<\/p>\n<p>Se colecteaz\u0103 IP-ul vizitatorilor, dar nu pentru identificare personal\u0103.<\/p>\n<p>V\u00e2nz\u0103torul nu este responsabil pentru informa\u021biile oferite de Cump\u0103r\u0103tor \u00een spa\u021bii publice ale site-ului (ex. recenzii).<\/p>\n<p><strong>10. DISPOZI\u021aII FINALE<\/strong><\/p>\n<p>Raporturile dintre P\u0103r\u021bi sunt guvernate de legisla\u021bia \u00een vigoare.<\/p>\n<p>Cump\u0103r\u0103torul confirm\u0103 c\u0103 a \u00eeles \u0219i accept\u0103 integral aceste condi\u021bii.<\/p>\n<p>Pentru reclama\u021bii sau feedback, Cump\u0103r\u0103torul trebuie s\u0103 contacteze V\u00e2nz\u0103torul prin adresa de e-mail de pe site.<\/p>\n<p>Toate litigiile vor fi solu\u021bionate \u00eempreun\u0103, iar \u00een caz contrar \u2014 de instan\u021bele competente.<\/p>\n<p>Invaliditatea unei clauze nu afecteaz\u0103 validitatea celorlalte prevederi.<\/p>\n<p>Dac\u0103 Cump\u0103r\u0103torul nu este de acord cu oricare dintre prevederi, nu este autorizat s\u0103 foloseasc\u0103 magazinul online.<\/p>\n<hr \/>\n<p>&nbsp;<\/p>","protected":false},"excerpt":{"rendered":"<p>Condi\u021bii magazinului online 1. TERMENI PRINCIPALI Cump\u0103r\u0103torul \u2014 persoan\u0103 fizic\u0103 sau juridic\u0103 care inten\u021bioneaz\u0103 s\u0103 achizi\u021bioneze produse de pe site-ul magazinului online. Cump\u0103r\u0103torul \u00eenregistrat \u2014 Cump\u0103r\u0103torul care a furnizat V\u00e2nz\u0103torului informa\u021bii VERIDICE (nume, prenume, adres\u0103 de e-mail, num\u0103r de telefon) ce pot fi utilizate pentru plasarea repetat\u0103 a comenzilor. Aceste informa\u021bii sunt furnizate \u00een timpul&#8230;<\/p>","protected":false},"author":1,"featured_media":5316,"parent":0,"menu_order":0,"comment_status":"closed","ping_status":"closed","template":"","meta":{"_acf_changed":false,"_kad_post_transparent":"default","_kad_post_title":"default","_kad_post_layout":"default","_kad_post_sidebar_id":"","_kad_post_content_style":"default","_kad_post_vertical_padding":"default","_kad_post_feature":"","_kad_post_feature_position":"","_kad_post_header":false,"_kad_post_footer":false,"footnotes":""},"class_list":["post-5315","page","type-page","status-publish","has-post-thumbnail","hentry"],"acf":[],"_links":{"self":[{"href":"https:\/\/altal.ro\/ru\/wp-json\/wp\/v2\/pages\/5315","targetHints":{"allow":["GET"]}}],"collection":[{"href":"https:\/\/altal.ro\/ru\/wp-json\/wp\/v2\/pages"}],"about":[{"href":"https:\/\/altal.ro\/ru\/wp-json\/wp\/v2\/types\/page"}],"author":[{"embeddable":true,"href":"https:\/\/altal.ro\/ru\/wp-json\/wp\/v2\/users\/1"}],"replies":[{"embeddable":true,"href":"https:\/\/altal.ro\/ru\/wp-json\/wp\/v2\/comments?post=5315"}],"version-history":[{"count":1,"href":"https:\/\/altal.ro\/ru\/wp-json\/wp\/v2\/pages\/5315\/revisions"}],"predecessor-version":[{"id":5317,"href":"https:\/\/altal.ro\/ru\/wp-json\/wp\/v2\/pages\/5315\/revisions\/5317"}],"wp:featuredmedia":[{"embeddable":true,"href":"https:\/\/altal.ro\/ru\/wp-json\/wp\/v2\/media\/5316"}],"wp:attachment":[{"href":"https:\/\/altal.ro\/ru\/wp-json\/wp\/v2\/media?parent=5315"}],"curies":[{"name":"wp","href":"https:\/\/api.w.org\/{rel}","templated":true}]}}