{"id":3,"date":"2025-06-15T19:56:14","date_gmt":"2025-06-15T19:56:14","guid":{"rendered":"https:\/\/altal.ro\/?page_id=3"},"modified":"2025-07-07T19:01:11","modified_gmt":"2025-07-07T16:01:11","slug":"politika-konfidentsialnosti","status":"publish","type":"page","link":"https:\/\/altal.ro\/ru\/politika-konfidentsialnosti\/","title":{"rendered":"\u041f\u043e\u043b\u0438\u0442\u0438\u043a\u0430 \u043a\u043e\u043d\u0444\u0438\u0434\u0435\u043d\u0446\u0438\u0430\u043b\u044c\u043d\u043e\u0441\u0442\u0438"},"content":{"rendered":"<h2 class=\"wp-block-heading\" data-start=\"305\" data-end=\"341\"><strong data-start=\"308\" data-end=\"341\">\u041f\u043e\u043b\u0438\u0442\u0438\u043a\u0430 \u043a\u043e\u043d\u0444\u0438\u0434\u0435\u043d\u0446\u0438\u0430\u043b\u044c\u043d\u043e\u0441\u0442\u0438<\/strong><\/h2>\r\n<p data-start=\"343\" data-end=\"628\">\u042d\u0442\u043e\u0442 <strong data-start=\"351\" data-end=\"384\">\u043f\u043e\u043b\u0438\u0442\u0438\u043a\u0430 \u043a\u043e\u043d\u0444\u0438\u0434\u0435\u043d\u0446\u0438\u0430\u043b\u044c\u043d\u043e\u0441\u0442\u0438<\/strong> \u043e\u043f\u0438\u0441\u044b\u0432\u0430\u0435\u0442, \u043a\u0430\u043a \u043c\u044b \u0441\u043e\u0431\u0438\u0440\u0430\u0435\u043c, \u0438\u0441\u043f\u043e\u043b\u044c\u0437\u0443\u0435\u043c \u0438 \u0437\u0430\u0449\u0438\u0449\u0430\u0435\u043c \u043f\u0435\u0440\u0441\u043e\u043d\u0430\u043b\u044c\u043d\u044b\u0435 \u0434\u0430\u043d\u043d\u044b\u0435 \u043f\u043e\u0441\u0435\u0442\u0438\u0442\u0435\u043b\u0435\u0439 \u0441\u0430\u0439\u0442\u0430 <a class=\"\" href=\"https:\/\/altal.ro\/ru\/\" target=\"_new\" rel=\"noopener\" data-start=\"494\" data-end=\"530\">https:\/\/altal.ro<\/a>. \u0417\u0430\u0445\u043e\u0434\u044f \u043d\u0430 \u044d\u0442\u043e\u0442 \u0441\u0430\u0439\u0442, \u0432\u044b \u0441\u043e\u0433\u043b\u0430\u0448\u0430\u0435\u0442\u0435\u0441\u044c \u0441 \u0443\u0441\u043b\u043e\u0432\u0438\u044f\u043c\u0438 \u044d\u0442\u043e\u0433\u043e <strong data-start=\"594\" data-end=\"627\">\u043f\u043e\u043b\u0438\u0442\u0438\u043a\u0430 \u043a\u043e\u043d\u0444\u0438\u0434\u0435\u043d\u0446\u0438\u0430\u043b\u044c\u043d\u043e\u0441\u0442\u0438<\/strong>.<\/p>\r\n<hr data-start=\"630\" data-end=\"633\" \/>\r\n<h3 data-start=\"635\" data-end=\"657\"><strong data-start=\"639\" data-end=\"657\">1. \u041a\u0442\u043e \u043c\u044b<\/strong><\/h3>\r\n<p data-start=\"659\" data-end=\"951\">\u0410\u0434\u0440\u0435\u0441 \u043d\u0430\u0448\u0435\u0433\u043e \u0441\u0430\u0439\u0442\u0430: <a class=\"\" href=\"https:\/\/altal.ro\/ru\/\" target=\"_new\" rel=\"noopener\" data-start=\"689\" data-end=\"725\">https:\/\/altal.ro<\/a>.<br data-start=\"726\" data-end=\"729\" \/>\u0417\u0430\u0449\u0438\u0442\u0430 \u0432\u0430\u0448\u0438\u0445 \u043f\u0435\u0440\u0441\u043e\u043d\u0430\u043b\u044c\u043d\u044b\u0445 \u0434\u0430\u043d\u043d\u044b\u0445 \u044f\u0432\u043b\u044f\u0435\u0442\u0441\u044f \u043f\u0440\u0438\u043e\u0440\u0438\u0442\u0435\u0442\u043e\u043c \u0434\u043b\u044f \u043a\u043e\u043c\u0430\u043d\u0434\u044b ALTAL. \u042d\u0442\u043e <strong data-start=\"821\" data-end=\"854\">\u043f\u043e\u043b\u0438\u0442\u0438\u043a\u0430 \u043a\u043e\u043d\u0444\u0438\u0434\u0435\u043d\u0446\u0438\u0430\u043b\u044c\u043d\u043e\u0441\u0442\u0438<\/strong> \u043e\u0431\u044a\u044f\u0441\u043d\u044f\u0435\u0442, \u043a\u0430\u043a\u0438\u0435 \u0442\u0438\u043f\u044b \u0434\u0430\u043d\u043d\u044b\u0445 \u0441\u043e\u0431\u0438\u0440\u0430\u044e\u0442\u0441\u044f, \u043a\u0430\u043a \u043e\u043d\u0438 \u0438\u0441\u043f\u043e\u043b\u044c\u0437\u0443\u044e\u0442\u0441\u044f \u0438 \u043a\u0430\u043a\u0438\u0435 \u043f\u0440\u0430\u0432\u0430 \u0443 \u0432\u0430\u0441 \u0435\u0441\u0442\u044c \u043a\u0430\u043a \u0443 \u043f\u043e\u043b\u044c\u0437\u043e\u0432\u0430\u0442\u0435\u043b\u044f.<\/p>\r\n<hr data-start=\"953\" data-end=\"956\" \/>\r\n<h3 data-start=\"958\" data-end=\"979\"><strong data-start=\"962\" data-end=\"979\">2. \u041a\u043e\u043c\u043c\u0435\u043d\u0442\u0430\u0440\u0438\u0438<\/strong><\/h3>\r\n<p data-start=\"981\" data-end=\"1433\">\u041a\u043e\u0433\u0434\u0430 \u043f\u043e\u0441\u0435\u0442\u0438\u0442\u0435\u043b\u0438 \u043e\u0441\u0442\u0430\u0432\u043b\u044f\u044e\u0442 \u043a\u043e\u043c\u043c\u0435\u043d\u0442\u0430\u0440\u0438\u0438 \u043d\u0430 \u0441\u0430\u0439\u0442\u0435, \u043c\u044b \u0441\u043e\u0431\u0438\u0440\u0430\u0435\u043c \u0434\u0430\u043d\u043d\u044b\u0435, \u0437\u0430\u043f\u043e\u043b\u043d\u0435\u043d\u043d\u044b\u0435 \u0432 \u0444\u043e\u0440\u043c\u0435, IP-\u0430\u0434\u0440\u0435\u0441 \u0438 \u0438\u043d\u0444\u043e\u0440\u043c\u0430\u0446\u0438\u044e \u043e \u0431\u0440\u0430\u0443\u0437\u0435\u0440\u0435 (user-agent) \u0434\u043b\u044f \u043f\u0440\u0435\u0434\u043e\u0442\u0432\u0440\u0430\u0449\u0435\u043d\u0438\u044f \u0441\u043f\u0430\u043c\u0430.<br data-start=\"1138\" data-end=\"1141\" \/>\u0417\u0430\u0448\u0438\u0444\u0440\u043e\u0432\u0430\u043d\u043d\u0443\u044e \u0432\u0435\u0440\u0441\u0438\u044e \u0430\u0434\u0440\u0435\u0441\u0430 \u044d\u043b\u0435\u043a\u0442\u0440\u043e\u043d\u043d\u043e\u0439 \u043f\u043e\u0447\u0442\u044b \u043c\u043e\u0436\u043d\u043e \u043e\u0442\u043f\u0440\u0430\u0432\u0438\u0442\u044c \u043d\u0430 Gravatar \u0434\u043b\u044f \u043f\u0440\u043e\u0432\u0435\u0440\u043a\u0438. \u0418\u0445 \u043f\u043e\u043b\u0438\u0442\u0438\u043a\u0430 \u043a\u043e\u043d\u0444\u0438\u0434\u0435\u043d\u0446\u0438\u0430\u043b\u044c\u043d\u043e\u0441\u0442\u0438 \u0434\u043e\u0441\u0442\u0443\u043f\u043d\u0430 \u043f\u043e \u0430\u0434\u0440\u0435\u0441\u0443 <a class=\"\" href=\"https:\/\/automattic.com\/privacy\/\" target=\"_new\" rel=\"noopener\" data-start=\"1288\" data-end=\"1354\">https:\/\/automattic.com\/privacy\/<\/a>.<br data-start=\"1355\" data-end=\"1358\" \/>\u041f\u043e\u0441\u043b\u0435 \u043e\u0434\u043e\u0431\u0440\u0435\u043d\u0438\u044f \u043a\u043e\u043c\u043c\u0435\u043d\u0442\u0430\u0440\u0438\u0439 \u0438 \u0444\u043e\u0442\u043e\u0433\u0440\u0430\u0444\u0438\u044f \u043f\u0440\u043e\u0444\u0438\u043b\u044f \u0441\u0442\u0430\u043d\u043e\u0432\u044f\u0442\u0441\u044f \u0432\u0438\u0434\u043d\u044b \u043f\u0443\u0431\u043b\u0438\u043a\u0435.<\/p>\r\n<hr data-start=\"1435\" data-end=\"1438\" \/>\r\n<h3 data-start=\"1440\" data-end=\"1464\"><strong data-start=\"1444\" data-end=\"1464\">3. \u041c\u0435\u0434\u0438\u0430\u0444\u0430\u0439\u043b\u044b<\/strong><\/h3>\r\n<p data-start=\"1466\" data-end=\"1662\">\u0415\u0441\u043b\u0438 \u0432\u044b \u0437\u0430\u0433\u0440\u0443\u0436\u0430\u0435\u0442\u0435 \u0438\u0437\u043e\u0431\u0440\u0430\u0436\u0435\u043d\u0438\u044f, \u0438\u0437\u0431\u0435\u0433\u0430\u0439\u0442\u0435 \u0444\u0430\u0439\u043b\u043e\u0432 \u0441\u043e \u0432\u0441\u0442\u0440\u043e\u0435\u043d\u043d\u044b\u043c\u0438 \u0434\u0430\u043d\u043d\u044b\u043c\u0438 EXIF \u200b\u200bGPS, \u0442\u0430\u043a \u043a\u0430\u043a \u0434\u0440\u0443\u0433\u0438\u0435 \u043c\u043e\u0433\u0443\u0442 \u0438\u0445 \u0441\u043a\u0430\u0447\u0430\u0442\u044c \u0438 \u043f\u0440\u043e\u0430\u043d\u0430\u043b\u0438\u0437\u0438\u0440\u043e\u0432\u0430\u0442\u044c. \u042d\u0442\u043e \u043e\u043f\u0438\u0441\u0430\u043d\u043e \u0437\u0434\u0435\u0441\u044c. <strong data-start=\"1628\" data-end=\"1661\">\u043f\u043e\u043b\u0438\u0442\u0438\u043a\u0430 \u043a\u043e\u043d\u0444\u0438\u0434\u0435\u043d\u0446\u0438\u0430\u043b\u044c\u043d\u043e\u0441\u0442\u0438<\/strong>.<\/p>\r\n<hr data-start=\"1664\" data-end=\"1667\" \/>\r\n<h3 data-start=\"1669\" data-end=\"1690\"><strong data-start=\"1673\" data-end=\"1690\">4. Cookie-uri<\/strong><\/h3>\r\n<p data-start=\"1692\" data-end=\"1992\">\u0414\u043b\u044f \u0443\u043b\u0443\u0447\u0448\u0435\u043d\u0438\u044f \u043f\u043e\u043b\u044c\u0437\u043e\u0432\u0430\u0442\u0435\u043b\u044c\u0441\u043a\u043e\u0433\u043e \u043e\u043f\u044b\u0442\u0430 \u044d\u0442\u043e\u0442 \u0441\u0430\u0439\u0442 \u0438\u0441\u043f\u043e\u043b\u044c\u0437\u0443\u0435\u0442 \u0444\u0430\u0439\u043b\u044b cookie.<br data-start=\"1771\" data-end=\"1774\" \/>\u041a\u043e\u043c\u043c\u0435\u043d\u0442\u0430\u0440\u0438\u0438 \u0441\u043e\u0445\u0440\u0430\u043d\u044f\u044e\u0442 \u0444\u0430\u0439\u043b\u044b cookie \u0441 \u0432\u0430\u0448\u0438\u043c \u0438\u043c\u0435\u043d\u0435\u043c, \u0430\u0434\u0440\u0435\u0441\u043e\u043c \u044d\u043b\u0435\u043a\u0442\u0440\u043e\u043d\u043d\u043e\u0439 \u043f\u043e\u0447\u0442\u044b \u0438 \u0430\u0434\u0440\u0435\u0441\u043e\u043c \u0441\u0430\u0439\u0442\u0430 \u2014 \u0434\u0435\u0439\u0441\u0442\u0432\u0438\u0442\u0435\u043b\u044c\u043d\u044b \u0432 \u0442\u0435\u0447\u0435\u043d\u0438\u0435 1 \u0433\u043e\u0434\u0430.<br data-start=\"1858\" data-end=\"1861\" \/>\u0414\u043e\u043f\u043e\u043b\u043d\u0438\u0442\u0435\u043b\u044c\u043d\u044b\u0435 \u0444\u0430\u0439\u043b\u044b cookie \u0438\u0441\u043f\u043e\u043b\u044c\u0437\u0443\u044e\u0442\u0441\u044f \u0434\u043b\u044f \u0430\u0443\u0442\u0435\u043d\u0442\u0438\u0444\u0438\u043a\u0430\u0446\u0438\u0438 \u0438 \u0440\u0435\u0434\u0430\u043a\u0442\u0438\u0440\u043e\u0432\u0430\u043d\u0438\u044f \u043a\u043e\u043d\u0442\u0435\u043d\u0442\u0430, \u0441\u043e\u0433\u043b\u0430\u0441\u043d\u043e \u044d\u0442\u043e\u043c\u0443 <strong data-start=\"1958\" data-end=\"1991\">\u043f\u043e\u043b\u0438\u0442\u0438\u043a\u0430 \u043a\u043e\u043d\u0444\u0438\u0434\u0435\u043d\u0446\u0438\u0430\u043b\u044c\u043d\u043e\u0441\u0442\u0438<\/strong>.<\/p>\r\n<hr data-start=\"1994\" data-end=\"1997\" \/>\r\n<h3 data-start=\"1999\" data-end=\"2049\"><strong data-start=\"2003\" data-end=\"2049\">5. \u0412\u0441\u0442\u0440\u043e\u0435\u043d\u043d\u044b\u0439 \u043a\u043e\u043d\u0442\u0435\u043d\u0442 \u0441 \u0434\u0440\u0443\u0433\u0438\u0445 \u0441\u0430\u0439\u0442\u043e\u0432<\/strong><\/h3>\r\n<p data-start=\"2051\" data-end=\"2339\">\u0421\u0442\u0430\u0442\u044c\u0438 \u043c\u043e\u0433\u0443\u0442 \u0432\u043a\u043b\u044e\u0447\u0430\u0442\u044c \u0432\u043d\u0435\u0448\u043d\u0438\u0439 \u043a\u043e\u043d\u0442\u0435\u043d\u0442 (\u0432\u0438\u0434\u0435\u043e, \u0441\u0442\u0430\u0442\u044c\u0438, \u0438\u0437\u043e\u0431\u0440\u0430\u0436\u0435\u043d\u0438\u044f). \u041e\u043d\u0438 \u0432\u0435\u0434\u0443\u0442 \u0441\u0435\u0431\u044f \u043a\u0430\u043a \u043f\u0440\u044f\u043c\u043e\u0435 \u043f\u043e\u0441\u0435\u0449\u0435\u043d\u0438\u0435 \u0438\u0441\u0445\u043e\u0434\u043d\u043e\u0433\u043e \u0432\u0435\u0431-\u0441\u0430\u0439\u0442\u0430 \u0438 \u043c\u043e\u0433\u0443\u0442 \u0441\u043e\u0431\u0438\u0440\u0430\u0442\u044c \u0434\u0430\u043d\u043d\u044b\u0435, \u0432 \u0442\u043e\u043c \u0447\u0438\u0441\u043b\u0435 \u0447\u0435\u0440\u0435\u0437 \u0444\u0430\u0439\u043b\u044b cookie.<br data-start=\"2219\" data-end=\"2222\" \/>\u042d\u0442\u043e\u0442 <strong data-start=\"2230\" data-end=\"2263\">\u043f\u043e\u043b\u0438\u0442\u0438\u043a\u0430 \u043a\u043e\u043d\u0444\u0438\u0434\u0435\u043d\u0446\u0438\u0430\u043b\u044c\u043d\u043e\u0441\u0442\u0438<\/strong> \u043d\u0435 \u0440\u0430\u0441\u043f\u0440\u043e\u0441\u0442\u0440\u0430\u043d\u044f\u0435\u0442\u0441\u044f \u043d\u0430 \u0441\u0442\u043e\u0440\u043e\u043d\u043d\u0438\u0439 \u043a\u043e\u043d\u0442\u0435\u043d\u0442; \u0441\u043c. \u0438\u0445 \u043f\u043e\u043b\u0438\u0442\u0438\u043a\u0443 \u043e\u0442\u0434\u0435\u043b\u044c\u043d\u043e.<\/p>\r\n<hr data-start=\"2341\" data-end=\"2344\" \/>\r\n<h3 data-start=\"2346\" data-end=\"2385\"><strong data-start=\"2350\" data-end=\"2385\">6. \u0421 \u043a\u0435\u043c \u043c\u044b \u0434\u0435\u043b\u0438\u043c\u0441\u044f \u0432\u0430\u0448\u0438\u043c\u0438 \u0434\u0430\u043d\u043d\u044b\u043c\u0438?<\/strong><\/h3>\r\n<p data-start=\"2387\" data-end=\"2595\">\u0421\u043e\u0431\u0440\u0430\u043d\u043d\u044b\u0435 \u0434\u0430\u043d\u043d\u044b\u0435 \u043d\u0435 \u043f\u0435\u0440\u0435\u0434\u0430\u044e\u0442\u0441\u044f \u0442\u0440\u0435\u0442\u044c\u0438\u043c \u043b\u0438\u0446\u0430\u043c \u0431\u0435\u0437 \u0432\u0430\u0448\u0435\u0433\u043e \u044f\u0432\u043d\u043e\u0433\u043e \u0441\u043e\u0433\u043b\u0430\u0441\u0438\u044f.<br data-start=\"2463\" data-end=\"2466\" \/>\u0412 \u0441\u043b\u0443\u0447\u0430\u0435 \u0437\u0430\u043f\u0440\u043e\u0441\u0430 \u043d\u0430 \u0441\u0431\u0440\u043e\u0441 \u043f\u0430\u0440\u043e\u043b\u044f IP-\u0430\u0434\u0440\u0435\u0441 \u0431\u0443\u0434\u0435\u0442 \u0432\u043a\u043b\u044e\u0447\u0435\u043d \u0432 \u043f\u0438\u0441\u044c\u043c\u043e. \u041e\u0431\u043c\u0435\u043d \u0434\u0430\u043d\u043d\u044b\u043c\u0438 \u043c\u043e\u0436\u0435\u0442 \u043e\u0441\u0443\u0449\u0435\u0441\u0442\u0432\u043b\u044f\u0442\u044c\u0441\u044f \u0442\u043e\u043b\u044c\u043a\u043e \u0432 \u0441\u043e\u043e\u0442\u0432\u0435\u0442\u0441\u0442\u0432\u0438\u0438 \u0441 \u0437\u0430\u043a\u043e\u043d\u043e\u043c.<\/p>\r\n<hr data-start=\"2597\" data-end=\"2600\" \/>\r\n<h3 data-start=\"2602\" data-end=\"2636\"><strong data-start=\"2606\" data-end=\"2636\">7. \u041a\u0430\u043a \u0434\u043e\u043b\u0433\u043e \u043c\u044b \u0445\u0440\u0430\u043d\u0438\u043c \u0434\u0430\u043d\u043d\u044b\u0435?<\/strong><\/h3>\r\n<p data-start=\"2638\" data-end=\"2896\">\u041a\u043e\u043c\u043c\u0435\u043d\u0442\u0430\u0440\u0438\u0438 \u0445\u0440\u0430\u043d\u044f\u0442\u0441\u044f \u043d\u0435\u043e\u0433\u0440\u0430\u043d\u0438\u0447\u0435\u043d\u043d\u043e\u0435 \u0432\u0440\u0435\u043c\u044f \u0434\u043b\u044f \u044d\u0444\u0444\u0435\u043a\u0442\u0438\u0432\u043d\u043e\u0441\u0442\u0438 \u043c\u043e\u0434\u0435\u0440\u0430\u0446\u0438\u0438.<br data-start=\"2714\" data-end=\"2717\" \/>\u0414\u0430\u043d\u043d\u044b\u0435 \u0437\u0430\u0440\u0435\u0433\u0438\u0441\u0442\u0440\u0438\u0440\u043e\u0432\u0430\u043d\u043d\u044b\u0445 \u043f\u043e\u043b\u044c\u0437\u043e\u0432\u0430\u0442\u0435\u043b\u0435\u0439 \u0441\u043e\u0445\u0440\u0430\u043d\u044f\u044e\u0442\u0441\u044f \u0434\u043e \u0442\u0435\u0445 \u043f\u043e\u0440, \u043f\u043e\u043a\u0430 \u0443\u0447\u0435\u0442\u043d\u0430\u044f \u0437\u0430\u043f\u0438\u0441\u044c \u043d\u0435 \u0431\u0443\u0434\u0435\u0442 \u0443\u0434\u0430\u043b\u0435\u043d\u0430 \u0438\u043b\u0438 \u043f\u043e\u043a\u0430 \u043d\u0435 \u0431\u0443\u0434\u0435\u0442 \u0441\u0434\u0435\u043b\u0430\u043d \u044f\u0432\u043d\u044b\u0439 \u0437\u0430\u043f\u0440\u043e\u0441 \u043d\u0430 \u0443\u0434\u0430\u043b\u0435\u043d\u0438\u0435 \u0432 \u0441\u043e\u043e\u0442\u0432\u0435\u0442\u0441\u0442\u0432\u0438\u0438 \u0441 \u043d\u0430\u0441\u0442\u043e\u044f\u0449\u0438\u043c <strong data-start=\"2862\" data-end=\"2895\">\u043f\u043e\u043b\u0438\u0442\u0438\u043a\u0430 \u043a\u043e\u043d\u0444\u0438\u0434\u0435\u043d\u0446\u0438\u0430\u043b\u044c\u043d\u043e\u0441\u0442\u0438<\/strong>.<\/p>\r\n<hr data-start=\"2898\" data-end=\"2901\" \/>\r\n<h3 data-start=\"2903\" data-end=\"2946\"><strong data-start=\"2907\" data-end=\"2946\">8. \u041a\u0430\u043a\u0438\u0435 \u043f\u0440\u0430\u0432\u0430 \u0443 \u0432\u0430\u0441 \u0435\u0441\u0442\u044c \u0432 \u043e\u0442\u043d\u043e\u0448\u0435\u043d\u0438\u0438 \u0432\u0430\u0448\u0438\u0445 \u0434\u0430\u043d\u043d\u044b\u0445?<\/strong><\/h3>\r\n<p data-start=\"2948\" data-end=\"2976\">\u0412\u044b \u0438\u043c\u0435\u0435\u0442\u0435 \u043f\u0440\u0430\u0432\u043e \u0437\u0430\u043f\u0440\u043e\u0441\u0438\u0442\u044c:<\/p>\r\n<ul data-start=\"2977\" data-end=\"3118\">\r\n<li data-start=\"2977\" data-end=\"3014\">\r\n<p data-start=\"2979\" data-end=\"3014\">\u0444\u0430\u0439\u043b \u0441 \u0432\u0430\u0448\u0438\u043c\u0438 \u043f\u0435\u0440\u0441\u043e\u043d\u0430\u043b\u044c\u043d\u044b\u043c\u0438 \u0434\u0430\u043d\u043d\u044b\u043c\u0438;<\/p>\r\n<\/li>\r\n<li data-start=\"3015\" data-end=\"3053\">\r\n<p data-start=\"3017\" data-end=\"3053\">\u0438\u0445 \u0438\u0441\u043f\u0440\u0430\u0432\u043b\u0435\u043d\u0438\u0435 \u0438\u043b\u0438 \u0443\u0434\u0430\u043b\u0435\u043d\u0438\u0435;<\/p>\r\n<\/li>\r\n<li data-start=\"3054\" data-end=\"3084\">\r\n<p data-start=\"3056\" data-end=\"3084\">\u043e\u0442\u0437\u044b\u0432 \u0441\u043e\u0433\u043b\u0430\u0441\u0438\u044f;<\/p>\r\n<\/li>\r\n<li data-start=\"3085\" data-end=\"3118\">\r\n<p data-start=\"3087\" data-end=\"3118\">\u043e\u0444\u0438\u0446\u0438\u0430\u043b\u044c\u043d\u0430\u044f \u0436\u0430\u043b\u043e\u0431\u0430 \u0432 ANSPDCP.<\/p>\r\n<\/li>\r\n<\/ul>\r\n<p data-start=\"3120\" data-end=\"3228\">\u0412\u0441\u0435 \u0437\u0430\u043f\u0440\u043e\u0441\u044b \u043e\u0431\u0440\u0430\u0431\u0430\u0442\u044b\u0432\u0430\u044e\u0442\u0441\u044f \u0432 \u0441\u043e\u043e\u0442\u0432\u0435\u0442\u0441\u0442\u0432\u0438\u0438 \u0441 \u044d\u0442\u0438\u043c <strong data-start=\"3168\" data-end=\"3201\">\u043f\u043e\u043b\u0438\u0442\u0438\u043a\u0430 \u043a\u043e\u043d\u0444\u0438\u0434\u0435\u043d\u0446\u0438\u0430\u043b\u044c\u043d\u043e\u0441\u0442\u0438<\/strong> \u0438 \u043f\u0440\u0438\u043c\u0435\u043d\u0438\u043c\u043e\u0435 \u0437\u0430\u043a\u043e\u043d\u043e\u0434\u0430\u0442\u0435\u043b\u044c\u0441\u0442\u0432\u043e.<\/p>\r\n<hr data-start=\"3230\" data-end=\"3233\" \/>\r\n<h3 data-start=\"3235\" data-end=\"3270\"><strong data-start=\"3239\" data-end=\"3270\">9. \u041a\u0443\u0434\u0430 \u043e\u0442\u043f\u0440\u0430\u0432\u043b\u044f\u044e\u0442\u0441\u044f \u0434\u0430\u043d\u043d\u044b\u0435?<\/strong><\/h3>\r\n<p data-start=\"3272\" data-end=\"3405\">\u041a\u043e\u043c\u043c\u0435\u043d\u0442\u0430\u0440\u0438\u0438 \u043c\u043e\u0433\u0443\u0442 \u0430\u0432\u0442\u043e\u043c\u0430\u0442\u0438\u0447\u0435\u0441\u043a\u0438 \u043f\u0440\u043e\u0432\u0435\u0440\u044f\u0442\u044c\u0441\u044f \u0432\u043d\u0435\u0448\u043d\u0438\u043c\u0438 \u0430\u043d\u0442\u0438\u0441\u043f\u0430\u043c\u043e\u0432\u044b\u043c\u0438 \u0441\u043b\u0443\u0436\u0431\u0430\u043c\u0438 \u0432 \u0441\u043e\u043e\u0442\u0432\u0435\u0442\u0441\u0442\u0432\u0438\u0438 \u0441 \u043d\u0430\u0441\u0442\u043e\u044f\u0449\u0438\u043c <strong data-start=\"3371\" data-end=\"3404\">\u043f\u043e\u043b\u0438\u0442\u0438\u043a\u0430 \u043a\u043e\u043d\u0444\u0438\u0434\u0435\u043d\u0446\u0438\u0430\u043b\u044c\u043d\u043e\u0441\u0442\u0438<\/strong>.<\/p>\r\n<hr data-start=\"3407\" data-end=\"3410\" \/>\r\n<h3 data-start=\"3412\" data-end=\"3443\"><strong data-start=\"3416\" data-end=\"3443\">10. \u0411\u0435\u0437\u043e\u043f\u0430\u0441\u043d\u043e\u0441\u0442\u044c \u0434\u0430\u043d\u043d\u044b\u0445<\/strong><\/h3>\r\n<p data-start=\"3445\" data-end=\"3703\">\u041c\u044b \u043f\u0440\u0438\u043c\u0435\u043d\u044f\u0435\u043c \u0442\u0435\u0445\u043d\u0438\u0447\u0435\u0441\u043a\u0438\u0435 \u0438 \u043e\u0440\u0433\u0430\u043d\u0438\u0437\u0430\u0446\u0438\u043e\u043d\u043d\u044b\u0435 \u043c\u0435\u0440\u044b \u0432 \u0441\u043e\u043e\u0442\u0432\u0435\u0442\u0441\u0442\u0432\u0438\u0438 \u0441 \u043c\u0435\u0436\u0434\u0443\u043d\u0430\u0440\u043e\u0434\u043d\u044b\u043c\u0438 \u0441\u0442\u0430\u043d\u0434\u0430\u0440\u0442\u0430\u043c\u0438 \u0434\u043b\u044f \u043e\u0431\u0435\u0441\u043f\u0435\u0447\u0435\u043d\u0438\u044f \u043a\u043e\u043d\u0444\u0438\u0434\u0435\u043d\u0446\u0438\u0430\u043b\u044c\u043d\u043e\u0441\u0442\u0438 \u0438 \u0446\u0435\u043b\u043e\u0441\u0442\u043d\u043e\u0441\u0442\u0438 \u043f\u0435\u0440\u0441\u043e\u043d\u0430\u043b\u044c\u043d\u044b\u0445 \u0434\u0430\u043d\u043d\u044b\u0445.<br data-start=\"3593\" data-end=\"3596\" \/>\u042d\u0442\u043e\u0442 <strong data-start=\"3604\" data-end=\"3637\">\u043f\u043e\u043b\u0438\u0442\u0438\u043a\u0430 \u043a\u043e\u043d\u0444\u0438\u0434\u0435\u043d\u0446\u0438\u0430\u043b\u044c\u043d\u043e\u0441\u0442\u0438<\/strong> \u043e\u0442\u0440\u0430\u0436\u0430\u0435\u0442 \u043d\u0430\u0448\u0443 \u043f\u0440\u0438\u0432\u0435\u0440\u0436\u0435\u043d\u043d\u043e\u0441\u0442\u044c \u0437\u0430\u0449\u0438\u0442\u0435 \u0432\u0430\u0448\u0435\u0439 \u0438\u043d\u0444\u043e\u0440\u043c\u0430\u0446\u0438\u0438.<\/p>\r\n<hr data-start=\"3705\" data-end=\"3708\" \/>\r\n<h3 data-start=\"3710\" data-end=\"3729\"><strong data-start=\"3714\" data-end=\"3729\">11. \u041a\u043e\u043d\u0442\u0430\u043a\u0442\u044b<\/strong><\/h3>\r\n<p data-start=\"3731\" data-end=\"3906\">\u041f\u043e \u0432\u043e\u043f\u0440\u043e\u0441\u0430\u043c \u0438 \u0437\u0430\u043f\u0440\u043e\u0441\u0430\u043c \u043e\u0442\u043d\u043e\u0441\u0438\u0442\u0435\u043b\u044c\u043d\u043e \u044d\u0442\u043e\u0433\u043e <strong data-start=\"3779\" data-end=\"3812\">\u043f\u043e\u043b\u0438\u0442\u0438\u043a\u0430 \u043a\u043e\u043d\u0444\u0438\u0434\u0435\u043d\u0446\u0438\u0430\u043b\u044c\u043d\u043e\u0441\u0442\u0438<\/strong>, \u0432\u044b \u043c\u043e\u0436\u0435\u0442\u0435 \u0441\u0432\u044f\u0437\u0430\u0442\u044c\u0441\u044f \u0441 \u043d\u0430\u043c\u0438 \u043f\u043e \u0430\u0434\u0440\u0435\u0441\u0443:<br data-start=\"3836\" data-end=\"3839\" \/>\ud83d\udce7 <strong data-start=\"3842\" data-end=\"3859\"><a class=\"cursor-pointer\" rel=\"noopener\" data-start=\"3844\" data-end=\"3857\">info@altal.ro<\/a><\/strong><br data-start=\"3859\" data-end=\"3862\" \/>\ud83d\udccd <strong data-start=\"3865\" data-end=\"3906\">\u0443\u043b. \u0410\u043b\u0431\u0430 \u042e\u043b\u0438\u044f 75, \u041a\u0438\u0448\u0438\u043d\u0435\u0432, \u041c\u043e\u043b\u0434\u043e\u0432\u0430<\/strong><\/p>","protected":false},"excerpt":{"rendered":"<p>Politica de confiden\u021bialitate Aceast\u0103 politica de confiden\u021bialitate descrie modul \u00een care colect\u0103m, utiliz\u0103m \u0219i protej\u0103m datele cu caracter personal ale vizitatorilor site-ului https:\/\/altal.ro. Acces\u00e2nd acest site, sunte\u021bi de acord cu termenii din aceast\u0103 politica de confiden\u021bialitate. 1. Cine suntem Adresa site-ului nostru este: https:\/\/altal.ro.Protejarea datelor dvs. cu caracter personal este o prioritate pentru echipa ALTAL&#8230;.<\/p>","protected":false},"author":1,"featured_media":4742,"parent":0,"menu_order":0,"comment_status":"closed","ping_status":"closed","template":"","meta":{"_acf_changed":false,"_kad_post_transparent":"default","_kad_post_title":"default","_kad_post_layout":"default","_kad_post_sidebar_id":"","_kad_post_content_style":"default","_kad_post_vertical_padding":"default","_kad_post_feature":"","_kad_post_feature_position":"","_kad_post_header":false,"_kad_post_footer":false,"footnotes":""},"class_list":["post-3","page","type-page","status-publish","has-post-thumbnail","hentry"],"acf":[],"_links":{"self":[{"href":"https:\/\/altal.ro\/ru\/wp-json\/wp\/v2\/pages\/3","targetHints":{"allow":["GET"]}}],"collection":[{"href":"https:\/\/altal.ro\/ru\/wp-json\/wp\/v2\/pages"}],"about":[{"href":"https:\/\/altal.ro\/ru\/wp-json\/wp\/v2\/types\/page"}],"author":[{"embeddable":true,"href":"https:\/\/altal.ro\/ru\/wp-json\/wp\/v2\/users\/1"}],"replies":[{"embeddable":true,"href":"https:\/\/altal.ro\/ru\/wp-json\/wp\/v2\/comments?post=3"}],"version-history":[{"count":1,"href":"https:\/\/altal.ro\/ru\/wp-json\/wp\/v2\/pages\/3\/revisions"}],"predecessor-version":[{"id":6928,"href":"https:\/\/altal.ro\/ru\/wp-json\/wp\/v2\/pages\/3\/revisions\/6928"}],"wp:featuredmedia":[{"embeddable":true,"href":"https:\/\/altal.ro\/ru\/wp-json\/wp\/v2\/media\/4742"}],"wp:attachment":[{"href":"https:\/\/altal.ro\/ru\/wp-json\/wp\/v2\/media?parent=3"}],"curies":[{"name":"wp","href":"https:\/\/api.w.org\/{rel}","templated":true}]}}