{"id":7385,"date":"2025-07-22T23:09:15","date_gmt":"2025-07-22T20:09:15","guid":{"rendered":"https:\/\/altal.ro\/?post_type=product&#038;p=7385"},"modified":"2025-07-23T01:11:25","modified_gmt":"2025-07-22T22:11:25","slug":"masina-de-indoit-tabla","status":"publish","type":"product","link":"https:\/\/altal.ro\/ro\/masina-de-indoit-tabla\/","title":{"rendered":"Ma\u0219in\u0103 de \u00eendoit tabl\u0103"},"content":{"rendered":"<h2 data-start=\"263\" data-end=\"365\">Ma\u0219in\u0103 de \u00eendoit tabl\u0103 metalic\u0103 CNC 100t\/2500 DA53T \u2013 Precizie \u00eenalt\u0103 pentru prelucrare profesional\u0103<\/h2>\n<h3 data-start=\"367\" data-end=\"394\">Aplica\u021bii ale produsului<\/h3>\n<p data-start=\"396\" data-end=\"695\">Ma\u0219ina de \u00eendoit tabl\u0103 metalic\u0103 CNC 100t\/2500 DA53T este o solu\u021bie de ultim\u0103 genera\u021bie destinat\u0103 \u00eendoirii tablei cu precizie ridicat\u0103. Datorit\u0103 construc\u021biei sale robuste \u0219i tehnologiilor moderne integrate, ma\u0219ina de \u00eendoit tabl\u0103 metalic\u0103 ofer\u0103 performan\u021b\u0103 constant\u0103 \u0219i fiabilitate \u00een utilizare industrial\u0103 intensiv\u0103.<\/p>\n<hr data-start=\"697\" data-end=\"700\" \/>\n<h2 data-start=\"702\" data-end=\"743\">Structura general\u0103 a presei de \u00eendoire<\/h2>\n<ul data-start=\"745\" data-end=\"1274\">\n<li data-start=\"745\" data-end=\"794\">\n<p data-start=\"747\" data-end=\"794\">Design european complet, cu aspect aerodinamic;<\/p>\n<\/li>\n<li data-start=\"795\" data-end=\"872\">\n<p data-start=\"797\" data-end=\"872\">Detensionarea pieselor sudate prin tratament termic \u2013 stabilitate crescut\u0103;<\/p>\n<\/li>\n<li data-start=\"873\" data-end=\"927\">\n<p data-start=\"875\" data-end=\"927\">Cur\u0103\u021bare cu sablare \u0219i vopsire cu strat anti-rugin\u0103;<\/p>\n<\/li>\n<li data-start=\"928\" data-end=\"1105\">\n<p data-start=\"930\" data-end=\"1105\">Utilizarea unui centru de prelucrare pentaedric de origine spaniol\u0103 \u2013 toate suprafe\u021bele sunt prelucrate dintr-o singur\u0103 fixare, garant\u00e2nd precizia dimensional\u0103 \u0219i pozi\u021bional\u0103;<\/p>\n<\/li>\n<li data-start=\"1106\" data-end=\"1195\">\n<p data-start=\"1108\" data-end=\"1195\">Rigiditatea cadrelor este esen\u021bial\u0103 pentru men\u021binerea preciziei \u00eendelungate a pieselor;<\/p>\n<\/li>\n<li data-start=\"1196\" data-end=\"1230\">\n<p data-start=\"1198\" data-end=\"1230\">Trei suporturi frontale incluse;<\/p>\n<\/li>\n<li data-start=\"1231\" data-end=\"1274\">\n<p data-start=\"1233\" data-end=\"1274\">Acoperire cu vopsea poliuretanic\u0103 Nippon.<\/p>\n<\/li>\n<\/ul>\n<hr data-start=\"1276\" data-end=\"1279\" \/>\n<h2 data-start=\"1281\" data-end=\"1310\">Structura (Ram)<\/h2>\n<ul data-start=\"1312\" data-end=\"1763\">\n<li data-start=\"1312\" data-end=\"1388\">\n<p data-start=\"1314\" data-end=\"1388\">Ma\u0219ina de \u00eendoit tabl\u0103 metalic\u0103 are un sistem cu curs\u0103 superioar\u0103 pentru \u00eendoire, operare silen\u021bioas\u0103 \u0219i stabil\u0103;<\/p>\n<\/li>\n<li data-start=\"1389\" data-end=\"1426\">\n<p data-start=\"1391\" data-end=\"1426\">Toleran\u021b\u0103 paralel\u0103 Y1\/Y2: \u00b10.01 mm;<\/p>\n<\/li>\n<li data-start=\"1427\" data-end=\"1511\">\n<p data-start=\"1429\" data-end=\"1511\">Axa Y1 \u0219i Y2 sunt programabile independent \u0219i pot lucra cu sarcini dezechilibrate;<\/p>\n<\/li>\n<li data-start=\"1512\" data-end=\"1610\">\n<p data-start=\"1514\" data-end=\"1610\">Poate realiza piese conice \u0219i men\u021bine presiunea \u00een punctul mort inferior pentru precizie maxim\u0103;<\/p>\n<\/li>\n<li data-start=\"1611\" data-end=\"1689\">\n<p data-start=\"1613\" data-end=\"1689\">Ridicare lent\u0103 a berbecului pentru control u\u0219or al piesei de c\u0103tre operator;<\/p>\n<\/li>\n<li data-start=\"1690\" data-end=\"1763\">\n<p data-start=\"1692\" data-end=\"1763\">Suprafa\u021b\u0103 universal\u0103 de prindere \u2013 compatibil\u0103 cu majoritatea sculelor.<\/p>\n<\/li>\n<\/ul>\n<hr data-start=\"1765\" data-end=\"1768\" \/>\n<h2 data-start=\"1770\" data-end=\"1797\">Sistem hidraulic avansat<\/h2>\n<ul data-start=\"1799\" data-end=\"2370\">\n<li data-start=\"1799\" data-end=\"1863\">\n<p data-start=\"1801\" data-end=\"1863\">Control servo sincronizat electro-hidraulic cu circuit \u00eenchis;<\/p>\n<\/li>\n<li data-start=\"1864\" data-end=\"1956\">\n<p data-start=\"1866\" data-end=\"1956\">Echipamente hidraulice de la <strong data-start=\"1895\" data-end=\"1917\">Rexroth (Germania)<\/strong>, pomp\u0103 de ulei <strong data-start=\"1933\" data-end=\"1955\">Sumitomo (Japonia)<\/strong>;<\/p>\n<\/li>\n<li data-start=\"1957\" data-end=\"2041\">\n<p data-start=\"1959\" data-end=\"2041\">Rigle optice liniare de \u00eenalt\u0103 precizie, sistem de ghidare \u0219i pozi\u021bionare avansat;<\/p>\n<\/li>\n<li data-start=\"2042\" data-end=\"2120\">\n<p data-start=\"2044\" data-end=\"2120\">Sistem de compensare a deform\u0103rii \u00een zona g\u00e2tului (\u201eC\u201d throat compensation);<\/p>\n<\/li>\n<li data-start=\"2121\" data-end=\"2206\">\n<p data-start=\"2123\" data-end=\"2206\">Etan\u0219\u0103ri de calitate superioar\u0103, importate \u2013 performan\u021b\u0103 excelent\u0103 \u0219i durabilitate;<\/p>\n<\/li>\n<li data-start=\"2207\" data-end=\"2276\">\n<p data-start=\"2209\" data-end=\"2276\">Protec\u021bie la suprasarcin\u0103, f\u0103r\u0103 scurgeri, cu nivel vizibil de ulei;<\/p>\n<\/li>\n<li data-start=\"2277\" data-end=\"2370\">\n<p data-start=\"2279\" data-end=\"2370\">Poate func\u021biona sub sarcin\u0103 nominal\u0103 continuu, asigur\u00e2nd precizie ridicat\u0103 \u0219i durabilitate.<\/p>\n<\/li>\n<\/ul>\n<hr data-start=\"2372\" data-end=\"2375\" \/>\n<h2 data-start=\"2377\" data-end=\"2424\">Sistem CNC de opritor posterior (Back Gauge)<\/h2>\n<ul data-start=\"2426\" data-end=\"2798\">\n<li data-start=\"2426\" data-end=\"2508\">\n<p data-start=\"2428\" data-end=\"2508\">Control servo sincronizat CNC, ideal pentru \u00eendoiri multiple de \u00eenalt\u0103 precizie;<\/p>\n<\/li>\n<li data-start=\"2509\" data-end=\"2591\">\n<p data-start=\"2511\" data-end=\"2591\">Ax X ac\u021bionat prin \u0219urub cu bil\u0103, ghidat liniar, ac\u021bionat de servomotor digital;<\/p>\n<\/li>\n<li data-start=\"2592\" data-end=\"2669\">\n<p data-start=\"2594\" data-end=\"2669\">Structur\u0103 robust\u0103 tip \u201etank\u201d a opritorului posterior, rigiditate excelent\u0103;<\/p>\n<\/li>\n<li data-start=\"2670\" data-end=\"2732\">\n<p data-start=\"2672\" data-end=\"2732\">Degete de oprire reglabile cu ghidare \u00een coad\u0103 de r\u00e2ndunic\u0103;<\/p>\n<\/li>\n<li data-start=\"2733\" data-end=\"2798\">\n<p data-start=\"2735\" data-end=\"2798\">Design special al limitatorului \u2013 extinde domeniul de aplicare.<\/p>\n<\/li>\n<\/ul>\n<hr data-start=\"2800\" data-end=\"2803\" \/>\n<h2 data-start=\"2805\" data-end=\"2833\">Sistem electric SCHNEIDER<\/h2>\n<ul data-start=\"2835\" data-end=\"3149\">\n<li data-start=\"2835\" data-end=\"2909\">\n<p data-start=\"2837\" data-end=\"2909\">Componente electrice importate sau produse \u00een colaborare interna\u021bional\u0103;<\/p>\n<\/li>\n<li data-start=\"2910\" data-end=\"3022\">\n<p data-start=\"2912\" data-end=\"3022\">Conformitate cu standardele interna\u021bionale \u2013 fiabilitate, durat\u0103 de via\u021b\u0103 extins\u0103, protec\u021bie electromagnetic\u0103;<\/p>\n<\/li>\n<li data-start=\"3023\" data-end=\"3084\">\n<p data-start=\"3025\" data-end=\"3084\">Cabinet electric dotat cu unitate de protec\u021bie la radia\u021bii;<\/p>\n<\/li>\n<li data-start=\"3085\" data-end=\"3149\">\n<p data-start=\"3087\" data-end=\"3149\">Pedal\u0103 mobil\u0103 cu oprire de urgen\u021b\u0103 \u2013 operare sigur\u0103 \u0219i u\u0219oar\u0103.<\/p>\n<\/li>\n<\/ul>\n<hr data-start=\"3151\" data-end=\"3154\" \/>\n<h2 data-start=\"3156\" data-end=\"3208\">Compensare automat\u0103 a deform\u0103rii mesei (Crowning)<\/h2>\n<ul data-start=\"3210\" data-end=\"3418\">\n<li data-start=\"3210\" data-end=\"3284\">\n<p data-start=\"3212\" data-end=\"3284\">Mas\u0103 inferioar\u0103 echipat\u0103 cu sistem de compensare automat\u0103 controlat CNC;<\/p>\n<\/li>\n<li data-start=\"3285\" data-end=\"3345\">\n<p data-start=\"3287\" data-end=\"3345\">Unghiul de \u00eendoire este constant pe toat\u0103 lungimea piesei;<\/p>\n<\/li>\n<li data-start=\"3346\" data-end=\"3418\">\n<p data-start=\"3348\" data-end=\"3418\">Design special al mesei pentru reducerea deform\u0103rii sculei inferioare.<\/p>\n<\/li>\n<\/ul>\n<hr data-start=\"4493\" data-end=\"4496\" \/>\n<h2 data-start=\"4498\" data-end=\"4560\">De ce s\u0103 alegi o ma\u0219in\u0103 de \u00eendoit tabl\u0103 metalic\u0103 de la noi?<\/h2>\n<ul data-start=\"4562\" data-end=\"4828\">\n<li data-start=\"4562\" data-end=\"4634\">\n<p data-start=\"4564\" data-end=\"4634\"><strong data-start=\"4564\" data-end=\"4588\">Precizie CNC extrem\u0103<\/strong>, ideal\u0103 pentru produc\u021bie de serie sau unicate<\/p>\n<\/li>\n<li data-start=\"4635\" data-end=\"4695\">\n<p data-start=\"4637\" data-end=\"4695\"><strong data-start=\"4637\" data-end=\"4664\">Fiabilitate industrial\u0103<\/strong> datorit\u0103 componentelor premium<\/p>\n<\/li>\n<li data-start=\"4696\" data-end=\"4765\">\n<p data-start=\"4698\" data-end=\"4765\"><strong data-start=\"4698\" data-end=\"4725\">Adaptabilitate ridicat\u0103<\/strong> pentru diverse tipuri de tabl\u0103 \u0219i forme<\/p>\n<\/li>\n<li data-start=\"4766\" data-end=\"4828\">\n<p data-start=\"4768\" data-end=\"4828\"><strong data-start=\"4768\" data-end=\"4797\">Suport tehnic profesional<\/strong> \u0219i piese de schimb disponibile<\/p>\n<\/li>\n<\/ul>\n<hr data-start=\"4830\" data-end=\"4833\" \/>\n<p data-start=\"4835\" data-end=\"5062\"><strong data-start=\"4835\" data-end=\"4884\">Ma\u0219ina de \u00eendoit tabl\u0103 metalic\u0103 CNC 100t\/2500<\/strong> este alegerea perfect\u0103 pentru companiile care caut\u0103 calitate, vitez\u0103 \u0219i durabilitate \u00een procesul de \u00eendoire a tablei. Contacteaz\u0103-ne pentru ofert\u0103 sau mai multe detalii tehnice.<\/p>\n<hr \/>\n<p data-start=\"4835\" data-end=\"5062\">\u00a0<\/p>\n","protected":false},"excerpt":{"rendered":"<h1 data-start=\"263\" data-end=\"365\"><span style=\"color: #800080;\">CNC 100t\/2500 DA53T<\/span><\/h1>\n<ul>\n<li>For\u021b\u0103 nominal\u0103: 1000 kN.<\/li>\n<li>Lungime de \u00eendoire: 2500 mm.<\/li>\n<li>Distan\u021b\u0103 \u00eentre montan\u021bi: 2000 mm.<\/li>\n<li>Ad\u00e2ncimea g\u00e2tului: 340 mm.<\/li>\n<li>Cursa berbecului: 200 mm.<\/li>\n<li>\u00cen\u0103l\u021bime maxim\u0103 de deschidere: 470 mm.<\/li>\n<li>Acurate\u021be repozi\u021bionare: \u00b10.01 mm.<\/li>\n<li>Vitez\u0103 de apropiere: 160 mm\/s.<\/li>\n<li>Vitez\u0103 de lucru: 8 mm\/s.<\/li>\n<li>Vitez\u0103 de revenire: 120 mm\/s.<\/li>\n<li>Axe de control: Y1, Y2, X, R + V<\/li>\n<li>Dimensiuni totale: 3300 x 1800 x 2550 mm.<\/li>\n<li>Alimentare electric\u0103: 380V \/ 50Hz \/ 3 faze.<\/li>\n<li>Puterea servo motorului: 11 kW<\/li>\n<\/ul>\n","protected":false},"featured_media":7388,"comment_status":"open","ping_status":"closed","template":"","meta":{"_acf_changed":false,"_kad_post_transparent":"default","_kad_post_title":"","_kad_post_layout":"default","_kad_post_sidebar_id":"","_kad_post_content_style":"default","_kad_post_vertical_padding":"default","_kad_post_feature":"","_kad_post_feature_position":"","_kad_post_header":false,"_kad_post_footer":false},"product_brand":[],"product_cat":[745,183],"product_tag":[],"class_list":{"0":"post-7385","1":"product","2":"type-product","3":"status-publish","4":"has-post-thumbnail","6":"product_cat-masini-prelucrare-metal","7":"product_cat-catalog","8":"product_shipping_class-greutate-mare","10":"first","11":"instock","12":"sale","13":"taxable","14":"shipping-taxable","15":"purchasable","16":"product-type-simple","17":"entry","18":"content-bg","19":"loop-entry"},"acf":[],"_links":{"self":[{"href":"https:\/\/altal.ro\/ro\/wp-json\/wp\/v2\/product\/7385","targetHints":{"allow":["GET"]}}],"collection":[{"href":"https:\/\/altal.ro\/ro\/wp-json\/wp\/v2\/product"}],"about":[{"href":"https:\/\/altal.ro\/ro\/wp-json\/wp\/v2\/types\/product"}],"replies":[{"embeddable":true,"href":"https:\/\/altal.ro\/ro\/wp-json\/wp\/v2\/comments?post=7385"}],"version-history":[{"count":3,"href":"https:\/\/altal.ro\/ro\/wp-json\/wp\/v2\/product\/7385\/revisions"}],"predecessor-version":[{"id":7538,"href":"https:\/\/altal.ro\/ro\/wp-json\/wp\/v2\/product\/7385\/revisions\/7538"}],"wp:featuredmedia":[{"embeddable":true,"href":"https:\/\/altal.ro\/ro\/wp-json\/wp\/v2\/media\/7388"}],"wp:attachment":[{"href":"https:\/\/altal.ro\/ro\/wp-json\/wp\/v2\/media?parent=7385"}],"wp:term":[{"taxonomy":"product_brand","embeddable":true,"href":"https:\/\/altal.ro\/ro\/wp-json\/wp\/v2\/product_brand?post=7385"},{"taxonomy":"product_cat","embeddable":true,"href":"https:\/\/altal.ro\/ro\/wp-json\/wp\/v2\/product_cat?post=7385"},{"taxonomy":"product_tag","embeddable":true,"href":"https:\/\/altal.ro\/ro\/wp-json\/wp\/v2\/product_tag?post=7385"}],"curies":[{"name":"wp","href":"https:\/\/api.w.org\/{rel}","templated":true}]}}