{"id":7363,"date":"2025-07-21T20:37:15","date_gmt":"2025-07-21T17:37:15","guid":{"rendered":"https:\/\/altal.ro\/?post_type=product&#038;p=7363"},"modified":"2025-07-23T01:12:05","modified_gmt":"2025-07-22T22:12:05","slug":"masina-de-taiat-cu-laser","status":"publish","type":"product","link":"https:\/\/altal.ro\/ro\/masina-de-taiat-cu-laser\/","title":{"rendered":"Ma\u0219in\u0103 de t\u0103iat cu laser"},"content":{"rendered":"<div id=\"ez-toc-container\" class=\"ez-toc-v2_0_82_2 counter-hierarchy ez-toc-counter ez-toc-grey ez-toc-container-direction\">\n<div class=\"ez-toc-title-container\">\n<p class=\"ez-toc-title\" style=\"cursor:inherit\">Cuprins<\/p>\n<span class=\"ez-toc-title-toggle\"><a href=\"#\" class=\"ez-toc-pull-right ez-toc-btn ez-toc-btn-xs ez-toc-btn-default ez-toc-toggle\" aria-label=\"Toggle Table of Content\"><span class=\"ez-toc-js-icon-con\"><span class=\"\"><span class=\"eztoc-hide\" style=\"display:none;\">Toggle<\/span><span class=\"ez-toc-icon-toggle-span\"><svg style=\"fill: #999;color:#999\" xmlns=\"http:\/\/www.w3.org\/2000\/svg\" class=\"list-377408\" width=\"20px\" height=\"20px\" viewBox=\"0 0 24 24\" fill=\"none\"><path d=\"M6 6H4v2h2V6zm14 0H8v2h12V6zM4 11h2v2H4v-2zm16 0H8v2h12v-2zM4 16h2v2H4v-2zm16 0H8v2h12v-2z\" fill=\"currentColor\"><\/path><\/svg><svg style=\"fill: #999;color:#999\" class=\"arrow-unsorted-368013\" xmlns=\"http:\/\/www.w3.org\/2000\/svg\" width=\"10px\" height=\"10px\" viewBox=\"0 0 24 24\" version=\"1.2\" baseProfile=\"tiny\"><path d=\"M18.2 9.3l-6.2-6.3-6.2 6.3c-.2.2-.3.4-.3.7s.1.5.3.7c.2.2.4.3.7.3h11c.3 0 .5-.1.7-.3.2-.2.3-.5.3-.7s-.1-.5-.3-.7zM5.8 14.7l6.2 6.3 6.2-6.3c.2-.2.3-.5.3-.7s-.1-.5-.3-.7c-.2-.2-.4-.3-.7-.3h-11c-.3 0-.5.1-.7.3-.2.2-.3.5-.3.7s.1.5.3.7z\"\/><\/svg><\/span><\/span><\/span><\/a><\/span><\/div>\n<nav><ul class='ez-toc-list ez-toc-list-level-1 ' ><li class='ez-toc-page-1 ez-toc-heading-level-2'><a class=\"ez-toc-link ez-toc-heading-1\" href=\"https:\/\/altal.ro\/ro\/masina-de-taiat-cu-laser\/#Masina_de_taiat_cu_laser_CO2\" >Ma\u0219in\u0103 de t\u0103iat cu laser CO2<\/a><ul class='ez-toc-list-level-3' ><li class='ez-toc-heading-level-3'><a class=\"ez-toc-link ez-toc-heading-2\" href=\"https:\/\/altal.ro\/ro\/masina-de-taiat-cu-laser\/#Mixt_metalnemetal\" >Mixt metal\/nemetal<\/a><\/li><\/ul><\/li><li class='ez-toc-page-1 ez-toc-heading-level-2'><a class=\"ez-toc-link ez-toc-heading-3\" href=\"https:\/\/altal.ro\/ro\/masina-de-taiat-cu-laser\/#Specificatii\" >Specifica\u021bii:<\/a><\/li><\/ul><\/nav><\/div>\n\n<h2><span class=\"ez-toc-section\" id=\"Masina_de_taiat_cu_laser_CO2\"><\/span>Ma\u0219in\u0103 de t\u0103iat cu laser CO2<span class=\"ez-toc-section-end\"><\/span><\/h2>\n<p><strong><span style=\"color: #ff0000\">Un tub din doua (unul de 140 W) trebuie de schimbat.<\/span><\/strong><\/p>\n<h3><span class=\"ez-toc-section\" id=\"Mixt_metalnemetal\"><\/span>Mixt metal\/nemetal<span class=\"ez-toc-section-end\"><\/span><\/h3>\n<p data-start=\"0\" data-end=\"34\"><strong data-start=\"21\" data-end=\"34\">Cap laser<\/strong><\/p>\n<p data-start=\"36\" data-end=\"257\">Ma\u0219in\u0103 de t\u0103iat cu laser folose\u021bte un sistem op\u021bional de pozi\u021bionare cu lumin\u0103 ro\u0219ie pentru performan\u021b\u0103 \u00eembun\u0103t\u0103\u021bit\u0103 \u00een lucru. Ajustare automat\u0103 a distan\u021bei focale pentru cre\u0219terea eficien\u021bei \u0219i vitezei de t\u0103iere, men\u021bin\u00e2nd \u00een acela\u0219i timp acurate\u021bea t\u0103ierii.<\/p>\n<hr data-start=\"399\" data-end=\"402\" \/>\n<p data-start=\"404\" data-end=\"417\"><strong data-start=\"404\" data-end=\"417\">Tub laser<\/strong><\/p>\n<p data-start=\"419\" data-end=\"752\">Ma\u0219in\u0103 de t\u0103iat cu laser are tubul laser Yongli\/Reci care este bazat pe o tehnologie matur\u0103, cu calitate stabil\u0103 \u0219i fiabil\u0103. Utilizarea celei mai noi tehnologii de procesare \u00eembun\u0103t\u0103\u021be\u0219te stabilitatea structurii \u0219i modul de ie\u0219ire al spotului laser, asigur\u00e2nd o vitez\u0103 constant\u0103 de t\u0103iere \u0219i precizie ridicat\u0103. Are durat\u0103 lung\u0103 de via\u021b\u0103 \u0219i rat\u0103 sc\u0103zut\u0103 de defec\u021biuni.<\/p>\n<hr data-start=\"754\" data-end=\"757\" \/>\n<p data-start=\"759\" data-end=\"780\"><strong data-start=\"759\" data-end=\"780\">Sistem de control<\/strong><\/p>\n<p data-start=\"782\" data-end=\"927\">Sistem digital de control offline, compatibil USB, alternativ\u0103 RD sau Lettro. Interfa\u021b\u0103 prietenoas\u0103 cu utilizatorul, u\u0219or de utilizat \u0219i \u00eenv\u0103\u021bat.<\/p>\n<hr data-start=\"1069\" data-end=\"1072\" \/>\n<p data-start=\"1074\" data-end=\"1104\"><strong data-start=\"1074\" data-end=\"1104\">Motor pas cu pas Leadshine<\/strong><\/p>\n<p data-start=\"1106\" data-end=\"1425\">Sistemul Leadshine cu driver \u0219i motor pas cu pas \u00eembun\u0103t\u0103\u021be\u0219te performan\u021ba la vitez\u0103 mare, reduce zgomotul \u0219i \u00eenc\u0103lzirea, asigur\u00e2nd fiabilitatea func\u021bion\u0103rii echipamentului \u0219i acurate\u021bea pozi\u021bion\u0103rii. Func\u021bia f\u0103r\u0103 necesitate de reglaj este ideal\u0103 pentru eficientizarea produc\u021biei \u0219i reducerea costurilor de \u00eentre\u021binere.<\/p>\n<hr data-start=\"1427\" data-end=\"1430\" \/>\n<p data-start=\"1432\" data-end=\"1464\"><strong data-start=\"1432\" data-end=\"1464\">Lentile optice II-VI din SUA<\/strong><\/p>\n<p data-start=\"1466\" data-end=\"1596\">Componentele optice folosesc lentile de focalizare ZNSE \u0219i lentile importate II-VI din SUA pentru o calitate superioar\u0103 a t\u0103ierii.<\/p>\n<hr data-start=\"1738\" data-end=\"1741\" \/>\n<p data-start=\"1743\" data-end=\"1771\"><strong data-start=\"1743\" data-end=\"1771\">Platforme duble de lucru<\/strong><\/p>\n<p data-start=\"1773\" data-end=\"1907\">Mas\u0103 de lucru cu lame din aliaj de aluminiu pentru t\u0103iere de calitate superioar\u0103; op\u021bional, platforme tip fagure pentru materiale moi.<\/p>\n<hr data-start=\"1909\" data-end=\"1912\" \/>\n<p data-start=\"1914\" data-end=\"2124\" data-is-last-node=\"\" data-is-only-node=\"\"><strong data-start=\"1914\" data-end=\"1927\">Aplica\u021bii<\/strong><br data-start=\"1927\" data-end=\"1930\" \/>Ma\u0219in\u0103 de t\u0103iat cu laser CO2 se pate de utilizat \u00een industria publicitar\u0103, industria piel\u0103riei \u0219i \u00eembr\u0103c\u0103mintei, industria artizanatului, industria machetelor, industria ambalajelor, industria decora\u021biunilor, pentru gravare \u0219i t\u0103iere.<\/p>\n<h2><span class=\"ez-toc-section\" id=\"Specificatii\"><\/span>Specifica\u021bii:<span class=\"ez-toc-section-end\"><\/span><\/h2>\n<ol>\n<li>Cel mai bun tub laser RFR de 260W din China, RECI.<\/li>\n<li>Sistem de control Ruida.<\/li>\n<li>Software Rdcam.<\/li>\n<li>Servomotor \u0219i driver Yaskawa din Japonia.<\/li>\n<li>Cap laser cu t\u0103iere mixt\u0103 \u0219i sistem de urm\u0103rire.<\/li>\n<li>Orbit\u0103 liniar\u0103 p\u0103trat\u0103 Hiwin din Taiwan.<\/li>\n<li>R\u0103citor de ap\u0103 CW6000.<\/li>\n<li>Ventilator de evacuare 750w.<\/li>\n<li>Compresor de aer.<\/li>\n<li>Mas\u0103 cu lame.<\/li>\n<li>ndicator ro\u0219u.<\/li>\n<li>Formate grafice acceptate: BMP, PLT, DST, DXF, AI.<\/li>\n<li>Software acceptat: CorelDraw, PhotoShop, AutoCAD,TAJIMA.<\/li>\n<li>Sistem de ac\u021bionare: Motor pas cu pas trifazat.<br \/>\n<hr \/>\n<\/li>\n<\/ol>\n","protected":false},"excerpt":{"rendered":"<h2><span style=\"color: #800080;\">Model: HT-1750*3000<\/span><\/h2>\n<ul>\n<li>Zon\u0103 de lucru: 1750cm*3000cm.<\/li>\n<li>Putere laser 100\/130\/150\/180W\/280W.<\/li>\n<li>Tip laser: Tub laser etan\u0219 cu CO2, r\u0103cit cu ap\u0103.<\/li>\n<li>Vitez\u0103 de gravare:\u00a0 0-6000mm\/min.<\/li>\n<li>Vitez\u0103 de t\u0103iere:\u00a0 0-5000mm\/min.<\/li>\n<li>Alimentare:\u00a0 220V\/50HZ,.<\/li>\n<li>Greutate net\u0103: 1150 kg<\/li>\n<\/ul>\n","protected":false},"featured_media":7365,"comment_status":"open","ping_status":"closed","template":"","meta":{"_acf_changed":false,"_kad_post_transparent":"default","_kad_post_title":"","_kad_post_layout":"default","_kad_post_sidebar_id":"","_kad_post_content_style":"default","_kad_post_vertical_padding":"default","_kad_post_feature":"","_kad_post_feature_position":"","_kad_post_header":false,"_kad_post_footer":false},"product_brand":[],"product_cat":[745],"product_tag":[],"class_list":{"0":"post-7363","1":"product","2":"type-product","3":"status-publish","4":"has-post-thumbnail","6":"product_cat-masini-prelucrare-metal","7":"product_shipping_class-greutate-mare","9":"first","10":"instock","11":"sale","12":"taxable","13":"shipping-taxable","14":"purchasable","15":"product-type-simple","16":"entry","17":"content-bg","18":"loop-entry"},"acf":[],"_links":{"self":[{"href":"https:\/\/altal.ro\/ro\/wp-json\/wp\/v2\/product\/7363","targetHints":{"allow":["GET"]}}],"collection":[{"href":"https:\/\/altal.ro\/ro\/wp-json\/wp\/v2\/product"}],"about":[{"href":"https:\/\/altal.ro\/ro\/wp-json\/wp\/v2\/types\/product"}],"replies":[{"embeddable":true,"href":"https:\/\/altal.ro\/ro\/wp-json\/wp\/v2\/comments?post=7363"}],"version-history":[{"count":5,"href":"https:\/\/altal.ro\/ro\/wp-json\/wp\/v2\/product\/7363\/revisions"}],"predecessor-version":[{"id":7540,"href":"https:\/\/altal.ro\/ro\/wp-json\/wp\/v2\/product\/7363\/revisions\/7540"}],"wp:featuredmedia":[{"embeddable":true,"href":"https:\/\/altal.ro\/ro\/wp-json\/wp\/v2\/media\/7365"}],"wp:attachment":[{"href":"https:\/\/altal.ro\/ro\/wp-json\/wp\/v2\/media?parent=7363"}],"wp:term":[{"taxonomy":"product_brand","embeddable":true,"href":"https:\/\/altal.ro\/ro\/wp-json\/wp\/v2\/product_brand?post=7363"},{"taxonomy":"product_cat","embeddable":true,"href":"https:\/\/altal.ro\/ro\/wp-json\/wp\/v2\/product_cat?post=7363"},{"taxonomy":"product_tag","embeddable":true,"href":"https:\/\/altal.ro\/ro\/wp-json\/wp\/v2\/product_tag?post=7363"}],"curies":[{"name":"wp","href":"https:\/\/api.w.org\/{rel}","templated":true}]}}