{"id":6480,"date":"2025-06-28T15:40:46","date_gmt":"2025-06-28T12:40:46","guid":{"rendered":"https:\/\/altal.ro\/?post_type=product&#038;p=6480"},"modified":"2025-07-23T01:15:25","modified_gmt":"2025-07-22T22:15:25","slug":"pompa-de-caldura-aer-apa-50-kw","status":"publish","type":"product","link":"https:\/\/altal.ro\/ro\/pompa-de-caldura-aer-apa-50-kw\/","title":{"rendered":"Pomp\u0103 de c\u0103ldur\u0103 aer-ap\u0103 50 kW FULL SPLIT EVI DC"},"content":{"rendered":"<div id=\"ez-toc-container\" class=\"ez-toc-v2_0_82_2 counter-hierarchy ez-toc-counter ez-toc-grey ez-toc-container-direction\">\n<div class=\"ez-toc-title-container\">\n<p class=\"ez-toc-title\" style=\"cursor:inherit\">Cuprins<\/p>\n<span class=\"ez-toc-title-toggle\"><a href=\"#\" class=\"ez-toc-pull-right ez-toc-btn ez-toc-btn-xs ez-toc-btn-default ez-toc-toggle\" aria-label=\"Toggle Table of Content\"><span class=\"ez-toc-js-icon-con\"><span class=\"\"><span class=\"eztoc-hide\" style=\"display:none;\">Toggle<\/span><span class=\"ez-toc-icon-toggle-span\"><svg style=\"fill: #999;color:#999\" xmlns=\"http:\/\/www.w3.org\/2000\/svg\" class=\"list-377408\" width=\"20px\" height=\"20px\" viewBox=\"0 0 24 24\" fill=\"none\"><path d=\"M6 6H4v2h2V6zm14 0H8v2h12V6zM4 11h2v2H4v-2zm16 0H8v2h12v-2zM4 16h2v2H4v-2zm16 0H8v2h12v-2z\" fill=\"currentColor\"><\/path><\/svg><svg style=\"fill: #999;color:#999\" class=\"arrow-unsorted-368013\" xmlns=\"http:\/\/www.w3.org\/2000\/svg\" width=\"10px\" height=\"10px\" viewBox=\"0 0 24 24\" version=\"1.2\" baseProfile=\"tiny\"><path d=\"M18.2 9.3l-6.2-6.3-6.2 6.3c-.2.2-.3.4-.3.7s.1.5.3.7c.2.2.4.3.7.3h11c.3 0 .5-.1.7-.3.2-.2.3-.5.3-.7s-.1-.5-.3-.7zM5.8 14.7l6.2 6.3 6.2-6.3c.2-.2.3-.5.3-.7s-.1-.5-.3-.7c-.2-.2-.4-.3-.7-.3h-11c-.3 0-.5.1-.7.3-.2.2-.3.5-.3.7s.1.5.3.7z\"\/><\/svg><\/span><\/span><\/span><\/a><\/span><\/div>\n<nav><ul class='ez-toc-list ez-toc-list-level-1 ' ><li class='ez-toc-page-1 ez-toc-heading-level-2'><a class=\"ez-toc-link ez-toc-heading-1\" href=\"https:\/\/altal.ro\/ro\/pompa-de-caldura-aer-apa-50-kw\/#Pompa_de_caldura_aer-apa_50_kW_%E2%80%94_configuratie_FULL_SPLIT_EVI_DC\">Pomp\u0103 de c\u0103ldur\u0103 aer-ap\u0103 50 kW \u2014 configura\u021bie FULL SPLIT EVI DC<\/a><\/li><li class='ez-toc-page-1 ez-toc-heading-level-2'><a class=\"ez-toc-link ez-toc-heading-2\" href=\"https:\/\/altal.ro\/ro\/pompa-de-caldura-aer-apa-50-kw\/#Ce_inseamna_configuratia_FULL_SPLIT_si_de_ce_este_importanta\">Ce \u00eenseamn\u0103 configura\u021bia FULL SPLIT \u0219i de ce este important\u0103?<\/a><\/li><li class='ez-toc-page-1 ez-toc-heading-level-2'><a class=\"ez-toc-link ez-toc-heading-3\" href=\"https:\/\/altal.ro\/ro\/pompa-de-caldura-aer-apa-50-kw\/#Tehnologia_EVI_eficienta_crescuta_in_sezonul_rece\">Tehnologia EVI: eficien\u021b\u0103 crescut\u0103 \u00een sezonul rece<\/a><\/li><li class='ez-toc-page-1 ez-toc-heading-level-2'><a class=\"ez-toc-link ez-toc-heading-4\" href=\"https:\/\/altal.ro\/ro\/pompa-de-caldura-aer-apa-50-kw\/#Caracteristici_tehnice_principale\">Caracteristici tehnice principale<\/a><\/li><li class='ez-toc-page-1 ez-toc-heading-level-2'><a class=\"ez-toc-link ez-toc-heading-5\" href=\"https:\/\/altal.ro\/ro\/pompa-de-caldura-aer-apa-50-kw\/#Control_inteligent_si_adaptabil\">Control inteligent \u0219i adaptabil<\/a><\/li><li class='ez-toc-page-1 ez-toc-heading-level-2'><a class=\"ez-toc-link ez-toc-heading-6\" href=\"https:\/\/altal.ro\/ro\/pompa-de-caldura-aer-apa-50-kw\/#Pompa_de_caldura_aer-apa_50_kW_FULL_SPLIT_EVI_DC_Avantajele_utilizarii\">Pomp\u0103 de c\u0103ldur\u0103 aer-ap\u0103 50 kW FULL SPLIT EVI DC. Avantajele utiliz\u0103rii<\/a><\/li><li class='ez-toc-page-1 ez-toc-heading-level-2'><a class=\"ez-toc-link ez-toc-heading-7\" href=\"https:\/\/altal.ro\/ro\/pompa-de-caldura-aer-apa-50-kw\/#Comparatie_cu_alte_sisteme_de_incalzire\">Compara\u021bie cu alte sisteme de \u00eenc\u0103lzire<\/a><\/li><li class='ez-toc-page-1 ez-toc-heading-level-2'><a class=\"ez-toc-link ez-toc-heading-8\" href=\"https:\/\/altal.ro\/ro\/pompa-de-caldura-aer-apa-50-kw\/#Serviciile_ALTAL_GRUP\">Serviciile ALTAL GRUP<\/a><\/li><li class='ez-toc-page-1 ez-toc-heading-level-2'><a class=\"ez-toc-link ez-toc-heading-9\" href=\"https:\/\/altal.ro\/ro\/pompa-de-caldura-aer-apa-50-kw\/#Intrebari_frecvente\">\u00centreb\u0103ri frecvente<\/a><\/li><li class='ez-toc-page-1 ez-toc-heading-level-2'><a class=\"ez-toc-link ez-toc-heading-10\" href=\"https:\/\/altal.ro\/ro\/pompa-de-caldura-aer-apa-50-kw\/#Comanda_acum_pompa_de_caldura_aer-apa_50_kW_FULL_SPLIT_EVI_DC_de_la_ALTAL_GRUP\">Comand\u0103 acum pomp\u0103 de c\u0103ldur\u0103 aer-ap\u0103 50 kW FULL SPLIT EVI DC de la ALTAL GRUP<\/a><ul class='ez-toc-list-level-4' ><li class='ez-toc-heading-level-4'><ul class='ez-toc-list-level-4' ><li class='ez-toc-heading-level-4'><a class=\"ez-toc-link ez-toc-heading-11\" href=\"https:\/\/altal.ro\/ro\/pompa-de-caldura-aer-apa-50-kw\/#Fabricat_in_Moldova\">Fabricat \u00een Moldova<\/a><\/li><\/ul><\/li><\/ul><\/li><\/ul><\/nav><\/div>\n\n<h2><span class=\"ez-toc-section\" id=\"Pompa_de_caldura_aer-apa_50_kW_%E2%80%94_configuratie_FULL_SPLIT_EVI_DC\"><\/span>Pomp\u0103 de c\u0103ldur\u0103 aer-ap\u0103 50 kW \u2014 configura\u021bie FULL SPLIT EVI DC<span class=\"ez-toc-section-end\"><\/span><\/h2>\n<table style=\"height: 107px;width: 100%;background-color: #fff9a8\">\n<tbody>\n<tr style=\"height: 107px\">\n<td style=\"height: 107px\"><a href=\"https:\/\/altal.ro\/wp-content\/uploads\/2025\/06\/atentie-150x150-1.png\"><img loading=\"lazy\" decoding=\"async\" class=\"wp-image-6417 alignleft\" title=\"Pomp\u0103 de c\u0103ldur\u0103 aer-ap\u0103 9 kW FULL SPLIT EVI DC\" src=\"https:\/\/altal.ro\/wp-content\/uploads\/2025\/06\/atentie-150x150-1.png\" alt=\"imagine atentie\" width=\"66\" height=\"58\" srcset=\"https:\/\/altal.ro\/wp-content\/uploads\/2025\/06\/atentie-150x150-1.png 150w, https:\/\/altal.ro\/wp-content\/uploads\/2025\/06\/atentie-150x150-1-14x12.png 14w\" sizes=\"auto, (max-width: 66px) 100vw, 66px\" \/><\/a><\/td>\n<td style=\"height: 107px\"><strong>Pompa de c\u0103ldur\u0103 50 kW FULL SPLIT EVI DC poate fi configurat\u0103 \u00een func\u021bie de cerin\u021bele dumneavoastr\u0103: cu sau f\u0103r\u0103 tehnologie EVI, tip freon, culoare etc. Pre\u021bul este negociabil. Contacta\u021bi-ne pentru consultan\u021b\u0103 \u0219i ofert\u0103 personalizat\u0103!<\/strong><\/td>\n<\/tr>\n<\/tbody>\n<\/table>\n<p><strong>Pomp\u0103 de c\u0103ldur\u0103 aer-ap\u0103 50 kW FULL SPLIT EVI DC<\/strong> este o solu\u021bie <strong>PREMIUM<\/strong> pentru \u00eenc\u0103lzirea locuin\u021belor, r\u0103cirea pe timp de var\u0103 \u0219i prepararea apei calde menajere, utilizabil\u0103 \u00een orice sezon. Combin\u00e2nd <a href=\"https:\/\/www.hpac.com\/training\/article\/21244075\/refrigeration-basics-vapor-injection-and-the-refrigeration-cycle\" target=\"_blank\" rel=\"noopener\"><strong>tehnologia de injec\u021bie de vapori (EVI)<\/strong><\/a>, <strong>compresorul inverter<\/strong> \u0219i configura\u021bia avansat\u0103 <strong>FULL SPLIT<\/strong>, Pompa de c\u0103ldur\u0103 aer-ap\u0103 50 kW ofer\u0103 performan\u021b\u0103 optim\u0103 \u0219i eficien\u021b\u0103 energetic\u0103 chiar \u0219i la temperaturi exterioare extreme de p\u00e2n\u0103 la \u201325\u00b0C.<\/p>\n<h2><span class=\"ez-toc-section\" id=\"Ce_inseamna_configuratia_FULL_SPLIT_si_de_ce_este_importanta\"><\/span>Ce \u00eenseamn\u0103 configura\u021bia FULL SPLIT \u0219i de ce este important\u0103?<span class=\"ez-toc-section-end\"><\/span><\/h2>\n<p><a href=\"https:\/\/altal.ro\/ro\/pompe-de-caldura-altal\/\">Pomp\u0103 de c\u0103ldur\u0103 aer-ap\u0103 50 kW<\/a>\u00a0FULL SPLIT EVI DC este cea mai avansat\u0103 variant\u0103 constructiv\u0103 a pompelor de c\u0103ldur\u0103 aer-ap\u0103. \u00cen aceast\u0103 configura\u021bie:<\/p>\n<ul>\n<li><strong>Unitatea exterioar\u0103<\/strong> con\u021bine doar ventilatoare \u0219i schimb\u0103torul de c\u0103ldur\u0103 aer-agent frigorific;<\/li>\n<li><strong>Toate componentele critice<\/strong> (compresor, modul inverter, sistem EVI, schimb\u0103tor freon-ap\u0103, automatiz\u0103ri) se afl\u0103 \u00een <strong>unitatea interioar\u0103<\/strong>.<\/li>\n<\/ul>\n<p>Aceast\u0103 separare aduce avantaje considerabile:<\/p>\n<ul>\n<li><a href=\"https:\/\/altal.ro\/ro\/compresoare\/\">Compresorul<\/a> nu este expus la \u00eenghe\u021b, prelungind durata de via\u021b\u0103 a echipamentului;<\/li>\n<li><a href=\"https:\/\/altal.ro\/ro\/schimbatoare-de-caldura\/\">Schimb\u0103torul de c\u0103ldur\u0103<\/a> freon-ap\u0103 nu risc\u0103 s\u0103 \u00eenghe\u021be, elimin\u00e2nd nevoia de rezisten\u021be electrice de protec\u021bie;<\/li>\n<li>Costurile de operare sunt mai mici, deoarece nu este necesar\u0103 \u00eenc\u0103lzirea componentelor iarna;<\/li>\n<li>Riscul de avarii din cauza temperaturilor sc\u0103zute este eliminat;<\/li>\n<li>Instalarea este mai flexibil\u0103 \u2014 unitatea interioar\u0103 poate fi montat\u0103 \u00een spa\u021bii tehnice bine izolate.<\/li>\n<\/ul>\n<h2><span class=\"ez-toc-section\" id=\"Tehnologia_EVI_eficienta_crescuta_in_sezonul_rece\"><\/span>Tehnologia EVI: eficien\u021b\u0103 crescut\u0103 \u00een sezonul rece<span class=\"ez-toc-section-end\"><\/span><\/h2>\n<p>Tehnologia EVI (Enhanced Vapor Injection) permite func\u021bionarea optim\u0103 modelului pomp\u0103 de c\u0103ldur\u0103 aer-ap\u0103 50 kW chiar \u0219i la temperaturi extreme. Cum func\u021bioneaz\u0103? \u00cen loc s\u0103 trimit\u0103 tot agentul frigorific \u00eentr-un singur circuit, sistemul EVI reintroduce o parte din vaporii par\u021bial supra\u00eenc\u0103lzi\u021bi \u00een compresor. Acest lucru are ca efect:<\/p>\n<ul>\n<li>Cre\u0219terea presiunii \u0219i temperaturii de condensare;<\/li>\n<li>\u00cembun\u0103t\u0103\u021birea capacit\u0103\u021bii termice la temperaturi exterioare negative (\u201315\u2026\u201325\u00b0C);<\/li>\n<li>Cresterea coeficientului de performan\u021b\u0103 (COP) \u00een regimuri dificile;<\/li>\n<li>Reducerea timpului de degivrare \u0219i consumului suplimentar \u00een regim de iarn\u0103.<\/li>\n<\/ul>\n<p><strong>Rezultatul:<\/strong> un <strong>COP de peste 4.5<\/strong> chiar \u0219i \u00een timpul iernii, comparabil sau superior cu solu\u021bii geotermale.<\/p>\n<h2><span class=\"ez-toc-section\" id=\"Caracteristici_tehnice_principale\"><\/span>Caracteristici tehnice principale<span class=\"ez-toc-section-end\"><\/span><\/h2>\n<ul>\n<li><strong>Putere termic\u0103:<\/strong> 50 kW.<\/li>\n<li><strong>Suprafa\u021b\u0103 de \u00eenc\u0103lzire:<\/strong> 350\u2013600 m\u00b2.<\/li>\n<li><strong>Temperatur\u0103 minim\u0103 de func\u021bionare:<\/strong> \u201325\u00b0C.<\/li>\n<li><strong>Configura\u021bie:<\/strong> FULL SPLIT (unitate interioar\u0103 + exterioar\u0103).<\/li>\n<li><strong>Tehnologie:<\/strong> EVI + inverter.<\/li>\n<li><strong>Func\u021bionalit\u0103\u021bi:<\/strong> \u00eenc\u0103lzire, r\u0103cire, ap\u0103 cald\u0103 menajer\u0103.<\/li>\n<li><strong>Garan\u021bie:<\/strong> 3 ani.<\/li>\n<\/ul>\n<h2><span class=\"ez-toc-section\" id=\"Control_inteligent_si_adaptabil\"><\/span>Control inteligent \u0219i adaptabil<span class=\"ez-toc-section-end\"><\/span><\/h2>\n<p>Pomp\u0103 de c\u0103ldur\u0103 aer-ap\u0103 50 kW FULL SPLIT EVI DC este compatibil\u0103 cu sisteme smart home. Se poate controla prin aplica\u021bie mobil\u0103 pentru:<\/p>\n<ul>\n<li>Programarea temperaturii;<\/li>\n<li>Monitorizarea consumului;<\/li>\n<li>Diagnoz\u0103 de la distan\u021b\u0103 \u0219i notific\u0103ri \u00een caz de eroare.<\/li>\n<\/ul>\n<h2><span class=\"ez-toc-section\" id=\"Pompa_de_caldura_aer-apa_50_kW_FULL_SPLIT_EVI_DC_Avantajele_utilizarii\"><\/span>Pomp\u0103 de c\u0103ldur\u0103 aer-ap\u0103 50 kW FULL SPLIT EVI DC. Avantajele utiliz\u0103rii<span class=\"ez-toc-section-end\"><\/span><\/h2>\n<ul>\n<li><strong>Eficien\u021b\u0103 energetic\u0103:<\/strong> p\u00e2n\u0103 la 75% din energie este ob\u021binut\u0103 din aerul exterior;<\/li>\n<li><strong>Fiabilitate \u00een sezonul rece:<\/strong> func\u021bionare stabil\u0103 p\u00e2n\u0103 la \u201325\u00b0C f\u0103r\u0103 rezisten\u021be suplimentare;<\/li>\n<li><strong>Instalare sigur\u0103:<\/strong> f\u0103r\u0103 risc de \u00eenghe\u021b sau distrugere mecanic\u0103 a compresorului sau schimb\u0103torului;<\/li>\n<li><strong>Durabilitate:<\/strong> peste 15 ani cu \u00eentre\u021binere minim\u0103;<\/li>\n<li><strong>Compatibilitate:<\/strong> poate func\u021biona \u00eempreun\u0103 cu panouri solare fotovoltaice sau baterii termice;<\/li>\n<li><strong>Ecologic:<\/strong> f\u0103r\u0103 emisii directe de CO\u2082, conform cu legisla\u021bia european\u0103 privind decarbonizarea.<\/li>\n<\/ul>\n<h2><span class=\"ez-toc-section\" id=\"Comparatie_cu_alte_sisteme_de_incalzire\"><\/span>Compara\u021bie cu alte sisteme de \u00eenc\u0103lzire<span class=\"ez-toc-section-end\"><\/span><\/h2>\n<table style=\"width: 53.8911%\" border=\"1\" cellspacing=\"0\" cellpadding=\"6\">\n<tbody>\n<tr>\n<th style=\"width: 13.1653%\">Parametru<\/th>\n<th style=\"width: 10.56%\">FULL SPLIT<\/th>\n<th style=\"width: 7.46986%\">Monobloc<\/th>\n<th style=\"width: 9.15192%\">Cazan pe gaz<\/th>\n<th style=\"width: 8.62%\">Cazan electric<\/th>\n<\/tr>\n<tr>\n<td style=\"width: 13.1653%\">Temperatur\u0103 de lucru<\/td>\n<td style=\"width: 10.56%;text-align: center\">\u201325\u00b0C<\/td>\n<td style=\"width: 7.46986%;text-align: center\">\u201310\u00b0C<\/td>\n<td style=\"width: 9.15192%;text-align: center\">Oricare<\/td>\n<td style=\"width: 8.62%;text-align: center\">Oricare<\/td>\n<\/tr>\n<tr>\n<td style=\"width: 13.1653%\">Surs\u0103 de energie<\/td>\n<td style=\"width: 10.56%;text-align: center\">Aer<\/td>\n<td style=\"width: 7.46986%;text-align: center\">Aer<\/td>\n<td style=\"width: 9.15192%;text-align: center\">Gaz<\/td>\n<td style=\"width: 8.62%;text-align: center\">Electricitate<\/td>\n<\/tr>\n<tr>\n<td style=\"width: 13.1653%\">Eficien\u021b\u0103 COP<\/td>\n<td style=\"width: 10.56%;text-align: center\">4.5+<\/td>\n<td style=\"width: 7.46986%;text-align: center\">3.2\u20133.8<\/td>\n<td style=\"width: 9.15192%;text-align: center\">~1<\/td>\n<td style=\"width: 8.62%;text-align: center\">1<\/td>\n<\/tr>\n<tr>\n<td style=\"width: 13.1653%\">Ecologic<\/td>\n<td style=\"width: 10.56%;text-align: center\">\u2705<\/td>\n<td style=\"width: 7.46986%;text-align: center\">\u2705<\/td>\n<td style=\"width: 9.15192%;text-align: center\">\u274c<\/td>\n<td style=\"width: 8.62%;text-align: center\">Medie<\/td>\n<\/tr>\n<tr>\n<td style=\"width: 13.1653%\">Automatizare<\/td>\n<td style=\"width: 10.56%;text-align: center\">\u2705<\/td>\n<td style=\"width: 7.46986%;text-align: center\">\u274c<\/td>\n<td style=\"width: 9.15192%;text-align: center\">\u274c<\/td>\n<td style=\"width: 8.62%;text-align: center\">\u274c<\/td>\n<\/tr>\n<tr>\n<td style=\"width: 13.1653%\">Costuri de operare<\/td>\n<td style=\"width: 10.56%;text-align: center\">Reduse<\/td>\n<td style=\"width: 7.46986%;text-align: center\">Medii<\/td>\n<td style=\"width: 9.15192%;text-align: center\">Medii<\/td>\n<td style=\"width: 8.62%;text-align: center\">Ridicate<\/td>\n<\/tr>\n<\/tbody>\n<\/table>\n<h2><span class=\"ez-toc-section\" id=\"Serviciile_ALTAL_GRUP\"><\/span>Serviciile ALTAL GRUP<span class=\"ez-toc-section-end\"><\/span><\/h2>\n<ul>\n<li>Proiectare \u0219i selec\u021bie personalizat\u0103 a echipamentului;<\/li>\n<li>Livrare \u0219i montaj profesional \u00een Moldova, Rom\u00e2nia \u0219i Ucraina;<\/li>\n<li>Service post-v\u00e2nzare, \u00eentre\u021binere \u0219i piese originale;<\/li>\n<li>Garan\u021bie extins\u0103 \u0219i consultan\u021b\u0103 gratuit\u0103 pentru clien\u021bi finali \u0219i companii.<\/li>\n<\/ul>\n<h2><span class=\"ez-toc-section\" id=\"Intrebari_frecvente\"><\/span>\u00centreb\u0103ri frecvente<span class=\"ez-toc-section-end\"><\/span><\/h2>\n<p><strong>Este potrivit pentru o cas\u0103 privat\u0103?<\/strong> \u2014 Da, p\u00e2n\u0103 la 600 m\u00b2. <strong>Poate func\u021biona \u00een sezonul rece?<\/strong> \u2014 Da, p\u00e2n\u0103 la \u201325\u00b0C datorit\u0103 tehnologiei EVI. <strong>C\u00e2t dureaz\u0103 durata de via\u021b\u0103?<\/strong> \u2014 Peste 15 ani cu \u00eentre\u021binere minim\u0103.<\/p>\n<h2><span class=\"ez-toc-section\" id=\"Comanda_acum_pompa_de_caldura_aer-apa_50_kW_FULL_SPLIT_EVI_DC_de_la_ALTAL_GRUP\"><\/span>Comand\u0103 acum pomp\u0103 de c\u0103ldur\u0103 aer-ap\u0103 50 kW FULL SPLIT EVI DC de la ALTAL GRUP<span class=\"ez-toc-section-end\"><\/span><\/h2>\n<p>Suntem <strong>produc\u0103tori<\/strong>, nu doar distribuitori. Echipamentele sunt fabricate \u00een Moldova \u0219i Rom\u00e2nia, testate local, iar fiecare unitate este verificat\u0103 \u00eenainte de livrare. Ave\u021bi astfel garan\u021bia calit\u0103\u021bii \u0219i suportului tehnic complet. <strong>Contacteaz\u0103-ne direct:<\/strong><\/p>\n<ul>\n<li>\ud83d\udcde <a href=\"tel:+37369104125\">+373 691 04125<\/a><\/li>\n<li>\ud83d\udcf1 <a href=\"https:\/\/wa.me\/37369104125\" target=\"_blank\" rel=\"noopener\">Scrie pe WhatsApp<\/a><\/li>\n<li>\ud83d\udcf2 <a href=\"\/\/chat?number=+37369104125\" target=\"_blank\" rel=\"noopener\">Scrie pe Viber<\/a><\/li>\n<\/ul>\n<p><strong>Vezi toate modelele disponibile pe <\/strong><a href=\"https:\/\/altal.ro\" target=\"_blank\" rel=\"noopener\"><strong>altal.ro<\/strong><\/a><strong> \u0219i <\/strong><a href=\"https:\/\/altal.ro\/\" target=\"_blank\" rel=\"noopener\"><strong>altal.ro<\/strong><\/a><\/p>\n<h4><span class=\"ez-toc-section\" id=\"Fabricat_in_Moldova\"><\/span><span style=\"color: #ff0000\">Fabricat \u00een Moldova<\/span><span class=\"ez-toc-section-end\"><\/span><\/h4>\n<hr \/>\n<p>\u00a0<\/p>\n","protected":false},"excerpt":{"rendered":"<h2><span style=\"color: #800080;\">Model AWHP50FDELT<\/span><\/h2>\n<ul>\n<li>Putere termic\u0103: <strong>50 kW<\/strong><\/li>\n<li>Clasa: <strong>PREMIUM<\/strong><\/li>\n<li>Temperatura de \u00eenc\u0103lzire: <strong>350\u2013600 m\u00b2.<\/strong><\/li>\n<li>Temperatura de \u00eenc\u0103lzire: <strong>+60\u00b0C,\u00a0<\/strong> <strong>+75\u00b0C <\/strong>sau <strong>+85\u00b0C<\/strong><\/li>\n<li>Temperatur\u0103 ambiant\u0103: <strong>\u201325\u00b0C<\/strong><\/li>\n<li>Configura\u021bie: <strong>FULL SPLIT (unitate interioar\u0103 + exterioar\u0103)<\/strong><\/li>\n<li>Tehnologie: <strong>EVI + inverter<\/strong><\/li>\n<li>Func\u021bionalit\u0103\u021bi: <strong>\u00eenc\u0103lzire, r\u0103cire, ap\u0103 cald\u0103 menajer\u0103<\/strong><\/li>\n<\/ul>\n<h5><span style=\"color: #ff0000;\">Fabricat \u00een Moldova<\/span><\/h5>\n<hr \/>\n<p>&nbsp;<\/p>\n","protected":false},"featured_media":6484,"comment_status":"open","ping_status":"closed","template":"","meta":{"_acf_changed":false,"_kad_post_transparent":"default","_kad_post_title":"","_kad_post_layout":"default","_kad_post_sidebar_id":"","_kad_post_content_style":"default","_kad_post_vertical_padding":"default","_kad_post_feature":"","_kad_post_feature_position":"","_kad_post_header":false,"_kad_post_footer":false},"product_brand":[198],"product_cat":[513,183],"product_tag":[213,580,187,203,204,514],"class_list":{"0":"post-6480","1":"product","2":"type-product","3":"status-publish","4":"has-post-thumbnail","6":"product_brand-altal","7":"product_cat-aer-apa-premium-dc-evi","8":"product_cat-catalog","9":"product_tag-50-kw","10":"product_tag-600-m","11":"product_tag-aer-apa","12":"product_tag-dc","13":"product_tag-evi","14":"product_tag-full-split","15":"product_shipping_class-greutate-mare","16":"pa_compresor-dc-invertor","17":"pa_injectie-cu-vapori-evi-injectie-cu-vapori","18":"pa_mod-de-lucru-apa-calda-menajera-acm","19":"pa_mod-de-lucru-incalzire","20":"pa_mod-de-lucru-racire","21":"pa_model-full-split","22":"pa_putere-termica-kw-50-kw","23":"pa_suprafata-de-incalzire--363","24":"pa_temperatura-apei--60c","25":"pa_temperatura-apei--75c","26":"pa_temperatura-apei--85c","27":"pa_tip-pompa-de-caldura-aer-apa","29":"first","30":"instock","31":"sale","32":"taxable","33":"shipping-taxable","34":"purchasable","35":"product-type-simple","36":"entry","37":"content-bg","38":"loop-entry"},"acf":[],"_links":{"self":[{"href":"https:\/\/altal.ro\/ro\/wp-json\/wp\/v2\/product\/6480","targetHints":{"allow":["GET"]}}],"collection":[{"href":"https:\/\/altal.ro\/ro\/wp-json\/wp\/v2\/product"}],"about":[{"href":"https:\/\/altal.ro\/ro\/wp-json\/wp\/v2\/types\/product"}],"replies":[{"embeddable":true,"href":"https:\/\/altal.ro\/ro\/wp-json\/wp\/v2\/comments?post=6480"}],"version-history":[{"count":10,"href":"https:\/\/altal.ro\/ro\/wp-json\/wp\/v2\/product\/6480\/revisions"}],"predecessor-version":[{"id":7556,"href":"https:\/\/altal.ro\/ro\/wp-json\/wp\/v2\/product\/6480\/revisions\/7556"}],"wp:featuredmedia":[{"embeddable":true,"href":"https:\/\/altal.ro\/ro\/wp-json\/wp\/v2\/media\/6484"}],"wp:attachment":[{"href":"https:\/\/altal.ro\/ro\/wp-json\/wp\/v2\/media?parent=6480"}],"wp:term":[{"taxonomy":"product_brand","embeddable":true,"href":"https:\/\/altal.ro\/ro\/wp-json\/wp\/v2\/product_brand?post=6480"},{"taxonomy":"product_cat","embeddable":true,"href":"https:\/\/altal.ro\/ro\/wp-json\/wp\/v2\/product_cat?post=6480"},{"taxonomy":"product_tag","embeddable":true,"href":"https:\/\/altal.ro\/ro\/wp-json\/wp\/v2\/product_tag?post=6480"}],"curies":[{"name":"wp","href":"https:\/\/api.w.org\/{rel}","templated":true}]}}