{"id":6079,"date":"2025-06-26T22:23:35","date_gmt":"2025-06-26T19:23:35","guid":{"rendered":"https:\/\/altal.ro\/?post_type=product&#038;p=6079"},"modified":"2025-07-23T01:20:31","modified_gmt":"2025-07-22T22:20:31","slug":"teu-ppr-63x40x63","status":"publish","type":"product","link":"https:\/\/altal.ro\/ro\/teu-ppr-63x40x63\/","title":{"rendered":"Teu PPR 63x40x63 mm"},"content":{"rendered":"<p>ez-toc<\/p>\n<h2>Teu PPR 63x40x63 mm<\/h2>\n<p><strong>Conexiune fiabil\u0103 a conductelor cu pierderi minime de presiune pentru sistemele inginere\u0219ti moderne.<\/strong> <strong>Teu PPR 63x40x63 mm<\/strong> \u2014 reprezint\u0103 o solu\u021bie eficient\u0103 pentru sistemele de conducte <a href=\"https:\/\/altal.ro\/ro\/pompe-de-caldura-altal\/\" target=\"_blank\" rel=\"noopener\">pomp\u0103 de c\u0103ldur\u0103<\/a>, asigur\u00e2nd o conexiune fiabil\u0103 cu sec\u021biune de trecere optim\u0103. Datorit\u0103 acestui fapt, \u00een sistemele de \u00eenc\u0103lzire, alimentare cu ap\u0103 \u0219i canalizare, se reduc la minimum pierderile de presiune. Spre deosebire de fitingurile din alte materiale (PE-x, metal-compozit, PERT), triunghiul PP-R p\u0103streaz\u0103 diametrul interior al conductei, \u00eembun\u0103t\u0103\u021bind caracteristicile hidraulice ale \u00eentregului sistem. \u00cen plus, fitingurile din polipropilen\u0103 sunt mai economice dec\u00e2t omologii din cupru sau metal-compozit. <a href=\"https:\/\/en.wikipedia.org\/wiki\/Polypropylene\" target=\"_blank\" rel=\"noopener\"><strong>Teu PPR 63x40x63 mm<\/strong> <\/a>este fabricat din copolimer de polipropilen\u0103 PP-RC, care are o rezisten\u021b\u0103 ridicat\u0103 la substan\u021be chimice agresive. Acest lucru \u00eel face ideal pentru transportul de ap\u0103 cald\u0103 \u0219i rece, precum \u0219i pentru lichide tehnice.<\/p>\n<hr \/>\n<h2><strong>Teu PPR 63x40x63 mm: Caracteristici principale<\/strong><\/h2>\n<ol>\n<li><strong>Dimensiuni:<\/strong> <span style=\"color: #0000ff\"><strong>DN 63x40x63<\/strong><\/span><\/li>\n<li><strong>Tip:<\/strong> egal de trecere.<\/li>\n<li><strong>Conexiune:<\/strong> sudur\u0103 \/ sudur\u0103 (pentru sudare prin \u00eenc\u0103lzire).<\/li>\n<li><strong>Material corp:<\/strong> polipropilen\u0103 <a href=\"https:\/\/en.wikipedia.org\/wiki\/Polypropylene\" target=\"_blank\" rel=\"noopener\">PP-RC<\/a>.<\/li>\n<li><strong>Presiune nominal\u0103:<\/strong> PN 20 bari.<\/li>\n<li><strong>Temperatura de func\u021bionare:<\/strong> p\u00e2n\u0103 la 90\u00b0C.<\/li>\n<\/ol>\n<p>Acest triunghi este ideal pentru utilizarea \u00een cl\u0103diri reziden\u021biale, administrative, industriale, precum \u0219i \u00een conducte pneumatice \u0219i tehnologice.<\/p>\n<hr \/>\n<h3><strong>Teu PPR 63x40x63 mm: Beneficii<\/strong><\/h3>\n<ul>\n<li><strong>Func\u021bionalitate:<\/strong> permite o ie\u0219ire vertical\u0103 convenabil\u0103 din conductele orizontale.<\/li>\n<li><strong>Economie de timp:<\/strong> reduce num\u0103rul de elemente de tranzi\u021bie, simplific\u00e2nd montajul sistemului.<\/li>\n<li><strong>Fiabilitate:<\/strong> conexiunile sudate sunt etan\u0219e \u0219i durabile.<\/li>\n<li><strong>Rezisten\u021b\u0103 la solicit\u0103ri:<\/strong> suport\u0103 temperaturi \u0219i presiuni ridicate.<\/li>\n<\/ul>\n<hr \/>\n<h3><strong>Principalele tipuri de conexiuni pentru sistemele inginere\u0219ti<\/strong><\/h3>\n<p>Pentru conectarea conductelor, se folosesc diverse tehnologii. S\u0103 analiz\u0103m cele mai r\u0103sp\u00e2ndite:<\/p>\n<h4><strong>1. Conexiuni filetate<\/strong><\/h4>\n<p>Este o metod\u0103 simpl\u0103 \u0219i sigur\u0103. Conexiunea se realizeaz\u0103 prin filetare intern\u0103 \u0219i\/sau extern\u0103. Fitingurile filetate p\u0103streaz\u0103 diametrul interior al conductei, asigur\u00e2nd o hidraulic\u0103 bun\u0103.<\/p>\n<h4><strong>2. Conexiuni prin presiune<\/strong><\/h4>\n<p>Se folosesc pentru a realiza conexiuni etan\u0219e. Galeria de str\u00e2ngere apas\u0103 conducta pe profilul inser\u021biei din alam\u0103, PVDF sau PPSU. Acest mod asigur\u0103 durabilitate.<\/p>\n<h4><strong>3. Conexiuni prin compresie<\/strong><\/h4>\n<p>Aceast\u0103 metod\u0103 folose\u0219te un racord, un inel t\u0103iat \u0219i o piuli\u021b\u0103 de \u00een\u0219urubare. C\u00e2nd se str\u00e2nge piuli\u021ba, inelul apas\u0103 conducta, realiz\u00e2nd o conexiune etan\u0219\u0103.<\/p>\n<h4><strong>4. Sudur\u0103 prin lipire (paj\u0103)<\/strong><\/h4>\n<p>Permite sudarea conductelor la nivel molecular. Conexiunile sunt etan\u0219e \u0219i rezistente la sarcini mari. \u00cens\u0103, necesit\u0103 abilit\u0103\u021bi speciale.<\/p>\n<h4><strong>5. Sudur\u0103 cu \u00eembinare \u00een flan\u0219\u0103<\/strong><\/h4>\n<p>Materialele omogene se \u00eenc\u0103lzesc p\u00e2n\u0103 la temperatura necesar\u0103 \u0219i se unesc. Aceast\u0103 metod\u0103 asigur\u0103 fiabilitate \u0219i rezisten\u021b\u0103.<\/p>\n<h4><strong>6. Conexiuni hibride<\/strong><\/h4>\n<p>Utilizeaz\u0103 propriet\u0103\u021bile materialului, permi\u021b\u00e2nd conductei s\u0103 revin\u0103 la forma ini\u021bial\u0103 dup\u0103 extindere.<\/p>\n<hr \/>\n<h3><strong>Avantaje hidraulice<\/strong><\/h3>\n<p>\u00cen sistemele cu conexiuni prin compresie, sec\u021biunea de trecere poate sc\u0103dea cu 25\u201337%. De exemplu, pentru o \u021beav\u0103 de 16 mm cu grosimea peretelui de 2 mm, diametrul interior scade cu 4\u20136 mm. \u00cen sistemele cu tee-uri PP-R, astfel de pierderi nu apar. Acest lucru le face ideale pentru solu\u021bii inginere\u0219ti moderne. <strong>Teu PPR 63x40x63<\/strong> mm sunt perfect adaptate pentru utilizarea \u00een sistemele de \u00eenc\u0103lzire central\u0103, unde este necesar\u0103 o conexiune fiabil\u0103 a conductelor. \u00cen condi\u021bii industriale, acestea sunt folosite pentru alimentarea cu aer comprimat, demonstr\u00e2nd versatilitatea acestor fitinguri.<\/p>\n<h3 data-start=\"908\" data-end=\"936\">\ud83d\udd39 Domenii de utilizare:<\/h3>\n<p data-start=\"938\" data-end=\"1177\">\u2705 Sisteme de <strong data-start=\"951\" data-end=\"981\">ap\u0103 potabil\u0103 cald\u0103 \u0219i rece<\/strong><br data-start=\"981\" data-end=\"984\" \/>\u2705 <strong data-start=\"986\" data-end=\"1013\">Instala\u021bii de \u00eenc\u0103lzire<\/strong> (radiatoare, pardoseal\u0103)<br data-start=\"1038\" data-end=\"1041\" \/>\u2705 Re\u021bele sanitare \u0219i termice \u00een cl\u0103diri reziden\u021biale sau industriale<br data-start=\"1109\" data-end=\"1112\" \/>\u2705 <strong data-start=\"1114\" data-end=\"1153\">Ramifica\u021bii din conducte principale<\/strong> cu reducere de diametru<\/p>\n<h3><strong>Concluzie<\/strong><\/h3>\n<p><strong>Teu PPR 63x40x63<\/strong> mm reprezint\u0103 alegerea celor care pre\u021buiesc fiabilitatea, durabilitatea \u0219i economia. Acest fiting asigur\u0103 pierderi minime de presiune, capacitate mare de flux \u0219i montaj simplu. Fitingurile din polipropilen\u0103 (<a href=\"https:\/\/en.wikipedia.org\/wiki\/Polypropylene\" target=\"_blank\" rel=\"noopener\">PPR<\/a>) garanteaz\u0103 func\u021bionarea fiabil\u0103 a sistemelor de \u00eenc\u0103lzire, ap\u0103 \u0219i canalizare, reduc\u00e2nd costurile de operare. Niciun sistem modern de \u00eenc\u0103lzire sau ap\u0103 rece bazat pe pompe de c\u0103ldur\u0103 nu poate func\u021biona f\u0103r\u0103 \u021bevi \u0219i fitinguri din polipropilen\u0103. Se remarc\u0103 avantajele de cost redus, durabilitate, u\u0219urin\u021b\u0103 \u00een montaj, rezisten\u021b\u0103 la temperaturi \u0219i caracteristici izolante \u00eenalte. <strong>Comanda acum Teu PPR 63x40x63 mm \u0219i ob\u021bine o solu\u021bie sigur\u0103 pentru sistemul t\u0103u!<\/strong><\/p>\n<hr \/>\n<p>\u00a0<\/p>\n","protected":false},"excerpt":{"rendered":"<ul data-start=\"681\" data-end=\"902\">\n<li data-start=\"681\" data-end=\"717\">\n<ul>\n<li data-start=\"638\" data-end=\"682\">\n<p data-start=\"640\" data-end=\"682\"><strong data-start=\"640\" data-end=\"653\">Material:<\/strong> polipropilen\u0103 random (PPR)<\/p>\n<\/li>\n<li data-start=\"683\" data-end=\"728\">\n<p data-start=\"685\" data-end=\"728\"><strong data-start=\"685\" data-end=\"693\">Tip:<\/strong> teu de reduc\u021bie (triple sudabil)<\/p>\n<\/li>\n<li data-start=\"729\" data-end=\"770\">\n<p data-start=\"731\" data-end=\"770\"><strong data-start=\"731\" data-end=\"746\">Dimensiuni:<\/strong> 63 mm \u00d7 40 mm \u00d7 63 mm<\/p>\n<\/li>\n<li data-start=\"771\" data-end=\"810\">\n<p data-start=\"773\" data-end=\"810\"><strong data-start=\"773\" data-end=\"793\">Presiune maxim\u0103:<\/strong> p\u00e2n\u0103 la 25 bar<\/p>\n<\/li>\n<li data-start=\"811\" data-end=\"853\">\n<p data-start=\"813\" data-end=\"853\"><strong data-start=\"813\" data-end=\"838\">Temperatur\u0103 de lucru:<\/strong> p\u00e2n\u0103 la 95\u00b0C<\/p>\n<\/li>\n<li data-start=\"854\" data-end=\"901\">\n<p data-start=\"856\" data-end=\"901\"><strong data-start=\"856\" data-end=\"867\">Montaj:<\/strong> prin sudur\u0103 la cald (polifuziune)<\/p>\n<\/li>\n<\/ul>\n<\/li>\n<\/ul>\n","protected":false},"featured_media":2218,"comment_status":"open","ping_status":"closed","template":"","meta":{"_acf_changed":false,"_kad_post_transparent":"default","_kad_post_title":"","_kad_post_layout":"default","_kad_post_sidebar_id":"","_kad_post_content_style":"default","_kad_post_vertical_padding":"default","_kad_post_feature":"","_kad_post_feature_position":"","_kad_post_header":false,"_kad_post_footer":false},"product_brand":[],"product_cat":[283],"product_tag":[287,626,625,215,285,190,291,209],"class_list":{"0":"post-6079","1":"product","2":"type-product","3":"status-publish","4":"has-post-thumbnail","6":"product_cat-tevi-si-fitinguri-hdpe-si-ppr","7":"product_tag-40-mm","8":"product_tag-60-mm","9":"product_tag-63x40x63","10":"product_tag-aprovizionare-cu-apa","11":"product_tag-fitinguri-ppr","12":"product_tag-pompa-de-caldura","13":"product_tag-ppr","14":"product_tag-racire","16":"first","17":"instock","18":"sale","19":"featured","20":"taxable","21":"shipping-taxable","22":"purchasable","23":"product-type-simple","24":"entry","25":"content-bg","26":"loop-entry"},"acf":[],"_links":{"self":[{"href":"https:\/\/altal.ro\/ro\/wp-json\/wp\/v2\/product\/6079","targetHints":{"allow":["GET"]}}],"collection":[{"href":"https:\/\/altal.ro\/ro\/wp-json\/wp\/v2\/product"}],"about":[{"href":"https:\/\/altal.ro\/ro\/wp-json\/wp\/v2\/types\/product"}],"replies":[{"embeddable":true,"href":"https:\/\/altal.ro\/ro\/wp-json\/wp\/v2\/comments?post=6079"}],"version-history":[{"count":7,"href":"https:\/\/altal.ro\/ro\/wp-json\/wp\/v2\/product\/6079\/revisions"}],"predecessor-version":[{"id":7581,"href":"https:\/\/altal.ro\/ro\/wp-json\/wp\/v2\/product\/6079\/revisions\/7581"}],"wp:featuredmedia":[{"embeddable":true,"href":"https:\/\/altal.ro\/ro\/wp-json\/wp\/v2\/media\/2218"}],"wp:attachment":[{"href":"https:\/\/altal.ro\/ro\/wp-json\/wp\/v2\/media?parent=6079"}],"wp:term":[{"taxonomy":"product_brand","embeddable":true,"href":"https:\/\/altal.ro\/ro\/wp-json\/wp\/v2\/product_brand?post=6079"},{"taxonomy":"product_cat","embeddable":true,"href":"https:\/\/altal.ro\/ro\/wp-json\/wp\/v2\/product_cat?post=6079"},{"taxonomy":"product_tag","embeddable":true,"href":"https:\/\/altal.ro\/ro\/wp-json\/wp\/v2\/product_tag?post=6079"}],"curies":[{"name":"wp","href":"https:\/\/api.w.org\/{rel}","templated":true}]}}