{"id":4776,"date":"2025-06-23T10:51:22","date_gmt":"2025-06-23T07:51:22","guid":{"rendered":"https:\/\/altal.ro\/?post_type=product&#038;p=4776"},"modified":"2025-07-23T01:52:41","modified_gmt":"2025-07-22T22:52:41","slug":"sol-apa-26-kw-gwhp26","status":"publish","type":"product","link":"https:\/\/altal.ro\/ro\/sol-apa-26-kw-gwhp26\/","title":{"rendered":"Sol-ap\u0103 26 kW GWHP26"},"content":{"rendered":"<div id=\"ez-toc-container\" class=\"ez-toc-v2_0_82_2 counter-hierarchy ez-toc-counter ez-toc-grey ez-toc-container-direction\">\n<div class=\"ez-toc-title-container\">\n<p class=\"ez-toc-title\" style=\"cursor:inherit\">Cuprins<\/p>\n<span class=\"ez-toc-title-toggle\"><a href=\"#\" class=\"ez-toc-pull-right ez-toc-btn ez-toc-btn-xs ez-toc-btn-default ez-toc-toggle\" aria-label=\"Toggle Table of Content\"><span class=\"ez-toc-js-icon-con\"><span class=\"\"><span class=\"eztoc-hide\" style=\"display:none;\">Toggle<\/span><span class=\"ez-toc-icon-toggle-span\"><svg style=\"fill: #999;color:#999\" xmlns=\"http:\/\/www.w3.org\/2000\/svg\" class=\"list-377408\" width=\"20px\" height=\"20px\" viewBox=\"0 0 24 24\" fill=\"none\"><path d=\"M6 6H4v2h2V6zm14 0H8v2h12V6zM4 11h2v2H4v-2zm16 0H8v2h12v-2zM4 16h2v2H4v-2zm16 0H8v2h12v-2z\" fill=\"currentColor\"><\/path><\/svg><svg style=\"fill: #999;color:#999\" class=\"arrow-unsorted-368013\" xmlns=\"http:\/\/www.w3.org\/2000\/svg\" width=\"10px\" height=\"10px\" viewBox=\"0 0 24 24\" version=\"1.2\" baseProfile=\"tiny\"><path d=\"M18.2 9.3l-6.2-6.3-6.2 6.3c-.2.2-.3.4-.3.7s.1.5.3.7c.2.2.4.3.7.3h11c.3 0 .5-.1.7-.3.2-.2.3-.5.3-.7s-.1-.5-.3-.7zM5.8 14.7l6.2 6.3 6.2-6.3c.2-.2.3-.5.3-.7s-.1-.5-.3-.7c-.2-.2-.4-.3-.7-.3h-11c-.3 0-.5.1-.7.3-.2.2-.3.5-.3.7s.1.5.3.7z\"\/><\/svg><\/span><\/span><\/span><\/a><\/span><\/div>\n<nav><ul class='ez-toc-list ez-toc-list-level-1 ' ><li class='ez-toc-page-1 ez-toc-heading-level-2'><a class=\"ez-toc-link ez-toc-heading-1\" href=\"https:\/\/altal.ro\/ro\/sol-apa-26-kw-gwhp26\/#Pompa_de_caldura_sol-apa_26_kW_GWHP26\">Pomp\u0103 de c\u0103ldur\u0103 sol-ap\u0103 26 kW GWHP26<\/a><ul class='ez-toc-list-level-5' ><li class='ez-toc-heading-level-5'><ul class='ez-toc-list-level-5' ><li class='ez-toc-heading-level-5'><ul class='ez-toc-list-level-5' ><li class='ez-toc-heading-level-5'><a class=\"ez-toc-link ez-toc-heading-2\" href=\"https:\/\/altal.ro\/ro\/sol-apa-26-kw-gwhp26\/#%E2%80%94_solutie_universala_pentru_casa_si_afaceri\">\u2014 solu\u021bie universal\u0103 pentru cas\u0103 \u0219i afaceri<\/a><\/li><\/ul><\/li><li class='ez-toc-page-1 ez-toc-heading-level-4'><a class=\"ez-toc-link ez-toc-heading-3\" href=\"https:\/\/altal.ro\/ro\/sol-apa-26-kw-gwhp26\/#Eficienta_energetica_si_ecologica\">Eficien\u021b\u0103 energetic\u0103 \u0219i ecologic\u0103<\/a><\/li><li class='ez-toc-page-1 ez-toc-heading-level-4'><a class=\"ez-toc-link ez-toc-heading-4\" href=\"https:\/\/altal.ro\/ro\/sol-apa-26-kw-gwhp26\/#Principalele_avantaje\">Principalele avantaje<\/a><\/li><li class='ez-toc-page-1 ez-toc-heading-level-4'><a class=\"ez-toc-link ez-toc-heading-5\" href=\"https:\/\/altal.ro\/ro\/sol-apa-26-kw-gwhp26\/#Optiuni_de_carcasa\">Op\u021biuni de carcas\u0103<\/a><\/li><li class='ez-toc-page-1 ez-toc-heading-level-4'><a class=\"ez-toc-link ez-toc-heading-6\" href=\"https:\/\/altal.ro\/ro\/sol-apa-26-kw-gwhp26\/#Caracteristici_tehnice\">Caracteristici tehnice<\/a><\/li><li class='ez-toc-page-1 ez-toc-heading-level-4'><a class=\"ez-toc-link ez-toc-heading-7\" href=\"https:\/\/altal.ro\/ro\/sol-apa-26-kw-gwhp26\/#De_ce_aleg_oamenii_pompa_de_caldura_sol-apa_26_kW_GWHP26\">De ce aleg oamenii pomp\u0103 de c\u0103ldur\u0103 sol-ap\u0103 26 kW GWHP26?<\/a><\/li><\/ul><\/li><li class='ez-toc-page-1 ez-toc-heading-level-3'><a class=\"ez-toc-link ez-toc-heading-8\" href=\"https:\/\/altal.ro\/ro\/sol-apa-26-kw-gwhp26\/#Cum_se_comanda\">Cum se comand\u0103?<\/a><ul class='ez-toc-list-level-4' ><li class='ez-toc-heading-level-4'><a class=\"ez-toc-link ez-toc-heading-9\" href=\"https:\/\/altal.ro\/ro\/sol-apa-26-kw-gwhp26\/#Produs_in_Moldova\">Produs \u00een Moldova<\/a><\/li><\/ul><\/li><\/ul><\/li><\/ul><\/nav><\/div>\n\n<h2><span class=\"ez-toc-section\" id=\"Pompa_de_caldura_sol-apa_26_kW_GWHP26\"><\/span>Pomp\u0103 de c\u0103ldur\u0103 sol-ap\u0103 26 kW GWHP26<span class=\"ez-toc-section-end\"><\/span><\/h2>\n<h5><span class=\"ez-toc-section\" id=\"%E2%80%94_solutie_universala_pentru_casa_si_afaceri\"><\/span>\u2014 solu\u021bie universal\u0103 pentru cas\u0103 \u0219i afaceri<span class=\"ez-toc-section-end\"><\/span><\/h5>\n<h4><span class=\"ez-toc-section\" id=\"Eficienta_energetica_si_ecologica\"><\/span><strong>Eficien\u021b\u0103 energetic\u0103 \u0219i ecologic\u0103<\/strong><span class=\"ez-toc-section-end\"><\/span><\/h4>\n<p><a href=\"https:\/\/altal.ro\/ro\/sol-apa-altal\/\" target=\"_blank\" rel=\"noopener\">Pompa de c\u0103ldur\u0103 sol-ap\u0103 26 kW GWHP26<\/a> ofer\u0103 cea mai mare eficien\u021b\u0103 pentru \u00eenc\u0103lzire, r\u0103cire \u0219i ap\u0103 cald\u0103 menajer\u0103. Pomp\u0103 de c\u0103ldur\u0103 sol-ap\u0103 26 kW GWHP26 utiliz\u00e2nd energia din sol, permite reducerea cheltuielilor cu energia p\u00e2n\u0103 la 70%, fiind una dintre cele mai rentabile solu\u021bii. Pomp\u0103 de c\u0103ldur\u0103 sol-ap\u0103 26 kW GWHP26 func\u021bioneaz\u0103 stabil, indiferent de temperatura mediului exterior \u0219i este potrivit\u0103 pentru obiecte cu suprafa\u021ba \u00eentre <strong>150 \u0219i 420 m\u00b2<\/strong>, asigur\u00e2nd confort pe tot parcursul anului.<\/p>\n<hr \/>\n<h4><span class=\"ez-toc-section\" id=\"Principalele_avantaje\"><\/span><strong>Principalele avantaje<\/strong><span class=\"ez-toc-section-end\"><\/span><\/h4>\n<p><strong>1. Eficien\u021b\u0103 maxim\u0103:<\/strong><\/p>\n<ul>\n<li>Coeficientul de performan\u021b\u0103 (COP) p\u00e2n\u0103 la <strong>4.65<\/strong>, contribuind la economii semnificative.<\/li>\n<li>Rezistent\u0103 la temperaturi extreme de la <strong>-50\u00b0C<\/strong><strong>\u00a0p\u00e2n\u0103 la +45\u00b0C<\/strong>, ceea ce face sistemul fiabil \u00een orice condi\u021bii climatice.<\/li>\n<\/ul>\n<p><strong>2. Flexibilitate \u0219i adaptabilitate:<\/strong><\/p>\n<ul>\n<li><strong>Putere fix\u0103:<\/strong> func\u021bionare stabil\u0103 cu performan\u021b\u0103 de 26 kW, ideal\u0103 pentru u\u0219urin\u021ba \u00een utilizare.<\/li>\n<\/ul>\n<p><strong>3. Siguran\u021b\u0103 ecologic\u0103:<\/strong><\/p>\n<ul>\n<li>Agent frigorific <a href=\"https:\/\/www.ashrae.org\/technical-resources\/ashrae-journal\" target=\"_blank\" rel=\"noopener\"><strong>R1234ze<\/strong><\/a> cu impact minim asupra mediului.<\/li>\n<li><a href=\"https:\/\/www.geothermal.org\/\" target=\"_blank\" rel=\"noopener\">Energia geotermal\u0103<\/a> reduce amprenta de carbon, promov\u00e2nd sustenabilitatea ecologic\u0103.<\/li>\n<\/ul>\n<hr \/>\n<h4><span class=\"ez-toc-section\" id=\"Optiuni_de_carcasa\"><\/span><strong>Op\u021biuni de carcas\u0103<\/strong><span class=\"ez-toc-section-end\"><\/span><\/h4>\n<ul>\n<li><strong>Versiune compact\u0103:<\/strong> ideal\u0103 pentru instalarea \u00een spa\u021bii restr\u00e2nse.<\/li>\n<li><strong>Carcas\u0103 standard:<\/strong> faciliteaz\u0103 montajul \u0219i \u00eentre\u021binerea, men\u021bin\u00e2nd performan\u021ba ridicat\u0103.<\/li>\n<\/ul>\n<hr \/>\n<h4><span class=\"ez-toc-section\" id=\"Caracteristici_tehnice\"><\/span><strong>Caracteristici tehnice<\/strong><span class=\"ez-toc-section-end\"><\/span><\/h4>\n<table style=\"height: 252px;width: 53.7531%\" border=\"1\">\n<thead>\n<tr style=\"height: 36px\">\n<th style=\"width: 7.1066%;height: 36px\">Pomp\u0103 de c\u0103ldur\u0103 sol-ap\u0103 26 kW GWHP26<\/th>\n<th style=\"width: 5.62913%;height: 36px\"><strong>Putere fix\u0103<\/strong><\/th>\n<\/tr>\n<\/thead>\n<tbody>\n<tr style=\"height: 36px\">\n<td style=\"width: 7.1066%;height: 36px\">Putere<\/td>\n<td style=\"width: 5.62913%;height: 36px;text-align: center\">26 kW<\/td>\n<\/tr>\n<tr style=\"height: 36px\">\n<td style=\"width: 7.1066%;height: 36px\">Coeficient COP<\/td>\n<td style=\"width: 5.62913%;height: 36px;text-align: center\">P\u00e2n\u0103 la 4.53<\/td>\n<\/tr>\n<tr style=\"height: 36px\">\n<td style=\"width: 7.1066%;height: 36px\">Suprafa\u021ba de \u00eenc\u0103lzit<\/td>\n<td style=\"width: 5.62913%;height: 36px;text-align: center\">P\u00e2n\u0103 la 420 m\u00b2<\/td>\n<\/tr>\n<tr style=\"height: 36px\">\n<td style=\"width: 7.1066%;height: 36px\">Agent frigorific<\/td>\n<td style=\"width: 5.62913%;height: 36px;text-align: center\">R1234yf<\/td>\n<\/tr>\n<tr style=\"height: 36px\">\n<td style=\"width: 7.1066%;height: 36px\">Interval de temperatur\u0103<\/td>\n<td style=\"width: 5.62913%;height: 36px;text-align: center\">De la <strong>-50\u00b0C\u00a0<\/strong> p\u00e2n\u0103 la +45\u00b0C<\/td>\n<\/tr>\n<tr style=\"height: 36px\">\n<td style=\"width: 7.1066%;height: 36px\">Nivel de zgomot<\/td>\n<td style=\"width: 5.62913%;height: 36px;text-align: center\">&lt;50 dB<\/td>\n<\/tr>\n<\/tbody>\n<\/table>\n<hr \/>\n<h4><span class=\"ez-toc-section\" id=\"De_ce_aleg_oamenii_pompa_de_caldura_sol-apa_26_kW_GWHP26\"><\/span><strong>De ce aleg oamenii pomp\u0103 de c\u0103ldur\u0103 sol-ap\u0103 26 kW GWHP26?<\/strong><span class=\"ez-toc-section-end\"><\/span><\/h4>\n<ul>\n<li><strong><a href=\"https:\/\/www.irena.org\/\" target=\"_blank\" rel=\"noopener\">Eficien\u021b\u0103 energetic\u0103<\/a>:<\/strong> Utilizeaz\u0103 resurse regenerabile pentru economii semnificative \u00een \u00eenc\u0103lzire \u0219i r\u0103cire.<\/li>\n<li><strong>Ecologic\u0103:<\/strong> Reduce impactul asupra mediului datorit\u0103 agen\u021bilor frigorifici ecologici \u0219i energiei geotermale.<\/li>\n<li><strong>Durabilitate:<\/strong> Pompa de c\u0103ldur\u0103 cu doi compresori este foarte fiabil\u0103 \u0219i are o durat\u0103 de via\u021b\u0103 de peste 20 de ani.<\/li>\n<li><strong>Versatilitate:<\/strong> Potrivit\u0103 pentru case private, cl\u0103diri comerciale \u0219i birouri, asigur\u00e2nd confort pe tot parcursul anului.<\/li>\n<\/ul>\n<hr \/>\n<h3><span class=\"ez-toc-section\" id=\"Cum_se_comanda\"><\/span>Cum se comand\u0103?<span class=\"ez-toc-section-end\"><\/span><\/h3>\n<p>\ud83d\udcde Contacta\u021bi-ne pentru consultan\u021b\u0103 \u0219i pentru a alege modelul potrivit! V\u0103 vom ajuta s\u0103 investi\u021bi \u00eentr-o solu\u021bie ecologic\u0103 \u0219i eficient\u0103 energetic pentru casa sau afacerea dvs.<\/p>\n<h4><span class=\"ez-toc-section\" id=\"Produs_in_Moldova\"><\/span><span style=\"color: #800080\">Produs \u00een Moldova<\/span><span class=\"ez-toc-section-end\"><\/span><\/h4>\n<hr \/>\n<p>\u00a0<\/p>\n","protected":false},"excerpt":{"rendered":"<ul style=\"list-style-type: circle;\">\n<li>Putere termic\u0103: <strong>26 kW<\/strong><\/li>\n<li>Compresor cu vitez\u0103 fix\u0103.<\/li>\n<li>Temperatura recomandat\u0103 din surs\u0103: de la <strong>+5\u00b0C <\/strong>\u00a0la <strong>+30 \u2103<\/strong><\/li>\n<li>Interval de temperatur\u0103 ambiental\u0103 de la <strong>-50\u00b0C <\/strong>\u00a0la 43 \u2103.<\/li>\n<li>\u00cenc\u0103lzire, r\u0103cire \u0219i ap\u0103 cald\u0103 pe tot parcursul anului.<\/li>\n<li>Nivel de eficien\u021b\u0103 energetic\u0103 A+++, 4,65 COP.<\/li>\n<li>Scop: \u00eenc\u0103lzirea, r\u0103cirea caselor <strong>de la 150 la 420 m\u00b2<\/strong>.<\/li>\n<\/ul>\n<p><strong>Pompa de c\u0103ldur\u0103 poate fi produs\u0103 la comand\u0103 \u00een urm\u0103tparele configura\u021bii:<\/strong><\/p>\n<ol>\n<li>Agent frigorific R1234yf cu temperatura de tur de <strong><span style=\"color: #ff0000;\">+75 \u2103.<\/span><\/strong><\/li>\n<li>Agent frigorific R1234ze cu temperatura de tur de <strong><span style=\"color: #ff0000;\">+85 \u2103<\/span><\/strong>.<\/li>\n<li>Agent frigorific R407 cu temperatura de tur de\u00a0<strong><span style=\"color: #ff0000;\">+60 \u2103<\/span><\/strong>.<\/li>\n<\/ol>\n<p><span style=\"color: #0000ff;\"><strong>Contacta\u021bi-ne \u00eenainte de achizi\u021bie pentru clarific\u0103ri.<\/strong><\/span><\/p>\n<h3><span style=\"color: #ff0000;\">Fabricat \u00een Moldova<\/span><\/h3>\n","protected":false},"featured_media":2014,"comment_status":"open","ping_status":"closed","template":"","meta":{"_acf_changed":false,"_kad_post_transparent":"default","_kad_post_title":"","_kad_post_layout":"default","_kad_post_sidebar_id":"","_kad_post_content_style":"default","_kad_post_vertical_padding":"default","_kad_post_feature":"","_kad_post_feature_position":"","_kad_post_header":false,"_kad_post_footer":false},"product_brand":[198],"product_cat":[183,227],"product_tag":[236,237,229,460],"class_list":{"0":"post-4776","1":"product","2":"type-product","3":"status-publish","4":"has-post-thumbnail","6":"product_brand-altal","7":"product_cat-catalog","8":"product_cat-sol-apa-fix","9":"product_tag-26-kw","10":"product_tag-420-m2","11":"product_tag-geotermala","12":"product_tag-sol-apa","13":"pa_compresor-viteza-fixa","14":"pa_putere-termica-kw-26-kw","15":"pa_suprafata-de-incalzire--482","16":"pa_temperatura-apei--60c","17":"pa_temperatura-apei--75c","18":"pa_temperatura-apei--85c","19":"pa_tip-pompa-de-caldura-sol-apa","21":"first","22":"instock","23":"sale","24":"featured","25":"taxable","26":"shipping-taxable","27":"purchasable","28":"product-type-simple","29":"entry","30":"content-bg","31":"loop-entry"},"acf":[],"_links":{"self":[{"href":"https:\/\/altal.ro\/ro\/wp-json\/wp\/v2\/product\/4776","targetHints":{"allow":["GET"]}}],"collection":[{"href":"https:\/\/altal.ro\/ro\/wp-json\/wp\/v2\/product"}],"about":[{"href":"https:\/\/altal.ro\/ro\/wp-json\/wp\/v2\/types\/product"}],"replies":[{"embeddable":true,"href":"https:\/\/altal.ro\/ro\/wp-json\/wp\/v2\/comments?post=4776"}],"version-history":[{"count":3,"href":"https:\/\/altal.ro\/ro\/wp-json\/wp\/v2\/product\/4776\/revisions"}],"predecessor-version":[{"id":7599,"href":"https:\/\/altal.ro\/ro\/wp-json\/wp\/v2\/product\/4776\/revisions\/7599"}],"wp:featuredmedia":[{"embeddable":true,"href":"https:\/\/altal.ro\/ro\/wp-json\/wp\/v2\/media\/2014"}],"wp:attachment":[{"href":"https:\/\/altal.ro\/ro\/wp-json\/wp\/v2\/media?parent=4776"}],"wp:term":[{"taxonomy":"product_brand","embeddable":true,"href":"https:\/\/altal.ro\/ro\/wp-json\/wp\/v2\/product_brand?post=4776"},{"taxonomy":"product_cat","embeddable":true,"href":"https:\/\/altal.ro\/ro\/wp-json\/wp\/v2\/product_cat?post=4776"},{"taxonomy":"product_tag","embeddable":true,"href":"https:\/\/altal.ro\/ro\/wp-json\/wp\/v2\/product_tag?post=4776"}],"curies":[{"name":"wp","href":"https:\/\/api.w.org\/{rel}","templated":true}]}}