{"id":4706,"date":"2025-06-22T12:38:31","date_gmt":"2025-06-22T09:38:31","guid":{"rendered":"https:\/\/altal.ro\/?post_type=product&#038;p=4706"},"modified":"2025-07-23T01:53:19","modified_gmt":"2025-07-22T22:53:19","slug":"pompa-de-circulatie-geb32-8-180n","status":"publish","type":"product","link":"https:\/\/altal.ro\/ro\/pompa-de-circulatie-geb32-8-180n\/","title":{"rendered":"Pomp\u0103 de circula\u021bie GEB32-8-180N"},"content":{"rendered":"<div id=\"ez-toc-container\" class=\"ez-toc-v2_0_82_2 counter-hierarchy ez-toc-counter ez-toc-grey ez-toc-container-direction\">\n<div class=\"ez-toc-title-container\">\n<p class=\"ez-toc-title\" style=\"cursor:inherit\">Cuprins<\/p>\n<span class=\"ez-toc-title-toggle\"><a href=\"#\" class=\"ez-toc-pull-right ez-toc-btn ez-toc-btn-xs ez-toc-btn-default ez-toc-toggle\" aria-label=\"Toggle Table of Content\"><span class=\"ez-toc-js-icon-con\"><span class=\"\"><span class=\"eztoc-hide\" style=\"display:none;\">Toggle<\/span><span class=\"ez-toc-icon-toggle-span\"><svg style=\"fill: #999;color:#999\" xmlns=\"http:\/\/www.w3.org\/2000\/svg\" class=\"list-377408\" width=\"20px\" height=\"20px\" viewBox=\"0 0 24 24\" fill=\"none\"><path d=\"M6 6H4v2h2V6zm14 0H8v2h12V6zM4 11h2v2H4v-2zm16 0H8v2h12v-2zM4 16h2v2H4v-2zm16 0H8v2h12v-2z\" fill=\"currentColor\"><\/path><\/svg><svg style=\"fill: #999;color:#999\" class=\"arrow-unsorted-368013\" xmlns=\"http:\/\/www.w3.org\/2000\/svg\" width=\"10px\" height=\"10px\" viewBox=\"0 0 24 24\" version=\"1.2\" baseProfile=\"tiny\"><path d=\"M18.2 9.3l-6.2-6.3-6.2 6.3c-.2.2-.3.4-.3.7s.1.5.3.7c.2.2.4.3.7.3h11c.3 0 .5-.1.7-.3.2-.2.3-.5.3-.7s-.1-.5-.3-.7zM5.8 14.7l6.2 6.3 6.2-6.3c.2-.2.3-.5.3-.7s-.1-.5-.3-.7c-.2-.2-.4-.3-.7-.3h-11c-.3 0-.5.1-.7.3-.2.2-.3.5-.3.7s.1.5.3.7z\"\/><\/svg><\/span><\/span><\/span><\/a><\/span><\/div>\n<nav><ul class='ez-toc-list ez-toc-list-level-1 ' ><li class='ez-toc-page-1 ez-toc-heading-level-2'><a class=\"ez-toc-link ez-toc-heading-1\" href=\"https:\/\/altal.ro\/ro\/pompa-de-circulatie-geb32-8-180n\/#Pompa_de_circulatie_GEB32-8-180N\">Pomp\u0103 de circula\u021bie GEB32-8-180N<\/a><ul class='ez-toc-list-level-3' ><li class='ez-toc-heading-level-3'><a class=\"ez-toc-link ez-toc-heading-2\" href=\"https:\/\/altal.ro\/ro\/pompa-de-circulatie-geb32-8-180n\/#cu_control_PWM_eficienta_din_punct_de_vedere_energetic\">cu control PWM, eficient\u0103 din punct de vedere energetic<\/a><\/li><\/ul><\/li><li class='ez-toc-page-1 ez-toc-heading-level-2'><a class=\"ez-toc-link ez-toc-heading-3\" href=\"https:\/\/altal.ro\/ro\/pompa-de-circulatie-geb32-8-180n\/#Avantaje_si_caracteristici\">Avantaje \u0219i caracteristici<\/a><ul class='ez-toc-list-level-3' ><li class='ez-toc-heading-level-3'><a class=\"ez-toc-link ez-toc-heading-4\" href=\"https:\/\/altal.ro\/ro\/pompa-de-circulatie-geb32-8-180n\/#Mod_de_functionare\">Mod de func\u021bionare<\/a><\/li><\/ul><\/li><li class='ez-toc-page-1 ez-toc-heading-level-2'><a class=\"ez-toc-link ez-toc-heading-5\" href=\"https:\/\/altal.ro\/ro\/pompa-de-circulatie-geb32-8-180n\/#Pompa_de_circulatie_GEB32-8-180N-2\">Pomp\u0103 de circula\u021bie GEB32-8-180N<\/a><\/li><\/ul><\/nav><\/div>\n\n<h2><span class=\"ez-toc-section\" id=\"Pompa_de_circulatie_GEB32-8-180N\"><\/span>Pomp\u0103 de circula\u021bie GEB32-8-180N<span class=\"ez-toc-section-end\"><\/span><\/h2>\n<h3><span class=\"ez-toc-section\" id=\"cu_control_PWM_eficienta_din_punct_de_vedere_energetic\"><\/span>cu control PWM, eficient\u0103 din punct de vedere energetic<span class=\"ez-toc-section-end\"><\/span><\/h3>\n<p>Pomp\u0103 de circula\u021bie GEB32-8-180N este eficient\u0103 energetic \u0219i echipat\u0103 cu un motor sincron cu rotor pe magne\u021bi permanen\u021bi. Este destinat\u0103 pentru circula\u021bia apei sau lichidelor con\u021bin\u00e2nd glicol \u00een <a style=\"font-family: var(--global-body-font-family)\" href=\"https:\/\/altal.ro\/ro\/pompe-de-caldura-altal\/\" target=\"_blank\" rel=\"noopener\">pompe de c\u0103ldur\u0103<\/a>, precum \u0219i \u00een sisteme de \u00eenc\u0103lzire reglabile, inclusiv sisteme cu debit variabil.<\/p>\n<h2><span class=\"ez-toc-section\" id=\"Avantaje_si_caracteristici\"><\/span><strong>Avantaje \u0219i caracteristici<\/strong><span class=\"ez-toc-section-end\"><\/span><\/h2>\n<ul>\n<li><strong>Moduri de func\u021bionare:<\/strong>\n<ul>\n<li>Vitez\u0103 fix\u0103 (<em>n-const<\/em>).<\/li>\n<li>Moduri automate:\n<ul>\n<li><strong>\u0394p-v<\/strong> (presiune propor\u021bional\u0103).<\/li>\n<li><strong>\u0394p-c<\/strong> (presiune constant\u0103).<\/li>\n<li>Control prin semnal <a href=\"https:\/\/en.wikipedia.org\/wiki\/Pulse-width_modulation\" target=\"_blank\" rel=\"noopener\"><strong>PWM<\/strong><\/a> de la controlerul pompei de c\u0103ldur\u0103 <strong>ALTAL<\/strong>.<\/li>\n<li>M\u0103surarea debitului de ap\u0103 cu afi\u0219area informa\u021biilor pe panoul de control.<\/li>\n<li>Controlul (cu senzor) debitului de ap\u0103.<\/li>\n<\/ul>\n<\/li>\n<li>Comutarea modurilor se face cu un singur buton de pe panoul frontal al pompei.<\/li>\n<\/ul>\n<\/li>\n<li><strong>Construc\u021bie:<\/strong>\n<ul>\n<li>Roata de lucru universal\u0103 permite \u00eenlocuirea u\u0219oar\u0103 a majorit\u0103\u021bii modelelor de pompe de circula\u021bie Grundfos.<\/li>\n<li>Suprafa\u021b\u0103 anticoroziv\u0103 cu acoperire cataphoresis.<\/li>\n<li>Ax ceramic \u0219i rulment pentru func\u021bionare durabil\u0103.<\/li>\n<li>Indicator de stare \u0219i \u0219urub de deblocare pe panoul frontal.<\/li>\n<li>Conexiune frontal\u0103 pentru alimentare, pentru u\u0219urin\u021ba montajului, inclusiv pentru instalarea \u00een interiorul cazanelor.<\/li>\n<li>Acces facil la cele 4 \u0219uruburi de fixare.<\/li>\n<\/ul>\n<\/li>\n<li><strong>Integrare:<\/strong>\n<ul>\n<li>Suport pentru control prin semnal extern SHIM (PWM) (<em>conector Mini Superseal, comunicare bidirec\u021bional\u0103<\/em>), permi\u021b\u00e2nd integrarea pompei \u00een sisteme controlate de controlere sau case inteligente.<\/li>\n<li>Posibilitatea de a transmite date despre starea pompei (stare de func\u021bionare, putere consumat\u0103) controlerului extern pentru gestionare precis\u0103 a performan\u021bei.<\/li>\n<\/ul>\n<\/li>\n<\/ul>\n<h3><span class=\"ez-toc-section\" id=\"Mod_de_functionare\"><\/span>Mod de func\u021bionare<span class=\"ez-toc-section-end\"><\/span><\/h3>\n<p>1. Control PWM 2. Mod PP 3. Mod CP 4. Mod CS, trei viteze 5. Mod automat 6. Mod nocturn <strong>Acessorii compatibile<\/strong> <em>(se comand\u0103 separat)<\/em>:<\/p>\n<ul>\n<li>Set de conexiuni rapide.<\/li>\n<li>Adaptoare de alimentare pentru conectorii Superseal Molex sau Superseal Volex (150 mm).<\/li>\n<li>Cablu de semnal pentru semnal SHIM (1000 mm).<\/li>\n<\/ul>\n<h2><span class=\"ez-toc-section\" id=\"Pompa_de_circulatie_GEB32-8-180N-2\"><\/span>Pomp\u0103 de circula\u021bie GEB32-8-180N<span class=\"ez-toc-section-end\"><\/span><\/h2>\n<p>\u2014 reprezint\u0103 o solu\u021bie fiabil\u0103 pentru func\u021bionare eficient\u0103 \u0219i economic\u0103 a sistemelor de \u00eenc\u0103lzire, asigur\u00e2nd o durat\u0103 lung\u0103 de via\u021b\u0103 \u0219i posibilitatea de integrare \u00een sisteme inteligente moderne de control.<\/p>\n<hr \/>\n<p>\u00a0<\/p>\n","protected":false},"excerpt":{"rendered":"<h2><span style=\"color: #993366;\">Model <strong>GEB32-8-180N<\/strong>\u00a0<\/span><\/h2>\n<p>Tip:\u00a0 pomp\u0103 electric\u0103 centrifug\u0103 Invertor BLDC<br \/>\nAlimentare:\u00a0 AC230V, \u00a050 Hz<br \/>\nPutere de intrare: <strong>25\uff5e180W<\/strong><br \/>\nCurent: 0.04\uff5e0.75A<br \/>\nInterval vitez\u0103 de rota\u021bie: 1000\uff5e4500r\/m<br \/>\nConesiune: <strong>180 mm, 2\u201d<\/strong><br \/>\n\u00cen\u0103l\u021bime maxim\u0103: <strong>8 metri<\/strong><br \/>\nDebet ap\u0103: <strong>10,5 m3\/h<\/strong><br \/>\nProtec\u021bie: IP44<\/p>\n","protected":false},"featured_media":2107,"comment_status":"open","ping_status":"closed","template":"","meta":{"_acf_changed":false,"_kad_post_transparent":"default","_kad_post_title":"","_kad_post_layout":"default","_kad_post_sidebar_id":"","_kad_post_content_style":"default","_kad_post_vertical_padding":"default","_kad_post_feature":"","_kad_post_feature_position":"","_kad_post_header":false,"_kad_post_footer":false},"product_brand":[],"product_cat":[256],"product_tag":[261,260,258,259],"class_list":{"0":"post-4706","1":"product","2":"type-product","3":"status-publish","4":"has-post-thumbnail","6":"product_cat-pompe-de-circulatie","7":"product_tag-180-","8":"product_tag-95-watt","9":"product_tag-incalzire","10":"product_tag-pompa-de-circulatie","12":"first","13":"instock","14":"sale","15":"featured","16":"taxable","17":"shipping-taxable","18":"purchasable","19":"product-type-simple","20":"entry","21":"content-bg","22":"loop-entry"},"acf":[],"_links":{"self":[{"href":"https:\/\/altal.ro\/ro\/wp-json\/wp\/v2\/product\/4706","targetHints":{"allow":["GET"]}}],"collection":[{"href":"https:\/\/altal.ro\/ro\/wp-json\/wp\/v2\/product"}],"about":[{"href":"https:\/\/altal.ro\/ro\/wp-json\/wp\/v2\/types\/product"}],"replies":[{"embeddable":true,"href":"https:\/\/altal.ro\/ro\/wp-json\/wp\/v2\/comments?post=4706"}],"version-history":[{"count":7,"href":"https:\/\/altal.ro\/ro\/wp-json\/wp\/v2\/product\/4706\/revisions"}],"predecessor-version":[{"id":7604,"href":"https:\/\/altal.ro\/ro\/wp-json\/wp\/v2\/product\/4706\/revisions\/7604"}],"wp:featuredmedia":[{"embeddable":true,"href":"https:\/\/altal.ro\/ro\/wp-json\/wp\/v2\/media\/2107"}],"wp:attachment":[{"href":"https:\/\/altal.ro\/ro\/wp-json\/wp\/v2\/media?parent=4706"}],"wp:term":[{"taxonomy":"product_brand","embeddable":true,"href":"https:\/\/altal.ro\/ro\/wp-json\/wp\/v2\/product_brand?post=4706"},{"taxonomy":"product_cat","embeddable":true,"href":"https:\/\/altal.ro\/ro\/wp-json\/wp\/v2\/product_cat?post=4706"},{"taxonomy":"product_tag","embeddable":true,"href":"https:\/\/altal.ro\/ro\/wp-json\/wp\/v2\/product_tag?post=4706"}],"curies":[{"name":"wp","href":"https:\/\/api.w.org\/{rel}","templated":true}]}}