{"id":4704,"date":"2025-06-22T12:38:30","date_gmt":"2025-06-22T09:38:30","guid":{"rendered":"https:\/\/altal.ro\/?post_type=product&#038;p=4704"},"modified":"2025-07-23T01:53:52","modified_gmt":"2025-07-22T22:53:52","slug":"pompa-de-circulatie-spm25-9-130s","status":"publish","type":"product","link":"https:\/\/altal.ro\/ro\/pompa-de-circulatie-spm25-9-130s\/","title":{"rendered":"Pomp\u0103 de circula\u021bie SPM25-9-130S"},"content":{"rendered":"<div id=\"ez-toc-container\" class=\"ez-toc-v2_0_82_2 counter-hierarchy ez-toc-counter ez-toc-grey ez-toc-container-direction\">\n<div class=\"ez-toc-title-container\">\n<p class=\"ez-toc-title\" style=\"cursor:inherit\">Cuprins<\/p>\n<span class=\"ez-toc-title-toggle\"><a href=\"#\" class=\"ez-toc-pull-right ez-toc-btn ez-toc-btn-xs ez-toc-btn-default ez-toc-toggle\" aria-label=\"Toggle Table of Content\"><span class=\"ez-toc-js-icon-con\"><span class=\"\"><span class=\"eztoc-hide\" style=\"display:none;\">Toggle<\/span><span class=\"ez-toc-icon-toggle-span\"><svg style=\"fill: #999;color:#999\" xmlns=\"http:\/\/www.w3.org\/2000\/svg\" class=\"list-377408\" width=\"20px\" height=\"20px\" viewBox=\"0 0 24 24\" fill=\"none\"><path d=\"M6 6H4v2h2V6zm14 0H8v2h12V6zM4 11h2v2H4v-2zm16 0H8v2h12v-2zM4 16h2v2H4v-2zm16 0H8v2h12v-2z\" fill=\"currentColor\"><\/path><\/svg><svg style=\"fill: #999;color:#999\" class=\"arrow-unsorted-368013\" xmlns=\"http:\/\/www.w3.org\/2000\/svg\" width=\"10px\" height=\"10px\" viewBox=\"0 0 24 24\" version=\"1.2\" baseProfile=\"tiny\"><path d=\"M18.2 9.3l-6.2-6.3-6.2 6.3c-.2.2-.3.4-.3.7s.1.5.3.7c.2.2.4.3.7.3h11c.3 0 .5-.1.7-.3.2-.2.3-.5.3-.7s-.1-.5-.3-.7zM5.8 14.7l6.2 6.3 6.2-6.3c.2-.2.3-.5.3-.7s-.1-.5-.3-.7c-.2-.2-.4-.3-.7-.3h-11c-.3 0-.5.1-.7.3-.2.2-.3.5-.3.7s.1.5.3.7z\"\/><\/svg><\/span><\/span><\/span><\/a><\/span><\/div>\n<nav><ul class='ez-toc-list ez-toc-list-level-1 ' ><li class='ez-toc-page-1 ez-toc-heading-level-2'><a class=\"ez-toc-link ez-toc-heading-1\" href=\"https:\/\/altal.ro\/ro\/pompa-de-circulatie-spm25-9-130s\/#Pompa_de_circulatie_SPM25-9-130S\">Pomp\u0103 de circula\u021bie SPM25-9-130S<\/a><ul class='ez-toc-list-level-3' ><li class='ez-toc-heading-level-3'><a class=\"ez-toc-link ez-toc-heading-2\" href=\"https:\/\/altal.ro\/ro\/pompa-de-circulatie-spm25-9-130s\/#Pompa_de_circulatie_SPM25-9-130S_Logica_de_control_de_baza\">Pomp\u0103 de circula\u021bie SPM25-9-130S. Logic\u0103 de control de baz\u0103<\/a><\/li><\/ul><\/li><li class='ez-toc-page-1 ez-toc-heading-level-2'><a class=\"ez-toc-link ez-toc-heading-3\" href=\"https:\/\/altal.ro\/ro\/pompa-de-circulatie-spm25-9-130s\/#Pompa_de_circulatie_SPM25-9-130S_eficienta_energetic\">Pomp\u0103 de circula\u021bie SPM25-9-130S eficient\u0103 energetic<\/a><\/li><\/ul><\/nav><\/div>\n\n<h2><span class=\"ez-toc-section\" id=\"Pompa_de_circulatie_SPM25-9-130S\"><\/span>Pomp\u0103 de circula\u021bie SPM25-9-130S<span class=\"ez-toc-section-end\"><\/span><\/h2>\n<p>Pomp\u0103 de circula\u021bie SPM25-9-130S este eficient\u0103 din punct de vedere energetic \u0219i este echipat\u0103 cu un motor sincron cu rotor pe magne\u021bi permanen\u021bi. Destinat\u0103 pentru circula\u021bia apei sau lichidelor con\u021bin\u00e2nd glicol \u00een <a href=\"https:\/\/altal.ro\/ro\/pompe-de-caldura-altal\/\" target=\"_blank\" rel=\"noopener\">pompe de c\u0103ldur\u0103<\/a>, precum \u0219i \u00een sisteme de \u00eenc\u0103lzire reglabile, inclusiv sisteme cu debit variabil. <strong>Pomp\u0103 de circula\u021bie SPM25-9-130S.Avantaje \u0219i caracteristici:<\/strong><\/p>\n<ul>\n<li><strong>Moduri de func\u021bionare:<\/strong>\n<ul>\n<li>Vitez\u0103 fix\u0103 (<em>n-const<\/em>).<\/li>\n<li>Moduri automate:\n<ul>\n<li><strong>\u0394p-v<\/strong> (presiune propor\u021bional\u0103).<\/li>\n<li><strong>\u0394p-c<\/strong> (presiune constant\u0103).<\/li>\n<li>Control prin semnal <a href=\"https:\/\/ru.wikipedia.org\/wiki\/%D0%A8%D0%B8%D1%80%D0%BE%D1%82%D0%BD%D0%BE-%D0%B8%D0%BC%D0%BF%D1%83%D0%BB%D1%8C%D1%81%D0%BD%D0%B0%D1%8F_%D0%BC%D0%BE%D0%B4%D1%83%D0%BB%D1%8F%D1%86%D0%B8%D1%8F\" target=\"_blank\" rel=\"noopener\"><strong>PWM<\/strong><\/a>\u00a0de la controlerul pompei de c\u0103ldur\u0103 <strong>ALTAL<\/strong>.<\/li>\n<li>M\u0103surarea debitului de ap\u0103 cu afi\u0219area informa\u021biilor pe panoul de control.<\/li>\n<li>Controlul (cu senzor) debitului de ap\u0103.<\/li>\n<\/ul>\n<\/li>\n<li>Comutarea modurilor se face cu o singur\u0103 tast\u0103 de pe panoul frontal al pompei.<\/li>\n<\/ul>\n<\/li>\n<li><strong>Construc\u021bie:<\/strong>\n<ul>\n<li>Rotor universal permite \u00eenlocuirea u\u0219oar\u0103 a majorit\u0103\u021bii modelelor de pompe Grundfos.<\/li>\n<li>Suprafa\u021b\u0103 anticoroziv\u0103 cu acoperire cataphoresis.<\/li>\n<li>Ax ceramic \u0219i rulment pentru durabilitate \u00eendelungat\u0103.<\/li>\n<li>Indicator de stare \u0219i \u0219urub de deblocare pe panoul frontal.<\/li>\n<li>Conexiune frontal\u0103 pentru alimentare, pentru u\u0219urin\u021ba montajului, inclusiv pentru instalarea \u00een interiorul cazanelor.<\/li>\n<li>Acces facil la cele 4 \u0219uruburi de fixare.<\/li>\n<\/ul>\n<\/li>\n<li><strong>Integrare:<\/strong>\n<ul>\n<li>Pomp\u0103 de circula\u021bie SPM25\u20109\u2010130S are suport pentru control prin semnal extern PWM (<em>conector Mini Superseal, comunicare bidirec\u021bional\u0103<\/em>), permi\u021b\u00e2nd integrarea pompei \u00een sisteme controlate de controlere sau case inteligente.<\/li>\n<li>Posibilitatea de a transmite date despre starea pompei (stare de func\u021bionare, putere consumat\u0103) c\u0103tre controlerul extern pentru gestionare precis\u0103 a performan\u021bei.<\/li>\n<\/ul>\n<\/li>\n<\/ul>\n<h3><span class=\"ez-toc-section\" id=\"Pompa_de_circulatie_SPM25-9-130S_Logica_de_control_de_baza\"><\/span>Pomp\u0103 de circula\u021bie SPM25-9-130S. Logic\u0103 de control de baz\u0103<span class=\"ez-toc-section-end\"><\/span><\/h3>\n<ul>\n<li>C\u00e2nd semnalul PWM este conectat, pomp\u0103 de circula\u021bie SPM25\u20109\u2010130S func\u021bionarea este controlat\u0103 de semnalul PWM.<\/li>\n<li>C\u00e2nd nu exist\u0103 semnal PWM, func\u021bionarea pompei de ap\u0103 este controlat\u0103 conform logicii de control interne.<\/li>\n<\/ul>\n<p><strong>Acessorii compatibile<\/strong> <em>(se comand\u0103 separat)<\/em>:<\/p>\n<ul>\n<li>Set de conexiuni rapide.<\/li>\n<li>Adaptor pentru alimentare pentru conectarea conectorilor Superseal Molex sau Superseal Volex (150 mm).<\/li>\n<li>Cablu de semnal pentru semnal PWM (1000 mm).<\/li>\n<\/ul>\n<h2><span class=\"ez-toc-section\" id=\"Pompa_de_circulatie_SPM25-9-130S_eficienta_energetic\"><\/span><strong>Pomp\u0103 de circula\u021bie SPM25-9-130S eficient\u0103 energetic<\/strong><span class=\"ez-toc-section-end\"><\/span><\/h2>\n<p>\u2014 reprezint\u0103 o solu\u021bie fiabil\u0103 pentru func\u021bionare eficient\u0103 \u0219i economic\u0103 a sistemelor de \u00eenc\u0103lzire, asigur\u00e2nd o durat\u0103 lung\u0103 de via\u021b\u0103 \u0219i posibilitatea de integrare \u00een sisteme inteligente moderne de control.<\/p>\n<hr \/>\n<p>\u00a0<\/p>\n","protected":false},"excerpt":{"rendered":"<p>Tip:\u00a0 pomp\u0103 electric\u0103 centrifug\u0103 Invertor BLDC<br \/>\nAlimentare:\u00a0 AC<br \/>\nTensiune: 230V<br \/>\nFrecven\u021b\u0103: 50\/60Hz<br \/>\nPutere de intrare: 25\uff5e188W<br \/>\nCurent: 0.04\uff5e0.95A<br \/>\nInterval vitez\u0103 de rota\u021bie: 1000\uff5e4500r\/m<br \/>\nConesiune: 180 mm, 2\u201d<br \/>\n\u00cen\u0103l\u021bime maxim\u0103: 9 metri<br \/>\nDebet ap\u0103: 12,5 m3\/h<br \/>\nProtec\u021bie: IP44<\/p>\n","protected":false},"featured_media":2103,"comment_status":"open","ping_status":"closed","template":"","meta":{"_acf_changed":false,"_kad_post_transparent":"default","_kad_post_title":"","_kad_post_layout":"default","_kad_post_sidebar_id":"","_kad_post_content_style":"default","_kad_post_vertical_padding":"default","_kad_post_feature":"","_kad_post_feature_position":"","_kad_post_header":false,"_kad_post_footer":false},"product_brand":[],"product_cat":[256],"product_tag":[257,260,258,259],"class_list":{"0":"post-4704","1":"product","2":"type-product","3":"status-publish","4":"has-post-thumbnail","6":"product_cat-pompe-de-circulatie","7":"product_tag-130-mm","8":"product_tag-95-watt","9":"product_tag-incalzire","10":"product_tag-pompa-de-circulatie","12":"first","13":"instock","14":"sale","15":"featured","16":"taxable","17":"shipping-taxable","18":"purchasable","19":"product-type-simple","20":"entry","21":"content-bg","22":"loop-entry"},"acf":[],"_links":{"self":[{"href":"https:\/\/altal.ro\/ro\/wp-json\/wp\/v2\/product\/4704","targetHints":{"allow":["GET"]}}],"collection":[{"href":"https:\/\/altal.ro\/ro\/wp-json\/wp\/v2\/product"}],"about":[{"href":"https:\/\/altal.ro\/ro\/wp-json\/wp\/v2\/types\/product"}],"replies":[{"embeddable":true,"href":"https:\/\/altal.ro\/ro\/wp-json\/wp\/v2\/comments?post=4704"}],"version-history":[{"count":3,"href":"https:\/\/altal.ro\/ro\/wp-json\/wp\/v2\/product\/4704\/revisions"}],"predecessor-version":[{"id":7606,"href":"https:\/\/altal.ro\/ro\/wp-json\/wp\/v2\/product\/4704\/revisions\/7606"}],"wp:featuredmedia":[{"embeddable":true,"href":"https:\/\/altal.ro\/ro\/wp-json\/wp\/v2\/media\/2103"}],"wp:attachment":[{"href":"https:\/\/altal.ro\/ro\/wp-json\/wp\/v2\/media?parent=4704"}],"wp:term":[{"taxonomy":"product_brand","embeddable":true,"href":"https:\/\/altal.ro\/ro\/wp-json\/wp\/v2\/product_brand?post=4704"},{"taxonomy":"product_cat","embeddable":true,"href":"https:\/\/altal.ro\/ro\/wp-json\/wp\/v2\/product_cat?post=4704"},{"taxonomy":"product_tag","embeddable":true,"href":"https:\/\/altal.ro\/ro\/wp-json\/wp\/v2\/product_tag?post=4704"}],"curies":[{"name":"wp","href":"https:\/\/api.w.org\/{rel}","templated":true}]}}