{"id":3062,"date":"2025-06-16T00:29:22","date_gmt":"2025-06-16T00:29:22","guid":{"rendered":"https:\/\/altal.ro\/?post_type=product&#038;p=3062"},"modified":"2025-07-23T01:57:23","modified_gmt":"2025-07-22T22:57:23","slug":"aer-apa-50-kw-evi-split-dc","status":"publish","type":"product","link":"https:\/\/altal.ro\/ro\/aer-apa-50-kw-evi-split-dc\/","title":{"rendered":"Pompa de caldura aer-apa 50 kW EVI SPLIT DC"},"content":{"rendered":"<div id=\"ez-toc-container\" class=\"ez-toc-v2_0_82_2 counter-hierarchy ez-toc-counter ez-toc-grey ez-toc-container-direction\">\n<div class=\"ez-toc-title-container\">\n<p class=\"ez-toc-title\" style=\"cursor:inherit\">Cuprins<\/p>\n<span class=\"ez-toc-title-toggle\"><a href=\"#\" class=\"ez-toc-pull-right ez-toc-btn ez-toc-btn-xs ez-toc-btn-default ez-toc-toggle\" aria-label=\"Toggle Table of Content\"><span class=\"ez-toc-js-icon-con\"><span class=\"\"><span class=\"eztoc-hide\" style=\"display:none;\">Toggle<\/span><span class=\"ez-toc-icon-toggle-span\"><svg style=\"fill: #999;color:#999\" xmlns=\"http:\/\/www.w3.org\/2000\/svg\" class=\"list-377408\" width=\"20px\" height=\"20px\" viewBox=\"0 0 24 24\" fill=\"none\"><path d=\"M6 6H4v2h2V6zm14 0H8v2h12V6zM4 11h2v2H4v-2zm16 0H8v2h12v-2zM4 16h2v2H4v-2zm16 0H8v2h12v-2z\" fill=\"currentColor\"><\/path><\/svg><svg style=\"fill: #999;color:#999\" class=\"arrow-unsorted-368013\" xmlns=\"http:\/\/www.w3.org\/2000\/svg\" width=\"10px\" height=\"10px\" viewBox=\"0 0 24 24\" version=\"1.2\" baseProfile=\"tiny\"><path d=\"M18.2 9.3l-6.2-6.3-6.2 6.3c-.2.2-.3.4-.3.7s.1.5.3.7c.2.2.4.3.7.3h11c.3 0 .5-.1.7-.3.2-.2.3-.5.3-.7s-.1-.5-.3-.7zM5.8 14.7l6.2 6.3 6.2-6.3c.2-.2.3-.5.3-.7s-.1-.5-.3-.7c-.2-.2-.4-.3-.7-.3h-11c-.3 0-.5.1-.7.3-.2.2-.3.5-.3.7s.1.5.3.7z\"\/><\/svg><\/span><\/span><\/span><\/a><\/span><\/div>\n<nav><ul class='ez-toc-list ez-toc-list-level-1 ' ><li class='ez-toc-page-1 ez-toc-heading-level-2'><a class=\"ez-toc-link ez-toc-heading-1\" href=\"https:\/\/altal.ro\/ro\/aer-apa-50-kw-evi-split-dc\/#Pompa_de_caldura_aer-apa_50_kW_EVI_SPLIT_DC\">Pompa de caldura aer-apa 50 kW EVI SPLIT DC<\/a><\/li><li class='ez-toc-page-1 ez-toc-heading-level-2'><a class=\"ez-toc-link ez-toc-heading-2\" href=\"https:\/\/altal.ro\/ro\/aer-apa-50-kw-evi-split-dc\/#Caracteristici\">Caracteristici<\/a><ul class='ez-toc-list-level-4' ><li class='ez-toc-heading-level-4'><ul class='ez-toc-list-level-4' ><li class='ez-toc-heading-level-4'><a class=\"ez-toc-link ez-toc-heading-3\" href=\"https:\/\/altal.ro\/ro\/aer-apa-50-kw-evi-split-dc\/#Performanta_ridicata\">Performan\u021b\u0103 ridicat\u0103<\/a><\/li><li class='ez-toc-page-1 ez-toc-heading-level-4'><a class=\"ez-toc-link ez-toc-heading-4\" href=\"https:\/\/altal.ro\/ro\/aer-apa-50-kw-evi-split-dc\/#Etica_energetica\">Etic\u0103 energetic\u0103<\/a><\/li><li class='ez-toc-page-1 ez-toc-heading-level-4'><a class=\"ez-toc-link ez-toc-heading-5\" href=\"https:\/\/altal.ro\/ro\/aer-apa-50-kw-evi-split-dc\/#Rezistenta_la_temperaturi_scazute\">Rezisten\u021b\u0103 la temperaturi sc\u0103zute<\/a><\/li><li class='ez-toc-page-1 ez-toc-heading-level-4'><a class=\"ez-toc-link ez-toc-heading-6\" href=\"https:\/\/altal.ro\/ro\/aer-apa-50-kw-evi-split-dc\/#Automatizare_si_control\">Automatizare \u0219i control<\/a><\/li><li class='ez-toc-page-1 ez-toc-heading-level-4'><a class=\"ez-toc-link ez-toc-heading-7\" href=\"https:\/\/altal.ro\/ro\/aer-apa-50-kw-evi-split-dc\/#Versatilitate_in_utilizare\">Versatilitate \u00een utilizare<\/a><\/li><\/ul><\/li><li class='ez-toc-page-1 ez-toc-heading-level-3'><a class=\"ez-toc-link ez-toc-heading-8\" href=\"https:\/\/altal.ro\/ro\/aer-apa-50-kw-evi-split-dc\/#Avantajele_pompei_de_caldura\">Avantajele pompei de c\u0103ldur\u0103<\/a><ul class='ez-toc-list-level-4' ><li class='ez-toc-heading-level-4'><a class=\"ez-toc-link ez-toc-heading-9\" href=\"https:\/\/altal.ro\/ro\/aer-apa-50-kw-evi-split-dc\/#Eco-friendly\">Eco-friendly<\/a><\/li><li class='ez-toc-page-1 ez-toc-heading-level-4'><a class=\"ez-toc-link ez-toc-heading-10\" href=\"https:\/\/altal.ro\/ro\/aer-apa-50-kw-evi-split-dc\/#Costuri_de_exploatare_reduse\">Costuri de exploatare reduse<\/a><\/li><li class='ez-toc-page-1 ez-toc-heading-level-4'><a class=\"ez-toc-link ez-toc-heading-11\" href=\"https:\/\/altal.ro\/ro\/aer-apa-50-kw-evi-split-dc\/#Durabilitate_si_fiabilitate\">Durabilitate \u0219i fiabilitate<\/a><\/li><li class='ez-toc-page-1 ez-toc-heading-level-4'><a class=\"ez-toc-link ez-toc-heading-12\" href=\"https:\/\/altal.ro\/ro\/aer-apa-50-kw-evi-split-dc\/#Usurinta_in_instalare\">U\u0219urin\u021b\u0103 \u00een instalare<\/a><\/li><\/ul><\/li><li class='ez-toc-page-1 ez-toc-heading-level-3'><a class=\"ez-toc-link ez-toc-heading-13\" href=\"https:\/\/altal.ro\/ro\/aer-apa-50-kw-evi-split-dc\/#Aplicatii\">Aplica\u021bii<\/a><\/li><li class='ez-toc-page-1 ez-toc-heading-level-3'><a class=\"ez-toc-link ez-toc-heading-14\" href=\"https:\/\/altal.ro\/ro\/aer-apa-50-kw-evi-split-dc\/#Independenta_de_combustibil\">Independen\u021b\u0103 de combustibil<\/a><\/li><li class='ez-toc-page-1 ez-toc-heading-level-3'><a class=\"ez-toc-link ez-toc-heading-15\" href=\"https:\/\/altal.ro\/ro\/aer-apa-50-kw-evi-split-dc\/#Functionare_sigura_la_temperaturi_scazute\">Func\u021bionare sigur\u0103 la temperaturi sc\u0103zute<\/a><\/li><li class='ez-toc-page-1 ez-toc-heading-level-3'><a class=\"ez-toc-link ez-toc-heading-16\" href=\"https:\/\/altal.ro\/ro\/aer-apa-50-kw-evi-split-dc\/#Comparativ_cu_alte_sisteme\">Comparativ cu alte sisteme<\/a><\/li><\/ul><\/li><li class='ez-toc-page-1 ez-toc-heading-level-2'><a class=\"ez-toc-link ez-toc-heading-17\" href=\"https:\/\/altal.ro\/ro\/aer-apa-50-kw-evi-split-dc\/#De_ce_sa_alegi_pompa_de_caldura_aer-apa_50_kW_EVI_SPLIT_DC\">De ce s\u0103 alegi pompa de caldura aer-apa 50 kW EVI SPLIT DC?<\/a><\/li><\/ul><\/nav><\/div>\n\n<h2><span class=\"ez-toc-section\" id=\"Pompa_de_caldura_aer-apa_50_kW_EVI_SPLIT_DC\"><\/span>Pompa de caldura aer-apa 50 kW EVI SPLIT DC<span class=\"ez-toc-section-end\"><\/span><\/h2>\n<p>\u2014 pompa de c\u0103ldur\u0103 industrial\u0103, fiind o solu\u021bie modern\u0103 \u0219i fiabil\u0103 pentru \u00eenc\u0103lzire \u0219i r\u0103cire. O solu\u021bie excelent\u0103 pentru nevoile tehnologice ale \u00eentreprinderilor din domeniul lactatelor, farmaceutic, produc\u021bia de bere etc. <em>\u00cen primul r\u00e2nd<\/em>, Pompa de caldura aer-apa 50 kW EVI SPLIT DC utilizeaz\u0103 c\u0103ldura aerului ambiental, ceea ce permite reducerea semnificativ\u0103 a costurilor pentru \u00eenc\u0103lzire \u0219i produc\u021bia de ap\u0103 cald\u0103 de \u00eenalt\u0103 temperatur\u0103. <em>\u00cen plus<\/em>, aceast\u0103 pomp\u0103 demonstreaz\u0103 o eficien\u021b\u0103 ridicat\u0103 chiar \u0219i la temperaturi exterioare relativ sc\u0103zute, fiind potrivit\u0103 pentru utilizare \u00een diferite condi\u021bii climatice.<\/p>\n<hr \/>\n<h2><span class=\"ez-toc-section\" id=\"Caracteristici\"><\/span><strong>Caracteristici<\/strong><span class=\"ez-toc-section-end\"><\/span><\/h2>\n<h4><span class=\"ez-toc-section\" id=\"Performanta_ridicata\"><\/span><strong>Performan\u021b\u0103 ridicat\u0103<\/strong><span class=\"ez-toc-section-end\"><\/span><\/h4>\n<p><a href=\"https:\/\/altal.ro\/aer-apa-pro\/\"><strong>Pompa de c\u0103ldur\u0103 aer\u2011ap\u0103 50 kW EVI SPLIT DC model AWHP50SDCH3<\/strong><\/a> poate \u00eenc\u0103lzi \u0219i r\u0103ci spa\u021bii cu o suprafa\u021b\u0103 de la <strong>320 p\u00e2n\u0103 la 600 m\u00b2<\/strong>. <em>Astfel<\/em>, se potrive\u0219te at\u00e2t pentru case private, c\u00e2t \u0219i pentru mici birouri sau \u00eentreprinderi. <em>De asemenea<\/em>, modelul ofer\u0103 temperaturi stabile de \u00eenc\u0103lzire iarna \u0219i r\u0103cire vara, f\u0103c\u00e2ndu-l o alegere versatil\u0103. Cu utilizarea panourilor solare electrice, se poate ob\u021bine un sistem cu costuri zero pentru \u00eenc\u0103lzire, r\u0103cire \u0219i prepararea apei calde.<\/p>\n<h4><span class=\"ez-toc-section\" id=\"Etica_energetica\"><\/span><strong>Etic\u0103 energetic\u0103<\/strong><span class=\"ez-toc-section-end\"><\/span><\/h4>\n<p><strong>Pompa de c\u0103ldur\u0103 aer\u2011ap\u0103 50 kW EVI SPLIT DC<\/strong> au un coeficient de performan\u021b\u0103 (COP) ridicat, care dep\u0103\u0219e\u0219te frecvent valoarea <strong>&gt; 4.2<\/strong> atunci c\u00e2nd se folose\u0219te sistemul <span style=\"color: #0000ff\"><strong>EVI.<\/strong><\/span>\u00a0<em>Altfel spus<\/em>, fiecare kilowatt consumat de energie se transform\u0103 \u00een mai mul\u021bi kilowa\u021bi de c\u0103ldur\u0103. <em>Prin urmare<\/em>, utilizarea unui astfel de dispozitiv reduce semnificativ costurile de exploatare.<\/p>\n<h4><span class=\"ez-toc-section\" id=\"Rezistenta_la_temperaturi_scazute\"><\/span><strong>Rezisten\u021b\u0103 la temperaturi sc\u0103zute<\/strong><span class=\"ez-toc-section-end\"><\/span><\/h4>\n<p>Pompa de caldura aer-apa 50 kW EVI SPLIT DC din aceast\u0103 categorie pot func\u021biona la temperaturi exterioare de p\u00e2n\u0103 la <span style=\"color: #ff0000\"><strong>-15\u00b0C &#8230;<\/strong><\/span> sau <span style=\"color: #ff0000\"><strong>-20\u00b0C<\/strong><\/span> \u0219i pot produce ap\u0103 cu temperaturi de p\u00e2n\u0103 la +60\u00b0C sau +85\u00b0C (la comand\u0103). <em>Mul\u021bumit\u0103 acestor tehnologii<\/em>, acestea func\u021bioneaz\u0103 stabil chiar \u0219i \u00een cele mai dure condi\u021bii de iarn\u0103. <em>Acest lucru devine posibil<\/em> datorit\u0103 tehnologiilor moderne precum <strong><a href=\"https:\/\/www.hpac.com\/training\/article\/21244075\/refrigeration-basics-vapor-injection-and-the-refrigeration-cycle\" target=\"_blank\" rel=\"noopener\">sistemul EVI (injec\u021bie de vapori)<\/a><\/strong>, \u00a0\u0219i controlului invertor. Modelele pot fi livrate \u0219i cu alte tipuri de agen\u021bi frigorifici.<\/p>\n<h4><span class=\"ez-toc-section\" id=\"Automatizare_si_control\"><\/span><strong>Automatizare \u0219i control<\/strong><span class=\"ez-toc-section-end\"><\/span><\/h4>\n<p><em>\u00cen plus<\/em>, multe modele <a href=\"https:\/\/altalheat.com\/ru\/katalog\/teplovye-nasosy\/grunt-voda\/\" target=\"_blank\" rel=\"noopener\"><strong>Pompa de caldura aer-apa 50 kW EVI SPLIT DC<\/strong><\/a>\u00a0pot fi integrate \u00een sistemele de cas\u0103 inteligent\u0103. <em>Astfel<\/em>, utilizatorul are posibilitatea s\u0103 controleze dispozitivul prin aplica\u021bii mobile sau controale speciale.<\/p>\n<h4><span class=\"ez-toc-section\" id=\"Versatilitate_in_utilizare\"><\/span><strong>Versatilitate \u00een utilizare<\/strong><span class=\"ez-toc-section-end\"><\/span><\/h4>\n<p><a href=\"https:\/\/altal.ro\/aer-apa-pro\/\"><strong>Pompa de caldura aer-apa 50 kW EVI SPLIT DC<\/strong><\/a>\u00a0nu este destinat\u0103 doar pentru \u00eenc\u0103lzire, ci \u0219i pentru r\u0103cire. <em>De asemenea<\/em>, poate fi folosit\u0103 pentru \u00eenc\u0103lzirea apei, men\u021bin\u00e2nd o temperatur\u0103 confortabil\u0103 \u00een baie sau buc\u0103t\u0103rie.<\/p>\n<hr \/>\n<h3><span class=\"ez-toc-section\" id=\"Avantajele_pompei_de_caldura\"><\/span><strong>Avantajele pompei de c\u0103ldur\u0103<\/strong><span class=\"ez-toc-section-end\"><\/span><\/h3>\n<h4><span class=\"ez-toc-section\" id=\"Eco-friendly\"><\/span><strong>Eco-friendly<\/strong><span class=\"ez-toc-section-end\"><\/span><\/h4>\n<p>Pompa de caldura aer-apa 50 kW EVI SPLIT DC nu emite dioxid de carbon \u00een atmosfer\u0103, <em>fiind astfel<\/em> o solu\u021bie ecologic\u0103. <em>De asemenea<\/em>, contribuie la reducerea amprentei de carbon, fiind important pentru utilizatorii responsabili.<\/p>\n<h4><span class=\"ez-toc-section\" id=\"Costuri_de_exploatare_reduse\"><\/span><strong>Costuri de exploatare reduse<\/strong><span class=\"ez-toc-section-end\"><\/span><\/h4>\n<p>Diferen\u021ba fa\u021b\u0103 de cazanele tradi\u021bionale este c\u0103 pompa de caldura aer-apa 50 kW EVI SPLIT DC utilizeaz\u0103 p\u00e2n\u0103 la 75% din energia gratuit\u0103 din aer. <em>Astfel<\/em>, costurile de func\u021bionare sunt mult mai mici, comparativ cu gazul sau electricitatea.<\/p>\n<h4><span class=\"ez-toc-section\" id=\"Durabilitate_si_fiabilitate\"><\/span><strong>Durabilitate \u0219i fiabilitate<\/strong><span class=\"ez-toc-section-end\"><\/span><\/h4>\n<p><em>Mai mult<\/em>, durata de via\u021b\u0103 a pompei de c\u0103ldur\u0103 atinge <strong>&gt; 15-25 de ani<\/strong> cu o \u00eentre\u021binere corect\u0103. <em>Aceasta<\/em> face o investi\u021bie pe termen lung, cu economii semnificative.<\/p>\n<h4><span class=\"ez-toc-section\" id=\"Usurinta_in_instalare\"><\/span><strong>U\u0219urin\u021b\u0103 \u00een instalare<\/strong><span class=\"ez-toc-section-end\"><\/span><\/h4>\n<p>Pompa de caldura aer-apa 50 kW EVI SPLIT DC necesit\u0103 mai pu\u021bine costuri de instalare dec\u00e2t cele de tip sol\u2011ap\u0103. <em>De aceea<\/em>, sunt mai accesibile pentru majoritatea consumatorilor. Totu\u0219i, trebuie avut \u00een vedere impactul sc\u0103derii performan\u021bei \u0219i eficien\u021bei pe m\u0103sur\u0103 ce temperatura exterioar\u0103 scade (consulta\u021bi graficele).<\/p>\n<hr \/>\n<h3><span class=\"ez-toc-section\" id=\"Aplicatii\"><\/span><strong>Aplica\u021bii<\/strong><span class=\"ez-toc-section-end\"><\/span><\/h3>\n<ul>\n<li><strong>\u00cenc\u0103lzire<\/strong>: Pompa poate men\u021bine o temperatur\u0103 confortabil\u0103 chiar \u0219i \u00een condi\u021bii de frig extrem.<\/li>\n<li><strong>Ap\u0103 cald\u0103 menajer\u0103<\/strong>: Dispozitivul poate fi conectat la sistemul de ap\u0103 cald\u0103, elimin\u00e2nd necesitatea boilerelor electrice.<\/li>\n<li><strong>R\u0103cire<\/strong>:\u00a0<em>De asemenea<\/em>, vara, pompa func\u021bioneaz\u0103 pentru r\u0103cire, asigur\u00e2nd confortul \u00een sezonul cald.<\/li>\n<\/ul>\n<h3><span class=\"ez-toc-section\" id=\"Independenta_de_combustibil\"><\/span><strong>Independen\u021b\u0103 de combustibil<\/strong><span class=\"ez-toc-section-end\"><\/span><\/h3>\n<ul>\n<li>Sistemul nu depinde de livrarea de gaz, lemne sau c\u0103rbune, fiind ideal pentru zone \u00eendep\u0103rtate sau autonome din punct de vedere energetic.<\/li>\n<\/ul>\n<h3><span class=\"ez-toc-section\" id=\"Functionare_sigura_la_temperaturi_scazute\"><\/span><strong>Func\u021bionare sigur\u0103 la temperaturi sc\u0103zute<\/strong><span class=\"ez-toc-section-end\"><\/span><\/h3>\n<ul>\n<li>Modelele moderne pot func\u021biona eficient chiar \u0219i la temperaturi de p\u00e2n\u0103 la <strong>-20\u00b0C<\/strong>.<\/li>\n<\/ul>\n<h3><span class=\"ez-toc-section\" id=\"Comparativ_cu_alte_sisteme\"><\/span><strong>Comparativ cu alte sisteme<\/strong><span class=\"ez-toc-section-end\"><\/span><\/h3>\n<table style=\"width: 39.8093%\" border=\"1\">\n<thead>\n<tr>\n<th style=\"width: 16.8341%\">Caracteristici<\/th>\n<th style=\"width: 36.6578%\">Pompa de c\u0103ldur\u0103 aer\u2011ap\u0103<\/th>\n<th style=\"width: 18.9635%\">Cazane pe gaze<\/th>\n<th style=\"width: 22.4876%\">Cazane electrice<\/th>\n<\/tr>\n<\/thead>\n<tbody>\n<tr>\n<td style=\"width: 16.8341%\">Energie regenerabil\u0103<\/td>\n<td style=\"width: 36.6578%;text-align: center\">\u2705<\/td>\n<td style=\"width: 18.9635%;text-align: center\">\u274c<\/td>\n<td style=\"width: 22.4876%;text-align: center\">\u274c<\/td>\n<\/tr>\n<tr>\n<td style=\"width: 16.8341%\">Costuri de combustibil<\/td>\n<td style=\"width: 36.6578%;text-align: center\">\u274c<\/td>\n<td style=\"width: 18.9635%;text-align: center\">\u2705<\/td>\n<td style=\"width: 22.4876%;text-align: center\">\u2705<\/td>\n<\/tr>\n<tr>\n<td style=\"width: 16.8341%\">Eficien\u021b\u0103 energetic\u0103<\/td>\n<td style=\"width: 36.6578%;text-align: center\">\u2705<\/td>\n<td style=\"width: 18.9635%;text-align: center\">Medie<\/td>\n<td style=\"width: 22.4876%;text-align: center\">Sc\u0103zut\u0103<\/td>\n<\/tr>\n<tr>\n<td style=\"width: 16.8341%\">Eco-friendly<\/td>\n<td style=\"width: 36.6578%;text-align: center\">\u2705<\/td>\n<td style=\"width: 18.9635%;text-align: center\">\u274c<\/td>\n<td style=\"width: 22.4876%;text-align: center\">Mediu<\/td>\n<\/tr>\n<\/tbody>\n<\/table>\n<h2><span class=\"ez-toc-section\" id=\"De_ce_sa_alegi_pompa_de_caldura_aer-apa_50_kW_EVI_SPLIT_DC\"><\/span>De ce s\u0103 alegi pompa de caldura aer-apa 50 kW EVI SPLIT DC?<span class=\"ez-toc-section-end\"><\/span><\/h2>\n<ul>\n<li>Versatilitate: Versiunile <strong>SPLIT<\/strong> sunt potrivite pentru orice condi\u021bii.<\/li>\n<li>Economii de energie: Reduce semnificativ costurile de \u00eenc\u0103lzire \u0219i r\u0103cire.<\/li>\n<li>Eco-friendly: Siguran\u021b\u0103 pentru mediu datorit\u0103 agentului frigorific.<\/li>\n<li>Fiabilitate: Func\u021bioneaz\u0103 \u00een cele mai dure condi\u021bii climatice.<\/li>\n<\/ul>\n<p>Oferim o gam\u0103 complet\u0103 de servicii pentru pompele de c\u0103ldur\u0103, pentru a asigura confortul dumneavoastr\u0103 pe tot parcursul anului:<\/p>\n<ul>\n<li>Produc\u021bie: <span style=\"color: #0000ff\"><strong>Suntem produc\u0103tori de pompe de c\u0103ldur\u0103<\/strong><\/span>. Dispozitivul vine direct de la fabric\u0103.<\/li>\n<li>V\u00e2nzare: O gam\u0103 larg\u0103 de pompe de c\u0103ldur\u0103 asamblate \u00een Moldova \u0219i Rom\u00e2nia. Ajut\u0103m s\u0103 g\u0103si\u021bi solu\u021bia perfect\u0103 pentru nevoile dvs.<\/li>\n<li>Montaj: Instalare profesional\u0103, adaptat\u0103 casei sau afacerii dvs.<\/li>\n<li>Servicii: \u00centre\u021binere periodic\u0103 \u0219i asisten\u021b\u0103 rapid\u0103 pentru func\u021bionare stabil\u0103 \u0219i pe termen lung.<\/li>\n<li>Garan\u021bie: \u00cen perioada de garan\u021bie, beneficia\u021bi de diagnosticare \u0219i repara\u021bii gratuite.<\/li>\n<\/ul>\n<p>Conform <a href=\"https:\/\/www.irena.org\/\" target=\"_new\" rel=\"noopener\">Agen\u021biei Interna\u021bionale pentru Energie Regenerabil\u0103 (IRENA)<\/a>, pompele de c\u0103ldur\u0103 sunt unele dintre cele mai eficiente solu\u021bii pentru \u00eenc\u0103lzire. <span style=\"color: #ff0000\"><strong>FABRICAT \u00ceN MOLDOVA.<\/strong><\/span><\/p>\n","protected":false},"excerpt":{"rendered":"<h4><span style=\"color: #800080;\">Modelul AWHP50SDCH3<\/span><\/h4>\n<ul>\n<li>Putere termic\u0103: <strong>50 kW.<\/strong><\/li>\n<li>Pompa de c\u0103ldur\u0103 industrial\u0103. Sistem cu module separate (<strong>SPLIT<\/strong>).<\/li>\n<li>Func\u021bie de injec\u021bie de vapori sau f\u0103r\u0103\u00a0 (<span style=\"color: #008000;\"><strong>EVI<\/strong><\/span>), acces de la distan\u021b\u0103.<\/li>\n<li>Pentru \u00eenc\u0103lzirea spa\u021biilor p\u00e2n\u0103 la <span style=\"color: #0000ff;\"><strong>600 m\u00b2<\/strong><\/span>.<\/li>\n<li>Alimentare 380 V, 50 Hz.<\/li>\n<\/ul>\n<p><span style=\"color: #ff0000;\"><strong>Produc\u021bie Republica Moldova.<\/strong><\/span><\/p>\n","protected":false},"featured_media":2423,"comment_status":"open","ping_status":"closed","template":"","meta":{"_acf_changed":false,"_kad_post_transparent":"default","_kad_post_title":"","_kad_post_layout":"default","_kad_post_sidebar_id":"","_kad_post_content_style":"default","_kad_post_vertical_padding":"default","_kad_post_feature":"","_kad_post_feature_position":"","_kad_post_header":false,"_kad_post_footer":false},"product_brand":[198],"product_cat":[440],"product_tag":[199,186,213,214,215,203,204,205,206,207,209,210],"class_list":{"0":"post-3062","1":"product","2":"type-product","3":"status-publish","4":"has-post-thumbnail","6":"product_brand-altal","7":"product_cat-aer-apa-evi-split-dc","8":"product_tag-20c","9":"product_tag-85c","10":"product_tag-50-kw","11":"product_tag-600-2","12":"product_tag-aprovizionare-cu-apa","13":"product_tag-dc","14":"product_tag-evi","15":"product_tag-in-chisinau","16":"product_tag-in-moldova","17":"product_tag-pompa-de-caldura-aer-apa","18":"product_tag-racire","19":"product_tag-split","20":"pa_compresor-dc-invertor","21":"pa_injectie-cu-vapori-evi-injectie-cu-vapori","22":"pa_model-split","23":"pa_putere-termica-kw-50-kw","24":"pa_suprafata-de-incalzire--363","25":"pa_temperatura-apei--75c","26":"pa_tip-pompa-de-caldura-aer-apa","28":"first","29":"instock","30":"featured","31":"taxable","32":"shipping-taxable","33":"purchasable","34":"product-type-simple","35":"entry","36":"content-bg","37":"loop-entry"},"acf":[],"_links":{"self":[{"href":"https:\/\/altal.ro\/ro\/wp-json\/wp\/v2\/product\/3062","targetHints":{"allow":["GET"]}}],"collection":[{"href":"https:\/\/altal.ro\/ro\/wp-json\/wp\/v2\/product"}],"about":[{"href":"https:\/\/altal.ro\/ro\/wp-json\/wp\/v2\/types\/product"}],"replies":[{"embeddable":true,"href":"https:\/\/altal.ro\/ro\/wp-json\/wp\/v2\/comments?post=3062"}],"version-history":[{"count":9,"href":"https:\/\/altal.ro\/ro\/wp-json\/wp\/v2\/product\/3062\/revisions"}],"predecessor-version":[{"id":7619,"href":"https:\/\/altal.ro\/ro\/wp-json\/wp\/v2\/product\/3062\/revisions\/7619"}],"wp:featuredmedia":[{"embeddable":true,"href":"https:\/\/altal.ro\/ro\/wp-json\/wp\/v2\/media\/2423"}],"wp:attachment":[{"href":"https:\/\/altal.ro\/ro\/wp-json\/wp\/v2\/media?parent=3062"}],"wp:term":[{"taxonomy":"product_brand","embeddable":true,"href":"https:\/\/altal.ro\/ro\/wp-json\/wp\/v2\/product_brand?post=3062"},{"taxonomy":"product_cat","embeddable":true,"href":"https:\/\/altal.ro\/ro\/wp-json\/wp\/v2\/product_cat?post=3062"},{"taxonomy":"product_tag","embeddable":true,"href":"https:\/\/altal.ro\/ro\/wp-json\/wp\/v2\/product_tag?post=3062"}],"curies":[{"name":"wp","href":"https:\/\/api.w.org\/{rel}","templated":true}]}}