{"id":3059,"date":"2025-06-16T00:29:22","date_gmt":"2025-06-16T00:29:22","guid":{"rendered":"https:\/\/altal.ro\/?post_type=product&#038;p=3059"},"modified":"2025-07-23T01:55:54","modified_gmt":"2025-07-22T22:55:54","slug":"aer-apa-25-kw-split-dc","status":"publish","type":"product","link":"https:\/\/altal.ro\/ro\/aer-apa-25-kw-split-dc\/","title":{"rendered":"Pompa de c\u0103ldur\u0103 aer-ap\u0103 25 kW SPLIT DC"},"content":{"rendered":"<div id=\"ez-toc-container\" class=\"ez-toc-v2_0_82_2 counter-hierarchy ez-toc-counter ez-toc-grey ez-toc-container-direction\">\n<div class=\"ez-toc-title-container\">\n<p class=\"ez-toc-title\" style=\"cursor:inherit\">Cuprins<\/p>\n<span class=\"ez-toc-title-toggle\"><a href=\"#\" class=\"ez-toc-pull-right ez-toc-btn ez-toc-btn-xs ez-toc-btn-default ez-toc-toggle\" aria-label=\"Toggle Table of Content\"><span class=\"ez-toc-js-icon-con\"><span class=\"\"><span class=\"eztoc-hide\" style=\"display:none;\">Toggle<\/span><span class=\"ez-toc-icon-toggle-span\"><svg style=\"fill: #999;color:#999\" xmlns=\"http:\/\/www.w3.org\/2000\/svg\" class=\"list-377408\" width=\"20px\" height=\"20px\" viewBox=\"0 0 24 24\" fill=\"none\"><path d=\"M6 6H4v2h2V6zm14 0H8v2h12V6zM4 11h2v2H4v-2zm16 0H8v2h12v-2zM4 16h2v2H4v-2zm16 0H8v2h12v-2z\" fill=\"currentColor\"><\/path><\/svg><svg style=\"fill: #999;color:#999\" class=\"arrow-unsorted-368013\" xmlns=\"http:\/\/www.w3.org\/2000\/svg\" width=\"10px\" height=\"10px\" viewBox=\"0 0 24 24\" version=\"1.2\" baseProfile=\"tiny\"><path d=\"M18.2 9.3l-6.2-6.3-6.2 6.3c-.2.2-.3.4-.3.7s.1.5.3.7c.2.2.4.3.7.3h11c.3 0 .5-.1.7-.3.2-.2.3-.5.3-.7s-.1-.5-.3-.7zM5.8 14.7l6.2 6.3 6.2-6.3c.2-.2.3-.5.3-.7s-.1-.5-.3-.7c-.2-.2-.4-.3-.7-.3h-11c-.3 0-.5.1-.7.3-.2.2-.3.5-.3.7s.1.5.3.7z\"\/><\/svg><\/span><\/span><\/span><\/a><\/span><\/div>\n<nav><ul class='ez-toc-list ez-toc-list-level-1 ' ><li class='ez-toc-page-1 ez-toc-heading-level-2'><a class=\"ez-toc-link ez-toc-heading-1\" href=\"https:\/\/altal.ro\/ro\/aer-apa-25-kw-split-dc\/#Pompa_de_caldura_aer-apa_25_kW_SPLIT_DC\">Pompa de c\u0103ldur\u0103 aer-ap\u0103 25 kW SPLIT DC<\/a><\/li><li class='ez-toc-page-1 ez-toc-heading-level-2'><a class=\"ez-toc-link ez-toc-heading-2\" href=\"https:\/\/altal.ro\/ro\/aer-apa-25-kw-split-dc\/#Caracteristici\">Caracteristici<\/a><ul class='ez-toc-list-level-4' ><li class='ez-toc-heading-level-4'><ul class='ez-toc-list-level-4' ><li class='ez-toc-heading-level-4'><a class=\"ez-toc-link ez-toc-heading-3\" href=\"https:\/\/altal.ro\/ro\/aer-apa-25-kw-split-dc\/#Performanta_ridicata\">Performan\u021b\u0103 ridicat\u0103<\/a><\/li><li class='ez-toc-page-1 ez-toc-heading-level-4'><a class=\"ez-toc-link ez-toc-heading-4\" href=\"https:\/\/altal.ro\/ro\/aer-apa-25-kw-split-dc\/#Eficienta_energetica\">Eficien\u021b\u0103 energetic\u0103<\/a><\/li><li class='ez-toc-page-1 ez-toc-heading-level-4'><a class=\"ez-toc-link ez-toc-heading-5\" href=\"https:\/\/altal.ro\/ro\/aer-apa-25-kw-split-dc\/#Rezistenta_la_temperaturi_scazute\">Rezisten\u021b\u0103 la temperaturi sc\u0103zute<\/a><\/li><li class='ez-toc-page-1 ez-toc-heading-level-4'><a class=\"ez-toc-link ez-toc-heading-6\" href=\"https:\/\/altal.ro\/ro\/aer-apa-25-kw-split-dc\/#Automatizare_si_control\">Automatizare \u0219i control<\/a><\/li><li class='ez-toc-page-1 ez-toc-heading-level-4'><a class=\"ez-toc-link ez-toc-heading-7\" href=\"https:\/\/altal.ro\/ro\/aer-apa-25-kw-split-dc\/#Versatilitate_in_utilizare\">Versatilitate \u00een utilizare<\/a><\/li><\/ul><\/li><li class='ez-toc-page-1 ez-toc-heading-level-3'><a class=\"ez-toc-link ez-toc-heading-8\" href=\"https:\/\/altal.ro\/ro\/aer-apa-25-kw-split-dc\/#Avantajele_pompei_de_caldura\">Avantajele pompei de c\u0103ldur\u0103<\/a><ul class='ez-toc-list-level-4' ><li class='ez-toc-heading-level-4'><a class=\"ez-toc-link ez-toc-heading-9\" href=\"https:\/\/altal.ro\/ro\/aer-apa-25-kw-split-dc\/#Eco-friendly\">Eco-friendly<\/a><\/li><li class='ez-toc-page-1 ez-toc-heading-level-4'><a class=\"ez-toc-link ez-toc-heading-10\" href=\"https:\/\/altal.ro\/ro\/aer-apa-25-kw-split-dc\/#Costuri_de_operare_reduse\">Costuri de operare reduse<\/a><\/li><li class='ez-toc-page-1 ez-toc-heading-level-4'><a class=\"ez-toc-link ez-toc-heading-11\" href=\"https:\/\/altal.ro\/ro\/aer-apa-25-kw-split-dc\/#Durabilitate_si_fiabilitate\">Durabilitate \u0219i fiabilitate<\/a><\/li><li class='ez-toc-page-1 ez-toc-heading-level-4'><a class=\"ez-toc-link ez-toc-heading-12\" href=\"https:\/\/altal.ro\/ro\/aer-apa-25-kw-split-dc\/#Usurinta_in_instalare\">U\u0219urin\u021b\u0103 \u00een instalare<\/a><\/li><\/ul><\/li><li class='ez-toc-page-1 ez-toc-heading-level-3'><a class=\"ez-toc-link ez-toc-heading-13\" href=\"https:\/\/altal.ro\/ro\/aer-apa-25-kw-split-dc\/#Aplicatii\">Aplica\u021bii<\/a><\/li><li class='ez-toc-page-1 ez-toc-heading-level-3'><a class=\"ez-toc-link ez-toc-heading-14\" href=\"https:\/\/altal.ro\/ro\/aer-apa-25-kw-split-dc\/#Independenta_de_combustibil\">Independen\u021b\u0103 de combustibil<\/a><\/li><li class='ez-toc-page-1 ez-toc-heading-level-3'><a class=\"ez-toc-link ez-toc-heading-15\" href=\"https:\/\/altal.ro\/ro\/aer-apa-25-kw-split-dc\/#Sprijin_pentru_functionare_stabila_la_temperaturi_de_inghet\">Sprijin pentru func\u021bionare stabil\u0103 la temperaturi de \u00eenghe\u021b<\/a><\/li><li class='ez-toc-page-1 ez-toc-heading-level-3'><a class=\"ez-toc-link ez-toc-heading-16\" href=\"https:\/\/altal.ro\/ro\/aer-apa-25-kw-split-dc\/#Comparativ_cu_alte_sisteme\">Comparativ cu alte sisteme<\/a><\/li><\/ul><\/li><li class='ez-toc-page-1 ez-toc-heading-level-2'><a class=\"ez-toc-link ez-toc-heading-17\" href=\"https:\/\/altal.ro\/ro\/aer-apa-25-kw-split-dc\/#De_ce_sa_alegi_pompa_de_caldura_aer-apa_25_kW_SPLIT_DC_AWHP25SDCE3\">De ce s\u0103 alegi pompa de c\u0103ldur\u0103 aer-ap\u0103 25 kW SPLIT DC\u00a0AWHP25SDCE3?<\/a><\/li><\/ul><\/nav><\/div>\n\n<h2><span class=\"ez-toc-section\" id=\"Pompa_de_caldura_aer-apa_25_kW_SPLIT_DC\"><\/span><span style=\"font-size: 24pt\">Pompa de c\u0103ldur\u0103 aer-ap\u0103 25 kW SPLIT DC<\/span><span class=\"ez-toc-section-end\"><\/span><\/h2>\n<p>\u2014 este o solu\u021bie modern\u0103 \u0219i fiabil\u0103 pentru \u00eenc\u0103lzirea \u0219i r\u0103cirea spa\u021biilor. <em>\u00cen primul r\u00e2nd<\/em>, utilizeaz\u0103 c\u0103ldura aerului \u00eenconjur\u0103tor, ceea ce permite reducerea semnificativ\u0103 a costurilor de \u00eenc\u0103lzire. <em>\u00cen plus<\/em>, pompa de c\u0103ldur\u0103 aer-ap\u0103 25 kW SPLIT DC demonstreaz\u0103 o eficien\u021b\u0103 ridicat\u0103 chiar \u0219i la temperaturi exterioare sc\u0103zute, f\u0103c\u00e2nd-o potrivit\u0103 pentru diverse condi\u021bii climatice.<\/p>\n<hr \/>\n<h2><span class=\"ez-toc-section\" id=\"Caracteristici\"><\/span><strong>Caracteristici<\/strong><span class=\"ez-toc-section-end\"><\/span><\/h2>\n<h4><span class=\"ez-toc-section\" id=\"Performanta_ridicata\"><\/span><strong>Performan\u021b\u0103 ridicat\u0103<\/strong><span class=\"ez-toc-section-end\"><\/span><\/h4>\n<p><a href=\"https:\/\/altalheat.com\/ro\/katalog\/teplovye-nasosy\/vozduh-voda\/\" target=\"_blank\" rel=\"noopener\"><strong>Pompa de c\u0103ldur\u0103 aer-ap\u0103 25 kW SPLIT DC model\u00a0 AWHP25SDCE3\u00a0 <\/strong><\/a>poate \u00eenc\u0103lzi \u0219i r\u0103ci spa\u021bii de la <strong>120 la 280 m\u00b2<\/strong>. <em>Astfel<\/em>, este ideal\u0103 at\u00e2t pentru case private, c\u00e2t \u0219i pentru mici birouri sau \u00eentreprinderi. <em>De asemenea<\/em>, modelul asigur\u0103 un confort termic stabil iarna \u0219i r\u0103coare vara, f\u0103c\u00e2ndu-l o alegere versatil\u0103. Prin utilizarea panourilor solare electrice, se poate ob\u021bine un sistem cu costuri zero pentru \u00eenc\u0103lzire, r\u0103cire \u0219i prepararea apei calde.<\/p>\n<h4><span class=\"ez-toc-section\" id=\"Eficienta_energetica\"><\/span><strong>Eficien\u021b\u0103 energetic\u0103<\/strong><span class=\"ez-toc-section-end\"><\/span><\/h4>\n<p><strong>Pompa de c\u0103ldur\u0103 aer-ap\u0103 25 kW SPLIT DC<\/strong>\u00a0are un coeficient de performan\u021b\u0103 (COP) ridicat, care adesea dep\u0103\u0219e\u0219te valoarea <strong> &gt; 4.2<\/strong> atunci c\u00e2nd se folose\u0219te sistemul <span style=\"color: #0000ff\"><strong>EVI<\/strong><\/span>. <em>Cu alte cuvinte<\/em>, fiecare kilowatt de energie consumat\u0103 se transform\u0103 \u00een mai mul\u021bi kilowa\u021bi de c\u0103ldur\u0103. <em>Prin urmare<\/em>, utilizarea unui astfel de dispozitiv reduce semnificativ cheltuielile opera\u021bionale.<\/p>\n<h4><span class=\"ez-toc-section\" id=\"Rezistenta_la_temperaturi_scazute\"><\/span><strong>Rezisten\u021b\u0103 la temperaturi sc\u0103zute<\/strong><span class=\"ez-toc-section-end\"><\/span><\/h4>\n<p><strong>Pompa de c\u0103ldur\u0103 aer-ap\u0103 25 kW SPLIT DC<\/strong>\u00a0poate func\u021biona la temperaturi de p\u00e2n\u0103 la <span style=\"color: #ff0000\"><strong>-25 \u00b0C<\/strong><\/span>. <em>Mul\u021bumit\u0103 acestui fapt<\/em>, asigur\u0103 o func\u021bionare stabil\u0103 chiar \u0219i \u00een cele mai dure condi\u021bii de iarn\u0103. <em>Acest lucru devine posibil<\/em> datorit\u0103 tehnologiilor moderne, cum ar fi <strong><a href=\"https:\/\/www.hpac.com\/training\/article\/21244075\/refrigeration-basics-vapor-injection-and-the-refrigeration-cycle\" target=\"_blank\" rel=\"noopener\">sistemul EVI (injec\u021bie de vapori)<\/a> <\/strong><span style=\"color: #008000\">\u00a0<\/span>\u0219i controlului invertor. Modelele pot fi furnizate \u0219i cu alte tipuri de agen\u021bi frigorifici.<\/p>\n<h4><span class=\"ez-toc-section\" id=\"Automatizare_si_control\"><\/span><strong>Automatizare \u0219i control<\/strong><span class=\"ez-toc-section-end\"><\/span><\/h4>\n<p><em>\u00cen plus<\/em>, multe modele <a href=\"https:\/\/altalheat.com\/ro\/katalog\/teplovye-nasosy\/grunt-voda\/\" target=\"_blank\" rel=\"noopener\"><strong>pompe de c\u0103ldur\u0103 aer-ap\u0103<\/strong><\/a> pot fi integrate \u00een sistemele de cas\u0103 inteligent\u0103. <em>Astfel<\/em>, utilizatorul are posibilitatea s\u0103 controleze dispozitivul prin aplica\u021bii mobile sau controlere speciale.<\/p>\n<h4><span class=\"ez-toc-section\" id=\"Versatilitate_in_utilizare\"><\/span><strong>Versatilitate \u00een utilizare<\/strong><span class=\"ez-toc-section-end\"><\/span><\/h4>\n<p><a href=\"https:\/\/altalheat.com\/ro\/katalog\/teplovye-nasosy\/vozduh-voda\/\" target=\"_blank\" rel=\"noopener\"><strong>Pompa de c\u0103ldur\u0103 aer-ap\u0103 25 kW SPLIT DC<\/strong><\/a>\u00a0nu este destinat\u0103 doar pentru \u00eenc\u0103lzire, ci \u0219i pentru r\u0103cire. <em>De asemenea<\/em>, poate fi utilizat\u0103 pentru \u00eenc\u0103lzirea apei, men\u021bin\u00e2nd o temperatur\u0103 confortabil\u0103 \u00een baie sau buc\u0103t\u0103rie.<\/p>\n<hr \/>\n<h3><span class=\"ez-toc-section\" id=\"Avantajele_pompei_de_caldura\"><\/span><strong>Avantajele pompei de c\u0103ldur\u0103<\/strong><span class=\"ez-toc-section-end\"><\/span><\/h3>\n<h4><span class=\"ez-toc-section\" id=\"Eco-friendly\"><\/span><strong>Eco-friendly<\/strong><span class=\"ez-toc-section-end\"><\/span><\/h4>\n<p><strong>Pompa de c\u0103ldur\u0103 aer-ap\u0103 25 kW SPLIT DC <\/strong>nu emite dioxid de carbon \u00een atmosfer\u0103, <em>de aceea<\/em> este considerat o solu\u021bie ecologic\u0103. <em>\u00cen plus<\/em>, ajut\u0103 la reducerea amprentei de carbon, ceea ce este deosebit de important pentru utilizatorii responsabili.<\/p>\n<h4><span class=\"ez-toc-section\" id=\"Costuri_de_operare_reduse\"><\/span><strong>Costuri de operare reduse<\/strong><span class=\"ez-toc-section-end\"><\/span><\/h4>\n<p>Spre deosebire de cazanele tradi\u021bionale, pompa de c\u0103ldur\u0103 aer-ap\u0103 folose\u0219te p\u00e2n\u0103 la 75% din energie gratuit\u0103 din aer. <em>Astfel<\/em>, func\u021bionarea sa necesit\u0103 costuri mult mai mici pentru resurse energetice, cum ar fi gazul sau electricitatea.<\/p>\n<h4><span class=\"ez-toc-section\" id=\"Durabilitate_si_fiabilitate\"><\/span><strong>Durabilitate \u0219i fiabilitate<\/strong><span class=\"ez-toc-section-end\"><\/span><\/h4>\n<p><em>Mai mult<\/em>, durata de via\u021b\u0103 a pompei de c\u0103ldur\u0103 ajunge la <strong>&gt; 15-25 de ani<\/strong> cu o utilizare corect\u0103. <em>Prin urmare<\/em>, reprezint\u0103 o investi\u021bie pe termen lung, care asigur\u0103 economii semnificative.<\/p>\n<h4><span class=\"ez-toc-section\" id=\"Usurinta_in_instalare\"><\/span><strong>U\u0219urin\u021b\u0103 \u00een instalare<\/strong><span class=\"ez-toc-section-end\"><\/span><\/h4>\n<p>Sistemele aer-ap\u0103 necesit\u0103 mai pu\u021bine costuri pentru instalare dec\u00e2t modelele similare <strong><a href=\"https:\/\/altalheat.com\/ro\/katalog\/teplovye-nasosy\/grunt-voda\/\" target=\"_blank\" rel=\"noopener\">sol-ap\u0103<\/a><\/strong>. <em>Prin urmare<\/em>, sunt mai accesibile pentru majoritatea consumatorilor. Totu\u0219i, trebuie s\u0103 \u021bine\u021bi cont \u0219i de sc\u0103derea capacit\u0103\u021bii termice \u0219i a eficien\u021bei la temperaturi exterioare sc\u0103zute (consulta\u021bi graficele).<\/p>\n<hr \/>\n<h3><span class=\"ez-toc-section\" id=\"Aplicatii\"><\/span><strong>Aplica\u021bii<\/strong><span class=\"ez-toc-section-end\"><\/span><\/h3>\n<ul>\n<li><strong>\u00cenc\u0103lzire<\/strong>: Pompa poate men\u021bine o temperatur\u0103 confortabil\u0103 chiar \u0219i \u00een condi\u021bii reci.<\/li>\n<li><strong>Apa cald\u0103 menajer\u0103<\/strong>: Dispozitivul poate fi conectat la sistemul de ap\u0103 cald\u0103, elimin\u00e2nd necesitatea utiliz\u0103rii boilerelor electrice.<\/li>\n<li><strong>R\u0103cire<\/strong>: <em>De asemenea<\/em>, vara pompa func\u021bioneaz\u0103 pentru r\u0103cire, asigur\u00e2nd confort \u00een sezonul cald.<\/li>\n<\/ul>\n<h3><span class=\"ez-toc-section\" id=\"Independenta_de_combustibil\"><\/span><strong>Independen\u021b\u0103 de combustibil<\/strong><span class=\"ez-toc-section-end\"><\/span><\/h3>\n<ul>\n<li>Sistemul nu depinde de aprovizionarea cu gaze, lemne sau c\u0103rbune, ceea ce este important \u00een zone \u00eendep\u0103rtate sau independente energetic.<\/li>\n<\/ul>\n<h3><span class=\"ez-toc-section\" id=\"Sprijin_pentru_functionare_stabila_la_temperaturi_de_inghet\"><\/span><strong>Sprijin pentru func\u021bionare stabil\u0103 la temperaturi de \u00eenghe\u021b<\/strong><span class=\"ez-toc-section-end\"><\/span><\/h3>\n<ul>\n<li>Modelele moderne pot func\u021biona eficient chiar \u0219i la temperaturi ale aerului de p\u00e2n\u0103 la <strong>-25\u00b0C<\/strong>.<\/li>\n<\/ul>\n<h3><span class=\"ez-toc-section\" id=\"Comparativ_cu_alte_sisteme\"><\/span>Comparativ cu alte sisteme<span class=\"ez-toc-section-end\"><\/span><\/h3>\n<table style=\"width: 58.0607%\" border=\"1\">\n<thead>\n<tr>\n<th style=\"width: 23.7552%\">Caracteristici<\/th>\n<th style=\"width: 30.3488%\">Pompa de c\u0103ldur\u0103 aer-ap\u0103<\/th>\n<th style=\"width: 23.034%\">Cazane pe gaz<\/th>\n<th style=\"width: 52.1003%\">Cazane electrice<\/th>\n<\/tr>\n<\/thead>\n<tbody>\n<tr>\n<td style=\"width: 23.7552%\">Energie regenerabil\u0103<\/td>\n<td style=\"width: 30.3488%\">\u2705<\/td>\n<td style=\"width: 23.034%\">\u274c<\/td>\n<td style=\"width: 52.1003%\">\u274c<\/td>\n<\/tr>\n<tr>\n<td style=\"width: 23.7552%\">Costuri cu combustibilul<\/td>\n<td style=\"width: 30.3488%\">\u274c<\/td>\n<td style=\"width: 23.034%\">\u2705<\/td>\n<td style=\"width: 52.1003%\">\u2705<\/td>\n<\/tr>\n<tr>\n<td style=\"width: 23.7552%\">Eficien\u021b\u0103 energetic\u0103<\/td>\n<td style=\"width: 30.3488%\">\u2705<\/td>\n<td style=\"width: 23.034%\">Medie<\/td>\n<td style=\"width: 52.1003%\">Sc\u0103zut\u0103<\/td>\n<\/tr>\n<tr>\n<td style=\"width: 23.7552%\">Ecologicitate<\/td>\n<td style=\"width: 30.3488%\">\u2705<\/td>\n<td style=\"width: 23.034%\">\u274c<\/td>\n<td style=\"width: 52.1003%\">Medie<\/td>\n<\/tr>\n<\/tbody>\n<\/table>\n<h2><span class=\"ez-toc-section\" id=\"De_ce_sa_alegi_pompa_de_caldura_aer-apa_25_kW_SPLIT_DC_AWHP25SDCE3\"><\/span>De ce s\u0103 alegi <strong>pompa de c\u0103ldur\u0103 aer-ap\u0103 25 kW SPLIT DC<\/strong>\u00a0AWHP25SDCE3?<span class=\"ez-toc-section-end\"><\/span><\/h2>\n<ul>\n<li>Versatilitate: Versiunile <strong>SPLIT<\/strong> sunt potrivite pentru orice condi\u021bii.<\/li>\n<li>Efici\u021b\u0103 energetic\u0103: Economie semnificativ\u0103 la costurile de \u00eenc\u0103lzire \u0219i r\u0103cire.<\/li>\n<li>Eco-friendly: Siguran\u021b\u0103 pentru mediu.<\/li>\n<li>Fiabilitate: Dispozitivul func\u021bioneaz\u0103 \u00een cele mai dure condi\u021bii climatice.<\/li>\n<\/ul>\n<p>Oferim o gam\u0103 complet\u0103 de servicii pentru pompe de c\u0103ldur\u0103, pentru a v\u0103 asigura confortul tot anul:<\/p>\n<ul>\n<li>Produc\u021bie: <span style=\"color: #0000ff\"><strong>Suntem produc\u0103tori de pompe de c\u0103ldur\u0103<\/strong><\/span>. Dispozitivele vin direct de la fabric\u0103.<\/li>\n<li>V\u00e2nzare: Alegere larg\u0103 de pompe de c\u0103ldur\u0103 realizate de noi \u00een Moldova \u0219i Rom\u00e2nia. V\u0103 ajut\u0103m s\u0103 g\u0103si\u021bi solu\u021bia perfect\u0103 pentru nevoile dvs.<\/li>\n<li>Instalare: Montaj profesionist, adaptat la specificul casei sau afacerii dumneavoastr\u0103.<\/li>\n<li>Servicii de \u00eentre\u021binere: \u00cengrijire tehnic\u0103 regulat\u0103 \u0219i suport rapid pentru func\u021bionare durabil\u0103 \u0219i stabil\u0103.<\/li>\n<li>Garan\u021bie: <strong>Pe durata perioadei de garan\u021bie, beneficia\u021bi de diagnosticare \u0219i repara\u021bii gratuite<\/strong><\/li>\n<\/ul>\n<p>Conform <a href=\"https:\/\/www.irena.org\/\" target=\"_new\" rel=\"noopener\">agen\u021biei interna\u021bionale pentru energii regenerabile (IRENA)<\/a>, pompele de c\u0103ldur\u0103 sunt unele dintre cele mai eficiente modalit\u0103\u021bi de \u00eenc\u0103lzire. \u00cen Moldova, pute\u021bi cump\u0103ra direct de la produc\u0103tor o pompa de c\u0103ldur\u0103 aer-ap\u0103 25 kW SPLIT DC. <span style=\"color: #ff0000\"><strong>FABRICAT \u00ceN MOLDOVA.<\/strong><\/span><\/p>\n<hr \/>\n","protected":false},"excerpt":{"rendered":"<h4><span style=\"color: #800080;\">Modelul AWHP25SDCE3<\/span><\/h4>\n<ul>\n<li>Sistem cu module separate (<strong>SPLIT<\/strong>).<\/li>\n<li>Temperatura de func\u021bionare: p\u00e2n\u0103 la <span style=\"color: #ff0000;\">&#8211;<\/span><strong><span style=\"color: #ff0000;\">25\u00b0C<\/span><\/strong>.<\/li>\n<li>Temperatura de ie\u0219ire a apei p\u00e2n\u0103 la <strong><span style=\"color: #ff0000;\">+60\u00b0C<\/span><\/strong>.<\/li>\n<li>Func\u021bie de injec\u021bie de vapori (<strong>EVI<\/strong>),<\/li>\n<li>Compresor:\u00a0 <strong>invertor DC<\/strong><\/li>\n<li>Pentru \u00eenc\u0103lzirea spa\u021biilor p\u00e2n\u0103 la <strong>280 m\u00b2<\/strong>.<\/li>\n<li>Alimentare 380 V, 50 Hz.<\/li>\n<\/ul>\n<p><strong>Pompa de c\u0103ldur\u0103 func\u021bioneaz\u0103 f\u0103r\u0103 rezisten\u021b\u0103 electric\u0103 auxiliar\u0103. Toat\u0103 puterea termic\u0103 este produs\u0103 exclusiv de compresorul pompei de c\u0103ldur\u0103.<\/strong><\/p>\n<p><span style=\"color: #ff0000;\"><strong>Produs \u00een Republica Moldova.<\/strong><\/span><\/p>\n","protected":false},"featured_media":2419,"comment_status":"open","ping_status":"closed","template":"","meta":{"_acf_changed":false,"_kad_post_transparent":"default","_kad_post_title":"","_kad_post_layout":"default","_kad_post_sidebar_id":"","_kad_post_content_style":"default","_kad_post_vertical_padding":"default","_kad_post_feature":"","_kad_post_feature_position":"","_kad_post_header":false,"_kad_post_footer":false},"product_brand":[198],"product_cat":[440],"product_tag":[216,226,342,203,204,205,206,190,207,225,209,210],"class_list":{"0":"post-3059","1":"product","2":"type-product","3":"status-publish","4":"has-post-thumbnail","6":"product_brand-altal","7":"product_cat-aer-apa-evi-split-dc","8":"product_tag-25c","9":"product_tag-25-kw","10":"product_tag-280-2","11":"product_tag-dc","12":"product_tag-evi","13":"product_tag-in-chisinau","14":"product_tag-in-moldova","15":"product_tag-pompa-de-caldura","16":"product_tag-pompa-de-caldura-aer-apa","17":"product_tag-r290","18":"product_tag-racire","19":"product_tag-split","20":"pa_compresor-dc-invertor","21":"pa_injectie-cu-vapori-evi-injectie-cu-vapori","22":"pa_model-split","23":"pa_putere-termica-kw-25-kw","24":"pa_suprafata-de-incalzire--357","25":"pa_temperatura-apei--60c","26":"pa_tip-pompa-de-caldura-aer-apa","28":"first","29":"instock","30":"featured","31":"taxable","32":"shipping-taxable","33":"purchasable","34":"product-type-simple","35":"entry","36":"content-bg","37":"loop-entry"},"acf":[],"_links":{"self":[{"href":"https:\/\/altal.ro\/ro\/wp-json\/wp\/v2\/product\/3059","targetHints":{"allow":["GET"]}}],"collection":[{"href":"https:\/\/altal.ro\/ro\/wp-json\/wp\/v2\/product"}],"about":[{"href":"https:\/\/altal.ro\/ro\/wp-json\/wp\/v2\/types\/product"}],"replies":[{"embeddable":true,"href":"https:\/\/altal.ro\/ro\/wp-json\/wp\/v2\/comments?post=3059"}],"version-history":[{"count":7,"href":"https:\/\/altal.ro\/ro\/wp-json\/wp\/v2\/product\/3059\/revisions"}],"predecessor-version":[{"id":7622,"href":"https:\/\/altal.ro\/ro\/wp-json\/wp\/v2\/product\/3059\/revisions\/7622"}],"wp:featuredmedia":[{"embeddable":true,"href":"https:\/\/altal.ro\/ro\/wp-json\/wp\/v2\/media\/2419"}],"wp:attachment":[{"href":"https:\/\/altal.ro\/ro\/wp-json\/wp\/v2\/media?parent=3059"}],"wp:term":[{"taxonomy":"product_brand","embeddable":true,"href":"https:\/\/altal.ro\/ro\/wp-json\/wp\/v2\/product_brand?post=3059"},{"taxonomy":"product_cat","embeddable":true,"href":"https:\/\/altal.ro\/ro\/wp-json\/wp\/v2\/product_cat?post=3059"},{"taxonomy":"product_tag","embeddable":true,"href":"https:\/\/altal.ro\/ro\/wp-json\/wp\/v2\/product_tag?post=3059"}],"curies":[{"name":"wp","href":"https:\/\/api.w.org\/{rel}","templated":true}]}}