{"id":3053,"date":"2025-06-16T00:29:22","date_gmt":"2025-06-16T00:29:22","guid":{"rendered":"https:\/\/altal.ro\/?post_type=product&#038;p=3053"},"modified":"2025-07-23T01:58:06","modified_gmt":"2025-07-22T22:58:06","slug":"aer-apa-19-kw-awhp19mf3","status":"publish","type":"product","link":"https:\/\/altal.ro\/ro\/aer-apa-19-kw-awhp19mf3\/","title":{"rendered":"Pomp\u0103 de c\u0103ldur\u0103 aer-ap\u0103 19 kW AWHP19MF3"},"content":{"rendered":"<div id=\"ez-toc-container\" class=\"ez-toc-v2_0_82_2 counter-hierarchy ez-toc-counter ez-toc-grey ez-toc-container-direction\">\n<div class=\"ez-toc-title-container\">\n<p class=\"ez-toc-title\" style=\"cursor:inherit\">Cuprins<\/p>\n<span class=\"ez-toc-title-toggle\"><a href=\"#\" class=\"ez-toc-pull-right ez-toc-btn ez-toc-btn-xs ez-toc-btn-default ez-toc-toggle\" aria-label=\"Toggle Table of Content\"><span class=\"ez-toc-js-icon-con\"><span class=\"\"><span class=\"eztoc-hide\" style=\"display:none;\">Toggle<\/span><span class=\"ez-toc-icon-toggle-span\"><svg style=\"fill: #999;color:#999\" xmlns=\"http:\/\/www.w3.org\/2000\/svg\" class=\"list-377408\" width=\"20px\" height=\"20px\" viewBox=\"0 0 24 24\" fill=\"none\"><path d=\"M6 6H4v2h2V6zm14 0H8v2h12V6zM4 11h2v2H4v-2zm16 0H8v2h12v-2zM4 16h2v2H4v-2zm16 0H8v2h12v-2z\" fill=\"currentColor\"><\/path><\/svg><svg style=\"fill: #999;color:#999\" class=\"arrow-unsorted-368013\" xmlns=\"http:\/\/www.w3.org\/2000\/svg\" width=\"10px\" height=\"10px\" viewBox=\"0 0 24 24\" version=\"1.2\" baseProfile=\"tiny\"><path d=\"M18.2 9.3l-6.2-6.3-6.2 6.3c-.2.2-.3.4-.3.7s.1.5.3.7c.2.2.4.3.7.3h11c.3 0 .5-.1.7-.3.2-.2.3-.5.3-.7s-.1-.5-.3-.7zM5.8 14.7l6.2 6.3 6.2-6.3c.2-.2.3-.5.3-.7s-.1-.5-.3-.7c-.2-.2-.4-.3-.7-.3h-11c-.3 0-.5.1-.7.3-.2.2-.3.5-.3.7s.1.5.3.7z\"\/><\/svg><\/span><\/span><\/span><\/a><\/span><\/div>\n<nav><ul class='ez-toc-list ez-toc-list-level-1 ' ><li class='ez-toc-page-1 ez-toc-heading-level-2'><a class=\"ez-toc-link ez-toc-heading-1\" href=\"https:\/\/altal.ro\/ro\/aer-apa-19-kw-awhp19mf3\/#Pompa_de_caldura_aer-apa_19_kW_AWHP19MF3\">Pomp\u0103 de c\u0103ldur\u0103 aer-ap\u0103 19 kW AWHP19MF3<\/a><\/li><li class='ez-toc-page-1 ez-toc-heading-level-2'><a class=\"ez-toc-link ez-toc-heading-2\" href=\"https:\/\/altal.ro\/ro\/aer-apa-19-kw-awhp19mf3\/#Caracteristici_ale_modelului_aer-apa_19_kW_AWHP19MF3\">Caracteristici ale modelului aer-ap\u0103 19 kW AWHP19MF3<\/a><ul class='ez-toc-list-level-3' ><li class='ez-toc-heading-level-3'><a class=\"ez-toc-link ez-toc-heading-3\" href=\"https:\/\/altal.ro\/ro\/aer-apa-19-kw-awhp19mf3\/#Eficienta_ridicata_si_fiabilitate\">Eficien\u021b\u0103 ridicat\u0103 \u0219i fiabilitate<\/a><\/li><\/ul><\/li><li class='ez-toc-page-1 ez-toc-heading-level-2'><a class=\"ez-toc-link ez-toc-heading-4\" href=\"https:\/\/altal.ro\/ro\/aer-apa-19-kw-awhp19mf3\/#Eficienta_energetica_remarcabila\">Eficien\u021b\u0103 energetic\u0103 remarcabil\u0103<\/a><\/li><li class='ez-toc-page-1 ez-toc-heading-level-2'><a class=\"ez-toc-link ez-toc-heading-5\" href=\"https:\/\/altal.ro\/ro\/aer-apa-19-kw-awhp19mf3\/#Functionare_in_conditii_extreme\">Func\u021bionare \u00een condi\u021bii extreme<\/a><\/li><li class='ez-toc-page-1 ez-toc-heading-level-2'><a class=\"ez-toc-link ez-toc-heading-6\" href=\"https:\/\/altal.ro\/ro\/aer-apa-19-kw-awhp19mf3\/#Automatizare_si_integrare_smart\">Automatizare \u0219i integrare smart<\/a><\/li><li class='ez-toc-page-1 ez-toc-heading-level-2'><a class=\"ez-toc-link ez-toc-heading-7\" href=\"https:\/\/altal.ro\/ro\/aer-apa-19-kw-awhp19mf3\/#Utilizare_versatila\">Utilizare versatil\u0103<\/a><\/li><li class='ez-toc-page-1 ez-toc-heading-level-2'><a class=\"ez-toc-link ez-toc-heading-8\" href=\"https:\/\/altal.ro\/ro\/aer-apa-19-kw-awhp19mf3\/#Avantajele_pompei_de_caldura_AWHP19MF3\">Avantajele pompei de c\u0103ldur\u0103 AWHP19MF3<\/a><ul class='ez-toc-list-level-3' ><li class='ez-toc-heading-level-3'><a class=\"ez-toc-link ez-toc-heading-9\" href=\"https:\/\/altal.ro\/ro\/aer-apa-19-kw-awhp19mf3\/#%E2%99%BB%EF%B8%8F_Ecologica\">\u267b\ufe0f Ecologic\u0103<\/a><\/li><li class='ez-toc-page-1 ez-toc-heading-level-3'><a class=\"ez-toc-link ez-toc-heading-10\" href=\"https:\/\/altal.ro\/ro\/aer-apa-19-kw-awhp19mf3\/#%F0%9F%92%B0_Costuri_reduse\">\ud83d\udcb0 Costuri reduse<\/a><\/li><li class='ez-toc-page-1 ez-toc-heading-level-3'><a class=\"ez-toc-link ez-toc-heading-11\" href=\"https:\/\/altal.ro\/ro\/aer-apa-19-kw-awhp19mf3\/#%F0%9F%9B%A0_Fiabilitate_si_durabilitate\">\ud83d\udee0 Fiabilitate \u0219i durabilitate<\/a><\/li><li class='ez-toc-page-1 ez-toc-heading-level-3'><a class=\"ez-toc-link ez-toc-heading-12\" href=\"https:\/\/altal.ro\/ro\/aer-apa-19-kw-awhp19mf3\/#%F0%9F%94%A7_Instalare_simpla\">\ud83d\udd27 Instalare simpl\u0103<\/a><\/li><\/ul><\/li><li class='ez-toc-page-1 ez-toc-heading-level-2'><a class=\"ez-toc-link ez-toc-heading-13\" href=\"https:\/\/altal.ro\/ro\/aer-apa-19-kw-awhp19mf3\/#Domenii_de_utilizare\">Domenii de utilizare<\/a><\/li><li class='ez-toc-page-1 ez-toc-heading-level-2'><a class=\"ez-toc-link ez-toc-heading-14\" href=\"https:\/\/altal.ro\/ro\/aer-apa-19-kw-awhp19mf3\/#De_ce_sa_alegi_pompa_de_caldura_aer-apa_19_kW_AWHP19MF3\">De ce s\u0103 alegi pompa de c\u0103ldur\u0103 aer-ap\u0103 19 kW AWHP19MF3?<\/a><\/li><li class='ez-toc-page-1 ez-toc-heading-level-2'><a class=\"ez-toc-link ez-toc-heading-15\" href=\"https:\/\/altal.ro\/ro\/aer-apa-19-kw-awhp19mf3\/#Servicii_complete_ALTAL_GRUP\">Servicii complete ALTAL GRUP:<\/a><\/li><\/ul><\/nav><\/div>\n\n<h2 data-start=\"186\" data-end=\"228\"><span class=\"ez-toc-section\" id=\"Pompa_de_caldura_aer-apa_19_kW_AWHP19MF3\"><\/span>Pomp\u0103 de c\u0103ldur\u0103 aer-ap\u0103 19 kW AWHP19MF3<span class=\"ez-toc-section-end\"><\/span><\/h2>\n<p data-start=\"230\" data-end=\"472\"><a href=\"https:\/\/altalheat.com\" target=\"_blank\" rel=\"noopener\">Pompa de c\u0103ldur\u0103<\/a> aer-ap\u0103 19 kW AWHP19MF3 este o solu\u021bie modern\u0103 \u0219i fiabil\u0103 pentru \u00eenc\u0103lzirea \u0219i r\u0103cirea spa\u021biilor reziden\u021biale \u0219i comerciale. Ea utilizeaz\u0103 energia termic\u0103 din aerul ambiental, <a href=\"https:\/\/altal.ro\/blog\/\">reduc\u00e2nd semnificativ costurile pentru \u00eenc\u0103lzire<\/a>.<\/p>\n<p data-start=\"474\" data-end=\"552\"><strong data-start=\"474\" data-end=\"489\">Alimentare:<\/strong> 380 Vol\u021bi, 50 Hz, compresor cu tura\u021bie fix\u0103, unitate monobloc.<\/p>\n<p data-start=\"554\" data-end=\"670\">Acest model este disponibil cu sau f\u0103r\u0103 injec\u021bie de vapori (EVI). \u00cen mod implicit, modelul este livrat <strong data-start=\"657\" data-end=\"669\">f\u0103r\u0103 EVI<\/strong>.<\/p>\n<p data-start=\"672\" data-end=\"942\">Contacta\u021bi-ne dac\u0103 ave\u021bi nevoie de func\u021bia EVI (Enhanced Vapor Injection \u2013 <a class=\"\" href=\"#\" rel=\"noopener\" data-start=\"747\" data-end=\"763\">citi\u021bi aici<\/a>). Cu tehnologia EVI activat\u0103, sistemul cre\u0219te eficien\u021ba general\u0103, func\u021bion\u00e2nd la temperaturi de p\u00e2n\u0103 la <strong>-25\u00b0C &#8230; -30\u00b0C<\/strong> cu agent frigorific R290, livr\u00e2nd ap\u0103 cald\u0103 p\u00e2n\u0103 la +75\u00b0C.<\/p>\n<hr data-start=\"944\" data-end=\"947\" \/>\n<h2 data-start=\"949\" data-end=\"1004\"><span class=\"ez-toc-section\" id=\"Caracteristici_ale_modelului_aer-apa_19_kW_AWHP19MF3\"><\/span>Caracteristici ale modelului aer-ap\u0103 19 kW AWHP19MF3<span class=\"ez-toc-section-end\"><\/span><\/h2>\n<h3 data-start=\"1006\" data-end=\"1043\"><span class=\"ez-toc-section\" id=\"Eficienta_ridicata_si_fiabilitate\"><\/span>Eficien\u021b\u0103 ridicat\u0103 \u0219i fiabilitate<span class=\"ez-toc-section-end\"><\/span><\/h3>\n<p data-start=\"1045\" data-end=\"1223\">Pompa de c\u0103ldur\u0103 aer-ap\u0103 FIX 19 kW AWHP19MF3 poate \u00eenc\u0103lzi sau r\u0103ci spa\u021bii de la <strong data-start=\"1126\" data-end=\"1150\">90 m\u00b2 p\u00e2n\u0103 la 210 m\u00b2<\/strong>, fiind ideal\u0103 pentru case, birouri mici, ateliere, pensiuni sau bazine.<\/p>\n<p data-start=\"1225\" data-end=\"1445\">Sistemul ofer\u0103 <strong data-start=\"1240\" data-end=\"1267\">c\u0103ldur\u0103 constant\u0103 iarna<\/strong> \u0219i <strong data-start=\"1271\" data-end=\"1287\">r\u0103coare vara<\/strong>, fiind o solu\u021bie versatil\u0103 pentru orice sezon. \u00cen plus, fiabilitatea este ridicat\u0103, deoarece nu include pl\u0103ci electronice complexe precum modelele inverter.<\/p>\n<p data-start=\"1447\" data-end=\"1658\">De asemenea, eficien\u021ba total\u0103 este <strong data-start=\"1482\" data-end=\"1520\">mai mare dec\u00e2t a pompelor inverter<\/strong>, datorit\u0103 <strong data-start=\"1531\" data-end=\"1571\">absen\u021bei consumului \u00een modul standby<\/strong>. Un inverter electronic standard consum\u0103 \u00eentre 500\u2013650 W \u00een gol pentru aceast\u0103 putere.<\/p>\n<blockquote data-start=\"1660\" data-end=\"1846\">\n<p data-start=\"1662\" data-end=\"1846\">\u26a0\ufe0f <strong data-start=\"1665\" data-end=\"1677\">Aten\u021bie:<\/strong> \u00cen cazul pompelor monobloc, este necesar\u0103 utilizarea unei <strong data-start=\"1736\" data-end=\"1768\">surse secundare de \u00eenc\u0103lzire<\/strong> pentru sezonul rece. Tot sistemul trebuie umplut cu <strong data-start=\"1821\" data-end=\"1845\">agent termic antigel<\/strong>!<\/p>\n<\/blockquote>\n<p data-start=\"1848\" data-end=\"2002\">\u00cen combina\u021bie cu <strong data-start=\"1865\" data-end=\"1889\">panouri fotovoltaice<\/strong>, se poate ob\u021bine un sistem cu costuri de exploatare aproape nule pentru \u00eenc\u0103lzire, r\u0103cire \u0219i ap\u0103 cald\u0103 menajer\u0103.<\/p>\n<hr data-start=\"2004\" data-end=\"2007\" \/>\n<h2 data-start=\"2009\" data-end=\"2044\"><span class=\"ez-toc-section\" id=\"Eficienta_energetica_remarcabila\"><\/span>Eficien\u021b\u0103 energetic\u0103 remarcabil\u0103<span class=\"ez-toc-section-end\"><\/span><\/h2>\n<p data-start=\"2046\" data-end=\"2225\">Pompa aer-ap\u0103 AWHP19MF3 are un <strong data-start=\"2077\" data-end=\"2116\">COP (coeficient de performan\u021b\u0103) &gt; 4<\/strong>, folosind agen\u021bi frigorifici precum R290, R417C sau R407 (implicit R407), \u00een condi\u021bii climatice favorabile.<\/p>\n<p data-start=\"2227\" data-end=\"2364\">Cu alte cuvinte, <strong data-start=\"2244\" data-end=\"2323\">1 kW de energie electric\u0103 este transformat \u00een peste 4 kW de energie termic\u0103<\/strong>, reduc\u00e2nd semnificativ facturile lunare.<\/p>\n<hr data-start=\"2366\" data-end=\"2369\" \/>\n<h2 data-start=\"2371\" data-end=\"2405\"><span class=\"ez-toc-section\" id=\"Functionare_in_conditii_extreme\"><\/span>Func\u021bionare \u00een condi\u021bii extreme<span class=\"ez-toc-section-end\"><\/span><\/h2>\n<p data-start=\"2407\" data-end=\"2576\">Aceast\u0103 pomp\u0103 de c\u0103ldur\u0103 func\u021bioneaz\u0103 eficient p\u00e2n\u0103 la -15\u00b0C, iar cu tehnologia EVI activat\u0103 \u2013 p\u00e2n\u0103 la <strong data-start=\"2510\" data-end=\"2529\">-25\u00b0C &#8230; -30\u00b0C<\/strong>, fiind ideal\u0103 pentru regiunile cu ierni aspre.<\/p>\n<hr data-start=\"2578\" data-end=\"2581\" \/>\n<h2 data-start=\"2583\" data-end=\"2617\"><span class=\"ez-toc-section\" id=\"Automatizare_si_integrare_smart\"><\/span>Automatizare \u0219i integrare smart<span class=\"ez-toc-section-end\"><\/span><\/h2>\n<p data-start=\"2619\" data-end=\"2817\">Pompa aer-ap\u0103 AWHP19MF3 poate fi integrat\u0103 cu <strong data-start=\"2665\" data-end=\"2708\">sisteme inteligente de tip \u201esmart home\u201d<\/strong>. Controlul prin aplica\u021bie mobil\u0103 sau panou digital v\u0103 ofer\u0103 confort total \u0219i control complet de la distan\u021b\u0103.<\/p>\n<hr data-start=\"2819\" data-end=\"2822\" \/>\n<h2 data-start=\"2824\" data-end=\"2846\"><span class=\"ez-toc-section\" id=\"Utilizare_versatila\"><\/span>Utilizare versatil\u0103<span class=\"ez-toc-section-end\"><\/span><\/h2>\n<p data-start=\"2848\" data-end=\"2898\">Pompa de c\u0103ldur\u0103 aer-ap\u0103 19 kW este ideal\u0103 pentru:<\/p>\n<ul data-start=\"2900\" data-end=\"3079\">\n<li data-start=\"2900\" data-end=\"2943\">\n<p data-start=\"2902\" data-end=\"2943\"><strong data-start=\"2902\" data-end=\"2915\">\u00cenc\u0103lzire<\/strong> eficient\u0103 \u00een timpul iernii;<\/p>\n<\/li>\n<li data-start=\"2944\" data-end=\"3013\">\n<p data-start=\"2946\" data-end=\"3013\"><strong data-start=\"2946\" data-end=\"2968\">Ap\u0103 cald\u0103 menajer\u0103<\/strong>, elimin\u00e2nd necesitatea boilerelor electrice;<\/p>\n<\/li>\n<li data-start=\"3014\" data-end=\"3079\">\n<p data-start=\"3016\" data-end=\"3079\"><strong data-start=\"3016\" data-end=\"3026\">R\u0103cire<\/strong> vara, oferind un climat confortabil \u00een sezonul cald.<\/p>\n<\/li>\n<\/ul>\n<hr data-start=\"3081\" data-end=\"3084\" \/>\n<h2 data-start=\"3086\" data-end=\"3127\"><span class=\"ez-toc-section\" id=\"Avantajele_pompei_de_caldura_AWHP19MF3\"><\/span>Avantajele pompei de c\u0103ldur\u0103 AWHP19MF3<span class=\"ez-toc-section-end\"><\/span><\/h2>\n<h3 data-start=\"3129\" data-end=\"3145\"><span class=\"ez-toc-section\" id=\"%E2%99%BB%EF%B8%8F_Ecologica\"><\/span>\u267b\ufe0f Ecologic\u0103<span class=\"ez-toc-section-end\"><\/span><\/h3>\n<p data-start=\"3147\" data-end=\"3371\">Pompa func\u021bioneaz\u0103 f\u0103r\u0103 emisii directe de CO\u2082 \u0219i utilizeaz\u0103 energie regenerabil\u0103 din aerul \u00eenconjur\u0103tor. Utilizarea agentului frigorific R290 (op\u021bional) asigur\u0103 compatibilitate cu standardele moderne de protec\u021bie a mediului.<\/p>\n<h3 data-start=\"3373\" data-end=\"3394\"><span class=\"ez-toc-section\" id=\"%F0%9F%92%B0_Costuri_reduse\"><\/span>\ud83d\udcb0 Costuri reduse<span class=\"ez-toc-section-end\"><\/span><\/h3>\n<p data-start=\"3396\" data-end=\"3562\">P\u00e2n\u0103 la <strong data-start=\"3404\" data-end=\"3453\">75% din energie este preluat\u0103 gratuit din aer<\/strong>, ceea ce face ca aceast\u0103 solu\u021bie s\u0103 fie mult mai accesibil\u0103 \u00een timp dec\u00e2t cazanele pe gaz, lemn sau c\u0103rbune.<\/p>\n<h3 data-start=\"3564\" data-end=\"3598\"><span class=\"ez-toc-section\" id=\"%F0%9F%9B%A0_Fiabilitate_si_durabilitate\"><\/span>\ud83d\udee0 Fiabilitate \u0219i durabilitate<span class=\"ez-toc-section-end\"><\/span><\/h3>\n<p data-start=\"3600\" data-end=\"3743\">Cu o durat\u0103 de via\u021b\u0103 de <strong data-start=\"3624\" data-end=\"3637\">15\u201320 ani<\/strong> \u0219i mentenan\u021b\u0103 minim\u0103, pompa de c\u0103ldur\u0103 reprezint\u0103 o <strong data-start=\"3690\" data-end=\"3719\">investi\u021bie pe termen lung<\/strong> \u00een confortul locuin\u021bei.<\/p>\n<h3 data-start=\"3745\" data-end=\"3768\"><span class=\"ez-toc-section\" id=\"%F0%9F%94%A7_Instalare_simpla\"><\/span>\ud83d\udd27 Instalare simpl\u0103<span class=\"ez-toc-section-end\"><\/span><\/h3>\n<p data-start=\"3770\" data-end=\"3995\">Sistemele aer-ap\u0103 sunt <strong data-start=\"3793\" data-end=\"3829\">mai u\u0219or de montat \u0219i \u00eentre\u021binut<\/strong> dec\u00e2t cele sol-ap\u0103, necesit\u00e2nd costuri ini\u021biale mai mici. Cu toate acestea, performan\u021ba poate sc\u0103dea la temperaturi foarte joase \u2014 consulta\u021bi graficele de eficien\u021b\u0103.<\/p>\n<hr data-start=\"3997\" data-end=\"4000\" \/>\n<h2 data-start=\"4002\" data-end=\"4025\"><span class=\"ez-toc-section\" id=\"Domenii_de_utilizare\"><\/span>Domenii de utilizare<span class=\"ez-toc-section-end\"><\/span><\/h2>\n<ul data-start=\"4027\" data-end=\"4286\">\n<li data-start=\"4027\" data-end=\"4072\">\n<p data-start=\"4029\" data-end=\"4072\">\u2705 \u00cenc\u0103lzire: confort termic constant iarna.<\/p>\n<\/li>\n<li data-start=\"4073\" data-end=\"4144\">\n<p data-start=\"4075\" data-end=\"4144\">\u2705 Ap\u0103 cald\u0103: alimentare a b\u0103ii \u0219i buc\u0103t\u0103riei f\u0103r\u0103 boiler suplimentar.<\/p>\n<\/li>\n<li data-start=\"4145\" data-end=\"4205\">\n<p data-start=\"4147\" data-end=\"4205\">\u2705 R\u0103cire: func\u021bioneaz\u0103 ca aer condi\u021bionat \u00een sezonul cald.<\/p>\n<\/li>\n<li data-start=\"4206\" data-end=\"4286\">\n<p data-start=\"4208\" data-end=\"4286\">\u2705 Independen\u021b\u0103: nu necesit\u0103 conectare la gaz, lemne sau re\u021bele de combustibil.<\/p>\n<\/li>\n<\/ul>\n<hr data-start=\"4288\" data-end=\"4291\" \/>\n<h2 data-start=\"4293\" data-end=\"4352\"><span class=\"ez-toc-section\" id=\"De_ce_sa_alegi_pompa_de_caldura_aer-apa_19_kW_AWHP19MF3\"><\/span>De ce s\u0103 alegi pompa de c\u0103ldur\u0103 aer-ap\u0103 19 kW AWHP19MF3?<span class=\"ez-toc-section-end\"><\/span><\/h2>\n<ul data-start=\"4354\" data-end=\"4608\">\n<li data-start=\"4354\" data-end=\"4407\">\n<p data-start=\"4356\" data-end=\"4407\">\ud83d\udd04 <strong data-start=\"4359\" data-end=\"4377\">Versatilitate:<\/strong> monobloc pentru uz universal.<\/p>\n<\/li>\n<li data-start=\"4408\" data-end=\"4469\">\n<p data-start=\"4410\" data-end=\"4469\">\u26a1 <strong data-start=\"4412\" data-end=\"4435\">Eficien\u021b\u0103 ridicat\u0103:<\/strong> economie substan\u021bial\u0103 de energie.<\/p>\n<\/li>\n<li data-start=\"4470\" data-end=\"4538\">\n<p data-start=\"4472\" data-end=\"4538\">\ud83c\udf0d <strong data-start=\"4475\" data-end=\"4492\">Eco-friendly:<\/strong> func\u021bioneaz\u0103 cu agen\u021bi frigorifici ecologici.<\/p>\n<\/li>\n<li data-start=\"4539\" data-end=\"4608\">\n<p data-start=\"4541\" data-end=\"4608\">\u2744\ufe0f <strong data-start=\"4544\" data-end=\"4575\">Fiabilitate \u00een ierni grele:<\/strong> func\u021bioneaz\u0103 \u0219i la -25\u00b0C cu EVI.<\/p>\n<\/li>\n<\/ul>\n<hr data-start=\"4610\" data-end=\"4613\" \/>\n<h2 data-start=\"4615\" data-end=\"4647\"><span class=\"ez-toc-section\" id=\"Servicii_complete_ALTAL_GRUP\"><\/span>Servicii complete ALTAL GRUP:<span class=\"ez-toc-section-end\"><\/span><\/h2>\n<p data-start=\"4649\" data-end=\"5015\">\ud83d\udd39 <strong data-start=\"4652\" data-end=\"4666\">Produc\u021bie:<\/strong> Echipamente fabricate \u00een Moldova \u2013 livrare direct din fabric\u0103.<br data-start=\"4729\" data-end=\"4732\" \/>\ud83d\udd39 <strong data-start=\"4735\" data-end=\"4747\">V\u00e2nzare:<\/strong> Gam\u0103 complet\u0103 de pompe produse local \u0219i \u00een Rom\u00e2nia.<br data-start=\"4799\" data-end=\"4802\" \/>\ud83d\udd39 <strong data-start=\"4805\" data-end=\"4816\">Montaj:<\/strong> Instalare profesional\u0103, adaptat\u0103 cl\u0103dirii \u0219i nevoilor dvs.<br data-start=\"4875\" data-end=\"4878\" \/>\ud83d\udd39 <strong data-start=\"4881\" data-end=\"4897\">\u00centre\u021binere:<\/strong> Mentenan\u021b\u0103 regulat\u0103 \u0219i interven\u021bii rapide.<br data-start=\"4940\" data-end=\"4943\" \/>\ud83d\udd39 <strong data-start=\"4946\" data-end=\"4959\">Garan\u021bie:<\/strong> Diagnoz\u0103 \u0219i repara\u021bii gratuite \u00een perioada de garan\u021bie.<\/p>\n<hr data-start=\"5017\" data-end=\"5020\" \/>\n<p data-start=\"5022\" data-end=\"5203\">\ud83d\udcca Potrivit <a class=\"\" href=\"https:\/\/www.irena.org\" target=\"_new\" rel=\"noopener\" data-start=\"5034\" data-end=\"5117\">IRENA \u2013 Agen\u021bia Interna\u021bional\u0103 pentru Energie Regenerabil\u0103<\/a>, pompele de c\u0103ldur\u0103 sunt printre cele mai eficiente solu\u021bii moderne pentru \u00eenc\u0103lzire.<\/p>\n<hr \/>\n<p>\u00a0<\/p>\n","protected":false},"excerpt":{"rendered":"<h2><span style=\"color: #993366;\">Model AWHP19MF3<\/span><\/h2>\n<p>Alimentare 380 Vol\u021bi, 50 Hz, compresor cu vitez\u0103 fix\u0103, monobloc, <strong>19 kW<\/strong>. Pentru \u00eenc\u0103lzirea spa\u021biilor de la <strong>90 la 210 m\u00b2<\/strong>. Agent frigorific R290 sau R407C.<\/p>\n<h3><span style=\"color: #ff0000;\"><strong>Fabricat \u00een Moldova.<\/strong><\/span><\/h3>\n","protected":false},"featured_media":3082,"comment_status":"closed","ping_status":"closed","template":"","meta":{"_acf_changed":false,"_kad_post_transparent":"default","_kad_post_title":"","_kad_post_layout":"default","_kad_post_sidebar_id":"","_kad_post_content_style":"default","_kad_post_vertical_padding":"default","_kad_post_feature":"","_kad_post_feature_position":"","_kad_post_header":false,"_kad_post_footer":false},"product_brand":[198],"product_cat":[343],"product_tag":[304,347,202,205,206,190,207,334,209,345],"class_list":{"0":"post-3053","1":"product","2":"type-product","3":"status-publish","4":"has-post-thumbnail","6":"product_brand-altal","7":"product_cat-aer-apa-fix","8":"product_tag-19-kw","9":"product_tag-210-m2","10":"product_tag-apa-calda-menajera","11":"product_tag-in-chisinau","12":"product_tag-in-moldova","13":"product_tag-pompa-de-caldura","14":"product_tag-pompa-de-caldura-aer-apa","15":"product_tag-pompa-de-caldura-monobloc","16":"product_tag-racire","17":"product_tag-viteza-fixa","18":"product_shipping_class-greutate-mare","20":"first","21":"instock","22":"featured","23":"taxable","24":"shipping-taxable","25":"purchasable","26":"product-type-simple","27":"entry","28":"content-bg","29":"loop-entry"},"acf":[],"_links":{"self":[{"href":"https:\/\/altal.ro\/ro\/wp-json\/wp\/v2\/product\/3053","targetHints":{"allow":["GET"]}}],"collection":[{"href":"https:\/\/altal.ro\/ro\/wp-json\/wp\/v2\/product"}],"about":[{"href":"https:\/\/altal.ro\/ro\/wp-json\/wp\/v2\/types\/product"}],"replies":[{"embeddable":true,"href":"https:\/\/altal.ro\/ro\/wp-json\/wp\/v2\/comments?post=3053"}],"version-history":[{"count":6,"href":"https:\/\/altal.ro\/ro\/wp-json\/wp\/v2\/product\/3053\/revisions"}],"predecessor-version":[{"id":7633,"href":"https:\/\/altal.ro\/ro\/wp-json\/wp\/v2\/product\/3053\/revisions\/7633"}],"wp:featuredmedia":[{"embeddable":true,"href":"https:\/\/altal.ro\/ro\/wp-json\/wp\/v2\/media\/3082"}],"wp:attachment":[{"href":"https:\/\/altal.ro\/ro\/wp-json\/wp\/v2\/media?parent=3053"}],"wp:term":[{"taxonomy":"product_brand","embeddable":true,"href":"https:\/\/altal.ro\/ro\/wp-json\/wp\/v2\/product_brand?post=3053"},{"taxonomy":"product_cat","embeddable":true,"href":"https:\/\/altal.ro\/ro\/wp-json\/wp\/v2\/product_cat?post=3053"},{"taxonomy":"product_tag","embeddable":true,"href":"https:\/\/altal.ro\/ro\/wp-json\/wp\/v2\/product_tag?post=3053"}],"curies":[{"name":"wp","href":"https:\/\/api.w.org\/{rel}","templated":true}]}}