{"id":3052,"date":"2025-06-16T00:29:21","date_gmt":"2025-06-16T00:29:21","guid":{"rendered":"https:\/\/altal.ro\/?post_type=product&#038;p=3052"},"modified":"2025-07-23T01:58:16","modified_gmt":"2025-07-22T22:58:16","slug":"aer-apa-15-kw-monobloc-fix","status":"publish","type":"product","link":"https:\/\/altal.ro\/ro\/aer-apa-15-kw-monobloc-fix\/","title":{"rendered":"Pomp\u0103 de c\u0103ldur\u0103 aer-ap\u0103 15 kW Monobloc FIX"},"content":{"rendered":"<div id=\"ez-toc-container\" class=\"ez-toc-v2_0_82_2 counter-hierarchy ez-toc-counter ez-toc-grey ez-toc-container-direction\">\n<div class=\"ez-toc-title-container\">\n<p class=\"ez-toc-title\" style=\"cursor:inherit\">Cuprins<\/p>\n<span class=\"ez-toc-title-toggle\"><a href=\"#\" class=\"ez-toc-pull-right ez-toc-btn ez-toc-btn-xs ez-toc-btn-default ez-toc-toggle\" aria-label=\"Toggle Table of Content\"><span class=\"ez-toc-js-icon-con\"><span class=\"\"><span class=\"eztoc-hide\" style=\"display:none;\">Toggle<\/span><span class=\"ez-toc-icon-toggle-span\"><svg style=\"fill: #999;color:#999\" xmlns=\"http:\/\/www.w3.org\/2000\/svg\" class=\"list-377408\" width=\"20px\" height=\"20px\" viewBox=\"0 0 24 24\" fill=\"none\"><path d=\"M6 6H4v2h2V6zm14 0H8v2h12V6zM4 11h2v2H4v-2zm16 0H8v2h12v-2zM4 16h2v2H4v-2zm16 0H8v2h12v-2z\" fill=\"currentColor\"><\/path><\/svg><svg style=\"fill: #999;color:#999\" class=\"arrow-unsorted-368013\" xmlns=\"http:\/\/www.w3.org\/2000\/svg\" width=\"10px\" height=\"10px\" viewBox=\"0 0 24 24\" version=\"1.2\" baseProfile=\"tiny\"><path d=\"M18.2 9.3l-6.2-6.3-6.2 6.3c-.2.2-.3.4-.3.7s.1.5.3.7c.2.2.4.3.7.3h11c.3 0 .5-.1.7-.3.2-.2.3-.5.3-.7s-.1-.5-.3-.7zM5.8 14.7l6.2 6.3 6.2-6.3c.2-.2.3-.5.3-.7s-.1-.5-.3-.7c-.2-.2-.4-.3-.7-.3h-11c-.3 0-.5.1-.7.3-.2.2-.3.5-.3.7s.1.5.3.7z\"\/><\/svg><\/span><\/span><\/span><\/a><\/span><\/div>\n<nav><ul class='ez-toc-list ez-toc-list-level-1 ' ><li class='ez-toc-page-1 ez-toc-heading-level-2'><a class=\"ez-toc-link ez-toc-heading-1\" href=\"https:\/\/altal.ro\/ro\/aer-apa-15-kw-monobloc-fix\/#Pompa_de_caldura_aer-apa_15_kW_Monobloc_FIX\">Pomp\u0103 de c\u0103ldur\u0103 aer-ap\u0103 15 kW Monobloc FIX<\/a><ul class='ez-toc-list-level-3' ><li class='ez-toc-heading-level-3'><a class=\"ez-toc-link ez-toc-heading-2\" href=\"https:\/\/altal.ro\/ro\/aer-apa-15-kw-monobloc-fix\/#Caracteristici_ale_modelului_aer-apa_15_kW_Monobloc_FIX\">Caracteristici ale modelului aer-ap\u0103 15 kW Monobloc FIX<\/a><ul class='ez-toc-list-level-4' ><li class='ez-toc-heading-level-4'><a class=\"ez-toc-link ez-toc-heading-3\" href=\"https:\/\/altal.ro\/ro\/aer-apa-15-kw-monobloc-fix\/#Performanta_ridicata\">Performan\u021b\u0103 ridicat\u0103<\/a><\/li><li class='ez-toc-page-1 ez-toc-heading-level-4'><a class=\"ez-toc-link ez-toc-heading-4\" href=\"https:\/\/altal.ro\/ro\/aer-apa-15-kw-monobloc-fix\/#Eficienta_energetica\">Eficien\u021b\u0103 energetic\u0103<\/a><\/li><li class='ez-toc-page-1 ez-toc-heading-level-4'><a class=\"ez-toc-link ez-toc-heading-5\" href=\"https:\/\/altal.ro\/ro\/aer-apa-15-kw-monobloc-fix\/#Rezistenta_la_temperaturi_scazute\">Rezisten\u021b\u0103 la temperaturi sc\u0103zute<\/a><\/li><li class='ez-toc-page-1 ez-toc-heading-level-4'><a class=\"ez-toc-link ez-toc-heading-6\" href=\"https:\/\/altal.ro\/ro\/aer-apa-15-kw-monobloc-fix\/#Automatizare_si_control\">Automatizare \u0219i control<\/a><\/li><li class='ez-toc-page-1 ez-toc-heading-level-4'><a class=\"ez-toc-link ez-toc-heading-7\" href=\"https:\/\/altal.ro\/ro\/aer-apa-15-kw-monobloc-fix\/#Versatilitate_in_utilizare\">Versatilitate \u00een utilizare<\/a><\/li><\/ul><\/li><li class='ez-toc-page-1 ez-toc-heading-level-3'><a class=\"ez-toc-link ez-toc-heading-8\" href=\"https:\/\/altal.ro\/ro\/aer-apa-15-kw-monobloc-fix\/#Beneficiile_pompei_de_caldura\">Beneficiile pompei de c\u0103ldur\u0103<\/a><ul class='ez-toc-list-level-4' ><li class='ez-toc-heading-level-4'><a class=\"ez-toc-link ez-toc-heading-9\" href=\"https:\/\/altal.ro\/ro\/aer-apa-15-kw-monobloc-fix\/#Eco-friendly\">Eco-friendly<\/a><\/li><li class='ez-toc-page-1 ez-toc-heading-level-4'><a class=\"ez-toc-link ez-toc-heading-10\" href=\"https:\/\/altal.ro\/ro\/aer-apa-15-kw-monobloc-fix\/#Costuri_de_operare_reduse\">Costuri de operare reduse<\/a><\/li><li class='ez-toc-page-1 ez-toc-heading-level-4'><a class=\"ez-toc-link ez-toc-heading-11\" href=\"https:\/\/altal.ro\/ro\/aer-apa-15-kw-monobloc-fix\/#Durata_lunga_de_viata_si_fiabilitate\">Durat\u0103 lung\u0103 de via\u021b\u0103 \u0219i fiabilitate<\/a><\/li><li class='ez-toc-page-1 ez-toc-heading-level-4'><a class=\"ez-toc-link ez-toc-heading-12\" href=\"https:\/\/altal.ro\/ro\/aer-apa-15-kw-monobloc-fix\/#Usurinta_instalarii\">U\u0219urin\u021ba instal\u0103rii<\/a><\/li><\/ul><\/li><li class='ez-toc-page-1 ez-toc-heading-level-3'><a class=\"ez-toc-link ez-toc-heading-13\" href=\"https:\/\/altal.ro\/ro\/aer-apa-15-kw-monobloc-fix\/#Utilizare\">Utilizare<\/a><\/li><\/ul><\/li><li class='ez-toc-page-1 ez-toc-heading-level-2'><a class=\"ez-toc-link ez-toc-heading-14\" href=\"https:\/\/altal.ro\/ro\/aer-apa-15-kw-monobloc-fix\/#De_ce_sa_alegi_Pompa_de_caldura_aer-apa_15_kW_Monobloc_FIX\">De ce s\u0103 alegi Pomp\u0103 de c\u0103ldur\u0103 aer-ap\u0103 15 kW Monobloc FIX?<\/a><ul class='ez-toc-list-level-4' ><li class='ez-toc-heading-level-4'><ul class='ez-toc-list-level-4' ><li class='ez-toc-heading-level-4'><a class=\"ez-toc-link ez-toc-heading-15\" href=\"https:\/\/altal.ro\/ro\/aer-apa-15-kw-monobloc-fix\/#Intrebari_frecvente\">\u00centreb\u0103ri frecvente<\/a><\/li><\/ul><\/li><li class='ez-toc-page-1 ez-toc-heading-level-3'><a class=\"ez-toc-link ez-toc-heading-16\" href=\"https:\/\/altal.ro\/ro\/aer-apa-15-kw-monobloc-fix\/#Pompa_de_caldura_aer-apa_15_kW_Monobloc_FIX-2\">Pomp\u0103 de c\u0103ldur\u0103 aer-ap\u0103 15 kW Monobloc FIX<\/a><\/li><\/ul><\/li><\/ul><\/nav><\/div>\n\n<h2><span class=\"ez-toc-section\" id=\"Pompa_de_caldura_aer-apa_15_kW_Monobloc_FIX\"><\/span>Pomp\u0103 de c\u0103ldur\u0103 aer-ap\u0103 15 kW Monobloc FIX<span class=\"ez-toc-section-end\"><\/span><\/h2>\n<p><strong>Pomp\u0103 de c\u0103ldur\u0103 aer-ap\u0103 15 kW Monobloc FIX, model AWHP15MF3<\/strong> \u2014 este o solu\u021bie modern\u0103 \u0219i fiabil\u0103 pentru \u00eenc\u0103lzirea \u0219i r\u0103cirea spa\u021biilor. <em>\u00cen primul r\u00e2nd<\/em>, utilizeaz\u0103 c\u0103ldura aerului \u00eenconjur\u0103tor, ceea ce permite reducerea semnificativ\u0103 a costurilor de \u00eenc\u0103lzire.<\/p>\n<ul>\n<li><strong><span style=\"color: #000080\">Alimentare 380V, 50Hz, compresor cu vitez\u0103 fix\u0103, monobloc.<\/span><\/strong><\/li>\n<li>Aceast\u0103 model poate fi cu injectare de vapori sau f\u0103r\u0103 (<strong>implicit &#8211; f\u0103r\u0103 EVI<\/strong>).<\/li>\n<li><strong>Pompa de c\u0103ldur\u0103 func\u021bioneaz\u0103 f\u0103r\u0103 rezisten\u021b\u0103 electric\u0103 auxiliar\u0103. <\/strong><\/li>\n<li><strong>Toat\u0103 puterea termic\u0103 este produs\u0103 exclusiv de compresorul pompei de c\u0103ldur\u0103.<\/strong><\/li>\n<\/ul>\n<ol>\n<li><a href=\"https:\/\/altal.ro\/merita-sa-cumperi-o-pompa-de-caldura\/\">Ce este o pomp\u0103 de c\u0103ldur\u0103?<\/a><\/li>\n<li><a href=\"https:\/\/altal.ro\/ce-pompa-de-caldura-sa-aleg\/\">Cum alegi o pomp\u0103 de c\u0103ldur\u0103 potrivit\u0103?<\/a><\/li>\n<li><a href=\"https:\/\/altal.ro\/pompe-de-caldura-altal\/\">Pre\u021buri pompe de c\u0103ldur\u0103 15 kW.<\/a><\/li>\n<\/ol>\n<p>Contacta\u021bi-ne dac\u0103 ave\u021bi nevoie de func\u021bia <strong>EVI<\/strong> (<strong><a href=\"https:\/\/www.hpac.com\/training\/article\/21244075\/refrigeration-basics-vapor-injection-and-the-refrigeration-cycle\" target=\"_blank\" rel=\"noopener\">Enhanced Vapor Injection &#8211; cite\u0219te aici<\/a><\/strong>) \u2014 injectare de vapori. <strong>Cu injectare de vapori<\/strong>, sistemul cre\u0219te randamentul \u0219i poate func\u021biona p\u00e2n\u0103 la <strong><span style=\"color: #0000ff\">-25\u00b0C &#8230; -30\u00b0C pe agentul frigorific R290, cu livrare de ap\u0103 cald\u0103 p\u00e2n\u0103 la +75\u00b0C<\/span><\/strong>.<\/p>\n<hr \/>\n<h3><span class=\"ez-toc-section\" id=\"Caracteristici_ale_modelului_aer-apa_15_kW_Monobloc_FIX\"><\/span><strong>Caracteristici ale modelului aer-ap\u0103 15 kW Monobloc FIX<\/strong><span class=\"ez-toc-section-end\"><\/span><\/h3>\n<h4><span class=\"ez-toc-section\" id=\"Performanta_ridicata\"><\/span><strong>Performan\u021b\u0103 ridicat\u0103<\/strong><span class=\"ez-toc-section-end\"><\/span><\/h4>\n<p><strong>Pomp\u0103 de c\u0103ldur\u0103 aer-ap\u0103 15 kW Monobloc FIX cu vitez\u0103 fix\u0103, model AWHP15MF3, alimentare 380V<\/strong> este capabil\u0103 s\u0103 \u00eenc\u0103lzeasc\u0103 \u0219i s\u0103 r\u0103ceasc\u0103 \u00eenc\u0103peri cu suprafa\u021ba de la <strong><span style=\"color: #0000ff\">65 p\u00e2n\u0103 la 170 m\u00b2<\/span><\/strong>. <em>Astfel<\/em>, este ideal\u0103 at\u00e2t pentru case particulare, c\u00e2t \u0219i pentru mici birouri, companii sau piscine. <em>De asemenea<\/em>, modelul asigur\u0103 un climat stabil at\u00e2t iarna, c\u00e2t \u0219i vara, fiind o alegere versatil\u0103. Aceast\u0103 aer-ap\u0103 15 kW Monobloc FIX este foarte fiabil\u0103 datorit\u0103 lipsei pl\u0103\u021bilor suplimentare de control \u0219i gestionare, precum \u00een cazul sistemelor inverter. Eficien\u021ba general\u0103 este mai mare dec\u00e2t a sistemelor inverter, din cauza lipsei consumului de energie \u00een modul de a\u0219teptare (standby). Un invertor obi\u0219nuit consum\u0103 \u00eentre 400 \u0219i 600 W pentru astfel de puteri. <strong><span style=\"color: #ff0000\">Aten\u021bie:<\/span> pentru sistemele de tip MONOBLOC, trebuie s\u0103 ave\u021bi surse secundare de c\u0103ldur\u0103 pentru iarn\u0103. \u00centregul sistem trebuie s\u0103 fie umplut cu lichid antifrizam!<\/strong> Prin utilizarea panourilor solare electrice, se poate ob\u021bine un sistem cu costuri zero pentru \u00eenc\u0103lzire, r\u0103cire \u0219i ap\u0103 cald\u0103.<\/p>\n<h4><span class=\"ez-toc-section\" id=\"Eficienta_energetica\"><\/span><strong>Eficien\u021b\u0103 energetic\u0103<\/strong><span class=\"ez-toc-section-end\"><\/span><\/h4>\n<p>Modelele\u00a0<a href=\"https:\/\/altal.ro\/pompe-de-caldura-altal\/\">aer-ap\u0103 15 kW Monobloc FIX<\/a>\u00a0<strong>AWHP15MF3<\/strong> au un coeficient de performan\u021b\u0103 (COP), care adesea dep\u0103\u0219e\u0219te valoarea &gt; 4, utiliz\u00e2nd refrigerantul <strong>R290<\/strong> sau\u00a0 <strong>R417C, R407 (implicit R407)<\/strong> \u00een condi\u021bii favorabile de mediu. <em>Cu alte cuvinte<\/em>, fiecare kilowatt de energie consumat\u0103 se transform\u0103 \u00een mai mul\u021bi kilowa\u021bi de c\u0103ldur\u0103. <em>Prin urmare<\/em>, utilizarea unui astfel de dispozitiv reduce semnificativ costurile de exploatare.<\/p>\n<h4><span class=\"ez-toc-section\" id=\"Rezistenta_la_temperaturi_scazute\"><\/span><strong>Rezisten\u021b\u0103 la temperaturi sc\u0103zute<\/strong><span class=\"ez-toc-section-end\"><\/span><\/h4>\n<p>Pomp\u0103 de c\u0103ldur\u0103 aer-ap\u0103 15 kW Monobloc FIX din aceast\u0103 categorie pot func\u021biona la temperaturi de p\u00e2n\u0103 la <span style=\"color: #008080\"><strong>-15\u00b0C (sau p\u00e2n\u0103 la -25\u00b0C &#8230; -30\u00b0C cu func\u021bia EVI)<\/strong><\/span>. <em>Datorit\u0103 acestui fapt<\/em>, asigur\u0103 func\u021bionare stabil\u0103 chiar \u0219i \u00een cele mai dure condi\u021bii de iarn\u0103.<\/p>\n<h4><span class=\"ez-toc-section\" id=\"Automatizare_si_control\"><\/span><strong>Automatizare \u0219i control<\/strong><span class=\"ez-toc-section-end\"><\/span><\/h4>\n<p><em>\u00cen plus<\/em>, multe modele\u00a0<a href=\"https:\/\/altal.ro\/pompe-de-caldura-altal\/\">aer-ap\u0103 15 kW Monobloc FIX<\/a>\u00a0pot fi integrate cu sisteme de cas\u0103 inteligent\u0103.\u00a0<em>Astfel<\/em>, utilizatorul poate controla dispozitivul prin aplica\u021bii mobile sau controlere speciale.<\/p>\n<h4><span class=\"ez-toc-section\" id=\"Versatilitate_in_utilizare\"><\/span><strong>Versatilitate \u00een utilizare<\/strong><span class=\"ez-toc-section-end\"><\/span><\/h4>\n<p><strong><a href=\"https:\/\/altal.ro\/aer-apa-fix\/\">Pomp\u0103 de c\u0103ldur\u0103<\/a><a href=\"https:\/\/altal.ro\/aer-apa-fix\/\"> aer-ap\u0103 15 kW Monobloc FIX<\/a>, AWHP15MF3<\/strong> este potrivit\u0103 nu doar pentru \u00eenc\u0103lzire, ci \u0219i pentru r\u0103cire a spa\u021biilor. <em>De asemenea<\/em>, poate fi utilizat\u0103 pentru \u00eenc\u0103lzirea apei, men\u021bin\u00e2nd o temperatur\u0103 confortabil\u0103 \u00een baie sau buc\u0103t\u0103rie.<\/p>\n<hr \/>\n<h3><span class=\"ez-toc-section\" id=\"Beneficiile_pompei_de_caldura\"><\/span><strong>Beneficiile pompei de c\u0103ldur\u0103<\/strong><span class=\"ez-toc-section-end\"><\/span><\/h3>\n<h4><span class=\"ez-toc-section\" id=\"Eco-friendly\"><\/span><strong>Eco-friendly<\/strong><span class=\"ez-toc-section-end\"><\/span><\/h4>\n<p>Pomp\u0103 de c\u0103ldur\u0103 aer-ap\u0103 15 kW Monobloc FIX, <strong>AWHP15MF3<\/strong> nu emite dioxid de carbon \u00een atmosfer\u0103, <em>de aceea<\/em>\u00a0ele sunt considerate solu\u021bie ecologic\u0103.\u00a0<em>De asemenea<\/em>, contribuie la reducerea amprentei de carbon, fiind deosebit de important\u0103 pentru utilizatorii responsabili.<\/p>\n<h4><span class=\"ez-toc-section\" id=\"Costuri_de_operare_reduse\"><\/span><strong>Costuri de operare reduse<\/strong><span class=\"ez-toc-section-end\"><\/span><\/h4>\n<p>Spre deosebire de cazanele tradi\u021bionale, aer-ap\u0103 15 kW Monobloc FIX <strong>15 kW<\/strong> folose\u0219te p\u00e2n\u0103 la 75% din energia gratuit\u0103 din aer, reduc\u00e2nd semnificativ costurile de exploatare, inclusiv pentru gaze \u0219i electricitate.<\/p>\n<h4><span class=\"ez-toc-section\" id=\"Durata_lunga_de_viata_si_fiabilitate\"><\/span><strong>Durat\u0103 lung\u0103 de via\u021b\u0103 \u0219i fiabilitate<\/strong><span class=\"ez-toc-section-end\"><\/span><\/h4>\n<p><em>\u00cen plus<\/em>, durata de via\u021b\u0103 a pompei de c\u0103ldur\u0103 poate dep\u0103\u0219i 15-20 de ani cu o utilizare corespunz\u0103toare. <em>Astfel<\/em>, reprezint\u0103 o investi\u021bie pe termen lung, cu beneficii economice substan\u021biale.<\/p>\n<h4><span class=\"ez-toc-section\" id=\"Usurinta_instalarii\"><\/span><strong>U\u0219urin\u021ba instal\u0103rii<\/strong><span class=\"ez-toc-section-end\"><\/span><\/h4>\n<p>Sistemele aer-ap\u0103 necesit\u0103 mai pu\u021bine costuri de instalare comparativ cu sistemele de tip sol-ap\u0103 <a href=\"https:\/\/altalheat.com\/ru\/katalog\/teplovye-nasosy\/grunt-voda\/\" target=\"_blank\" rel=\"noopener\">grount-voda<\/a>.\u00a0<em>De aceea<\/em>, sunt mai accesibile pentru majoritatea utilizatorilor. Totu\u0219i, trebuie s\u0103 \u021binem cont de reducerea performan\u021bei \u0219i eficien\u021bei pe m\u0103sur\u0103 ce scade temperatura exterioar\u0103 (consulta\u021bi graficele).<\/p>\n<hr \/>\n<h3><span class=\"ez-toc-section\" id=\"Utilizare\"><\/span>Utilizare<span class=\"ez-toc-section-end\"><\/span><\/h3>\n<ul>\n<li><strong>\u00cenc\u0103lzire<\/strong>: Pompa poate men\u021bine o temperatur\u0103 confortabil\u0103 chiar \u0219i \u00een condi\u021bii de frig extrem.<\/li>\n<li><strong>Ap\u0103 cald\u0103 menajer\u0103<\/strong>: Dispozitivul poate fi conectat la sistemul de ap\u0103 cald\u0103 menajer\u0103, elimin\u00e2nd necesitatea boilerelor electrice.<\/li>\n<li><strong>R\u0103cire<\/strong>:\u00a0<em>De asemenea<\/em>, vara pompa func\u021bioneaz\u0103 pentru r\u0103cire, asigur\u00e2nd confort \u00een sezonul cald.<\/li>\n<li>Sistemul nu depinde de aprovizionarea cu gaze, lemne sau c\u0103rbune, ceea ce este important \u00een zonele izolate sau independente energetic.<\/li>\n<\/ul>\n<h2><span class=\"ez-toc-section\" id=\"De_ce_sa_alegi_Pompa_de_caldura_aer-apa_15_kW_Monobloc_FIX\"><\/span>De ce s\u0103 alegi Pomp\u0103 de c\u0103ldur\u0103 aer-ap\u0103 15 kW Monobloc FIX?<span class=\"ez-toc-section-end\"><\/span><\/h2>\n<ul>\n<li>Versatilitate: Versiunile monobloc sunt potrivite pentru orice condi\u021bii.<\/li>\n<li>Eficien\u021b\u0103 energetic\u0103: Economii semnificative la \u00eenc\u0103lzire \u0219i r\u0103cire.<\/li>\n<li>Eco-friendly: Siguran\u021b\u0103 pentru mediu datorit\u0103 refrigerantului <strong>R290, R1234, R32<\/strong>.<\/li>\n<li>Fiabilitate: Dispozitivul func\u021bioneaz\u0103 \u00een cele mai dure condi\u021bii climatice.<\/li>\n<\/ul>\n<p>Oferim un spectru complet de servicii pentru pompe de c\u0103ldur\u0103, pentru a asigura confortul dumneavoastr\u0103 pe tot parcursul anului:<\/p>\n<ul>\n<li><span style=\"color: #008000\"><strong>Produc\u021bie<\/strong>: Suntem produc\u0103tori de pompe de c\u0103ldur\u0103. Le fabric\u0103m noi. Tu prime\u0219ti echipamentul direct de la fabric\u0103.<\/span><\/li>\n<li>V\u00e2nzare: Gama larg\u0103 de pompe de c\u0103ldur\u0103 asamblate \u00een Moldova \u0219i Rom\u00e2nia. Te ajut\u0103m s\u0103 alegi solu\u021bia perfect\u0103 pentru nevoile tale.<\/li>\n<li>Instalare: Montaj profesionist, adaptat la particularit\u0103\u021bile casei sau afacerii tale.<\/li>\n<li>Servicii de \u00eentre\u021binere: \u00centre\u021binere tehnic\u0103 regulat\u0103 \u0219i asisten\u021b\u0103 prompt\u0103 pentru func\u021bionare de durat\u0103 \u0219i stabil\u0103.<\/li>\n<li>Garan\u021bie:\u00a0\u00a0\u00cen perioada de garan\u021bie, po\u021bi beneficia de diagnosticare \u0219i repara\u021bii gratuite.<\/li>\n<\/ul>\n<h4><span class=\"ez-toc-section\" id=\"Intrebari_frecvente\"><\/span><strong>\u00centreb\u0103ri frecvente<\/strong><span class=\"ez-toc-section-end\"><\/span><\/h4>\n<ul>\n<li><em>Este pompa termic\u0103 potrivit\u0103 pentru o cas\u0103 particular\u0103?<\/em> \u2014 Da, modelul <strong>AWHP15MF3<\/strong> este destinat pentru suprafe\u021be \u00eentre <strong>65 \u0219i 170 m\u00b2<\/strong>.<\/li>\n<li><em>Se poate folosi sistem de \u00eenc\u0103lzire cu pomp\u0103 de c\u0103ldur\u0103 \u00een sezonul de iarn\u0103?<\/em> \u2014 Da, func\u021bioneaz\u0103 stabil la temperaturi de p\u00e2n\u0103 la <strong>-15\u00b0C<\/strong>, cu posibilitatea de a ajunge la<strong> -25\u00b0C<\/strong> cu func\u021bia EVI.<\/li>\n<\/ul>\n<hr \/>\n<h3><span class=\"ez-toc-section\" id=\"Pompa_de_caldura_aer-apa_15_kW_Monobloc_FIX-2\"><\/span>Pomp\u0103 de c\u0103ldur\u0103 aer-ap\u0103 15 kW Monobloc FIX<span class=\"ez-toc-section-end\"><\/span><\/h3>\n<p>\u2014 este o solu\u021bie eficient\u0103 \u0219i versatil\u0103 pentru \u00eenc\u0103lzire, r\u0103cire \u0219i ap\u0103 cald\u0103 menajer\u0103. Cu cre\u0219terea pre\u021burilor la energie, astfel de sisteme devin tot mai populare. Conform <a href=\"https:\/\/www.irena.org\/\" target=\"_new\" rel=\"noopener\">Agen\u021biei Interna\u021bionale pentru Energia Regenerabil\u0103 (IRENA)<\/a>, pompele de c\u0103ldur\u0103 sunt unele dintre cele mai eficiente metode de \u00eenc\u0103lzire. <span style=\"color: #ff0000\"><strong>Fabricat \u00een Moldova.<\/strong><\/span> <strong>Cump\u0103r\u0103 Pomp\u0103 de c\u0103ldur\u0103 aer-ap\u0103 15 kW Monobloc \u00een Moldova direct de la produc\u0103tor.<\/strong><\/p>\n<hr \/>\n","protected":false},"excerpt":{"rendered":"<h2><strong><span style=\"font-family: 'Arial',sans-serif; color: #993366;\">Model AWHP15MF3.<\/span><\/strong><\/h2>\n<p><span style=\"font-family: 'Arial',sans-serif;\">Pomp\u0103 de c\u0103ldur\u0103 aer-ap\u0103, monobloc, compresor cu vitez\u0103 fix\u0103, putere termic\u0103 <span style=\"color: #008000;\"><strong>15 kW<\/strong><\/span>. Agent frigorific <strong><span style=\"font-family: 'Arial',sans-serif; color: blue;\">R290<\/span><\/strong><strong> sau <span style=\"color: blue;\">R32<\/span>. <\/strong>Destinat\u0103 pentru \u00eenc\u0103lzirea \u0219i r\u0103cirea spa\u021biilor de la <strong><span style=\"color: #0000ff;\">65 p\u00e2n\u0103 la 170 m\u00b2<\/span><\/strong><strong>. <\/strong>Func\u021bie de preparare ap\u0103 cald\u0103 menajer\u0103. Func\u021bionare garantat\u0103 p\u00e2n\u0103 la <strong><span style=\"font-family: 'Arial',sans-serif; color: red;\">-25\u00b0C<\/span><\/strong><strong>. <\/strong>Temperatura apei p\u00e2n\u0103 la<strong><span style=\"font-family: 'Arial',sans-serif; color: red;\"> +75\u00b0C<\/span><\/strong><strong>. <\/strong>Alimentare electric\u0103 380 V, 50 Hz. <strong>Pompa de c\u0103ldur\u0103 func\u021bioneaz\u0103 f\u0103r\u0103 rezisten\u021b\u0103 electric\u0103 auxiliar\u0103. Toat\u0103 puterea termic\u0103 este produs\u0103 exclusiv de compresorul pompei de c\u0103ldur\u0103.<\/strong><\/span><\/p>\n<p><strong><span style=\"font-family: 'Arial',sans-serif; color: red;\">PRODUS \u00ceN MOLDOVA<\/span><\/strong><\/p>\n<p><strong><span style=\"font-family: 'Arial',sans-serif;\">Poate fi cump\u0103rat \u00een Moldova direct de la produc\u0103tor.<\/span><\/strong><\/p>\n","protected":false},"featured_media":2412,"comment_status":"closed","ping_status":"closed","template":"","meta":{"_acf_changed":false,"_kad_post_transparent":"default","_kad_post_title":"","_kad_post_layout":"default","_kad_post_sidebar_id":"","_kad_post_content_style":"default","_kad_post_vertical_padding":"default","_kad_post_feature":"","_kad_post_feature_position":"","_kad_post_header":false,"_kad_post_footer":false},"product_brand":[198],"product_cat":[343],"product_tag":[232,346,202,205,206,190,207,334,225,209,345],"class_list":{"0":"post-3052","1":"product","2":"type-product","3":"status-publish","4":"has-post-thumbnail","6":"product_brand-altal","7":"product_cat-aer-apa-fix","8":"product_tag-15-kw","9":"product_tag-170-m2","10":"product_tag-apa-calda-menajera","11":"product_tag-in-chisinau","12":"product_tag-in-moldova","13":"product_tag-pompa-de-caldura","14":"product_tag-pompa-de-caldura-aer-apa","15":"product_tag-pompa-de-caldura-monobloc","16":"product_tag-r290","17":"product_tag-racire","18":"product_tag-viteza-fixa","19":"product_shipping_class-greutate-mare","20":"pa_compresor-viteza-fixa","21":"pa_model-monobloc","22":"pa_putere-termica-kw-15-kw","23":"pa_suprafata-de-incalzire--433","24":"pa_temperatura-apei--60c","25":"pa_temperatura-apei--75c","26":"pa_tip-pompa-de-caldura-aer-apa","28":"first","29":"instock","30":"featured","31":"taxable","32":"shipping-taxable","33":"purchasable","34":"product-type-simple","35":"entry","36":"content-bg","37":"loop-entry"},"acf":[],"_links":{"self":[{"href":"https:\/\/altal.ro\/ro\/wp-json\/wp\/v2\/product\/3052","targetHints":{"allow":["GET"]}}],"collection":[{"href":"https:\/\/altal.ro\/ro\/wp-json\/wp\/v2\/product"}],"about":[{"href":"https:\/\/altal.ro\/ro\/wp-json\/wp\/v2\/types\/product"}],"replies":[{"embeddable":true,"href":"https:\/\/altal.ro\/ro\/wp-json\/wp\/v2\/comments?post=3052"}],"version-history":[{"count":8,"href":"https:\/\/altal.ro\/ro\/wp-json\/wp\/v2\/product\/3052\/revisions"}],"predecessor-version":[{"id":7634,"href":"https:\/\/altal.ro\/ro\/wp-json\/wp\/v2\/product\/3052\/revisions\/7634"}],"wp:featuredmedia":[{"embeddable":true,"href":"https:\/\/altal.ro\/ro\/wp-json\/wp\/v2\/media\/2412"}],"wp:attachment":[{"href":"https:\/\/altal.ro\/ro\/wp-json\/wp\/v2\/media?parent=3052"}],"wp:term":[{"taxonomy":"product_brand","embeddable":true,"href":"https:\/\/altal.ro\/ro\/wp-json\/wp\/v2\/product_brand?post=3052"},{"taxonomy":"product_cat","embeddable":true,"href":"https:\/\/altal.ro\/ro\/wp-json\/wp\/v2\/product_cat?post=3052"},{"taxonomy":"product_tag","embeddable":true,"href":"https:\/\/altal.ro\/ro\/wp-json\/wp\/v2\/product_tag?post=3052"}],"curies":[{"name":"wp","href":"https:\/\/api.w.org\/{rel}","templated":true}]}}