{"id":3047,"date":"2025-06-16T00:29:21","date_gmt":"2025-06-16T00:29:21","guid":{"rendered":"https:\/\/altal.ro\/?post_type=product&#038;p=3047"},"modified":"2025-07-23T01:58:49","modified_gmt":"2025-07-22T22:58:49","slug":"aer-apa-18-kw-dc-monobloc","status":"publish","type":"product","link":"https:\/\/altal.ro\/ro\/aer-apa-18-kw-dc-monobloc\/","title":{"rendered":"Pompa de c\u0103ldur\u0103 aer-ap\u0103 18 kW DC Monobloc"},"content":{"rendered":"<div id=\"ez-toc-container\" class=\"ez-toc-v2_0_82_2 counter-hierarchy ez-toc-counter ez-toc-grey ez-toc-container-direction\">\n<div class=\"ez-toc-title-container\">\n<p class=\"ez-toc-title\" style=\"cursor:inherit\">Cuprins<\/p>\n<span class=\"ez-toc-title-toggle\"><a href=\"#\" class=\"ez-toc-pull-right ez-toc-btn ez-toc-btn-xs ez-toc-btn-default ez-toc-toggle\" aria-label=\"Toggle Table of Content\"><span class=\"ez-toc-js-icon-con\"><span class=\"\"><span class=\"eztoc-hide\" style=\"display:none;\">Toggle<\/span><span class=\"ez-toc-icon-toggle-span\"><svg style=\"fill: #999;color:#999\" xmlns=\"http:\/\/www.w3.org\/2000\/svg\" class=\"list-377408\" width=\"20px\" height=\"20px\" viewBox=\"0 0 24 24\" fill=\"none\"><path d=\"M6 6H4v2h2V6zm14 0H8v2h12V6zM4 11h2v2H4v-2zm16 0H8v2h12v-2zM4 16h2v2H4v-2zm16 0H8v2h12v-2z\" fill=\"currentColor\"><\/path><\/svg><svg style=\"fill: #999;color:#999\" class=\"arrow-unsorted-368013\" xmlns=\"http:\/\/www.w3.org\/2000\/svg\" width=\"10px\" height=\"10px\" viewBox=\"0 0 24 24\" version=\"1.2\" baseProfile=\"tiny\"><path d=\"M18.2 9.3l-6.2-6.3-6.2 6.3c-.2.2-.3.4-.3.7s.1.5.3.7c.2.2.4.3.7.3h11c.3 0 .5-.1.7-.3.2-.2.3-.5.3-.7s-.1-.5-.3-.7zM5.8 14.7l6.2 6.3 6.2-6.3c.2-.2.3-.5.3-.7s-.1-.5-.3-.7c-.2-.2-.4-.3-.7-.3h-11c-.3 0-.5.1-.7.3-.2.2-.3.5-.3.7s.1.5.3.7z\"\/><\/svg><\/span><\/span><\/span><\/a><\/span><\/div>\n<nav><ul class='ez-toc-list ez-toc-list-level-1 ' ><li class='ez-toc-page-1 ez-toc-heading-level-2'><a class=\"ez-toc-link ez-toc-heading-1\" href=\"https:\/\/altal.ro\/ro\/aer-apa-18-kw-dc-monobloc\/#Pompa_de_caldura_aer-apa_18_kW_DC_Monobloc\">Pompa de c\u0103ldur\u0103 aer-ap\u0103 18 kW DC Monobloc<\/a><ul class='ez-toc-list-level-3' ><li class='ez-toc-heading-level-3'><a class=\"ez-toc-link ez-toc-heading-2\" href=\"https:\/\/altal.ro\/ro\/aer-apa-18-kw-dc-monobloc\/#Caracteristici_ale_modelului_aer-apa_18_kW_AWHP18ME3\">Caracteristici ale modelului aer-ap\u0103 18 kW AWHP18ME3<\/a><ul class='ez-toc-list-level-4' ><li class='ez-toc-heading-level-4'><a class=\"ez-toc-link ez-toc-heading-3\" href=\"https:\/\/altal.ro\/ro\/aer-apa-18-kw-dc-monobloc\/#Performanta_ridicata\">Performan\u021b\u0103 ridicat\u0103<\/a><\/li><li class='ez-toc-page-1 ez-toc-heading-level-4'><a class=\"ez-toc-link ez-toc-heading-4\" href=\"https:\/\/altal.ro\/ro\/aer-apa-18-kw-dc-monobloc\/#Eficienta_energetica\">Eficien\u021b\u0103 energetic\u0103<\/a><\/li><li class='ez-toc-page-1 ez-toc-heading-level-4'><a class=\"ez-toc-link ez-toc-heading-5\" href=\"https:\/\/altal.ro\/ro\/aer-apa-18-kw-dc-monobloc\/#Rezistenta_la_temperaturi_scazute\">Rezisten\u021b\u0103 la temperaturi sc\u0103zute<\/a><\/li><li class='ez-toc-page-1 ez-toc-heading-level-4'><a class=\"ez-toc-link ez-toc-heading-6\" href=\"https:\/\/altal.ro\/ro\/aer-apa-18-kw-dc-monobloc\/#Automatizare_si_control\">Automatizare \u0219i control<\/a><\/li><li class='ez-toc-page-1 ez-toc-heading-level-4'><a class=\"ez-toc-link ez-toc-heading-7\" href=\"https:\/\/altal.ro\/ro\/aer-apa-18-kw-dc-monobloc\/#Versatilitate_in_utilizare\">Versatilitate \u00een utilizare<\/a><\/li><\/ul><\/li><li class='ez-toc-page-1 ez-toc-heading-level-3'><a class=\"ez-toc-link ez-toc-heading-8\" href=\"https:\/\/altal.ro\/ro\/aer-apa-18-kw-dc-monobloc\/#Avantajele_pompei_de_caldura\">Avantajele pompei de c\u0103ldur\u0103<\/a><ul class='ez-toc-list-level-4' ><li class='ez-toc-heading-level-4'><a class=\"ez-toc-link ez-toc-heading-9\" href=\"https:\/\/altal.ro\/ro\/aer-apa-18-kw-dc-monobloc\/#Ecologica\">Ecologic\u0103<\/a><\/li><li class='ez-toc-page-1 ez-toc-heading-level-4'><a class=\"ez-toc-link ez-toc-heading-10\" href=\"https:\/\/altal.ro\/ro\/aer-apa-18-kw-dc-monobloc\/#Costuri_de_exploatare_reduse\">Costuri de exploatare reduse<\/a><\/li><li class='ez-toc-page-1 ez-toc-heading-level-4'><a class=\"ez-toc-link ez-toc-heading-11\" href=\"https:\/\/altal.ro\/ro\/aer-apa-18-kw-dc-monobloc\/#Durabilitate_si_fiabilitate\">Durabilitate \u0219i fiabilitate<\/a><\/li><li class='ez-toc-page-1 ez-toc-heading-level-4'><a class=\"ez-toc-link ez-toc-heading-12\" href=\"https:\/\/altal.ro\/ro\/aer-apa-18-kw-dc-monobloc\/#Usurinta_instalarii\">U\u0219urin\u021ba instal\u0103rii<\/a><\/li><\/ul><\/li><li class='ez-toc-page-1 ez-toc-heading-level-3'><a class=\"ez-toc-link ez-toc-heading-13\" href=\"https:\/\/altal.ro\/ro\/aer-apa-18-kw-dc-monobloc\/#Utilizare\">Utilizare<\/a><\/li><li class='ez-toc-page-1 ez-toc-heading-level-3'><a class=\"ez-toc-link ez-toc-heading-14\" href=\"https:\/\/altal.ro\/ro\/aer-apa-18-kw-dc-monobloc\/#Independenta_fata_de_combustibil\">Independen\u021b\u0103 fa\u021b\u0103 de combustibil<\/a><\/li><li class='ez-toc-page-1 ez-toc-heading-level-3'><a class=\"ez-toc-link ez-toc-heading-15\" href=\"https:\/\/altal.ro\/ro\/aer-apa-18-kw-dc-monobloc\/#Sustinerea_functionarii_stabile_in_conditii_de_frig\">Sus\u021binerea func\u021bion\u0103rii stabile \u00een condi\u021bii de frig<\/a><\/li><li class='ez-toc-page-1 ez-toc-heading-level-3'><a class=\"ez-toc-link ez-toc-heading-16\" href=\"https:\/\/altal.ro\/ro\/aer-apa-18-kw-dc-monobloc\/#Comparativ_cu_alte_sisteme\">Comparativ cu alte sisteme<\/a><\/li><li class='ez-toc-page-1 ez-toc-heading-level-3'><a class=\"ez-toc-link ez-toc-heading-17\" href=\"https:\/\/altal.ro\/ro\/aer-apa-18-kw-dc-monobloc\/#Concluzie\">Concluzie<\/a><\/li><\/ul><\/li><li class='ez-toc-page-1 ez-toc-heading-level-2'><a class=\"ez-toc-link ez-toc-heading-18\" href=\"https:\/\/altal.ro\/ro\/aer-apa-18-kw-dc-monobloc\/#De_ce_sa_alegi_pompa_de_caldura_aer-apa_18_kW_DC_Monobloc\">De ce s\u0103 alegi pompa de c\u0103ldur\u0103 aer-ap\u0103 18 kW DC Monobloc?<\/a><ul class='ez-toc-list-level-4' ><li class='ez-toc-heading-level-4'><ul class='ez-toc-list-level-4' ><li class='ez-toc-heading-level-4'><a class=\"ez-toc-link ez-toc-heading-19\" href=\"https:\/\/altal.ro\/ro\/aer-apa-18-kw-dc-monobloc\/#Intrebari_frecvente\">\u00centreb\u0103ri frecvente<\/a><\/li><\/ul><\/li><li class='ez-toc-page-1 ez-toc-heading-level-3'><a class=\"ez-toc-link ez-toc-heading-20\" href=\"https:\/\/altal.ro\/ro\/aer-apa-18-kw-dc-monobloc\/#Pompa_de_caldura_aer-apa_18_kW_DC_Monobloc-2\">Pompa de c\u0103ldur\u0103 aer-ap\u0103 18 kW DC Monobloc<\/a><\/li><\/ul><\/li><\/ul><\/nav><\/div>\n\n<h2><span class=\"ez-toc-section\" id=\"Pompa_de_caldura_aer-apa_18_kW_DC_Monobloc\"><\/span>Pompa de c\u0103ldur\u0103 aer-ap\u0103 18 kW DC Monobloc<span class=\"ez-toc-section-end\"><\/span><\/h2>\n<p><strong><span style=\"color: #008000\">Pompa de c\u0103ldur\u0103 aer-ap\u0103 18 kW DC Monobloc, 7,2~18,2 kW AWHP18ME3<\/span><\/strong> \u2014 este o solu\u021bie modern\u0103 \u0219i fiabil\u0103 pentru \u00eenc\u0103lzirea \u0219i r\u0103cirea spa\u021biilor. <em>\u00cen primul r\u00e2nd<\/em>, utilizeaz\u0103 c\u0103ldura aerului \u00eenconjur\u0103tor, ceea ce permite reducerea semnificativ\u0103 a costurilor de \u00eenc\u0103lzire. <em>De asemenea<\/em>, aceast\u0103 pomp\u0103 demonstreaz\u0103 o eficien\u021b\u0103 ridicat\u0103 chiar \u0219i la temperaturi sc\u0103zute exterioare, f\u0103c\u00e2nd-o potrivit\u0103 pentru utilizarea \u00een diverse condi\u021bii climatice.<\/p>\n<ul style=\"list-style-type: disc\">\n<li><span style=\"color: #333399\"><strong>Alimentare 380V, 50Hz, invertor DC, monobloc.<\/strong><\/span><\/li>\n<li><span style=\"color: #333399\"><strong>Posibilitatea de a conecta p\u00e2n\u0103 la 8 unit\u0103\u021bi \u00een serie. Ecran mare, de 5 sau 7 inch.<\/strong><\/span><\/li>\n<li><span style=\"color: #333399\"><strong>Se poate folosi ca surs\u0103 secundar\u0103 de c\u0103ldur\u0103 \u00een sistemele de \u00eenc\u0103lzire.<\/strong><\/span><\/li>\n<li><span style=\"color: #333399\"><strong>Include func\u021bie de r\u0103cire, preparare a apei calde, protec\u021bie bacteriologic\u0103, temporizatoare, control zonal.<\/strong><\/span><\/li>\n<li><span style=\"color: #333399\"><strong>Compresor invertor HIGHLY (Hitachi).<\/strong><\/span><\/li>\n<li><strong><span style=\"color: #ff0000\">Pompa de c\u0103ldur\u0103 func\u021bioneaz\u0103 f\u0103r\u0103 rezisten\u021b\u0103 electric\u0103 auxiliar\u0103. Toat\u0103 puterea termic\u0103 este produs\u0103 exclusiv de compresorul pompei de c\u0103ldur\u0103.<\/span><\/strong><\/li>\n<\/ul>\n<hr \/>\n<h3><span class=\"ez-toc-section\" id=\"Caracteristici_ale_modelului_aer-apa_18_kW_AWHP18ME3\"><\/span><strong>Caracteristici ale modelului aer-ap\u0103 18 kW AWHP18ME3<\/strong><span class=\"ez-toc-section-end\"><\/span><\/h3>\n<h4><span class=\"ez-toc-section\" id=\"Performanta_ridicata\"><\/span><strong>Performan\u021b\u0103 ridicat\u0103<\/strong><span class=\"ez-toc-section-end\"><\/span><\/h4>\n<p><a href=\"https:\/\/altal.ro\/aer-apa-mini\/\"><strong>Pomp\u0103 de c\u0103ldur\u0103 aer-ap\u0103 18 kW DC Monobloc 7,2~18,2 kW AWHP18ME3<\/strong><\/a> este destinat\u0103 pentru \u00eenc\u0103lzirea \u0219i r\u0103cirea spa\u021biilor cu o suprafa\u021b\u0103 de la <strong>60 p\u00e2n\u0103 la 200 m\u00b2<\/strong>. <em>Astfel<\/em>, este ideal\u0103 at\u00e2t pentru case particulare, c\u00e2t \u0219i pentru mici birouri, companii sau piscine. <em>De asemenea<\/em>, modelul asigur\u0103 un climat stabil iarna \u0219i r\u0103coare vara, fiind o alegere versatil\u0103. Pompa de c\u0103ldur\u0103 <a href=\"https:\/\/altal.ro\/aer-apa-mini\/\"><strong>AWHP18ME3<\/strong><\/a>\u00a0 este o solu\u021bie eficient\u0103 pentru \u00eenc\u0103lzire \u0219i r\u0103cire eficient\u0103. Prin utilizarea panourilor solare fotovoltaice, se poate ob\u021bine un sistem cu costuri zero pentru \u00eenc\u0103lzire, r\u0103cire \u0219i prepararea apei calde.<\/p>\n<h4><span class=\"ez-toc-section\" id=\"Eficienta_energetica\"><\/span><strong>Eficien\u021b\u0103 energetic\u0103<\/strong><span class=\"ez-toc-section-end\"><\/span><\/h4>\n<p>Modelele\u00a0<a href=\"https:\/\/altal.ro\/aer-apa-eco\/\">Pomp\u0103 de c\u0103ldur\u0103 aer-ap\u0103 18 kW DC Monobloc<\/a>\u00a0<strong>AWHP18ME3<\/strong> au un coeficient de performan\u021b\u0103 (COP) ridicat, adesea peste valoarea &gt; 4, utiliz\u00e2nd refrigerantul <strong>R290<\/strong>. <em>Cu alte cuvinte<\/em>, fiecare kilowatt consumat de energie este transformat \u00een mai mul\u021bi kilowa\u021bi de c\u0103ldur\u0103. <em>Prin urmare<\/em>, utilizarea unui astfel de dispozitiv reduce semnificativ costurile de exploatare.<\/p>\n<h4><span class=\"ez-toc-section\" id=\"Rezistenta_la_temperaturi_scazute\"><\/span><strong>Rezisten\u021b\u0103 la temperaturi sc\u0103zute<\/strong><span class=\"ez-toc-section-end\"><\/span><\/h4>\n<p>Pomp\u0103 de c\u0103ldur\u0103 aer-ap\u0103 18 kW DC Monobloc poate func\u021biona la temperaturi de p\u00e2n\u0103 la -25\u00b0C. <em>Datorit\u0103 acestui fapt<\/em>, asigur\u0103 o func\u021bionare stabil\u0103 chiar \u0219i \u00een cele mai dure condi\u021bii de iarn\u0103.<\/p>\n<h4><span class=\"ez-toc-section\" id=\"Automatizare_si_control\"><\/span><strong>Automatizare \u0219i control<\/strong><span class=\"ez-toc-section-end\"><\/span><\/h4>\n<p><em>\u00cen plus<\/em>, multe modele\u00a0<a href=\"https:\/\/altal.ro\/aer-apa-eco\/\">pompe de c\u0103ldur\u0103 aer-ap\u0103<\/a> pot fi integrate cu sisteme de cas\u0103 inteligent\u0103.\u00a0<em>Astfel<\/em>, utilizatorul poate controla dispozitivul prin aplica\u021bii mobile sau controlere speciale.<\/p>\n<h4><span class=\"ez-toc-section\" id=\"Versatilitate_in_utilizare\"><\/span><strong>Versatilitate \u00een utilizare<\/strong><span class=\"ez-toc-section-end\"><\/span><\/h4>\n<p><a href=\"https:\/\/altalheat.com\/\" target=\"_blank\" rel=\"noopener\"><strong>Pomp\u0103 de c\u0103ldur\u0103 aer-ap\u0103 18 kW DC Monobloc, <\/strong><\/a><strong>7,2~18,2<\/strong><strong> kW AWHP18ME3<\/strong> nu este potrivit\u0103 doar pentru \u00eenc\u0103lzire, ci \u0219i pentru r\u0103cire a spa\u021biilor. <em>De asemenea<\/em>, poate fi folosit\u0103 pentru \u00eenc\u0103lzirea apei, men\u021bin\u00e2nd o temperatur\u0103 confortabil\u0103 \u00een baie sau buc\u0103t\u0103rie.<\/p>\n<hr \/>\n<h3><span class=\"ez-toc-section\" id=\"Avantajele_pompei_de_caldura\"><\/span><strong>Avantajele pompei de c\u0103ldur\u0103<\/strong><span class=\"ez-toc-section-end\"><\/span><\/h3>\n<h4><span class=\"ez-toc-section\" id=\"Ecologica\"><\/span><strong>Ecologic\u0103<\/strong><span class=\"ez-toc-section-end\"><\/span><\/h4>\n<p><strong>Pomp\u0103 de c\u0103ldur\u0103 aer-ap\u0103 18 kW DC Monobloc, cu puterea ternic\u0103 de 5,9~14,8<\/strong> <strong>kW<\/strong> AWHP18ME3 nu emite dioxid de carbon \u00een atmosfer\u0103, <em>de aceea<\/em> este considerat\u0103 o solu\u021bie ecologic\u0103. <em>De asemenea<\/em>, contribuie la reducerea amprentei de carbon, ceea ce este deosebit de important pentru utilizatorii responsabili.<\/p>\n<h4><span class=\"ez-toc-section\" id=\"Costuri_de_exploatare_reduse\"><\/span><strong>Costuri de exploatare reduse<\/strong><span class=\"ez-toc-section-end\"><\/span><\/h4>\n<p>Spre deosebire de cazanele tradi\u021bionale, Pomp\u0103 de c\u0103ldur\u0103 aer-ap\u0103 18 kW DC Monobloc, folose\u0219te p\u00e2n\u0103 la 75% din energia gratuit\u0103 din aer. <em>Astfel<\/em>, costurile de operare sunt mult mai mici, pentru resurse precum gazul sau electricitatea.<\/p>\n<h4><span class=\"ez-toc-section\" id=\"Durabilitate_si_fiabilitate\"><\/span><strong>Durabilitate \u0219i fiabilitate<\/strong><span class=\"ez-toc-section-end\"><\/span><\/h4>\n<p><em>Mai mult<\/em>, durata de via\u021b\u0103 a pompei de c\u0103ldur\u0103 aer-ap\u0103 18 kW DC Monobloc poate dep\u0103\u0219i 15-20 de ani cu o utilizare corect\u0103. <em>Prin urmare<\/em>, reprezint\u0103 o investi\u021bie pe termen lung, care aduce economii semnificative.<\/p>\n<h4><span class=\"ez-toc-section\" id=\"Usurinta_instalarii\"><\/span><strong>U\u0219urin\u021ba instal\u0103rii<\/strong><span class=\"ez-toc-section-end\"><\/span><\/h4>\n<p>Sistemele aer-ap\u0103 necesit\u0103 mai pu\u021bine costuri de instalare comparativ cu sistemele similare <a href=\"http:\/\/altalheat.com\/shop\/sol-apa\/\" target=\"_blank\" rel=\"noopener\">sol-ap\u0103<\/a>.\u00a0<em>De aceea<\/em>, sunt mai accesibile pentru majoritatea utilizatorilor. Totu\u0219i, trebuie s\u0103 \u021binem cont de sc\u0103derea performan\u021bei \u0219i eficien\u021bei pe m\u0103sur\u0103 ce scade temperatura exterioar\u0103 (consulta\u021bi graficele).<\/p>\n<hr \/>\n<h3><span class=\"ez-toc-section\" id=\"Utilizare\"><\/span><strong>Utilizare<\/strong><span class=\"ez-toc-section-end\"><\/span><\/h3>\n<ul>\n<li><strong>\u00cenc\u0103lzire<\/strong>: Pompa poate men\u021bine o temperatur\u0103 confortabil\u0103 chiar \u0219i \u00een condi\u021bii de frig extrem.<\/li>\n<li><strong>Ap\u0103 cald\u0103 menajer\u0103<\/strong>: Dispozitivul poate fi conectat la sistemul de ap\u0103 cald\u0103 menajer\u0103, elimin\u00e2nd necesitatea utiliz\u0103rii boilerelor electrice.<\/li>\n<li><strong>R\u0103cire<\/strong>:\u00a0<em>De asemenea<\/em>, vara pompa func\u021bioneaz\u0103 pentru r\u0103cire, asigur\u00e2nd confort \u00een sezonul cald.<\/li>\n<\/ul>\n<h3><span class=\"ez-toc-section\" id=\"Independenta_fata_de_combustibil\"><\/span><strong>Independen\u021b\u0103 fa\u021b\u0103 de combustibil<\/strong><span class=\"ez-toc-section-end\"><\/span><\/h3>\n<ul>\n<li>Sistemul nu depinde de aprovizionarea cu gaze, lemne sau c\u0103rbune, ceea ce este important \u00een zonele izolate sau independente energetic.<\/li>\n<\/ul>\n<h3><span class=\"ez-toc-section\" id=\"Sustinerea_functionarii_stabile_in_conditii_de_frig\"><\/span><strong>Sus\u021binerea func\u021bion\u0103rii stabile \u00een condi\u021bii de frig<\/strong><span class=\"ez-toc-section-end\"><\/span><\/h3>\n<ul>\n<li>Modelele moderne pot func\u021biona eficient chiar \u0219i la temperaturi de -25\u00b0C.<\/li>\n<\/ul>\n<h3><span class=\"ez-toc-section\" id=\"Comparativ_cu_alte_sisteme\"><\/span><strong>Comparativ cu alte sisteme<\/strong><span class=\"ez-toc-section-end\"><\/span><\/h3>\n<table style=\"width: 60.3912%;height: 180px\" border=\"1\">\n<thead>\n<tr style=\"height: 36px\">\n<th style=\"width: 23.7552%;height: 36px\">Caracteristici<\/th>\n<th style=\"width: 30.3488%;height: 36px\">Pompa de c\u0103ldur\u0103 aer-ap\u0103<\/th>\n<th style=\"width: 23.034%;height: 36px\">Cazane pe gaz<\/th>\n<th style=\"width: 54.4124%;height: 36px\">Cazane electrice<\/th>\n<\/tr>\n<\/thead>\n<tbody>\n<tr style=\"height: 36px\">\n<td style=\"width: 23.7552%;height: 36px\">Energie regenerabil\u0103<\/td>\n<td style=\"width: 30.3488%;height: 36px\">\u2705<\/td>\n<td style=\"width: 23.034%;height: 36px\">\u274c<\/td>\n<td style=\"width: 54.4124%;height: 36px\">\u274c<\/td>\n<\/tr>\n<tr style=\"height: 36px\">\n<td style=\"width: 23.7552%;height: 36px\">Costuri de combustibil<\/td>\n<td style=\"width: 30.3488%;height: 36px\">\u274c<\/td>\n<td style=\"width: 23.034%;height: 36px\">\u2705<\/td>\n<td style=\"width: 54.4124%;height: 36px\">\u2705<\/td>\n<\/tr>\n<tr style=\"height: 36px\">\n<td style=\"width: 23.7552%;height: 36px\">Eficien\u021b\u0103 energetic\u0103<\/td>\n<td style=\"width: 30.3488%;height: 36px\">\u2705<\/td>\n<td style=\"width: 23.034%;height: 36px\">Medie<\/td>\n<td style=\"width: 54.4124%;height: 36px\">Sc\u0103zut\u0103<\/td>\n<\/tr>\n<tr style=\"height: 36px\">\n<td style=\"width: 23.7552%;height: 36px\">Ecologicitate<\/td>\n<td style=\"width: 30.3488%;height: 36px\">\u2705<\/td>\n<td style=\"width: 23.034%;height: 36px\">\u274c<\/td>\n<td style=\"width: 54.4124%;height: 36px\">Medie<\/td>\n<\/tr>\n<\/tbody>\n<\/table>\n<hr \/>\n<h3><span class=\"ez-toc-section\" id=\"Concluzie\"><\/span>Concluzie<span class=\"ez-toc-section-end\"><\/span><\/h3>\n<p>Pompa de c\u0103ldur\u0103 aer-ap\u0103 reprezint\u0103 o alternativ\u0103 modern\u0103 \u0219i economic\u0103 la sistemele tradi\u021bionale de \u00eenc\u0103lzire. Eficien\u021ba, ecologicitatea \u0219i versatilitatea sa o fac o alegere excelent\u0103 pentru crearea unui climat interior confortabil.<\/p>\n<h2><span class=\"ez-toc-section\" id=\"De_ce_sa_alegi_pompa_de_caldura_aer-apa_18_kW_DC_Monobloc\"><\/span>De ce s\u0103 alegi pompa de c\u0103ldur\u0103 aer-ap\u0103 18 kW DC Monobloc?<span class=\"ez-toc-section-end\"><\/span><\/h2>\n<ul>\n<li>Versatilitate: Versiunile monobloc sunt potrivite pentru orice condi\u021bii.<\/li>\n<li>Eficien\u021b\u0103 energetic\u0103: Economii semnificative la costurile de \u00eenc\u0103lzire \u0219i r\u0103cire.<\/li>\n<li>Eco-friendly: Siguran\u021b\u0103 pentru mediu datorit\u0103 refrigerantului <strong>R290<\/strong>.<\/li>\n<li>Fiabilitate: Dispozitivul func\u021bioneaz\u0103 \u00een cele mai dure condi\u021bii climatice.<\/li>\n<\/ul>\n<p>Oferim o gam\u0103 complet\u0103 de servicii pentru pompe de c\u0103ldur\u0103, pentru a asigura confortul dumneavoastr\u0103 pe tot parcursul anului:<\/p>\n<ul>\n<li><span style=\"color: #ff0000\"><strong>Produc\u021bie<\/strong>: Suntem produc\u0103tori de pompe de c\u0103ldur\u0103. Le fabric\u0103m noi. Tu prime\u0219ti echipamentul direct de la fabric\u0103.<\/span><\/li>\n<li>V\u00e2nzare: Gama larg\u0103 de pompe de c\u0103ldur\u0103 asamblate \u00een Moldova \u0219i Rom\u00e2nia. Te ajut\u0103m s\u0103 alegi solu\u021bia perfect\u0103 pentru nevoile tale.<\/li>\n<li>Instalare: Montaj profesionist, adaptat la particularit\u0103\u021bile casei sau afacerii tale.<\/li>\n<li>Servicii de \u00eentre\u021binere: \u00centre\u021binere tehnic\u0103 regulat\u0103 \u0219i asisten\u021b\u0103 prompt\u0103 pentru func\u021bionare de durat\u0103 \u0219i stabil\u0103.<\/li>\n<li>Garan\u021bie: \u00cen perioada de garan\u021bie, po\u021bi beneficia de diagnosticare \u0219i repara\u021bii gratuite.<\/li>\n<\/ul>\n<h4><span class=\"ez-toc-section\" id=\"Intrebari_frecvente\"><\/span><strong>\u00centreb\u0103ri frecvente<\/strong><span class=\"ez-toc-section-end\"><\/span><\/h4>\n<ul>\n<li><em>Pompa este potrivit\u0103 pentru o cas\u0103 particular\u0103?<\/em> \u2014 Da, modelul <strong>AWHP18ME3<\/strong> este destinat pentru suprafe\u021be \u00eentre <strong>60 \u0219i 200 m\u00b2<\/strong>.<\/li>\n<li><em>Se poate folosi pompa \u00een sezonul de iarn\u0103?<\/em> \u2014 Da, func\u021bioneaz\u0103 stabil la temperaturi de p\u00e2n\u0103 la <strong>-25\u00b0C<\/strong>.<\/li>\n<\/ul>\n<hr \/>\n<h3><span class=\"ez-toc-section\" id=\"Pompa_de_caldura_aer-apa_18_kW_DC_Monobloc-2\"><\/span>Pompa de c\u0103ldur\u0103 aer-ap\u0103 18 kW DC Monobloc<span class=\"ez-toc-section-end\"><\/span><\/h3>\n<p>\u2014 este o solu\u021bie eficient\u0103 energetic \u0219i versatil\u0103 pentru \u00eenc\u0103lzire, r\u0103cire \u0219i ap\u0103 cald\u0103 menajer\u0103 \u00een locuin\u021be moderne sau afaceri. Av\u00e2nd \u00een vedere cre\u0219terea pre\u021burilor la energie, astfel de sisteme devin tot mai populare. Conform <a href=\"https:\/\/www.irena.org\/\" target=\"_new\" rel=\"noopener\">Agen\u021biei Interna\u021bionale pentru Energia Regenerabil\u0103 (IRENA)<\/a>, pompele de c\u0103ldur\u0103 sunt unele dintre cele mai eficiente metode de \u00eenc\u0103lzire. <span style=\"color: #ff0000\"><strong>Fabricat \u00een Moldova.<\/strong><\/span> <strong>Cump\u0103r\u0103 pompa de c\u0103ldur\u0103 aer ap\u0103 18 kW \u00een Moldova direct de la produc\u0103tor.<\/strong><\/p>\n<hr \/>\n","protected":false},"excerpt":{"rendered":"<h2><strong><span style=\"color: #993366;\">Modelul AWHP18ME3.<\/span><\/strong><\/h2>\n<p>Pomp\u0103 de c\u0103ldur\u0103 aer-ap\u0103, tip monobloc, cu putere termic\u0103 de <strong><span style=\"color: blue;\">18 kW<\/span><\/strong>. Agent frigorific <strong>R290.<\/strong> Potrivit\u0103 pentru \u00eenc\u0103lzirea \u0219i r\u0103cirea spa\u021biilor de la <strong>60 p\u00e2n\u0103 la 200 m\u00b2<\/strong><strong>.<\/strong> Func\u021bie de preparare a apei calde menajere. Func\u021bionare stabil\u0103 p\u00e2n\u0103 la <strong><span style=\"color: red;\">-25\u00b0C<\/span><\/strong>. Temperatura apei de p\u00e2n\u0103 la<strong> <span style=\"color: red;\">+75\u00b0C<\/span><\/strong>. Alimentare electric\u0103: 380 Vol\u021bi, 50 Hz.<\/p>\n<p><strong><span style=\"color: red;\">PRODUS \u00ceN MOLDOVA.<\/span><\/strong><\/p>\n","protected":false},"featured_media":3809,"comment_status":"open","ping_status":"closed","template":"","meta":{"_acf_changed":false,"_kad_post_transparent":"default","_kad_post_title":"","_kad_post_layout":"default","_kad_post_sidebar_id":"","_kad_post_content_style":"default","_kad_post_vertical_padding":"default","_kad_post_feature":"","_kad_post_feature_position":"","_kad_post_header":false,"_kad_post_footer":false},"product_brand":[198],"product_cat":[333],"product_tag":[234,339,205,206,207,334],"class_list":{"0":"post-3047","1":"product","2":"type-product","3":"status-publish","4":"has-post-thumbnail","6":"product_brand-altal","7":"product_cat-aer-apa-eco","8":"product_tag-18-kw","9":"product_tag-60-la-200-2","10":"product_tag-in-chisinau","11":"product_tag-in-moldova","12":"product_tag-pompa-de-caldura-aer-apa","13":"product_tag-pompa-de-caldura-monobloc","14":"pa_compresor-dc-invertor","15":"pa_model-monobloc","16":"pa_putere-termica-kw-18-kw","17":"pa_temperatura-apei--60c","18":"pa_temperatura-apei--75c","19":"pa_tip-pompa-de-caldura-aer-apa","21":"first","22":"instock","23":"featured","24":"purchasable","25":"product-type-simple","26":"entry","27":"content-bg","28":"loop-entry"},"acf":[],"_links":{"self":[{"href":"https:\/\/altal.ro\/ro\/wp-json\/wp\/v2\/product\/3047","targetHints":{"allow":["GET"]}}],"collection":[{"href":"https:\/\/altal.ro\/ro\/wp-json\/wp\/v2\/product"}],"about":[{"href":"https:\/\/altal.ro\/ro\/wp-json\/wp\/v2\/types\/product"}],"replies":[{"embeddable":true,"href":"https:\/\/altal.ro\/ro\/wp-json\/wp\/v2\/comments?post=3047"}],"version-history":[{"count":7,"href":"https:\/\/altal.ro\/ro\/wp-json\/wp\/v2\/product\/3047\/revisions"}],"predecessor-version":[{"id":7638,"href":"https:\/\/altal.ro\/ro\/wp-json\/wp\/v2\/product\/3047\/revisions\/7638"}],"wp:featuredmedia":[{"embeddable":true,"href":"https:\/\/altal.ro\/ro\/wp-json\/wp\/v2\/media\/3809"}],"wp:attachment":[{"href":"https:\/\/altal.ro\/ro\/wp-json\/wp\/v2\/media?parent=3047"}],"wp:term":[{"taxonomy":"product_brand","embeddable":true,"href":"https:\/\/altal.ro\/ro\/wp-json\/wp\/v2\/product_brand?post=3047"},{"taxonomy":"product_cat","embeddable":true,"href":"https:\/\/altal.ro\/ro\/wp-json\/wp\/v2\/product_cat?post=3047"},{"taxonomy":"product_tag","embeddable":true,"href":"https:\/\/altal.ro\/ro\/wp-json\/wp\/v2\/product_tag?post=3047"}],"curies":[{"name":"wp","href":"https:\/\/api.w.org\/{rel}","templated":true}]}}