{"id":3041,"date":"2025-06-16T00:29:21","date_gmt":"2025-06-16T00:29:21","guid":{"rendered":"https:\/\/altal.ro\/?post_type=product&#038;p=3041"},"modified":"2025-07-23T02:00:14","modified_gmt":"2025-07-22T23:00:14","slug":"aer-apa-22-kw","status":"publish","type":"product","link":"https:\/\/altal.ro\/ro\/aer-apa-22-kw\/","title":{"rendered":"Pompa de c\u0103ldur\u0103 aer-ap\u0103 22 kW AWHP22MET"},"content":{"rendered":"<div id=\"ez-toc-container\" class=\"ez-toc-v2_0_82_2 counter-hierarchy ez-toc-counter ez-toc-grey ez-toc-container-direction\">\n<div class=\"ez-toc-title-container\">\n<p class=\"ez-toc-title\" style=\"cursor:inherit\">Cuprins<\/p>\n<span class=\"ez-toc-title-toggle\"><a href=\"#\" class=\"ez-toc-pull-right ez-toc-btn ez-toc-btn-xs ez-toc-btn-default ez-toc-toggle\" aria-label=\"Toggle Table of Content\"><span class=\"ez-toc-js-icon-con\"><span class=\"\"><span class=\"eztoc-hide\" style=\"display:none;\">Toggle<\/span><span class=\"ez-toc-icon-toggle-span\"><svg style=\"fill: #999;color:#999\" xmlns=\"http:\/\/www.w3.org\/2000\/svg\" class=\"list-377408\" width=\"20px\" height=\"20px\" viewBox=\"0 0 24 24\" fill=\"none\"><path d=\"M6 6H4v2h2V6zm14 0H8v2h12V6zM4 11h2v2H4v-2zm16 0H8v2h12v-2zM4 16h2v2H4v-2zm16 0H8v2h12v-2z\" fill=\"currentColor\"><\/path><\/svg><svg style=\"fill: #999;color:#999\" class=\"arrow-unsorted-368013\" xmlns=\"http:\/\/www.w3.org\/2000\/svg\" width=\"10px\" height=\"10px\" viewBox=\"0 0 24 24\" version=\"1.2\" baseProfile=\"tiny\"><path d=\"M18.2 9.3l-6.2-6.3-6.2 6.3c-.2.2-.3.4-.3.7s.1.5.3.7c.2.2.4.3.7.3h11c.3 0 .5-.1.7-.3.2-.2.3-.5.3-.7s-.1-.5-.3-.7zM5.8 14.7l6.2 6.3 6.2-6.3c.2-.2.3-.5.3-.7s-.1-.5-.3-.7c-.2-.2-.4-.3-.7-.3h-11c-.3 0-.5.1-.7.3-.2.2-.3.5-.3.7s.1.5.3.7z\"\/><\/svg><\/span><\/span><\/span><\/a><\/span><\/div>\n<nav><ul class='ez-toc-list ez-toc-list-level-1 ' ><li class='ez-toc-page-1 ez-toc-heading-level-2'><a class=\"ez-toc-link ez-toc-heading-1\" href=\"https:\/\/altal.ro\/ro\/aer-apa-22-kw\/#Pompa_de_caldura_aer-apa_22_kW\">Pompa de c\u0103ldur\u0103 aer-ap\u0103 22 kW<\/a><ul class='ez-toc-list-level-3' ><li class='ez-toc-heading-level-3'><a class=\"ez-toc-link ez-toc-heading-2\" href=\"https:\/\/altal.ro\/ro\/aer-apa-22-kw\/#Caracteristicile_modelului_aer-apa_22_kW_AWHP22MET\">Caracteristicile modelului aer-ap\u0103 22 kW AWHP22MET<\/a><\/li><li class='ez-toc-page-1 ez-toc-heading-level-3'><a class=\"ez-toc-link ez-toc-heading-3\" href=\"https:\/\/altal.ro\/ro\/aer-apa-22-kw\/#Avantajele_pompei_de_caldura\">Avantajele pompei de c\u0103ldur\u0103<\/a><\/li><li class='ez-toc-page-1 ez-toc-heading-level-3'><a class=\"ez-toc-link ez-toc-heading-4\" href=\"https:\/\/altal.ro\/ro\/aer-apa-22-kw\/#Domenii_de_utilizare\">Domenii de utilizare<\/a><\/li><li class='ez-toc-page-1 ez-toc-heading-level-3'><a class=\"ez-toc-link ez-toc-heading-5\" href=\"https:\/\/altal.ro\/ro\/aer-apa-22-kw\/#Comparativ_cu_alte_sisteme\">Comparativ cu alte sisteme<\/a><\/li><li class='ez-toc-page-1 ez-toc-heading-level-3'><a class=\"ez-toc-link ez-toc-heading-6\" href=\"https:\/\/altal.ro\/ro\/aer-apa-22-kw\/#Concluzie\">Concluzie<\/a><\/li><li class='ez-toc-page-1 ez-toc-heading-level-3'><a class=\"ez-toc-link ez-toc-heading-7\" href=\"https:\/\/altal.ro\/ro\/aer-apa-22-kw\/#De_ce_sa_alegi_pompa_de_caldura_aer-apa_22_kW_AWHP22MET\">De ce s\u0103 alegi pompa de c\u0103ldur\u0103 aer-ap\u0103 22 kW AWHP22MET?<\/a><\/li><li class='ez-toc-page-1 ez-toc-heading-level-3'><a class=\"ez-toc-link ez-toc-heading-8\" href=\"https:\/\/altal.ro\/ro\/aer-apa-22-kw\/#Serviciile_noastre_complete_pentru_pompe_de_caldura\">Serviciile noastre complete pentru pompe de c\u0103ldur\u0103:<\/a><\/li><li class='ez-toc-page-1 ez-toc-heading-level-3'><a class=\"ez-toc-link ez-toc-heading-9\" href=\"https:\/\/altal.ro\/ro\/aer-apa-22-kw\/#Intrebari_frecvente\">\u00centreb\u0103ri frecvente<\/a><\/li><\/ul><\/li><\/ul><\/nav><\/div>\n\n<h2 data-start=\"95\" data-end=\"139\"><span class=\"ez-toc-section\" id=\"Pompa_de_caldura_aer-apa_22_kW\"><\/span><span style=\"font-size: 18pt\"><strong data-start=\"95\" data-end=\"139\">Pompa de c\u0103ldur\u0103 aer-ap\u0103 22 kW<\/strong><\/span><span class=\"ez-toc-section-end\"><\/span><\/h2>\n<p data-start=\"141\" data-end=\"534\"><a href=\"https:\/\/altal.ro\/aer-apa-fix\/\">Pompa de c\u0103ldur\u0103 aer-ap\u0103<\/a> 22 kW AWHP22MET este o solu\u021bie modern\u0103 \u0219i fiabil\u0103 pentru \u00eenc\u0103lzirea \u0219i r\u0103cirea spa\u021biilor. \u00cen primul r\u00e2nd, utilizeaz\u0103 c\u0103ldura din aerul ambiental, ceea ce permite reducerea semnificativ\u0103 a costurilor cu \u00eenc\u0103lzirea. \u00cen plus, aceast\u0103 pomp\u0103 demonstreaz\u0103 o eficien\u021b\u0103 ridicat\u0103 chiar \u0219i la temperaturi exterioare sc\u0103zute, f\u0103c\u00e2nd-o potrivit\u0103 pentru diverse condi\u021bii climatice.<\/p>\n<p data-start=\"536\" data-end=\"585\">Alimentare: 380 Vol\u021bi, 50 Hz, invertor, monobloc.<\/p>\n<hr data-start=\"587\" data-end=\"590\" \/>\n<h3 data-start=\"592\" data-end=\"646\"><span class=\"ez-toc-section\" id=\"Caracteristicile_modelului_aer-apa_22_kW_AWHP22MET\"><\/span>Caracteristicile modelului aer-ap\u0103 22 kW AWHP22MET<span class=\"ez-toc-section-end\"><\/span><\/h3>\n<p data-start=\"648\" data-end=\"672\"><strong data-start=\"648\" data-end=\"672\">Performan\u021b\u0103 ridicat\u0103<\/strong><\/p>\n<p data-start=\"674\" data-end=\"969\">Pompa de c\u0103ldur\u0103 aer-ap\u0103 22 kW AWHP22MET poate \u00eenc\u0103lzi \u0219i r\u0103ci spa\u021bii cu suprafe\u021be \u00eentre <strong>90 \u0219i 230 m\u00b2<\/strong>. Astfel, este ideal\u0103 at\u00e2t pentru case particulare, c\u00e2t \u0219i pentru birouri, \u00eentreprinderi sau piscine. Mai mult, modelul asigur\u0103 c\u0103ldur\u0103 stabil\u0103 iarna \u0219i r\u0103coare vara, fiind o alegere universal\u0103.<\/p>\n<p data-start=\"971\" data-end=\"1116\">Cu utilizarea panourilor solare electrice, se poate ob\u021bine un sistem cu costuri zero pentru \u00eenc\u0103lzire, r\u0103cire \u0219i preparare a apei calde menajere.<\/p>\n<p data-start=\"1118\" data-end=\"1142\"><strong data-start=\"1118\" data-end=\"1142\">Eficien\u021b\u0103 energetic\u0103<\/strong><\/p>\n<p data-start=\"1144\" data-end=\"1457\">Modelele aer-ap\u0103 AWHP22MET au un <a href=\"https:\/\/en.wikipedia.org\/wiki\/Coefficient_of_performance\" target=\"_blank\" rel=\"noopener\">coeficient de performan\u021b\u0103 (COP)<\/a> ridicat, adesea peste &gt;4, folosind agent frigorific R290. Cu alte cuvinte, fiecare kilowatt de energie consumat\u0103 se transform\u0103 \u00een mai mul\u021bi kilowa\u021bi de c\u0103ldur\u0103. Prin urmare, utilizarea acestui echipament reduce semnificativ costurile de exploatare.<\/p>\n<p data-start=\"1459\" data-end=\"1496\"><strong data-start=\"1459\" data-end=\"1496\">Rezisten\u021b\u0103 la temperaturi sc\u0103zute<\/strong><\/p>\n<p data-start=\"1498\" data-end=\"1668\">Pompele din aceast\u0103 categorie pot func\u021biona la temperaturi de p\u00e2n\u0103 la -25 \u00b0C. Datorit\u0103 acestui fapt, asigur\u0103 operare stabil\u0103 chiar \u0219i \u00een cele mai aspre condi\u021bii de iarn\u0103.<\/p>\n<p data-start=\"1670\" data-end=\"1697\"><strong data-start=\"1670\" data-end=\"1697\">Automatizare \u0219i control<\/strong><\/p>\n<p data-start=\"1699\" data-end=\"1884\">\u00cen plus, multe modele de pompe de c\u0103ldur\u0103 aer-ap\u0103 pot fi integrate cu sisteme smart home. Astfel, utilizatorul poate controla dispozitivul prin aplica\u021bii mobile sau controlere dedicate.<\/p>\n<p data-start=\"1886\" data-end=\"1916\"><strong data-start=\"1886\" data-end=\"1916\">Versatilitate \u00een utilizare<\/strong><\/p>\n<p data-start=\"1918\" data-end=\"2137\">Pompa de c\u0103ldur\u0103 aer-ap\u0103 22 kW AWHP22MET este potrivit\u0103 nu doar pentru \u00eenc\u0103lzire, ci \u0219i pentru r\u0103cirea spa\u021biilor. De asemenea, poate fi utilizat\u0103 pentru \u00eenc\u0103lzirea apei, men\u021bin\u00e2nd confortul termic \u00een baie sau buc\u0103t\u0103rie.<\/p>\n<hr data-start=\"2139\" data-end=\"2142\" \/>\n<h3 data-start=\"2144\" data-end=\"2176\"><span class=\"ez-toc-section\" id=\"Avantajele_pompei_de_caldura\"><\/span>Avantajele pompei de c\u0103ldur\u0103<span class=\"ez-toc-section-end\"><\/span><\/h3>\n<p data-start=\"2178\" data-end=\"2191\"><strong data-start=\"2178\" data-end=\"2191\">Ecologic\u0103<\/strong><\/p>\n<p data-start=\"2193\" data-end=\"2411\">Pompa de c\u0103ldur\u0103 aer-ap\u0103 22 kW AWHP22MET nu emite dioxid de carbon \u00een atmosfer\u0103, fiind o solu\u021bie ecologic\u0103. \u00cen plus, contribuie la reducerea amprentei de carbon, ceea ce este important pentru utilizatorii responsabili.<\/p>\n<p data-start=\"2413\" data-end=\"2445\"><strong data-start=\"2413\" data-end=\"2445\">Costuri reduse de exploatare<\/strong><\/p>\n<p data-start=\"2447\" data-end=\"2621\">Spre deosebire de centralele tradi\u021bionale, pompa aer-ap\u0103 folose\u0219te p\u00e2n\u0103 la 75% energie gratuit\u0103 din aer. Astfel, costurile cu energia (gaz, electricitate) sunt mult mai mici.<\/p>\n<p data-start=\"2623\" data-end=\"2654\"><strong data-start=\"2623\" data-end=\"2654\">Durabilitate \u0219i fiabilitate<\/strong><\/p>\n<p data-start=\"2656\" data-end=\"2816\">De asemenea, durata de via\u021b\u0103 a pompei poate dep\u0103\u0219i 15-20 ani \u00een condi\u021bii de exploatare corect\u0103, reprezent\u00e2nd o investi\u021bie pe termen lung cu economii importante.<\/p>\n<p data-start=\"2818\" data-end=\"2838\"><strong data-start=\"2818\" data-end=\"2838\">Instalare simpl\u0103<\/strong><\/p>\n<p data-start=\"2840\" data-end=\"3145\">Sistemele aer-ap\u0103 necesit\u0103 costuri mai mici de instalare comparativ cu cele sol-ap\u0103 sau ap\u0103-ap\u0103. De aceea, sunt mai accesibile pentru majoritatea consumatorilor. Totu\u0219i, este important s\u0103 se \u021bin\u0103 cont de sc\u0103derea puterii termice \u0219i eficien\u021bei la temperaturi exterioare foarte joase (consulta\u021bi graficele).<\/p>\n<hr data-start=\"3147\" data-end=\"3150\" \/>\n<h3 data-start=\"3152\" data-end=\"3176\"><span class=\"ez-toc-section\" id=\"Domenii_de_utilizare\"><\/span>Domenii de utilizare<span class=\"ez-toc-section-end\"><\/span><\/h3>\n<ul data-start=\"3178\" data-end=\"3722\">\n<li data-start=\"3178\" data-end=\"3268\">\n<p data-start=\"3180\" data-end=\"3268\"><strong data-start=\"3180\" data-end=\"3194\">\u00cenc\u0103lzire:<\/strong> Pompa poate men\u021bine o temperatur\u0103 confortabil\u0103 chiar \u0219i \u00een condi\u021bii reci.<\/p>\n<\/li>\n<li data-start=\"3269\" data-end=\"3381\">\n<p data-start=\"3271\" data-end=\"3381\"><strong data-start=\"3271\" data-end=\"3294\">Ap\u0103 cald\u0103 menajer\u0103:<\/strong> Se poate conecta la sistemul de ap\u0103 cald\u0103, elimin\u00e2nd necesitatea boilerelor electrice.<\/p>\n<\/li>\n<li data-start=\"3382\" data-end=\"3463\">\n<p data-start=\"3384\" data-end=\"3463\"><strong data-start=\"3384\" data-end=\"3395\">R\u0103cire:<\/strong> Vara func\u021bioneaz\u0103 ca sistem de climatizare, oferind confort termic.<\/p>\n<\/li>\n<li data-start=\"3464\" data-end=\"3618\">\n<p data-start=\"3466\" data-end=\"3618\"><strong data-start=\"3466\" data-end=\"3504\">Independen\u021b\u0103 fa\u021b\u0103 de combustibili:<\/strong> Nu depinde de alimentarea cu gaz, lemn sau c\u0103rbune, fiind ideal\u0103 pentru zone izolate sau cu autonomie energetic\u0103.<\/p>\n<\/li>\n<li data-start=\"3619\" data-end=\"3722\">\n<p data-start=\"3621\" data-end=\"3722\"><strong data-start=\"3621\" data-end=\"3668\">Func\u021bionare stabil\u0103 la temperaturi sc\u0103zute:<\/strong> Modelele moderne func\u021bioneaz\u0103 eficient p\u00e2n\u0103 la -25\u00b0C.<\/p>\n<\/li>\n<\/ul>\n<hr data-start=\"3724\" data-end=\"3727\" \/>\n<h3 data-start=\"3729\" data-end=\"3759\"><span class=\"ez-toc-section\" id=\"Comparativ_cu_alte_sisteme\"><\/span>Comparativ cu alte sisteme<span class=\"ez-toc-section-end\"><\/span><\/h3>\n<div class=\"_tableContainer_16hzy_1\">\n<div class=\"_tableWrapper_16hzy_14 group flex w-fit flex-col-reverse\">\n<div class=\"sticky end-(--thread-content-margin) h-0 self-end select-none\">\n<div class=\"absolute end-0 flex items-end\">\n<table style=\"width: 55.4494%\" border=\"1\">\n<thead>\n<tr>\n<th style=\"width: 19.0859%\">Caracteristici<\/th>\n<th style=\"width: 23.0479%\">Pompa de c\u0103ldur\u0103 aer-ap\u0103<\/th>\n<th style=\"width: 18.4643%\">Cazane pe gaz<\/th>\n<th style=\"width: 18.7088%\">Cazane electrice<\/th>\n<\/tr>\n<\/thead>\n<tbody>\n<tr>\n<td style=\"width: 19.0859%\">Energie regenerabil\u0103<\/td>\n<td style=\"width: 23.0479%\">\u2705<\/td>\n<td style=\"width: 18.4643%\">\u274c<\/td>\n<td style=\"width: 18.7088%\">\u274c<\/td>\n<\/tr>\n<tr>\n<td style=\"width: 19.0859%\">Costuri cu combustibilul<\/td>\n<td style=\"width: 23.0479%\">\u274c<\/td>\n<td style=\"width: 18.4643%\">\u2705<\/td>\n<td style=\"width: 18.7088%\">\u2705<\/td>\n<\/tr>\n<tr>\n<td style=\"width: 19.0859%\">Eficien\u021b\u0103 energetic\u0103<\/td>\n<td style=\"width: 23.0479%\">\u2705<\/td>\n<td style=\"width: 18.4643%\">Medie<\/td>\n<td style=\"width: 18.7088%\">Sc\u0103zut\u0103<\/td>\n<\/tr>\n<tr>\n<td style=\"width: 19.0859%\">Ecologicitate<\/td>\n<td style=\"width: 23.0479%\">\u2705<\/td>\n<td style=\"width: 18.4643%\">\u274c<\/td>\n<td style=\"width: 18.7088%\">Medie<\/td>\n<\/tr>\n<\/tbody>\n<\/table>\n<\/div>\n<\/div>\n<\/div>\n<\/div>\n<hr data-start=\"4331\" data-end=\"4334\" \/>\n<h3 data-start=\"4336\" data-end=\"4349\"><span class=\"ez-toc-section\" id=\"Concluzie\"><\/span>Concluzie<span class=\"ez-toc-section-end\"><\/span><\/h3>\n<p data-start=\"4351\" data-end=\"4566\">Pompa de c\u0103ldur\u0103 aer-ap\u0103 reprezint\u0103 o alternativ\u0103 modern\u0103 \u0219i economic\u0103 la sistemele tradi\u021bionale de \u00eenc\u0103lzire. Eficien\u021ba, impactul ecologic redus \u0219i versatilitatea o fac alegerea ideal\u0103 pentru un climat confortabil.<\/p>\n<hr data-start=\"4568\" data-end=\"4571\" \/>\n<h3 data-start=\"4573\" data-end=\"4633\"><span class=\"ez-toc-section\" id=\"De_ce_sa_alegi_pompa_de_caldura_aer-apa_22_kW_AWHP22MET\"><\/span>De ce s\u0103 alegi pompa de c\u0103ldur\u0103 aer-ap\u0103 22 kW AWHP22MET?<span class=\"ez-toc-section-end\"><\/span><\/h3>\n<ul data-start=\"4635\" data-end=\"4931\">\n<li data-start=\"4635\" data-end=\"4705\">\n<p data-start=\"4637\" data-end=\"4705\"><strong data-start=\"4637\" data-end=\"4655\">Versatilitate:<\/strong> Modelul monobloc se potrive\u0219te oric\u0103ror condi\u021bii.<\/p>\n<\/li>\n<li data-start=\"4706\" data-end=\"4780\">\n<p data-start=\"4708\" data-end=\"4780\"><strong data-start=\"4708\" data-end=\"4733\">Eficien\u021b\u0103 energetic\u0103:<\/strong> Economii semnificative la \u00eenc\u0103lzire \u0219i r\u0103cire.<\/p>\n<\/li>\n<li data-start=\"4781\" data-end=\"4856\">\n<p data-start=\"4783\" data-end=\"4856\"><strong data-start=\"4783\" data-end=\"4797\">Ecologic\u0103:<\/strong> Siguran\u021b\u0103 pentru mediu datorit\u0103 agentului frigorific R290.<\/p>\n<\/li>\n<li data-start=\"4857\" data-end=\"4931\">\n<p data-start=\"4859\" data-end=\"4931\"><strong data-start=\"4859\" data-end=\"4875\">Fiabilitate:<\/strong> Func\u021bionare optim\u0103 \u00een cele mai dure condi\u021bii climatice.<\/p>\n<\/li>\n<\/ul>\n<hr data-start=\"4933\" data-end=\"4936\" \/>\n<h3 data-start=\"4938\" data-end=\"4994\"><span class=\"ez-toc-section\" id=\"Serviciile_noastre_complete_pentru_pompe_de_caldura\"><\/span>Serviciile noastre complete pentru pompe de c\u0103ldur\u0103:<span class=\"ez-toc-section-end\"><\/span><\/h3>\n<ul data-start=\"4996\" data-end=\"5470\">\n<li data-start=\"4996\" data-end=\"5099\">\n<p data-start=\"4998\" data-end=\"5099\"><strong data-start=\"4998\" data-end=\"5012\">Produc\u021bie:<\/strong> Suntem produc\u0103tori de pompe de c\u0103ldur\u0103. Tu prime\u0219ti echipamentul direct de la fabric\u0103.<\/p>\n<\/li>\n<li data-start=\"5100\" data-end=\"5211\">\n<p data-start=\"5102\" data-end=\"5211\"><strong data-start=\"5102\" data-end=\"5114\">V\u00e2nzare:<\/strong> Gam\u0103 larg\u0103 de pompe de c\u0103ldur\u0103 produse \u00een Moldova \u0219i Rom\u00e2nia. Te ajut\u0103m s\u0103 alegi solu\u021bia ideal\u0103.<\/p>\n<\/li>\n<li data-start=\"5212\" data-end=\"5296\">\n<p data-start=\"5214\" data-end=\"5296\"><strong data-start=\"5214\" data-end=\"5225\">Montaj:<\/strong> Instalare profesional\u0103 adaptat\u0103 la specificul casei sau afacerii tale.<\/p>\n<\/li>\n<li data-start=\"5297\" data-end=\"5380\">\n<p data-start=\"5299\" data-end=\"5380\"><strong data-start=\"5299\" data-end=\"5315\">\u00centre\u021binere:<\/strong> Service regulat \u0219i suport tehnic pentru func\u021bionare \u00eendelungat\u0103.<\/p>\n<\/li>\n<li data-start=\"5381\" data-end=\"5470\">\n<p data-start=\"5383\" data-end=\"5470\"><strong data-start=\"5383\" data-end=\"5396\">Garan\u021bie:<\/strong> \u00cen perioada garan\u021biei beneficiezi de diagnosticare \u0219i repara\u021bii gratuite.<\/p>\n<\/li>\n<\/ul>\n<hr data-start=\"5472\" data-end=\"5475\" \/>\n<h3 data-start=\"5477\" data-end=\"5500\"><span class=\"ez-toc-section\" id=\"Intrebari_frecvente\"><\/span>\u00centreb\u0103ri frecvente<span class=\"ez-toc-section-end\"><\/span><\/h3>\n<ul data-start=\"5502\" data-end=\"5676\">\n<li data-start=\"5502\" data-end=\"5613\">\n<p data-start=\"5504\" data-end=\"5613\"><strong data-start=\"5504\" data-end=\"5537\">Este potrivit\u0103 pentru o cas\u0103?<\/strong> \u2014 Da, modelul AWHP22MET este proiectat pentru suprafe\u021be \u00eentre 90 \u0219i 230 m\u00b2.<\/p>\n<\/li>\n<li data-start=\"5614\" data-end=\"5676\">\n<p data-start=\"5616\" data-end=\"5676\"><strong data-start=\"5616\" data-end=\"5639\">Func\u021bioneaz\u0103 iarna?<\/strong> \u2014 Da, opereaz\u0103 stabil p\u00e2n\u0103 la -25\u00b0C.<\/p>\n<\/li>\n<\/ul>\n<hr data-start=\"5678\" data-end=\"5681\" \/>\n<p data-start=\"5683\" data-end=\"5923\">Pompa de c\u0103ldur\u0103 aer-ap\u0103 22 kW AWHP22MET este o solu\u021bie eficient\u0103 \u0219i universal\u0103 pentru \u00eenc\u0103lzire, r\u0103cire \u0219i ap\u0103 cald\u0103 \u00een locuin\u021be \u0219i afaceri moderne. Av\u00e2nd \u00een vedere cre\u0219terea pre\u021burilor la energie, astfel de sisteme devin tot mai populare.<\/p>\n<p data-start=\"5925\" data-end=\"6068\">Conform Agen\u021biei Interna\u021bionale pentru Energie Regenerabil\u0103 (IRENA), pompele de c\u0103ldur\u0103 sunt una dintre cele mai eficiente metode de \u00eenc\u0103lzire.<\/p>\n<hr data-start=\"6070\" data-end=\"6073\" \/>\n<p data-start=\"6075\" data-end=\"6096\"><span style=\"color: #ff0000\"><strong data-start=\"6075\" data-end=\"6096\">PRODUS \u00ceN MOLDOVA<\/strong><\/span><\/p>\n<p data-start=\"6098\" data-end=\"6187\">Po\u021bi cump\u0103ra pompa de c\u0103ldur\u0103 aer-ap\u0103 22 kW AWHP22MET direct de la produc\u0103tor \u00een Moldova.<\/p>\n<hr data-start=\"6189\" data-end=\"6192\" \/>\n<p data-start=\"6194\" data-end=\"6253\" data-is-last-node=\"\" data-is-only-node=\"\">\u0415\u0441\u043b\u0438 \u043d\u0443\u0436\u043d\u043e, \u043c\u043e\u0433\u0443 \u043f\u043e\u043c\u043e\u0447\u044c \u0438 \u0441 HTML-\u0444\u043e\u0440\u043c\u0430\u0442\u0438\u0440\u043e\u0432\u0430\u043d\u0438\u0435\u043c \u0434\u043b\u044f \u0441\u0430\u0439\u0442\u0430.<\/p>\n<hr \/>\n<p>\u00a0<\/p>\n","protected":false},"excerpt":{"rendered":"<h3 data-start=\"91\" data-end=\"110\"><span style=\"color: #993366;\"><strong data-start=\"91\" data-end=\"110\">Model AWHP22MET<\/strong><\/span><\/h3>\n<p data-start=\"112\" data-end=\"450\">Pompa de c\u0103ldur\u0103 <strong>aer-ap\u0103<\/strong>, <strong>monobloc<\/strong>, cu putere termic\u0103 de <strong>22 kW<\/strong>. Agent frigorific <strong>R290 sau R32<\/strong>. Destinat\u0103 \u00eenc\u0103lzirii \u0219i r\u0103cirii spa\u021biilor cu suprafe\u021be \u00eentre <strong>90 \u0219i 230 m\u00b2<\/strong>. Func\u021bie pentru prepararea apei calde menajere. Func\u021bionare garantat\u0103 p\u00e2n\u0103 la -25\u00b0C. Temperatura apei poate ajunge p\u00e2n\u0103 la <span style=\"color: #ff0000;\"><strong>+75\u00b0C.<\/strong><\/span> Alimentare electric\u0103: 380 Vol\u021bi, 50 Hz.<\/p>\n<p><span style=\"color: #ff0000;\"><strong>FABRICAT \u00ceN MOLDOVA<\/strong><\/span><\/p>\n<p><strong>\u041c\u043e\u0436\u043d\u043e \u043a\u0443\u043f\u0438\u0442\u044c \u0432 \u041c\u043e\u043b\u0434\u043e\u0432\u0435 \u043d\u0430\u043f\u0440\u044f\u043c\u0443\u044e \u043e\u0442 \u043f\u0440\u043e\u0438\u0437\u0432\u043e\u0434\u0438\u0442\u0435\u043b\u044f.<\/strong><\/p>\n<p>&nbsp;<\/p>\n","protected":false},"featured_media":2401,"comment_status":"open","ping_status":"closed","template":"","meta":{"_acf_changed":false,"_kad_post_transparent":"default","_kad_post_title":"","_kad_post_layout":"default","_kad_post_sidebar_id":"","_kad_post_content_style":"default","_kad_post_vertical_padding":"default","_kad_post_feature":"","_kad_post_feature_position":"","_kad_post_header":false,"_kad_post_footer":false},"product_brand":[198],"product_cat":[329],"product_tag":[306,332,190,207],"class_list":{"0":"post-3041","1":"product","2":"type-product","3":"status-publish","4":"has-post-thumbnail","6":"product_brand-altal","7":"product_cat-aer-apa-mini","8":"product_tag-22-kw","9":"product_tag-monobloc","10":"product_tag-pompa-de-caldura","11":"product_tag-pompa-de-caldura-aer-apa","12":"product_shipping_class-greutate-mare","13":"pa_compresor-dc-invertor","14":"pa_injectie-cu-vapori-fara-evi","15":"pa_putere-termica-kw-22-kw","16":"pa_suprafata-de-incalzire--421","17":"pa_temperatura-apei--60c","18":"pa_tip-pompa-de-caldura-aer-apa","20":"first","21":"instock","22":"featured","23":"purchasable","24":"product-type-simple","25":"entry","26":"content-bg","27":"loop-entry"},"acf":[],"_links":{"self":[{"href":"https:\/\/altal.ro\/ro\/wp-json\/wp\/v2\/product\/3041","targetHints":{"allow":["GET"]}}],"collection":[{"href":"https:\/\/altal.ro\/ro\/wp-json\/wp\/v2\/product"}],"about":[{"href":"https:\/\/altal.ro\/ro\/wp-json\/wp\/v2\/types\/product"}],"replies":[{"embeddable":true,"href":"https:\/\/altal.ro\/ro\/wp-json\/wp\/v2\/comments?post=3041"}],"version-history":[{"count":5,"href":"https:\/\/altal.ro\/ro\/wp-json\/wp\/v2\/product\/3041\/revisions"}],"predecessor-version":[{"id":7644,"href":"https:\/\/altal.ro\/ro\/wp-json\/wp\/v2\/product\/3041\/revisions\/7644"}],"wp:featuredmedia":[{"embeddable":true,"href":"https:\/\/altal.ro\/ro\/wp-json\/wp\/v2\/media\/2401"}],"wp:attachment":[{"href":"https:\/\/altal.ro\/ro\/wp-json\/wp\/v2\/media?parent=3041"}],"wp:term":[{"taxonomy":"product_brand","embeddable":true,"href":"https:\/\/altal.ro\/ro\/wp-json\/wp\/v2\/product_brand?post=3041"},{"taxonomy":"product_cat","embeddable":true,"href":"https:\/\/altal.ro\/ro\/wp-json\/wp\/v2\/product_cat?post=3041"},{"taxonomy":"product_tag","embeddable":true,"href":"https:\/\/altal.ro\/ro\/wp-json\/wp\/v2\/product_tag?post=3041"}],"curies":[{"name":"wp","href":"https:\/\/api.w.org\/{rel}","templated":true}]}}