{"id":3036,"date":"2025-06-16T00:29:12","date_gmt":"2025-06-16T00:29:12","guid":{"rendered":"https:\/\/altal.ro\/?post_type=product&#038;p=3036"},"modified":"2025-07-23T02:01:00","modified_gmt":"2025-07-22T23:01:00","slug":"aer-apa-12-kw-dc-monobloc","status":"publish","type":"product","link":"https:\/\/altal.ro\/ro\/aer-apa-12-kw-dc-monobloc\/","title":{"rendered":"Pomp\u0103 de c\u0103ldur\u0103 aer-ap\u0103 12 kW DC Monobloc"},"content":{"rendered":"<div id=\"ez-toc-container\" class=\"ez-toc-v2_0_82_2 counter-hierarchy ez-toc-counter ez-toc-grey ez-toc-container-direction\">\n<div class=\"ez-toc-title-container\">\n<p class=\"ez-toc-title\" style=\"cursor:inherit\">Cuprins<\/p>\n<span class=\"ez-toc-title-toggle\"><a href=\"#\" class=\"ez-toc-pull-right ez-toc-btn ez-toc-btn-xs ez-toc-btn-default ez-toc-toggle\" aria-label=\"Toggle Table of Content\"><span class=\"ez-toc-js-icon-con\"><span class=\"\"><span class=\"eztoc-hide\" style=\"display:none;\">Toggle<\/span><span class=\"ez-toc-icon-toggle-span\"><svg style=\"fill: #999;color:#999\" xmlns=\"http:\/\/www.w3.org\/2000\/svg\" class=\"list-377408\" width=\"20px\" height=\"20px\" viewBox=\"0 0 24 24\" fill=\"none\"><path d=\"M6 6H4v2h2V6zm14 0H8v2h12V6zM4 11h2v2H4v-2zm16 0H8v2h12v-2zM4 16h2v2H4v-2zm16 0H8v2h12v-2z\" fill=\"currentColor\"><\/path><\/svg><svg style=\"fill: #999;color:#999\" class=\"arrow-unsorted-368013\" xmlns=\"http:\/\/www.w3.org\/2000\/svg\" width=\"10px\" height=\"10px\" viewBox=\"0 0 24 24\" version=\"1.2\" baseProfile=\"tiny\"><path d=\"M18.2 9.3l-6.2-6.3-6.2 6.3c-.2.2-.3.4-.3.7s.1.5.3.7c.2.2.4.3.7.3h11c.3 0 .5-.1.7-.3.2-.2.3-.5.3-.7s-.1-.5-.3-.7zM5.8 14.7l6.2 6.3 6.2-6.3c.2-.2.3-.5.3-.7s-.1-.5-.3-.7c-.2-.2-.4-.3-.7-.3h-11c-.3 0-.5.1-.7.3-.2.2-.3.5-.3.7s.1.5.3.7z\"\/><\/svg><\/span><\/span><\/span><\/a><\/span><\/div>\n<nav><ul class='ez-toc-list ez-toc-list-level-1 ' ><li class='ez-toc-page-1 ez-toc-heading-level-2'><a class=\"ez-toc-link ez-toc-heading-1\" href=\"https:\/\/altal.ro\/ro\/aer-apa-12-kw-dc-monobloc\/#Pompa_de_caldura_aer-apa_12_kW_DC_Monobloc\">Pomp\u0103 de c\u0103ldur\u0103 aer-ap\u0103 12 kW DC Monobloc<\/a><ul class='ez-toc-list-level-3' ><li class='ez-toc-heading-level-3'><a class=\"ez-toc-link ez-toc-heading-2\" href=\"https:\/\/altal.ro\/ro\/aer-apa-12-kw-dc-monobloc\/#Caracteristici_ale_modelului_aer-apa_12_kW_AWHP12ME\">Caracteristici ale modelului aer-ap\u0103 12 kW AWHP12ME<\/a><ul class='ez-toc-list-level-4' ><li class='ez-toc-heading-level-4'><a class=\"ez-toc-link ez-toc-heading-3\" href=\"https:\/\/altal.ro\/ro\/aer-apa-12-kw-dc-monobloc\/#Performanta_ridicata\">Performan\u021b\u0103 ridicat\u0103<\/a><\/li><li class='ez-toc-page-1 ez-toc-heading-level-4'><a class=\"ez-toc-link ez-toc-heading-4\" href=\"https:\/\/altal.ro\/ro\/aer-apa-12-kw-dc-monobloc\/#Eficienta_energetica\">Eficien\u021b\u0103 energetic\u0103<\/a><\/li><li class='ez-toc-page-1 ez-toc-heading-level-4'><a class=\"ez-toc-link ez-toc-heading-5\" href=\"https:\/\/altal.ro\/ro\/aer-apa-12-kw-dc-monobloc\/#Rezistenta_la_temperaturi_scazute\">Rezisten\u021b\u0103 la temperaturi sc\u0103zute<\/a><\/li><li class='ez-toc-page-1 ez-toc-heading-level-4'><a class=\"ez-toc-link ez-toc-heading-6\" href=\"https:\/\/altal.ro\/ro\/aer-apa-12-kw-dc-monobloc\/#Automatizare_si_control\">Automatizare \u0219i control<\/a><\/li><li class='ez-toc-page-1 ez-toc-heading-level-4'><a class=\"ez-toc-link ez-toc-heading-7\" href=\"https:\/\/altal.ro\/ro\/aer-apa-12-kw-dc-monobloc\/#Versatilitate_in_utilizare\">Versatilitate \u00een utilizare<\/a><\/li><\/ul><\/li><li class='ez-toc-page-1 ez-toc-heading-level-3'><a class=\"ez-toc-link ez-toc-heading-8\" href=\"https:\/\/altal.ro\/ro\/aer-apa-12-kw-dc-monobloc\/#Beneficiile_pompei_de_caldura\">Beneficiile pompei de c\u0103ldur\u0103<\/a><ul class='ez-toc-list-level-4' ><li class='ez-toc-heading-level-4'><a class=\"ez-toc-link ez-toc-heading-9\" href=\"https:\/\/altal.ro\/ro\/aer-apa-12-kw-dc-monobloc\/#Eco-friendly\">Eco-friendly<\/a><\/li><li class='ez-toc-page-1 ez-toc-heading-level-4'><a class=\"ez-toc-link ez-toc-heading-10\" href=\"https:\/\/altal.ro\/ro\/aer-apa-12-kw-dc-monobloc\/#Costuri_de_operare_reduse\">Costuri de operare reduse<\/a><\/li><li class='ez-toc-page-1 ez-toc-heading-level-4'><a class=\"ez-toc-link ez-toc-heading-11\" href=\"https:\/\/altal.ro\/ro\/aer-apa-12-kw-dc-monobloc\/#Durata_lunga_de_viata_si_fiabilitate\">Durat\u0103 lung\u0103 de via\u021b\u0103 \u0219i fiabilitate<\/a><\/li><li class='ez-toc-page-1 ez-toc-heading-level-4'><a class=\"ez-toc-link ez-toc-heading-12\" href=\"https:\/\/altal.ro\/ro\/aer-apa-12-kw-dc-monobloc\/#Usurinta_instalarii\">U\u0219urin\u021ba instal\u0103rii<\/a><\/li><\/ul><\/li><li class='ez-toc-page-1 ez-toc-heading-level-3'><a class=\"ez-toc-link ez-toc-heading-13\" href=\"https:\/\/altal.ro\/ro\/aer-apa-12-kw-dc-monobloc\/#Utilizare\">Utilizare<\/a><\/li><li class='ez-toc-page-1 ez-toc-heading-level-3'><a class=\"ez-toc-link ez-toc-heading-14\" href=\"https:\/\/altal.ro\/ro\/aer-apa-12-kw-dc-monobloc\/#Independenta_de_combustibil\">Independen\u021b\u0103 de combustibil<\/a><\/li><li class='ez-toc-page-1 ez-toc-heading-level-3'><a class=\"ez-toc-link ez-toc-heading-15\" href=\"https:\/\/altal.ro\/ro\/aer-apa-12-kw-dc-monobloc\/#Suport_pentru_functionare_stabila_in_timpul_gerului\">Suport pentru func\u021bionare stabil\u0103 \u00een timpul gerului<\/a><\/li><li class='ez-toc-page-1 ez-toc-heading-level-3'><a class=\"ez-toc-link ez-toc-heading-16\" href=\"https:\/\/altal.ro\/ro\/aer-apa-12-kw-dc-monobloc\/#Comparatie_cu_alte_sisteme\">Comparatie cu alte sisteme<\/a><\/li><li class='ez-toc-page-1 ez-toc-heading-level-3'><a class=\"ez-toc-link ez-toc-heading-17\" href=\"https:\/\/altal.ro\/ro\/aer-apa-12-kw-dc-monobloc\/#Concluzie\">Concluzie<\/a><\/li><\/ul><\/li><li class='ez-toc-page-1 ez-toc-heading-level-2'><a class=\"ez-toc-link ez-toc-heading-18\" href=\"https:\/\/altal.ro\/ro\/aer-apa-12-kw-dc-monobloc\/#De_ce_sa_alegi_Pompa_de_caldura_aer-apa_12_kW_DC_Monobloc\">De ce s\u0103 alegi Pomp\u0103 de c\u0103ldur\u0103 aer-ap\u0103 12 kW DC Monobloc?<\/a><ul class='ez-toc-list-level-4' ><li class='ez-toc-heading-level-4'><ul class='ez-toc-list-level-4' ><li class='ez-toc-heading-level-4'><a class=\"ez-toc-link ez-toc-heading-19\" href=\"https:\/\/altal.ro\/ro\/aer-apa-12-kw-dc-monobloc\/#Intrebari_frecvente\">\u00centreb\u0103ri frecvente<\/a><\/li><\/ul><\/li><li class='ez-toc-page-1 ez-toc-heading-level-3'><a class=\"ez-toc-link ez-toc-heading-20\" href=\"https:\/\/altal.ro\/ro\/aer-apa-12-kw-dc-monobloc\/#Pompa_de_caldura_aer-apa_12_kW_DC_Monobloc-2\">Pomp\u0103 de c\u0103ldur\u0103 aer-ap\u0103 12 kW DC Monobloc<\/a><\/li><\/ul><\/li><\/ul><\/nav><\/div>\n\n<h2><span class=\"ez-toc-section\" id=\"Pompa_de_caldura_aer-apa_12_kW_DC_Monobloc\"><\/span>Pomp\u0103 de c\u0103ldur\u0103 aer-ap\u0103 12 kW DC Monobloc<span class=\"ez-toc-section-end\"><\/span><\/h2>\n<p><strong>Pomp\u0103 de c\u0103ldur\u0103 aer-ap\u0103 12 kW DC Monobloc model AWHP12ME<\/strong> este o solu\u021bie modern\u0103 \u0219i fiabil\u0103 pentru \u00eenc\u0103lzirea \u0219i r\u0103cirea spa\u021biilor. <em>\u00cen primul r\u00e2nd<\/em>, utilizeaz\u0103 c\u0103ldura aerului \u00eenconjur\u0103tor, ceea ce permite reducerea semnificativ\u0103 a costurilor de \u00eenc\u0103lzire.\u00a0<em>De asemenea<\/em>, aceast\u0103 pomp\u0103 demonstreaz\u0103 o eficien\u021b\u0103 ridicat\u0103 chiar \u0219i la temperaturi externe sc\u0103zute, f\u0103c\u00e2nd-o potrivit\u0103 pentru utilizare \u00een diferite condi\u021bii climatice. <strong><span style=\"color: #000080\">Alimentare 220V, 50Hz, invertor DC, monobloc.<\/span><\/strong><\/p>\n<hr \/>\n<h3><span class=\"ez-toc-section\" id=\"Caracteristici_ale_modelului_aer-apa_12_kW_AWHP12ME\"><\/span><strong>Caracteristici ale modelului aer-ap\u0103 12 kW AWHP12ME<\/strong><span class=\"ez-toc-section-end\"><\/span><\/h3>\n<h4><span class=\"ez-toc-section\" id=\"Performanta_ridicata\"><\/span><strong>Performan\u021b\u0103 ridicat\u0103<\/strong><span class=\"ez-toc-section-end\"><\/span><\/h4>\n<p><a href=\"https:\/\/altal.ro\/aer-apa-eco\/\"><strong>Pomp\u0103 de c\u0103ldur\u0103 aer-ap\u0103 12 kW DC Monobloc AWHP12ME<\/strong><\/a> poate \u00eenc\u0103lzi \u0219i r\u0103ci spa\u021bii cu suprafa\u021ba de <strong>de la 50 la 130 m\u00b2<\/strong>. <em>Astfel<\/em>, este ideal\u0103 at\u00e2t pentru case private, c\u00e2t \u0219i pentru mici birouri sau afaceri, piscine. <em>De asemenea<\/em>, modelul asigur\u0103 un climat stabil at\u00e2t iarna, c\u00e2t \u0219i vara, ceea ce o face o alegere versatil\u0103. Cu utilizarea panourilor solare fotovoltaice, se poate ob\u021bine un sistem cu costuri zero pentru \u00eenc\u0103lzire, r\u0103cire \u0219i prepararea apei calde.<\/p>\n<h4><span class=\"ez-toc-section\" id=\"Eficienta_energetica\"><\/span><strong>Eficien\u021b\u0103 energetic\u0103<\/strong><span class=\"ez-toc-section-end\"><\/span><\/h4>\n<p>Modelele\u00a0<a href=\"https:\/\/altal.ro\/pompe-de-caldura-altal\/\">aer-ap\u0103<\/a> AWHP12ME au un coeficient de performan\u021b\u0103 (COP) ridicat, care dep\u0103\u0219e\u0219te frecvent valoarea &gt; 4 atunci c\u00e2nd se utilizeaz\u0103 refrigerantul R290.\u00a0 <em>Cu alte cuvinte<\/em>, fiecare kilowatt de energie consumat\u0103 se transform\u0103 \u00een mai mul\u021bi kilowa\u021bi de c\u0103ldur\u0103.\u00a0<em>Prin urmare<\/em>, utilizarea unui astfel de dispozitiv reduce semnificativ costurile de exploatare.<\/p>\n<h4><span class=\"ez-toc-section\" id=\"Rezistenta_la_temperaturi_scazute\"><\/span><strong>Rezisten\u021b\u0103 la temperaturi sc\u0103zute<\/strong><span class=\"ez-toc-section-end\"><\/span><\/h4>\n<p>Pompele de c\u0103ldur\u0103 aer-ap\u0103 12 kW DC Monobloc din aceast\u0103 categorie pot func\u021biona la temperaturi de p\u00e2n\u0103 la\u00a0 -25\u00b0C. <em>Datorit\u0103 acestui fapt<\/em>, asigur\u0103 func\u021bionare stabil\u0103 chiar \u0219i \u00een cele mai dure condi\u021bii de iarn\u0103.<\/p>\n<h4><span class=\"ez-toc-section\" id=\"Automatizare_si_control\"><\/span><strong>Automatizare \u0219i control<\/strong><span class=\"ez-toc-section-end\"><\/span><\/h4>\n<p><em>\u00cen plus<\/em>, multe modele\u00a0<a href=\"https:\/\/altal.ro\/pompe-de-caldura-altal\/\">pompe de c\u0103ldur\u0103 aer-ap\u0103<\/a> pot fi integrate cu sisteme inteligente de cas\u0103.\u00a0<em>Astfel<\/em>, utilizatorul are posibilitatea de a controla dispozitivul prin aplica\u021bii mobile sau controlere speciale.<\/p>\n<h4><span class=\"ez-toc-section\" id=\"Versatilitate_in_utilizare\"><\/span><strong>Versatilitate \u00een utilizare<\/strong><span class=\"ez-toc-section-end\"><\/span><\/h4>\n<p><a href=\"https:\/\/altal.ro\/aer-apa-eco\/\"><strong>Pomp\u0103 de c\u0103ldur\u0103 aer-ap\u0103 12 kW DC Monobloc AWHP12ME<\/strong><\/a> nu este potrivit\u0103 doar pentru \u00eenc\u0103lzire, ci \u0219i pentru r\u0103cire. <em>De asemenea<\/em>, poate fi folosit\u0103 pentru \u00eenc\u0103lzirea apei, men\u021bin\u00e2nd o temperatur\u0103 confortabil\u0103 \u00een baie sau buc\u0103t\u0103rie.<\/p>\n<hr \/>\n<h3><span class=\"ez-toc-section\" id=\"Beneficiile_pompei_de_caldura\"><\/span><strong>Beneficiile pompei de c\u0103ldur\u0103<\/strong><span class=\"ez-toc-section-end\"><\/span><\/h3>\n<h4><span class=\"ez-toc-section\" id=\"Eco-friendly\"><\/span><strong>Eco-friendly<\/strong><span class=\"ez-toc-section-end\"><\/span><\/h4>\n<p>Pomp\u0103 de c\u0103ldur\u0103 aer-ap\u0103 12 kW DC Monobloc AWHP12ME nu emite dioxid de carbon \u00een atmosfer\u0103, <em>de aceea<\/em> este considerat\u0103 o solu\u021bie ecologic\u0103.\u00a0<em>De asemenea<\/em>, contribuie la reducerea amprentei de carbon, fiind deosebit de important\u0103 pentru utilizatorii responsabili.<\/p>\n<h4><span class=\"ez-toc-section\" id=\"Costuri_de_operare_reduse\"><\/span><strong>Costuri de operare reduse<\/strong><span class=\"ez-toc-section-end\"><\/span><\/h4>\n<p>Spre deosebire de cazanele tradi\u021bionale, Pomp\u0103 de c\u0103ldur\u0103 aer-ap\u0103 12 kW DC Monobloc utilizeaz\u0103 p\u00e2n\u0103 la 75% din energia gratuit\u0103 din aer, reduc\u00e2nd semnificativ costurile cu resursele energetice, precum gazul sau electricitatea.<\/p>\n<h4><span class=\"ez-toc-section\" id=\"Durata_lunga_de_viata_si_fiabilitate\"><\/span><strong>Durat\u0103 lung\u0103 de via\u021b\u0103 \u0219i fiabilitate<\/strong><span class=\"ez-toc-section-end\"><\/span><\/h4>\n<p><em>\u00cen plus<\/em>, durata de via\u021b\u0103 a acestei pompe aer-ap\u0103 12 kW DC Monobloc poate dep\u0103\u0219i 15-20 de ani cu o utilizare corespunz\u0103toare. <em>Astfel<\/em>, reprezint\u0103 o investi\u021bie pe termen lung cu beneficii economice substan\u021biale.<\/p>\n<h4><span class=\"ez-toc-section\" id=\"Usurinta_instalarii\"><\/span><strong>U\u0219urin\u021ba instal\u0103rii<\/strong><span class=\"ez-toc-section-end\"><\/span><\/h4>\n<p>Sistemele aer-ap\u0103 necesit\u0103 mai pu\u021bine costuri de instalare comparativ cu sistemele de tip sol-ap\u0103\u00a0<a href=\"http:\/\/altalheat.com\/shop\/sol-apa\/\" target=\"_blank\" rel=\"noopener\">grount-voda<\/a>.\u00a0<em>De aceea<\/em>, sunt mai accesibile pentru majoritatea utilizatorilor. Totu\u0219i, trebuie s\u0103 \u021binem cont de reducerea performan\u021bei \u0219i eficien\u021bei pe m\u0103sur\u0103 ce scade temperatura exterioar\u0103 (consulta\u021bi graficele).<\/p>\n<hr \/>\n<h3><span class=\"ez-toc-section\" id=\"Utilizare\"><\/span>Utilizare<span class=\"ez-toc-section-end\"><\/span><\/h3>\n<ul>\n<li><strong>\u00cenc\u0103lzire<\/strong>: Pompa poate men\u021bine o temperatur\u0103 confortabil\u0103 chiar \u0219i \u00een condi\u021bii de frig extrem.<\/li>\n<li><strong>Ap\u0103 cald\u0103 menajer\u0103<\/strong>: Dispozitivul poate fi conectat la sistemul de ap\u0103 cald\u0103 menajer\u0103, elimin\u00e2nd necesitatea boilerelor electrice.<\/li>\n<li><strong>R\u0103cire<\/strong>:\u00a0<em>De asemenea<\/em>, vara pompa func\u021bioneaz\u0103 pentru r\u0103cire, asigur\u00e2nd confort \u00een sezonul cald.<\/li>\n<\/ul>\n<h3><span class=\"ez-toc-section\" id=\"Independenta_de_combustibil\"><\/span><strong>Independen\u021b\u0103 de combustibil<\/strong><span class=\"ez-toc-section-end\"><\/span><\/h3>\n<ul>\n<li>Sistemul nu depinde de aprovizionarea cu gaze, lemne sau c\u0103rbune, ceea ce este important \u00een zonele izolate sau independente energetic.<\/li>\n<\/ul>\n<h3><span class=\"ez-toc-section\" id=\"Suport_pentru_functionare_stabila_in_timpul_gerului\"><\/span><strong>Suport pentru func\u021bionare stabil\u0103 \u00een timpul gerului<\/strong><span class=\"ez-toc-section-end\"><\/span><\/h3>\n<ul>\n<li>Modelele moderne pot func\u021biona eficient chiar \u0219i la temperaturi de p\u00e2n\u0103 la -25\u00b0C.<\/li>\n<\/ul>\n<h3><span class=\"ez-toc-section\" id=\"Comparatie_cu_alte_sisteme\"><\/span>Comparatie cu alte sisteme<span class=\"ez-toc-section-end\"><\/span><\/h3>\n<table style=\"width: 59.869%\" border=\"1\">\n<thead>\n<tr>\n<th style=\"width: 23%\">Caracteristici<\/th>\n<th style=\"width: 19.6812%\">Pompa de c\u0103ldur\u0103 aer-ap\u0103<\/th>\n<th style=\"width: 16.5403%\">Cazane pe gaz<\/th>\n<th style=\"width: 17.2808%\">Cazane electrice<\/th>\n<\/tr>\n<\/thead>\n<tbody>\n<tr>\n<td style=\"width: 23%\">Energie regenerabil\u0103<\/td>\n<td style=\"width: 19.6812%;text-align: center\">\u2705<\/td>\n<td style=\"width: 16.5403%;text-align: center\">\u274c<\/td>\n<td style=\"width: 17.2808%;text-align: center\">\u274c<\/td>\n<\/tr>\n<tr>\n<td style=\"width: 23%\">Costuri pentru combustibil<\/td>\n<td style=\"width: 19.6812%;text-align: center\">\u274c<\/td>\n<td style=\"width: 16.5403%;text-align: center\">\u2705<\/td>\n<td style=\"width: 17.2808%;text-align: center\">\u2705<\/td>\n<\/tr>\n<tr>\n<td style=\"width: 23%\">Eficien\u021b\u0103 energetic\u0103<\/td>\n<td style=\"width: 19.6812%;text-align: center\">\u2705<\/td>\n<td style=\"width: 16.5403%;text-align: center\">Medie<\/td>\n<td style=\"width: 17.2808%;text-align: center\">Sc\u0103zut\u0103<\/td>\n<\/tr>\n<tr>\n<td style=\"width: 23%\">Eco-friendly<\/td>\n<td style=\"width: 19.6812%;text-align: center\">\u2705<\/td>\n<td style=\"width: 16.5403%;text-align: center\">\u274c<\/td>\n<td style=\"width: 17.2808%;text-align: center\">Medie<\/td>\n<\/tr>\n<\/tbody>\n<\/table>\n<hr \/>\n<h3><span class=\"ez-toc-section\" id=\"Concluzie\"><\/span>Concluzie<span class=\"ez-toc-section-end\"><\/span><\/h3>\n<p>Pompa de c\u0103ldur\u0103 aer-ap\u0103 reprezint\u0103 o alternativ\u0103 modern\u0103 \u0219i eficient\u0103 pentru sistemele tradi\u021bionale de \u00eenc\u0103lzire. Eficien\u021ba, ecologicitatea \u0219i versatilitatea sa o fac o alegere excelent\u0103 pentru crearea unui microclimat confortabil acas\u0103 sau la birou.<\/p>\n<h2><span class=\"ez-toc-section\" id=\"De_ce_sa_alegi_Pompa_de_caldura_aer-apa_12_kW_DC_Monobloc\"><\/span>De ce s\u0103 alegi Pomp\u0103 de c\u0103ldur\u0103 aer-ap\u0103 12 kW DC Monobloc?<span class=\"ez-toc-section-end\"><\/span><\/h2>\n<ul>\n<li>Versatilitate: versiunile monobloc sunt potrivite pentru orice condi\u021bii.<\/li>\n<li>Eficien\u021b\u0103 energetic\u0103: economii semnificative la \u00eenc\u0103lzire \u0219i r\u0103cire.<\/li>\n<li>Eco-friendly: utilizarea refrigerantului R290 este sigur\u0103 pentru mediu.<\/li>\n<li>Fiabilitate: func\u021bioneaz\u0103 \u00een cele mai dure condi\u021bii climatice.<\/li>\n<\/ul>\n<p>Oferim un spectru complet de servicii pentru pompe de c\u0103ldur\u0103, pentru a asigura confortul dumneavoastr\u0103 pe tot parcursul anului:<\/p>\n<ul>\n<li><span style=\"color: #ff0000\"><strong>Produc\u021bie<\/strong>: Suntem produc\u0103tori de pompe de c\u0103ldur\u0103. Le fabric\u0103m noi. Prime\u0219ti echipamentul direct de la fabric\u0103.<\/span><\/li>\n<li>V\u00e2nzare: gam\u0103 larg\u0103 de pompe de c\u0103ldur\u0103 asamblate \u00een Moldova \u0219i Rom\u00e2nia. \u00ce\u021bi vom ajuta s\u0103 alegi solu\u021bia perfect\u0103 pentru nevoile tale.<\/li>\n<li>Instalare: montaj profesionist, adaptat la caracteristicile casei sau afacerii tale.<\/li>\n<li>Servicii de \u00eentre\u021binere: \u00eentre\u021binere tehnic\u0103 regulat\u0103 \u0219i suport prompt.<\/li>\n<li>Garan\u021bie: \u00cen perioada de garan\u021bie, po\u021bi beneficia de diagnosticare \u0219i repara\u021bie gratuite.<\/li>\n<\/ul>\n<h4><span class=\"ez-toc-section\" id=\"Intrebari_frecvente\"><\/span><strong>\u00centreb\u0103ri frecvente<\/strong><span class=\"ez-toc-section-end\"><\/span><\/h4>\n<ul>\n<li><em>Pompa este potrivit\u0103 pentru o cas\u0103 privat\u0103?<\/em> \u2014 Da, modelul AWHP12ME este destinat pentru suprafe\u021be \u00eentre 50 \u0219i 130 m\u00b2.<\/li>\n<li><em>Se poate folosi pompa iarna?<\/em> \u2014 Da, func\u021bioneaz\u0103 stabil p\u00e2n\u0103 la temperaturi de -25\u00b0C.<\/li>\n<\/ul>\n<hr \/>\n<h3><span class=\"ez-toc-section\" id=\"Pompa_de_caldura_aer-apa_12_kW_DC_Monobloc-2\"><\/span>Pomp\u0103 de c\u0103ldur\u0103 aer-ap\u0103 12 kW DC Monobloc<span class=\"ez-toc-section-end\"><\/span><\/h3>\n<p>\u2014 este o solu\u021bie eficient\u0103 \u0219i versatil\u0103 pentru \u00eenc\u0103lzire, r\u0103cire \u0219i alimentare cu ap\u0103 cald\u0103 menajer\u0103 \u00een locuin\u021be moderne sau afaceri. Av\u00e2nd \u00een vedere cre\u0219terea pre\u021burilor la energie, astfel de sisteme devin din ce \u00een ce mai populare. Potrivit <a href=\"https:\/\/www.irena.org\/\" target=\"_new\" rel=\"noopener\">Agen\u021biei Interna\u021bionale pentru Energie Regenerabil\u0103 (IRENA)<\/a>, pompele de c\u0103ldur\u0103 sunt unele dintre cele mai eficiente modalit\u0103\u021bi de \u00eenc\u0103lzire. <strong><span style=\"color: red\">FABRICAT \u00ceN MOLDOVA<\/span><\/strong> <strong>Po\u021bi cump\u0103ra \u00een Moldova direct de la produc\u0103tor.<\/strong><\/p>\n<hr \/>\n","protected":false},"excerpt":{"rendered":"<h2><span style=\"color: #800080;\"><strong>Modelul <\/strong>AWHP12ME<\/span><\/h2>\n<p>Pompa de c\u0103ldur\u0103 aer-ap\u0103, monobloc, putere termic\u0103 <strong>12 kW<\/strong>. Agent frigorific <strong>R290 sau R32.<\/strong> Pentru \u00eenc\u0103lzirea \u0219i r\u0103cirea spa\u021biilor <strong>de la 50 p\u00e2n\u0103 la 130 m\u00b2<\/strong>. Func\u021bie pentru prepararea apei calde menajere. Func\u021bionare p\u00e2n\u0103 la <strong>-25\u00b0C.<\/strong> Temperatura apei p\u00e2n\u0103 la <strong>+75\u00b0C.<\/strong> Tensiunea de alimentare 220 Vol\u021bi, 50 Hz.<br \/>\n<span style=\"color: #ff0000;\"><strong>FABRICAT \u00ceN MOLDOVA<\/strong><\/span><\/p>\n<p><strong>Poate fi achizi\u021bionat \u00een Moldova direct de la produc\u0103tor.<\/strong><\/p>\n","protected":false},"featured_media":3834,"comment_status":"open","ping_status":"closed","template":"","meta":{"_acf_changed":false,"_kad_post_transparent":"default","_kad_post_title":"","_kad_post_layout":"default","_kad_post_sidebar_id":"","_kad_post_content_style":"default","_kad_post_vertical_padding":"default","_kad_post_feature":"","_kad_post_feature_position":"","_kad_post_header":false,"_kad_post_footer":false},"product_brand":[198],"product_cat":[329],"product_tag":[230,203,207,334],"class_list":{"0":"post-3036","1":"product","2":"type-product","3":"status-publish","4":"has-post-thumbnail","6":"product_brand-altal","7":"product_cat-aer-apa-mini","8":"product_tag-12-kw","9":"product_tag-dc","10":"product_tag-pompa-de-caldura-aer-apa","11":"product_tag-pompa-de-caldura-monobloc","12":"product_shipping_class-greutate-mare","13":"pa_compresor-dc-invertor","14":"pa_model-monobloc","15":"pa_putere-termica-kw-12-kw","16":"pa_suprafata-de-incalzire--393","17":"pa_temperatura-apei--60c","18":"pa_temperatura-apei--75c","19":"pa_tip-pompa-de-caldura-aer-apa","21":"first","22":"instock","23":"featured","24":"purchasable","25":"product-type-simple","26":"entry","27":"content-bg","28":"loop-entry"},"acf":[],"_links":{"self":[{"href":"https:\/\/altal.ro\/ro\/wp-json\/wp\/v2\/product\/3036","targetHints":{"allow":["GET"]}}],"collection":[{"href":"https:\/\/altal.ro\/ro\/wp-json\/wp\/v2\/product"}],"about":[{"href":"https:\/\/altal.ro\/ro\/wp-json\/wp\/v2\/types\/product"}],"replies":[{"embeddable":true,"href":"https:\/\/altal.ro\/ro\/wp-json\/wp\/v2\/comments?post=3036"}],"version-history":[{"count":8,"href":"https:\/\/altal.ro\/ro\/wp-json\/wp\/v2\/product\/3036\/revisions"}],"predecessor-version":[{"id":7649,"href":"https:\/\/altal.ro\/ro\/wp-json\/wp\/v2\/product\/3036\/revisions\/7649"}],"wp:featuredmedia":[{"embeddable":true,"href":"https:\/\/altal.ro\/ro\/wp-json\/wp\/v2\/media\/3834"}],"wp:attachment":[{"href":"https:\/\/altal.ro\/ro\/wp-json\/wp\/v2\/media?parent=3036"}],"wp:term":[{"taxonomy":"product_brand","embeddable":true,"href":"https:\/\/altal.ro\/ro\/wp-json\/wp\/v2\/product_brand?post=3036"},{"taxonomy":"product_cat","embeddable":true,"href":"https:\/\/altal.ro\/ro\/wp-json\/wp\/v2\/product_cat?post=3036"},{"taxonomy":"product_tag","embeddable":true,"href":"https:\/\/altal.ro\/ro\/wp-json\/wp\/v2\/product_tag?post=3036"}],"curies":[{"name":"wp","href":"https:\/\/api.w.org\/{rel}","templated":true}]}}