{"id":3026,"date":"2025-06-16T00:29:11","date_gmt":"2025-06-16T00:29:11","guid":{"rendered":"https:\/\/altal.ro\/?post_type=product&#038;p=3026"},"modified":"2025-07-23T02:02:34","modified_gmt":"2025-07-22T23:02:34","slug":"izolatie-termica-din-cauciuc-spumat-10-mm","status":"publish","type":"product","link":"https:\/\/altal.ro\/ro\/izolatie-termica-din-cauciuc-spumat-10-mm\/","title":{"rendered":"Izola\u021bie termic\u0103 din cauciuc spumat 10 mm"},"content":{"rendered":"<div id=\"ez-toc-container\" class=\"ez-toc-v2_0_82_2 counter-hierarchy ez-toc-counter ez-toc-grey ez-toc-container-direction\">\n<div class=\"ez-toc-title-container\">\n<p class=\"ez-toc-title\" style=\"cursor:inherit\">Cuprins<\/p>\n<span class=\"ez-toc-title-toggle\"><a href=\"#\" class=\"ez-toc-pull-right ez-toc-btn ez-toc-btn-xs ez-toc-btn-default ez-toc-toggle\" aria-label=\"Toggle Table of Content\"><span class=\"ez-toc-js-icon-con\"><span class=\"\"><span class=\"eztoc-hide\" style=\"display:none;\">Toggle<\/span><span class=\"ez-toc-icon-toggle-span\"><svg style=\"fill: #999;color:#999\" xmlns=\"http:\/\/www.w3.org\/2000\/svg\" class=\"list-377408\" width=\"20px\" height=\"20px\" viewBox=\"0 0 24 24\" fill=\"none\"><path d=\"M6 6H4v2h2V6zm14 0H8v2h12V6zM4 11h2v2H4v-2zm16 0H8v2h12v-2zM4 16h2v2H4v-2zm16 0H8v2h12v-2z\" fill=\"currentColor\"><\/path><\/svg><svg style=\"fill: #999;color:#999\" class=\"arrow-unsorted-368013\" xmlns=\"http:\/\/www.w3.org\/2000\/svg\" width=\"10px\" height=\"10px\" viewBox=\"0 0 24 24\" version=\"1.2\" baseProfile=\"tiny\"><path d=\"M18.2 9.3l-6.2-6.3-6.2 6.3c-.2.2-.3.4-.3.7s.1.5.3.7c.2.2.4.3.7.3h11c.3 0 .5-.1.7-.3.2-.2.3-.5.3-.7s-.1-.5-.3-.7zM5.8 14.7l6.2 6.3 6.2-6.3c.2-.2.3-.5.3-.7s-.1-.5-.3-.7c-.2-.2-.4-.3-.7-.3h-11c-.3 0-.5.1-.7.3-.2.2-.3.5-.3.7s.1.5.3.7z\"\/><\/svg><\/span><\/span><\/span><\/a><\/span><\/div>\n<nav><ul class='ez-toc-list ez-toc-list-level-1 ' ><li class='ez-toc-page-1 ez-toc-heading-level-2'><a class=\"ez-toc-link ez-toc-heading-1\" href=\"https:\/\/altal.ro\/ro\/izolatie-termica-din-cauciuc-spumat-10-mm\/#Izolatie_termica_din_cauciuc_spumat_10_mm\">Izola\u021bie termic\u0103 din cauciuc spumat 10 mm<\/a><ul class='ez-toc-list-level-4' ><li class='ez-toc-heading-level-4'><ul class='ez-toc-list-level-4' ><li class='ez-toc-heading-level-4'><a class=\"ez-toc-link ez-toc-heading-2\" href=\"https:\/\/altal.ro\/ro\/izolatie-termica-din-cauciuc-spumat-10-mm\/#De_ce_aleg_oamenii_izolatie_din_cauciuc_spumat\">De ce aleg oamenii izola\u021bie din cauciuc spumat?<\/a><\/li><li class='ez-toc-page-1 ez-toc-heading-level-4'><a class=\"ez-toc-link ez-toc-heading-3\" href=\"https:\/\/altal.ro\/ro\/izolatie-termica-din-cauciuc-spumat-10-mm\/#Caracteristici_principale_ale_Izolatie_termica_din_cauciuc_spumat_10_mm\">Caracteristici principale ale Izola\u021bie termic\u0103 din cauciuc spumat 10 mm<\/a><\/li><li class='ez-toc-page-1 ez-toc-heading-level-4'><a class=\"ez-toc-link ez-toc-heading-4\" href=\"https:\/\/altal.ro\/ro\/izolatie-termica-din-cauciuc-spumat-10-mm\/#Avantajele_utilizarii_Izolatie_termica_din_cauciuc_spumat_10_mm\">Avantajele utiliz\u0103rii Izola\u021bie termic\u0103 din cauciuc spumat 10 mm<\/a><\/li><li class='ez-toc-page-1 ez-toc-heading-level-4'><a class=\"ez-toc-link ez-toc-heading-5\" href=\"https:\/\/altal.ro\/ro\/izolatie-termica-din-cauciuc-spumat-10-mm\/#Caracteristici_ale_materialului_RFSA\">Caracteristici ale materialului RFSA<\/a><\/li><li class='ez-toc-page-1 ez-toc-heading-level-4'><a class=\"ez-toc-link ez-toc-heading-6\" href=\"https:\/\/altal.ro\/ro\/izolatie-termica-din-cauciuc-spumat-10-mm\/#Unde_se_aplica_Izolatie_termica_din_cauciuc_spumat_10_mm\">Unde se aplic\u0103 Izola\u021bie termic\u0103 din cauciuc spumat 10 mm?<\/a><\/li><li class='ez-toc-page-1 ez-toc-heading-level-4'><a class=\"ez-toc-link ez-toc-heading-7\" href=\"https:\/\/altal.ro\/ro\/izolatie-termica-din-cauciuc-spumat-10-mm\/#Specificatii_tehnice_Izolatie_termica_din_cauciuc_spumat_10_mm\">Specifica\u021bii tehnice Izola\u021bie termic\u0103 din cauciuc spumat 10 mm<\/a><\/li><li class='ez-toc-page-1 ez-toc-heading-level-4'><a class=\"ez-toc-link ez-toc-heading-8\" href=\"https:\/\/altal.ro\/ro\/izolatie-termica-din-cauciuc-spumat-10-mm\/#Avantaje_de_cumparare_in_ALTAL\">Avantaje de cump\u0103rare \u00een ALTAL<\/a><\/li><\/ul><\/li><\/ul><\/li><\/ul><\/nav><\/div>\n\n<h2><span class=\"ez-toc-section\" id=\"Izolatie_termica_din_cauciuc_spumat_10_mm\"><\/span>Izola\u021bie termic\u0103 din cauciuc spumat 10 mm<span class=\"ez-toc-section-end\"><\/span><\/h2>\n<p><strong>Dimensiuni ale materialului:<\/strong> l\u0103\u021bime <strong><span style=\"color: #0000ff\">1000 mm, grosime 10 mm.<\/span><\/strong> Pre\u021bul este indicat pentru <span style=\"color: #0000ff\"><strong>1 m\u00b2<\/strong><\/span>. Izola\u021bie termic\u0103 din cauciuc spumat 10 mm joac\u0103 un rol important \u00een sistemele moderne de construc\u021bii \u0219i tehnologie. <strong>Izola\u021bia din cauciuc spumat de 10 mm<\/strong> este unul dintre cele mai eficiente \u0219i solicitate materiale pentru protec\u021bia <a href=\"https:\/\/altal.ro\/ro\/schimbatoare-de-caldura\/\" target=\"_blank\" rel=\"noopener\">schimb\u0103toarelor de c\u0103ldur\u0103<\/a>, <a href=\"https:\/\/altal.ro\/ro\/pompe-de-caldura-altal\/\" target=\"_blank\" rel=\"noopener\">pompelor de c\u0103ldur\u0103<\/a>, conductelor, sistemelor de ventila\u021bie \u0219i echipamentelor \u00eempotriva pierderilor de c\u0103ldur\u0103 \u0219i form\u0103rii condensului. Acest material asigur\u0103 o izolare termic\u0103 fiabil\u0103 \u0219i poate fi utilizat \u00een cele mai diverse condi\u021bii, de la industrie p\u00e2n\u0103 la locuin\u021be.<\/p>\n<h4><span class=\"ez-toc-section\" id=\"De_ce_aleg_oamenii_izolatie_din_cauciuc_spumat\"><\/span>De ce aleg oamenii izola\u021bie din cauciuc spumat?<span class=\"ez-toc-section-end\"><\/span><\/h4>\n<p>Izola\u021bie termic\u0103 din cauciuc spumat 10 mm se remarc\u0103 printre alte materiale datorit\u0103 caracteristicilor sale unice \u0219i eficien\u021bei ridicate. Are o serie de avantaje care o fac solu\u021bia ideal\u0103 pentru numeroase sarcini. \u00cen primul r\u00e2nd, Izola\u021bie termic\u0103 din cauciuc spumat 10 mm\u00a0are propriet\u0103\u021bi excelente de izolare termic\u0103. Permite reducerea pierderilor de c\u0103ldur\u0103 \u0219i sc\u0103derea semnificativ\u0103 a consumului de energie, ceea ce este deosebit de important \u00een sistemele de \u00eenc\u0103lzire \u0219i r\u0103cire. Structura sa cu celule \u00eenchise previne formarea condensului, evit\u00e2nd coroziunea \u0219i alte deterior\u0103ri ale conductelor \u0219i echipamentelor. Pentru montaj pe suprafe\u021be mari, cum ar fi pere\u021bi, conducte de aer sau echipamente tehnologice, se utilizeaz\u0103 pl\u0103ci deIzola\u021bie termic\u0103 din cauciuc spumat 10 mm. Acest format permite acoperirea rapid\u0103 \u0219i eficient\u0103 a suprafe\u021belor extinse, oferind \u00een acela\u0219i timp protec\u021bie fiabil\u0103 \u00eempotriva pierderilor de c\u0103ldur\u0103. \u00cen plus, <strong>izola\u021bia din cauciuc spumat de 10 mm<\/strong> se adapteaz\u0103 u\u0219or la diverse suprafe\u021be, are flexibilitate \u0219i rezisten\u021b\u0103 la deterior\u0103ri mecanice, f\u0103c\u00e2ndu-l un material ideal pentru utilizare \u00een cele mai variate domenii.<\/p>\n<h4><span class=\"ez-toc-section\" id=\"Caracteristici_principale_ale_Izolatie_termica_din_cauciuc_spumat_10_mm\"><\/span>Caracteristici principale ale Izola\u021bie termic\u0103 din cauciuc spumat 10 mm<span class=\"ez-toc-section-end\"><\/span><\/h4>\n<ol>\n<li><strong>Suprafa\u021b\u0103 adeziv\u0103<\/strong>. Baza autoadesiv\u0103 a materialului accelereaz\u0103 procesul de instalare, elimin\u00e2nd necesitatea utiliz\u0103rii elementelor suplimentare de fixare. Acest lucru economise\u0219te timp \u0219i efort.<\/li>\n<li><strong>Grosimea pl\u0103cii<\/strong>. Pl\u0103cile din cauciuc spumat sunt produse \u00een diferite grosimi, inclusiv 10 mm, permi\u021b\u00e2nd alegerea celei mai potrivite pentru fiecare caz \u00een parte.<\/li>\n<li><strong>Flexibilitate \u0219i elasticitate<\/strong>. Acest material \u00ee\u0219i adapteaz\u0103 u\u0219or forma \u0219i se conformeaz\u0103 suprafe\u021belor complexe \u0219i neregulate. Are o elasticitate ridicat\u0103, fiind convenabil pentru utilizare \u00een zone unde se cere precizie maxim\u0103.<\/li>\n<li><strong>Propriet\u0103\u021bi anticorozive<\/strong>. Izola\u021bia previne formarea ruginii pe conductele metalice \u0219i alte componente ale sistemului.<\/li>\n<li><strong>Rezisten\u021b\u0103 la umiditate<\/strong>. Izola\u021bia nu absoarbe umiditatea, prevenind sc\u0103derea propriet\u0103\u021bilor sale izolante \u0219i protej\u00e2nd echipamentele \u00eempotriva deterior\u0103rilor.<\/li>\n<\/ol>\n<h4><span class=\"ez-toc-section\" id=\"Avantajele_utilizarii_Izolatie_termica_din_cauciuc_spumat_10_mm\"><\/span>Avantajele utiliz\u0103rii Izola\u021bie termic\u0103 din cauciuc spumat 10 mm<span class=\"ez-toc-section-end\"><\/span><\/h4>\n<ul>\n<li><strong>Economisirea energiei<\/strong>. <strong>Izola\u021bia din cauciuc spumat de 10 mm<\/strong> ajut\u0103 la reducerea pierderilor de c\u0103ldur\u0103 \u00een conducte, canale de ventila\u021bie \u0219i alte sisteme. Acest lucru duce la sc\u0103derea semnificativ\u0103 a consumului de energie \u0219i la cre\u0219terea eficien\u021bei generale a sistemului.<\/li>\n<li><strong>Flexibilitate \u0219i versatilitate<\/strong>. Acest material este perfect pentru utilizarea \u00een cele mai diverse sisteme, inclusiv \u00eenc\u0103lzire, r\u0103cire, ventila\u021bie \u0219i conducte industriale.<\/li>\n<li><strong>Izolare fonic\u0103<\/strong>. Datorit\u0103 structurii sale poroase, materialul reduce eficient nivelul de zgomot \u00een sisteme, mai ales \u00een locurile unde este necesar\u0103 izolare fonic\u0103, precum sistemele de ventila\u021bie.<\/li>\n<li><a href=\"https:\/\/en.wikipedia.org\/wiki\/Fire_safety\" target=\"_blank\" rel=\"noopener\"><strong>Securitate la incendiu<\/strong><\/a>. Izola\u021bia nu sus\u021bine arderea, iar produsele sale de descompunere sunt toxice \u00een cantit\u0103\u021bi mici, f\u0103c\u00e2nd materialul sigur pentru utilizare \u00een orice condi\u021bii.<\/li>\n<li><strong>Durabilitate<\/strong>. Cauciucul spumat are o rezisten\u021b\u0103 \u00eenalt\u0103 la deterior\u0103ri mecanice \u0219i la factorii externi, asigur\u00e2nd o durat\u0103 lung\u0103 de via\u021b\u0103.<\/li>\n<\/ul>\n<h4><span class=\"ez-toc-section\" id=\"Caracteristici_ale_materialului_RFSA\"><\/span>Caracteristici ale materialului RFSA<span class=\"ez-toc-section-end\"><\/span><\/h4>\n<p>Izola\u021bia \u00een foi de marca <strong>RFSA<\/strong> din cauciuc spumat este destinat\u0103 utiliz\u0103rii \u00een sisteme supuse unor varia\u021bii mari de temperatur\u0103. Acest material este ideal pentru condi\u021bii extrem de dificile, unde este nevoie de o izolare termic\u0103 ridicat\u0103 \u0219i protec\u021bie \u00eempotriva condensului. Intervalul de temperaturi de func\u021bionare de la -60\u00b0C p\u00e2n\u0103 la +150\u00b0C \u00eel face versatil pentru utilizarea \u00een sistemele de \u00eenc\u0103lzire, ventila\u021bie, precum \u0219i \u00een echipamente industriale \u0219i frigorifice. <strong>Propriet\u0103\u021bi principale ale materialului RFSA<\/strong>:<\/p>\n<ul>\n<li><strong>Permeabilitate sc\u0103zut\u0103 la vapori<\/strong>. Structura cu celule \u00eenchise previne p\u0103trunderea umidit\u0103\u021bii \u0219i condensului, men\u021bin\u00e2nd eficien\u021ba izola\u021biei.<\/li>\n<li><strong>Protec\u021bie anticoroziv\u0103<\/strong>. Materialul rezist\u0103 la substan\u021be chimice \u0219i vapori de ap\u0103, prevenind coroziunea pe componentele metalice.<\/li>\n<li><strong>Flexibilitate<\/strong>. Izola\u021bia din foi RFSA are o elasticitate \u00eenalt\u0103, recuper\u00e2nd cu u\u0219urin\u021b\u0103 forma dup\u0103 deform\u0103ri.<\/li>\n<li><strong>Baz\u0103 autoadesiv\u0103<\/strong>. Faciliteaz\u0103 montajul \u0219i asigur\u0103 o fixare etan\u0219\u0103 \u0219i sigur\u0103 pe diverse suprafe\u021be.<\/li>\n<\/ul>\n<h4><span class=\"ez-toc-section\" id=\"Unde_se_aplica_Izolatie_termica_din_cauciuc_spumat_10_mm\"><\/span>Unde se aplic\u0103 Izola\u021bie termic\u0103 din cauciuc spumat 10 mm?<span class=\"ez-toc-section-end\"><\/span><\/h4>\n<ul>\n<li><strong>\u00cenc\u0103lzire \u0219i ventila\u021bie<\/strong>. Izola\u021bia din cauciuc spumat este utilizat\u0103 pentru izolare conducte \u0219i sisteme de ventila\u021bie, ajut\u00e2nd la prevenirea pierderilor de c\u0103ldur\u0103 \u0219i form\u0103rii condensului.<\/li>\n<li><strong>Industrie<\/strong>. \u00cen industria chimic\u0103 \u0219i petrochimic\u0103, materialul protejeaz\u0103 conductele de temperaturi ridicate \u0219i substan\u021be chimice active.<\/li>\n<li><strong>Sisteme criogenice<\/strong>. Izola\u021bia este folosit\u0103 \u00een instala\u021bii frigorifice \u0219i sisteme de r\u0103cire, oferind protec\u021bie eficient\u0103 la temperaturi foarte sc\u0103zute.<\/li>\n<li><strong>Pompe de c\u0103ldur\u0103<\/strong>. Materialul contribuie la \u00eembun\u0103t\u0103\u021birea eficien\u021bei pompelor de c\u0103ldur\u0103, reduc\u00e2nd pierderile de energie \u0219i protej\u00e2nd sistemul de factorii externi.<\/li>\n<\/ul>\n<h4><span class=\"ez-toc-section\" id=\"Specificatii_tehnice_Izolatie_termica_din_cauciuc_spumat_10_mm\"><\/span>Specifica\u021bii tehnice Izola\u021bie termic\u0103 din cauciuc spumat 10 mm<span class=\"ez-toc-section-end\"><\/span><\/h4>\n<ul>\n<li><strong>Temperatur\u0103 de utilizare<\/strong>: de la -60\u00b0C p\u00e2n\u0103 la +150\u00b0C.<\/li>\n<li><strong>Coeficient de conductivitate termic\u0103<\/strong>: 0,038 W\/(m\u00b7\u00b0C) la +20\u00b0C.<\/li>\n<li><strong>Densitate<\/strong>: 45\u201360 kg\/m\u00b3.<\/li>\n<li><strong>Permeabilitate la vapori (\u03bc)<\/strong>: peste 8000.<\/li>\n<li><strong>Culoare<\/strong>: negru.<\/li>\n<li><strong>Clasa de inflamabilitate<\/strong>: G1.<\/li>\n<\/ul>\n<h4><span class=\"ez-toc-section\" id=\"Avantaje_de_cumparare_in_ALTAL\"><\/span>Avantaje de cump\u0103rare \u00een ALTAL<span class=\"ez-toc-section-end\"><\/span><\/h4>\n<p>Dac\u0103 c\u0103uta\u021bi o Izola\u021bie termic\u0103 din cauciuc spumat 10 mm de calitate \u0219i durabil\u0103, contacta\u021bi magazinul online <strong>\u201eALTAL\u201d<\/strong>. Oferim produse la pre\u021buri competitive, iar speciali\u0219tii no\u0219tri v\u0103 vor ajuta s\u0103 alege\u021bi cea mai bun\u0103 solu\u021bie pentru proiectul dumneavoastr\u0103. Interfa\u021ba simpl\u0103 a site-ului face procesul de comand\u0103 u\u0219or, iar livrarea va fi rapid\u0103 \u0219i sigur\u0103. <strong>Comanda\u021bi chiar acum!<\/strong>\u00a0 Ob\u021bine\u021bi o izola\u021bie termic\u0103 de calitate la un pre\u021b avantajos! \u00a0<\/p>\n<hr \/>\n<p>\u00a0<\/p>\n","protected":false},"excerpt":{"rendered":"<p><strong>Dimensiuni ale materialului:<\/strong><\/p>\n<ul>\n<li>Material: cauciuc spumant (expandat),<\/li>\n<li>l\u0103\u021bime <strong><span style=\"color: #0000ff;\">1000 mm, <\/span><\/strong><strong><span style=\"color: #0000ff;\">grosime 10 mm.<\/span><\/strong><\/li>\n<li><strong>Temperatur\u0103 de utilizare<\/strong>: de la -60\u00b0C p\u00e2n\u0103 la +150\u00b0C.<\/li>\n<li><strong>Coeficient de conductivitate termic\u0103<\/strong>: 0,038 W\/(m\u00b7\u00b0C) la +20\u00b0C.<\/li>\n<li><strong>Densitate<\/strong>: 45\u201360 kg\/m\u00b3.<\/li>\n<li><strong>Permeabilitate la vapori (\u03bc)<\/strong>: peste 8000.<\/li>\n<li><strong>Culoare<\/strong>: negru.<\/li>\n<li><strong>Clasa de inflamabilitate<\/strong>: G1.<\/li>\n<\/ul>\n<p>Pre\u021bul este indicat pentru <span style=\"color: #0000ff;\"><strong>1 m\u00b2<\/strong><\/span>.<\/p>\n","protected":false},"featured_media":2359,"comment_status":"open","ping_status":"closed","template":"","meta":{"_acf_changed":false,"_kad_post_transparent":"default","_kad_post_title":"","_kad_post_layout":"default","_kad_post_sidebar_id":"","_kad_post_content_style":"default","_kad_post_vertical_padding":"default","_kad_post_feature":"","_kad_post_feature_position":"","_kad_post_header":false,"_kad_post_footer":false},"product_brand":[],"product_cat":[183,325],"product_tag":[215,326],"class_list":{"0":"post-3026","1":"product","2":"type-product","3":"status-publish","4":"has-post-thumbnail","6":"product_cat-catalog","7":"product_cat-izolatie-termica","8":"product_tag-aprovizionare-cu-apa","9":"product_tag-izolatie-termica-chisinau","11":"first","12":"instock","13":"sale","14":"featured","15":"taxable","16":"shipping-taxable","17":"purchasable","18":"product-type-simple","19":"entry","20":"content-bg","21":"loop-entry"},"acf":[],"_links":{"self":[{"href":"https:\/\/altal.ro\/ro\/wp-json\/wp\/v2\/product\/3026","targetHints":{"allow":["GET"]}}],"collection":[{"href":"https:\/\/altal.ro\/ro\/wp-json\/wp\/v2\/product"}],"about":[{"href":"https:\/\/altal.ro\/ro\/wp-json\/wp\/v2\/types\/product"}],"replies":[{"embeddable":true,"href":"https:\/\/altal.ro\/ro\/wp-json\/wp\/v2\/comments?post=3026"}],"version-history":[{"count":2,"href":"https:\/\/altal.ro\/ro\/wp-json\/wp\/v2\/product\/3026\/revisions"}],"predecessor-version":[{"id":7659,"href":"https:\/\/altal.ro\/ro\/wp-json\/wp\/v2\/product\/3026\/revisions\/7659"}],"wp:featuredmedia":[{"embeddable":true,"href":"https:\/\/altal.ro\/ro\/wp-json\/wp\/v2\/media\/2359"}],"wp:attachment":[{"href":"https:\/\/altal.ro\/ro\/wp-json\/wp\/v2\/media?parent=3026"}],"wp:term":[{"taxonomy":"product_brand","embeddable":true,"href":"https:\/\/altal.ro\/ro\/wp-json\/wp\/v2\/product_brand?post=3026"},{"taxonomy":"product_cat","embeddable":true,"href":"https:\/\/altal.ro\/ro\/wp-json\/wp\/v2\/product_cat?post=3026"},{"taxonomy":"product_tag","embeddable":true,"href":"https:\/\/altal.ro\/ro\/wp-json\/wp\/v2\/product_tag?post=3026"}],"curies":[{"name":"wp","href":"https:\/\/api.w.org\/{rel}","templated":true}]}}