{"id":2971,"date":"2025-06-16T00:28:54","date_gmt":"2025-06-16T00:28:54","guid":{"rendered":"https:\/\/altal.ro\/?post_type=product&#038;p=2971"},"modified":"2025-07-23T02:03:19","modified_gmt":"2025-07-22T23:03:19","slug":"sol-apa-dual-90-kw","status":"publish","type":"product","link":"https:\/\/altal.ro\/ro\/sol-apa-dual-90-kw\/","title":{"rendered":"Pompa de caldura sol-apa DUAL 90 kW"},"content":{"rendered":"<div id=\"ez-toc-container\" class=\"ez-toc-v2_0_82_2 counter-hierarchy ez-toc-counter ez-toc-grey ez-toc-container-direction\">\n<div class=\"ez-toc-title-container\">\n<p class=\"ez-toc-title\" style=\"cursor:inherit\">Cuprins<\/p>\n<span class=\"ez-toc-title-toggle\"><a href=\"#\" class=\"ez-toc-pull-right ez-toc-btn ez-toc-btn-xs ez-toc-btn-default ez-toc-toggle\" aria-label=\"Toggle Table of Content\"><span class=\"ez-toc-js-icon-con\"><span class=\"\"><span class=\"eztoc-hide\" style=\"display:none;\">Toggle<\/span><span class=\"ez-toc-icon-toggle-span\"><svg style=\"fill: #999;color:#999\" xmlns=\"http:\/\/www.w3.org\/2000\/svg\" class=\"list-377408\" width=\"20px\" height=\"20px\" viewBox=\"0 0 24 24\" fill=\"none\"><path d=\"M6 6H4v2h2V6zm14 0H8v2h12V6zM4 11h2v2H4v-2zm16 0H8v2h12v-2zM4 16h2v2H4v-2zm16 0H8v2h12v-2z\" fill=\"currentColor\"><\/path><\/svg><svg style=\"fill: #999;color:#999\" class=\"arrow-unsorted-368013\" xmlns=\"http:\/\/www.w3.org\/2000\/svg\" width=\"10px\" height=\"10px\" viewBox=\"0 0 24 24\" version=\"1.2\" baseProfile=\"tiny\"><path d=\"M18.2 9.3l-6.2-6.3-6.2 6.3c-.2.2-.3.4-.3.7s.1.5.3.7c.2.2.4.3.7.3h11c.3 0 .5-.1.7-.3.2-.2.3-.5.3-.7s-.1-.5-.3-.7zM5.8 14.7l6.2 6.3 6.2-6.3c.2-.2.3-.5.3-.7s-.1-.5-.3-.7c-.2-.2-.4-.3-.7-.3h-11c-.3 0-.5.1-.7.3-.2.2-.3.5-.3.7s.1.5.3.7z\"\/><\/svg><\/span><\/span><\/span><\/a><\/span><\/div>\n<nav><ul class='ez-toc-list ez-toc-list-level-1 ' ><li class='ez-toc-page-1 ez-toc-heading-level-2'><a class=\"ez-toc-link ez-toc-heading-1\" href=\"https:\/\/altal.ro\/ro\/sol-apa-dual-90-kw\/#Pompa_de_caldura_sol-apa_DUAL_90_kW\" >Pomp\u0103 de c\u0103ldur\u0103 sol-apa DUAL 90 kW<\/a><ul class='ez-toc-list-level-3' ><li class='ez-toc-heading-level-3'><a class=\"ez-toc-link ez-toc-heading-2\" href=\"https:\/\/altal.ro\/ro\/sol-apa-dual-90-kw\/#Caracteristici_principale_ale_sistemului\" >Caracteristici principale ale sistemului<\/a><\/li><\/ul><\/li><li class='ez-toc-page-1 ez-toc-heading-level-2'><a class=\"ez-toc-link ez-toc-heading-3\" href=\"https:\/\/altal.ro\/ro\/sol-apa-dual-90-kw\/#Pompa_de_caldura_sol-apa_DUAL_90_kW-2\" >Pomp\u0103 de c\u0103ldur\u0103 sol-apa DUAL 90 kW<\/a><ul class='ez-toc-list-level-4' ><li class='ez-toc-heading-level-4'><ul class='ez-toc-list-level-4' ><li class='ez-toc-heading-level-4'><a class=\"ez-toc-link ez-toc-heading-4\" href=\"https:\/\/altal.ro\/ro\/sol-apa-dual-90-kw\/#Eficiemta_energetica\" >Eficiem\u021b\u0103 energetic\u0103:<\/a><\/li><li class='ez-toc-page-1 ez-toc-heading-level-4'><a class=\"ez-toc-link ez-toc-heading-5\" href=\"https:\/\/altal.ro\/ro\/sol-apa-dual-90-kw\/#Ecologicitate\" >Ecologicitate:<\/a><\/li><li class='ez-toc-page-1 ez-toc-heading-level-4'><a class=\"ez-toc-link ez-toc-heading-6\" href=\"https:\/\/altal.ro\/ro\/sol-apa-dual-90-kw\/#Flexibilitate_in_instalare\" >Flexibilitate \u00een instalare:<\/a><\/li><\/ul><\/li><li class='ez-toc-page-1 ez-toc-heading-level-3'><a class=\"ez-toc-link ez-toc-heading-7\" href=\"https:\/\/altal.ro\/ro\/sol-apa-dual-90-kw\/#Beneficiile_pompei_de_caldura_geotermala_DUAL_90_kW\" >Beneficiile pompei de c\u0103ldur\u0103 geotermal\u0103 DUAL 90 kW<\/a><\/li><li class='ez-toc-page-1 ez-toc-heading-level-3'><a class=\"ez-toc-link ez-toc-heading-8\" href=\"https:\/\/altal.ro\/ro\/sol-apa-dual-90-kw\/#Specificatii_tehnice\" >Specifica\u021bii tehnice<\/a><\/li><\/ul><\/li><li class='ez-toc-page-1 ez-toc-heading-level-2'><a class=\"ez-toc-link ez-toc-heading-9\" href=\"https:\/\/altal.ro\/ro\/sol-apa-dual-90-kw\/#Pompele_de_caldura_geotermale_ALTAL_solutie_fiabila_pentru_incalzire_si_apa_calda_menajera\" >Pompele de c\u0103ldur\u0103 geotermale ALTAL: solu\u021bie fiabil\u0103 pentru \u00eenc\u0103lzire \u0219i ap\u0103 cald\u0103 menajer\u0103<\/a><ul class='ez-toc-list-level-3' ><li class='ez-toc-heading-level-3'><a class=\"ez-toc-link ez-toc-heading-10\" href=\"https:\/\/altal.ro\/ro\/sol-apa-dual-90-kw\/#Caracteristici_principale_ale_pompelor_de_caldura_geotermale_ALTAL\" >Caracteristici principale ale pompelor de c\u0103ldur\u0103 geotermale ALTAL<\/a><\/li><li class='ez-toc-page-1 ez-toc-heading-level-3'><a class=\"ez-toc-link ez-toc-heading-11\" href=\"https:\/\/altal.ro\/ro\/sol-apa-dual-90-kw\/#Cum_comandam_pompa_de_caldura_geotermala_ALTAL\" >Cum comand\u0103m pompa de c\u0103ldur\u0103 geotermal\u0103 ALTAL?<\/a><\/li><\/ul><\/li><\/ul><\/nav><\/div>\n\n<h2 data-pm-slice=\"1 1 []\"><span class=\"ez-toc-section\" id=\"Pompa_de_caldura_sol-apa_DUAL_90_kW\"><\/span>Pomp\u0103 de c\u0103ldur\u0103 sol-apa DUAL 90 kW<span class=\"ez-toc-section-end\"><\/span><\/h2>\n<p data-pm-slice=\"1 1 []\"><strong>\u2014 solu\u021bie fiabil\u0103 \u0219i ecologic\u0103<\/strong><\/p>\n<p><a href=\"https:\/\/altal.ro\/ro\/sol-apa-dual\/\" target=\"_blank\" rel=\"noopener\">Pomp\u0103 de c\u0103ldur\u0103 sol-apa DUAL 90 kW<\/a>\u00a0reprezint\u0103 una dintre cele mai avansate solu\u021bii pentru \u00eenc\u0103lzire, r\u0103cire \u0219i ap\u0103 cald\u0103 menajer\u0103 (ACM). Acest sistem este conceput pentru a asigura maxim\u0103 fiabilitate \u0219i performan\u021b\u0103 ridicat\u0103 \u00een orice condi\u021bii.<\/p>\n<h3><span class=\"ez-toc-section\" id=\"Caracteristici_principale_ale_sistemului\"><\/span>Caracteristici principale ale sistemului<span class=\"ez-toc-section-end\"><\/span><\/h3>\n<h2 data-pm-slice=\"1 1 []\"><span class=\"ez-toc-section\" id=\"Pompa_de_caldura_sol-apa_DUAL_90_kW-2\"><\/span>Pomp\u0103 de c\u0103ldur\u0103 sol-apa DUAL 90 kW<span class=\"ez-toc-section-end\"><\/span><\/h2>\n<ul data-spread=\"false\">\n<li><strong>Primul modul, cu o putere de 45 kW<\/strong>, realizeaz\u0103 func\u021biile de \u00eenc\u0103lzire, r\u0103cire \u0219i ACM.<\/li>\n<li><strong>Al doilea modul, cu o putere de 45 kW<\/strong>, se ocup\u0103 de \u00eenc\u0103lzire \u0219i r\u0103cire, extinz\u00e2nd func\u021bionalitatea sistemului.<\/li>\n<li>Puterea total\u0103 a sistemului este de <strong>90 kW<\/strong>. Dou\u0103 compresoare permit func\u021bionarea simultan\u0103 \u00een diferite moduri \u2014 de exemplu, \u00eenc\u0103lzire \u0219i ACM sau r\u0103cire \u0219i ACM.<\/li>\n<li>Modulele sunt complet interschimbabile, iar modurile de func\u021bionare se pot schimba din meniul controlerului.<\/li>\n<li>Durabilitatea sistemului se dubleaz\u0103.<\/li>\n<li>\u00a0<\/li>\n<\/ul>\n<h4><span class=\"ez-toc-section\" id=\"Eficiemta_energetica\"><\/span><strong>Eficiem\u021b\u0103 energetic\u0103<\/strong>:<span class=\"ez-toc-section-end\"><\/span><\/h4>\n<ul data-spread=\"false\">\n<li>Puterea stabil\u0103 a compresoarelor fixe: <strong>45<\/strong> <strong>kW<\/strong> pentru fiecare modul.<\/li>\n<li>Coeficientul de eficien\u021b\u0103 energetic\u0103 (COP) ajunge la <strong>4.5<\/strong>, reduc\u00e2nd semnificativ costurile de exploatare.<\/li>\n<li>\u00a0<\/li>\n<\/ul>\n<h4><span class=\"ez-toc-section\" id=\"Ecologicitate\"><\/span><strong>Ecologicitate<\/strong>:<span class=\"ez-toc-section-end\"><\/span><\/h4>\n<ul data-spread=\"false\">\n<li>Alegerea refrigeran\u021bilor ecologici: <strong>R417A<\/strong>, <strong>R1234ze<\/strong>. Ace\u0219ti refrigeran\u021bi sunt siguri pentru mediu \u0219i respect\u0103 standardele moderne.<\/li>\n<li>Temperatura ridicat\u0103 a apei la ie\u0219ire:\n<ul data-spread=\"false\">\n<li>Pomp\u0103 de c\u0103ldur\u0103 sol-apa DUAL 90 kW cu refrigerant <strong>R417A<\/strong>: p\u00e2n\u0103 la +60\u00b0C.<\/li>\n<li>Pomp\u0103 de c\u0103ldur\u0103 sol-apa DUAL 90 kW cu refrigerant <strong>R1234ze<\/strong>: p\u00e2n\u0103 la +75\u00b0C.<\/li>\n<li>Pomp\u0103 de c\u0103ldur\u0103 sol-apa DUAL 90 kW cu refrigerant <strong>R515B<\/strong>: p\u00e2n\u0103 la +80\u00b0C pentru \u00eenc\u0103lzire \u0219i p\u00e2n\u0103 la +85\u00b0C pentru ACM.<\/li>\n<\/ul>\n<\/li>\n<li>Nu sunt necesare elemente de \u00eenc\u0103lzire electric\u0103 suplimentar\u0103 pentru cre\u0219terea temperaturii apei.<\/li>\n<li>Utilizarea energiei geotermale permite reducerea amprentei de carbon \u0219i extragerea a p\u00e2n\u0103 la <strong>75%<\/strong> din energie din surse regenerabile.<\/li>\n<\/ul>\n<h4><span class=\"ez-toc-section\" id=\"Flexibilitate_in_instalare\"><\/span><strong>Flexibilitate \u00een instalare<\/strong>:<span class=\"ez-toc-section-end\"><\/span><\/h4>\n<ul data-spread=\"false\">\n<li>Carcasele compacte ale pompei de c\u0103ldur\u0103 faciliteaz\u0103 montajul chiar \u0219i \u00een spa\u021bii restr\u00e2nse.<\/li>\n<\/ul>\n<div>\n<hr \/>\n<\/div>\n<h3><span class=\"ez-toc-section\" id=\"Beneficiile_pompei_de_caldura_geotermala_DUAL_90_kW\"><\/span>Beneficiile pompei de c\u0103ldur\u0103 geotermal\u0103 <span style=\"color: #000000\">DUAL 90 kW<\/span><span class=\"ez-toc-section-end\"><\/span><\/h3>\n<ol start=\"1\" data-spread=\"true\">\n<li><strong>\u00cenalt\u0103 fiabilitate:<\/strong>\n<ul data-spread=\"false\">\n<li>Construc\u021bia cu dou\u0103 compresoare asigur\u0103 func\u021bionare stabil\u0103 \u0219i de durat\u0103 chiar \u0219i \u00een condi\u021bii de utilizare intens\u0103.<\/li>\n<\/ul>\n<\/li>\n<li><strong>Gam\u0103 larg\u0103 de temperaturi de operare:<\/strong>\n<ul data-spread=\"false\">\n<li>Sistemul func\u021bioneaz\u0103 eficient la temperaturi exterioare \u00eentre -50\u00b0C \u0219i +45\u00b0C.<\/li>\n<\/ul>\n<\/li>\n<li><strong>Versatilitate \u00een utilizare:<\/strong>\n<ul data-spread=\"false\">\n<li>Pompa de c\u0103ldur\u0103 geotermal\u0103 DUAL <strong>90<\/strong> kW este potrivit\u0103 pentru \u00eenc\u0103lzire, r\u0103cire \u0219i ACM \u00een case private, birouri \u0219i obiecte comerciale cu o suprafa\u021b\u0103 de p\u00e2n\u0103 la <strong><span style=\"color: #ff0000\">1000 m\u00b2<\/span><\/strong>.<\/li>\n<\/ul>\n<\/li>\n<li><strong>Func\u021bionare silen\u021bioas\u0103:<\/strong>\n<ul data-spread=\"false\">\n<li>Nivelul de zgomot sub 50 dB face ca pompa s\u0103 fie aproape imperceptibil\u0103 \u00een zone locuin\u021be sau de munc\u0103.<\/li>\n<\/ul>\n<\/li>\n<li><strong>Func\u021bionare simultan\u0103 \u00een diferite moduri:<\/strong>\n<ul data-spread=\"false\">\n<li>De exemplu, sistemul poate \u00eenc\u0103lzi \u00een acela\u0219i timp spa\u021biile \u0219i produce ap\u0103 cald\u0103 pentru ACM.<\/li>\n<\/ul>\n<\/li>\n<li><strong>Economice:<\/strong>\n<ul data-spread=\"false\">\n<li>Eficien\u021ba energetic\u0103 ridicat\u0103 permite reducerea costurilor pentru \u00eenc\u0103lzire \u0219i r\u0103cire.<\/li>\n<\/ul>\n<\/li>\n<\/ol>\n<div>\n<hr \/>\n<\/div>\n<h3><span class=\"ez-toc-section\" id=\"Specificatii_tehnice\"><\/span>Specifica\u021bii tehnice<span class=\"ez-toc-section-end\"><\/span><\/h3>\n<p>Agent frigorific R417, R1234ze sau R290 cu emisii zero de carbon. Temperatura de \u00eenc\u0103lzire de la +60\u2103 p\u00e2n\u0103 la +75\u2103 (cu R290). Intervalul temperaturii ambientale: de la -25\u2103 (\u0219i mai jos) p\u00e2n\u0103 la +43\u2103 (\u0219i mai sus). \u00cenc\u0103lzire, r\u0103cire \u0219i ap\u0103 cald\u0103 menajer\u0103 pe tot parcursul anului. Clasa de eficien\u021b\u0103 energetic\u0103 A+++. P\u00e2n\u0103 la 4,65 COP. Accept\u0103 conectarea \u00een cascad\u0103 a p\u00e2n\u0103 la 8 unit\u0103\u021bi. Destina\u021bie: \u00eenc\u0103lzirea \u0219i r\u0103cirea cl\u0103dirilor de la 500 p\u00e2n\u0103 la 1000 m\u00b2.De ce aleg pompa de c\u0103ldur\u0103 geotermal\u0103 DUAL 90 kW?<\/p>\n<ul>\n<li>Produc\u021bie local\u0103 \u00een Moldova:<\/li>\n<li>Ofer\u0103 avantaj \u00een service-ul de garan\u021bie.<\/li>\n<li>Interven\u021bie rapid\u0103 \u00een caz de defec\u021biuni, avarii, p\u00e2n\u0103 la \u00eenlocuirea echipamentului.<\/li>\n<li>Peste 18 ani de experien\u021b\u0103 \u00een produc\u021bie, instalare \u0219i mentenan\u021b\u0103 pompe de c\u0103ldur\u0103.<\/li>\n<\/ul>\n<p><strong>Eficiien\u021b\u0103 energetic\u0103:<\/strong><\/p>\n<ul>\n<li>Utilizarea energiei geotermale regenerabile reduce semnificativ costurile de exploatare.<\/li>\n<\/ul>\n<p><strong>Versatilitate:<\/strong><\/p>\n<ul>\n<li>Pompa de c\u0103ldur\u0103 geotermal\u0103 DUAL <strong>90<\/strong> kW este potrivit\u0103 at\u00e2t pentru case private, c\u00e2t \u0219i pentru obiecte comerciale.<\/li>\n<li>Asigur\u0103 confort pe tot parcursul anului, indiferent de clim\u0103.<\/li>\n<\/ul>\n<p><strong>Eco-friendly:<\/strong><\/p>\n<ul>\n<li>Impact minim asupra mediului, datorit\u0103 refrigeran\u021bilor ecologici \u0219i utiliz\u0103rii resurselor regenerabile.<\/li>\n<\/ul>\n<p><strong>Durabilitate:<\/strong><\/p>\n<ul>\n<li>Construc\u021bia cu dou\u0103 compresoare garanteaz\u0103 func\u021bionare stabil\u0103 pentru mul\u021bi ani.<\/li>\n<\/ul>\n<h2><span class=\"ez-toc-section\" id=\"Pompele_de_caldura_geotermale_ALTAL_solutie_fiabila_pentru_incalzire_si_apa_calda_menajera\"><\/span><strong>Pompele de c\u0103ldur\u0103 geotermale ALTAL: solu\u021bie fiabil\u0103 pentru \u00eenc\u0103lzire \u0219i ap\u0103 cald\u0103 menajer\u0103<\/strong><span class=\"ez-toc-section-end\"><\/span><\/h2>\n<p>Pompele de c\u0103ldur\u0103 geotermale ALTAL sunt destinate pentru \u00eenc\u0103lzire, r\u0103cire \u0219i ap\u0103 cald\u0103 menajer\u0103 eficiente \u0219i ecologice pentru cl\u0103diri reziden\u021biale \u0219i comerciale. Aceste sisteme combin\u0103 tehnologii avansate, fiabilitate ridicat\u0103 \u0219i simplitate \u00een utilizare.<\/p>\n<h3><span class=\"ez-toc-section\" id=\"Caracteristici_principale_ale_pompelor_de_caldura_geotermale_ALTAL\"><\/span><strong>Caracteristici principale ale pompelor de c\u0103ldur\u0103 geotermale ALTAL<\/strong><span class=\"ez-toc-section-end\"><\/span><\/h3>\n<p><strong>Utilizarea c\u0103ldurii din sol:<\/strong><\/p>\n<ul>\n<li>Pompele extrag c\u0103ldura din sol, asigur\u00e2nd func\u021bionare stabil\u0103 chiar \u0219i la temperaturi sc\u0103zute.<\/li>\n<\/ul>\n<p><strong>Flexibilitate \u00een instalare:<\/strong><\/p>\n<ul>\n<li>Echipamentul poate fi instalat \u00een subsol sau \u00een orice alt loc potrivit, simplific\u00e2nd montajul.<\/li>\n<\/ul>\n<p><strong>Independen\u021b\u0103 fa\u021b\u0103 de temperaturile exterioare:<\/strong><\/p>\n<ul>\n<li>Pompele geotermale func\u021bioneaz\u0103 eficient indiferent de condi\u021biile meteorologice, oferind \u00eenc\u0103lzire \u0219i ap\u0103 cald\u0103 pe tot parcursul anului.<\/li>\n<\/ul>\n<p><strong>Multifunc\u021bionalitate:<\/strong><\/p>\n<ul>\n<li>Principalele moduri: \u00eenc\u0103lzire \u0219i ap\u0103 cald\u0103 menajer\u0103.<\/li>\n<li>Modele suplimentare suport\u0103 \u0219i r\u0103cirea.<\/li>\n<\/ul>\n<hr \/>\n<div>\n<h3 data-pm-slice=\"1 1 []\"><span class=\"ez-toc-section\" id=\"Cum_comandam_pompa_de_caldura_geotermala_ALTAL\"><\/span>Cum comand\u0103m pompa de c\u0103ldur\u0103 geotermal\u0103 ALTAL?<span class=\"ez-toc-section-end\"><\/span><\/h3>\n<p>Contacta\u021bi-ne pentru consultan\u021b\u0103 \u0219i alegerea modelului potrivit! Speciali\u0219tii no\u0219tri v\u0103 vor ajuta s\u0103 alege\u021bi solu\u021bia optim\u0103 pentru locuin\u021ba sau afacerea dumneavoastr\u0103. Investe\u0219te \u00een \u00eenc\u0103lzire eficient\u0103 \u0219i ecologic\u0103 cu pompe de c\u0103ldur\u0103 geotermale ALTAL!<\/p>\n<hr \/>\n<\/div>\n<p><strong>Toate caracteristicile din aceast\u0103 descriere sunt pentru modelul cu puterea termic\u0103 de <span style=\"color: #0000ff\">90 kW<\/span> \u0219i cu refrigerant R417A.<\/strong><\/p>\n<hr \/>\n","protected":false},"excerpt":{"rendered":"<h3><span style=\"color: #800080;\"><strong>Model GWHP90DUAL<\/strong><\/span><\/h3>\n<p>Putere:\u00a0 <strong>90 kW<\/strong>.<br \/>\nCoeficient COP:<strong>\u00a0 &gt; 4.5<\/strong>.<br \/>\nSuprafa\u021ba de \u00eenc\u0103lzit: P\u00e2n\u0103 la <strong>1000 m\u00b2<\/strong>.<br \/>\nRefrigerant: R417A \/ R515B \/ R1234ze.<br \/>\nInterval de temperatur\u0103: de la -50\u00b0C p\u00e2n\u0103 la +45\u00b0C.<br \/>\nNivel de zgomot: &lt; 50 dB<\/p>\n<p><strong><span style=\"color: red;\">FABRICAT \u00ceN MOLDOVA<\/span><\/strong><\/p>\n<hr \/>\n<p>&nbsp;<\/p>\n","protected":false},"featured_media":2266,"comment_status":"open","ping_status":"closed","template":"","meta":{"_acf_changed":false,"_kad_post_transparent":"default","_kad_post_title":"","_kad_post_layout":"default","_kad_post_sidebar_id":"","_kad_post_content_style":"default","_kad_post_vertical_padding":"default","_kad_post_feature":"","_kad_post_feature_position":"","_kad_post_header":false,"_kad_post_footer":false},"product_brand":[198],"product_cat":[301],"product_tag":[313,314,202,246,229,206,209],"class_list":{"0":"post-2971","1":"product","2":"type-product","3":"status-publish","4":"has-post-thumbnail","6":"product_brand-altal","7":"product_cat-sol-apa-dual","8":"product_tag-1000-m2","9":"product_tag-90-kw","10":"product_tag-apa-calda-menajera","11":"product_tag-dual","12":"product_tag-geotermala","13":"product_tag-in-moldova","14":"product_tag-racire","15":"product_shipping_class-greutate-mare","16":"pa_compresor-viteza-fixa","17":"pa_putere-termica-kw-90-kw","18":"pa_suprafata-de-incalzire--442","19":"pa_temperatura-apei--60c","20":"pa_temperatura-apei--85c","21":"pa_tip-pompa-de-caldura-sol-apa","23":"first","24":"instock","25":"sale","26":"featured","27":"taxable","28":"shipping-taxable","29":"purchasable","30":"product-type-simple","31":"entry","32":"content-bg","33":"loop-entry"},"acf":[],"_links":{"self":[{"href":"https:\/\/altal.ro\/ro\/wp-json\/wp\/v2\/product\/2971","targetHints":{"allow":["GET"]}}],"collection":[{"href":"https:\/\/altal.ro\/ro\/wp-json\/wp\/v2\/product"}],"about":[{"href":"https:\/\/altal.ro\/ro\/wp-json\/wp\/v2\/types\/product"}],"replies":[{"embeddable":true,"href":"https:\/\/altal.ro\/ro\/wp-json\/wp\/v2\/comments?post=2971"}],"version-history":[{"count":6,"href":"https:\/\/altal.ro\/ro\/wp-json\/wp\/v2\/product\/2971\/revisions"}],"predecessor-version":[{"id":7664,"href":"https:\/\/altal.ro\/ro\/wp-json\/wp\/v2\/product\/2971\/revisions\/7664"}],"wp:featuredmedia":[{"embeddable":true,"href":"https:\/\/altal.ro\/ro\/wp-json\/wp\/v2\/media\/2266"}],"wp:attachment":[{"href":"https:\/\/altal.ro\/ro\/wp-json\/wp\/v2\/media?parent=2971"}],"wp:term":[{"taxonomy":"product_brand","embeddable":true,"href":"https:\/\/altal.ro\/ro\/wp-json\/wp\/v2\/product_brand?post=2971"},{"taxonomy":"product_cat","embeddable":true,"href":"https:\/\/altal.ro\/ro\/wp-json\/wp\/v2\/product_cat?post=2971"},{"taxonomy":"product_tag","embeddable":true,"href":"https:\/\/altal.ro\/ro\/wp-json\/wp\/v2\/product_tag?post=2971"}],"curies":[{"name":"wp","href":"https:\/\/api.w.org\/{rel}","templated":true}]}}