{"id":2941,"date":"2025-06-16T00:28:42","date_gmt":"2025-06-16T00:28:42","guid":{"rendered":"https:\/\/altal.ro\/?post_type=product&#038;p=2941"},"modified":"2025-07-23T02:05:47","modified_gmt":"2025-07-22T23:05:47","slug":"teava-din-polipropilena-dn75-pn12","status":"publish","type":"product","link":"https:\/\/altal.ro\/ro\/teava-din-polipropilena-dn75-pn12\/","title":{"rendered":"\u021aeav\u0103 din polipropilen\u0103 DN75 PN12"},"content":{"rendered":"<div id=\"ez-toc-container\" class=\"ez-toc-v2_0_82_2 counter-hierarchy ez-toc-counter ez-toc-grey ez-toc-container-direction\">\n<div class=\"ez-toc-title-container\">\n<p class=\"ez-toc-title\" style=\"cursor:inherit\">Cuprins<\/p>\n<span class=\"ez-toc-title-toggle\"><a href=\"#\" class=\"ez-toc-pull-right ez-toc-btn ez-toc-btn-xs ez-toc-btn-default ez-toc-toggle\" aria-label=\"Toggle Table of Content\"><span class=\"ez-toc-js-icon-con\"><span class=\"\"><span class=\"eztoc-hide\" style=\"display:none;\">Toggle<\/span><span class=\"ez-toc-icon-toggle-span\"><svg style=\"fill: #999;color:#999\" xmlns=\"http:\/\/www.w3.org\/2000\/svg\" class=\"list-377408\" width=\"20px\" height=\"20px\" viewBox=\"0 0 24 24\" fill=\"none\"><path d=\"M6 6H4v2h2V6zm14 0H8v2h12V6zM4 11h2v2H4v-2zm16 0H8v2h12v-2zM4 16h2v2H4v-2zm16 0H8v2h12v-2z\" fill=\"currentColor\"><\/path><\/svg><svg style=\"fill: #999;color:#999\" class=\"arrow-unsorted-368013\" xmlns=\"http:\/\/www.w3.org\/2000\/svg\" width=\"10px\" height=\"10px\" viewBox=\"0 0 24 24\" version=\"1.2\" baseProfile=\"tiny\"><path d=\"M18.2 9.3l-6.2-6.3-6.2 6.3c-.2.2-.3.4-.3.7s.1.5.3.7c.2.2.4.3.7.3h11c.3 0 .5-.1.7-.3.2-.2.3-.5.3-.7s-.1-.5-.3-.7zM5.8 14.7l6.2 6.3 6.2-6.3c.2-.2.3-.5.3-.7s-.1-.5-.3-.7c-.2-.2-.4-.3-.7-.3h-11c-.3 0-.5.1-.7.3-.2.2-.3.5-.3.7s.1.5.3.7z\"\/><\/svg><\/span><\/span><\/span><\/a><\/span><\/div>\n<nav><ul class='ez-toc-list ez-toc-list-level-1 ' ><li class='ez-toc-page-1 ez-toc-heading-level-2'><a class=\"ez-toc-link ez-toc-heading-1\" href=\"https:\/\/altal.ro\/ro\/teava-din-polipropilena-dn75-pn12\/#Teava_din_polipropilena_DN75_PN12\">\u021aeav\u0103 din polipropilen\u0103 DN75 PN12<\/a><ul class='ez-toc-list-level-4' ><li class='ez-toc-heading-level-4'><ul class='ez-toc-list-level-4' ><li class='ez-toc-heading-level-4'><a class=\"ez-toc-link ez-toc-heading-2\" href=\"https:\/\/altal.ro\/ro\/teava-din-polipropilena-dn75-pn12\/#PP-R_DN75x69_mm\">(PP-R DN75x6,9 mm)<\/a><\/li><\/ul><\/li><li class='ez-toc-page-1 ez-toc-heading-level-3'><a class=\"ez-toc-link ez-toc-heading-3\" href=\"https:\/\/altal.ro\/ro\/teava-din-polipropilena-dn75-pn12\/#Ce_trebuie_sa_luati_in_considerare_atunci_cand_alegeti_Teava_din_polipropilena_DN75_PN12\">Ce trebuie s\u0103 lua\u021bi \u00een considerare atunci c\u00e2nd alege\u021bi \u021aeav\u0103 din polipropilen\u0103 DN75 PN12<\/a><\/li><li class='ez-toc-page-1 ez-toc-heading-level-3'><a class=\"ez-toc-link ez-toc-heading-4\" href=\"https:\/\/altal.ro\/ro\/teava-din-polipropilena-dn75-pn12\/#Caracteristici_principale_ale_tevilor_din_polipropilena\">Caracteristici principale ale \u021bevilor din polipropilen\u0103<\/a><\/li><li class='ez-toc-page-1 ez-toc-heading-level-3'><a class=\"ez-toc-link ez-toc-heading-5\" href=\"https:\/\/altal.ro\/ro\/teava-din-polipropilena-dn75-pn12\/#Tipuri_de_materii_prime_pentru_productia_de_tevile_PPR\">Tipuri de materii prime pentru produc\u021bia de \u021bevile PPR<\/a><\/li><li class='ez-toc-page-1 ez-toc-heading-level-3'><a class=\"ez-toc-link ez-toc-heading-6\" href=\"https:\/\/altal.ro\/ro\/teava-din-polipropilena-dn75-pn12\/#Teava_din_polipropilena_DN75_PN12_Marcarea\">\u021aeav\u0103 din polipropilen\u0103 DN75 PN12. Marcarea<\/a><\/li><\/ul><\/li><li class='ez-toc-page-1 ez-toc-heading-level-2'><a class=\"ez-toc-link ez-toc-heading-7\" href=\"https:\/\/altal.ro\/ro\/teava-din-polipropilena-dn75-pn12\/#Teava_din_polipropilena_DN75_PN12_PP-R_O75%C3%9769_mm\">\u021aeav\u0103 din polipropilen\u0103 DN75 PN12 (PP-R \u00d875&#215;6,9 mm)<\/a><ul class='ez-toc-list-level-3' ><li class='ez-toc-heading-level-3'><a class=\"ez-toc-link ez-toc-heading-8\" href=\"https:\/\/altal.ro\/ro\/teava-din-polipropilena-dn75-pn12\/#Dimensiuni_si_domenii_de_utilizare_ale_tevilor_PPR\">Dimensiuni \u0219i domenii de utilizare ale \u021bevilor PPR<\/a><\/li><li class='ez-toc-page-1 ez-toc-heading-level-3'><a class=\"ez-toc-link ez-toc-heading-9\" href=\"https:\/\/altal.ro\/ro\/teava-din-polipropilena-dn75-pn12\/#Tipuri_de_armare\">Tipuri de armare<\/a><\/li><li class='ez-toc-page-1 ez-toc-heading-level-3'><a class=\"ez-toc-link ez-toc-heading-10\" href=\"https:\/\/altal.ro\/ro\/teava-din-polipropilena-dn75-pn12\/#Alegerea_diametrului_tevii\">Alegerea diametrului \u021bevii<\/a><\/li><li class='ez-toc-page-1 ez-toc-heading-level-3'><a class=\"ez-toc-link ez-toc-heading-11\" href=\"https:\/\/altal.ro\/ro\/teava-din-polipropilena-dn75-pn12\/#Montajul_tevilor_din_polipropilena\">Montajul \u021bevilor din polipropilen\u0103<\/a><\/li><\/ul><\/li><\/ul><\/nav><\/div>\n\n<h2><span class=\"ez-toc-section\" id=\"Teava_din_polipropilena_DN75_PN12\"><\/span><span style=\"font-family: arial, helvetica, sans-serif\">\u021aeav\u0103 din polipropilen\u0103 DN75 PN12<\/span><span class=\"ez-toc-section-end\"><\/span><\/h2>\n<h4><span class=\"ez-toc-section\" id=\"PP-R_DN75x69_mm\"><\/span><span style=\"font-family: arial, helvetica, sans-serif\"> (PP-R DN75x6,9 mm)<\/span><span class=\"ez-toc-section-end\"><\/span><\/h4>\n<h3><span class=\"ez-toc-section\" id=\"Ce_trebuie_sa_luati_in_considerare_atunci_cand_alegeti_Teava_din_polipropilena_DN75_PN12\"><\/span><span style=\"font-family: arial, helvetica, sans-serif\"><strong>Ce trebuie s\u0103 lua\u021bi \u00een considerare atunci c\u00e2nd alege\u021bi \u021aeav\u0103 din polipropilen\u0103 DN75 PN12<\/strong><\/span><span class=\"ez-toc-section-end\"><\/span><\/h3>\n<p><span style=\"font-family: arial, helvetica, sans-serif\"><strong><a href=\"https:\/\/altal.ro\/ro\/tevi-din-polipropilena\/\">\u021aeav\u0103 din polipropilen\u0103 DN75 PN12<\/a><\/strong>\u00a0(PP-R \u00d875&#215;6,9 mm) este destinat\u0103 pentru alimentarea cu ap\u0103, \u00eenc\u0103lzire \u0219i ventila\u021bie. Este important s\u0103 \u021bine\u021bi cont de condi\u021biile de utilizare \u0219i de conformitatea caracteristicilor \u021bevilor cu sarcinile stabilite. Rezisten\u021ba \u021bevii depinde de grosimea peretelui, nu de armare.<\/span><\/p>\n<hr \/>\n<h3><span class=\"ez-toc-section\" id=\"Caracteristici_principale_ale_tevilor_din_polipropilena\"><\/span><span style=\"font-family: arial, helvetica, sans-serif\"><strong>Caracteristici principale ale \u021bevilor din polipropilen\u0103<\/strong><\/span><span class=\"ez-toc-section-end\"><\/span><\/h3>\n<ul>\n<li><span style=\"font-family: arial, helvetica, sans-serif\">\u021aeav\u0103 din polipropilen\u0103 DN75 PN12 are o durat\u0103 de via\u021b\u0103 care dep\u0103\u0219e\u0219te cea a analogilor metalici.<\/span><\/li>\n<li><span style=\"font-family: arial, helvetica, sans-serif\">Suprafa\u021ba interioar\u0103 neted\u0103 reduce pierderile de presiune. Economie de energie p\u00e2n\u0103 la 15%.<\/span><\/li>\n<li><span style=\"font-family: arial, helvetica, sans-serif\">Conductivitatea termic\u0103 sc\u0103zut\u0103 reduce probabilitatea form\u0103rii condensului.<\/span><\/li>\n<li><span style=\"font-family: arial, helvetica, sans-serif\">\u021aeav\u0103 din polipropilen\u0103 DN75 PN12 este fabricat\u0103 din plastic care nu este susceptibil la coroziune, nu necesit\u0103 vopsire.<\/span><\/li>\n<li><span style=\"font-family: arial, helvetica, sans-serif\">Greutatea redus\u0103 faciliteaz\u0103 transportul \u0219i montajul.<\/span><\/li>\n<li><span style=\"font-family: arial, helvetica, sans-serif\">\u021aevile sunt potrivite pentru utilizare pe timpul iernii.<\/span><\/li>\n<li><span style=\"font-family: arial, helvetica, sans-serif\">Costul redus le face o solu\u021bie economic\u0103.<\/span><\/li>\n<\/ul>\n<hr \/>\n<h3><span class=\"ez-toc-section\" id=\"Tipuri_de_materii_prime_pentru_productia_de_tevile_PPR\"><\/span><span style=\"font-family: arial, helvetica, sans-serif\"><strong>Tipuri de materii prime pentru produc\u021bia de \u021bevile PPR<\/strong><\/span><span class=\"ez-toc-section-end\"><\/span><\/h3>\n<ol>\n<li><span style=\"font-family: arial, helvetica, sans-serif\"><strong>PP-H (homopolipropilen)<\/strong>: pentru conducte de ap\u0103 industriale \u0219i ventila\u021bie.<\/span><\/li>\n<li><span style=\"font-family: arial, helvetica, sans-serif\"><strong>PP-B (bloc- copolymer)<\/strong>: utilizat frecvent pentru canalizare exterioar\u0103.<\/span><\/li>\n<li><span style=\"font-family: arial, helvetica, sans-serif\"><strong>PP-R (copolymer aleatoriu)<\/strong>: material principal pentru sisteme de alimentare cu ap\u0103 \u0219i \u00eenc\u0103lzire.<\/span><\/li>\n<\/ol>\n<p><span style=\"font-family: arial, helvetica, sans-serif\">Pentru temperaturi \u00eenalte, se utilizeaz\u0103 PP-R, care rezist\u0103 p\u00e2n\u0103 la +110\u00b0C. Produsele f\u0103r\u0103 protec\u021bie UV nu pot fi folosite \u00een exterior.<\/span><\/p>\n<hr \/>\n<h3><span class=\"ez-toc-section\" id=\"Teava_din_polipropilena_DN75_PN12_Marcarea\"><\/span><span style=\"font-family: arial, helvetica, sans-serif\">\u021aeav\u0103 din polipropilen\u0103 DN75 PN12. Marcarea<\/span><span class=\"ez-toc-section-end\"><\/span><\/h3>\n<p><span style=\"font-family: arial, helvetica, sans-serif\">Marcarea \u021bevii include:<\/span><\/p>\n<ul>\n<li><span style=\"font-family: arial, helvetica, sans-serif\">simbolul scurt al materialului;<\/span><\/li>\n<li><span style=\"font-family: arial, helvetica, sans-serif\">raportul dimensional standard <a href=\"https:\/\/www.pe100plus.com\/PE-Pipes\/Technical-guidance\/model\/Design\/SDR\/pressure-rating-i1047.html\" target=\"_blank\" rel=\"noopener\">SDR<\/a> (serie S);<\/span><\/li>\n<li><span style=\"font-family: arial, helvetica, sans-serif\">diametrul exterior nominal;<\/span><\/li>\n<li><span style=\"font-family: arial, helvetica, sans-serif\">grosimea peretelui \u00een milimetri;<\/span><\/li>\n<li><span style=\"font-family: arial, helvetica, sans-serif\">clasa de presiune maxim\u0103 de lucru, \u00een MPa;<\/span><\/li>\n<li><span style=\"font-family: arial, helvetica, sans-serif\">PP-R \u2013 materialul din care este fabricat\u0103 \u021beava (\u00een cazul de fa\u021b\u0103, copolymer aleatoriu);<\/span><\/li>\n<li><span style=\"font-family: arial, helvetica, sans-serif\">PN20 \u2013 presiunea maxim\u0103 de func\u021bionare la 20\u00b0C;<\/span><\/li>\n<li><span style=\"font-family: arial, helvetica, sans-serif\">SDR6 \u2013 raportul dimensional dintre diametrul \u021bevii \u0219i grosimea peretelui (20:1,9);<\/span><\/li>\n<li><span style=\"font-family: arial, helvetica, sans-serif\">50&#215;6,9 \u2013 diametru x grosime perete (valorile nominale); clasa 1\/1,0 MPa \u2013 pentru ap\u0103 cald\u0103 la 60\u00b0C;<\/span><\/li>\n<\/ul>\n<p><span style=\"font-family: arial, helvetica, sans-serif\">Exemplu de denumire pentru o \u021beav\u0103 din polipropilen\u0103 cu trei straturi, cu diametrul exterior nominal de 50 mm \u0219i grosimea peretelui de 6,9 mm:<\/span><\/p>\n<h2><span class=\"ez-toc-section\" id=\"Teava_din_polipropilena_DN75_PN12_PP-R_O75%C3%9769_mm\"><\/span><span style=\"font-family: arial, helvetica, sans-serif\">\u021aeav\u0103 din polipropilen\u0103 DN75 PN12 (PP-R \u00d875&#215;6,9 mm)<\/span><span class=\"ez-toc-section-end\"><\/span><\/h2>\n<hr \/>\n<h3><span class=\"ez-toc-section\" id=\"Dimensiuni_si_domenii_de_utilizare_ale_tevilor_PPR\"><\/span><span style=\"font-family: arial, helvetica, sans-serif\"><strong>Dimensiuni \u0219i domenii de utilizare ale \u021bevilor PPR<\/strong><\/span><span class=\"ez-toc-section-end\"><\/span><\/h3>\n<ul>\n<li><span style=\"font-family: arial, helvetica, sans-serif\"><strong><a href=\"https:\/\/en.wikipedia.org\/wiki\/Nominal_Pipe_Size\" target=\"_blank\" rel=\"noopener\">PN<\/a>10<\/strong>: pentru alimentarea cu ap\u0103 rece \u0219i condi\u021bionare a aerului.<\/span><\/li>\n<li><span style=\"font-family: arial, helvetica, sans-serif\"><strong>PN16<\/strong>: pentru sisteme cu temperatur\u0103 p\u00e2n\u0103 la +60\u00b0C.<\/span><\/li>\n<li><span style=\"font-family: arial, helvetica, sans-serif\"><strong>PN20<\/strong>: variant universal pentru alimentare cu ap\u0103 \u0219i \u00eenc\u0103lzire.<\/span><\/li>\n<li><span style=\"font-family: arial, helvetica, sans-serif\"><strong>PN25<\/strong>: potrivit pentru sisteme cu sarcin\u0103 ridicat\u0103, cu armare.<\/span><\/li>\n<\/ul>\n<hr \/>\n<h3><span class=\"ez-toc-section\" id=\"Tipuri_de_armare\"><\/span><span style=\"font-family: arial, helvetica, sans-serif\"><strong>Tipuri de armare<\/strong><\/span><span class=\"ez-toc-section-end\"><\/span><\/h3>\n<ul>\n<li><span style=\"font-family: arial, helvetica, sans-serif\"><strong>Fibre de sticl\u0103 sau bazalt<\/strong>: \u00eembun\u0103t\u0103\u021besc stabilitatea \u021bevii.<\/span><\/li>\n<li><span style=\"font-family: arial, helvetica, sans-serif\"><strong>Aluminiu<\/strong>: reduce extinderea liniar\u0103, dar necesit\u0103 preg\u0103tire special\u0103 la montaj.<\/span><\/li>\n<\/ul>\n<p><span style=\"font-family: arial, helvetica, sans-serif\">Armarea \u00eempiedic\u0103 extinderea \u021bevilor la \u00eenc\u0103lzire, dar nu cre\u0219te rezisten\u021ba lor.<\/span><\/p>\n<hr \/>\n<h3><span class=\"ez-toc-section\" id=\"Alegerea_diametrului_tevii\"><\/span><span style=\"font-family: arial, helvetica, sans-serif\"><strong>Alegerea diametrului \u021bevii<\/strong><\/span><span class=\"ez-toc-section-end\"><\/span><\/h3>\n<p><span style=\"font-family: arial, helvetica, sans-serif\">Diametrul depinde de debitul de ap\u0103 necesar \u0219i de caracteristicile sistemului. De exemplu, pentru apartamente, se recomand\u0103 \u021bevi de 20-32 mm, iar pentru case particulare \u2013 p\u00e2n\u0103 la 40 mm, iar pentru obiecte industriale sau cl\u0103diri multifamiliale \u2013 \u00eentre 50 \u0219i 90 mm.<\/span><\/p>\n<hr \/>\n<h3><span class=\"ez-toc-section\" id=\"Montajul_tevilor_din_polipropilena\"><\/span><span style=\"font-family: arial, helvetica, sans-serif\"><strong>Montajul \u021bevilor din polipropilen\u0103<\/strong><\/span><span class=\"ez-toc-section-end\"><\/span><\/h3>\n<p><span style=\"font-family: arial, helvetica, sans-serif\">Conexiunile nedemontabile ale \u021bevilor din polipropilen\u0103 se realizeaz\u0103 prin sudur\u0103, folosind echipament special \u2014 aparate de sudur\u0103, cunoscute sub denumirea de \u201elipitori\u201d. Accesoriile pentru aparat sunt selectate \u00een func\u021bie de diametrul \u021bevii \u0219i de fitinguri.<\/span> <span style=\"font-family: arial, helvetica, sans-serif\"><strong>Etapele principale ale montajului:<\/strong><\/span><\/p>\n<ol>\n<li><span style=\"font-family: arial, helvetica, sans-serif\"><strong>Preg\u0103tirea:<\/strong><\/span>\n<ul>\n<li><span style=\"font-family: arial, helvetica, sans-serif\">\u00cenainte de \u00eenceperea lucr\u0103rilor, este necesar s\u0103 se elimine stratul exterior de armare pentru a asigura o conexiune de calitate.<\/span><\/li>\n<li><span style=\"font-family: arial, helvetica, sans-serif\">Cur\u0103\u021barea \u0219i degresarea pieselor de \u021beav\u0103 preg\u0103tite \u2014 etap\u0103 obligatorie.<\/span><\/li>\n<\/ul>\n<\/li>\n<li><span style=\"font-family: arial, helvetica, sans-serif\"><strong>T\u0103ierea:<\/strong><\/span>\n<ul>\n<li><span style=\"font-family: arial, helvetica, sans-serif\">\u021aevile se taie perpendicular cu ajutorul unor foarfece speciale.<\/span><\/li>\n<\/ul>\n<\/li>\n<li><span style=\"font-family: arial, helvetica, sans-serif\"><strong>\u00cenc\u0103lzirea:<\/strong><\/span>\n<ul>\n<li><span style=\"font-family: arial, helvetica, sans-serif\">Se alege accesoriul \u00een func\u021bie de diametrul \u021bevii \u0219i se \u00eenc\u0103lze\u0219te lipitorul la temperatura 260\u00b0C.<\/span><\/li>\n<li><span style=\"font-family: arial, helvetica, sans-serif\">Timpul de \u00eenc\u0103lzire al aparatului variaz\u0103 \u00eentre 5 \u0219i 20 de minute, \u00een func\u021bie de model.<\/span><\/li>\n<\/ul>\n<\/li>\n<li><span style=\"font-family: arial, helvetica, sans-serif\"><strong>Conectarea:<\/strong><\/span>\n<ul>\n<li><span style=\"font-family: arial, helvetica, sans-serif\">Ambele elemente se \u00eenc\u0103lzesc simultan. Timpul de \u00eenc\u0103lzire depinde de diametrul \u021bevii \u0219i de condi\u021biile de mediu.<\/span><\/li>\n<li><span style=\"font-family: arial, helvetica, sans-serif\">Detaliile \u00eenc\u0103lzite se unesc rapid \u0219i precis, f\u0103r\u0103 aliniere gre\u0219it\u0103.<\/span><\/li>\n<\/ul>\n<\/li>\n<li><span style=\"font-family: arial, helvetica, sans-serif\"><strong>R\u0103cirea:<\/strong><\/span>\n<ul>\n<li><span style=\"font-family: arial, helvetica, sans-serif\">Elementele unite se las\u0103 s\u0103 se r\u0103ceasc\u0103 complet. Este important s\u0103 se evite \u00eendoirea, rotirea sau presiunea pe sudur\u0103 \u00een aceast\u0103 etap\u0103.<\/span><\/li>\n<\/ul>\n<\/li>\n<\/ol>\n<p><span style=\"font-family: arial, helvetica, sans-serif\"><strong>Rezultatul:<\/strong><\/span> <span style=\"font-family: arial, helvetica, sans-serif\">Respectarea precis\u0103 a tehnologiei asigur\u0103 o \u00eembinare durabil\u0103, etan\u0219\u0103, rezistent\u0103 la sarcini \u0219i cu durat\u0103 lung\u0103 de via\u021b\u0103.<\/span><\/p>\n<hr \/>\n<p><span style=\"color: #0000ff;font-family: arial, helvetica, sans-serif\"><strong>Concluzie<\/strong><\/span> <span style=\"font-family: arial, helvetica, sans-serif\">\u021aeav\u0103 din polipropilen\u0103 DN75 PN12\u00a0 (PP-R DN75x6,9 mm) \u2014 este o alegere durabil\u0103, economic\u0103 \u0219i ecologic\u0103 pentru sisteme de inginerie. Lua\u021bi \u00een considerare condi\u021biile de utilizare, caracteristicile \u021bevilor \u0219i alege\u021bi produc\u0103tori de \u00eencredere. O completare excelent\u0103 pentru<a href=\"https:\/\/altal.ro\/ro\/pompe-de-caldura-altal\/\" target=\"_blank\" rel=\"noopener\"> pompele de c\u0103ldur\u0103<\/a> \u00een sistemele de alimentare cu ap\u0103 \u0219i r\u0103cire a cl\u0103dirilor.<\/span> De asemenea, \u021bevile de mare diametru sunt utilizate \u00een sistemele de alimentare cu ap\u0103 pentru obiecte cu suprafe\u021be mari de \u00eenc\u0103lzire. Principalele aplica\u021bii sunt \u00een industrii, \u00eentreprinderi de produc\u021bie, precum \u0219i pentru colectoare de contururi geotermale sau mixere hidraulice.<\/p>\n<hr \/>\n<p>\u00a0<\/p>\n","protected":false},"excerpt":{"rendered":"<h4>\u041c\u043e\u0434\u0435\u043b\u044c PP-R DN75x6,9 mm<\/h4>\n<ul>\n<li>Material: PP-R<\/li>\n<li>Diametru \u021beav\u0103: 75 mm.<\/li>\n<li>Grosime perete: 5,6 mm<\/li>\n<li>Presiunea maxim\u0103: PN12<\/li>\n<\/ul>\n","protected":false},"featured_media":2185,"comment_status":"open","ping_status":"closed","template":"","meta":{"_acf_changed":false,"_kad_post_transparent":"default","_kad_post_title":"","_kad_post_layout":"default","_kad_post_sidebar_id":"","_kad_post_content_style":"default","_kad_post_vertical_padding":"default","_kad_post_feature":"","_kad_post_feature_position":"","_kad_post_header":false,"_kad_post_footer":false},"product_brand":[],"product_cat":[283],"product_tag":[289,285,288,629,209,286],"class_list":{"0":"post-2941","1":"product","2":"type-product","3":"status-publish","4":"has-post-thumbnail","6":"product_cat-tevi-si-fitinguri-hdpe-si-ppr","7":"product_tag-75-mm","8":"product_tag-fitinguri-ppr","9":"product_tag-pn16","10":"product_tag-polipropilena","11":"product_tag-racire","12":"product_tag-teava","14":"first","15":"instock","16":"sale","17":"taxable","18":"shipping-taxable","19":"purchasable","20":"product-type-simple","21":"entry","22":"content-bg","23":"loop-entry"},"acf":[],"_links":{"self":[{"href":"https:\/\/altal.ro\/ro\/wp-json\/wp\/v2\/product\/2941","targetHints":{"allow":["GET"]}}],"collection":[{"href":"https:\/\/altal.ro\/ro\/wp-json\/wp\/v2\/product"}],"about":[{"href":"https:\/\/altal.ro\/ro\/wp-json\/wp\/v2\/types\/product"}],"replies":[{"embeddable":true,"href":"https:\/\/altal.ro\/ro\/wp-json\/wp\/v2\/comments?post=2941"}],"version-history":[{"count":3,"href":"https:\/\/altal.ro\/ro\/wp-json\/wp\/v2\/product\/2941\/revisions"}],"predecessor-version":[{"id":7676,"href":"https:\/\/altal.ro\/ro\/wp-json\/wp\/v2\/product\/2941\/revisions\/7676"}],"wp:featuredmedia":[{"embeddable":true,"href":"https:\/\/altal.ro\/ro\/wp-json\/wp\/v2\/media\/2185"}],"wp:attachment":[{"href":"https:\/\/altal.ro\/ro\/wp-json\/wp\/v2\/media?parent=2941"}],"wp:term":[{"taxonomy":"product_brand","embeddable":true,"href":"https:\/\/altal.ro\/ro\/wp-json\/wp\/v2\/product_brand?post=2941"},{"taxonomy":"product_cat","embeddable":true,"href":"https:\/\/altal.ro\/ro\/wp-json\/wp\/v2\/product_cat?post=2941"},{"taxonomy":"product_tag","embeddable":true,"href":"https:\/\/altal.ro\/ro\/wp-json\/wp\/v2\/product_tag?post=2941"}],"curies":[{"name":"wp","href":"https:\/\/api.w.org\/{rel}","templated":true}]}}