{"id":2927,"date":"2025-06-16T00:28:41","date_gmt":"2025-06-16T00:28:41","guid":{"rendered":"https:\/\/altal.ro\/?post_type=product&#038;p=2927"},"modified":"2025-07-23T02:06:39","modified_gmt":"2025-07-22T23:06:39","slug":"contactor-cjx93p32a-pentru-compresor","status":"publish","type":"product","link":"https:\/\/altal.ro\/ro\/contactor-cjx93p32a-pentru-compresor\/","title":{"rendered":"Contactor CJX93P32A pentru compresor pomp\u0103 de c\u0103ldur\u0103"},"content":{"rendered":"<div id=\"ez-toc-container\" class=\"ez-toc-v2_0_82_2 counter-hierarchy ez-toc-counter ez-toc-grey ez-toc-container-direction\">\n<div class=\"ez-toc-title-container\">\n<p class=\"ez-toc-title\" style=\"cursor:inherit\">Cuprins<\/p>\n<span class=\"ez-toc-title-toggle\"><a href=\"#\" class=\"ez-toc-pull-right ez-toc-btn ez-toc-btn-xs ez-toc-btn-default ez-toc-toggle\" aria-label=\"Toggle Table of Content\"><span class=\"ez-toc-js-icon-con\"><span class=\"\"><span class=\"eztoc-hide\" style=\"display:none;\">Toggle<\/span><span class=\"ez-toc-icon-toggle-span\"><svg style=\"fill: #999;color:#999\" xmlns=\"http:\/\/www.w3.org\/2000\/svg\" class=\"list-377408\" width=\"20px\" height=\"20px\" viewBox=\"0 0 24 24\" fill=\"none\"><path d=\"M6 6H4v2h2V6zm14 0H8v2h12V6zM4 11h2v2H4v-2zm16 0H8v2h12v-2zM4 16h2v2H4v-2zm16 0H8v2h12v-2z\" fill=\"currentColor\"><\/path><\/svg><svg style=\"fill: #999;color:#999\" class=\"arrow-unsorted-368013\" xmlns=\"http:\/\/www.w3.org\/2000\/svg\" width=\"10px\" height=\"10px\" viewBox=\"0 0 24 24\" version=\"1.2\" baseProfile=\"tiny\"><path d=\"M18.2 9.3l-6.2-6.3-6.2 6.3c-.2.2-.3.4-.3.7s.1.5.3.7c.2.2.4.3.7.3h11c.3 0 .5-.1.7-.3.2-.2.3-.5.3-.7s-.1-.5-.3-.7zM5.8 14.7l6.2 6.3 6.2-6.3c.2-.2.3-.5.3-.7s-.1-.5-.3-.7c-.2-.2-.4-.3-.7-.3h-11c-.3 0-.5.1-.7.3-.2.2-.3.5-.3.7s.1.5.3.7z\"\/><\/svg><\/span><\/span><\/span><\/a><\/span><\/div>\n<nav><ul class='ez-toc-list ez-toc-list-level-1 ' ><li class='ez-toc-page-1 ez-toc-heading-level-2'><a class=\"ez-toc-link ez-toc-heading-1\" href=\"https:\/\/altal.ro\/ro\/contactor-cjx93p32a-pentru-compresor\/#Contactor_CJX93P32A_pentru_compresor_pompa_de_caldura\">Contactor CJX93P32A pentru compresor pomp\u0103 de c\u0103ldur\u0103<\/a><\/li><li class='ez-toc-page-1 ez-toc-heading-level-2'><a class=\"ez-toc-link ez-toc-heading-2\" href=\"https:\/\/altal.ro\/ro\/contactor-cjx93p32a-pentru-compresor\/#Contactor_CJX93P32A_pentru_compresor_%E2%80%93_Tabel_de_conversie_a_caracteristicilor\">Contactor CJX93P32A pentru compresor \u2013 Tabel de conversie a caracteristicilor<\/a><ul class='ez-toc-list-level-3' ><li class='ez-toc-heading-level-3'><a class=\"ez-toc-link ez-toc-heading-3\" href=\"https:\/\/altal.ro\/ro\/contactor-cjx93p32a-pentru-compresor\/#Caracteristici_nominale_in_functie_de_sarcina\">Caracteristici nominale \u00een func\u021bie de sarcin\u0103<\/a><\/li><li class='ez-toc-page-1 ez-toc-heading-level-3'><a class=\"ez-toc-link ez-toc-heading-4\" href=\"https:\/\/altal.ro\/ro\/contactor-cjx93p32a-pentru-compresor\/#Categorii_de_utilizare\">Categorii de utilizare<\/a><\/li><li class='ez-toc-page-1 ez-toc-heading-level-3'><a class=\"ez-toc-link ez-toc-heading-5\" href=\"https:\/\/altal.ro\/ro\/contactor-cjx93p32a-pentru-compresor\/#Constructia_contactelor_si_a_miezului_magnetic\">Construc\u021bia contactelor \u0219i a miezului magnetic<\/a><\/li><li class='ez-toc-page-1 ez-toc-heading-level-3'><a class=\"ez-toc-link ez-toc-heading-6\" href=\"https:\/\/altal.ro\/ro\/contactor-cjx93p32a-pentru-compresor\/#Contacte_auxiliare_NC1\">Contacte auxiliare NC1<\/a><\/li><li class='ez-toc-page-1 ez-toc-heading-level-3'><a class=\"ez-toc-link ez-toc-heading-7\" href=\"https:\/\/altal.ro\/ro\/contactor-cjx93p32a-pentru-compresor\/#Seria_de_contactoare_CJX9\">Seria de contactoare CJX9<\/a><\/li><li class='ez-toc-page-1 ez-toc-heading-level-3'><a class=\"ez-toc-link ez-toc-heading-8\" href=\"https:\/\/altal.ro\/ro\/contactor-cjx93p32a-pentru-compresor\/#Specificatii_tehnice\">Specifica\u021bii tehnice<\/a><\/li><\/ul><\/li><\/ul><\/nav><\/div>\n\n<h2><span class=\"ez-toc-section\" id=\"Contactor_CJX93P32A_pentru_compresor_pompa_de_caldura\"><\/span>Contactor CJX93P32A pentru compresor pomp\u0103 de c\u0103ldur\u0103<span class=\"ez-toc-section-end\"><\/span><\/h2>\n<p>Acest Contactor CJX93P32A pentru compresor este proiectat pentru un curent nominal de 32A. La aplicarea tensiunii pe bobina de comand\u0103, contactorul se activeaz\u0103, \u00eenchiz\u00e2nd contactele principale. Este important ca tensiunea circuitului de comand\u0103 s\u0103 fie de 230V. Acest contactor este ideal pentru pornirea compresoarelor <a href=\"https:\/\/altal.ro\/ro\/pompe-de-caldura-altal\/\" target=\"_blank\" rel=\"noopener\">pompelor de c\u0103ldur\u0103<\/a> cu vitez\u0103 fix\u0103. De asemenea, poate fi utilizat pentru comutarea echipamentelor periferice de mare putere, cum ar fi pompele de circula\u021bie, \u00eenc\u0103lzitoarele electrice \u0219i alte dispozitive.<\/p>\n<h2><span class=\"ez-toc-section\" id=\"Contactor_CJX93P32A_pentru_compresor_%E2%80%93_Tabel_de_conversie_a_caracteristicilor\"><\/span>Contactor CJX93P32A pentru compresor \u2013 Tabel de conversie a caracteristicilor<span class=\"ez-toc-section-end\"><\/span><\/h2>\n<table style=\"width: 44.8987%\" border=\"1\">\n<tbody>\n<tr>\n<td style=\"width: 18.8215%\"><strong>Tensiune de lucru<\/strong><\/td>\n<td style=\"width: 18.9639%;text-align: center\" colspan=\"2\"><strong>Curent nominal<\/strong><\/td>\n<td style=\"width: 19.4343%;text-align: center\" colspan=\"2\"><strong>Putere nominal\u0103<\/strong><\/td>\n<\/tr>\n<tr>\n<td style=\"width: 18.8215%\">\u00a0<\/td>\n<td style=\"width: 9.13422%;text-align: center\"><strong>AC3<\/strong><\/td>\n<td style=\"width: 9.8297%;text-align: center\"><strong>AC4<\/strong><\/td>\n<td style=\"width: 10.623%;text-align: center\"><strong>AC3<\/strong><\/td>\n<td style=\"width: 8.81127%;text-align: center\"><strong>AC4<\/strong><\/td>\n<\/tr>\n<tr>\n<td style=\"width: 18.8215%\">50Hz, 220\/230V<\/td>\n<td style=\"width: 9.13422%;text-align: center\">&#8211;<\/td>\n<td style=\"width: 9.8297%;text-align: center\">&#8211;<\/td>\n<td style=\"width: 10.623%;text-align: center\">7,5 kW<\/td>\n<td style=\"width: 8.81127%;text-align: center\">&#8211;<\/td>\n<\/tr>\n<tr>\n<td style=\"width: 18.8215%\">50Hz, 380\/400V<\/td>\n<td style=\"width: 9.13422%;text-align: center\">32 A<\/td>\n<td style=\"width: 9.8297%;text-align: center\">12 A<\/td>\n<td style=\"width: 10.623%;text-align: center\">15 kW<\/td>\n<td style=\"width: 8.81127%;text-align: center\">5,5 kW<\/td>\n<\/tr>\n<tr>\n<td style=\"width: 18.8215%\">50Hz, 660\/690V<\/td>\n<td style=\"width: 9.13422%;text-align: center\">21 A<\/td>\n<td style=\"width: 9.8297%;text-align: center\">7,5 A<\/td>\n<td style=\"width: 10.623%;text-align: center\">18,5 kW<\/td>\n<td style=\"width: 8.81127%;text-align: center\">5,5 kW<\/td>\n<\/tr>\n<\/tbody>\n<\/table>\n<h3><span class=\"ez-toc-section\" id=\"Caracteristici_nominale_in_functie_de_sarcina\"><\/span>Caracteristici nominale \u00een func\u021bie de sarcin\u0103<span class=\"ez-toc-section-end\"><\/span><\/h3>\n<p>Sarcina conectat\u0103 \u0219i tensiunea de alimentare influen\u021beaz\u0103 direct performan\u021bele contactorului. Curentul nominal de 32A, men\u021bionat \u00een denumirea Contactor CJX93P32\u0410, este destinat utiliz\u0103rii standard \u2013 controlul motoarelor electrice trifazate de 380V, categoria <a href=\"https:\/\/en.wikipedia.org\/wiki\/Utilization_categories\" target=\"_blank\" rel=\"noopener\"><strong>AC-3<\/strong><\/a>.<\/p>\n<h3><span class=\"ez-toc-section\" id=\"Categorii_de_utilizare\"><\/span>Categorii de utilizare<span class=\"ez-toc-section-end\"><\/span><\/h3>\n<p>Contactor CJX93P32A pentru compresoreste proiectat pentru o sarcin\u0103 nominal\u0103 de 15 kW. Pentru aplica\u021bii mai simple, cum ar fi becuri sau rezisten\u021be electrice, se recomand\u0103 categoria <a href=\"https:\/\/en.wikipedia.org\/wiki\/Utilization_categories\" target=\"_blank\" rel=\"noopener\"><strong>AC-1<\/strong><\/a>. Pentru comanda motoarelor cu iner\u021bie mare sau cu schimbare de sens, este preferat\u0103 categoria <a href=\"https:\/\/en.wikipedia.org\/wiki\/Utilization_categories\" target=\"_blank\" rel=\"noopener\"><strong>AC-4<\/strong><\/a>.<\/p>\n<h3><span class=\"ez-toc-section\" id=\"Constructia_contactelor_si_a_miezului_magnetic\"><\/span>Construc\u021bia contactelor \u0219i a miezului magnetic<span class=\"ez-toc-section-end\"><\/span><\/h3>\n<p>Contactor CJX93P32A pentru compresor utilizeaz\u0103 o schem\u0103 cu dubl\u0103 \u00eentrerupere, cu un mecanism central cu arc pentru fiabilitate ridicat\u0103. Pl\u0103cile miezului magnetic sunt fixate \u00een 12 puncte, dintre care 6 sunt \u00eent\u0103rite cu nituri pentru durabilitate. Amortizoarele din cauciuc reduc vibra\u021biile, iar spirele de scurtcircuit previn reculul ancorei la trecerea prin zero a fazei.<\/p>\n<h3><span class=\"ez-toc-section\" id=\"Contacte_auxiliare_NC1\"><\/span>Contacte auxiliare NC1<span class=\"ez-toc-section-end\"><\/span><\/h3>\n<p>\u00cen circuitele cu curen\u021bi \u0219i tensiuni mici, oxidarea contactelor poate \u00eengreuna comutarea. Contactele auxiliare <strong>NC1<\/strong> sunt dotate cu sistem de autocur\u0103\u021bare: partea mobil\u0103 cu arc se deplaseaz\u0103 \u0219i cur\u0103\u021b\u0103 mecanic suprafa\u021ba de contact. Canelurile perpendiculare sporesc eficien\u021ba acestui proces.<\/p>\n<hr \/>\n<h3><span class=\"ez-toc-section\" id=\"Seria_de_contactoare_CJX9\"><\/span>Seria de contactoare CJX9<span class=\"ez-toc-section-end\"><\/span><\/h3>\n<p>Seria CJX9 este recunoscut\u0103 pentru designul s\u0103u fiabil \u0219i versatilitatea \u00een utilizarea industrial\u0103. Contactoarele sunt potrivite pentru comutarea circuitelor electrice \u00een echipamente industriale variate. Contactor CJX93P32A pentru compresor poate fi combinat cu relee termice pentru protec\u021bia echipamentului electric \u00eempotriva suprasarcinilor. Seria acoper\u0103 curen\u021bi nominali de la 9A la 95A \u0219i ofer\u0103 op\u021biuni suplimentare:<\/p>\n<ul>\n<li>Contactoare cu temporizare;<\/li>\n<li>Contactoare reversibile;<\/li>\n<li>Demaroare magnetice;<\/li>\n<li>Contactoare pentru circuite de compensare a factorului de putere (KRM);<\/li>\n<li>Demaroare &#8222;stea-triunghi&#8221;.<\/li>\n<\/ul>\n<h3><span class=\"ez-toc-section\" id=\"Specificatii_tehnice\"><\/span>Specifica\u021bii tehnice<span class=\"ez-toc-section-end\"><\/span><\/h3>\n<ul>\n<li><strong>Tensiune de lucru:<\/strong> p\u00e2n\u0103 la 690V.<\/li>\n<li><strong>Frecven\u021ba re\u021belei:<\/strong> p\u00e2n\u0103 la 60Hz.<\/li>\n<li><strong>Circuite de comand\u0103:<\/strong> curent alternativ sau continuu (modelele cu sufixul Z suport\u0103 DC).<\/li>\n<li><strong>Bobin\u0103 de comand\u0103:<\/strong> 220V.<\/li>\n<li><strong>Cicluri de comutare:<\/strong> p\u00e2n\u0103 la 1200\/h (categoria <strong>AC-3<\/strong>, 380\/400V).<\/li>\n<li><strong>Durat\u0103 de via\u021b\u0103:<\/strong> p\u00e2n\u0103 la 10 milioane de cicluri.<\/li>\n<\/ul>\n<hr \/>\n<p>\u00a0<\/p>\n","protected":false},"excerpt":{"rendered":"<ul>\n<li><strong>Tensiune de lucru:<\/strong> p\u00e2n\u0103 la 690V.<\/li>\n<li><strong>Frecven\u021ba re\u021belei:<\/strong> p\u00e2n\u0103 la 60Hz.<\/li>\n<li><strong>Circuite de comand\u0103:<\/strong> curent alternativ sau continuu (modelele cu sufixul Z suport\u0103 DC).<\/li>\n<li><strong>Bobin\u0103 de comand\u0103:<\/strong> 220V.<\/li>\n<li><strong>Cicluri de comutare:<\/strong> p\u00e2n\u0103 la 1200\/h (categoria <strong>AC-3<\/strong>, 380\/400V).<\/li>\n<li><strong>Durat\u0103 de via\u021b\u0103:<\/strong> p\u00e2n\u0103 la 10 milioane de cicluri.<\/li>\n<\/ul>\n","protected":false},"featured_media":2161,"comment_status":"open","ping_status":"closed","template":"","meta":{"_acf_changed":false,"_kad_post_transparent":"default","_kad_post_title":"","_kad_post_layout":"default","_kad_post_sidebar_id":"","_kad_post_content_style":"default","_kad_post_vertical_padding":"default","_kad_post_feature":"","_kad_post_feature_position":"","_kad_post_header":false,"_kad_post_footer":false},"product_brand":[],"product_cat":[276],"product_tag":[278,455,452],"class_list":{"0":"post-2927","1":"product","2":"type-product","3":"status-publish","4":"has-post-thumbnail","6":"product_cat-contactoare","7":"product_tag-278","8":"product_tag-contactor","9":"product_tag-pompe-de-caldura","11":"first","12":"instock","13":"sale","14":"featured","15":"taxable","16":"shipping-taxable","17":"purchasable","18":"product-type-simple","19":"entry","20":"content-bg","21":"loop-entry"},"acf":[],"_links":{"self":[{"href":"https:\/\/altal.ro\/ro\/wp-json\/wp\/v2\/product\/2927","targetHints":{"allow":["GET"]}}],"collection":[{"href":"https:\/\/altal.ro\/ro\/wp-json\/wp\/v2\/product"}],"about":[{"href":"https:\/\/altal.ro\/ro\/wp-json\/wp\/v2\/types\/product"}],"replies":[{"embeddable":true,"href":"https:\/\/altal.ro\/ro\/wp-json\/wp\/v2\/comments?post=2927"}],"version-history":[{"count":2,"href":"https:\/\/altal.ro\/ro\/wp-json\/wp\/v2\/product\/2927\/revisions"}],"predecessor-version":[{"id":7682,"href":"https:\/\/altal.ro\/ro\/wp-json\/wp\/v2\/product\/2927\/revisions\/7682"}],"wp:featuredmedia":[{"embeddable":true,"href":"https:\/\/altal.ro\/ro\/wp-json\/wp\/v2\/media\/2161"}],"wp:attachment":[{"href":"https:\/\/altal.ro\/ro\/wp-json\/wp\/v2\/media?parent=2927"}],"wp:term":[{"taxonomy":"product_brand","embeddable":true,"href":"https:\/\/altal.ro\/ro\/wp-json\/wp\/v2\/product_brand?post=2927"},{"taxonomy":"product_cat","embeddable":true,"href":"https:\/\/altal.ro\/ro\/wp-json\/wp\/v2\/product_cat?post=2927"},{"taxonomy":"product_tag","embeddable":true,"href":"https:\/\/altal.ro\/ro\/wp-json\/wp\/v2\/product_tag?post=2927"}],"curies":[{"name":"wp","href":"https:\/\/api.w.org\/{rel}","templated":true}]}}