{"id":2923,"date":"2025-06-16T00:28:41","date_gmt":"2025-06-16T00:28:41","guid":{"rendered":"https:\/\/altal.ro\/?post_type=product&#038;p=2923"},"modified":"2025-07-23T02:07:47","modified_gmt":"2025-07-22T23:07:47","slug":"filtru-deshidratator-reversibil-zrk303","status":"publish","type":"product","link":"https:\/\/altal.ro\/ro\/filtru-deshidratator-reversibil-zrk303\/","title":{"rendered":"Filtru deshidratator reversibil ZRK303"},"content":{"rendered":"\n<div class=\"product-essential\">\n<div class=\"product-shop\">\n<h2>Filtru deshidratator reversibil ZRK303<\/h2>\n<p>\u2014 este un dispozitiv de \u00eenalt\u0103 calitate destinat utiliz\u0103rii \u00een <a href=\"https:\/\/altal.ro\/ro\/pompe-de-caldura-altal\/\" target=\"_blank\" rel=\"noopener\">pompe de c\u0103ldur\u0103<\/a>. Func\u021bioneaz\u0103 \u00een <a href=\"https:\/\/en.wikipedia.org\/wiki\/Reversing_valve\" target=\"_blank\" rel=\"noopener\">ciclul reversibil<\/a>. Este proiectat pentru a permite fluxul \u00een linia de lichid a pompei \u00een ambele direc\u021bii. Filtru deshidratator reversibil ZRK303 se utilizeaz\u0103 pentru refrigeran\u021bi R12, R22, R32, R502, R134a, R404A, R407C, R410A, R507. De asemenea, pentru CFC, HCFC, HFC \u0219i lubrifian\u021bi specifici. Capacitatea de filtrare ajunge la 0,10 microni. Ventilul de control intern, fabricat din nailon, asigur\u0103 filtrarea \u00een ambele direc\u021bii. Eliminarea acizilor organici \u0219i neorganici se face cu ajutorul oxidului de aluminiu activat, iar umiditatea este eliminat\u0103 cu un usuc\u0103tor molecular. Ad\u0103ugarea de c\u0103rbune activat \u00een miezul de uscare ajut\u0103 la eliminarea ceara la temperaturi sc\u0103zute de func\u021bionare.<\/p>\n<div class=\"description\"><span style=\"font-family: Oswald, var(--global-fallback-font);font-size: 28px;font-weight: bold\">Caracteristici tehnice<\/span><\/div>\n<\/div>\n<\/div>\n<div class=\"product-collateral\">\n<div id=\"product_tabs_additional_contents\" class=\"product-tabs-content\">\n<table id=\"product-attribute-specs-table\" class=\"data-table\" style=\"height: 123px;width: 29.0857%\" border=\"1\">\n<colgroup>\n<col width=\"180px\" \/>\n<col \/><\/colgroup>\n<tbody>\n<tr style=\"height: 10px\">\n<th class=\"label\" style=\"height: 10px;width: 26.0806%\">Seria<\/th>\n<td class=\"data\" style=\"height: 10px;width: 18.8791%;text-align: center\">ZRK<\/td>\n<\/tr>\n<tr style=\"height: 68px\">\n<th class=\"label\" style=\"height: 41px;width: 26.0806%;text-align: left\">Presiune de lucru (PS)<\/th>\n<td class=\"data\" style=\"height: 41px;width: 18.8791%;text-align: center\">46 bari<\/td>\n<\/tr>\n<tr style=\"height: 36px\">\n<th class=\"label\" style=\"height: 36px;width: 26.0806%;text-align: left\">Presiunea de rupere<\/th>\n<td class=\"data\" style=\"height: 36px;width: 18.8791%;text-align: center\">175 bari<\/td>\n<\/tr>\n<tr style=\"height: 36px\">\n<th class=\"label\" style=\"height: 36px;width: 26.0806%;text-align: left\">Conexiuni<\/th>\n<td class=\"data\" style=\"height: 36px;width: 18.8791%;text-align: center\">3\/8&#8243; <strong>SAE<\/strong><\/td>\n<\/tr>\n<\/tbody>\n<\/table>\n<p>\u00a0 Filtru deshidratator reversibil ZRK303 are un miez solid format dintr-un amestec de sita molecular\u0103 \u0219i aluminiu activat. Ace\u0219ti adsorban\u021bi sunt fixa\u021bi \u00een miez cu ajutorul unui material adeziv sintetic. Miezul este bine str\u00e2ns de ambele p\u0103r\u021bi, iar pentru protec\u021bie sunt plasate perni de vat\u0103. Venele de re\u021binere din interiorul filtrului direc\u021bioneaz\u0103 fluxul, ceea ce permite func\u021bionarea \u00een orice direc\u021bie a fluidului \u00een pompe de c\u0103ldur\u0103. Aceast\u0103 construc\u021bie asigur\u0103 o eficien\u021b\u0103 ridicat\u0103 de filtrare \u0219i absorb\u021bie a apei \u0219i acizilor. Filtru deshidratator reversibil ZRK303 este disponibil cu conexiune filetat\u0103 SAE 3\/8&#8243;. De asemenea, oferim modele cu conexiune de lipire ODF 3\/8&#8243;. Pentru detalii suplimentare, contacta\u021bi-ne.<\/p>\n<hr \/>\n<p>\u00a0<\/p><\/div>\n<\/div>\n","protected":false},"excerpt":{"rendered":"<h2><span style=\"color: #800080;\">Model ZRK303\u00a0<\/span><\/h2>\n<ul>\n<li class=\"tab-title\">Presiune de lucru (PS): 46 bari<\/li>\n<li class=\"tab-title\">Presiunea de rupere: 175 bari<\/li>\n<li class=\"tab-title\">Conexiuni: 3\/8\u2033 SAE<\/li>\n<li>Refrigeran\u021bi: R22, R134a, R404A, R407C, R410A, R507<\/li>\n<\/ul>\n","protected":false},"featured_media":2154,"comment_status":"open","ping_status":"closed","template":"","meta":{"_acf_changed":false,"_kad_post_transparent":"default","_kad_post_title":"","_kad_post_layout":"default","_kad_post_sidebar_id":"","_kad_post_content_style":"default","_kad_post_vertical_padding":"default","_kad_post_feature":"","_kad_post_feature_position":"","_kad_post_header":false,"_kad_post_footer":false},"product_brand":[],"product_cat":[271],"product_tag":[273,274],"class_list":{"0":"post-2923","1":"product","2":"type-product","3":"status-publish","4":"has-post-thumbnail","6":"product_cat-filtre-deshidratoare","7":"product_tag-3-8","8":"product_tag-filtru-deshidrator","10":"first","11":"instock","12":"sale","13":"featured","14":"taxable","15":"shipping-taxable","16":"purchasable","17":"product-type-simple","18":"entry","19":"content-bg","20":"loop-entry"},"acf":[],"_links":{"self":[{"href":"https:\/\/altal.ro\/ro\/wp-json\/wp\/v2\/product\/2923","targetHints":{"allow":["GET"]}}],"collection":[{"href":"https:\/\/altal.ro\/ro\/wp-json\/wp\/v2\/product"}],"about":[{"href":"https:\/\/altal.ro\/ro\/wp-json\/wp\/v2\/types\/product"}],"replies":[{"embeddable":true,"href":"https:\/\/altal.ro\/ro\/wp-json\/wp\/v2\/comments?post=2923"}],"version-history":[{"count":3,"href":"https:\/\/altal.ro\/ro\/wp-json\/wp\/v2\/product\/2923\/revisions"}],"predecessor-version":[{"id":7686,"href":"https:\/\/altal.ro\/ro\/wp-json\/wp\/v2\/product\/2923\/revisions\/7686"}],"wp:featuredmedia":[{"embeddable":true,"href":"https:\/\/altal.ro\/ro\/wp-json\/wp\/v2\/media\/2154"}],"wp:attachment":[{"href":"https:\/\/altal.ro\/ro\/wp-json\/wp\/v2\/media?parent=2923"}],"wp:term":[{"taxonomy":"product_brand","embeddable":true,"href":"https:\/\/altal.ro\/ro\/wp-json\/wp\/v2\/product_brand?post=2923"},{"taxonomy":"product_cat","embeddable":true,"href":"https:\/\/altal.ro\/ro\/wp-json\/wp\/v2\/product_cat?post=2923"},{"taxonomy":"product_tag","embeddable":true,"href":"https:\/\/altal.ro\/ro\/wp-json\/wp\/v2\/product_tag?post=2923"}],"curies":[{"name":"wp","href":"https:\/\/api.w.org\/{rel}","templated":true}]}}