{"id":2920,"date":"2025-06-16T00:28:30","date_gmt":"2025-06-16T00:28:30","guid":{"rendered":"https:\/\/altal.ro\/?post_type=product&#038;p=2920"},"modified":"2025-07-23T02:08:18","modified_gmt":"2025-07-22T23:08:18","slug":"filtru-deshidratator-reversibil-zrk163","status":"publish","type":"product","link":"https:\/\/altal.ro\/ro\/filtru-deshidratator-reversibil-zrk163\/","title":{"rendered":"Filtru deshidratator reversibil ZRK163"},"content":{"rendered":"\n<div class=\"product-essential\">\n<div class=\"product-shop\">\n<div class=\"product-essential\">\n<div class=\"product-shop\">\n<h2>Filtru deshidratator reversibil ZRK163<\/h2>\n<p>\u2014 este un dispozitiv de \u00eenalt\u0103 calitate destinat utiliz\u0103rii \u00een <a href=\"http:\/\/altalheat.com\/ru\/product-category\/teplovye-nasosy\/\" target=\"_blank\" rel=\"noopener\">pompe de c\u0103ldur\u0103<\/a>. Func\u021bioneaz\u0103 \u00een <a href=\"https:\/\/en.wikipedia.org\/wiki\/Reversing_valve\" target=\"_blank\" rel=\"noopener\">ciclul reversibil<\/a>. Este proiectat pentru a permite fluxul \u00een linia de lichid a pompei \u00een ambele direc\u021bii. Acest Filtru deshidratator reversibil ZRK163 este utilizat pentru refrigeran\u021bi R12, R22, R32, R502, R134a, R404A, R407C, R410A, R507. De asemenea, pentru CFC, HCFC, HFC \u0219i lubrifian\u021bi specifici. Capacitatea de filtrare ajunge la 0,10 microni. Ventilul de control intern, fabricat din nailon, asigur\u0103 filtrarea \u00een ambele direc\u021bii. Eliminarea acizilor organici \u0219i neorganici se realizeaz\u0103 cu ajutorul oxidului de aluminiu activat, iar umiditatea este eliminat\u0103 cu un usuc\u0103tor molecular. Ad\u0103ugarea de c\u0103rbune activat \u00een miezul de uscare ajut\u0103 la eliminarea ceara la temperaturi sc\u0103zute de func\u021bionare.<\/p>\n<div class=\"description\"><span style=\"font-family: Oswald, var(--global-fallback-font);font-size: 14pt;font-weight: bold\">Caracteristici tehnice<\/span><\/div>\n<\/div>\n<\/div>\n<div class=\"product-collateral\">\n<div id=\"product_tabs_additional_contents\" class=\"product-tabs-content\">\n<table id=\"product-attribute-specs-table\" class=\"data-table\" style=\"width: 27.6289%;height: 150px\">\n<colgroup>\n<col width=\"180px\" \/>\n<col \/><\/colgroup>\n<tbody>\n<tr style=\"height: 10px\">\n<th class=\"label\" style=\"height: 10px;width: 22.3285%\">Filtru deshidratator reversibil ZRK163<\/th>\n<td class=\"data\" style=\"height: 10px;width: 17.6471%;text-align: center\">ZRK<\/td>\n<\/tr>\n<tr style=\"height: 68px\">\n<th class=\"label\" style=\"height: 68px;width: 22.3285%;text-align: left\">Presiune de lucru (PS)<\/th>\n<td class=\"data\" style=\"height: 68px;width: 17.6471%;text-align: center\">46 bari<\/td>\n<\/tr>\n<tr style=\"height: 36px\">\n<th class=\"label\" style=\"height: 36px;width: 22.3285%;text-align: left\">Presiunea de rupere<\/th>\n<td class=\"data\" style=\"height: 36px;width: 17.6471%;text-align: center\">175 bari<\/td>\n<\/tr>\n<tr style=\"height: 36px\">\n<th class=\"label\" style=\"height: 36px;width: 22.3285%;text-align: left\">Conexiuni<\/th>\n<td class=\"data\" style=\"height: 36px;width: 17.6471%;text-align: center\">3\/8&#8243; <strong>SAE<\/strong><\/td>\n<\/tr>\n<\/tbody>\n<\/table>\n<p>\u00a0 Filtru deshidratator reversibil ZRK163\u00a0are un miez solid format dintr-un amestec de sita molecular\u0103 \u0219i aluminiu activat. Acesti adsorban\u021bi sunt fixa\u021bi \u00een miez cu ajutorul unui material adeziv sintetic. Miezul este bine str\u00e2ns de ambele p\u0103r\u021bi, iar pentru protec\u021bie sunt plasate perni de vat\u0103. Venele de re\u021binere din interiorul filtrului direc\u021bioneaz\u0103 fluxul, ceea ce permite func\u021bionarea \u00een orice direc\u021bie a fluidului \u00een pompe de c\u0103ldur\u0103. Aceast\u0103 construc\u021bie asigur\u0103 o eficien\u021b\u0103 ridicat\u0103 de filtrare \u0219i absorb\u021bie a apei \u0219i acizilor. Filtrul de uscare reversibil ZRK084 este disponibil cu conexiune filetat\u0103 SAE 3\/8&#8243;. De asemenea, oferim modele cu conexiune de lipire ODF 3\/8&#8243;. Pentru detalii suplimentare, contacta\u021bi-ne.<\/p><\/div>\n<\/div>\n<\/div>\n<\/div>\n<p>&#8211;<\/p>\n<hr \/>\n<p>\u00a0<\/p>\n","protected":false},"excerpt":{"rendered":"<h2 class=\"tab-title\"><span style=\"color: #993366;\">Model ZRK163<\/span><\/h2>\n<ul>\n<li class=\"tab-title\">Presiune de lucru (PS): 46 bari<\/li>\n<li class=\"tab-title\">Presiunea de rupere: 175 bari<\/li>\n<li class=\"tab-title\">Conexiuni: 3\/8&#8243; SAE<\/li>\n<\/ul>\n","protected":false},"featured_media":2136,"comment_status":"open","ping_status":"closed","template":"","meta":{"_acf_changed":false,"_kad_post_transparent":"default","_kad_post_title":"","_kad_post_layout":"default","_kad_post_sidebar_id":"","_kad_post_content_style":"default","_kad_post_vertical_padding":"default","_kad_post_feature":"","_kad_post_feature_position":"","_kad_post_header":false,"_kad_post_footer":false},"product_brand":[],"product_cat":[271],"product_tag":[274],"class_list":{"0":"post-2920","1":"product","2":"type-product","3":"status-publish","4":"has-post-thumbnail","6":"product_cat-filtre-deshidratoare","7":"product_tag-filtru-deshidrator","9":"first","10":"instock","11":"sale","12":"featured","13":"taxable","14":"shipping-taxable","15":"purchasable","16":"product-type-simple","17":"entry","18":"content-bg","19":"loop-entry"},"acf":[],"_links":{"self":[{"href":"https:\/\/altal.ro\/ro\/wp-json\/wp\/v2\/product\/2920","targetHints":{"allow":["GET"]}}],"collection":[{"href":"https:\/\/altal.ro\/ro\/wp-json\/wp\/v2\/product"}],"about":[{"href":"https:\/\/altal.ro\/ro\/wp-json\/wp\/v2\/types\/product"}],"replies":[{"embeddable":true,"href":"https:\/\/altal.ro\/ro\/wp-json\/wp\/v2\/comments?post=2920"}],"version-history":[{"count":3,"href":"https:\/\/altal.ro\/ro\/wp-json\/wp\/v2\/product\/2920\/revisions"}],"predecessor-version":[{"id":7689,"href":"https:\/\/altal.ro\/ro\/wp-json\/wp\/v2\/product\/2920\/revisions\/7689"}],"wp:featuredmedia":[{"embeddable":true,"href":"https:\/\/altal.ro\/ro\/wp-json\/wp\/v2\/media\/2136"}],"wp:attachment":[{"href":"https:\/\/altal.ro\/ro\/wp-json\/wp\/v2\/media?parent=2920"}],"wp:term":[{"taxonomy":"product_brand","embeddable":true,"href":"https:\/\/altal.ro\/ro\/wp-json\/wp\/v2\/product_brand?post=2920"},{"taxonomy":"product_cat","embeddable":true,"href":"https:\/\/altal.ro\/ro\/wp-json\/wp\/v2\/product_cat?post=2920"},{"taxonomy":"product_tag","embeddable":true,"href":"https:\/\/altal.ro\/ro\/wp-json\/wp\/v2\/product_tag?post=2920"}],"curies":[{"name":"wp","href":"https:\/\/api.w.org\/{rel}","templated":true}]}}