{"id":2904,"date":"2025-06-16T00:28:29","date_gmt":"2025-06-16T00:28:29","guid":{"rendered":"https:\/\/altal.ro\/?post_type=product&#038;p=2904"},"modified":"2025-07-23T02:11:10","modified_gmt":"2025-07-22T23:11:10","slug":"controler-pompa-de-caldura-aa6p003031","status":"publish","type":"product","link":"https:\/\/altal.ro\/ro\/controler-pompa-de-caldura-aa6p003031\/","title":{"rendered":"Controler pomp\u0103 de c\u0103ldur\u0103 AA6P003031"},"content":{"rendered":"<div class=\"flex-shrink-0 flex flex-col relative items-end\">\n<div class=\"pt-0\">\n<div class=\"gizmo-bot-avatar flex h-8 w-8 items-center justify-center overflow-hidden rounded-full\">\n<div class=\"relative p-1 rounded-sm flex items-center justify-center bg-token-main-surface-primary text-token-text-primary h-8 w-8\">\n<div class=\"relative p-1 rounded-sm flex items-center justify-center bg-token-main-surface-primary text-token-text-primary h-8 w-8\"><div id=\"ez-toc-container\" class=\"ez-toc-v2_0_82_2 counter-hierarchy ez-toc-counter ez-toc-grey ez-toc-container-direction\">\n<div class=\"ez-toc-title-container\">\n<p class=\"ez-toc-title\" style=\"cursor:inherit\">Cuprins<\/p>\n<span class=\"ez-toc-title-toggle\"><a href=\"#\" class=\"ez-toc-pull-right ez-toc-btn ez-toc-btn-xs ez-toc-btn-default ez-toc-toggle\" aria-label=\"Toggle Table of Content\"><span class=\"ez-toc-js-icon-con\"><span class=\"\"><span class=\"eztoc-hide\" style=\"display:none;\">Toggle<\/span><span class=\"ez-toc-icon-toggle-span\"><svg style=\"fill: #999;color:#999\" xmlns=\"http:\/\/www.w3.org\/2000\/svg\" class=\"list-377408\" width=\"20px\" height=\"20px\" viewBox=\"0 0 24 24\" fill=\"none\"><path d=\"M6 6H4v2h2V6zm14 0H8v2h12V6zM4 11h2v2H4v-2zm16 0H8v2h12v-2zM4 16h2v2H4v-2zm16 0H8v2h12v-2z\" fill=\"currentColor\"><\/path><\/svg><svg style=\"fill: #999;color:#999\" class=\"arrow-unsorted-368013\" xmlns=\"http:\/\/www.w3.org\/2000\/svg\" width=\"10px\" height=\"10px\" viewBox=\"0 0 24 24\" version=\"1.2\" baseProfile=\"tiny\"><path d=\"M18.2 9.3l-6.2-6.3-6.2 6.3c-.2.2-.3.4-.3.7s.1.5.3.7c.2.2.4.3.7.3h11c.3 0 .5-.1.7-.3.2-.2.3-.5.3-.7s-.1-.5-.3-.7zM5.8 14.7l6.2 6.3 6.2-6.3c.2-.2.3-.5.3-.7s-.1-.5-.3-.7c-.2-.2-.4-.3-.7-.3h-11c-.3 0-.5.1-.7.3-.2.2-.3.5-.3.7s.1.5.3.7z\"\/><\/svg><\/span><\/span><\/span><\/a><\/span><\/div>\n<nav><ul class='ez-toc-list ez-toc-list-level-1 ' ><li class='ez-toc-page-1 ez-toc-heading-level-2'><a class=\"ez-toc-link ez-toc-heading-1\" href=\"https:\/\/altal.ro\/ro\/controler-pompa-de-caldura-aa6p003031\/#Controler_pompa_de_caldura_AA6P003031_sol-apa\" >Controler pomp\u0103 de c\u0103ldur\u0103 AA6P003031 sol-ap\u0103<\/a><ul class='ez-toc-list-level-4' ><li class='ez-toc-heading-level-4'><ul class='ez-toc-list-level-4' ><li class='ez-toc-heading-level-4'><a class=\"ez-toc-link ez-toc-heading-2\" href=\"https:\/\/altal.ro\/ro\/controler-pompa-de-caldura-aa6p003031\/#Controler_pompa_de_caldura_AA6P003031_Functii_principale\" >Controler pomp\u0103 de c\u0103ldur\u0103 AA6P003031. Func\u021bii principale:<\/a><\/li><li class='ez-toc-page-1 ez-toc-heading-level-4'><a class=\"ez-toc-link ez-toc-heading-3\" href=\"https:\/\/altal.ro\/ro\/controler-pompa-de-caldura-aa6p003031\/#Echipamente_si_dotari\" >Echipamente \u0219i dot\u0103ri:<\/a><\/li><\/ul><\/li><\/ul><\/li><\/ul><\/nav><\/div>\n<\/div>\n<h2 class=\"relative p-1 rounded-sm flex items-center justify-center bg-token-main-surface-primary text-token-text-primary h-8 w-8\"><span class=\"ez-toc-section\" id=\"Controler_pompa_de_caldura_AA6P003031_sol-apa\"><\/span>Controler pomp\u0103 de c\u0103ldur\u0103 AA6P003031 sol-ap\u0103<span class=\"ez-toc-section-end\"><\/span><\/h2>\n<div>Controler pomp\u0103 de c\u0103ldur\u0103 AA6P003031 <a href=\"https:\/\/altal.ro\/ro\/sol-apa-dual\/\" target=\"_blank\" rel=\"noopener\">sol-ap\u0103<\/a> asigur\u0103 o gestionare eficient\u0103 a tuturor componentelor cheie ale sistemului: compresor, pomp\u0103, \u00eenc\u0103lzitor \u0219i surse suplimentare de c\u0103ldur\u0103. Scopul lor este de a automatiza procesul de \u00eenc\u0103lzire a apei, de a men\u021bine parametrii de temperatur\u0103 seta\u021bi \u0219i de a integra func\u021bionarea cu surse externe de c\u0103ldur\u0103, cum ar fi cazanele de \u00eenc\u0103lzire central\u0103. Pompa de c\u0103ldur\u0103 cu Controler pomp\u0103 de c\u0103ldur\u0103 AA6P003031 extrage c\u0103ldur\u0103 din sol \u0219i o transfer\u0103 \u00een rezervorul de ap\u0103 cald\u0103. Folosind energia stocat\u0103 \u00een resursele naturale, dispozitivul o transform\u0103 \u00eentr-un nivel de temperatur\u0103 potrivit pentru \u00eenc\u0103lzire. Sistemul poate fi completat cu un \u00eenc\u0103lzitor electric pentru cre\u0219terea eficien\u021bei \u00een condi\u021bii de temperaturi sc\u0103zute.<\/p>\n<hr \/>\n<h4><span class=\"ez-toc-section\" id=\"Controler_pompa_de_caldura_AA6P003031_Functii_principale\"><\/span><span id=\"Controler_pompa_de_caldura_WZ6P00303A_Functii_principale\" class=\"ez-toc-section\"><\/span><strong>Controler pomp\u0103 de c\u0103ldur\u0103 AA6P003031. Func\u021bii principale<\/strong>:<span class=\"ez-toc-section-end\"><\/span><\/h4>\n<ul>\n<li>gestionarea pompelod de circula\u021bie;<\/li>\n<li>controlul func\u021bion\u0103rii pompei \u0219i\u00a0<a href=\"https:\/\/altal.ro\/ro\/compresoare\/\" target=\"_blank\" rel=\"noopener\">compresorului<\/a>;<\/li>\n<li>controlul \u00eenc\u0103lzitorului electric;<\/li>\n<li>monitorizarea pompei sursei suplimentare de c\u0103ldur\u0103;<\/li>\n<li>posibilitatea de conectare a unui termostat de camer\u0103.<\/li>\n<\/ul>\n<hr \/>\n<h4><span class=\"ez-toc-section\" id=\"Echipamente_si_dotari\"><\/span><span id=\"Echipamente_si_dotari\" class=\"ez-toc-section\"><\/span><strong>Echipamente \u0219i dot\u0103ri<\/strong>:<span class=\"ez-toc-section-end\"><\/span><\/h4>\n<ul>\n<li><strong>Display color TFT<\/strong>\u00a0cu interfa\u021b\u0103 prietenoas\u0103;<\/li>\n<li><strong>Panou frontal din sticl\u0103 temperat\u0103<\/strong>\u00a0cu grosimea de 2 mm;<\/li>\n<li><strong>Senzori de temperatur\u0103<\/strong>:\n<ul>\n<li>pentru rezervorul de ap\u0103 cald\u0103 menajer\u0103 (HAC);<\/li>\n<li>pentru controlul r\u0103citorului;<\/li>\n<li>pentru sursa suplimentar\u0103 de c\u0103ldur\u0103;<\/li>\n<li>pentru aerul exterior.<\/li>\n<\/ul>\n<\/li>\n<li>Senzori electronici de presiune (\u00eenalt\u0103 \u0219i joas\u0103);<\/li>\n<li>Control PWM pentru pompe de circula\u021bie,<\/li>\n<li><strong>Port RS-485<\/strong>\u00a0pentru actualizarea software-ului.<\/li>\n<\/ul>\n<p>Acest controler pomp\u0103 de c\u0103ldur\u0103 AA6P003031 (sol-ap\u0103) asigur\u0103 o gestionare u\u0219oar\u0103, stabilitatea func\u021bion\u0103rii sistemului \u0219i posibilitatea de integrare cu surse suplimentare de c\u0103ldur\u0103. Este ideal pentru crearea unor solu\u021bii moderne, eficiente energetic, \u00een domeniul \u00eenc\u0103lzirii \u0219i aliment\u0103rii cu ap\u0103 cald\u0103 menajer\u0103.<\/p>\n<hr \/>\n<p>\u00a0<\/p><\/div>\n<\/div>\n<\/div>\n<\/div>\n<\/div>\n","protected":false},"excerpt":{"rendered":"<h2><span style=\"color: #800080;\"><strong>\u041c\u043e\u0434\u0435\u043b\u044c AA6P003031<\/strong><\/span><\/h2>\n<h4>Pentru pompe de c\u0103ldur\u0103 sol-ap\u0103<\/h4>\n<ul>\n<li>Tensiunea nominal\u0103 (monofazic\u0103): AC 220 V<\/li>\n<li>Intervalul de tensiune de intrare: 220 V \u00b120%<\/li>\n<li>Frecven\u021ba de func\u021bionare: 50\/60 Hz \u00b15%<\/li>\n<li>Num\u0103rul de intr\u0103ri (contact uscat): 5<\/li>\n<li>Intr\u0103ri analogice pentru senzori de temperatur\u0103: 12<\/li>\n<li>Num\u0103rul de intr\u0103ri pentru senzori de presiune: 3 (tensiune)<\/li>\n<li>Num\u0103rul de ie\u0219iri de releu: 12 (una dintre ele de 30 A)<\/li>\n<li>Num\u0103rul de ie\u0219iri pentru supapa electronic\u0103 de extindere: 3<\/li>\n<li>Port PWM pentru controlul vitezei pompei de ap\u0103: 1<\/li>\n<li>Interfa\u021b\u0103 de comunicare: RS485 (modul), 3 canale<\/li>\n<li>Comutator DIP: 4 bi\u021bi (1\u20133 pentru configurarea adresei, 4 \u2013 rezerv\u0103)<\/li>\n<\/ul>\n<p>&nbsp;<\/p>\n","protected":false},"featured_media":2080,"comment_status":"open","ping_status":"closed","template":"","meta":{"_acf_changed":false,"_kad_post_transparent":"default","_kad_post_title":"","_kad_post_layout":"default","_kad_post_sidebar_id":"","_kad_post_content_style":"default","_kad_post_vertical_padding":"default","_kad_post_feature":"","_kad_post_feature_position":"","_kad_post_header":false,"_kad_post_footer":false},"product_brand":[],"product_cat":[251],"product_tag":[255,190],"class_list":{"0":"post-2904","1":"product","2":"type-product","3":"status-publish","4":"has-post-thumbnail","6":"product_cat-control","7":"product_tag-controler","8":"product_tag-pompa-de-caldura","9":"product_shipping_class-greutate-mare","11":"first","12":"instock","13":"sale","14":"featured","15":"taxable","16":"shipping-taxable","17":"purchasable","18":"product-type-simple","19":"entry","20":"content-bg","21":"loop-entry"},"acf":[],"_links":{"self":[{"href":"https:\/\/altal.ro\/ro\/wp-json\/wp\/v2\/product\/2904","targetHints":{"allow":["GET"]}}],"collection":[{"href":"https:\/\/altal.ro\/ro\/wp-json\/wp\/v2\/product"}],"about":[{"href":"https:\/\/altal.ro\/ro\/wp-json\/wp\/v2\/types\/product"}],"replies":[{"embeddable":true,"href":"https:\/\/altal.ro\/ro\/wp-json\/wp\/v2\/comments?post=2904"}],"version-history":[{"count":4,"href":"https:\/\/altal.ro\/ro\/wp-json\/wp\/v2\/product\/2904\/revisions"}],"predecessor-version":[{"id":7699,"href":"https:\/\/altal.ro\/ro\/wp-json\/wp\/v2\/product\/2904\/revisions\/7699"}],"wp:featuredmedia":[{"embeddable":true,"href":"https:\/\/altal.ro\/ro\/wp-json\/wp\/v2\/media\/2080"}],"wp:attachment":[{"href":"https:\/\/altal.ro\/ro\/wp-json\/wp\/v2\/media?parent=2904"}],"wp:term":[{"taxonomy":"product_brand","embeddable":true,"href":"https:\/\/altal.ro\/ro\/wp-json\/wp\/v2\/product_brand?post=2904"},{"taxonomy":"product_cat","embeddable":true,"href":"https:\/\/altal.ro\/ro\/wp-json\/wp\/v2\/product_cat?post=2904"},{"taxonomy":"product_tag","embeddable":true,"href":"https:\/\/altal.ro\/ro\/wp-json\/wp\/v2\/product_tag?post=2904"}],"curies":[{"name":"wp","href":"https:\/\/api.w.org\/{rel}","templated":true}]}}