{"id":2900,"date":"2025-06-16T00:28:29","date_gmt":"2025-06-16T00:28:29","guid":{"rendered":"https:\/\/altal.ro\/?post_type=product&#038;p=2900"},"modified":"2025-07-23T02:12:19","modified_gmt":"2025-07-22T23:12:19","slug":"placa-de-control-pentru-compresor-inverter-6-kw","status":"publish","type":"product","link":"https:\/\/altal.ro\/ro\/placa-de-control-pentru-compresor-inverter-6-kw\/","title":{"rendered":"Plac\u0103 de control pentru compresor inverter 6 kW"},"content":{"rendered":"<div id=\"ez-toc-container\" class=\"ez-toc-v2_0_82_2 counter-hierarchy ez-toc-counter ez-toc-grey ez-toc-container-direction\">\n<div class=\"ez-toc-title-container\">\n<p class=\"ez-toc-title\" style=\"cursor:inherit\">Cuprins<\/p>\n<span class=\"ez-toc-title-toggle\"><a href=\"#\" class=\"ez-toc-pull-right ez-toc-btn ez-toc-btn-xs ez-toc-btn-default ez-toc-toggle\" aria-label=\"Toggle Table of Content\"><span class=\"ez-toc-js-icon-con\"><span class=\"\"><span class=\"eztoc-hide\" style=\"display:none;\">Toggle<\/span><span class=\"ez-toc-icon-toggle-span\"><svg style=\"fill: #999;color:#999\" xmlns=\"http:\/\/www.w3.org\/2000\/svg\" class=\"list-377408\" width=\"20px\" height=\"20px\" viewBox=\"0 0 24 24\" fill=\"none\"><path d=\"M6 6H4v2h2V6zm14 0H8v2h12V6zM4 11h2v2H4v-2zm16 0H8v2h12v-2zM4 16h2v2H4v-2zm16 0H8v2h12v-2z\" fill=\"currentColor\"><\/path><\/svg><svg style=\"fill: #999;color:#999\" class=\"arrow-unsorted-368013\" xmlns=\"http:\/\/www.w3.org\/2000\/svg\" width=\"10px\" height=\"10px\" viewBox=\"0 0 24 24\" version=\"1.2\" baseProfile=\"tiny\"><path d=\"M18.2 9.3l-6.2-6.3-6.2 6.3c-.2.2-.3.4-.3.7s.1.5.3.7c.2.2.4.3.7.3h11c.3 0 .5-.1.7-.3.2-.2.3-.5.3-.7s-.1-.5-.3-.7zM5.8 14.7l6.2 6.3 6.2-6.3c.2-.2.3-.5.3-.7s-.1-.5-.3-.7c-.2-.2-.4-.3-.7-.3h-11c-.3 0-.5.1-.7.3-.2.2-.3.5-.3.7s.1.5.3.7z\"\/><\/svg><\/span><\/span><\/span><\/a><\/span><\/div>\n<nav><ul class='ez-toc-list ez-toc-list-level-1 ' ><li class='ez-toc-page-1 ez-toc-heading-level-2'><a class=\"ez-toc-link ez-toc-heading-1\" href=\"https:\/\/altal.ro\/ro\/placa-de-control-pentru-compresor-inverter-6-kw\/#Placa_de_control_pentru_compresor_inverter_6_kW\">Plac\u0103 de control pentru compresor inverter 6 kW<\/a><ul class='ez-toc-list-level-3' ><li class='ez-toc-heading-level-3'><a class=\"ez-toc-link ez-toc-heading-2\" href=\"https:\/\/altal.ro\/ro\/placa-de-control-pentru-compresor-inverter-6-kw\/#Control_si_configurare_placa_de_control_pentru_compresor_inverter_6_kW\">Control \u0219i configurare plac\u0103 de control pentru compresor inverter 6 kW<\/a><ul class='ez-toc-list-level-4' ><li class='ez-toc-heading-level-4'><a class=\"ez-toc-link ez-toc-heading-3\" href=\"https:\/\/altal.ro\/ro\/placa-de-control-pentru-compresor-inverter-6-kw\/#Capacitati_de_control\">Capacit\u0103\u021bi de control<\/a><\/li><li class='ez-toc-page-1 ez-toc-heading-level-4'><a class=\"ez-toc-link ez-toc-heading-4\" href=\"https:\/\/altal.ro\/ro\/placa-de-control-pentru-compresor-inverter-6-kw\/#Placa_de_control_pentru_compresor_inverter_6_kW_Echipare\">Plac\u0103 de control pentru compresor inverter 6 kW. Echipare<\/a><\/li><li class='ez-toc-page-1 ez-toc-heading-level-4'><a class=\"ez-toc-link ez-toc-heading-5\" href=\"https:\/\/altal.ro\/ro\/placa-de-control-pentru-compresor-inverter-6-kw\/#Senzori\">Senzori<\/a><\/li><li class='ez-toc-page-1 ez-toc-heading-level-4'><a class=\"ez-toc-link ez-toc-heading-6\" href=\"https:\/\/altal.ro\/ro\/placa-de-control-pentru-compresor-inverter-6-kw\/#Functii_principale\">Func\u021bii principale<\/a><\/li><li class='ez-toc-page-1 ez-toc-heading-level-4'><a class=\"ez-toc-link ez-toc-heading-7\" href=\"https:\/\/altal.ro\/ro\/placa-de-control-pentru-compresor-inverter-6-kw\/#Caracteristici\">Caracteristici<\/a><\/li><\/ul><\/li><\/ul><\/li><\/ul><\/nav><\/div>\n\n<h2 data-ng-init=\"product.productName='Plac\u0103 driver invertor mon fazic pentru compresor DC T10A02 (5.5 kW) 220\/380V'\"><span class=\"ez-toc-section\" id=\"Placa_de_control_pentru_compresor_inverter_6_kW\"><\/span><span style=\"font-size: 18pt\">Plac\u0103 de control pentru compresor inverter 6 kW<\/span><span class=\"ez-toc-section-end\"><\/span><\/h2>\n<p>Plac\u0103 de control pentru compresor inverter 6 kW model 06KWDCEVIONE3 este un modul special de control pentru motorul invertor al <a href=\"https:\/\/altal.ro\/ro\/pompe-de-caldura-altal\/\">pompei de c\u0103ldur\u0103<\/a>, cu func\u021bii de control vectorial V\/F. Plac\u0103 de control pentru <a href=\"https:\/\/altal.ro\/ro\/compresoare\/\">compresor<\/a> inverter 6 kW 06KWDCEVIONE3 este destinat pentru gestionarea compresoarelor din sisteme de pompe de c\u0103ldur\u0103 cu pompe de ap\u0103 \u0219i aer. 06KWDCEVIONE3 nu numai c\u0103 r\u0103spunde cerin\u021belor de economisire a costurilor, \u00eembun\u0103t\u0103\u021bire a calit\u0103\u021bii produselor \u0219i eficien\u021bei produc\u021biei, ci \u0219i asigur\u0103 u\u0219urin\u021ba \u00eentre\u021binerii \u0219i punerea \u00een func\u021biune.<\/p>\n<h3><span class=\"ez-toc-section\" id=\"Control_si_configurare_placa_de_control_pentru_compresor_inverter_6_kW\"><\/span>Control \u0219i configurare plac\u0103 de control pentru compresor inverter 6 kW<span class=\"ez-toc-section-end\"><\/span><\/h3>\n<h4><span class=\"ez-toc-section\" id=\"Capacitati_de_control\"><\/span><strong>Capacit\u0103\u021bi de control<\/strong><span class=\"ez-toc-section-end\"><\/span><\/h4>\n<ul>\n<li><strong>Supap\u0103 cu 3 c\u0103i<\/strong> pentru comutarea \u00eentre modul de \u00eenc\u0103lzire \u0219i ap\u0103 cald\u0103 menajer\u0103 (ACM).<\/li>\n<li><strong>Supap\u0103 cu 4 c\u0103i pentru refrigerant<\/strong> pentru gestionarea optim\u0103 a agentului frigorific.<\/li>\n<li>Conectarea unui \u00eenc\u0103lzitor de ap\u0103 electronic \u0219i suplimentar.<\/li>\n<li>Reglarea vitezei ventilatorului (DC).<\/li>\n<li>\u00cenc\u0103lzirea compresorului pentru func\u021bionarea la temperaturi sc\u0103zute.<\/li>\n<li>Controlul compresorului invertor pentru cre\u0219terea eficien\u021bei energetice.<\/li>\n<li>Controlul pompei de alimentare \u0219i pompei de circula\u021bie prin PWM.<\/li>\n<li>Destinat pentru pompe de c\u0103ldur\u0103 <a href=\"http:\/\/altalheat.com\/shop\/aer-apa\/\" target=\"_blank\" rel=\"noopener\">aer-ap\u0103<\/a> \u0219i <a href=\"http:\/\/altalheat.com\/shop\/dual-grunt-voda\/\" target=\"_blank\" rel=\"noopener\">sol-ap\u0103<\/a>.<\/li>\n<\/ul>\n<hr \/>\n<h4><span class=\"ez-toc-section\" id=\"Placa_de_control_pentru_compresor_inverter_6_kW_Echipare\"><\/span><strong>Plac\u0103 de control pentru compresor inverter 6 kW. Echipare<\/strong><span class=\"ez-toc-section-end\"><\/span><\/h4>\n<ul>\n<li>Plac\u0103 principal\u0103 de control (1 buc.).<\/li>\n<li>Display (1 buc.) cu interfa\u021b\u0103 prietenoas\u0103.<\/li>\n<li>Plac\u0103 de control principal (1 buc.).<\/li>\n<li><strong>8-12 senzori de temperatur\u0103<\/strong> pentru monitorizare precis\u0103 a func\u021bion\u0103rii sistemului.<\/li>\n<li>Semnal de intrare pentru contact uscat pentru conexiuni suplimentare.<\/li>\n<\/ul>\n<p>Echipamente suplimentare:<\/p>\n<ul>\n<li>Relee de presiune \u00eenalt\u0103 \u0219i joas\u0103 pentru func\u021bionare sigur\u0103.<\/li>\n<li>Comutatoare:\n<ul>\n<li>de debit al apei,<\/li>\n<li>de necesitate de r\u0103cire a aerului.<\/li>\n<\/ul>\n<\/li>\n<\/ul>\n<hr \/>\n<h4><span class=\"ez-toc-section\" id=\"Senzori\"><\/span><strong>Senzori<\/strong><span class=\"ez-toc-section-end\"><\/span><\/h4>\n<ul>\n<li>Temperatura rezervorului de ap\u0103.<\/li>\n<li>Temperatura la ie\u0219ire.<\/li>\n<li>Temperatura mediului \u00eenconjur\u0103tor.<\/li>\n<li>Temperatura de comprimare \u0219i aspira\u021bie.<\/li>\n<li>Temperatura serpentinei.<\/li>\n<li>Temperatura panoului solar (pentru conectarea surselor de energie solar\u0103).<\/li>\n<\/ul>\n<hr \/>\n<h4><span class=\"ez-toc-section\" id=\"Functii_principale\"><\/span><strong>Func\u021bii principale<\/strong><span class=\"ez-toc-section-end\"><\/span><\/h4>\n<ul>\n<li>Controlul unui singur compresor cu tehnologii <strong>EEV<\/strong> (supap\u0103 electronic\u0103 de extindere) \u0219i <a href=\"https:\/\/www.hpac.com\/training\/article\/21244075\/refrigeration-basics-vapor-injection-and-the-refrigeration-cycle\" target=\"_blank\" rel=\"noopener\"><strong>EVI<\/strong> (injectare de vapori)<\/a>.<\/li>\n<li>Integrare cu Wi-Fi pentru monitorizare \u0219i configurare de la distan\u021b\u0103.<\/li>\n<li>Planner cu ciclu de 24 de ore.<\/li>\n<li>Func\u021bie de sincronizare a pornirii\/opririi.<\/li>\n<li>Compensarea temperaturii apei reci, de retur \u0219i de livrare.<\/li>\n<li>Detectarea curentului compresorului pentru protec\u021bie \u00eempotriva suprasarcinii.<\/li>\n<li>Compatibilitate cu ventilatoare de curent continuu \u0219i alternativ (AC\/DC).<\/li>\n<li>Men\u021binerea temperaturii stabile a apei \u00een rezervor.<\/li>\n<\/ul>\n<p>Plac\u0103 de control pentru compresor inverter 6 kW reprezint\u0103 o solu\u021bie universal\u0103 pentru \u00eenc\u0103lzire \u0219i r\u0103cire, oferind fiabilitate, eficien\u021b\u0103 energetic\u0103 \u0219i confort \u00een control.<\/p>\n<h4><span class=\"ez-toc-section\" id=\"Caracteristici\"><\/span><strong>Caracteristici<\/strong><span class=\"ez-toc-section-end\"><\/span><\/h4>\n<div class=\"row properties-item-row\">\n<div class=\"col-xs-5\">\n<ul>\n<li>Intervalul de frecven\u021b\u0103 al invertorului: 20 Hz &#8211; 120 Hz.<\/li>\n<li>Controlul motorului de 6 kW al compresorului pentru puterea termic\u0103 de la 4,5 la 19 kW.<\/li>\n<li>Modificarea intervalului de \u00eenc\u0103lzire a apei\/agentului termic: +8 \uff5e +75 \u00b0C.<\/li>\n<li>Sursa de alimentare.<\/li>\n<li class=\"col-xs-7\">\n<div class=\"properties-item-value\"><span class=\"inplace-offset\">380 sau 220 \u00b110% (curent alternativ), 50\/60 Hz.<\/span><\/div>\n<\/li>\n<li class=\"col-xs-7\">\n<div class=\"properties-item-value\">Controlul temperaturii: precizie +\/-1 \u00b0C.<\/div>\n<\/li>\n<li class=\"col-xs-7\">\n<div class=\"properties-item-value\">Dimensiuni de montaj: 210*124*42 mm.<\/div>\n<\/li>\n<li class=\"col-xs-7\">\n<div class=\"properties-item-value\">Mod de func\u021bionare: \u00eenc\u0103lzire, ACM, r\u0103cire.<\/div>\n<\/li>\n<li class=\"col-xs-7\">\n<div class=\"properties-item-value\">Control: display tactil color de 4\u2033.<\/div>\n<\/li>\n<\/ul>\n<hr \/>\n<p>\u00a0<\/p><\/div>\n<\/div>\n","protected":false},"excerpt":{"rendered":"<h2><strong><span style=\"color: #993366;\">Model 06KWDCEVIONE3\u00a0<\/span><\/strong><\/h2>\n<ul>\n<li>Intervalul de frecven\u021b\u0103 al invertorului: 20 Hz &#8211; 120 Hz.<\/li>\n<li>Controlul motorului de <strong>6 kW<\/strong> al compresorului<\/li>\n<li>pentru pompe de caldur\u0103 de la <strong>4,5 la 19 kW<\/strong>.<\/li>\n<li>Modificarea intervalului de \u00eenc\u0103lzire a apei\/agentului termic: +8 \uff5e +75 \u00b0C.<\/li>\n<li>Sursa de alimentare.380 Vol\u021bi\u00a0 \u00b110% (curent alternativ), 50\/60 Hz.<\/li>\n<li>Controlul temperaturii: precizie +\/-1 \u00b0C.<\/li>\n<li>Dimensiuni de montaj: 210*124*42 mm.<\/li>\n<li>Mod de func\u021bionare: \u00eenc\u0103lzire, ACM, r\u0103cire.<\/li>\n<li>Control: display tactil color de 4\u2033.<\/li>\n<\/ul>\n","protected":false},"featured_media":2066,"comment_status":"open","ping_status":"closed","template":"","meta":{"_acf_changed":false,"_kad_post_transparent":"default","_kad_post_title":"","_kad_post_layout":"default","_kad_post_sidebar_id":"","_kad_post_content_style":"default","_kad_post_vertical_padding":"default","_kad_post_feature":"","_kad_post_feature_position":"","_kad_post_header":false,"_kad_post_footer":false},"product_brand":[],"product_cat":[251],"product_tag":[254],"class_list":{"0":"post-2900","1":"product","2":"type-product","3":"status-publish","4":"has-post-thumbnail","6":"product_cat-control","7":"product_tag-6-kw","8":"product_shipping_class-greutate-mare","10":"first","11":"instock","12":"sale","13":"featured","14":"purchasable","15":"product-type-simple","16":"entry","17":"content-bg","18":"loop-entry"},"acf":[],"_links":{"self":[{"href":"https:\/\/altal.ro\/ro\/wp-json\/wp\/v2\/product\/2900","targetHints":{"allow":["GET"]}}],"collection":[{"href":"https:\/\/altal.ro\/ro\/wp-json\/wp\/v2\/product"}],"about":[{"href":"https:\/\/altal.ro\/ro\/wp-json\/wp\/v2\/types\/product"}],"replies":[{"embeddable":true,"href":"https:\/\/altal.ro\/ro\/wp-json\/wp\/v2\/comments?post=2900"}],"version-history":[{"count":3,"href":"https:\/\/altal.ro\/ro\/wp-json\/wp\/v2\/product\/2900\/revisions"}],"predecessor-version":[{"id":7703,"href":"https:\/\/altal.ro\/ro\/wp-json\/wp\/v2\/product\/2900\/revisions\/7703"}],"wp:featuredmedia":[{"embeddable":true,"href":"https:\/\/altal.ro\/ro\/wp-json\/wp\/v2\/media\/2066"}],"wp:attachment":[{"href":"https:\/\/altal.ro\/ro\/wp-json\/wp\/v2\/media?parent=2900"}],"wp:term":[{"taxonomy":"product_brand","embeddable":true,"href":"https:\/\/altal.ro\/ro\/wp-json\/wp\/v2\/product_brand?post=2900"},{"taxonomy":"product_cat","embeddable":true,"href":"https:\/\/altal.ro\/ro\/wp-json\/wp\/v2\/product_cat?post=2900"},{"taxonomy":"product_tag","embeddable":true,"href":"https:\/\/altal.ro\/ro\/wp-json\/wp\/v2\/product_tag?post=2900"}],"curies":[{"name":"wp","href":"https:\/\/api.w.org\/{rel}","templated":true}]}}