{"id":2871,"date":"2025-06-16T00:28:22","date_gmt":"2025-06-16T00:28:22","guid":{"rendered":"https:\/\/altal.ro\/?post_type=product&#038;p=2871"},"modified":"2025-07-23T02:13:56","modified_gmt":"2025-07-22T23:13:56","slug":"sol-apa-15-kw-gwhp15","status":"publish","type":"product","link":"https:\/\/altal.ro\/ro\/sol-apa-15-kw-gwhp15\/","title":{"rendered":"Pomp\u0103 de c\u0103ldur\u0103 sol-ap\u0103 15 kW GWHP15"},"content":{"rendered":"\n<div id=\"ez-toc-container\" class=\"ez-toc-v2_0_83 counter-hierarchy ez-toc-counter ez-toc-grey ez-toc-container-direction\">\n<div class=\"ez-toc-title-container\">\n<p class=\"ez-toc-title\" style=\"cursor:inherit\">Cuprins<\/p>\n<span class=\"ez-toc-title-toggle\"><a href=\"#\" class=\"ez-toc-pull-right ez-toc-btn ez-toc-btn-xs ez-toc-btn-default ez-toc-toggle\" aria-label=\"Toggle Table of Content\"><span class=\"ez-toc-js-icon-con\"><span class=\"\"><span class=\"eztoc-hide\" style=\"display:none;\">Toggle<\/span><span class=\"ez-toc-icon-toggle-span\"><svg style=\"fill: #999;color:#999\" xmlns=\"http:\/\/www.w3.org\/2000\/svg\" class=\"list-377408\" width=\"20px\" height=\"20px\" viewBox=\"0 0 24 24\" fill=\"none\"><path d=\"M6 6H4v2h2V6zm14 0H8v2h12V6zM4 11h2v2H4v-2zm16 0H8v2h12v-2zM4 16h2v2H4v-2zm16 0H8v2h12v-2z\" fill=\"currentColor\"><\/path><\/svg><svg style=\"fill: #999;color:#999\" class=\"arrow-unsorted-368013\" xmlns=\"http:\/\/www.w3.org\/2000\/svg\" width=\"10px\" height=\"10px\" viewBox=\"0 0 24 24\" version=\"1.2\" baseProfile=\"tiny\"><path d=\"M18.2 9.3l-6.2-6.3-6.2 6.3c-.2.2-.3.4-.3.7s.1.5.3.7c.2.2.4.3.7.3h11c.3 0 .5-.1.7-.3.2-.2.3-.5.3-.7s-.1-.5-.3-.7zM5.8 14.7l6.2 6.3 6.2-6.3c.2-.2.3-.5.3-.7s-.1-.5-.3-.7c-.2-.2-.4-.3-.7-.3h-11c-.3 0-.5.1-.7.3-.2.2-.3.5-.3.7s.1.5.3.7z\"\/><\/svg><\/span><\/span><\/span><\/a><\/span><\/div>\n<nav><ul class='ez-toc-list ez-toc-list-level-1 ' ><li class='ez-toc-page-1 ez-toc-heading-level-2'><a class=\"ez-toc-link ez-toc-heading-1\" href=\"https:\/\/altal.ro\/ro\/sol-apa-15-kw-gwhp15\/#Pompa_de_caldura_sol-apa_15_kW_GWHP15\" >Pomp\u0103 de c\u0103ldur\u0103 sol-ap\u0103 15 kW GWHP15<\/a><ul class='ez-toc-list-level-5' ><li class='ez-toc-heading-level-5'><ul class='ez-toc-list-level-5' ><li class='ez-toc-heading-level-5'><ul class='ez-toc-list-level-5' ><li class='ez-toc-heading-level-5'><a class=\"ez-toc-link ez-toc-heading-2\" href=\"https:\/\/altal.ro\/ro\/sol-apa-15-kw-gwhp15\/#%E2%80%94_solutie_universala_pentru_casa_si_afaceri\" >\u2014 solu\u021bie universal\u0103 pentru cas\u0103 \u0219i afaceri<\/a><\/li><\/ul><\/li><li class='ez-toc-page-1 ez-toc-heading-level-4'><a class=\"ez-toc-link ez-toc-heading-3\" href=\"https:\/\/altal.ro\/ro\/sol-apa-15-kw-gwhp15\/#Eficienta_energetica_si_ecologicitate\" >Eficien\u021b\u0103 energetic\u0103 \u0219i ecologicitate<\/a><\/li><li class='ez-toc-page-1 ez-toc-heading-level-4'><a class=\"ez-toc-link ez-toc-heading-4\" href=\"https:\/\/altal.ro\/ro\/sol-apa-15-kw-gwhp15\/#Principalele_avantaje\" >Principalele avantaje<\/a><\/li><li class='ez-toc-page-1 ez-toc-heading-level-4'><a class=\"ez-toc-link ez-toc-heading-5\" href=\"https:\/\/altal.ro\/ro\/sol-apa-15-kw-gwhp15\/#Caracteristici_ale_carcasei_pompei_de_caldura\" >Caracteristici ale carcasei pompei de c\u0103ldur\u0103<\/a><\/li><li class='ez-toc-page-1 ez-toc-heading-level-4'><a class=\"ez-toc-link ez-toc-heading-6\" href=\"https:\/\/altal.ro\/ro\/sol-apa-15-kw-gwhp15\/#Specificatii_tehnice\" >Specifica\u021bii tehnice<\/a><\/li><li class='ez-toc-page-1 ez-toc-heading-level-4'><a class=\"ez-toc-link ez-toc-heading-7\" href=\"https:\/\/altal.ro\/ro\/sol-apa-15-kw-gwhp15\/#De_ce_sa_alegi_pompa_de_caldura_sol-apa_15_kW_GWHP15\" >De ce s\u0103 alegi pomp\u0103 de c\u0103ldur\u0103 sol-ap\u0103 15 kW GWHP15?<\/a><\/li><\/ul><\/li><li class='ez-toc-page-1 ez-toc-heading-level-3'><a class=\"ez-toc-link ez-toc-heading-8\" href=\"https:\/\/altal.ro\/ro\/sol-apa-15-kw-gwhp15\/#Cum_comanzi\" >Cum comanzi?<\/a><ul class='ez-toc-list-level-4' ><li class='ez-toc-heading-level-4'><a class=\"ez-toc-link ez-toc-heading-9\" href=\"https:\/\/altal.ro\/ro\/sol-apa-15-kw-gwhp15\/#Produs_in_Moldova\" >Produs \u00een Moldova.<\/a><\/li><\/ul><\/li><\/ul><\/li><\/ul><\/nav><\/div>\n<h2><span class=\"ez-toc-section\" id=\"Pompa_de_caldura_sol-apa_15_kW_GWHP15\"><\/span><span style=\"font-size: 18pt\">Pomp\u0103 de c\u0103ldur\u0103 sol-ap\u0103 15 kW GWHP15<\/span><span class=\"ez-toc-section-end\"><\/span><\/h2>\n<h5><span class=\"ez-toc-section\" id=\"%E2%80%94_solutie_universala_pentru_casa_si_afaceri\"><\/span>\u2014 solu\u021bie universal\u0103 pentru cas\u0103 \u0219i afaceri<span class=\"ez-toc-section-end\"><\/span><\/h5>\n<h4><span class=\"ez-toc-section\" id=\"Eficienta_energetica_si_ecologicitate\"><\/span><strong>Eficien\u021b\u0103 energetic\u0103 \u0219i ecologicitate<\/strong><span class=\"ez-toc-section-end\"><\/span><\/h4>\n<p><a href=\"https:\/\/altal.ro\/ro\/sol-apa-altal\/\" target=\"_blank\" rel=\"noopener\">Pomp\u0103 de c\u0103ldur\u0103 sol-ap\u0103 15 kW GWHP15<\/a> ofer\u0103 cea mai mare eficien\u021b\u0103 pentru \u00eenc\u0103lzire, r\u0103cire \u0219i ap\u0103 cald\u0103 menajer\u0103. Folosind energia din sol, Pomp\u0103 de c\u0103ldur\u0103 sol-ap\u0103 15 kW GWHP15 permite reducerea costurilor de energie cu p\u00e2n\u0103 la 75%, fiind una dintre cele mai avantajoase solu\u021bii. Aceasta func\u021bioneaz\u0103 stabil, indiferent de temperatura mediului exterior, \u0219i este potrivit\u0103 pentru obiective cu suprafa\u021ba de p\u00e2n\u0103 la <strong>220 m\u00b2<\/strong>, asigur\u00e2nd confort pe tot parcursul anului.<\/p>\n<hr \/>\n<h4><span class=\"ez-toc-section\" id=\"Principalele_avantaje\"><\/span><strong>Principalele avantaje<\/strong><span class=\"ez-toc-section-end\"><\/span><\/h4>\n<p><strong>1. Eficien\u021b\u0103 maxim\u0103:<\/strong><\/p>\n<ul>\n<li>Coeficient de performan\u021b\u0103 energetic\u0103 (COP) ridicat, p\u00e2n\u0103 la <strong>4.9<\/strong>, contribuind la economii semnificative.<\/li>\n<li>Rezistent la temperaturi extreme, de la <strong>-50\u00b0C p\u00e2n\u0103 la +45\u00b0C<\/strong>, asigur\u00e2nd fiabilitatea sistemului \u00een orice condi\u021bii climatice.<\/li>\n<\/ul>\n<p><strong>2. Siguran\u021b\u0103 ecologic\u0103:<\/strong><\/p>\n<ul>\n<li>Agent frigorific <strong>R290<\/strong> sau <strong>R1234fe<\/strong> cu impact minim asupra mediului.<\/li>\n<li><a href=\"https:\/\/www.geothermal.org\/\" target=\"_blank\" rel=\"noopener\">Energie geotermal\u0103<\/a> reduce amprenta de carbon, promov\u00e2nd sustenabilitatea ecologic\u0103.<\/li>\n<\/ul>\n<hr \/>\n<h4><span class=\"ez-toc-section\" id=\"Caracteristici_ale_carcasei_pompei_de_caldura\"><\/span><strong>Caracteristici ale carcasei pompei de c\u0103ldur\u0103<\/strong><span class=\"ez-toc-section-end\"><\/span><\/h4>\n<ul>\n<li><strong>Culoare:<\/strong> op\u021bional, pot fi alese combina\u021bii de culori pentru a se integra armonios \u00een designul interior.<\/li>\n<li><strong>Totul \u00eentr-un singur loc:<\/strong> toate componentele sunt compact aranjate \u00eentr-o singur\u0103 carcas\u0103.<\/li>\n<li><strong>Controler:<\/strong> panou de control color de 4,3 inci, care poate fi amplasat la o distan\u021b\u0103 de p\u00e2n\u0103 la 24 metri, cu acces WiFi.<\/li>\n<\/ul>\n<hr \/>\n<h4><span class=\"ez-toc-section\" id=\"Specificatii_tehnice\"><\/span><strong>Specifica\u021bii tehnice<\/strong><span class=\"ez-toc-section-end\"><\/span><\/h4>\n<table style=\"width: 37.8267%\" border=\"1\">\n<thead>\n<tr>\n<th style=\"width: 11.5246%\">Pomp\u0103 de c\u0103ldur\u0103 sol-ap\u0103 15 kW GWHP15<\/th>\n<th style=\"width: 8.66666%\"><strong>Putere fix\u0103<\/strong><\/th>\n<\/tr>\n<\/thead>\n<tbody>\n<tr>\n<td style=\"width: 11.5246%\">Putere<\/td>\n<td style=\"width: 8.66666%;text-align: center\">15 kW<\/td>\n<\/tr>\n<tr>\n<td style=\"width: 11.5246%\">Coeficient COP<\/td>\n<td style=\"width: 8.66666%;text-align: center\">P\u00e2n\u0103 la 4.9<\/td>\n<\/tr>\n<tr>\n<td style=\"width: 11.5246%\">Suprafa\u021ba de \u00eenc\u0103lzit<\/td>\n<td style=\"width: 8.66666%;text-align: center\">P\u00e2n\u0103 la 220 m\u00b2<\/td>\n<\/tr>\n<tr>\n<td style=\"width: 11.5246%\">Agent frigorific<\/td>\n<td style=\"width: 8.66666%;text-align: center\">R290 \/ R1234fe<\/td>\n<\/tr>\n<tr>\n<td style=\"width: 11.5246%\">Interval de temperatur\u0103<\/td>\n<td style=\"width: 8.66666%;text-align: center\">De la -50\u00b0C p\u00e2n\u0103 la +45\u00b0C<\/td>\n<\/tr>\n<tr>\n<td style=\"width: 11.5246%\">Nivel de zgomot<\/td>\n<td style=\"width: 8.66666%;text-align: center\">&lt;50 dB<\/td>\n<\/tr>\n<\/tbody>\n<\/table>\n<hr \/>\n<h4><span class=\"ez-toc-section\" id=\"De_ce_sa_alegi_pompa_de_caldura_sol-apa_15_kW_GWHP15\"><\/span><strong>De ce s\u0103 alegi pomp\u0103 de c\u0103ldur\u0103 sol-ap\u0103 15 kW GWHP15?<\/strong><span class=\"ez-toc-section-end\"><\/span><\/h4>\n<ul>\n<li><strong><a href=\"https:\/\/www.irena.org\/\" target=\"_blank\" rel=\"noopener\">Eficien\u021b\u0103 energetic\u0103<\/a>:<\/strong> Folose\u0219te resurse regenerabile pentru economii semnificative la \u00eenc\u0103lzire \u0219i r\u0103cire.<\/li>\n<li><strong>Ecologicitate:<\/strong> Reduce impactul asupra mediului datorit\u0103 agen\u021bilor frigorifici ecologici \u0219i energiei geotermale.<\/li>\n<li><strong>Durabilitate:<\/strong> Pompa de c\u0103ldur\u0103 cu doi compresori are o fiabilitate ridicat\u0103 \u0219i o durat\u0103 de via\u021b\u0103 de peste 20 de ani.<\/li>\n<li><strong>Versatilitate:<\/strong> Potrivit pentru case private, cl\u0103diri comerciale \u0219i birouri, asigur\u00e2nd confort pe tot parcursul anului.<\/li>\n<\/ul>\n<hr \/>\n<h3><span class=\"ez-toc-section\" id=\"Cum_comanzi\"><\/span>Cum comanzi?<span class=\"ez-toc-section-end\"><\/span><\/h3>\n<p>\ud83d\udcde Contacteaz\u0103-ne pentru consultan\u021b\u0103 \u0219i pentru alegerea modelului potrivit! Te vom ajuta s\u0103 investe\u0219ti \u00eentr-o solu\u021bie ecologic\u0103 \u0219i eficient\u0103 din punct de vedere energetic pentru casa sau afacerea ta.<\/p>\n<h4><span class=\"ez-toc-section\" id=\"Produs_in_Moldova\"><\/span><span style=\"color: #ff0000\"><strong>Produs \u00een Moldova.<\/strong><\/span><span class=\"ez-toc-section-end\"><\/span><\/h4>\n<hr \/>\n<p>\u00a0<\/p>\n","protected":false},"excerpt":{"rendered":"<ul style=\"list-style-type: circle;\">\n<li>Putere termic\u0103: <strong>15 kW<\/strong><\/li>\n<li>Compresor cu vitez\u0103 fix\u0103.<\/li>\n<li>Temperatura recomandat\u0103 din surs\u0103: de la <strong>+5\u00b0C <\/strong>\u00a0la <strong>+30 \u2103<\/strong><\/li>\n<li>Interval de temperatur\u0103 ambiental\u0103 de la <strong>-50\u00b0C <\/strong>\u00a0la <strong>+43 \u2103<\/strong>.<\/li>\n<li>\u00cenc\u0103lzire, r\u0103cire \u0219i ap\u0103 cald\u0103 pe tot parcursul anului.<\/li>\n<li>Nivel de eficien\u021b\u0103 energetic\u0103 A+++, 4,65 COP.<\/li>\n<li>Scop: \u00eenc\u0103lzirea, r\u0103cirea caselor <strong>de la 120 la 240m\u00b2<\/strong>.<\/li>\n<\/ul>\n<p><strong>Pompa de c\u0103ldur\u0103 poate fi produs\u0103 la comand\u0103 \u00een urm\u0103tparele configura\u021bii:<\/strong><\/p>\n<ol>\n<li>Agent frigorific R1234yf cu temperatura de tur de <strong><span style=\"color: #ff0000;\">+75 \u2103.<\/span><\/strong><\/li>\n<li>Agent frigorific R1234ze cu temperatura de tur de <strong><span style=\"color: #ff0000;\">+85 \u2103<\/span><\/strong>.<\/li>\n<li>Agent frigorific R407 cu temperatura de tur de\u00a0<strong><span style=\"color: #ff0000;\">+60 \u2103<\/span><\/strong>.<\/li>\n<\/ol>\n<p><span style=\"color: #0000ff;\"><strong>Contacta\u021bi-ne \u00eenainte de achizi\u021bie pentru clarific\u0103ri.<\/strong><\/span><\/p>\n<h4><span style=\"color: #ff0000;\">Produs in Moldova<\/span><\/h4>\n","protected":false},"featured_media":2012,"comment_status":"open","ping_status":"closed","template":"","meta":{"_acf_changed":false,"_kad_post_transparent":"default","_kad_post_title":"","_kad_post_layout":"default","_kad_post_sidebar_id":"","_kad_post_content_style":"default","_kad_post_vertical_padding":"default","_kad_post_feature":"","_kad_post_feature_position":"","_kad_post_header":false,"_kad_post_footer":false},"product_brand":[198],"product_cat":[227],"product_tag":[232,233,229],"class_list":{"0":"post-2871","1":"product","2":"type-product","3":"status-publish","4":"has-post-thumbnail","6":"product_brand-altal","7":"product_cat-sol-apa-fix","8":"product_tag-15-kw","9":"product_tag-260-m2","10":"product_tag-geotermala","11":"pa_compresor-viteza-fixa","12":"pa_putere-termica-kw-15-kw","13":"pa_suprafata-de-incalzire--462","14":"pa_temperatura-apei--60c","15":"pa_temperatura-apei--75c","16":"pa_temperatura-apei--85c","17":"pa_tip-pompa-de-caldura-sol-apa","19":"first","20":"instock","21":"sale","22":"featured","23":"taxable","24":"shipping-taxable","25":"purchasable","26":"product-type-simple","27":"entry","28":"content-bg","29":"loop-entry"},"acf":[],"_links":{"self":[{"href":"https:\/\/altal.ro\/ro\/wp-json\/wp\/v2\/product\/2871","targetHints":{"allow":["GET"]}}],"collection":[{"href":"https:\/\/altal.ro\/ro\/wp-json\/wp\/v2\/product"}],"about":[{"href":"https:\/\/altal.ro\/ro\/wp-json\/wp\/v2\/types\/product"}],"replies":[{"embeddable":true,"href":"https:\/\/altal.ro\/ro\/wp-json\/wp\/v2\/comments?post=2871"}],"version-history":[{"count":3,"href":"https:\/\/altal.ro\/ro\/wp-json\/wp\/v2\/product\/2871\/revisions"}],"predecessor-version":[{"id":7709,"href":"https:\/\/altal.ro\/ro\/wp-json\/wp\/v2\/product\/2871\/revisions\/7709"}],"wp:featuredmedia":[{"embeddable":true,"href":"https:\/\/altal.ro\/ro\/wp-json\/wp\/v2\/media\/2012"}],"wp:attachment":[{"href":"https:\/\/altal.ro\/ro\/wp-json\/wp\/v2\/media?parent=2871"}],"wp:term":[{"taxonomy":"product_brand","embeddable":true,"href":"https:\/\/altal.ro\/ro\/wp-json\/wp\/v2\/product_brand?post=2871"},{"taxonomy":"product_cat","embeddable":true,"href":"https:\/\/altal.ro\/ro\/wp-json\/wp\/v2\/product_cat?post=2871"},{"taxonomy":"product_tag","embeddable":true,"href":"https:\/\/altal.ro\/ro\/wp-json\/wp\/v2\/product_tag?post=2871"}],"curies":[{"name":"wp","href":"https:\/\/api.w.org\/{rel}","templated":true}]}}