{"id":3,"date":"2025-06-15T19:56:14","date_gmt":"2025-06-15T19:56:14","guid":{"rendered":"https:\/\/altal.ro\/?page_id=3"},"modified":"2025-07-07T19:01:11","modified_gmt":"2025-07-07T16:01:11","slug":"politica-de-confidentialitate","status":"publish","type":"page","link":"https:\/\/altal.ro\/ro\/politica-de-confidentialitate\/","title":{"rendered":"Politica de confiden\u021bialitate"},"content":{"rendered":"\r\n<h2 class=\"wp-block-heading\" data-start=\"305\" data-end=\"341\"><strong data-start=\"308\" data-end=\"341\">Politica de confiden\u021bialitate<\/strong><\/h2>\r\n<p data-start=\"343\" data-end=\"628\">Aceast\u0103 <strong data-start=\"351\" data-end=\"384\">politica de confiden\u021bialitate<\/strong> descrie modul \u00een care colect\u0103m, utiliz\u0103m \u0219i protej\u0103m datele cu caracter personal ale vizitatorilor site-ului <a class=\"\" href=\"https:\/\/altal.ro\" target=\"_new\" rel=\"noopener\" data-start=\"494\" data-end=\"530\">https:\/\/altal.ro<\/a>. Acces\u00e2nd acest site, sunte\u021bi de acord cu termenii din aceast\u0103 <strong data-start=\"594\" data-end=\"627\">politica de confiden\u021bialitate<\/strong>.<\/p>\r\n<hr data-start=\"630\" data-end=\"633\" \/>\r\n<h3 data-start=\"635\" data-end=\"657\"><strong data-start=\"639\" data-end=\"657\">1. Cine suntem<\/strong><\/h3>\r\n<p data-start=\"659\" data-end=\"951\">Adresa site-ului nostru este: <a class=\"\" href=\"https:\/\/altal.ro\" target=\"_new\" rel=\"noopener\" data-start=\"689\" data-end=\"725\">https:\/\/altal.ro<\/a>.<br data-start=\"726\" data-end=\"729\" \/>Protejarea datelor dvs. cu caracter personal este o prioritate pentru echipa ALTAL. Aceast\u0103 <strong data-start=\"821\" data-end=\"854\">politica de confiden\u021bialitate<\/strong> explic\u0103 ce tipuri de date sunt colectate, cum sunt utilizate \u0219i ce drepturi ave\u021bi ca utilizator.<\/p>\r\n<hr data-start=\"953\" data-end=\"956\" \/>\r\n<h3 data-start=\"958\" data-end=\"979\"><strong data-start=\"962\" data-end=\"979\">2. Comentarii<\/strong><\/h3>\r\n<p data-start=\"981\" data-end=\"1433\">C\u00e2nd vizitatorii las\u0103 comentarii pe site, colect\u0103m datele completate \u00een formular, adresa IP \u0219i informa\u021biile browserului (user-agent) pentru a preveni spamul.<br data-start=\"1138\" data-end=\"1141\" \/>O versiune criptat\u0103 a adresei de email poate fi trimis\u0103 c\u0103tre Gravatar pentru verificare. Politica lor de confiden\u021bialitate poate fi consultat\u0103 la <a class=\"\" href=\"https:\/\/automattic.com\/privacy\/\" target=\"_new\" rel=\"noopener\" data-start=\"1288\" data-end=\"1354\">https:\/\/automattic.com\/privacy\/<\/a>.<br data-start=\"1355\" data-end=\"1358\" \/>Dup\u0103 aprobare, comentariul \u0219i imaginea de profil devin vizibile publicului.<\/p>\r\n<hr data-start=\"1435\" data-end=\"1438\" \/>\r\n<h3 data-start=\"1440\" data-end=\"1464\"><strong data-start=\"1444\" data-end=\"1464\">3. Fi\u0219iere media<\/strong><\/h3>\r\n<p data-start=\"1466\" data-end=\"1662\">Dac\u0103 \u00eenc\u0103rca\u021bi imagini, evita\u021bi fi\u0219ierele cu date EXIF GPS \u00eencorporate, deoarece alte persoane le pot desc\u0103rca \u0219i analiza. Acest aspect este acoperit de prezenta <strong data-start=\"1628\" data-end=\"1661\">politica de confiden\u021bialitate<\/strong>.<\/p>\r\n<hr data-start=\"1664\" data-end=\"1667\" \/>\r\n<h3 data-start=\"1669\" data-end=\"1690\"><strong data-start=\"1673\" data-end=\"1690\">4. Cookie-uri<\/strong><\/h3>\r\n<p data-start=\"1692\" data-end=\"1992\">Pentru a \u00eembun\u0103t\u0103\u021bi experien\u021ba utilizatorilor, acest site folose\u0219te cookie-uri.<br data-start=\"1771\" data-end=\"1774\" \/>Comentariile salveaz\u0103 cookie-uri cu numele, emailul \u0219i site-ul dvs. \u2013 valabile 1 an.<br data-start=\"1858\" data-end=\"1861\" \/>Cookie-uri suplimentare sunt folosite la autentificare \u0219i editarea con\u021binutului, conform acestei <strong data-start=\"1958\" data-end=\"1991\">politici de confiden\u021bialitate<\/strong>.<\/p>\r\n<hr data-start=\"1994\" data-end=\"1997\" \/>\r\n<h3 data-start=\"1999\" data-end=\"2049\"><strong data-start=\"2003\" data-end=\"2049\">5. Con\u021binut \u00eencorporat de pe alte site-uri<\/strong><\/h3>\r\n<p data-start=\"2051\" data-end=\"2339\">Articolele pot include con\u021binut extern (video, articole, imagini). Acestea se comport\u0103 ca vizita direct\u0103 pe site-ul surs\u0103 \u0219i pot colecta date, inclusiv prin cookie-uri.<br data-start=\"2219\" data-end=\"2222\" \/>Aceast\u0103 <strong data-start=\"2230\" data-end=\"2263\">politica de confiden\u021bialitate<\/strong> nu se aplic\u0103 con\u021binutului ter\u021bilor; consulta\u021bi politicile acestora separat.<\/p>\r\n<hr data-start=\"2341\" data-end=\"2344\" \/>\r\n<h3 data-start=\"2346\" data-end=\"2385\"><strong data-start=\"2350\" data-end=\"2385\">6. Cu cine partaj\u0103m datele dvs.<\/strong><\/h3>\r\n<p data-start=\"2387\" data-end=\"2595\">Datele colectate nu sunt distribuite c\u0103tre ter\u021bi f\u0103r\u0103 acordul dvs. explicit.<br data-start=\"2463\" data-end=\"2466\" \/>\u00cen cazul solicit\u0103rii reset\u0103rii parolei, IP-ul este inclus \u00een e-mail. Partajarea datelor poate fi f\u0103cut\u0103 doar \u00een condi\u021biile legii.<\/p>\r\n<hr data-start=\"2597\" data-end=\"2600\" \/>\r\n<h3 data-start=\"2602\" data-end=\"2636\"><strong data-start=\"2606\" data-end=\"2636\">7. C\u00e2t timp p\u0103str\u0103m datele<\/strong><\/h3>\r\n<p data-start=\"2638\" data-end=\"2896\">Comentariile sunt p\u0103strate pe termen nelimitat pentru eficien\u021b\u0103 \u00een moderare.<br data-start=\"2714\" data-end=\"2717\" \/>Datele utilizatorilor \u00eenregistra\u021bi sunt p\u0103strate p\u00e2n\u0103 la \u0219tergerea contului sau la solicitarea expres\u0103 de eliminare, \u00een conformitate cu prezenta <strong data-start=\"2862\" data-end=\"2895\">politica de confiden\u021bialitate<\/strong>.<\/p>\r\n<hr data-start=\"2898\" data-end=\"2901\" \/>\r\n<h3 data-start=\"2903\" data-end=\"2946\"><strong data-start=\"2907\" data-end=\"2946\">8. Ce drepturi ave\u021bi asupra datelor<\/strong><\/h3>\r\n<p data-start=\"2948\" data-end=\"2976\">Ave\u021bi dreptul s\u0103 solicita\u021bi:<\/p>\r\n<ul data-start=\"2977\" data-end=\"3118\">\r\n<li data-start=\"2977\" data-end=\"3014\">\r\n<p data-start=\"2979\" data-end=\"3014\">un fi\u0219ier cu datele dvs. personale;<\/p>\r\n<\/li>\r\n<li data-start=\"3015\" data-end=\"3053\">\r\n<p data-start=\"3017\" data-end=\"3053\">rectificarea sau \u0219tergerea acestora;<\/p>\r\n<\/li>\r\n<li data-start=\"3054\" data-end=\"3084\">\r\n<p data-start=\"3056\" data-end=\"3084\">retragerea consim\u021b\u0103m\u00e2ntului;<\/p>\r\n<\/li>\r\n<li data-start=\"3085\" data-end=\"3118\">\r\n<p data-start=\"3087\" data-end=\"3118\">o pl\u00e2ngere oficial\u0103 la ANSPDCP.<\/p>\r\n<\/li>\r\n<\/ul>\r\n<p data-start=\"3120\" data-end=\"3228\">Toate solicit\u0103rile sunt tratate conform acestei <strong data-start=\"3168\" data-end=\"3201\">politici de confiden\u021bialitate<\/strong> \u0219i legisla\u021biei aplicabile.<\/p>\r\n<hr data-start=\"3230\" data-end=\"3233\" \/>\r\n<h3 data-start=\"3235\" data-end=\"3270\"><strong data-start=\"3239\" data-end=\"3270\">9. Unde sunt trimise datele<\/strong><\/h3>\r\n<p data-start=\"3272\" data-end=\"3405\">Comentariile pot fi verificate automat prin servicii anti-spam externe, \u00een conformitate cu aceast\u0103 <strong data-start=\"3371\" data-end=\"3404\">politica de confiden\u021bialitate<\/strong>.<\/p>\r\n<hr data-start=\"3407\" data-end=\"3410\" \/>\r\n<h3 data-start=\"3412\" data-end=\"3443\"><strong data-start=\"3416\" data-end=\"3443\">10. Securitatea datelor<\/strong><\/h3>\r\n<p data-start=\"3445\" data-end=\"3703\">Aplic\u0103m m\u0103suri tehnice \u0219i organizatorice conforme standardelor interna\u021bionale pentru a asigura confiden\u021bialitatea \u0219i integritatea datelor personale.<br data-start=\"3593\" data-end=\"3596\" \/>Aceast\u0103 <strong data-start=\"3604\" data-end=\"3637\">politica de confiden\u021bialitate<\/strong> reflect\u0103 angajamentul nostru fa\u021b\u0103 de protec\u021bia informa\u021biilor dvs.<\/p>\r\n<hr data-start=\"3705\" data-end=\"3708\" \/>\r\n<h3 data-start=\"3710\" data-end=\"3729\"><strong data-start=\"3714\" data-end=\"3729\">11. Contact<\/strong><\/h3>\r\n<p data-start=\"3731\" data-end=\"3906\">Pentru \u00eentreb\u0103ri sau solicit\u0103ri privind aceast\u0103 <strong data-start=\"3779\" data-end=\"3812\">politica de confiden\u021bialitate<\/strong>, ne pute\u021bi contacta la:<br data-start=\"3836\" data-end=\"3839\" \/>\ud83d\udce7 <strong data-start=\"3842\" data-end=\"3859\"><a class=\"cursor-pointer\" rel=\"noopener\" data-start=\"3844\" data-end=\"3857\">info@altal.ro<\/a><\/strong><br data-start=\"3859\" data-end=\"3862\" \/>\ud83d\udccd <strong data-start=\"3865\" data-end=\"3906\">Str. Alba Iulia 75, Chi\u0219in\u0103u, Moldova<\/strong><\/p>","protected":false},"excerpt":{"rendered":"<p>Politica de confiden\u021bialitate Aceast\u0103 politica de confiden\u021bialitate descrie modul \u00een care colect\u0103m, utiliz\u0103m \u0219i protej\u0103m datele cu caracter personal ale vizitatorilor site-ului https:\/\/altal.ro. Acces\u00e2nd acest site, sunte\u021bi de acord cu termenii din aceast\u0103 politica de confiden\u021bialitate. 1. Cine suntem Adresa site-ului nostru este: https:\/\/altal.ro.Protejarea datelor dvs. cu caracter personal este o prioritate pentru echipa ALTAL&#8230;.<\/p>\n","protected":false},"author":1,"featured_media":4742,"parent":0,"menu_order":0,"comment_status":"closed","ping_status":"closed","template":"","meta":{"_acf_changed":false,"_kad_post_transparent":"default","_kad_post_title":"default","_kad_post_layout":"default","_kad_post_sidebar_id":"","_kad_post_content_style":"default","_kad_post_vertical_padding":"default","_kad_post_feature":"","_kad_post_feature_position":"","_kad_post_header":false,"_kad_post_footer":false,"footnotes":""},"class_list":["post-3","page","type-page","status-publish","has-post-thumbnail","hentry"],"acf":[],"_links":{"self":[{"href":"https:\/\/altal.ro\/ro\/wp-json\/wp\/v2\/pages\/3","targetHints":{"allow":["GET"]}}],"collection":[{"href":"https:\/\/altal.ro\/ro\/wp-json\/wp\/v2\/pages"}],"about":[{"href":"https:\/\/altal.ro\/ro\/wp-json\/wp\/v2\/types\/page"}],"author":[{"embeddable":true,"href":"https:\/\/altal.ro\/ro\/wp-json\/wp\/v2\/users\/1"}],"replies":[{"embeddable":true,"href":"https:\/\/altal.ro\/ro\/wp-json\/wp\/v2\/comments?post=3"}],"version-history":[{"count":1,"href":"https:\/\/altal.ro\/ro\/wp-json\/wp\/v2\/pages\/3\/revisions"}],"predecessor-version":[{"id":6928,"href":"https:\/\/altal.ro\/ro\/wp-json\/wp\/v2\/pages\/3\/revisions\/6928"}],"wp:featuredmedia":[{"embeddable":true,"href":"https:\/\/altal.ro\/ro\/wp-json\/wp\/v2\/media\/4742"}],"wp:attachment":[{"href":"https:\/\/altal.ro\/ro\/wp-json\/wp\/v2\/media?parent=3"}],"curies":[{"name":"wp","href":"https:\/\/api.w.org\/{rel}","templated":true}]}}