{"id":6076,"date":"2025-06-26T22:23:35","date_gmt":"2025-06-26T19:23:35","guid":{"rendered":"https:\/\/altal.ro\/?post_type=product&#038;p=6076"},"modified":"2025-07-23T01:20:57","modified_gmt":"2025-07-22T22:20:57","slug":"teu-ppr-75-mm","status":"publish","type":"product","link":"https:\/\/altal.ro\/en\/teu-ppr-75-mm\/","title":{"rendered":"Tee PPR 75 mm"},"content":{"rendered":"<p>this-toc<\/p>\n<h2>Tee PPR 75 mm<\/h2>\n<p><span style=\"font-family: arial, helvetica, sans-serif\"><strong>Reliable pipe connection with minimal pressure loss for systems with <a href=\"https:\/\/altalheat.com\/ru\/product-category\/teplovye-nasosy\/\" target=\"_blank\" rel=\"noopener\">heat pump<\/a>.<\/strong><\/span> <span style=\"font-family: arial, helvetica, sans-serif\"><strong><a href=\"https:\/\/en.wikipedia.org\/wiki\/Polypropylene\" target=\"_blank\" rel=\"noopener\">Teu PPR 75 mm5<\/a><\/strong>\u2014 is a modern solution for pipeline systems, ensuring a reliable connection with a large cross-section and minimal pressure losses. Unlike products made of other materials (PE-x, metal-composite, PERT), the triangle <a href=\"https:\/\/en.wikipedia.org\/wiki\/Polypropylene\" target=\"_blank\" rel=\"noopener\"><strong>PP-R<\/strong><\/a> does not reduce the inner diameter of the pipe, which improves the hydraulic characteristics of the entire system. In addition, polypropylene fittings are more affordable compared to copper or metal-composite counterparts.<\/span> Tee PPR 75 mm<\/p>\n<table class=\"table1_karto4ka\" style=\"width: 100%;height: 608px\" border=\"0\" width=\"738px\">\n<tbody>\n<tr style=\"height: 130px\">\n<td style=\"width: 100.443%;height: 130px\" colspan=\"2\">\n<div data-context=\"template:30835\">\n<div>\n<p align=\"justify\"><span style=\"font-family: arial, helvetica, sans-serif\"><a href=\"https:\/\/en.wikipedia.org\/wiki\/Polypropylene\" target=\"_blank\" rel=\"noopener\">Tee PPR \u00d875<\/a>\u00a0equal pass type <strong>DN75 PN20<\/strong>, white, for welding \u2013 used for branching polypropylene pipes, in the construction of networks in residential, administrative, industrial buildings, for pneumatic cables, technological pipes, etc., only for the transport of substances (which are chemically resistant to polypropylene). MeerPlast triangles for welding successfully operate at temperatures up to 90\u00b0C and pressures up to 20 bar.<\/span><\/p>\n<\/div>\n<\/div>\n<\/td>\n<\/tr>\n<tr style=\"height: 478px\">\n<td style=\"width: 99.7048%;height: 478px\" width=\"369px\">\n<h3><span style=\"font-family: arial, helvetica, sans-serif\">Teu PPR 75 mm. Parametri<\/span><\/h3>\n<ul>\n<li><span style=\"font-family: arial, helvetica, sans-serif\">Triangle dimensions \u2013 DN75<\/span><\/li>\n<li><span style=\"font-family: arial, helvetica, sans-serif\">Nominal pressure PN \u2013 20 bar<\/span><\/li>\n<li><span style=\"font-family: arial, helvetica, sans-serif\">Rotation angle \u2013 90\u00b0<\/span><\/li>\n<li><span style=\"font-family: arial, helvetica, sans-serif\">Triangle type \u2013 equal passage<\/span><\/li>\n<li><span style=\"font-family: arial, helvetica, sans-serif\">Manufacturing method \u2013 seamless<\/span><\/li>\n<li><span style=\"font-family: arial, helvetica, sans-serif\">Connection type \u2013 welding<\/span><\/li>\n<li><span style=\"font-family: arial, helvetica, sans-serif\">Body material \u2013 polypropylene PPRC<\/span><\/li>\n<li><span style=\"font-family: arial, helvetica, sans-serif\">Surface \u2013 smooth<\/span><\/li>\n<li><span style=\"font-family: arial, helvetica, sans-serif\">Operating temperature \u2013 90\u00b0C<\/span><\/li>\n<\/ul>\n<\/td>\n<\/tr>\n<\/tbody>\n<\/table>\n<h3><span style=\"font-family: arial, helvetica, sans-serif\">Advantages of use:<\/span><\/h3>\n<ul>\n<li><span style=\"font-family: arial, helvetica, sans-serif\"><strong>Functionality<\/strong>: allows a vertical outlet from the horizontal pipe, which facilitates the connection of the fitting.<\/span><\/li>\n<li><span style=\"font-family: arial, helvetica, sans-serif\">The triangle is ideal for complex projects where the reliability, simplicity and efficiency of polypropylene piping systems are important.<\/span><\/li>\n<\/ul>\n<h3><span style=\"font-family: arial, helvetica, sans-serif\">The main types of connections for heating, water and sewage systems<\/span><\/h3>\n<p><span style=\"font-family: arial, helvetica, sans-serif\">Various technologies are used to connect pipes made of homogeneous and homogeneous-heterogeneous materials. Let&#039;s analyze the most common ones:<\/span><\/p>\n<h4><span style=\"font-family: arial, helvetica, sans-serif\">1. Threaded connections<\/span><\/h4>\n<p><span style=\"font-family: arial, helvetica, sans-serif\">Simple and safe solution, achieved by applying internal and\/or external thread. Threaded connections preserve the internal diameter of the pipes, having a positive impact on hydraulics. The quality of the connection depends on the correctness of the assembly.<\/span><\/p>\n<h4><span style=\"font-family: arial, helvetica, sans-serif\">2. Pressure connections<\/span><\/h4>\n<p><span style=\"font-family: arial, helvetica, sans-serif\">Based on the deformation of an external galley, which presses the pipe onto the brass, PVDF or PPSU insert profile. Ensures tightness and durability.<\/span><\/p>\n<h4><span style=\"font-family: arial, helvetica, sans-serif\">3. Compression connections<\/span><\/h4>\n<p><span style=\"font-family: arial, helvetica, sans-serif\">It uses a fitting, cut ring, and a screw-in nut. When the nut is tightened, the ring compresses the pipe for a secure fit. The method is simple, but is still used in some situations.<\/span><\/p>\n<h4><span style=\"font-family: arial, helvetica, sans-serif\">4. Paste (page)<\/span><\/h4>\n<p><span style=\"font-family: arial, helvetica, sans-serif\">Using welding, molecular joints can be made, which are very tight and durable. It requires special skills and appropriate equipment.<\/span><\/p>\n<h4><span style=\"font-family: arial, helvetica, sans-serif\">5. Flange welding<\/span><\/h4>\n<p><span style=\"font-family: arial, helvetica, sans-serif\">A method of connecting by heating and joining homogeneous materials. Ensures strength and reliability.<\/span><\/p>\n<h4><span style=\"font-family: arial, helvetica, sans-serif\">6. Hybrid connections<\/span><\/h4>\n<p><span style=\"font-family: arial, helvetica, sans-serif\">It uses the properties of the material, allowing it to return to its original position after expansion, ensuring a secure fit.<\/span><\/p>\n<h3><span style=\"font-family: arial, helvetica, sans-serif\">Teu PPR 75 mm. Avantaje fa\u021b\u0103 de concuren\u021b\u0103<\/span><\/h3>\n<ul>\n<li><span style=\"font-family: arial, helvetica, sans-serif\"><strong>Maximum flow capacity<\/strong>: the inner diameter of the pipe remains unchanged, improving the hydraulic characteristics.<\/span><\/li>\n<li><span style=\"font-family: arial, helvetica, sans-serif\"><strong>Cost effective<\/strong>: price of the triangle <strong>PP-R<\/strong> is lower compared to similar copper or metal-composite products.<\/span><\/li>\n<li><span style=\"font-family: arial, helvetica, sans-serif\"><strong>Simple assembly<\/strong>: easy to install, no complicated equipment.<\/span><\/li>\n<li><span style=\"font-family: arial, helvetica, sans-serif\"><strong>Durability<\/strong>: connections remain leak-proof in the long term.<\/span><\/li>\n<\/ul>\n<h3><span style=\"font-family: arial, helvetica, sans-serif\">Hydraulic advantages<\/span><\/h3>\n<p><span style=\"font-family: arial, helvetica, sans-serif\">De exemplu, pentru o conduct\u0103 de 16 mm cu grosime a peretelui de 2 mm, diametrul interior poate sc\u0103dea cu 4\u20136 mm la conexiunile de compresie, ceea ce reduce sec\u021biunea de trecere cu 25\u201337,5%. \u00cen cazul Teu PPR 75 mm, astfel de pierderi nu apar, ceea ce le face eficiente pentru \u00eenc\u0103lzire \u0219i alimentare cu ap\u0103.<\/span><\/p>\n<h3><span style=\"font-family: arial, helvetica, sans-serif\">Conclusion<\/span><\/h3>\n<p><span style=\"font-family: arial, helvetica, sans-serif\">Tee PPR \u00d875 \u2014 is the optimal solution for heating, water and sewage systems, combining reliability, economy and high hydraulic performance. By choosing polypropylene fittings, you get a durable network with minimal maintenance costs.<\/span><\/p>","protected":false},"excerpt":{"rendered":"<ul>\n<li style=\"list-style-type: none;\" data-start=\"681\" data-end=\"717\">\n<ul>\n<li data-start=\"638\" data-end=\"682\">\n<p data-start=\"640\" data-end=\"682\"><strong data-start=\"640\" data-end=\"653\">Material:<\/strong> polypropylene (PPR)<\/p>\n<\/li>\n<li data-start=\"683\" data-end=\"728\">\n<p data-start=\"685\" data-end=\"728\"><strong data-start=\"685\" data-end=\"693\">Tip:<\/strong> tee<\/p>\n<\/li>\n<li data-start=\"729\" data-end=\"770\">\n<p data-start=\"731\" data-end=\"770\"><strong data-start=\"731\" data-end=\"746\">Dimensions:<\/strong> 75 mm \u00d7 75 mm \u00d7 75 mm<\/p>\n<\/li>\n<li data-start=\"771\" data-end=\"810\">\n<p data-start=\"773\" data-end=\"810\"><strong data-start=\"773\" data-end=\"793\">Maximum pressure:<\/strong> up to 25 bar<\/p>\n<\/li>\n<li data-start=\"811\" data-end=\"853\">\n<p data-start=\"813\" data-end=\"853\"><strong data-start=\"813\" data-end=\"838\">Working temperature:<\/strong> up to 95\u00b0C<\/p>\n<\/li>\n<li data-start=\"854\" data-end=\"901\">\n<p data-start=\"856\" data-end=\"901\"><strong data-start=\"856\" data-end=\"867\">Assembly:<\/strong> by hot welding (polyfusion)<\/p>\n<\/li>\n<\/ul>\n<\/li>\n<\/ul>","protected":false},"featured_media":6856,"comment_status":"open","ping_status":"closed","template":"","meta":{"_acf_changed":false,"_kad_post_transparent":"default","_kad_post_title":"","_kad_post_layout":"default","_kad_post_sidebar_id":"","_kad_post_content_style":"default","_kad_post_vertical_padding":"default","_kad_post_feature":"","_kad_post_feature_position":"","_kad_post_header":false,"_kad_post_footer":false},"product_brand":[],"product_cat":[283],"product_tag":[215,285,295,190,291,209],"class_list":{"0":"post-6076","1":"product","2":"type-product","3":"status-publish","4":"has-post-thumbnail","6":"product_cat-tevi-si-fitinguri-hdpe-si-ppr","7":"product_tag-aprovizionare-cu-apa","8":"product_tag-fitinguri-ppr","9":"product_tag-o63","10":"product_tag-pompa-de-caldura","11":"product_tag-ppr","12":"product_tag-racire","14":"first","15":"instock","16":"sale","17":"featured","18":"taxable","19":"shipping-taxable","20":"purchasable","21":"product-type-simple","22":"entry","23":"content-bg","24":"loop-entry"},"acf":[],"_links":{"self":[{"href":"https:\/\/altal.ro\/en\/wp-json\/wp\/v2\/product\/6076","targetHints":{"allow":["GET"]}}],"collection":[{"href":"https:\/\/altal.ro\/en\/wp-json\/wp\/v2\/product"}],"about":[{"href":"https:\/\/altal.ro\/en\/wp-json\/wp\/v2\/types\/product"}],"replies":[{"embeddable":true,"href":"https:\/\/altal.ro\/en\/wp-json\/wp\/v2\/comments?post=6076"}],"version-history":[{"count":8,"href":"https:\/\/altal.ro\/en\/wp-json\/wp\/v2\/product\/6076\/revisions"}],"predecessor-version":[{"id":7584,"href":"https:\/\/altal.ro\/en\/wp-json\/wp\/v2\/product\/6076\/revisions\/7584"}],"wp:featuredmedia":[{"embeddable":true,"href":"https:\/\/altal.ro\/en\/wp-json\/wp\/v2\/media\/6856"}],"wp:attachment":[{"href":"https:\/\/altal.ro\/en\/wp-json\/wp\/v2\/media?parent=6076"}],"wp:term":[{"taxonomy":"product_brand","embeddable":true,"href":"https:\/\/altal.ro\/en\/wp-json\/wp\/v2\/product_brand?post=6076"},{"taxonomy":"product_cat","embeddable":true,"href":"https:\/\/altal.ro\/en\/wp-json\/wp\/v2\/product_cat?post=6076"},{"taxonomy":"product_tag","embeddable":true,"href":"https:\/\/altal.ro\/en\/wp-json\/wp\/v2\/product_tag?post=6076"}],"curies":[{"name":"wp","href":"https:\/\/api.w.org\/{rel}","templated":true}]}}