{"id":6055,"date":"2025-06-26T17:43:36","date_gmt":"2025-06-26T14:43:36","guid":{"rendered":"https:\/\/altal.ro\/?post_type=product&#038;p=6055"},"modified":"2025-07-23T01:51:01","modified_gmt":"2025-07-22T22:51:01","slug":"adapter-ppr-32-1f","status":"publish","type":"product","link":"https:\/\/altal.ro\/en\/adapter-ppr-32-1f\/","title":{"rendered":"PPR connection \u00d832\u00d71"},"content":{"rendered":"<p>this-toc<\/p>\n<h2>PPR connection \u00d832\u00d71<\/h2>\n<h4>(Removable polypropylene plug \u00d832\u00d71 PPR)<\/h4>\n<p>Connection <a href=\"https:\/\/ru.wikipedia.org\/wiki\/%D0%9F%D0%BE%D0%BB%D0%B8%D0%BF%D1%80%D0%BE%D0%BF%D0%B8%D0%BB%D0%B5%D0%BD\" target=\"_blank\" rel=\"noopener\">PPR <\/a>\u00d832\u00d71 is equipped with two connection ends for welding and is intended for joining polypropylene pipes and other components of engineering systems. For convenience, threaded connections are also used, as well as for welding pipes of different diameters. PPR fitting \u00d832\u00d71 can be used in construction for organizing heating, water supply, cooling systems, based on <a href=\"https:\/\/altal.ro\/en\/heat-pump-altal\/\" target=\"_blank\" rel=\"noopener\">heat pump<\/a>.<\/p>\n<h3>OPERATING CONDITIONS:<\/h3>\n<ul>\n<li>Temperature \u2013 from +5\u00b0C to +95\u00b0C<\/li>\n<li>Maximum pressure \u2013 20 bar<\/li>\n<li>Marking \u2013 PN 20<\/li>\n<li>CONSTRUCTION FEATURES:<\/li>\n<li>Material \u2013 polypropylene<\/li>\n<li>Connection size \u2013 40 mm<\/li>\n<li>Connection type \u2013 welding<\/li>\n<li>Color \u2013 white<\/li>\n<li>Reinforcement \u2013 \u200b\u200bno<\/li>\n<li>Weight \u2013 0.076 kg<\/li>\n<\/ul>\n<h3><strong>The main types of connections for engineering systems<\/strong><\/h3>\n<p>PPR \u00d832\u00d71 fitting is used to connect pipes, different technologies are used. Let&#039;s analyze the most common ones:<\/p>\n<h4><strong>1. Threaded connections<\/strong><\/h4>\n<p>It is a simple and safe method. The connection of the PPR Connector \u00d832\u00d71 is made by internal and\/or external threading applied to the ends. The threaded fittings of the PPR Connector \u00d832\u00d71 maintain the internal diameter of the pipes, ensuring good hydrostatics.<\/p>\n<h4><strong>2. Pressure connections<\/strong><\/h4>\n<p>They are used to make watertight connections. The gallery clamps the pipes onto the insert profile made of brass, PVDF or PPSU. This method ensures durability.<\/p>\n<h4><strong>3. Compression connections<\/strong><\/h4>\n<p>This method involves using a fitting, a cut ring, and a screw-on nut. When the nut is tightened, the ring compresses the pipe, creating a watertight connection.<\/p>\n<h4><strong>4. Brazing<\/strong><\/h4>\n<p>It allows welding of pipes at the molecular level. The connections are leak-proof and resistant to high loads, but require certain skills.<\/p>\n<h4><strong>5. Flange joint welding<\/strong><\/h4>\n<p>Homogeneous materials are heated to the required temperature and bonded together. This method ensures reliability and strength.<\/p>\n<h4><strong>6. Hybrid connections<\/strong><\/h4>\n<p>It utilizes the properties of the material, allowing the pipe to return to its original shape after expansion.<\/p>\n<hr \/>\n<h3><strong>Hydraulic advantages<\/strong><\/h3>\n<p>In systems with compression connections, the cross-section can decrease by 25-37%. For example, for a pipe with a diameter of 16 mm and a wall thickness of 2 mm, the inner diameter decreases by 4-6 mm. In systems with PP-R tees, such losses do not occur. This makes them ideal for modern engineering solutions.<\/p>\n<hr \/>\n<p>T-uri sunt ideale pentru utilizarea \u00een sistemele de \u00eenc\u0103lzire central\u0103, unde este nevoie de conexiuni fiabile pentru conducte. \u00cen condi\u021bii industriale, sunt folosite pentru alimentarea cu aer comprimat, demonstr\u00e2nd versatilitatea acestor fitinguri. Pentru o instalare sigur\u0103 a T-urilor, trebuie preg\u0103tite marginile conductei \u0219i asigurat\u0103 cur\u0103\u021benia suprafe\u021bei. Se folose\u0219te un aparat de sudur\u0103 cu duz\u0103 de diametrul corespunz\u0103tor, se \u00eenc\u0103lze\u0219te elementele p\u00e2n\u0103 la 260\u00b0C \u0219i se unesc componentele \u00een c\u00e2teva secunde, asigur\u00e2nd o pozi\u021bie corect\u0103. Spre deosebire de fitingurile metalice, T-urile din polipropilen\u0103 nu sunt expuse coroziunii \u0219i \u00ee\u0219i p\u0103streaz\u0103 propriet\u0103\u021bile chiar \u0219i dup\u0103 zeci de ani de utilizare. Sunt mult mai u\u0219oare, ceea ce faciliteaz\u0103 montajul \u0219i transportul. Fitingurile din polipropilen\u0103 sunt ecologice: nu emit substan\u021be toxice \u00een timpul func\u021bion\u0103rii, ceea ce le face sigure pentru sistemele de alimentare cu ap\u0103 potabil\u0103. T-urile PP-R au fost utilizate pe scar\u0103 larg\u0103 \u00een construc\u021bia de ansambluri reziden\u021biale moderne, demonstr\u00e2ndu-\u0219i fiabilitatea \u0219i durabilitatea \u00een sistemele de \u00eenc\u0103lzire \u0219i alimentare cu ap\u0103.<\/p>\n<h3><strong>Conclusion<\/strong><\/h3>\n<p>The PPR \u00d832\u00d71 fitting is the choice of those who value reliability, durability and economy. This fitting ensures minimal pressure loss, high flow capacity and easy installation. Polypropylene fittings (<a href=\"https:\/\/en.wikipedia.org\/wiki\/Polypropylene\" target=\"_blank\" rel=\"noopener\">PPR<\/a>) guarantees reliable operation of heating, water supply and sewage systems, reducing operating costs. No modern district heating or cold water system can function without polypropylene pipes. The advantages of low cost, durability, ease of installation, temperature resistance and high insulating characteristics are noted. <strong>PPR fitting \u00d832\u00d71 \u2014 purchase now and get a safe solution for your system!<\/strong> Caracteristicile tehnice \u0219i fotografiile produsului pot diferi de cele de pe site; verifica\u021bi specifica\u021biile tehnice la momentul achizi\u021biei \u0219i pl\u0103\u021bii. Toate informa\u021biile despre produse de pe site sunt informative. Oferim livrare gratuit\u0103 \u00een Chi\u0219in\u0103u \u0219i Moldova pentru comenzi de peste 2000 euro, incluse cu pompa de c\u0103ldur\u0103. De asemenea, expedierile se fac \u00een toat\u0103 Moldova prin companii de transport. Pute\u021bi indica orice companie de transport dorit\u0103. Vom livra comanda p\u00e2n\u0103 la terminalul oric\u0103rei companii de transport din Moldova.<\/p>\n<hr \/>\n<p>\u00a0<\/p>","protected":false},"excerpt":{"rendered":"<h3 data-start=\"560\" data-end=\"588\">\ud83d\udd39 Technical specifications:<\/h3>\n<ul data-start=\"590\" data-end=\"814\">\n<li data-start=\"590\" data-end=\"645\">\n<p data-start=\"592\" data-end=\"645\"><strong data-start=\"592\" data-end=\"605\">Material:<\/strong> Polypropylene PPR<\/p>\n<\/li>\n<li data-start=\"646\" data-end=\"679\">\n<p data-start=\"648\" data-end=\"679\"><strong data-start=\"648\" data-end=\"670\">Outer diameter:<\/strong> \u00d832 mm<\/p>\n<\/li>\n<li data-start=\"680\" data-end=\"724\">\n<p data-start=\"682\" data-end=\"724\"><strong data-start=\"682\" data-end=\"692\">Filet:<\/strong> 1\u201d interior (F \u2013 Feminine)<\/p>\n<\/li>\n<li data-start=\"725\" data-end=\"773\">\n<p data-start=\"727\" data-end=\"773\"><strong data-start=\"727\" data-end=\"756\">Maximum working pressure:<\/strong> up to 25 bar<\/p>\n<\/li>\n<li data-start=\"774\" data-end=\"814\">\n<p data-start=\"776\" data-end=\"814\"><strong data-start=\"776\" data-end=\"799\">Maximum temperature:<\/strong> up to 95\u00b0C<\/p>\n<\/li>\n<\/ul>","protected":false},"featured_media":2227,"comment_status":"open","ping_status":"closed","template":"","meta":{"_acf_changed":false,"_kad_post_transparent":"default","_kad_post_title":"","_kad_post_layout":"default","_kad_post_sidebar_id":"","_kad_post_content_style":"default","_kad_post_vertical_padding":"default","_kad_post_feature":"","_kad_post_feature_position":"","_kad_post_header":false,"_kad_post_footer":false},"product_brand":[],"product_cat":[283],"product_tag":[215,300,285,190,291,209,630],"class_list":{"0":"post-6055","1":"product","2":"type-product","3":"status-publish","4":"has-post-thumbnail","6":"product_cat-tevi-si-fitinguri-hdpe-si-ppr","7":"product_tag-aprovizionare-cu-apa","8":"product_tag-dn32","9":"product_tag-fitinguri-ppr","10":"product_tag-pompa-de-caldura","11":"product_tag-ppr","12":"product_tag-racire","13":"product_tag-racord","15":"first","16":"instock","17":"sale","18":"featured","19":"taxable","20":"shipping-taxable","21":"purchasable","22":"product-type-simple","23":"entry","24":"content-bg","25":"loop-entry"},"acf":[],"_links":{"self":[{"href":"https:\/\/altal.ro\/en\/wp-json\/wp\/v2\/product\/6055","targetHints":{"allow":["GET"]}}],"collection":[{"href":"https:\/\/altal.ro\/en\/wp-json\/wp\/v2\/product"}],"about":[{"href":"https:\/\/altal.ro\/en\/wp-json\/wp\/v2\/types\/product"}],"replies":[{"embeddable":true,"href":"https:\/\/altal.ro\/en\/wp-json\/wp\/v2\/comments?post=6055"}],"version-history":[{"count":6,"href":"https:\/\/altal.ro\/en\/wp-json\/wp\/v2\/product\/6055\/revisions"}],"predecessor-version":[{"id":7587,"href":"https:\/\/altal.ro\/en\/wp-json\/wp\/v2\/product\/6055\/revisions\/7587"}],"wp:featuredmedia":[{"embeddable":true,"href":"https:\/\/altal.ro\/en\/wp-json\/wp\/v2\/media\/2227"}],"wp:attachment":[{"href":"https:\/\/altal.ro\/en\/wp-json\/wp\/v2\/media?parent=6055"}],"wp:term":[{"taxonomy":"product_brand","embeddable":true,"href":"https:\/\/altal.ro\/en\/wp-json\/wp\/v2\/product_brand?post=6055"},{"taxonomy":"product_cat","embeddable":true,"href":"https:\/\/altal.ro\/en\/wp-json\/wp\/v2\/product_cat?post=6055"},{"taxonomy":"product_tag","embeddable":true,"href":"https:\/\/altal.ro\/en\/wp-json\/wp\/v2\/product_tag?post=6055"}],"curies":[{"name":"wp","href":"https:\/\/api.w.org\/{rel}","templated":true}]}}