{"id":5084,"date":"2025-06-24T00:15:54","date_gmt":"2025-06-23T21:15:54","guid":{"rendered":"https:\/\/altal.ro\/?post_type=product&#038;p=5084"},"modified":"2025-07-23T01:52:06","modified_gmt":"2025-07-22T22:52:06","slug":"water-flow-sensor-mr-jx-02","status":"publish","type":"product","link":"https:\/\/altal.ro\/en\/water-flow-sensor-mr-jx-02\/","title":{"rendered":"Water flow sensor MR-JX-02"},"content":{"rendered":"<div id=\"ez-toc-container\" class=\"ez-toc-v2_0_82_2 counter-hierarchy ez-toc-counter ez-toc-grey ez-toc-container-direction\">\n<div class=\"ez-toc-title-container\">\n<p class=\"ez-toc-title\" style=\"cursor:inherit\">content<\/p>\n<span class=\"ez-toc-title-toggle\"><a href=\"#\" class=\"ez-toc-pull-right ez-toc-btn ez-toc-btn-xs ez-toc-btn-default ez-toc-toggle\" aria-label=\"Toggle Table of Content\"><span class=\"ez-toc-js-icon-con\"><span class=\"\"><span class=\"eztoc-hide\" style=\"display:none;\">Toggle<\/span><span class=\"ez-toc-icon-toggle-span\"><svg style=\"fill: #999;color:#999\" xmlns=\"http:\/\/www.w3.org\/2000\/svg\" class=\"list-377408\" width=\"20px\" height=\"20px\" viewbox=\"0 0 24 24\" fill=\"none\"><path d=\"M6 6H4v2h2V6zm14 0H8v2h12V6zM4 11h2v2H4v-2zm16 0H8v2h12v-2zM4 16h2v2H4v-2zm16 0H8v2h12v-2z\" fill=\"currentColor\"><\/path><\/svg><svg style=\"fill: #999;color:#999\" class=\"arrow-unsorted-368013\" xmlns=\"http:\/\/www.w3.org\/2000\/svg\" width=\"10px\" height=\"10px\" viewbox=\"0 0 24 24\" version=\"1.2\" baseprofile=\"tiny\"><path d=\"M18.2 9.3l-6.2-6.3-6.2 6.3c-.2.2-.3.4-.3.7s.1.5.3.7c.2.2.4.3.7.3h11c.3 0 .5-.1.7-.3.2-.2.3-.5.3-.7s-.1-.5-.3-.7zM5.8 14.7l6.2 6.3 6.2-6.3c.2-.2.3-.5.3-.7s-.1-.5-.3-.7c-.2-.2-.4-.3-.7-.3h-11c-.3 0-.5.1-.7.3-.2.2-.3.5-.3.7s.1.5.3.7z\"\/><\/svg><\/span><\/span><\/span><\/a><\/span><\/div>\n<nav><ul class='ez-toc-list ez-toc-list-level-1' ><li class='ez-toc-page-1 ez-toc-heading-level-2'><a class=\"ez-toc-link ez-toc-heading-1\" href=\"https:\/\/altal.ro\/en\/water-flow-sensor-mr-jx-02\/#Senzor_debit_apa_MR-JX-02\">Water flow sensor MR-JX-02<\/a><\/li><li class='ez-toc-page-1 ez-toc-heading-level-2'><a class=\"ez-toc-link ez-toc-heading-2\" href=\"https:\/\/altal.ro\/en\/water-flow-sensor-mr-jx-02\/#Senzor_debit_apa_MR-JX-02_Date_tehnice\">Water flow sensor MR-JX-02. Technical data<\/a><\/li><li class='ez-toc-page-1 ez-toc-heading-level-2'><a class=\"ez-toc-link ez-toc-heading-3\" href=\"https:\/\/altal.ro\/en\/water-flow-sensor-mr-jx-02\/#Senzor_debit_apa_MR-JX-02_Caracteristici\">Water flow sensor MR-JX-02. Features<\/a><\/li><li class='ez-toc-page-1 ez-toc-heading-level-2'><a class=\"ez-toc-link ez-toc-heading-4\" href=\"https:\/\/altal.ro\/en\/water-flow-sensor-mr-jx-02\/#Senzor_debit_apa_MR-JX-02_Principiul_de_functionare\">Water flow sensor MR-JX-02. Operating principle:<\/a><ul class='ez-toc-list-level-3' ><li class='ez-toc-heading-level-3'><a class=\"ez-toc-link ez-toc-heading-5\" href=\"https:\/\/altal.ro\/en\/water-flow-sensor-mr-jx-02\/#Senzor_debit_apa_MR-JX-02_Reglarea\">Water flow sensor MR-JX-02. Adjustment:<\/a><\/li><\/ul><\/li><li class='ez-toc-page-1 ez-toc-heading-level-2'><a class=\"ez-toc-link ez-toc-heading-6\" href=\"https:\/\/altal.ro\/en\/water-flow-sensor-mr-jx-02\/#Caracteristici_electrice_ale_senzor_debit_apa_MR-JX-02\">Electrical characteristics of the MR-JX-02 water flow sensor<\/a><\/li><li class='ez-toc-page-1 ez-toc-heading-level-2'><a class=\"ez-toc-link ez-toc-heading-7\" href=\"https:\/\/altal.ro\/en\/water-flow-sensor-mr-jx-02\/#Senzor_debit_apa_MR-JX-02_Instructiuni_de_instalare\">Water flow sensor MR-JX-02. Installation instructions:<\/a><\/li><\/ul><\/nav><\/div>\n\n<h2><span class=\"ez-toc-section\" id=\"Senzor_debit_apa_MR-JX-02\"><\/span>Water flow sensor MR-JX-02<span class=\"ez-toc-section-end\"><\/span><\/h2>\n<p>Purpose: for measuring or controlling the flow of liquid in <a href=\"https:\/\/altal.ro\/en\/heat-pump-altal\/\" target=\"_blank\" rel=\"noopener\">heat pumps<\/a>. Detectorul de flux de ap\u0103 este compatibil cu \u021bevi mici \u0219i mari. Este utilizat \u00een dispozitive SPA, \u00een sistemele de \u00eenc\u0103lzire a apelor, \u00een echipamentele de tratare a apei. Comutatorul de flux din plastic cu palet\u0103 din teflon este realizat din material plastic din PTFE, cu palet\u0103 lung\u0103. \u2022 Material plastic din PTFE (teflon) \u2022 Performan\u021b\u0103 ridicat\u0103 \u00een medii chimice \u0219i corozive \u2022 Deosebit de util \u00een dispozitive SPA \u0219i \u00een apa de mare.<\/p>\n<h2><span class=\"ez-toc-section\" id=\"Senzor_debit_apa_MR-JX-02_Date_tehnice\"><\/span>Water flow sensor MR-JX-02. Technical data<span class=\"ez-toc-section-end\"><\/span><\/h2>\n<p>* <a href=\"https:\/\/ro.wikipedia.org\/wiki\/IP_(st%C3%AEn%C4%83_de_protec%C5%A3ie)\" target=\"_blank\" rel=\"noopener\">Protection degree: IP65<\/a> (op\u021bional IP68) * Temperatura mediului: -30~110\u00b0C * Ie\u0219ire: Comutator magnetic SPST BMF (normal deschis \u2014 standard, normal \u00eenchis \u2014 op\u021bional) * Tensiune maxim\u0103: 350 V DC; 300 V AC * Curent maxim de comutare: 1,0 A * Curent maxim suportat: 2,5 A * Putere nominal\u0103 a contactelor: 70 VA * Presiune static\u0103 maxim\u0103: 10 bari * Substan\u021be detectabile: gaze, ap\u0103, petrol (Indica\u021bi dac\u0103 sunt substan\u021be speciale) * Pierdere de presiune: 0,01 bar<\/p>\n<h2><span class=\"ez-toc-section\" id=\"Senzor_debit_apa_MR-JX-02_Caracteristici\"><\/span>Water flow sensor MR-JX-02. Features<span class=\"ez-toc-section-end\"><\/span><\/h2>\n<p>1. Pierdere de presiune redus\u0103 2. Tipul de palet\u0103 testat, \u00een construc\u021bie compact\u0103, ideal pentru aplica\u021bii \u00een serie 3. Material plastic armificat cu fibr\u0103 de sticl\u0103 pentru rezisten\u021b\u0103 \u00eenalt\u0103 4. Se poate instala pe \u021bevi sau \u00een coliere de colectare ale clientului 5. Punct de comutare stabil pe termen lung, paleta revine sub ac\u021biunea magnetului, f\u0103r\u0103 uzur\u0103 a arcului 6. Presiune redus\u0103 \u0219i mediu anticoroziv pentru controlul fluxului, de exemplu: pompa pentru \u00eenc\u0103lzirea piscinei, pompa pentru ap\u0103 de mare, sistem de \u00eenc\u0103lzire central\u0103, monitorizarea debitului pompei circulatoare pentru ap\u0103 s\u0103rat\u0103 de mare. Aplica\u021bii principale: detectarea fluxului de lichid, agent termic. Pozi\u021bia recomandat\u0103 de instalare \u2014 pe \u021bevi orizontale, dar poate fi montat \u00een orice pozi\u021bie. Potrivit pentru detectarea fluxului de ap\u0103 pe \u021bevi cu diametrul de la 15 la 100 mm.<\/p>\n<h2><span class=\"ez-toc-section\" id=\"Senzor_debit_apa_MR-JX-02_Principiul_de_functionare\"><\/span>Water flow sensor MR-JX-02. Operating principle:<span class=\"ez-toc-section-end\"><\/span><\/h2>\n<p>Balanced magnetic vane, installed perpendicular to the flow, which activates a <a href=\"https:\/\/ro.wikipedia.org\/wiki\/Gerkon\" target=\"_blank\" rel=\"noopener\">gyratory switch<\/a> through the wall. The return of the vane occurs by the action of the magnet, without a spring. Neither the seal nor the liquid can pass between the pipe system and the electrical contact. Suitable for swimming pools and spas with corrosive water, as well as for chlorination and bromination systems of salt water. Not for use with water containing magnetic particles or liquids with high viscosity, which can block the movement of the vane.<\/p>\n<h3><span class=\"ez-toc-section\" id=\"Senzor_debit_apa_MR-JX-02_Reglarea\"><\/span>Water flow sensor MR-JX-02. Adjustment:<span class=\"ez-toc-section-end\"><\/span><\/h3>\n<p>Prin modificarea paletei Reglare precis\u0103 cu \u0219urubelni\u021ba pe cadranul interior (doar pe modele cu cutie de conexiuni) Senzor debit ap\u0103 MR-JX-02 este fabricat din PPO, armurat cu fibr\u0103 de sticl\u0103 pentru rezisten\u021b\u0103 la presiune, compatibil cu apa potabil\u0103. Paleta: PPO, l\u0103\u021bime de 12 mm, poate fi divizat\u0103 \u00een 4 sec\u021biuni numerotate de la 1 la 4 pentru reglarea diametrului conductei. Montaj pe \u021beav\u0103: piuli\u021b\u0103 de conectare armat\u0103 cu fibr\u0103 de sticl\u0103, \u00be\u201d BSPP, fixat\u0103 pe racord cu filet extern de \u00be\u201d BSPP, cu garnitur\u0103. Moment de str\u00e2ngere recomandat: 7\u00b11 Nm. Garnitur\u0103: NBR.<\/p>\n<h2><span class=\"ez-toc-section\" id=\"Caracteristici_electrice_ale_senzor_debit_apa_MR-JX-02\"><\/span>Electrical characteristics of the MR-JX-02 water flow sensor<span class=\"ez-toc-section-end\"><\/span><\/h2>\n<p>Max. 1 A, max. 70 W, max. 250 V, sarcin\u0103 rezistiv\u0103. Utilizarea \u00een circuite inductive reduce caracteristicile electrice. Se recomand\u0103 protejarea gerconului cu un dispozitiv de protec\u021bie a contactelor \u00een cazul utiliz\u0103rii cu sarcini inductive. Tipul contactului electric: normal deschis, se \u00eenchide la cre\u0219terea debitului. Compatibilitate cu lichide: pentru utilizare cu ap\u0103 curat\u0103 \u0219i lichide f\u0103r\u0103 particule magnetice \u0219i f\u0103r\u0103 incompatibilitate chimic\u0103 cu PPO \u0219i titan. \u2022 Presiune nominal\u0103 la 20\u00b0C: 1 MPa (PN10) \u2022 Interval de temperatur\u0103 al lichidelor: 5\u2013100\u00b0C \u2022 Interval de temperatur\u0103 ambient: 5\u201380\u00b0C \u2022 Grad de protec\u021bie: IP65 \u2022 Toleran\u021be de calibrare: +\/-15% (la for\u021ba de lucru a paletei la cap\u0103tul acesteia)<\/p>\n<h2><span class=\"ez-toc-section\" id=\"Senzor_debit_apa_MR-JX-02_Instructiuni_de_instalare\"><\/span>Water flow sensor MR-JX-02. Installation instructions:<span class=\"ez-toc-section-end\"><\/span><\/h2>\n<p>Verifica\u021bi cu aten\u021bie orientarea paletei: s\u0103geata de pe carcas\u0103 trebuie s\u0103 fie paralel\u0103 cu conducta. Este necesar un spa\u021biu minim de 5 mm \u00eentre cap\u0103tul paletei \u0219i peretele conductei din fa\u021b\u0103. Se recomand\u0103 utilizarea unor adaptoare a c\u0103ror lungime nu dep\u0103\u0219e\u0219te 18 mm \u00eentre \u0219aiba de garnitur\u0103 \u0219i interiorul conductei, cu diametrul interior de cel pu\u021bin 5 mm, pentru a evita blocarea paletei. Accesorii: capace din PVC de \u00be\u201d pentru \u021bevi din PVC DN40\u2013DN100 \u0219i alte fitinguri: vezi ultima sec\u021biune a catalogului. Op\u021biuni (cerin\u021be minime de comand\u0103): cablu cu conector sau prize, lungime diferit\u0103 a cablului, piuli\u021b\u0103 de conexiune nichelat\u0103 \u00be\u201d BSPP. Not\u0103 important\u0103: pentru \u021bevi din plastic (PVC, PE), DN (diametrul nominal) corespunde diametrului exterior, iar grosimea peretelui variaz\u0103 \u00een func\u021bie de aplica\u021bie. Este esen\u021bial s\u0103 \u021bine\u021bi cont de acest aspect pentru a evita blocarea paletei. La conductele metalice, diametrul interior corespunde DN. Datele despre debit se refer\u0103 la conducte cu diametrul interior corespunz\u0103tor DN.<\/p>\n<hr \/>\n<p>\u00a0<\/p>","protected":false},"excerpt":{"rendered":"<ul>\n<li><a href=\"https:\/\/ro.wikipedia.org\/wiki\/IP_(st%C3%AEn%C4%83_de_protec%C5%A3ie)\" target=\"_blank\" rel=\"noopener\">Protection degree: IP65<\/a> (optional IP68)<\/li>\n<li>Connection: 1\/2 inch<\/li>\n<li>Ambient temperature: -30~110\u00b0C<\/li>\n<li>SPST BMF magnetic switch<\/li>\n<li>Maximum voltage: 350 V DC; 300 V AC<\/li>\n<li>Maximum switching current: 1.0 A<\/li>\n<li>Maximum static pressure: 10 bar<\/li>\n<li>Pressure loss: 0.01 bar<\/li>\n<li>Recommended tightening torque: 7\u00b11 Nm<\/li>\n<\/ul>","protected":false},"featured_media":2166,"comment_status":"open","ping_status":"closed","template":"","meta":{"_acf_changed":false,"_kad_post_transparent":"default","_kad_post_title":"","_kad_post_layout":"default","_kad_post_sidebar_id":"","_kad_post_content_style":"default","_kad_post_vertical_padding":"default","_kad_post_feature":"","_kad_post_feature_position":"","_kad_post_header":false,"_kad_post_footer":false},"product_brand":[],"product_cat":[280],"product_tag":[],"class_list":{"0":"post-5084","1":"product","2":"type-product","3":"status-publish","4":"has-post-thumbnail","6":"product_cat-piese-de-schimb","8":"first","9":"instock","10":"sale","11":"featured","12":"taxable","13":"shipping-taxable","14":"purchasable","15":"product-type-simple","16":"entry","17":"content-bg","18":"loop-entry"},"acf":[],"_links":{"self":[{"href":"https:\/\/altal.ro\/en\/wp-json\/wp\/v2\/product\/5084","targetHints":{"allow":["GET"]}}],"collection":[{"href":"https:\/\/altal.ro\/en\/wp-json\/wp\/v2\/product"}],"about":[{"href":"https:\/\/altal.ro\/en\/wp-json\/wp\/v2\/types\/product"}],"replies":[{"embeddable":true,"href":"https:\/\/altal.ro\/en\/wp-json\/wp\/v2\/comments?post=5084"}],"version-history":[{"count":2,"href":"https:\/\/altal.ro\/en\/wp-json\/wp\/v2\/product\/5084\/revisions"}],"predecessor-version":[{"id":7595,"href":"https:\/\/altal.ro\/en\/wp-json\/wp\/v2\/product\/5084\/revisions\/7595"}],"wp:featuredmedia":[{"embeddable":true,"href":"https:\/\/altal.ro\/en\/wp-json\/wp\/v2\/media\/2166"}],"wp:attachment":[{"href":"https:\/\/altal.ro\/en\/wp-json\/wp\/v2\/media?parent=5084"}],"wp:term":[{"taxonomy":"product_brand","embeddable":true,"href":"https:\/\/altal.ro\/en\/wp-json\/wp\/v2\/product_brand?post=5084"},{"taxonomy":"product_cat","embeddable":true,"href":"https:\/\/altal.ro\/en\/wp-json\/wp\/v2\/product_cat?post=5084"},{"taxonomy":"product_tag","embeddable":true,"href":"https:\/\/altal.ro\/en\/wp-json\/wp\/v2\/product_tag?post=5084"}],"curies":[{"name":"wp","href":"https:\/\/api.w.org\/{rel}","templated":true}]}}