{"id":5078,"date":"2025-06-24T00:15:49","date_gmt":"2025-06-23T21:15:49","guid":{"rendered":"https:\/\/altal.ro\/?post_type=product&#038;p=5078"},"modified":"2025-07-23T01:52:12","modified_gmt":"2025-07-22T22:52:12","slug":"ground-water-46-kw-dc","status":"publish","type":"product","link":"https:\/\/altal.ro\/en\/ground-water-46-kw-dc\/","title":{"rendered":"Ground-water heat pump DUAL 90 kW"},"content":{"rendered":"<div id=\"ez-toc-container\" class=\"ez-toc-v2_0_82_2 counter-hierarchy ez-toc-counter ez-toc-grey ez-toc-container-direction\">\n<div class=\"ez-toc-title-container\">\n<p class=\"ez-toc-title\" style=\"cursor:inherit\">Cuprins<\/p>\n<span class=\"ez-toc-title-toggle\"><a href=\"#\" class=\"ez-toc-pull-right ez-toc-btn ez-toc-btn-xs ez-toc-btn-default ez-toc-toggle\" aria-label=\"Toggle Table of Content\"><span class=\"ez-toc-js-icon-con\"><span class=\"\"><span class=\"eztoc-hide\" style=\"display:none;\">Toggle<\/span><span class=\"ez-toc-icon-toggle-span\"><svg style=\"fill: #999;color:#999\" xmlns=\"http:\/\/www.w3.org\/2000\/svg\" class=\"list-377408\" width=\"20px\" height=\"20px\" viewBox=\"0 0 24 24\" fill=\"none\"><path d=\"M6 6H4v2h2V6zm14 0H8v2h12V6zM4 11h2v2H4v-2zm16 0H8v2h12v-2zM4 16h2v2H4v-2zm16 0H8v2h12v-2z\" fill=\"currentColor\"><\/path><\/svg><svg style=\"fill: #999;color:#999\" class=\"arrow-unsorted-368013\" xmlns=\"http:\/\/www.w3.org\/2000\/svg\" width=\"10px\" height=\"10px\" viewBox=\"0 0 24 24\" version=\"1.2\" baseProfile=\"tiny\"><path d=\"M18.2 9.3l-6.2-6.3-6.2 6.3c-.2.2-.3.4-.3.7s.1.5.3.7c.2.2.4.3.7.3h11c.3 0 .5-.1.7-.3.2-.2.3-.5.3-.7s-.1-.5-.3-.7zM5.8 14.7l6.2 6.3 6.2-6.3c.2-.2.3-.5.3-.7s-.1-.5-.3-.7c-.2-.2-.4-.3-.7-.3h-11c-.3 0-.5.1-.7.3-.2.2-.3.5-.3.7s.1.5.3.7z\"\/><\/svg><\/span><\/span><\/span><\/a><\/span><\/div>\n<nav><ul class='ez-toc-list ez-toc-list-level-1 ' ><li class='ez-toc-page-1 ez-toc-heading-level-2'><a class=\"ez-toc-link ez-toc-heading-1\" href=\"https:\/\/altal.ro\/en\/ground-water-46-kw-dc\/#Pompa_de_caldura_sol-apa_DUAL_46_kW_DC\">Pomp\u0103 de c\u0103ldur\u0103 sol-ap\u0103 DUAL 46 kW DC<\/a><ul class='ez-toc-list-level-4' ><li class='ez-toc-heading-level-4'><ul class='ez-toc-list-level-4' ><li class='ez-toc-heading-level-4'><a class=\"ez-toc-link ez-toc-heading-2\" href=\"https:\/\/altal.ro\/en\/ground-water-46-kw-dc\/#%E2%80%94_cea_mai_fiabila_si_ecologica_solutie\">\u2014 cea mai fiabil\u0103 \u0219i ecologic\u0103 solu\u021bie<\/a><\/li><li class='ez-toc-page-1 ez-toc-heading-level-4'><a class=\"ez-toc-link ez-toc-heading-3\" href=\"https:\/\/altal.ro\/en\/ground-water-46-kw-dc\/#Caracteristici_principale_ale_sistemului\">Caracteristici principale ale sistemului:<\/a><\/li><\/ul><\/li><li class='ez-toc-page-1 ez-toc-heading-level-3'><a class=\"ez-toc-link ez-toc-heading-4\" href=\"https:\/\/altal.ro\/en\/ground-water-46-kw-dc\/#Avantajele_pompei_de_caldura_sol-apa_DUAL_46_kW_903_473_kW\">Avantajele pompei de c\u0103ldur\u0103 sol-ap\u0103 DUAL 46 kW (9,03 ~ 47,3 kW):<\/a><ul class='ez-toc-list-level-4' ><li class='ez-toc-heading-level-4'><a class=\"ez-toc-link ez-toc-heading-5\" href=\"https:\/\/altal.ro\/en\/ground-water-46-kw-dc\/#Caracteristici_tehnice\">Caracteristici tehnice<\/a><\/li><li class='ez-toc-page-1 ez-toc-heading-level-4'><a class=\"ez-toc-link ez-toc-heading-6\" href=\"https:\/\/altal.ro\/en\/ground-water-46-kw-dc\/#De_ce_sa_alegeti_TEPLOVY_NASKOUL_GROUND-WATER_DUAL_DC_46_kW\">De ce s\u0103 alege\u021bi TEPLOVY NASKOUL GROUND-WATER DUAL DC 46 kW?<\/a><\/li><li class='ez-toc-page-1 ez-toc-heading-level-4'><a class=\"ez-toc-link ez-toc-heading-7\" href=\"https:\/\/altal.ro\/en\/ground-water-46-kw-dc\/#Contactati-ne_pentru_consultanta\">Contacta\u021bi-ne pentru consultan\u021b\u0103!<\/a><\/li><\/ul><\/li><li class='ez-toc-page-1 ez-toc-heading-level-3'><a class=\"ez-toc-link ez-toc-heading-8\" href=\"https:\/\/altal.ro\/en\/ground-water-46-kw-dc\/#Cum_se_comanda\">Cum se comand\u0103?<\/a><ul class='ez-toc-list-level-5' ><li class='ez-toc-heading-level-5'><ul class='ez-toc-list-level-5' ><li class='ez-toc-heading-level-5'><a class=\"ez-toc-link ez-toc-heading-9\" href=\"https:\/\/altal.ro\/en\/ground-water-46-kw-dc\/#Fabricat_in_Moldova\">Fabricat \u00een Moldova<\/a><\/li><\/ul><\/li><\/ul><\/li><\/ul><\/li><\/ul><\/nav><\/div>\n\n<h2><span class=\"ez-toc-section\" id=\"Pompa_de_caldura_sol-apa_DUAL_46_kW_DC\"><\/span>Pomp\u0103 de c\u0103ldur\u0103 sol-ap\u0103 DUAL 46 kW DC<span class=\"ez-toc-section-end\"><\/span><\/h2>\n<h4><span class=\"ez-toc-section\" id=\"%E2%80%94_cea_mai_fiabila_si_ecologica_solutie\"><\/span>\u2014 cea mai fiabil\u0103 \u0219i ecologic\u0103 solu\u021bie<span class=\"ez-toc-section-end\"><\/span><\/h4>\n<p><a href=\"https:\/\/altal.ro\/ro\/sol-apa-dual-dc\/\" target=\"_blank\" rel=\"noopener\">Pomp\u0103 de c\u0103ldur\u0103 sol-ap\u0103 DUAL 46 kW DC \u00a0<\/a>este creat\u0103 pentru a oferi eficien\u021b\u0103 maxim\u0103 \u0219i flexibilitate \u00een condi\u021bii de sarcin\u0103 crescut\u0103. Datorit\u0103 sistemului cu dou\u0103 module, fiecare modul poate func\u021biona independent, oferind posibilit\u0103\u021bi suplimentare pentru \u00eenc\u0103lzire, r\u0103cire \u0219i ap\u0103 cald\u0103 menajer\u0103 (ACM).<\/p>\n<h4><span class=\"ez-toc-section\" id=\"Caracteristici_principale_ale_sistemului\"><\/span>Caracteristici principale ale sistemului:<span class=\"ez-toc-section-end\"><\/span><\/h4>\n<ol>\n<li><strong>Configura\u021bie cu dou\u0103 module<\/strong>:\n<ul>\n<li>Un modul <strong>9,03 p\u00e2n\u0103 la 23,65 kW<\/strong> realizeaz\u0103 func\u021biile de \u00eenc\u0103lzire, r\u0103cire \u0219i ACM.<\/li>\n<li>Al doilea modul <strong>9,03 p\u00e2n\u0103 la 23,65 kW<\/strong> gestioneaz\u0103 \u00eenc\u0103lzirea \u0219i r\u0103cirea, extinz\u00e2nd capacit\u0103\u021bile sistemului.<\/li>\n<li><a href=\"https:\/\/altal.ro\" target=\"_blank\" rel=\"noopener\">Pomp\u0103 de c\u0103ldur\u0103 sol-ap\u0103 DUAL 46 kW DC<\/a>\u00a0 \u00a0cu dou\u0103 compresoare permite func\u021bionarea simultan\u0103 pentru \u00eenc\u0103lzire \u0219i ACM sau r\u0103cire \u0219i ACM,<\/li>\n<\/ul>\n<\/li>\n<li><strong>Eficien\u021b\u0103 energetic\u0103<\/strong>:\n<ul>\n<li><strong>Compresori inverter<\/strong>: putere reglabil\u0103 de la <strong>9,03 p\u00e2n\u0103 la 23,65 kW<\/strong> pe fiecare modul, permi\u021b\u00e2nd adaptarea lin\u0103 la necesit\u0103\u021bi.<\/li>\n<li><strong>Coeficient de performan\u021b\u0103 energetic\u0103 (COP)<\/strong> p\u00e2n\u0103 la 4,7.<\/li>\n<\/ul>\n<\/li>\n<li><strong>Ecologic<\/strong>:\n<ul>\n<li>Agent frigorific <a href=\"https:\/\/www.ashrae.org\/technical-resources\/ashrae-journal\" target=\"_blank\" rel=\"noopener\"><strong>R1234ze<\/strong><\/a>, sau <strong>R1234yf<\/strong> sigur pentru mediu \u0219i conform standardelor ecologice moderne.<\/li>\n<li>Pomp\u0103 de c\u0103ldur\u0103 sol-ap\u0103 DUAL 46 kW DC care func\u021bioneaz\u0103 pe agent frigorific <a href=\"https:\/\/www.ashrae.org\/technical-resources\/ashrae-journal\" target=\"_blank\" rel=\"noopener\"><strong>R1234ze<\/strong><\/a> permite ob\u021binerea unei temperaturi de ap\u0103 de p\u00e2n\u0103 la +85\u00b0C.<\/li>\n<li>Pomp\u0103 de c\u0103ldur\u0103 sol-ap\u0103 DUAL 46 kW DC care func\u021bioneaz\u0103 pe agent frigorific <a href=\"https:\/\/www.ashrae.org\/technical-resources\/ashrae-journal\" target=\"_blank\" rel=\"noopener\"><strong>R1234yf<\/strong><\/a> permite ob\u021binerea unei temperaturi de ap\u0103 de p\u00e2n\u0103 la +75\u00b0C.<\/li>\n<li>\u00a0<\/li>\n<li>Pentru atingerea temperaturilor ridicate ale apei nu sunt utilizate elemente de \u00eenc\u0103lzire electric\u0103 suplimentare.<\/li>\n<li>Utilizarea energiei geotermale minimizeaz\u0103 amprenta de carbon, permi\u021b\u00e2nd extragerea p\u00e2n\u0103 la 75% din energie din resurse regenerabile.<\/li>\n<\/ul>\n<\/li>\n<li><strong>Flexibilitate \u00een instalare<\/strong>:\n<ul>\n<li>Versiuni compacte ale carcasei pentru montaj u\u0219or \u00een diverse condi\u021bii.<\/li>\n<\/ul>\n<\/li>\n<\/ol>\n<h3><span class=\"ez-toc-section\" id=\"Avantajele_pompei_de_caldura_sol-apa_DUAL_46_kW_903_473_kW\"><\/span>Avantajele pompei de c\u0103ldur\u0103 sol-ap\u0103 DUAL 46 kW (9,03 ~ 47,3 kW):<span class=\"ez-toc-section-end\"><\/span><\/h3>\n<ul>\n<li><strong>\u00cenalt\u0103 fiabilitate<\/strong>: Sistemul cu doi compresori asigur\u0103 durabilitate \u0219i func\u021bionare stabil\u0103.<\/li>\n<li><strong>Gama larg\u0103 de temperaturi<\/strong>: Func\u021bionare eficient\u0103 \u00eentre -50\u00b0C \u0219i +45\u00b0C.<\/li>\n<li><strong>Versatilitate de utilizare<\/strong>: Potrivit\u0103 pentru case private mari, birouri \u0219i obiecte comerciale cu suprafa\u021ba p\u00e2n\u0103 la 700 m\u00b2.<\/li>\n<li><strong>Func\u021bionare silen\u021bioas\u0103<\/strong>: Nivelul de zgomot mai mic de 50 dB face pompa aproape invizibil\u0103.<\/li>\n<li><strong>Versatilitate<\/strong>: Func\u021bionare simultan\u0103 \u00een diferite moduri, cu o gam\u0103 foarte lin\u0103 de ajustare a puterii.<\/li>\n<\/ul>\n<div class=\"flex max-w-full flex-col flex-grow\">\n<div class=\"min-h-8 text-message flex w-full flex-col items-end gap-2 whitespace-normal break-words [.text-message+&amp;]:mt-5\" dir=\"auto\" data-message-author-role=\"assistant\" data-message-id=\"a1c0134e-55c3-4262-8d42-4bb6422634f3\" data-message-model-slug=\"gpt-4o\">\n<div class=\"flex w-full flex-col gap-1 empty:hidden first:pt-[3px]\">\n<div class=\"markdown prose w-full break-words dark:prose-invert light\">\n<div class=\"flex max-w-full flex-col flex-grow\">\n<div class=\"min-h-8 text-message flex w-full flex-col items-end gap-2 whitespace-normal break-words [.text-message+&amp;]:mt-5\" dir=\"auto\" data-message-author-role=\"assistant\" data-message-id=\"525dea71-8c1a-4f11-a3c5-4005d98f61dc\" data-message-model-slug=\"gpt-4o\">\n<div class=\"flex w-full flex-col gap-1 empty:hidden first:pt-[3px]\">\n<div class=\"markdown prose w-full break-words dark:prose-invert light\">\n<h4><span class=\"ez-toc-section\" id=\"Caracteristici_tehnice\"><\/span><strong>Caracteristici tehnice<\/strong><span class=\"ez-toc-section-end\"><\/span><\/h4>\n<table style=\"height: 252px;width: 50.7812%\" border=\"1\">\n<thead>\n<tr style=\"height: 36px\">\n<th style=\"width: 48.5242%;height: 36px\">Pomp\u0103 de c\u0103ldur\u0103 sol-ap\u0103 DUAL 46 kW DC<\/th>\n<th style=\"width: 29.5979%;height: 36px\"><strong>Tehnologie inverter<\/strong><\/th>\n<\/tr>\n<\/thead>\n<tbody>\n<tr style=\"height: 36px\">\n<td style=\"width: 48.5242%;height: 36px\">Putere<\/td>\n<td style=\"width: 29.5979%;height: 36px;text-align: center\"><strong>9,03 ~ 47,3 kW<\/strong><\/td>\n<\/tr>\n<tr style=\"height: 36px\">\n<td style=\"width: 48.5242%;height: 36px\">Coeficient COP<\/td>\n<td style=\"width: 29.5979%;height: 36px;text-align: center\">P\u00e2n\u0103 la 4.65<\/td>\n<\/tr>\n<tr style=\"height: 36px\">\n<td style=\"width: 48.5242%;height: 36px\">Suprafa\u021ba de \u00eenc\u0103lzit<\/td>\n<td style=\"width: 29.5979%;height: 36px;text-align: center\">180 p\u00e2n\u0103 la 700 m\u00b2<\/td>\n<\/tr>\n<tr style=\"height: 36px\">\n<td style=\"width: 48.5242%;height: 36px\">Agent frigorific<\/td>\n<td style=\"width: 29.5979%;height: 36px;text-align: center\">R1234ze \/ R1234yf<\/td>\n<\/tr>\n<tr style=\"height: 36px\">\n<td style=\"width: 48.5242%;height: 36px\">Interval de temperatur\u0103<\/td>\n<td style=\"width: 29.5979%;height: 36px;text-align: center\">De la -50\u00b0C p\u00e2n\u0103 la +45\u00b0C<\/td>\n<\/tr>\n<tr style=\"height: 36px\">\n<td style=\"width: 48.5242%;height: 36px\">Nivel de zgomot<\/td>\n<td style=\"width: 29.5979%;height: 36px;text-align: center\">&lt;50 dB<\/td>\n<\/tr>\n<\/tbody>\n<\/table>\n<h4><span class=\"ez-toc-section\" id=\"De_ce_sa_alegeti_TEPLOVY_NASKOUL_GROUND-WATER_DUAL_DC_46_kW\"><\/span><strong>De ce s\u0103 alege\u021bi TEPLOVY NASKOUL GROUND-WATER DUAL DC 46 kW?<\/strong><span class=\"ez-toc-section-end\"><\/span><\/h4>\n<ul>\n<li><strong><a href=\"https:\/\/www.irena.org\/\" target=\"_blank\" rel=\"noopener\">Eficien\u021b\u0103 energetic\u0103<\/a><\/strong>: Utilizarea resurselor regenerabile reduce considerabil costurile.<\/li>\n<li><strong>Versatilitate:<\/strong> Potrivit pentru case private mari, birouri \u0219i obiecte comerciale cu suprafa\u021ba p\u00e2n\u0103 la 700m\u00b2.<\/li>\n<li><strong>Ecologic\u0103:<\/strong> Impact minim asupra mediului.<\/li>\n<li><strong>Durabilitate<\/strong>: Pompa de c\u0103ldur\u0103 geotermal\u0103 cu doi compresori are cea mai mare fiabilitate.<\/li>\n<\/ul>\n<h4><span class=\"ez-toc-section\" id=\"Contactati-ne_pentru_consultanta\"><\/span><strong>Contacta\u021bi-ne pentru consultan\u021b\u0103!<\/strong><span class=\"ez-toc-section-end\"><\/span><\/h4>\n<p>Investi\u021bi \u00eentr-o solu\u021bie inovatoare pentru casa sau afacerea dvs. Pompa de c\u0103ldur\u0103 geotermal\u0103 DUAL DC 46 kW \u2014 eficien\u021b\u0103 energetic\u0103, confort \u0219i fiabilitate.<\/p><\/div>\n<\/div>\n<\/div>\n<\/div>\n<div class=\"mb-2 flex gap-3 empty:hidden -ml-2\">\n<div class=\"items-center justify-start rounded-xl p-1 flex\">\n<div class=\"flex items-center\">\n<div class=\"flex items-center pb-0\">\u00a0<\/div>\n<\/div>\n<\/div>\n<\/div>\n<\/div>\n<\/div>\n<\/div>\n<\/div>\n<h3><span class=\"ez-toc-section\" id=\"Cum_se_comanda\"><\/span><strong>Cum se comand\u0103?<\/strong><span class=\"ez-toc-section-end\"><\/span><\/h3>\n<p>\ud83d\udcde Contacta\u021bi-ne pentru consultan\u021b\u0103 \u0219i alegerea modelului potrivit! V\u0103 vom ajuta s\u0103 investi\u021bi \u00eentr-o solu\u021bie ecologic\u0103 \u0219i eficient\u0103 energetic pentru casa sau afacerea dvs.<\/p>\n<h5><span class=\"ez-toc-section\" id=\"Fabricat_in_Moldova\"><\/span><span style=\"color: #ff0000\"><strong>Fabricat \u00een Moldova<\/strong><\/span><span class=\"ez-toc-section-end\"><\/span><\/h5>\n<hr \/>\n<p>\u00a0<\/p>\n","protected":false},"excerpt":{"rendered":"<h2><span style=\"color: #993366;\">Model GWHP46DUAL-DC<\/span><\/h2>\n<ul>\n<li>Thermal power: <strong>46 kW<\/strong><strong>.<\/strong><\/li>\n<li>DC inverter compressor: two modules.<\/li>\n<li>Refrigerant R1234ze. R1234yf with zero carbon emissions.<\/li>\n<li>Heating temperature up to +75\u2103 or +85\u2103<\/li>\n<li>Ambient temperature range from -50\u2103 to 43\u2103.<\/li>\n<li>Heating, cooling and hot water all year round.<\/li>\n<li>Energy efficiency level A+++, 4.65 COP.<\/li>\n<li>Purpose: heating, cooling houses from <strong>180 to 700 m\u00b2.<\/strong><\/li>\n<\/ul>\n<h5><span style=\"color: #ff0000;\"><strong>Made in Moldova<\/strong><\/span><\/h5>","protected":false},"featured_media":2056,"comment_status":"open","ping_status":"closed","template":"","meta":{"_acf_changed":false,"_kad_post_transparent":"default","_kad_post_title":"","_kad_post_layout":"default","_kad_post_sidebar_id":"","_kad_post_content_style":"default","_kad_post_vertical_padding":"default","_kad_post_feature":"","_kad_post_feature_position":"","_kad_post_header":false,"_kad_post_footer":false},"product_brand":[198],"product_cat":[239,183],"product_tag":[248,249,203,246,229,460],"class_list":{"0":"post-5078","1":"product","2":"type-product","3":"status-publish","4":"has-post-thumbnail","6":"product_brand-altal","7":"product_cat-sol-apa-dual-dc","8":"product_cat-catalog","9":"product_tag-46-kw","10":"product_tag-700-m2","11":"product_tag-dc","12":"product_tag-dual","13":"product_tag-geotermala","14":"product_tag-sol-apa","15":"product_shipping_class-greutate-mare","16":"pa_agent-frigorific-r1234yf","17":"pa_agent-frigorific-r1234ze","18":"pa_compresor-dc-invertor","19":"pa_putere-termica-kw-26-kw","20":"pa_suprafata-de-incalzire--446","21":"pa_temperatura-apei--60c","22":"pa_temperatura-apei--75c","23":"pa_temperatura-apei--85c","24":"pa_tip-pompa-de-caldura-sol-apa","26":"first","27":"outofstock","28":"featured","29":"taxable","30":"shipping-taxable","31":"purchasable","32":"product-type-simple","33":"entry","34":"content-bg","35":"loop-entry"},"acf":[],"_links":{"self":[{"href":"https:\/\/altal.ro\/en\/wp-json\/wp\/v2\/product\/5078","targetHints":{"allow":["GET"]}}],"collection":[{"href":"https:\/\/altal.ro\/en\/wp-json\/wp\/v2\/product"}],"about":[{"href":"https:\/\/altal.ro\/en\/wp-json\/wp\/v2\/types\/product"}],"replies":[{"embeddable":true,"href":"https:\/\/altal.ro\/en\/wp-json\/wp\/v2\/comments?post=5078"}],"version-history":[{"count":6,"href":"https:\/\/altal.ro\/en\/wp-json\/wp\/v2\/product\/5078\/revisions"}],"predecessor-version":[{"id":7596,"href":"https:\/\/altal.ro\/en\/wp-json\/wp\/v2\/product\/5078\/revisions\/7596"}],"wp:featuredmedia":[{"embeddable":true,"href":"https:\/\/altal.ro\/en\/wp-json\/wp\/v2\/media\/2056"}],"wp:attachment":[{"href":"https:\/\/altal.ro\/en\/wp-json\/wp\/v2\/media?parent=5078"}],"wp:term":[{"taxonomy":"product_brand","embeddable":true,"href":"https:\/\/altal.ro\/en\/wp-json\/wp\/v2\/product_brand?post=5078"},{"taxonomy":"product_cat","embeddable":true,"href":"https:\/\/altal.ro\/en\/wp-json\/wp\/v2\/product_cat?post=5078"},{"taxonomy":"product_tag","embeddable":true,"href":"https:\/\/altal.ro\/en\/wp-json\/wp\/v2\/product_tag?post=5078"}],"curies":[{"name":"wp","href":"https:\/\/api.w.org\/{rel}","templated":true}]}}