{"id":4776,"date":"2025-06-23T10:51:22","date_gmt":"2025-06-23T07:51:22","guid":{"rendered":"https:\/\/altal.ro\/?post_type=product&#038;p=4776"},"modified":"2025-07-23T01:52:41","modified_gmt":"2025-07-22T22:52:41","slug":"ground-water-gwhp26","status":"publish","type":"product","link":"https:\/\/altal.ro\/en\/ground-water-gwhp26\/","title":{"rendered":"Ground-water 26 kW GWHP26"},"content":{"rendered":"<div id=\"ez-toc-container\" class=\"ez-toc-v2_0_82_2 counter-hierarchy ez-toc-counter ez-toc-grey ez-toc-container-direction\">\n<div class=\"ez-toc-title-container\">\n<p class=\"ez-toc-title\" style=\"cursor:inherit\">content<\/p>\n<span class=\"ez-toc-title-toggle\"><a href=\"#\" class=\"ez-toc-pull-right ez-toc-btn ez-toc-btn-xs ez-toc-btn-default ez-toc-toggle\" aria-label=\"Toggle Table of Content\"><span class=\"ez-toc-js-icon-con\"><span class=\"\"><span class=\"eztoc-hide\" style=\"display:none;\">Toggle<\/span><span class=\"ez-toc-icon-toggle-span\"><svg style=\"fill: #999;color:#999\" xmlns=\"http:\/\/www.w3.org\/2000\/svg\" class=\"list-377408\" width=\"20px\" height=\"20px\" viewbox=\"0 0 24 24\" fill=\"none\"><path d=\"M6 6H4v2h2V6zm14 0H8v2h12V6zM4 11h2v2H4v-2zm16 0H8v2h12v-2zM4 16h2v2H4v-2zm16 0H8v2h12v-2z\" fill=\"currentColor\"><\/path><\/svg><svg style=\"fill: #999;color:#999\" class=\"arrow-unsorted-368013\" xmlns=\"http:\/\/www.w3.org\/2000\/svg\" width=\"10px\" height=\"10px\" viewbox=\"0 0 24 24\" version=\"1.2\" baseprofile=\"tiny\"><path d=\"M18.2 9.3l-6.2-6.3-6.2 6.3c-.2.2-.3.4-.3.7s.1.5.3.7c.2.2.4.3.7.3h11c.3 0 .5-.1.7-.3.2-.2.3-.5.3-.7s-.1-.5-.3-.7zM5.8 14.7l6.2 6.3 6.2-6.3c.2-.2.3-.5.3-.7s-.1-.5-.3-.7c-.2-.2-.4-.3-.7-.3h-11c-.3 0-.5.1-.7.3-.2.2-.3.5-.3.7s.1.5.3.7z\"\/><\/svg><\/span><\/span><\/span><\/a><\/span><\/div>\n<nav><ul class='ez-toc-list ez-toc-list-level-1' ><li class='ez-toc-page-1 ez-toc-heading-level-2'><a class=\"ez-toc-link ez-toc-heading-1\" href=\"https:\/\/altal.ro\/en\/ground-water-gwhp26\/#Pompa_de_caldura_sol-apa_26_kW_GWHP26\">Ground-water heat pump 26 kW GWHP26<\/a><ul class='ez-toc-list-level-5' ><li class='ez-toc-heading-level-5'><ul class='ez-toc-list-level-5' ><li class='ez-toc-heading-level-5'><ul class='ez-toc-list-level-5' ><li class='ez-toc-heading-level-5'><a class=\"ez-toc-link ez-toc-heading-2\" href=\"https:\/\/altal.ro\/en\/ground-water-gwhp26\/#%E2%80%94_solutie_universala_pentru_casa_si_afaceri\">\u2014 universal solution for home and business<\/a><\/li><\/ul><\/li><li class='ez-toc-page-1 ez-toc-heading-level-4'><a class=\"ez-toc-link ez-toc-heading-3\" href=\"https:\/\/altal.ro\/en\/ground-water-gwhp26\/#Eficienta_energetica_si_ecologica\">Energy and environmental efficiency<\/a><\/li><li class='ez-toc-page-1 ez-toc-heading-level-4'><a class=\"ez-toc-link ez-toc-heading-4\" href=\"https:\/\/altal.ro\/en\/ground-water-gwhp26\/#Principalele_avantaje\">Main advantages<\/a><\/li><li class='ez-toc-page-1 ez-toc-heading-level-4'><a class=\"ez-toc-link ez-toc-heading-5\" href=\"https:\/\/altal.ro\/en\/ground-water-gwhp26\/#Optiuni_de_carcasa\">Housing options<\/a><\/li><li class='ez-toc-page-1 ez-toc-heading-level-4'><a class=\"ez-toc-link ez-toc-heading-6\" href=\"https:\/\/altal.ro\/en\/ground-water-gwhp26\/#Caracteristici_tehnice\">Technical features<\/a><\/li><li class='ez-toc-page-1 ez-toc-heading-level-4'><a class=\"ez-toc-link ez-toc-heading-7\" href=\"https:\/\/altal.ro\/en\/ground-water-gwhp26\/#De_ce_aleg_oamenii_pompa_de_caldura_sol-apa_26_kW_GWHP26\">Why do people choose the 26 kW GWHP26 ground-to-water heat pump?<\/a><\/li><\/ul><\/li><li class='ez-toc-page-1 ez-toc-heading-level-3'><a class=\"ez-toc-link ez-toc-heading-8\" href=\"https:\/\/altal.ro\/en\/ground-water-gwhp26\/#Cum_se_comanda\">How to order?<\/a><ul class='ez-toc-list-level-4' ><li class='ez-toc-heading-level-4'><a class=\"ez-toc-link ez-toc-heading-9\" href=\"https:\/\/altal.ro\/en\/ground-water-gwhp26\/#Produs_in_Moldova\">Made in Moldova<\/a><\/li><\/ul><\/li><\/ul><\/li><\/ul><\/nav><\/div>\n\n<h2><span class=\"ez-toc-section\" id=\"Pompa_de_caldura_sol-apa_26_kW_GWHP26\"><\/span>Ground-water heat pump 26 kW GWHP26<span class=\"ez-toc-section-end\"><\/span><\/h2>\n<h5><span class=\"ez-toc-section\" id=\"%E2%80%94_solutie_universala_pentru_casa_si_afaceri\"><\/span>\u2014 universal solution for home and business<span class=\"ez-toc-section-end\"><\/span><\/h5>\n<h4><span class=\"ez-toc-section\" id=\"Eficienta_energetica_si_ecologica\"><\/span><strong>Energy and environmental efficiency<\/strong><span class=\"ez-toc-section-end\"><\/span><\/h4>\n<p><a href=\"https:\/\/altal.ro\/en\/ground-water-altal\/\" target=\"_blank\" rel=\"noopener\">Ground-water heat pump 26 kW GWHP26<\/a> ofer\u0103 cea mai mare eficien\u021b\u0103 pentru \u00eenc\u0103lzire, r\u0103cire \u0219i ap\u0103 cald\u0103 menajer\u0103. Pomp\u0103 de c\u0103ldur\u0103 sol-ap\u0103 26 kW GWHP26 utiliz\u00e2nd energia din sol, permite reducerea cheltuielilor cu energia p\u00e2n\u0103 la 70%, fiind una dintre cele mai rentabile solu\u021bii. Pomp\u0103 de c\u0103ldur\u0103 sol-ap\u0103 26 kW GWHP26 func\u021bioneaz\u0103 stabil, indiferent de temperatura mediului exterior \u0219i este potrivit\u0103 pentru obiecte cu suprafa\u021ba \u00eentre <strong>150 and 420 m\u00b2<\/strong>, ensuring comfort throughout the year.<\/p>\n<hr \/>\n<h4><span class=\"ez-toc-section\" id=\"Principalele_avantaje\"><\/span><strong>Main advantages<\/strong><span class=\"ez-toc-section-end\"><\/span><\/h4>\n<p><strong>1. Maximum efficiency:<\/strong><\/p>\n<ul>\n<li>Coefficient of performance (COP) up to <strong>4.65<\/strong>, contributing to significant savings.<\/li>\n<li>Resistant to extreme temperatures from <strong>-50\u00b0C<\/strong><strong>\u00a0up to +45\u00b0C<\/strong>, which makes the system reliable in any climatic conditions.<\/li>\n<\/ul>\n<p><strong>2. Flexibility and adaptability:<\/strong><\/p>\n<ul>\n<li><strong>Fixed power:<\/strong> Stable operation with 26 kW performance, ideal for ease of use.<\/li>\n<\/ul>\n<p><strong>3. Environmental safety:<\/strong><\/p>\n<ul>\n<li>Refrigerant <a href=\"https:\/\/www.ashrae.org\/technical-resources\/ashrae-journal\" target=\"_blank\" rel=\"noopener\"><strong>R1234ze<\/strong><\/a> with minimal impact on the environment.<\/li>\n<li><a href=\"https:\/\/www.geothermal.org\/\" target=\"_blank\" rel=\"noopener\">Geothermal energy<\/a> reduces the carbon footprint, promoting environmental sustainability.<\/li>\n<\/ul>\n<hr \/>\n<h4><span class=\"ez-toc-section\" id=\"Optiuni_de_carcasa\"><\/span><strong>Housing options<\/strong><span class=\"ez-toc-section-end\"><\/span><\/h4>\n<ul>\n<li><strong>Compact version:<\/strong> ideal for installation in confined spaces.<\/li>\n<li><strong>Standard housing:<\/strong> facilitates assembly and maintenance, maintaining high performance.<\/li>\n<\/ul>\n<hr \/>\n<h4><span class=\"ez-toc-section\" id=\"Caracteristici_tehnice\"><\/span><strong>Technical features<\/strong><span class=\"ez-toc-section-end\"><\/span><\/h4>\n<table style=\"height: 252px;width: 53.7531%\" border=\"1\">\n<thead>\n<tr style=\"height: 36px\">\n<th style=\"width: 7.1066%;height: 36px\">Ground-water heat pump 26 kW GWHP26<\/th>\n<th style=\"width: 5.62913%;height: 36px\"><strong>Fixed power<\/strong><\/th>\n<\/tr>\n<\/thead>\n<tbody>\n<tr style=\"height: 36px\">\n<td style=\"width: 7.1066%;height: 36px\">Power<\/td>\n<td style=\"width: 5.62913%;height: 36px;text-align: center\">26 kW<\/td>\n<\/tr>\n<tr style=\"height: 36px\">\n<td style=\"width: 7.1066%;height: 36px\">COP coefficient<\/td>\n<td style=\"width: 5.62913%;height: 36px;text-align: center\">Up to 4.53<\/td>\n<\/tr>\n<tr style=\"height: 36px\">\n<td style=\"width: 7.1066%;height: 36px\">Heating surface<\/td>\n<td style=\"width: 5.62913%;height: 36px;text-align: center\">Up to 420 m\u00b2<\/td>\n<\/tr>\n<tr style=\"height: 36px\">\n<td style=\"width: 7.1066%;height: 36px\">Refrigerant<\/td>\n<td style=\"width: 5.62913%;height: 36px;text-align: center\">R1234yf<\/td>\n<\/tr>\n<tr style=\"height: 36px\">\n<td style=\"width: 7.1066%;height: 36px\">Temperature range<\/td>\n<td style=\"width: 5.62913%;height: 36px;text-align: center\">From the <strong>-50\u00b0C\u00a0<\/strong> up to +45\u00b0C<\/td>\n<\/tr>\n<tr style=\"height: 36px\">\n<td style=\"width: 7.1066%;height: 36px\">Noise level<\/td>\n<td style=\"width: 5.62913%;height: 36px;text-align: center\">&lt;50 dB<\/td>\n<\/tr>\n<\/tbody>\n<\/table>\n<hr \/>\n<h4><span class=\"ez-toc-section\" id=\"De_ce_aleg_oamenii_pompa_de_caldura_sol-apa_26_kW_GWHP26\"><\/span><strong>Why do people choose the 26 kW GWHP26 ground-to-water heat pump?<\/strong><span class=\"ez-toc-section-end\"><\/span><\/h4>\n<ul>\n<li><strong><a href=\"https:\/\/www.irena.org\/\" target=\"_blank\" rel=\"noopener\">Energy efficiency<\/a>:<\/strong> It uses renewable resources for significant savings in heating and cooling.<\/li>\n<li><strong>Ecological:<\/strong> Reduces environmental impact thanks to eco-friendly refrigerants and geothermal energy.<\/li>\n<li><strong>Durability:<\/strong> The two-compressor heat pump is very reliable and has a lifespan of over 20 years.<\/li>\n<li><strong>Versatility:<\/strong> Suitable for private homes, commercial buildings and offices, ensuring comfort all year round.<\/li>\n<\/ul>\n<hr \/>\n<h3><span class=\"ez-toc-section\" id=\"Cum_se_comanda\"><\/span>How to order?<span class=\"ez-toc-section-end\"><\/span><\/h3>\n<p>\ud83d\udcde Contact us for advice and to choose the right model! We will help you invest in an environmentally friendly and energy-efficient solution for your home or business.<\/p>\n<h4><span class=\"ez-toc-section\" id=\"Produs_in_Moldova\"><\/span><span style=\"color: #800080\">Made in Moldova<\/span><span class=\"ez-toc-section-end\"><\/span><\/h4>\n<hr \/>\n<p>\u00a0<\/p>","protected":false},"excerpt":{"rendered":"<ul style=\"list-style-type: circle;\">\n<li>Thermal power: <strong>26 kW<\/strong><\/li>\n<li>Fixed speed compressor.<\/li>\n<li>Recommended temperature from source: from <strong>+5\u00b0C <\/strong>\u00a0the <strong>+30 \u2103<\/strong><\/li>\n<li>Ambient temperature range from <strong>-50\u00b0C <\/strong>\u00a043 \u2103.<\/li>\n<li>Heating, cooling and hot water all year round.<\/li>\n<li>Energy efficiency level A+++, 4.65 COP.<\/li>\n<li>Purpose: heating, cooling homes <strong>from 150 to 420 m\u00b2<\/strong>.<\/li>\n<\/ul>\n<p><strong>The heat pump can be custom-made in the following configurations:<\/strong><\/p>\n<ol>\n<li>Refrigerant R1234yf with flow temperature of <strong><span style=\"color: #ff0000;\">+75 \u2103.<\/span><\/strong><\/li>\n<li>Refrigerant R1234ze with flow temperature of <strong><span style=\"color: #ff0000;\">+85 \u2103<\/span><\/strong>.<\/li>\n<li>Refrigerant R407 with flow temperature of\u00a0<strong><span style=\"color: #ff0000;\">+60 \u2103<\/span><\/strong>.<\/li>\n<\/ol>\n<p><span style=\"color: #0000ff;\"><strong>Contact us before purchase for clarification.<\/strong><\/span><\/p>\n<h3><span style=\"color: #ff0000;\">Made in Moldova<\/span><\/h3>","protected":false},"featured_media":2014,"comment_status":"open","ping_status":"closed","template":"","meta":{"_acf_changed":false,"_kad_post_transparent":"default","_kad_post_title":"","_kad_post_layout":"default","_kad_post_sidebar_id":"","_kad_post_content_style":"default","_kad_post_vertical_padding":"default","_kad_post_feature":"","_kad_post_feature_position":"","_kad_post_header":false,"_kad_post_footer":false},"product_brand":[198],"product_cat":[183,227],"product_tag":[236,237,229,460],"class_list":{"0":"post-4776","1":"product","2":"type-product","3":"status-publish","4":"has-post-thumbnail","6":"product_brand-altal","7":"product_cat-catalog","8":"product_cat-sol-apa-fix","9":"product_tag-26-kw","10":"product_tag-420-m2","11":"product_tag-geotermala","12":"product_tag-sol-apa","13":"pa_compresor-viteza-fixa","14":"pa_putere-termica-kw-26-kw","15":"pa_suprafata-de-incalzire--482","16":"pa_temperatura-apei--60c","17":"pa_temperatura-apei--75c","18":"pa_temperatura-apei--85c","19":"pa_tip-pompa-de-caldura-sol-apa","21":"first","22":"instock","23":"sale","24":"featured","25":"taxable","26":"shipping-taxable","27":"purchasable","28":"product-type-simple","29":"entry","30":"content-bg","31":"loop-entry"},"acf":[],"_links":{"self":[{"href":"https:\/\/altal.ro\/en\/wp-json\/wp\/v2\/product\/4776","targetHints":{"allow":["GET"]}}],"collection":[{"href":"https:\/\/altal.ro\/en\/wp-json\/wp\/v2\/product"}],"about":[{"href":"https:\/\/altal.ro\/en\/wp-json\/wp\/v2\/types\/product"}],"replies":[{"embeddable":true,"href":"https:\/\/altal.ro\/en\/wp-json\/wp\/v2\/comments?post=4776"}],"version-history":[{"count":3,"href":"https:\/\/altal.ro\/en\/wp-json\/wp\/v2\/product\/4776\/revisions"}],"predecessor-version":[{"id":7599,"href":"https:\/\/altal.ro\/en\/wp-json\/wp\/v2\/product\/4776\/revisions\/7599"}],"wp:featuredmedia":[{"embeddable":true,"href":"https:\/\/altal.ro\/en\/wp-json\/wp\/v2\/media\/2014"}],"wp:attachment":[{"href":"https:\/\/altal.ro\/en\/wp-json\/wp\/v2\/media?parent=4776"}],"wp:term":[{"taxonomy":"product_brand","embeddable":true,"href":"https:\/\/altal.ro\/en\/wp-json\/wp\/v2\/product_brand?post=4776"},{"taxonomy":"product_cat","embeddable":true,"href":"https:\/\/altal.ro\/en\/wp-json\/wp\/v2\/product_cat?post=4776"},{"taxonomy":"product_tag","embeddable":true,"href":"https:\/\/altal.ro\/en\/wp-json\/wp\/v2\/product_tag?post=4776"}],"curies":[{"name":"wp","href":"https:\/\/api.w.org\/{rel}","templated":true}]}}