{"id":3066,"date":"2025-06-16T00:29:22","date_gmt":"2025-06-16T00:29:22","guid":{"rendered":"https:\/\/altal.ro\/?post_type=product&#038;p=3066"},"modified":"2025-07-23T01:55:00","modified_gmt":"2025-07-22T22:55:00","slug":"air-water-100-kw-split-evi","status":"publish","type":"product","link":"https:\/\/altal.ro\/en\/air-water-100-kw-split-evi\/","title":{"rendered":"Air-to-water heat pump 100 kW SPLIT EVI"},"content":{"rendered":"<div id=\"ez-toc-container\" class=\"ez-toc-v2_0_82_2 counter-hierarchy ez-toc-counter ez-toc-grey ez-toc-container-direction\">\n<div class=\"ez-toc-title-container\">\n<p class=\"ez-toc-title\" style=\"cursor:inherit\">content<\/p>\n<span class=\"ez-toc-title-toggle\"><a href=\"#\" class=\"ez-toc-pull-right ez-toc-btn ez-toc-btn-xs ez-toc-btn-default ez-toc-toggle\" aria-label=\"Toggle Table of Content\"><span class=\"ez-toc-js-icon-con\"><span class=\"\"><span class=\"eztoc-hide\" style=\"display:none;\">Toggle<\/span><span class=\"ez-toc-icon-toggle-span\"><svg style=\"fill: #999;color:#999\" xmlns=\"http:\/\/www.w3.org\/2000\/svg\" class=\"list-377408\" width=\"20px\" height=\"20px\" viewbox=\"0 0 24 24\" fill=\"none\"><path d=\"M6 6H4v2h2V6zm14 0H8v2h12V6zM4 11h2v2H4v-2zm16 0H8v2h12v-2zM4 16h2v2H4v-2zm16 0H8v2h12v-2z\" fill=\"currentColor\"><\/path><\/svg><svg style=\"fill: #999;color:#999\" class=\"arrow-unsorted-368013\" xmlns=\"http:\/\/www.w3.org\/2000\/svg\" width=\"10px\" height=\"10px\" viewbox=\"0 0 24 24\" version=\"1.2\" baseprofile=\"tiny\"><path d=\"M18.2 9.3l-6.2-6.3-6.2 6.3c-.2.2-.3.4-.3.7s.1.5.3.7c.2.2.4.3.7.3h11c.3 0 .5-.1.7-.3.2-.2.3-.5.3-.7s-.1-.5-.3-.7zM5.8 14.7l6.2 6.3 6.2-6.3c.2-.2.3-.5.3-.7s-.1-.5-.3-.7c-.2-.2-.4-.3-.7-.3h-11c-.3 0-.5.1-.7.3-.2.2-.3.5-.3.7s.1.5.3.7z\"\/><\/svg><\/span><\/span><\/span><\/a><\/span><\/div>\n<nav><ul class='ez-toc-list ez-toc-list-level-1' ><li class='ez-toc-page-1 ez-toc-heading-level-2'><a class=\"ez-toc-link ez-toc-heading-1\" href=\"https:\/\/altal.ro\/en\/air-water-100-kw-split-evi\/#Pompa_de_caldura_aer-apa_100_kW_SPLIT_EVI_Solutie_eficienta_energetic\">Air-to-water heat pump 100 kW SPLIT EVI | Energy efficient solution<\/a><ul class='ez-toc-list-level-3' ><li class='ez-toc-heading-level-3'><a class=\"ez-toc-link ez-toc-heading-2\" href=\"https:\/\/altal.ro\/en\/air-water-100-kw-split-evi\/#Avantajele_pompei_de_caldura_AWHP100SFSE\">Advantages of the AWHP100SFSE heat pump<\/a><\/li><li class='ez-toc-page-1 ez-toc-heading-level-3'><a class=\"ez-toc-link ez-toc-heading-3\" href=\"https:\/\/altal.ro\/en\/air-water-100-kw-split-evi\/#Specificatii_tehnice\">Technical specifications<\/a><ul class='ez-toc-list-level-4' ><li class='ez-toc-heading-level-4'><a class=\"ez-toc-link ez-toc-heading-4\" href=\"https:\/\/altal.ro\/en\/air-water-100-kw-split-evi\/#Functii_principale\">Main functions<\/a><\/li><\/ul><\/li><\/ul><\/li><li class='ez-toc-page-1 ez-toc-heading-level-2'><a class=\"ez-toc-link ez-toc-heading-5\" href=\"https:\/\/altal.ro\/en\/air-water-100-kw-split-evi\/#De_ce_sa_alegeti_Pompa_de_caldura_aer-apa_100_kW_SPLIT_EVI_AWHP100SFSE\">Why choose Air-to-water heat pump 100 kW SPLIT EVI AWHP100SFSE?<\/a><ul class='ez-toc-list-level-4' ><li class='ez-toc-heading-level-4'><ul class='ez-toc-list-level-4' ><li class='ez-toc-heading-level-4'><a class=\"ez-toc-link ez-toc-heading-6\" href=\"https:\/\/altal.ro\/en\/air-water-100-kw-split-evi\/#Investitii_in_confort_si_ecologie\">Investments in comfort and ecology<\/a><\/li><li class='ez-toc-page-1 ez-toc-heading-level-4'><a class=\"ez-toc-link ez-toc-heading-7\" href=\"https:\/\/altal.ro\/en\/air-water-100-kw-split-evi\/#Concluzie\">Conclusion<\/a><\/li><li class='ez-toc-page-1 ez-toc-heading-level-4'><a class=\"ez-toc-link ez-toc-heading-8\" href=\"https:\/\/altal.ro\/en\/air-water-100-kw-split-evi\/#Intrebari_frecvente\">Frequently asked questions<\/a><\/li><li class='ez-toc-page-1 ez-toc-heading-level-4'><a class=\"ez-toc-link ez-toc-heading-9\" href=\"https:\/\/altal.ro\/en\/air-water-100-kw-split-evi\/#Care_este_temperatura_maxima_de_functionare\">What is the maximum operating temperature?<\/a><\/li><\/ul><\/li><li class='ez-toc-page-1 ez-toc-heading-level-3'><a class=\"ez-toc-link ez-toc-heading-10\" href=\"https:\/\/altal.ro\/en\/air-water-100-kw-split-evi\/#Produs_in_Republica_Moldova\">Made in the Republic of Moldova.<\/a><\/li><\/ul><\/li><\/ul><\/nav><\/div>\n\n<h2><span class=\"ez-toc-section\" id=\"Pompa_de_caldura_aer-apa_100_kW_SPLIT_EVI_Solutie_eficienta_energetic\"><\/span><span style=\"font-size: 24pt\"><strong>Air-to-water heat pump 100 kW SPLIT EVI | Energy efficient solution<\/strong><\/span><span class=\"ez-toc-section-end\"><\/span><\/h2>\n<p><strong>Innovative solution for heating, cooling and hot water supply<\/strong> <a href=\"https:\/\/altalheat.com\/ru\/katalog\/teplovye-nasosy\/vozduh-voda\/\" target=\"_blank\" rel=\"noopener\"><strong>Air-to-water heat pump 100 kW SPLIT EVI <\/strong><\/a><a href=\"https:\/\/altalheat.com\/ru\/katalog\/teplovye-nasosy\/vozduh-voda\/\" target=\"_blank\" rel=\"noopener\">, <\/a>model <strong>AWHP100SFSE<\/strong>, with thermal power of <strong>100 kW<\/strong>, with technology <a href=\"https:\/\/altalheat.com\/product\/teplovoj-nasos-vozduh-voda-100-kvt-split-evi\/\" target=\"_blank\" rel=\"noopener\"><strong>HOME<\/strong><\/a> <a href=\"https:\/\/altalheat.com\/product\/teplovoj-nasos-vozduh-voda-100-kvt-split-evi\/\" target=\"_blank\" rel=\"noopener\">(steam injection)<\/a>, este o solu\u021bie modern\u0103 pentru \u00eenc\u0103lzire, r\u0103cire \u0219i furnizare de ap\u0103 cald\u0103. Acest dispozitiv este ideal pentru instala\u021bii mari, inclusiv cl\u0103diri comerciale, blocuri de apartamente \u0219i spa\u021bii industriale. Sunt disponibile modele cu o putere fix\u0103 de <strong>100 kW \u2013 1800 kW<\/strong>, ensuring optimal energy consumption. <strong>What is Enhanced Vapor Injection (EVI) technology?<\/strong> Injec\u021bia \u00eembun\u0103t\u0103\u021bit\u0103 de vapori (EVI) este o metod\u0103 de cre\u0219tere a diferen\u021bei de temperatur\u0103\/presiune de satura\u021bie dintre evaporator \u0219i condensator utiliz\u00e2nd un economizator \u0219i o supap\u0103 de expansiune secundar\u0103. Aceast\u0103 tehnologie permite cre\u0219terea temperaturii de ie\u0219ire a agentului de r\u0103cire \u00een modul de \u00eenc\u0103lzire (aer sau ap\u0103). Reducerea temperaturii de satura\u021bie \u00een evaporator (unitatea exterioar\u0103 \u00een modul de \u00eenc\u0103lzire) face posibil\u0103 absorb\u021bia unei cantit\u0103\u021bi mai mari de c\u0103ldur\u0103 din aerul din jur chiar \u0219i la temperaturi climatice sc\u0103zute. \u00cenc\u0103lzirea agentului frigorific la starea de supra\u00eenc\u0103lzire \u00eenainte de injectarea acestuia \u00een compresor cre\u0219te presiunea \u0219i temperatura la ie\u0219irea compresorului, ceea ce, la r\u00e2ndul s\u0103u, cre\u0219te temperatura agentului de r\u0103cire la ie\u0219irea condensatorului. <strong>Careful!<\/strong> No heat pump can operate at <strong>-25\u00b0C<\/strong> without steam injection function (<strong>HOME<\/strong>)! Be careful and do not believe the advertisements! Ask for tables or graphs with the performance of the heat pump and make the right choice, taking into account the specifics of its application! This information also applies to MONOBLOC type heat pumps. Monoblocs are mainly intended for heating a swimming pool or rooms, being used in tandem with other heat sources.<\/p>\n<h3><span class=\"ez-toc-section\" id=\"Avantajele_pompei_de_caldura_AWHP100SFSE\"><\/span><strong>Advantages of the AWHP100SFSE heat pump<\/strong><span class=\"ez-toc-section-end\"><\/span><\/h3>\n<p><strong>fickle<\/strong><\/p>\n<ul>\n<li><strong>Split system:<\/strong> Flexible installation with external and internal units, ideal for difficult conditions.<\/li>\n<\/ul>\n<p><strong>High energy efficiency (A+++)<\/strong><\/p>\n<ul>\n<li><strong>SPLIT EVI 100 kW air-to-water heat pump<\/strong> provides a performance coefficient <strong>COP &gt; 4,3<\/strong>, allowing efficient operation even at low temperatures.<\/li>\n<\/ul>\n<p><strong>Operation at extreme temperatures<\/strong> EVI technology ensures stable performance even at ambient temperatures up to <strong>-30\u00b0C<\/strong>This makes the 100 kW SPLIT EVI air-to-water heat pump the ideal choice for cold regions. The special feature of this heat pump is the ability to reach outlet (flow) temperatures of up to <strong>+75 \u2026 +80\u00b0C<\/strong>. <strong>Ecological and sustainable<\/strong><\/p>\n<ul>\n<li><strong>Refrigerant R1234ze\u0441\/R513\u0410<\/strong>: Environmentally friendly, with zero ozone depletion potential and minimal environmental impact.<\/li>\n<li><strong>Up to 75% of energy<\/strong> comes from the air, reducing its carbon footprint.<\/li>\n<li><strong>Lifespan of up to 20 years<\/strong>: FULL SPLIT models additionally protect the main components from environmental influences, extending their lifespan.<\/li>\n<\/ul>\n<p><strong>Ease of control<\/strong> Air-to-water heat pump <strong>100kW AWHP100SFSE<\/strong> It is compatible with modern smart home systems. Integration with mobile applications allows you to control the device remotely.<\/p>\n<h3><span class=\"ez-toc-section\" id=\"Specificatii_tehnice\"><\/span><strong>Technical specifications<\/strong><span class=\"ez-toc-section-end\"><\/span><\/h3>\n<table style=\"height: 332px;width: 36.5027%\" border=\"1\">\n<thead>\n<tr style=\"height: 36px\">\n<td style=\"width: 31.405%;height: 36px\"><strong>Parameter<\/strong><\/td>\n<td style=\"width: 30.4005%;height: 36px\">\u00a0<\/td>\n<\/tr>\n<\/thead>\n<tbody>\n<tr style=\"height: 36px\">\n<td style=\"width: 31.405%;height: 36px\"><strong>Power<\/strong><\/td>\n<td style=\"width: 30.4005%;height: 36px;text-align: center\"><strong>100 kW<\/strong><\/td>\n<\/tr>\n<tr style=\"height: 36px\">\n<td style=\"width: 31.405%;height: 36px\"><strong>Heating area<\/strong><\/td>\n<td style=\"width: 30.4005%;height: 36px;text-align: center\">650\u20131100 m\u00b2<\/td>\n<\/tr>\n<tr style=\"height: 36px\">\n<td style=\"width: 31.405%;height: 36px\"><strong>Operating range<\/strong><\/td>\n<td style=\"width: 30.4005%;height: 36px;text-align: center\">From -25\u00b0C to +45\u00b0C<\/td>\n<\/tr>\n<tr style=\"height: 36px\">\n<td style=\"width: 31.405%;height: 36px\"><strong>Coolant<\/strong><\/td>\n<td style=\"width: 30.4005%;height: 36px;text-align: center\"><strong>R1234zes\/R513A<\/strong><\/td>\n<\/tr>\n<tr style=\"height: 36px\">\n<td style=\"width: 31.405%;height: 36px\"><strong>COP coefficient<\/strong><\/td>\n<td style=\"width: 30.4005%;height: 36px;text-align: center\">&gt;4,6<\/td>\n<\/tr>\n<tr style=\"height: 36px\">\n<td style=\"width: 31.405%;height: 36px\"><strong>Noise level<\/strong><\/td>\n<td style=\"width: 30.4005%;height: 36px;text-align: center\"><strong>52 dB<\/strong><\/td>\n<\/tr>\n<tr style=\"height: 36px\">\n<td style=\"width: 31.405%;height: 36px\"><strong>Lifespan<\/strong><\/td>\n<td style=\"width: 30.4005%;height: 36px;text-align: center\">Up to 20 years<\/td>\n<\/tr>\n<\/tbody>\n<\/table>\n<h4><span class=\"ez-toc-section\" id=\"Functii_principale\"><\/span><strong>Main functions<\/strong><span class=\"ez-toc-section-end\"><\/span><\/h4>\n<ul>\n<li><strong>Heating:<\/strong> Efficient heating even in difficult winter conditions.<\/li>\n<li><strong>Cooling:<\/strong> Maintaining a comfortable temperature during the summer.<\/li>\n<li><strong>Hot water supply:<\/strong> Economical water heating for domestic needs.<\/li>\n<\/ul>\n<h2><span class=\"ez-toc-section\" id=\"De_ce_sa_alegeti_Pompa_de_caldura_aer-apa_100_kW_SPLIT_EVI_AWHP100SFSE\"><\/span><strong>Why choose Air-to-water heat pump 100 kW SPLIT EVI AWHP100SFSE?<\/strong><span class=\"ez-toc-section-end\"><\/span><\/h2>\n<ol>\n<li><strong>Energy efficiency:<\/strong> The high efficiency factor and inverter technology help reduce energy costs.<\/li>\n<li><strong>Reliability:<\/strong> It operates in difficult climatic conditions without loss of productivity.<\/li>\n<li><strong>Ecological:<\/strong> It uses safe refrigerant and has a minimal carbon footprint.<\/li>\n<li><strong>Installation flexibility:<\/strong> Choose between <strong>monobloc<\/strong>, system <strong>split<\/strong> and design <strong>FULL SPLIT<\/strong>.<\/li>\n<li><strong>Durability:<\/strong> Invest in a device that will last a long time.<\/li>\n<\/ol>\n<h4><span class=\"ez-toc-section\" id=\"Investitii_in_confort_si_ecologie\"><\/span><strong>Investments in comfort and ecology<\/strong><span class=\"ez-toc-section-end\"><\/span><\/h4>\n<p><strong>Air-to-water heat pump 100 kW SPLIT EVI<\/strong> is not just a heating or cooling device, but a step towards an energy-efficient future. Using renewable energy, the heat pump reduces energy costs and carbon footprint. The possibility of using it for heating, cooling buildings, as well as <strong>for the production of hot technological water up to +85\u00b0C<\/strong>. Ideal for industrial production facilities in tandem with solar electric panels to achieve zero costs.<\/p>\n<h4><span class=\"ez-toc-section\" id=\"Concluzie\"><\/span><strong>Conclusion<\/strong><span class=\"ez-toc-section-end\"><\/span><\/h4>\n<p><strong>Air-to-water heat pump 100 kW SPLIT EVI<\/strong>, the model <strong>AWHP100SFSE<\/strong>, combines advanced technology, reliability and respect for the environment. It is an ideal solution for heating, cooling and hot water supply in any climatic conditions. Opt for an energy-efficient device. <strong>Air-to-water heat pump 100 kW SPLIT EVI<\/strong> will serve you for many years, providing you with comfort and savings. Enjoy the advantages of <strong>AWHP100SFSE<\/strong> and contribute to a greener future!<\/p>\n<h4><span class=\"ez-toc-section\" id=\"Intrebari_frecvente\"><\/span><strong>Frequently asked questions<\/strong><span class=\"ez-toc-section-end\"><\/span><\/h4>\n<p><strong>Can the pump be used at -25\u00b0C?<\/strong> Yes, this model with EVI technology is designed to operate down to -25\u00b0C.<\/p>\n<h4><span class=\"ez-toc-section\" id=\"Care_este_temperatura_maxima_de_functionare\"><\/span><strong>What is the maximum operating temperature?<\/strong><span class=\"ez-toc-section-end\"><\/span><\/h4>\n<p>Up to +85\u00b0C thanks to a two-stage compressor and injection cooling. <a href=\"https:\/\/altalheat.com\/ru\/product\/teplovoj-nasos-vozduh-voda-84-kvt\/\" target=\"_blank\" rel=\"noopener\">See also: Air-to-water heat pump 84 kW.<\/a><\/p>\n<h3><span class=\"ez-toc-section\" id=\"Produs_in_Republica_Moldova\"><\/span><span style=\"color: #ff0000\"><strong>Made in the Republic of Moldova.<\/strong><\/span><span class=\"ez-toc-section-end\"><\/span><\/h3>","protected":false},"excerpt":{"rendered":"<h3><span style=\"color: #993366;\"><strong>Model AWHP100SFSE<\/strong><\/span><\/h3>\n<p><strong>Model SPLIT<\/strong> \u2014 with split modules and function <strong>HOME<\/strong>. Heating and cooling of surfaces up to <strong>1100 m\u00b2<\/strong>. Ensures water heating up to <strong><span style=\"color: #ff0000;\">+80\u00b0C \u2026 +85\u00b0C<\/span><\/strong> with refrigerant <span style=\"color: #008000;\"><strong>R1234ze(E)<\/strong><\/span> and up to <strong><span style=\"color: #ff0000;\">+60\u00b0C \u2026 +70\u00b0C<\/span><\/strong> with refrigerant <span style=\"color: #008000;\"><strong>R513A<\/strong><\/span>, operates at temperatures from <strong><span style=\"color: #ff0000;\">-25\u00b0C to +43\u00b0C<\/span><\/strong>.Fixed speed compressor.<\/p>\n<p><span style=\"color: #ff0000;\"><strong>MADE IN MOLDOVA.<\/strong><\/span><\/p>","protected":false},"featured_media":1716,"comment_status":"open","ping_status":"closed","template":"","meta":{"_acf_changed":false,"_kad_post_transparent":"default","_kad_post_title":"","_kad_post_layout":"default","_kad_post_sidebar_id":"","_kad_post_content_style":"default","_kad_post_vertical_padding":"default","_kad_post_feature":"","_kad_post_feature_position":"","_kad_post_header":false,"_kad_post_footer":false},"product_brand":[198],"product_cat":[440],"product_tag":[186,187,188,189,190],"class_list":{"0":"post-3066","1":"product","2":"type-product","3":"status-publish","4":"has-post-thumbnail","6":"product_brand-altal","7":"product_cat-aer-apa-evi-split-dc","8":"product_tag-85c","9":"product_tag-aer-apa","10":"product_tag-chisinau","11":"product_tag-moldova","12":"product_tag-pompa-de-caldura","13":"pa_agent-frigorific-r1234ze","14":"pa_agent-frigorific-r513","15":"pa_compresor-viteza-fixa","16":"pa_injectie-cu-vapori-evi-injectie-cu-vapori","17":"pa_suprafata-de-incalzire--196","18":"pa_temperatura-apei--85c","19":"pa_tip-pompa-de-caldura-aer-apa","21":"first","22":"instock","23":"featured","24":"taxable","25":"shipping-taxable","26":"purchasable","27":"product-type-simple","28":"entry","29":"content-bg","30":"loop-entry"},"acf":[],"_links":{"self":[{"href":"https:\/\/altal.ro\/en\/wp-json\/wp\/v2\/product\/3066","targetHints":{"allow":["GET"]}}],"collection":[{"href":"https:\/\/altal.ro\/en\/wp-json\/wp\/v2\/product"}],"about":[{"href":"https:\/\/altal.ro\/en\/wp-json\/wp\/v2\/types\/product"}],"replies":[{"embeddable":true,"href":"https:\/\/altal.ro\/en\/wp-json\/wp\/v2\/comments?post=3066"}],"version-history":[{"count":8,"href":"https:\/\/altal.ro\/en\/wp-json\/wp\/v2\/product\/3066\/revisions"}],"predecessor-version":[{"id":7615,"href":"https:\/\/altal.ro\/en\/wp-json\/wp\/v2\/product\/3066\/revisions\/7615"}],"wp:featuredmedia":[{"embeddable":true,"href":"https:\/\/altal.ro\/en\/wp-json\/wp\/v2\/media\/1716"}],"wp:attachment":[{"href":"https:\/\/altal.ro\/en\/wp-json\/wp\/v2\/media?parent=3066"}],"wp:term":[{"taxonomy":"product_brand","embeddable":true,"href":"https:\/\/altal.ro\/en\/wp-json\/wp\/v2\/product_brand?post=3066"},{"taxonomy":"product_cat","embeddable":true,"href":"https:\/\/altal.ro\/en\/wp-json\/wp\/v2\/product_cat?post=3066"},{"taxonomy":"product_tag","embeddable":true,"href":"https:\/\/altal.ro\/en\/wp-json\/wp\/v2\/product_tag?post=3066"}],"curies":[{"name":"wp","href":"https:\/\/api.w.org\/{rel}","templated":true}]}}