{"id":3045,"date":"2025-06-16T00:29:21","date_gmt":"2025-06-16T00:29:21","guid":{"rendered":"https:\/\/altal.ro\/?post_type=product&#038;p=3045"},"modified":"2025-07-23T01:59:31","modified_gmt":"2025-07-22T22:59:31","slug":"air-water-12-kw-dc-monobloc-380v","status":"publish","type":"product","link":"https:\/\/altal.ro\/en\/air-water-12-kw-dc-monobloc-380v\/","title":{"rendered":"Air-to-water heat pump 10 kW DC Monobloc"},"content":{"rendered":"<p><span style=\"font-size: 12pt\"><div id=\"ez-toc-container\" class=\"ez-toc-v2_0_82_2 counter-hierarchy ez-toc-counter ez-toc-grey ez-toc-container-direction\">\n<div class=\"ez-toc-title-container\">\n<p class=\"ez-toc-title\" style=\"cursor:inherit\">content<\/p>\n<span class=\"ez-toc-title-toggle\"><a href=\"#\" class=\"ez-toc-pull-right ez-toc-btn ez-toc-btn-xs ez-toc-btn-default ez-toc-toggle\" aria-label=\"Toggle Table of Content\"><span class=\"ez-toc-js-icon-con\"><span class=\"\"><span class=\"eztoc-hide\" style=\"display:none;\">Toggle<\/span><span class=\"ez-toc-icon-toggle-span\"><svg style=\"fill: #999;color:#999\" xmlns=\"http:\/\/www.w3.org\/2000\/svg\" class=\"list-377408\" width=\"20px\" height=\"20px\" viewbox=\"0 0 24 24\" fill=\"none\"><path d=\"M6 6H4v2h2V6zm14 0H8v2h12V6zM4 11h2v2H4v-2zm16 0H8v2h12v-2zM4 16h2v2H4v-2zm16 0H8v2h12v-2z\" fill=\"currentColor\"><\/path><\/svg><svg style=\"fill: #999;color:#999\" class=\"arrow-unsorted-368013\" xmlns=\"http:\/\/www.w3.org\/2000\/svg\" width=\"10px\" height=\"10px\" viewbox=\"0 0 24 24\" version=\"1.2\" baseprofile=\"tiny\"><path d=\"M18.2 9.3l-6.2-6.3-6.2 6.3c-.2.2-.3.4-.3.7s.1.5.3.7c.2.2.4.3.7.3h11c.3 0 .5-.1.7-.3.2-.2.3-.5.3-.7s-.1-.5-.3-.7zM5.8 14.7l6.2 6.3 6.2-6.3c.2-.2.3-.5.3-.7s-.1-.5-.3-.7c-.2-.2-.4-.3-.7-.3h-11c-.3 0-.5.1-.7.3-.2.2-.3.5-.3.7s.1.5.3.7z\"\/><\/svg><\/span><\/span><\/span><\/a><\/span><\/div>\n<nav><ul class='ez-toc-list ez-toc-list-level-1' ><li class='ez-toc-page-1 ez-toc-heading-level-2'><a class=\"ez-toc-link ez-toc-heading-1\" href=\"https:\/\/altal.ro\/en\/air-water-12-kw-dc-monobloc-380v\/#Pompa_de_caldura_aer-apa_10_kW_DC_Monobloc\">Air-to-water heat pump 10 kW DC Monobloc<\/a><ul class='ez-toc-list-level-3' ><li class='ez-toc-heading-level-3'><a class=\"ez-toc-link ez-toc-heading-2\" href=\"https:\/\/altal.ro\/en\/air-water-12-kw-dc-monobloc-380v\/#Caracteristici_ale_modelului_aer-apa_10_kW_AWHP10ME3\">Features of the 10 kW AWHP10ME3 air-water model<\/a><ul class='ez-toc-list-level-4' ><li class='ez-toc-heading-level-4'><a class=\"ez-toc-link ez-toc-heading-3\" href=\"https:\/\/altal.ro\/en\/air-water-12-kw-dc-monobloc-380v\/#Performanta_ridicata\">High performance<\/a><\/li><li class='ez-toc-page-1 ez-toc-heading-level-4'><a class=\"ez-toc-link ez-toc-heading-4\" href=\"https:\/\/altal.ro\/en\/air-water-12-kw-dc-monobloc-380v\/#Eficienta_energetica\">Energy efficiency<\/a><\/li><li class='ez-toc-page-1 ez-toc-heading-level-4'><a class=\"ez-toc-link ez-toc-heading-5\" href=\"https:\/\/altal.ro\/en\/air-water-12-kw-dc-monobloc-380v\/#Rezistenta_la_temperaturi_scazute\">Resistance to low temperatures<\/a><\/li><li class='ez-toc-page-1 ez-toc-heading-level-4'><a class=\"ez-toc-link ez-toc-heading-6\" href=\"https:\/\/altal.ro\/en\/air-water-12-kw-dc-monobloc-380v\/#Automatizare_si_control\">Automation and control<\/a><\/li><li class='ez-toc-page-1 ez-toc-heading-level-4'><a class=\"ez-toc-link ez-toc-heading-7\" href=\"https:\/\/altal.ro\/en\/air-water-12-kw-dc-monobloc-380v\/#Versatilitate_in_utilizare\">Versatility in use<\/a><\/li><\/ul><\/li><li class='ez-toc-page-1 ez-toc-heading-level-3'><a class=\"ez-toc-link ez-toc-heading-8\" href=\"https:\/\/altal.ro\/en\/air-water-12-kw-dc-monobloc-380v\/#Avantajele_pompei_de_caldura\">Advantages of the heat pump<\/a><ul class='ez-toc-list-level-4' ><li class='ez-toc-heading-level-4'><a class=\"ez-toc-link ez-toc-heading-9\" href=\"https:\/\/altal.ro\/en\/air-water-12-kw-dc-monobloc-380v\/#Ecologic\">Ecological<\/a><\/li><li class='ez-toc-page-1 ez-toc-heading-level-4'><a class=\"ez-toc-link ez-toc-heading-10\" href=\"https:\/\/altal.ro\/en\/air-water-12-kw-dc-monobloc-380v\/#Costuri_mici_de_operare\">Low operating costs<\/a><\/li><li class='ez-toc-page-1 ez-toc-heading-level-4'><a class=\"ez-toc-link ez-toc-heading-11\" href=\"https:\/\/altal.ro\/en\/air-water-12-kw-dc-monobloc-380v\/#Durabilitate_si_fiabilitate\">Durability and reliability<\/a><\/li><li class='ez-toc-page-1 ez-toc-heading-level-4'><a class=\"ez-toc-link ez-toc-heading-12\" href=\"https:\/\/altal.ro\/en\/air-water-12-kw-dc-monobloc-380v\/#Usurinta_in_instalare\">Ease of installation<\/a><\/li><\/ul><\/li><li class='ez-toc-page-1 ez-toc-heading-level-3'><a class=\"ez-toc-link ez-toc-heading-13\" href=\"https:\/\/altal.ro\/en\/air-water-12-kw-dc-monobloc-380v\/#Utilizare\">Use<\/a><\/li><li class='ez-toc-page-1 ez-toc-heading-level-3'><a class=\"ez-toc-link ez-toc-heading-14\" href=\"https:\/\/altal.ro\/en\/air-water-12-kw-dc-monobloc-380v\/#Independenta_de_combustibil\">Fuel independence<\/a><\/li><li class='ez-toc-page-1 ez-toc-heading-level-3'><a class=\"ez-toc-link ez-toc-heading-15\" href=\"https:\/\/altal.ro\/en\/air-water-12-kw-dc-monobloc-380v\/#Suport_pentru_functionare_stabila_in_conditii_de_ger\">Support for stable operation in freezing conditions<\/a><\/li><li class='ez-toc-page-1 ez-toc-heading-level-3'><a class=\"ez-toc-link ez-toc-heading-16\" href=\"https:\/\/altal.ro\/en\/air-water-12-kw-dc-monobloc-380v\/#Comparativ_cu_alte_sisteme\">Compared to other systems<\/a><\/li><li class='ez-toc-page-1 ez-toc-heading-level-3'><a class=\"ez-toc-link ez-toc-heading-17\" href=\"https:\/\/altal.ro\/en\/air-water-12-kw-dc-monobloc-380v\/#Concluzie\">Conclusion<\/a><\/li><\/ul><\/li><li class='ez-toc-page-1 ez-toc-heading-level-2'><a class=\"ez-toc-link ez-toc-heading-18\" href=\"https:\/\/altal.ro\/en\/air-water-12-kw-dc-monobloc-380v\/#De_ce_sa_alegeti_pompa_de_caldura_aer-apa_10_kW_DC_Monobloc\">De ce s\u0103 alege\u021bi pompa de c\u0103ldur\u0103 aer-ap\u0103 10 kW DC Monobloc?<\/a><ul class='ez-toc-list-level-4' ><li class='ez-toc-heading-level-4'><ul class='ez-toc-list-level-4' ><li class='ez-toc-heading-level-4'><a class=\"ez-toc-link ez-toc-heading-19\" href=\"https:\/\/altal.ro\/en\/air-water-12-kw-dc-monobloc-380v\/#Intrebari_frecvente\">Frequently asked questions<\/a><\/li><\/ul><\/li><li class='ez-toc-page-1 ez-toc-heading-level-3'><a class=\"ez-toc-link ez-toc-heading-20\" href=\"https:\/\/altal.ro\/en\/air-water-12-kw-dc-monobloc-380v\/#Pompa_de_caldura_aer-apa_10_kW_DC_Monobloc-2\">Air-to-water heat pump 10 kW DC Monobloc<\/a><\/li><\/ul><\/li><\/ul><\/nav><\/div>\n<\/span><\/p>\n<h2><span class=\"ez-toc-section\" id=\"Pompa_de_caldura_aer-apa_10_kW_DC_Monobloc\"><\/span><span style=\"font-size: 18pt\">Air-to-water heat pump 10 kW DC Monobloc<\/span><span class=\"ez-toc-section-end\"><\/span><\/h2>\n<p><a href=\"https:\/\/altal.ro\/en\/air-water-mini\/\">Air-to-water heat pump 10 kW DC Monobloc, <\/a>\u00a0<strong><span style=\"color: #008080\">4,5~11,4<\/span><span style=\"color: #008000\"> kW AWHP10ME3<\/span><\/strong> \u2014 is a modern and reliable solution for heating and cooling spaces. <em>First of all<\/em>, uses the heat from the ambient air, which allows for a significant reduction in heating costs. <em>Also<\/em>, this system demonstrates high efficiency even at low outdoor temperatures, being suitable for various climatic conditions.<\/p>\n<ul style=\"list-style-type: disc\">\n<li><span style=\"color: #333399\"><strong>Power supply at 380 V, 50 Hz, DC inverter, monoblock.<\/strong><\/span><\/li>\n<li><span style=\"color: #333399\"><strong>Possibility to connect up to 8 units in series. Large screen, 5 or 7 inches.<\/strong><\/span><\/li>\n<li><span style=\"color: #333399\"><strong>Use in the heating system as a secondary heat source. Functions: cooling, hot water preparation, antibacterial protection, timers, zone control.<\/strong><\/span><\/li>\n<li><span style=\"color: #333399\"><strong>Compresor invertor HIGHLY (Hitachi) sau GMCC (Toshiba).<\/strong><\/span><\/li>\n<li><strong><span style=\"color: #ff0000\">The heat pump operates without auxiliary electrical resistance. All thermal power is produced exclusively by the heat pump compressor.<\/span><\/strong><\/li>\n<\/ul>\n<hr \/>\n<h3><span class=\"ez-toc-section\" id=\"Caracteristici_ale_modelului_aer-apa_10_kW_AWHP10ME3\"><\/span><strong>Features of the 10 kW AWHP10ME3 air-water model<\/strong><span class=\"ez-toc-section-end\"><\/span><\/h3>\n<h4><span class=\"ez-toc-section\" id=\"Performanta_ridicata\"><\/span><strong>High performance<\/strong><span class=\"ez-toc-section-end\"><\/span><\/h4>\n<p><a href=\"http:\/\/altalheat.com\/product-category\/teplovye-nasosy\/vozduh-voda\/\" target=\"_blank\" rel=\"noopener\"><strong>Air-to-water heat pump 10 kW DC Monobloc, 4.5~11.4 kW AWHP10ME3<\/strong><\/a> can heat and cool spaces with a surface area of <strong>35 to 120 m\u00b2<\/strong>. <em>Thus<\/em>, is ideal for private homes, small offices or swimming pools. <em>Also<\/em>, modelul asigur\u0103 un ambient cald iarna \u0219i r\u0103coros vara, fiind o solu\u021bie versatil\u0103. Cu ajutorul panourilor solare fotovoltaice, se poate ob\u021bine un sistem cu costuri zero pentru \u00eenc\u0103lzire, r\u0103cire \u0219i preparare ap\u0103 cald\u0103.<\/p>\n<h4><span class=\"ez-toc-section\" id=\"Eficienta_energetica\"><\/span><strong>Energy efficiency<\/strong><span class=\"ez-toc-section-end\"><\/span><\/h4>\n<p>The models\u00a0<a href=\"https:\/\/altal.ro\/en\/air-water-eco\/\">air-water 10 kW DC Monobloc<\/a> \u00a0<strong>AWHP10ME3<\/strong> have a high coefficient of performance (COP), which often exceeds the value &gt; 4 when using refrigerant <strong>R290<\/strong>. <em>In other words<\/em>, each kilowatt consumed is converted into several kilowatts of heat. <em>Therefore<\/em>, the use of such a device considerably reduces operating costs.<\/p>\n<h4><span class=\"ez-toc-section\" id=\"Rezistenta_la_temperaturi_scazute\"><\/span><strong>Resistance to low temperatures<\/strong><span class=\"ez-toc-section-end\"><\/span><\/h4>\n<p>Heat pumps in this category can operate at temperatures down to -25\u00b0C. <em>Thanks to this fact<\/em>, ensures stable operation even in the harshest winter conditions.<\/p>\n<h4><span class=\"ez-toc-section\" id=\"Automatizare_si_control\"><\/span><strong>Automation and control<\/strong><span class=\"ez-toc-section-end\"><\/span><\/h4>\n<p><em>In addition<\/em>, many models <a href=\"https:\/\/altal.ro\/en\/air-water-mini\/\">air-water 10 kW DC Monobloc<\/a>\u00a0can be integrated into smart home systems. <em>Thus<\/em>, the user can control the device via mobile applications or special controllers.<\/p>\n<h4><span class=\"ez-toc-section\" id=\"Versatilitate_in_utilizare\"><\/span><strong>Versatility in use<\/strong><span class=\"ez-toc-section-end\"><\/span><\/h4>\n<p><a href=\"https:\/\/altal.ro\/en\/air-water-eco\/\"><strong>Air-to-water heat pump 10 kW DC Monobloc,<\/strong><\/a><strong>\u00a0 4<\/strong><strong>,5~11.4 kW AWHP10ME3<\/strong> It is suitable not only for heating, but also for cooling. <em>Also<\/em>, can be used to heat water, maintaining a comfortable temperature in the bathroom or kitchen.<\/p>\n<hr \/>\n<h3><span class=\"ez-toc-section\" id=\"Avantajele_pompei_de_caldura\"><\/span><strong>Advantages of the heat pump<\/strong><span class=\"ez-toc-section-end\"><\/span><\/h3>\n<h4><span class=\"ez-toc-section\" id=\"Ecologic\"><\/span><strong>Ecological<\/strong><span class=\"ez-toc-section-end\"><\/span><\/h4>\n<p>Air-to-water heat pump 10 kW DC Monobloc, <strong>4.5~11.4 kW AWHP10ME3<\/strong> does not emit carbon dioxide into the atmosphere, <em>therefore<\/em> is an ecological solution. <em>Also<\/em>, contributes to reducing the carbon footprint, being a responsible option.<\/p>\n<h4><span class=\"ez-toc-section\" id=\"Costuri_mici_de_operare\"><\/span><strong>Low operating costs<\/strong><span class=\"ez-toc-section-end\"><\/span><\/h4>\n<p>Spre deosebire de cazanele tradi\u021bionale, pompa de c\u0103ldur\u0103 aer-ap\u0103 10 kW DC Monobloc <strong>4,5~11,4 kW<\/strong> uses up to 75% of the free energy in the air. <em>Thus<\/em>, operating costs are much lower, reducing expenses for gas or electricity.<\/p>\n<h4><span class=\"ez-toc-section\" id=\"Durabilitate_si_fiabilitate\"><\/span><strong>Durability and reliability<\/strong><span class=\"ez-toc-section-end\"><\/span><\/h4>\n<p><em>More<\/em>, the lifespan of the heat pump can exceed 15-20 years with proper maintenance. <em>Therefore<\/em>, is a long-term investment that brings significant savings.<\/p>\n<h4><span class=\"ez-toc-section\" id=\"Usurinta_in_instalare\"><\/span><strong>Ease of installation<\/strong><span class=\"ez-toc-section-end\"><\/span><\/h4>\n<p>Air-to-water systems require less installation costs compared to soil-to-water models. <em>That&#039;s why<\/em>, are more affordable for most consumers. However, the factor of decreased performance and efficiency at low outdoor temperatures must be taken into account (see graphs).<\/p>\n<hr \/>\n<h3><span class=\"ez-toc-section\" id=\"Utilizare\"><\/span><strong>Use<\/strong><span class=\"ez-toc-section-end\"><\/span><\/h3>\n<ul>\n<li><strong>Heating<\/strong>: The pump can maintain a comfortable temperature even in extremely cold conditions.<\/li>\n<li><strong>Hot water installation<\/strong>: The device can be connected to the domestic hot water system, eliminating the need for electric boilers.<\/li>\n<li><strong>Cooling<\/strong>:\u00a0<em>Also<\/em>In summer, the pump operates for cooling, ensuring comfort in the hot season.<\/li>\n<\/ul>\n<h3><span class=\"ez-toc-section\" id=\"Independenta_de_combustibil\"><\/span><strong>Fuel independence<\/strong><span class=\"ez-toc-section-end\"><\/span><\/h3>\n<ul>\n<li>The system does not depend on gas, wood or coal supplies, making it an ideal solution for remote or energy-isolated areas.<\/li>\n<\/ul>\n<h3><span class=\"ez-toc-section\" id=\"Suport_pentru_functionare_stabila_in_conditii_de_ger\"><\/span><strong>Support for stable operation in freezing conditions<\/strong><span class=\"ez-toc-section-end\"><\/span><\/h3>\n<ul>\n<li>Modern models can operate efficiently even at temperatures down to -25\u00b0C.<\/li>\n<\/ul>\n<h3><span class=\"ez-toc-section\" id=\"Comparativ_cu_alte_sisteme\"><\/span>Compared to other systems<span class=\"ez-toc-section-end\"><\/span><\/h3>\n<table style=\"width: 51.1942%\" border=\"1\">\n<thead>\n<tr>\n<th style=\"width: 23.7552%\">Characteristic<\/th>\n<th style=\"width: 25.8091%\">Air-to-water heat pump<\/th>\n<th style=\"width: 23.5374%\">Gas boilers<\/th>\n<th style=\"width: 34.7545%\">Electric boilers<\/th>\n<\/tr>\n<\/thead>\n<tbody>\n<tr>\n<td style=\"width: 23.7552%\">Renewable energy<\/td>\n<td style=\"width: 25.8091%\">\u2705<\/td>\n<td style=\"width: 23.5374%\">\u274c<\/td>\n<td style=\"width: 34.7545%\">\u274c<\/td>\n<\/tr>\n<tr>\n<td style=\"width: 23.7552%\">Fuel costs<\/td>\n<td style=\"width: 25.8091%\">\u274c<\/td>\n<td style=\"width: 23.5374%\">\u2705<\/td>\n<td style=\"width: 34.7545%\">\u2705<\/td>\n<\/tr>\n<tr>\n<td style=\"width: 23.7552%\">Energy efficiency<\/td>\n<td style=\"width: 25.8091%\">\u2705<\/td>\n<td style=\"width: 23.5374%\">Average<\/td>\n<td style=\"width: 34.7545%\">Low<\/td>\n<\/tr>\n<tr>\n<td style=\"width: 23.7552%\">Ecology<\/td>\n<td style=\"width: 25.8091%\">\u2705<\/td>\n<td style=\"width: 23.5374%\">\u274c<\/td>\n<td style=\"width: 34.7545%\">Average<\/td>\n<\/tr>\n<\/tbody>\n<\/table>\n<hr \/>\n<h3><span class=\"ez-toc-section\" id=\"Concluzie\"><\/span>Conclusion<span class=\"ez-toc-section-end\"><\/span><\/h3>\n<p>The air-to-water heat pump is a modern and economical alternative to traditional heating systems. Its efficiency, environmental friendliness and versatility make it an excellent choice for creating a comfortable microclimate.<\/p>\n<h2><span class=\"ez-toc-section\" id=\"De_ce_sa_alegeti_pompa_de_caldura_aer-apa_10_kW_DC_Monobloc\"><\/span>De ce s\u0103 alege\u021bi pompa de c\u0103ldur\u0103 aer-ap\u0103 10 kW DC Monobloc?<span class=\"ez-toc-section-end\"><\/span><\/h2>\n<ul>\n<li>Versatility: Monoblock versions are suitable for any conditions.<\/li>\n<li>Energy efficiency: Significant savings on heating and cooling costs.<\/li>\n<li>Ecological: Environmentally safe thanks to refrigerant <strong>R290<\/strong>.<\/li>\n<li>Reliability: The device operates in the harshest climatic conditions.<\/li>\n<\/ul>\n<p>We offer a full range of heat pump services to ensure your comfort all year round:<\/p>\n<ul>\n<li><span style=\"color: #ff0000\"><strong>Contacts<\/strong>: We are heat pump manufacturers. We produce. You get equipment directly from the factory.<\/span><\/li>\n<li>Sale: Wide range of heat pumps made by us in Moldova and Romania. We help you choose the perfect solution for your needs.<\/li>\n<li>Installation: Professional installation, adapted to the particularities of your home or business.<\/li>\n<li>Maintenance services: Regular maintenance and quick support for long and stable operation of the equipment.<\/li>\n<li>Warranty: During the warranty period, you can benefit from free diagnosis and repairs.<\/li>\n<\/ul>\n<h4><span class=\"ez-toc-section\" id=\"Intrebari_frecvente\"><\/span><strong>Frequently asked questions<\/strong><span class=\"ez-toc-section-end\"><\/span><\/h4>\n<ul>\n<li><em>Is the pump suitable for a private home?<\/em> \u2014 Yes, the model <strong>AWHP10ME3<\/strong> is intended for surfaces from <strong>35 to 120 m\u00b2<\/strong>.<\/li>\n<li><em>Can the pump be used in winter?<\/em> \u2014 Yes, it works stably at temperatures of <strong>up to -25\u00b0C<\/strong>.<\/li>\n<\/ul>\n<hr \/>\n<h3><span class=\"ez-toc-section\" id=\"Pompa_de_caldura_aer-apa_10_kW_DC_Monobloc-2\"><\/span>Air-to-water heat pump 10 kW DC Monobloc<span class=\"ez-toc-section-end\"><\/span><\/h3>\n<p>\u2014 este o solu\u021bie eficient\u0103 \u0219i versatil\u0103 pentru \u00eenc\u0103lzirea, r\u0103cirea \u0219i ap\u0103 cald\u0103 menajer\u0103 \u00een locuin\u021be moderne sau afaceri. Av\u00e2nd \u00een vedere cre\u0219terea pre\u021burilor la energie, astfel de sisteme devin din ce \u00een ce mai populare. Potrivit <a href=\"https:\/\/www.irena.org\/\" target=\"_new\" rel=\"noopener\">International Renewable Energy Agency (IRENA)<\/a>, heat pumps are some of the most efficient heating methods. <strong>Sistemul de pompe de c\u0103ldur\u0103 aer-ap\u0103 10 kW DC Monobloc se poate cump\u0103ra direct de la produc\u0103tor \u00een Moldova.<\/strong> <span style=\"color: #ff0000\"><strong>Made in Moldova.<\/strong><\/span><\/p>","protected":false},"excerpt":{"rendered":"<h2><span style=\"color: #993366;\"><strong>Model AWHP10ME3.<\/strong><\/span><\/h2>\n<p>Air-to-water heat pump, monobloc, thermal power <strong><span style=\"color: #0000ff;\">10 kW<\/span><\/strong>. Refrigerant <strong>R290\/R513\/R1234.<\/strong> For heating and cooling spaces from <strong>35 to 120 m\u00b2.<\/strong> Hot water preparation function. Works up to <strong><span style=\"color: #ff0000;\">-25\u00b0C<\/span><\/strong>. Water temperature up to <strong><span style=\"color: #ff0000;\">+75\u00b0C<\/span><\/strong>. Supply voltage 380 V, 50 Hz. <span style=\"color: #ff0000;\"><strong>The heat pump operates without auxiliary electrical resistance. All thermal power is produced exclusively by the heat pump compressor.<\/strong><\/span><\/p>\n<p><span style=\"color: #ff0000;\"><strong>MADE IN MOLDOVA.<\/strong><\/span><\/p>","protected":false},"featured_media":3783,"comment_status":"open","ping_status":"closed","template":"","meta":{"_acf_changed":false,"_kad_post_transparent":"default","_kad_post_title":"","_kad_post_layout":"default","_kad_post_sidebar_id":"","_kad_post_content_style":"default","_kad_post_vertical_padding":"default","_kad_post_feature":"","_kad_post_feature_position":"","_kad_post_header":false,"_kad_post_footer":false},"product_brand":[198],"product_cat":[333],"product_tag":[330,337,205,206,207,334],"class_list":{"0":"post-3045","1":"product","2":"type-product","3":"status-publish","4":"has-post-thumbnail","6":"product_brand-altal","7":"product_cat-aer-apa-eco","8":"product_tag-10-kw","9":"product_tag-380-volti","10":"product_tag-in-chisinau","11":"product_tag-in-moldova","12":"product_tag-pompa-de-caldura-aer-apa","13":"product_tag-pompa-de-caldura-monobloc","15":"first","16":"instock","17":"featured","18":"purchasable","19":"product-type-simple","20":"entry","21":"content-bg","22":"loop-entry"},"acf":[],"_links":{"self":[{"href":"https:\/\/altal.ro\/en\/wp-json\/wp\/v2\/product\/3045","targetHints":{"allow":["GET"]}}],"collection":[{"href":"https:\/\/altal.ro\/en\/wp-json\/wp\/v2\/product"}],"about":[{"href":"https:\/\/altal.ro\/en\/wp-json\/wp\/v2\/types\/product"}],"replies":[{"embeddable":true,"href":"https:\/\/altal.ro\/en\/wp-json\/wp\/v2\/comments?post=3045"}],"version-history":[{"count":8,"href":"https:\/\/altal.ro\/en\/wp-json\/wp\/v2\/product\/3045\/revisions"}],"predecessor-version":[{"id":7640,"href":"https:\/\/altal.ro\/en\/wp-json\/wp\/v2\/product\/3045\/revisions\/7640"}],"wp:featuredmedia":[{"embeddable":true,"href":"https:\/\/altal.ro\/en\/wp-json\/wp\/v2\/media\/3783"}],"wp:attachment":[{"href":"https:\/\/altal.ro\/en\/wp-json\/wp\/v2\/media?parent=3045"}],"wp:term":[{"taxonomy":"product_brand","embeddable":true,"href":"https:\/\/altal.ro\/en\/wp-json\/wp\/v2\/product_brand?post=3045"},{"taxonomy":"product_cat","embeddable":true,"href":"https:\/\/altal.ro\/en\/wp-json\/wp\/v2\/product_cat?post=3045"},{"taxonomy":"product_tag","embeddable":true,"href":"https:\/\/altal.ro\/en\/wp-json\/wp\/v2\/product_tag?post=3045"}],"curies":[{"name":"wp","href":"https:\/\/api.w.org\/{rel}","templated":true}]}}